{"id":86,"date":"2019-01-23T13:24:06","date_gmt":"2019-01-23T13:24:06","guid":{"rendered":"http:\/\/www.potatoturnkey.com\/product\/aluminum-plant\/"},"modified":"2026-02-09T10:26:39","modified_gmt":"2026-02-09T02:26:39","slug":"potato-chips-drying-machine","status":"publish","type":"product","link":"https:\/\/www.potatoturnkey.com\/es\/product\/potato-chips-drying-machine\/","title":{"rendered":"M\u00e1quina secadora y deshidratadora de patatas fritas personalizable en venta"},"content":{"rendered":"<p>La m\u00e1quina secadora de papas fritas seca principalmente las papas en rodajas en el secador. El principio de funcionamiento de esta m\u00e1quina es secar y deshidratar la humedad de las papas fritas. Las patatas fritas secas pueden conservar la nutrici\u00f3n original de las patatas, que es conveniente para el almacenamiento y el transporte.<\/p>\n<h2><strong><b>W<\/b><\/strong><strong><b>orking <\/b><\/strong><strong><b>P<\/b><\/strong><strong><b>rincipio<\/b><\/strong><strong><b>\u00a0De <\/b><\/strong><strong><b>P<\/b><\/strong><strong><b>otato <\/b><\/strong><strong><b>C<\/b><\/strong><strong><b>caderas <\/b><\/strong><strong><b>D<\/b><\/strong><strong><b>rying <\/b><\/strong><strong><b>M<\/b><\/strong><strong><b>achine<\/b><\/strong><\/h2>\n<p>El host de la bomba de calor se utiliza como un importante sistema de suministro de fuente de calor para la sala de secado. Una cantidad muy peque\u00f1a de energ\u00eda el\u00e9ctrica hace funcionar el compresor de la bomba de calor, y el condensador libera calor. Bajo la acci\u00f3n del sistema de ventilador de circulaci\u00f3n, el calor calienta continuamente las patatas fritas en la sala de secado, y el calor absorbido del aire se sopla uniformemente a todas las partes de la sala de secado para lograr el secado completo y total de las patatas fritas. Las patatas fritas secas son limpias e higi\u00e9nicas.<\/p>\n<p><img loading=\"lazy\" decoding=\"async\" class=\"alignnone size-full wp-image-2099\" src=\"https:\/\/www.potatoturnkey.com\/wp-content\/uploads\/2019\/01\/26.5.jpg\" alt=\"m\u00e1quina deshidratadora comercial de patatas fritas\" width=\"800\" height=\"500\" srcset=\"https:\/\/www.potatoturnkey.com\/wp-content\/uploads\/2019\/01\/26.5.jpg 800w, https:\/\/www.potatoturnkey.com\/wp-content\/uploads\/2019\/01\/26.5-300x188.jpg 300w, https:\/\/www.potatoturnkey.com\/wp-content\/uploads\/2019\/01\/26.5-768x480.jpg 768w, https:\/\/www.potatoturnkey.com\/wp-content\/uploads\/2019\/01\/26.5-600x375.jpg 600w\" sizes=\"auto, (max-width: 800px) 100vw, 800px\" \/><\/p>\n<h3><strong><b>D<\/b><\/strong><strong><b>rying <\/b><\/strong><strong><b>P<\/b><\/strong><strong><b>roceso<\/b><\/strong><strong><b>\u00a0De patatas fritas <\/b><\/strong><\/h3>\n<ol>\n<li>Elige una patata. Elige patatas de alta calidad que est\u00e9n intactas, no podridas, y l\u00e1valas y p\u00e9lalas.<\/li>\n<li>Rodajas de patata. Utilice una cortadora de patatas comercial para cortar las patatas en rodajas finas de 3,5-5 mm.<\/li>\n<li>Escaldar. Escaldar en agua a 85-95 grados durante 1-2 minutos para proteger el color y esterilizar. Dejar enfriar y secar al aire despu\u00e9s del escaldado.<\/li>\n<li>Secar las patatas fritas. Coloque las patatas fritas en bandejas individualmente e introd\u00fazcalas en la m\u00e1quina deshidratadora de patatas fritas. Ajuste la temperatura y el tiempo, y el contenido de agua de las patatas fritas debe ser inferior a 10%.<\/li>\n<\/ol>\n<h3><strong><b>Ventajas <\/b><\/strong><strong><b>O<\/b><\/strong><strong><b>f <\/b><\/strong><strong><b>P<\/b><\/strong><strong><b>otato <\/b><\/strong><strong><b>C<\/b><\/strong><strong><b>caderas <\/b><\/strong><strong><b>D<\/b><\/strong><strong><b>rying <\/b><\/strong><strong><b>M<\/b><\/strong><strong><b>achine<\/b><\/strong><\/h3>\n<ol>\n<li>Buen efecto de secado: Las patatas fritas secas tienen buena calidad y color.<\/li>\n<li>Producci\u00f3n eficiente: El panel de control inteligente se utiliza para el control, que tiene una alta eficiencia.<\/li>\n<li>Ahorro de costes: ahorra consumo de energ\u00eda y espacio, reduce el trabajo manual.<\/li>\n<li>Seguridad y salud: seguridad y salud, protecci\u00f3n del medio ambiente, sin contaminaci\u00f3n, sin emisi\u00f3n de gases de escape.<\/li>\n<li>Una m\u00e1quina para m\u00faltiples prop\u00f3sitos: Esta m\u00e1quina deshidratadora de papas fritas puede ajustar el tiempo de secado y la temperatura de acuerdo a diferentes materiales y es adecuada para una variedad de productos de frutas y verduras, mariscos, etc.<\/li>\n<li>Soporta personalizaci\u00f3n: El secador puede ser personalizado de acuerdo con el tama\u00f1o de salida del cliente. Las l\u00edneas de producci\u00f3n de secado de papas fritas pueden ser seleccionadas de acuerdo a la demanda.<\/li>\n<\/ol>\n<p><iframe loading=\"lazy\" title=\"Reproductor de v\u00eddeo YouTube\" src=\"https:\/\/www.youtube.com\/embed\/enD4RygZUa4\" width=\"850\" height=\"475.5\" frameborder=\"0\" allowfullscreen=\"allowfullscreen\"><span data-mce-type=\"bookmark\" style=\"display: inline-block; width: 0px; overflow: hidden; line-height: 0;\" class=\"mce_SELRES_start\">El pr\u00f3ximo fin de semana se abrir\u00e1 la nueva tienda de comestibles.<\/span><\/iframe><\/p>\n<p>El precio de la m\u00e1quina secadora de papas fritas es razonable. Si desea conocer m\u00e1s detalles acerca de esta m\u00e1quina secadora de papas fritas u obtener una cotizaci\u00f3n, por favor d\u00e9jenos un mensaje, nosotros dise\u00f1aremos la soluci\u00f3n de secado de papas fritas de acuerdo con las necesidades del cliente.<\/p>\n<h3>Par\u00e1metros t\u00e9cnicos<\/h3>\n<table>\n<tbody>\n<tr>\n<td>Art\u00edculo<\/td>\n<td colspan=\"4\">Par\u00e1metros del secador con bomba de calor<\/td>\n<\/tr>\n<tr>\n<td>Modelo<\/td>\n<td>GG-3P<\/td>\n<td>GG-7P<\/td>\n<td>GG-15P<\/td>\n<td>Unidad<\/td>\n<\/tr>\n<tr>\n<td>Temperatura ambiente<\/td>\n<td>-10-43<\/td>\n<td>-15-43<\/td>\n<td>-15-43<\/td>\n<td>\u00baC<\/td>\n<\/tr>\n<tr>\n<td>Temperatura de secado<\/td>\n<td>30-75<\/td>\n<td>30-75<\/td>\n<td>30-75<\/td>\n<td>\u00baC<\/td>\n<\/tr>\n<tr>\n<td>Potencia nominal<\/td>\n<td>4<\/td>\n<td>12<\/td>\n<td>21<\/td>\n<td>Kw<\/td>\n<\/tr>\n<tr>\n<td>Potencia m\u00e1xima<\/td>\n<td>10<\/td>\n<td>18<\/td>\n<td>33<\/td>\n<td>Kw<\/td>\n<\/tr>\n<tr>\n<td>Forma de alimentaci\u00f3n<\/td>\n<td>380\/3\/50<\/td>\n<td>380\/3\/50<\/td>\n<td>380\/3\/50<\/td>\n<td>V\/Fh\/Hz<\/td>\n<\/tr>\n<tr>\n<td>Precisi\u00f3n del control de temperatura<\/td>\n<td>\u00b11<\/td>\n<td>\u00b11<\/td>\n<td>\u00b11<\/td>\n<td>\u00baC<\/td>\n<\/tr>\n<tr>\n<td>Potencia de calefacci\u00f3n el\u00e9ctrica<\/td>\n<td>6<\/td>\n<td>6<\/td>\n<td>12<\/td>\n<td>Kw<\/td>\n<\/tr>\n<tr>\n<td>Controlador<\/td>\n<td colspan=\"4\">Microordenador de un chip\/PLC+control de pantalla en color<\/td>\n<\/tr>\n<tr>\n<td>Nivel de ruido<\/td>\n<td>\u226475<\/td>\n<td>\u226475<\/td>\n<td>\u226475<\/td>\n<td>dB(A)<\/td>\n<\/tr>\n<tr>\n<td>Capacidad<\/td>\n<td>100-200<\/td>\n<td>300-700<\/td>\n<td>800-1500<\/td>\n<td>Kg<\/td>\n<\/tr>\n<tr>\n<td>Capacidad de deshidrataci\u00f3n<\/td>\n<td>9<\/td>\n<td>21<\/td>\n<td>43<\/td>\n<td>Kg\/h(=50\u00baC,80%)<\/td>\n<\/tr>\n<\/tbody>\n<\/table>\n<div role=\"form\" class=\"wpcf7\" id=\"wpcf7-f1653-o1\" lang=\"en-US\" dir=\"ltr\">\n<div class=\"screen-reader-response\"><p role=\"status\" aria-live=\"polite\" aria-atomic=\"true\"><\/p> <ul><\/ul><\/div>\n<form action=\"\/es\/wp-json\/wp\/v2\/product\/86#wpcf7-f1653-o1\" method=\"post\" class=\"wpcf7-form init\" novalidate=\"novalidate\" data-status=\"init\" data-trp-original-action=\"\/es\/wp-json\/wp\/v2\/product\/86#wpcf7-f1653-o1\">\n<div style=\"display: none;\">\n<input type=\"hidden\" name=\"_wpcf7\" value=\"1653\" \/>\n<input type=\"hidden\" name=\"_wpcf7_version\" value=\"5.5.4\" \/>\n<input type=\"hidden\" name=\"_wpcf7_locale\" value=\"en_US\" \/>\n<input type=\"hidden\" name=\"_wpcf7_unit_tag\" value=\"wpcf7-f1653-o1\" \/>\n<input type=\"hidden\" name=\"_wpcf7_container_post\" value=\"0\" \/>\n<input type=\"hidden\" name=\"_wpcf7_posted_data_hash\" value=\"\" \/>\n<\/div>\n<div style='text-align:center;font-size: 1.6rem;font-weight:bold'>Dejar mensaje para precio<\/div>\n<div class='forml1' style='float:left;width:48%; margin-right:4%'>\n<label> Su nombre<br \/>\n    <span class=\"wpcf7-form-control-wrap your-name\"><input type=\"text\" name=\"your-name\" value=\"\" size=\"40\" class=\"wpcf7-form-control wpcf7-text\" aria-invalid=\"false\" \/><\/span> <\/label><\/p>\n<p><label> *Su correo electr\u00f3nico<br \/>\n    <span class=\"wpcf7-form-control-wrap your-email\"><input type=\"email\" name=\"your-email\" value=\"\" size=\"40\" class=\"wpcf7-form-control wpcf7-text wpcf7-email wpcf7-validates-as-required wpcf7-validates-as-email\" aria-required=\"true\" aria-invalid=\"false\" \/><\/span> <\/label><\/p>\n<p><label> Tel\u00e9fono\/WhatsApp<br \/>\n    <span class=\"wpcf7-form-control-wrap text-100\"><input type=\"text\" name=\"text-100\" value=\"\" size=\"40\" class=\"wpcf7-form-control wpcf7-text\" aria-invalid=\"false\" \/><\/span> <\/label><br \/>\n<label> Su pa\u00eds<br \/>\n    <span class=\"wpcf7-form-control-wrap text-677\"><input type=\"text\" name=\"text-677\" value=\"\" size=\"40\" class=\"wpcf7-form-control wpcf7-text\" aria-invalid=\"false\" \/><\/span> <\/label><br \/>\n<label> Nombre de su empresa<br \/>\n    <span class=\"wpcf7-form-control-wrap text-680\"><input type=\"text\" name=\"text-680\" value=\"\" size=\"40\" class=\"wpcf7-form-control wpcf7-text\" aria-invalid=\"false\" \/><\/span> <\/label><br \/>\n<label> Su sitio web<br \/>\n    <span class=\"wpcf7-form-control-wrap text-216\"><input type=\"text\" name=\"text-216\" value=\"\" size=\"40\" class=\"wpcf7-form-control wpcf7-text\" aria-invalid=\"false\" \/><\/span> <\/label>\n<\/div>\n<div class='forml2' style='float:left;width:48%;'>\n<label> *Su mensaje<br \/>\n    <span class=\"wpcf7-form-control-wrap your-message\"><textarea name=\"your-message\" cols=\"40\" rows=\"10\" class=\"wpcf7-form-control wpcf7-textarea wpcf7-validates-as-required\" aria-required=\"true\" aria-invalid=\"false\"><\/textarea><\/span> <\/label><\/p>\n<p><input type=\"submit\" value=\"Enviar\" class=\"wpcf7-form-control has-spinner wpcf7-submit\" \/><\/p>\n<\/div>\n<div style='clear:both'><\/div>\n<p style=\"display: none !important;\"><label>&#916;<textarea name=\"_wpcf7_ak_hp_textarea\" cols=\"45\" rows=\"8\" maxlength=\"100\"><\/textarea><\/label><input type=\"hidden\" id=\"ak_js\" name=\"_wpcf7_ak_js\" value=\"95\"\/><script>document.getElementById( \"ak_js\" ).setAttribute( \"value\", ( new Date() ).getTime() );<\/script><\/p><div class=\"wpcf7-response-output\" aria-hidden=\"true\"><\/div><input type=\"hidden\" name=\"trp-form-language\" value=\"es\"\/><\/form><\/div>\n<div style='text-align:left' class='yasr-auto-insert-visitor'><\/div>","protected":false},"excerpt":{"rendered":"<p>Material: Patatas en rodajas<\/p>\n<p>Producto acabado: patatas fritas deshidratadas<\/p>\n<p>Ventajas: Mayor vida \u00fatil, f\u00e1cil almacenamiento y transporte<\/p>","protected":false},"featured_media":2096,"comment_status":"open","ping_status":"closed","template":"","meta":{"extendify_custom_stylesheet":"","site-sidebar-layout":"default","site-content-layout":"default","ast-global-header-display":"","ast-banner-title-visibility":"","ast-main-header-display":"","ast-hfb-above-header-display":"","ast-hfb-below-header-display":"","ast-hfb-mobile-header-display":"","site-post-title":"","ast-breadcrumbs-content":"","ast-featured-img":"","footer-sml-layout":"","theme-transparent-header-meta":"default","adv-header-id-meta":"","stick-header-meta":"","header-above-stick-meta":"","header-main-stick-meta":"","header-below-stick-meta":"","yasr_overall_rating":0,"yasr_post_is_review":"","yasr_auto_insert_disabled":"","yasr_review_type":""},"product_cat":[27],"product_tag":[],"class_list":["post-86","product","type-product","status-publish","has-post-thumbnail","hentry","product_cat-potato-processing-machines","desktop-align-left","tablet-align-left","mobile-align-left"],"yasr_visitor_votes":{"stars_attributes":{"read_only":false,"span_bottom":false},"number_of_votes":0,"sum_votes":0},"yoast_head":"<!-- This site is optimized with the Yoast SEO plugin v20.11 - https:\/\/yoast.com\/wordpress\/plugins\/seo\/ -->\n<title>Customizable Potato Chips Drying&amp;Dehydrator Machine On Sale<\/title>\n<meta name=\"description\" content=\"This potato chips drying machine can well recycle the heat in the dehumidification and increase the efficiency of the drying room.\" \/>\n<meta name=\"robots\" content=\"index, follow, max-snippet:-1, max-image-preview:large, max-video-preview:-1\" \/>\n<link rel=\"canonical\" href=\"https:\/\/www.potatoturnkey.com\/es\/product\/potato-chips-drying-machine\/\" \/>\n<meta property=\"og:locale\" content=\"es_ES\" \/>\n<meta property=\"og:type\" content=\"article\" \/>\n<meta property=\"og:title\" content=\"Customizable Potato Chips Drying&amp;Dehydrator Machine On Sale\" \/>\n<meta property=\"og:description\" content=\"This potato chips drying machine can well recycle the heat in the dehumidification and increase the efficiency of the drying room.\" \/>\n<meta property=\"og:url\" content=\"https:\/\/www.potatoturnkey.com\/es\/product\/potato-chips-drying-machine\/\" \/>\n<meta property=\"og:site_name\" content=\"Potato Process Machines Supplier\" \/>\n<meta property=\"article:modified_time\" content=\"2026-02-09T02:26:39+00:00\" \/>\n<meta property=\"og:image\" content=\"https:\/\/www.potatoturnkey.com\/wp-content\/uploads\/2019\/01\/26.1.jpg\" \/>\n\t<meta property=\"og:image:width\" content=\"600\" \/>\n\t<meta property=\"og:image:height\" content=\"600\" \/>\n\t<meta property=\"og:image:type\" content=\"image\/jpeg\" \/>\n<meta name=\"twitter:card\" content=\"summary_large_image\" \/>\n<meta name=\"twitter:label1\" content=\"Tiempo de lectura\" \/>\n\t<meta name=\"twitter:data1\" content=\"3 minutos\" \/>\n<script type=\"application\/ld+json\" class=\"yoast-schema-graph\">{\"@context\":\"https:\/\/schema.org\",\"@graph\":[{\"@type\":\"WebPage\",\"@id\":\"https:\/\/www.potatoturnkey.com\/product\/potato-chips-drying-machine\/\",\"url\":\"https:\/\/www.potatoturnkey.com\/product\/potato-chips-drying-machine\/\",\"name\":\"Customizable Potato Chips Drying&Dehydrator Machine On Sale\",\"isPartOf\":{\"@id\":\"https:\/\/www.potatoturnkey.com\/#website\"},\"datePublished\":\"2019-01-23T13:24:06+00:00\",\"dateModified\":\"2026-02-09T02:26:39+00:00\",\"description\":\"This potato chips drying machine can well recycle the heat in the dehumidification and increase the efficiency of the drying room.\",\"breadcrumb\":{\"@id\":\"https:\/\/www.potatoturnkey.com\/product\/potato-chips-drying-machine\/#breadcrumb\"},\"inLanguage\":\"es\",\"potentialAction\":[{\"@type\":\"ReadAction\",\"target\":[\"https:\/\/www.potatoturnkey.com\/product\/potato-chips-drying-machine\/\"]}]},{\"@type\":\"BreadcrumbList\",\"@id\":\"https:\/\/www.potatoturnkey.com\/product\/potato-chips-drying-machine\/#breadcrumb\",\"itemListElement\":[{\"@type\":\"ListItem\",\"position\":1,\"name\":\"Home\",\"item\":\"https:\/\/www.potatoturnkey.com\/\"},{\"@type\":\"ListItem\",\"position\":2,\"name\":\"Products\",\"item\":\"https:\/\/www.potatoturnkey.com\/shop-2__trashed\/\"},{\"@type\":\"ListItem\",\"position\":3,\"name\":\"Customizable Potato Chips Drying&#038;Dehydrator Machine On Sale\"}]},{\"@type\":\"WebSite\",\"@id\":\"https:\/\/www.potatoturnkey.com\/#website\",\"url\":\"https:\/\/www.potatoturnkey.com\/\",\"name\":\"Potato Process Machines Supplier\",\"description\":\"Potato Turnkey Processing Machine Supplier\",\"publisher\":{\"@id\":\"https:\/\/www.potatoturnkey.com\/#organization\"},\"potentialAction\":[{\"@type\":\"SearchAction\",\"target\":{\"@type\":\"EntryPoint\",\"urlTemplate\":\"https:\/\/www.potatoturnkey.com\/?s={search_term_string}\"},\"query-input\":\"required name=search_term_string\"}],\"inLanguage\":\"es\"},{\"@type\":\"Organization\",\"@id\":\"https:\/\/www.potatoturnkey.com\/#organization\",\"name\":\"Potato Process Machines Supplier\",\"url\":\"https:\/\/www.potatoturnkey.com\/\",\"logo\":{\"@type\":\"ImageObject\",\"inLanguage\":\"es\",\"@id\":\"https:\/\/www.potatoturnkey.com\/#\/schema\/logo\/image\/\",\"url\":\"https:\/\/www.potatoturnkey.com\/wp-content\/uploads\/2022\/02\/potato.png\",\"contentUrl\":\"https:\/\/www.potatoturnkey.com\/wp-content\/uploads\/2022\/02\/potato.png\",\"width\":200,\"height\":200,\"caption\":\"Potato Process Machines Supplier\"},\"image\":{\"@id\":\"https:\/\/www.potatoturnkey.com\/#\/schema\/logo\/image\/\"}},false]}<\/script>\n<!-- \/ Yoast SEO plugin. -->","yoast_head_json":{"title":"Customizable Potato Chips Drying&Dehydrator Machine On Sale","description":"This potato chips drying machine can well recycle the heat in the dehumidification and increase the efficiency of the drying room.","robots":{"index":"index","follow":"follow","max-snippet":"max-snippet:-1","max-image-preview":"max-image-preview:large","max-video-preview":"max-video-preview:-1"},"canonical":"https:\/\/www.potatoturnkey.com\/es\/product\/potato-chips-drying-machine\/","og_locale":"es_ES","og_type":"article","og_title":"Customizable Potato Chips Drying&Dehydrator Machine On Sale","og_description":"This potato chips drying machine can well recycle the heat in the dehumidification and increase the efficiency of the drying room.","og_url":"https:\/\/www.potatoturnkey.com\/es\/product\/potato-chips-drying-machine\/","og_site_name":"Potato Process Machines Supplier","article_modified_time":"2026-02-09T02:26:39+00:00","og_image":[{"width":600,"height":600,"url":"https:\/\/www.potatoturnkey.com\/wp-content\/uploads\/2019\/01\/26.1.jpg","type":"image\/jpeg"}],"twitter_card":"summary_large_image","twitter_misc":{"Tiempo de lectura":"3 minutos"},"schema":{"@context":"https:\/\/schema.org","@graph":[{"@type":"WebPage","@id":"https:\/\/www.potatoturnkey.com\/product\/potato-chips-drying-machine\/","url":"https:\/\/www.potatoturnkey.com\/product\/potato-chips-drying-machine\/","name":"Customizable Potato Chips Drying&Dehydrator Machine On Sale","isPartOf":{"@id":"https:\/\/www.potatoturnkey.com\/#website"},"datePublished":"2019-01-23T13:24:06+00:00","dateModified":"2026-02-09T02:26:39+00:00","description":"This potato chips drying machine can well recycle the heat in the dehumidification and increase the efficiency of the drying room.","breadcrumb":{"@id":"https:\/\/www.potatoturnkey.com\/product\/potato-chips-drying-machine\/#breadcrumb"},"inLanguage":"es","potentialAction":[{"@type":"ReadAction","target":["https:\/\/www.potatoturnkey.com\/product\/potato-chips-drying-machine\/"]}]},{"@type":"BreadcrumbList","@id":"https:\/\/www.potatoturnkey.com\/product\/potato-chips-drying-machine\/#breadcrumb","itemListElement":[{"@type":"ListItem","position":1,"name":"Home","item":"https:\/\/www.potatoturnkey.com\/"},{"@type":"ListItem","position":2,"name":"Products","item":"https:\/\/www.potatoturnkey.com\/shop-2__trashed\/"},{"@type":"ListItem","position":3,"name":"Customizable Potato Chips Drying&#038;Dehydrator Machine On Sale"}]},{"@type":"WebSite","@id":"https:\/\/www.potatoturnkey.com\/#website","url":"https:\/\/www.potatoturnkey.com\/","name":"Potato Process Machines Supplier","description":"Potato Turnkey Processing Machine Supplier","publisher":{"@id":"https:\/\/www.potatoturnkey.com\/#organization"},"potentialAction":[{"@type":"SearchAction","target":{"@type":"EntryPoint","urlTemplate":"https:\/\/www.potatoturnkey.com\/?s={search_term_string}"},"query-input":"required name=search_term_string"}],"inLanguage":"es"},{"@type":"Organization","@id":"https:\/\/www.potatoturnkey.com\/#organization","name":"Potato Process Machines Supplier","url":"https:\/\/www.potatoturnkey.com\/","logo":{"@type":"ImageObject","inLanguage":"es","@id":"https:\/\/www.potatoturnkey.com\/#\/schema\/logo\/image\/","url":"https:\/\/www.potatoturnkey.com\/wp-content\/uploads\/2022\/02\/potato.png","contentUrl":"https:\/\/www.potatoturnkey.com\/wp-content\/uploads\/2022\/02\/potato.png","width":200,"height":200,"caption":"Potato Process Machines Supplier"},"image":{"@id":"https:\/\/www.potatoturnkey.com\/#\/schema\/logo\/image\/"}},false]}},"_links":{"self":[{"href":"https:\/\/www.potatoturnkey.com\/es\/wp-json\/wp\/v2\/product\/86","targetHints":{"allow":["GET"]}}],"collection":[{"href":"https:\/\/www.potatoturnkey.com\/es\/wp-json\/wp\/v2\/product"}],"about":[{"href":"https:\/\/www.potatoturnkey.com\/es\/wp-json\/wp\/v2\/types\/product"}],"replies":[{"embeddable":true,"href":"https:\/\/www.potatoturnkey.com\/es\/wp-json\/wp\/v2\/comments?post=86"}],"wp:featuredmedia":[{"embeddable":true,"href":"https:\/\/www.potatoturnkey.com\/es\/wp-json\/wp\/v2\/media\/2096"}],"wp:attachment":[{"href":"https:\/\/www.potatoturnkey.com\/es\/wp-json\/wp\/v2\/media?parent=86"}],"wp:term":[{"taxonomy":"product_cat","embeddable":true,"href":"https:\/\/www.potatoturnkey.com\/es\/wp-json\/wp\/v2\/product_cat?post=86"},{"taxonomy":"product_tag","embeddable":true,"href":"https:\/\/www.potatoturnkey.com\/es\/wp-json\/wp\/v2\/product_tag?post=86"}],"curies":[{"name":"wp","href":"https:\/\/api.w.org\/{rel}","templated":true}]}}