{"id":85,"date":"2019-01-23T13:22:49","date_gmt":"2019-01-23T13:22:49","guid":{"rendered":"http:\/\/www.potatoturnkey.com\/product\/boncellensis-secullant\/"},"modified":"2026-02-09T10:27:38","modified_gmt":"2026-02-09T02:27:38","slug":"potato-washing-peeling-machine","status":"publish","type":"product","link":"https:\/\/www.potatoturnkey.com\/es\/product\/potato-washing-peeling-machine\/","title":{"rendered":"Lavadora peladora industrial de patatas en espiral Proveedor"},"content":{"rendered":"<p>La lavadora industrial de patatas suministrada por nuestra empresa utiliza un cepillo para lavar el material y est\u00e1 equipada con un dispositivo de rociado. Despu\u00e9s del lavado, el material puede ser atornillado. Puede completar la limpieza, el pulido y el pelado al mismo tiempo. Es una m\u00e1quina de uso com\u00fan en el procesamiento de patatas. Esta m\u00e1quina lavadora y peladora de papas tipo espiral tambi\u00e9n se puede utilizar para pelar otras hortalizas de ra\u00edz y frutas, como papas, zanahorias, batatas, tapioca, \u00f1ame, remolacha, etc.<\/p>\n<p><img loading=\"lazy\" decoding=\"async\" class=\"alignnone size-full wp-image-2613\" src=\"https:\/\/www.potatoturnkey.com\/wp-content\/uploads\/2019\/01\/4.jpg\" alt=\"lavadora de patatas\" width=\"800\" height=\"500\" srcset=\"https:\/\/www.potatoturnkey.com\/wp-content\/uploads\/2019\/01\/4.jpg 800w, https:\/\/www.potatoturnkey.com\/wp-content\/uploads\/2019\/01\/4-300x188.jpg 300w, https:\/\/www.potatoturnkey.com\/wp-content\/uploads\/2019\/01\/4-768x480.jpg 768w, https:\/\/www.potatoturnkey.com\/wp-content\/uploads\/2019\/01\/4-600x375.jpg 600w\" sizes=\"auto, (max-width: 800px) 100vw, 800px\" \/><\/p>\n<h3><strong><b>Caracter\u00edsticas <\/b><\/strong><strong><b>O<\/b><\/strong><strong><b>f <\/b><\/strong><strong><b>P<\/b><\/strong><strong><b>otato <\/b><\/strong><strong><b>P<\/b><\/strong><strong><b>eeling <\/b><\/strong><strong><b>M<\/b><\/strong><strong><b>achine<\/b><\/strong><\/h3>\n<ul>\n<li>El aspecto es generoso y atractivo, y est\u00e1 fabricado con material de acero inoxidable 304.<\/li>\n<li>El tiempo y la velocidad de limpieza se pueden ajustar<\/li>\n<li>\u00a0Equipado con un sistema de pulverizaci\u00f3n de limpieza para eliminar los residuos y limpiar el rodillo de pelo a tiempo,<\/li>\n<li>Hay una bandeja de recogida de agua en la parte inferior, que es conveniente para los residuos de tel\u00e9fonos m\u00f3viles.<\/li>\n<li>Se puede a\u00f1adir un dispositivo de propulsi\u00f3n de tornillo para que coincida con el puerto de alimentaci\u00f3n independiente<\/li>\n<\/ul>\n<h3><strong><b>A<\/b><\/strong><strong><b>dvantage<\/b><\/strong><strong><b>\u00a0De<\/b><\/strong><strong><b>\u00a0I<\/b><\/strong><strong><b>ndustrial<\/b><\/strong><strong><b>\u00a0<\/b><\/strong><strong><b>Lavado de patatas<\/b><\/strong><strong><b>\u00a0M\u00e1quina<\/b><\/strong><\/h3>\n<ul>\n<li>Los cepillos se pueden personalizar seg\u00fan las necesidades: cepillo suave, cepillo s\u00faper suave, cepillo duro, rodillo de esmeril, diferentes materiales de cepillo y diferentes formas de cepillo pueden ser adecuados para diferentes materiales. La producci\u00f3n continua se puede lograr, con una cubierta superior visual, que es f\u00e1cil de observar la limpieza de las patatas.<\/li>\n<li>Gran capacidad de limpieza, las patatas se limpian y pelan completamente, la arena, el polvo y otras impurezas se pueden eliminar completamente sin da\u00f1ar el material.<\/li>\n<li>La peladora de patatas est\u00e1 bien dise\u00f1ada y es f\u00e1cil de mantener limpia para facilitar su mantenimiento.<\/li>\n<\/ul>\n<h3><strong><b>Aplicaci\u00f3n <\/b><\/strong><strong><b>O<\/b><\/strong><strong><b>f<\/b><\/strong><strong><b>\u00a0I<\/b><\/strong><strong><b>ndustrial<\/b><\/strong><strong><b>\u00a0<\/b><\/strong><strong><b>P<\/b><\/strong><strong><b>otato <\/b><\/strong><strong><b>W<\/b><\/strong><strong><b>ashing<\/b><\/strong><strong><b>\u00a0Peeling M<\/b><\/strong><strong><b>achine<\/b><\/strong><\/h3>\n<p>Esta m\u00e1quina limpiadora y peladora de patatas se utiliza ampliamente en la industria de procesamiento de frutas y verduras. Puede completar varios efectos como la limpieza y pelado de patatas cambiando el cepillo. Tambi\u00e9n es adecuada para otros productos hortofrut\u00edcolas de ra\u00edz y tallo. Las patatas limpias se pueden utilizar para cortar, fre\u00edr, congelar r\u00e1pidamente, y los productos acabados pueden ser patatas fritas, patatas fritas, etc. Nuestra empresa es un proveedor profesional de la m\u00e1quina lavadora de papas. Si desea saber m\u00e1s sobre esta m\u00e1quina lavadora y peladora de papas, por favor d\u00e9jenos un mensaje.<\/p>\n<h3><strong><b>W<\/b><\/strong><strong><b>orking <\/b><\/strong><strong><b>P<\/b><\/strong><strong><b>rincipio<\/b><\/strong><strong><b>\u00a0Y v\u00eddeo de<\/b><\/strong><strong><b>\u00a0I<\/b><\/strong><strong><b>ndustrial<\/b><\/strong><strong><b>\u00a0<\/b><\/strong><strong><b>Lavadora de patatas<\/b><\/strong><\/h3>\n<p>Se adopta el m\u00e9todo de dise\u00f1o de inyecci\u00f3n de tornillo para hacer que las patatas avancen autom\u00e1ticamente durante el proceso de limpieza y pelado. Al mismo tiempo, tambi\u00e9n se realiza un lavado con agua a alta presi\u00f3n. Tras el lavado y el pelado, el producto acabado se descarga autom\u00e1ticamente mediante el tornillo.<br \/>\n<iframe loading=\"lazy\" title=\"Reproductor de v\u00eddeo YouTube\" src=\"https:\/\/www.youtube.com\/embed\/5-F0vdNLpU0\" width=\"840\" height=\"472.5\" frameborder=\"0\" allowfullscreen=\"allowfullscreen\"><span data-mce-type=\"bookmark\" style=\"display: inline-block; width: 0px; overflow: hidden; line-height: 0;\" class=\"mce_SELRES_start\">El pr\u00f3ximo fin de semana se abrir\u00e1 la nueva tienda de comestibles.<\/span><\/iframe><\/p>\n<h3>Par\u00e1metros t\u00e9cnicos<\/h3>\n<table>\n<tbody>\n<tr>\n<td colspan=\"7\" width=\"760\">Lavadora de cepillos para patatas<\/td>\n<\/tr>\n<tr>\n<td width=\"97\">modelo<\/td>\n<td width=\"110\">Longitud neta del rodillo de lana<\/td>\n<td width=\"103\">Longitud del rodillo<\/td>\n<td width=\"111\">Di\u00e1metro del rodillo<\/td>\n<td width=\"109\">Potencia del motor<\/td>\n<td width=\"91\">Potencia en espiral<\/td>\n<td width=\"137\">Dimensiones\uff08MM\uff09<\/td>\n<\/tr>\n<tr>\n<td width=\"97\">GG-SX800A<\/td>\n<td width=\"110\">945<\/td>\n<td width=\"103\">800<\/td>\n<td width=\"111\">120<\/td>\n<td width=\"109\">1.1<\/td>\n<td width=\"91\">\/<\/td>\n<td width=\"137\">1500\u00d7850\u00d7900<\/td>\n<\/tr>\n<tr>\n<td width=\"97\">GG-SX1000A<\/td>\n<td width=\"110\">1145<\/td>\n<td width=\"103\">1000<\/td>\n<td width=\"111\">120<\/td>\n<td width=\"109\">1.1<\/td>\n<td width=\"91\">\/<\/td>\n<td width=\"137\">1700\u00d7850\u00d7900<\/td>\n<\/tr>\n<tr>\n<td width=\"97\">GG-SX1200A<\/td>\n<td width=\"110\">1345<\/td>\n<td width=\"103\">1200<\/td>\n<td width=\"111\">120<\/td>\n<td width=\"109\">1.5<\/td>\n<td width=\"91\">\/<\/td>\n<td width=\"137\">1900\u00d7850\u00d7900<\/td>\n<\/tr>\n<tr>\n<td width=\"97\">GG-SX1500A<\/td>\n<td width=\"110\">1645<\/td>\n<td width=\"103\">1500<\/td>\n<td width=\"111\">120<\/td>\n<td width=\"109\">2.2<\/td>\n<td width=\"91\">\/<\/td>\n<td width=\"137\">2200\u00d7850\u00d7900<\/td>\n<\/tr>\n<tr>\n<td width=\"97\">GG-SX2000C<\/td>\n<td width=\"110\">2145<\/td>\n<td width=\"103\">2000<\/td>\n<td width=\"111\">120<\/td>\n<td width=\"109\">3<\/td>\n<td width=\"91\">0.37<\/td>\n<td width=\"137\">2700\u00d7850\u00d71500<\/td>\n<\/tr>\n<tr>\n<td width=\"97\">GG-SX2600C<\/td>\n<td width=\"110\">2745<\/td>\n<td width=\"103\">2600<\/td>\n<td width=\"111\">120<\/td>\n<td width=\"109\">4<\/td>\n<td width=\"91\">0.37<\/td>\n<td width=\"137\">3300\u00d7850\u00d71500<\/td>\n<\/tr>\n<\/tbody>\n<\/table>\n<div role=\"form\" class=\"wpcf7\" id=\"wpcf7-f1653-o1\" lang=\"en-US\" dir=\"ltr\">\n<div class=\"screen-reader-response\"><p role=\"status\" aria-live=\"polite\" aria-atomic=\"true\"><\/p> <ul><\/ul><\/div>\n<form action=\"\/es\/wp-json\/wp\/v2\/product\/85#wpcf7-f1653-o1\" method=\"post\" class=\"wpcf7-form init\" novalidate=\"novalidate\" data-status=\"init\" data-trp-original-action=\"\/es\/wp-json\/wp\/v2\/product\/85#wpcf7-f1653-o1\">\n<div style=\"display: none;\">\n<input type=\"hidden\" name=\"_wpcf7\" value=\"1653\" \/>\n<input type=\"hidden\" name=\"_wpcf7_version\" value=\"5.5.4\" \/>\n<input type=\"hidden\" name=\"_wpcf7_locale\" value=\"en_US\" \/>\n<input type=\"hidden\" name=\"_wpcf7_unit_tag\" value=\"wpcf7-f1653-o1\" \/>\n<input type=\"hidden\" name=\"_wpcf7_container_post\" value=\"0\" \/>\n<input type=\"hidden\" name=\"_wpcf7_posted_data_hash\" value=\"\" \/>\n<\/div>\n<div style='text-align:center;font-size: 1.6rem;font-weight:bold'>Dejar mensaje para precio<\/div>\n<div class='forml1' style='float:left;width:48%; margin-right:4%'>\n<label> Su nombre<br \/>\n    <span class=\"wpcf7-form-control-wrap your-name\"><input type=\"text\" name=\"your-name\" value=\"\" size=\"40\" class=\"wpcf7-form-control wpcf7-text\" aria-invalid=\"false\" \/><\/span> <\/label><\/p>\n<p><label> *Su correo electr\u00f3nico<br \/>\n    <span class=\"wpcf7-form-control-wrap your-email\"><input type=\"email\" name=\"your-email\" value=\"\" size=\"40\" class=\"wpcf7-form-control wpcf7-text wpcf7-email wpcf7-validates-as-required wpcf7-validates-as-email\" aria-required=\"true\" aria-invalid=\"false\" \/><\/span> <\/label><\/p>\n<p><label> Tel\u00e9fono\/WhatsApp<br \/>\n    <span class=\"wpcf7-form-control-wrap text-100\"><input type=\"text\" name=\"text-100\" value=\"\" size=\"40\" class=\"wpcf7-form-control wpcf7-text\" aria-invalid=\"false\" \/><\/span> <\/label><br \/>\n<label> Su pa\u00eds<br \/>\n    <span class=\"wpcf7-form-control-wrap text-677\"><input type=\"text\" name=\"text-677\" value=\"\" size=\"40\" class=\"wpcf7-form-control wpcf7-text\" aria-invalid=\"false\" \/><\/span> <\/label><br \/>\n<label> Nombre de su empresa<br \/>\n    <span class=\"wpcf7-form-control-wrap text-680\"><input type=\"text\" name=\"text-680\" value=\"\" size=\"40\" class=\"wpcf7-form-control wpcf7-text\" aria-invalid=\"false\" \/><\/span> <\/label><br \/>\n<label> Su sitio web<br \/>\n    <span class=\"wpcf7-form-control-wrap text-216\"><input type=\"text\" name=\"text-216\" value=\"\" size=\"40\" class=\"wpcf7-form-control wpcf7-text\" aria-invalid=\"false\" \/><\/span> <\/label>\n<\/div>\n<div class='forml2' style='float:left;width:48%;'>\n<label> *Su mensaje<br \/>\n    <span class=\"wpcf7-form-control-wrap your-message\"><textarea name=\"your-message\" cols=\"40\" rows=\"10\" class=\"wpcf7-form-control wpcf7-textarea wpcf7-validates-as-required\" aria-required=\"true\" aria-invalid=\"false\"><\/textarea><\/span> <\/label><\/p>\n<p><input type=\"submit\" value=\"Enviar\" class=\"wpcf7-form-control has-spinner wpcf7-submit\" \/><\/p>\n<\/div>\n<div style='clear:both'><\/div>\n<p style=\"display: none !important;\"><label>&#916;<textarea name=\"_wpcf7_ak_hp_textarea\" cols=\"45\" rows=\"8\" maxlength=\"100\"><\/textarea><\/label><input type=\"hidden\" id=\"ak_js\" name=\"_wpcf7_ak_js\" value=\"194\"\/><script>document.getElementById( \"ak_js\" ).setAttribute( \"value\", ( new Date() ).getTime() );<\/script><\/p><div class=\"wpcf7-response-output\" aria-hidden=\"true\"><\/div><input type=\"hidden\" name=\"trp-form-language\" value=\"es\"\/><\/form><\/div>\n<div style='text-align:left' class='yasr-auto-insert-visitor'><\/div>","protected":false},"excerpt":{"rendered":"<p>Esta m\u00e1quina industrial de lavado y pelado de patatas se utiliza para lavar y pelar patatas. El dise\u00f1o de inyecci\u00f3n de tornillo se adopta para hacer que las patatas avancen autom\u00e1ticamente en la m\u00e1quina.<\/p>","protected":false},"featured_media":2614,"comment_status":"open","ping_status":"closed","template":"","meta":{"extendify_custom_stylesheet":"","site-sidebar-layout":"default","site-content-layout":"default","ast-global-header-display":"","ast-banner-title-visibility":"","ast-main-header-display":"","ast-hfb-above-header-display":"","ast-hfb-below-header-display":"","ast-hfb-mobile-header-display":"","site-post-title":"","ast-breadcrumbs-content":"","ast-featured-img":"","footer-sml-layout":"","theme-transparent-header-meta":"default","adv-header-id-meta":"","stick-header-meta":"","header-above-stick-meta":"","header-main-stick-meta":"","header-below-stick-meta":"","yasr_overall_rating":0,"yasr_post_is_review":"","yasr_auto_insert_disabled":"","yasr_review_type":""},"product_cat":[27],"product_tag":[],"class_list":["post-85","product","type-product","status-publish","has-post-thumbnail","hentry","product_cat-potato-processing-machines","desktop-align-left","tablet-align-left","mobile-align-left"],"yasr_visitor_votes":{"stars_attributes":{"read_only":false,"span_bottom":false},"number_of_votes":0,"sum_votes":0},"yoast_head":"<!-- This site is optimized with the Yoast SEO plugin v20.11 - https:\/\/yoast.com\/wordpress\/plugins\/seo\/ -->\n<title>Spiral Industrial Potato Washing Peeling Machine Supplier<\/title>\n<meta name=\"description\" content=\"This industrial potato washing machine uses high pressure spray and brush design to clean potatoes.\" \/>\n<meta name=\"robots\" content=\"index, follow, max-snippet:-1, max-image-preview:large, max-video-preview:-1\" \/>\n<link rel=\"canonical\" href=\"https:\/\/www.potatoturnkey.com\/es\/product\/potato-washing-peeling-machine\/\" \/>\n<meta property=\"og:locale\" content=\"es_ES\" \/>\n<meta property=\"og:type\" content=\"article\" \/>\n<meta property=\"og:title\" content=\"Spiral Industrial Potato Washing Peeling Machine Supplier\" \/>\n<meta property=\"og:description\" content=\"This industrial potato washing machine uses high pressure spray and brush design to clean potatoes.\" \/>\n<meta property=\"og:url\" content=\"https:\/\/www.potatoturnkey.com\/es\/product\/potato-washing-peeling-machine\/\" \/>\n<meta property=\"og:site_name\" content=\"Potato Process Machines Supplier\" \/>\n<meta property=\"article:modified_time\" content=\"2026-02-09T02:27:38+00:00\" \/>\n<meta property=\"og:image\" content=\"https:\/\/www.potatoturnkey.com\/wp-content\/uploads\/2019\/01\/1.jpg\" \/>\n\t<meta property=\"og:image:width\" content=\"600\" \/>\n\t<meta property=\"og:image:height\" content=\"600\" \/>\n\t<meta property=\"og:image:type\" content=\"image\/jpeg\" \/>\n<meta name=\"twitter:card\" content=\"summary_large_image\" \/>\n<meta name=\"twitter:label1\" content=\"Tiempo de lectura\" \/>\n\t<meta name=\"twitter:data1\" content=\"3 minutos\" \/>\n<script type=\"application\/ld+json\" class=\"yoast-schema-graph\">{\"@context\":\"https:\/\/schema.org\",\"@graph\":[{\"@type\":\"WebPage\",\"@id\":\"https:\/\/www.potatoturnkey.com\/product\/potato-washing-peeling-machine\/\",\"url\":\"https:\/\/www.potatoturnkey.com\/product\/potato-washing-peeling-machine\/\",\"name\":\"Spiral Industrial Potato Washing Peeling Machine Supplier\",\"isPartOf\":{\"@id\":\"https:\/\/www.potatoturnkey.com\/#website\"},\"datePublished\":\"2019-01-23T13:22:49+00:00\",\"dateModified\":\"2026-02-09T02:27:38+00:00\",\"description\":\"This industrial potato washing machine uses high pressure spray and brush design to clean potatoes.\",\"breadcrumb\":{\"@id\":\"https:\/\/www.potatoturnkey.com\/product\/potato-washing-peeling-machine\/#breadcrumb\"},\"inLanguage\":\"es\",\"potentialAction\":[{\"@type\":\"ReadAction\",\"target\":[\"https:\/\/www.potatoturnkey.com\/product\/potato-washing-peeling-machine\/\"]}]},{\"@type\":\"BreadcrumbList\",\"@id\":\"https:\/\/www.potatoturnkey.com\/product\/potato-washing-peeling-machine\/#breadcrumb\",\"itemListElement\":[{\"@type\":\"ListItem\",\"position\":1,\"name\":\"Home\",\"item\":\"https:\/\/www.potatoturnkey.com\/\"},{\"@type\":\"ListItem\",\"position\":2,\"name\":\"Products\",\"item\":\"https:\/\/www.potatoturnkey.com\/shop-2__trashed\/\"},{\"@type\":\"ListItem\",\"position\":3,\"name\":\"Spiral Industrial Potato Washing Peeling Machine Supplier\"}]},{\"@type\":\"WebSite\",\"@id\":\"https:\/\/www.potatoturnkey.com\/#website\",\"url\":\"https:\/\/www.potatoturnkey.com\/\",\"name\":\"Potato Process Machines Supplier\",\"description\":\"Potato Turnkey Processing Machine Supplier\",\"publisher\":{\"@id\":\"https:\/\/www.potatoturnkey.com\/#organization\"},\"potentialAction\":[{\"@type\":\"SearchAction\",\"target\":{\"@type\":\"EntryPoint\",\"urlTemplate\":\"https:\/\/www.potatoturnkey.com\/?s={search_term_string}\"},\"query-input\":\"required name=search_term_string\"}],\"inLanguage\":\"es\"},{\"@type\":\"Organization\",\"@id\":\"https:\/\/www.potatoturnkey.com\/#organization\",\"name\":\"Potato Process Machines Supplier\",\"url\":\"https:\/\/www.potatoturnkey.com\/\",\"logo\":{\"@type\":\"ImageObject\",\"inLanguage\":\"es\",\"@id\":\"https:\/\/www.potatoturnkey.com\/#\/schema\/logo\/image\/\",\"url\":\"https:\/\/www.potatoturnkey.com\/wp-content\/uploads\/2022\/02\/potato.png\",\"contentUrl\":\"https:\/\/www.potatoturnkey.com\/wp-content\/uploads\/2022\/02\/potato.png\",\"width\":200,\"height\":200,\"caption\":\"Potato Process Machines Supplier\"},\"image\":{\"@id\":\"https:\/\/www.potatoturnkey.com\/#\/schema\/logo\/image\/\"}},false]}<\/script>\n<!-- \/ Yoast SEO plugin. -->","yoast_head_json":{"title":"Spiral Industrial Potato Washing Peeling Machine Supplier","description":"This industrial potato washing machine uses high pressure spray and brush design to clean potatoes.","robots":{"index":"index","follow":"follow","max-snippet":"max-snippet:-1","max-image-preview":"max-image-preview:large","max-video-preview":"max-video-preview:-1"},"canonical":"https:\/\/www.potatoturnkey.com\/es\/product\/potato-washing-peeling-machine\/","og_locale":"es_ES","og_type":"article","og_title":"Spiral Industrial Potato Washing Peeling Machine Supplier","og_description":"This industrial potato washing machine uses high pressure spray and brush design to clean potatoes.","og_url":"https:\/\/www.potatoturnkey.com\/es\/product\/potato-washing-peeling-machine\/","og_site_name":"Potato Process Machines Supplier","article_modified_time":"2026-02-09T02:27:38+00:00","og_image":[{"width":600,"height":600,"url":"https:\/\/www.potatoturnkey.com\/wp-content\/uploads\/2019\/01\/1.jpg","type":"image\/jpeg"}],"twitter_card":"summary_large_image","twitter_misc":{"Tiempo de lectura":"3 minutos"},"schema":{"@context":"https:\/\/schema.org","@graph":[{"@type":"WebPage","@id":"https:\/\/www.potatoturnkey.com\/product\/potato-washing-peeling-machine\/","url":"https:\/\/www.potatoturnkey.com\/product\/potato-washing-peeling-machine\/","name":"Spiral Industrial Potato Washing Peeling Machine Supplier","isPartOf":{"@id":"https:\/\/www.potatoturnkey.com\/#website"},"datePublished":"2019-01-23T13:22:49+00:00","dateModified":"2026-02-09T02:27:38+00:00","description":"This industrial potato washing machine uses high pressure spray and brush design to clean potatoes.","breadcrumb":{"@id":"https:\/\/www.potatoturnkey.com\/product\/potato-washing-peeling-machine\/#breadcrumb"},"inLanguage":"es","potentialAction":[{"@type":"ReadAction","target":["https:\/\/www.potatoturnkey.com\/product\/potato-washing-peeling-machine\/"]}]},{"@type":"BreadcrumbList","@id":"https:\/\/www.potatoturnkey.com\/product\/potato-washing-peeling-machine\/#breadcrumb","itemListElement":[{"@type":"ListItem","position":1,"name":"Home","item":"https:\/\/www.potatoturnkey.com\/"},{"@type":"ListItem","position":2,"name":"Products","item":"https:\/\/www.potatoturnkey.com\/shop-2__trashed\/"},{"@type":"ListItem","position":3,"name":"Spiral Industrial Potato Washing Peeling Machine Supplier"}]},{"@type":"WebSite","@id":"https:\/\/www.potatoturnkey.com\/#website","url":"https:\/\/www.potatoturnkey.com\/","name":"Potato Process Machines Supplier","description":"Potato Turnkey Processing Machine Supplier","publisher":{"@id":"https:\/\/www.potatoturnkey.com\/#organization"},"potentialAction":[{"@type":"SearchAction","target":{"@type":"EntryPoint","urlTemplate":"https:\/\/www.potatoturnkey.com\/?s={search_term_string}"},"query-input":"required name=search_term_string"}],"inLanguage":"es"},{"@type":"Organization","@id":"https:\/\/www.potatoturnkey.com\/#organization","name":"Potato Process Machines Supplier","url":"https:\/\/www.potatoturnkey.com\/","logo":{"@type":"ImageObject","inLanguage":"es","@id":"https:\/\/www.potatoturnkey.com\/#\/schema\/logo\/image\/","url":"https:\/\/www.potatoturnkey.com\/wp-content\/uploads\/2022\/02\/potato.png","contentUrl":"https:\/\/www.potatoturnkey.com\/wp-content\/uploads\/2022\/02\/potato.png","width":200,"height":200,"caption":"Potato Process Machines Supplier"},"image":{"@id":"https:\/\/www.potatoturnkey.com\/#\/schema\/logo\/image\/"}},false]}},"_links":{"self":[{"href":"https:\/\/www.potatoturnkey.com\/es\/wp-json\/wp\/v2\/product\/85","targetHints":{"allow":["GET"]}}],"collection":[{"href":"https:\/\/www.potatoturnkey.com\/es\/wp-json\/wp\/v2\/product"}],"about":[{"href":"https:\/\/www.potatoturnkey.com\/es\/wp-json\/wp\/v2\/types\/product"}],"replies":[{"embeddable":true,"href":"https:\/\/www.potatoturnkey.com\/es\/wp-json\/wp\/v2\/comments?post=85"}],"wp:featuredmedia":[{"embeddable":true,"href":"https:\/\/www.potatoturnkey.com\/es\/wp-json\/wp\/v2\/media\/2614"}],"wp:attachment":[{"href":"https:\/\/www.potatoturnkey.com\/es\/wp-json\/wp\/v2\/media?parent=85"}],"wp:term":[{"taxonomy":"product_cat","embeddable":true,"href":"https:\/\/www.potatoturnkey.com\/es\/wp-json\/wp\/v2\/product_cat?post=85"},{"taxonomy":"product_tag","embeddable":true,"href":"https:\/\/www.potatoturnkey.com\/es\/wp-json\/wp\/v2\/product_tag?post=85"}],"curies":[{"name":"wp","href":"https:\/\/api.w.org\/{rel}","templated":true}]}}