{"id":84,"date":"2019-01-23T13:20:21","date_gmt":"2019-01-23T13:20:21","guid":{"rendered":"http:\/\/www.potatoturnkey.com\/product\/green-soil-lotus\/"},"modified":"2026-02-25T10:54:10","modified_gmt":"2026-02-25T02:54:10","slug":"potato-slicer-machine-business","status":"publish","type":"product","link":"https:\/\/www.potatoturnkey.com\/es\/product\/potato-slicer-machine-business\/","title":{"rendered":"M\u00e1quina cortadora de patatas 300Kg\/H para Business&amp;Chips"},"content":{"rendered":"<p>El tema de esta m\u00e1quina cortadora de patatas para los negocios se hace principalmente de material de acero inoxidable 304, el espesor de la rebanada se puede ajustar, la operaci\u00f3n es simple, y la electricidad est\u00e1 disponible. Las patatas cortadas tienen las caracter\u00edsticas de buena calidad de la superficie de corte, sin ara\u00f1azos y superficies de corte lisas, y son las m\u00e1quinas m\u00e1s utilizadas en el proceso de corte de patatas.<\/p>\n<p><img loading=\"lazy\" decoding=\"async\" class=\"alignnone wp-image-1866 size-full\" src=\"https:\/\/www.potatoturnkey.com\/wp-content\/uploads\/2019\/01\/potato-slicer-machine-5.jpg\" alt=\"aplicaci\u00f3n de la cortadora de patatas\" width=\"800\" height=\"500\" srcset=\"https:\/\/www.potatoturnkey.com\/wp-content\/uploads\/2019\/01\/potato-slicer-machine-5.jpg 800w, https:\/\/www.potatoturnkey.com\/wp-content\/uploads\/2019\/01\/potato-slicer-machine-5-300x188.jpg 300w, https:\/\/www.potatoturnkey.com\/wp-content\/uploads\/2019\/01\/potato-slicer-machine-5-768x480.jpg 768w, https:\/\/www.potatoturnkey.com\/wp-content\/uploads\/2019\/01\/potato-slicer-machine-5-600x375.jpg 600w\" sizes=\"auto, (max-width: 800px) 100vw, 800px\" \/><\/p>\n<h3><strong><b>Caracter\u00edsticas <\/b><\/strong><strong><b>O<\/b><\/strong><strong><b>f<\/b><\/strong><strong><b>\u00a0<\/b><\/strong><strong><b>P<\/b><\/strong><strong><b>otato <\/b><\/strong><strong><b>S<\/b><\/strong><strong><b>licer <\/b><\/strong><strong><b>M<\/b><\/strong><strong><b>achine <\/b><\/strong><strong><b>F<\/b><\/strong><strong><b>o <\/b><\/strong><strong><b>Fichas<\/b><\/strong><\/h3>\n<ul>\n<li>Esta m\u00e1quina se compone principalmente de un bastidor de acero inoxidable, placa de marcado, placa de corte de acero inoxidable importado, pieza de transmisi\u00f3n, cubierta de descarga, etc.<\/li>\n<li>Ajuste el grosor (2-7 mm) ajustando la separaci\u00f3n entre la cuchilla y el plato giratorio<\/li>\n<li>Esta m\u00e1quina tiene cuatro orificios de alimentaci\u00f3n, tres cabezales de corte, y el di\u00e1metro y el \u00e1ngulo de corte del orificio de alimentaci\u00f3n se pueden personalizar.<\/li>\n<li>Mediante la alimentaci\u00f3n manual, introduzca las patatas y otros rizomas en el orificio de alimentaci\u00f3n de la cortadora de forma uniforme.<\/li>\n<\/ul>\n<h3><strong><b>A<\/b><\/strong><strong><b>ventajas <\/b><\/strong><strong><b>O<\/b><\/strong><strong><b>f <\/b><\/strong><strong><b>P<\/b><\/strong><strong><b>otato <\/b><\/strong><strong><b>S<\/b><\/strong><strong><b>licer <\/b><\/strong><strong><b>M<\/b><\/strong><strong><b>achine <\/b><\/strong><strong><b>F<\/b><\/strong><strong><b>o <\/b><\/strong><strong><b>B<\/b><\/strong><strong><b>usiness<\/b><\/strong><\/h3>\n<ol>\n<li>Bajo consumo de energ\u00eda, alta eficacia de corte y posibilidad de producci\u00f3n en serie.<\/li>\n<li>Las patatas cortadas tienen un grosor uniforme y se pueden personalizar.<\/li>\n<li>\u00a0Seguridad e higiene de la producci\u00f3n, en consonancia con la seguridad de la producci\u00f3n alimentaria.<\/li>\n<li>Esta m\u00e1quina cortadora de patatas se utiliza ampliamente para diversos materiales de rizoma.<\/li>\n<\/ol>\n<h3><img loading=\"lazy\" decoding=\"async\" class=\"alignnone wp-image-1867 size-full\" src=\"https:\/\/www.potatoturnkey.com\/wp-content\/uploads\/2019\/01\/potato-slicer-machine-for-business.jpg\" alt=\"m\u00e1quina cortadora de patatas detalles\" width=\"800\" height=\"500\" srcset=\"https:\/\/www.potatoturnkey.com\/wp-content\/uploads\/2019\/01\/potato-slicer-machine-for-business.jpg 800w, https:\/\/www.potatoturnkey.com\/wp-content\/uploads\/2019\/01\/potato-slicer-machine-for-business-300x188.jpg 300w, https:\/\/www.potatoturnkey.com\/wp-content\/uploads\/2019\/01\/potato-slicer-machine-for-business-768x480.jpg 768w, https:\/\/www.potatoturnkey.com\/wp-content\/uploads\/2019\/01\/potato-slicer-machine-for-business-600x375.jpg 600w\" sizes=\"auto, (max-width: 800px) 100vw, 800px\" \/><\/h3>\n<h3><strong><b>O<\/b><\/strong><strong><b>peraci\u00f3n <\/b><\/strong><strong><b>O<\/b><\/strong><strong><b>f <\/b><\/strong><strong><b>P<\/b><\/strong><strong><b>otato <\/b><\/strong><strong><b>S<\/b><\/strong><strong><b>licer <\/b><\/strong><strong><b>M<\/b><\/strong><strong><b>achine <\/b><\/strong><strong><b>F<\/b><\/strong><strong><b>o <\/b><\/strong><strong><b>C<\/b><\/strong><strong><b>caderas<\/b><\/strong><\/h3>\n<ol>\n<li>Compruebe el cable de alimentaci\u00f3n para asegurarse de que se puede utilizar con normalidad.<\/li>\n<li>Conecte la fuente de alimentaci\u00f3n, observe el giro del dial y col\u00f3quese en el puerto de descarga. Es correcto que el giro del cabezal de corte sea en el sentido de las agujas del reloj.<\/li>\n<li>Ponga en marcha la cortadora de patatas, coloque un peque\u00f1o n\u00famero de patatas para depurar, y observe el grosor de las rodajas (han sido ajustadas antes de salir de f\u00e1brica, y generalmente no necesitan ser ajustadas).<\/li>\n<li>Ajuste del grosor de la rebanada: Abra el protector del disco de corte, rompa el tornillo de compresi\u00f3n, retire el disco de corte y ajuste las dos tuercas de compresi\u00f3n M6 situadas delante de la cuchilla grande. En el sentido de las agujas del reloj los tornillos aumentar\u00e1n el grosor de la rebanada, y en el sentido contrario aumentar\u00e1n el grosor de la rebanada. Reducir el grosor de la rebanada.<\/li>\n<li>Despu\u00e9s de utilizar la cortadora de patatas fritas, l\u00edmpiela y aplique una capa de aceite de cocina a la cuchilla para su mantenimiento.<\/li>\n<\/ol>\n<p>Adem\u00e1s, nuestra empresa tambi\u00e9n ofrece varios tipos de m\u00e1quinas cortadoras de patatas: M\u00e1quina cortadora de papas fritas, m\u00e1quina cortadora de papas fritas corrugadas, etc., que pueden ser personalizadas de acuerdo a las necesidades del cliente. Cada m\u00e1quina proporcionada por nuestra empresa ha sido sometida a una estricta inspecci\u00f3n de calidad antes de salir de la f\u00e1brica para garantizar su normal funcionamiento. Si desea obtener m\u00e1s detalles o cotizaciones sobre esta m\u00e1quina cortadora de papas para negocios, por favor d\u00e9jenos un mensaje.<\/p>\n<h3 class=\"feat_tit\">Datos t\u00e9cnicos<\/h3>\n<div class=\"tech_con\">\n<table>\n<tbody>\n<tr>\n<td>Modelo<\/td>\n<td>GG-1<\/td>\n<\/tr>\n<tr>\n<td>Capacidad<\/td>\n<td>300 kg\/h<\/td>\n<\/tr>\n<tr>\n<td>Dimensi\u00f3n<\/td>\n<td>650*550*900mm<\/td>\n<\/tr>\n<tr>\n<td>Tensi\u00f3n<\/td>\n<td>220v\/380v<\/td>\n<\/tr>\n<tr>\n<td>Potencia<\/td>\n<td>0,75 kW<\/td>\n<\/tr>\n<tr>\n<td>Peso<\/td>\n<td>100 kg<\/td>\n<\/tr>\n<\/tbody>\n<\/table>\n<\/div>\n<div role=\"form\" class=\"wpcf7\" id=\"wpcf7-f1653-o1\" lang=\"en-US\" dir=\"ltr\">\n<div class=\"screen-reader-response\"><p role=\"status\" aria-live=\"polite\" aria-atomic=\"true\"><\/p> <ul><\/ul><\/div>\n<form action=\"\/es\/wp-json\/wp\/v2\/product\/84#wpcf7-f1653-o1\" method=\"post\" class=\"wpcf7-form init\" novalidate=\"novalidate\" data-status=\"init\" data-trp-original-action=\"\/es\/wp-json\/wp\/v2\/product\/84#wpcf7-f1653-o1\">\n<div style=\"display: none;\">\n<input type=\"hidden\" name=\"_wpcf7\" value=\"1653\" \/>\n<input type=\"hidden\" name=\"_wpcf7_version\" value=\"5.5.4\" \/>\n<input type=\"hidden\" name=\"_wpcf7_locale\" value=\"en_US\" \/>\n<input type=\"hidden\" name=\"_wpcf7_unit_tag\" value=\"wpcf7-f1653-o1\" \/>\n<input type=\"hidden\" name=\"_wpcf7_container_post\" value=\"0\" \/>\n<input type=\"hidden\" name=\"_wpcf7_posted_data_hash\" value=\"\" \/>\n<\/div>\n<div style='text-align:center;font-size: 1.6rem;font-weight:bold'>Dejar mensaje para precio<\/div>\n<div class='forml1' style='float:left;width:48%; margin-right:4%'>\n<label> Su nombre<br \/>\n    <span class=\"wpcf7-form-control-wrap your-name\"><input type=\"text\" name=\"your-name\" value=\"\" size=\"40\" class=\"wpcf7-form-control wpcf7-text\" aria-invalid=\"false\" \/><\/span> <\/label><\/p>\n<p><label> *Su correo electr\u00f3nico<br \/>\n    <span class=\"wpcf7-form-control-wrap your-email\"><input type=\"email\" name=\"your-email\" value=\"\" size=\"40\" class=\"wpcf7-form-control wpcf7-text wpcf7-email wpcf7-validates-as-required wpcf7-validates-as-email\" aria-required=\"true\" aria-invalid=\"false\" \/><\/span> <\/label><\/p>\n<p><label> Tel\u00e9fono\/WhatsApp<br \/>\n    <span class=\"wpcf7-form-control-wrap text-100\"><input type=\"text\" name=\"text-100\" value=\"\" size=\"40\" class=\"wpcf7-form-control wpcf7-text\" aria-invalid=\"false\" \/><\/span> <\/label><br \/>\n<label> Su pa\u00eds<br \/>\n    <span class=\"wpcf7-form-control-wrap text-677\"><input type=\"text\" name=\"text-677\" value=\"\" size=\"40\" class=\"wpcf7-form-control wpcf7-text\" aria-invalid=\"false\" \/><\/span> <\/label><br \/>\n<label> Nombre de su empresa<br \/>\n    <span class=\"wpcf7-form-control-wrap text-680\"><input type=\"text\" name=\"text-680\" value=\"\" size=\"40\" class=\"wpcf7-form-control wpcf7-text\" aria-invalid=\"false\" \/><\/span> <\/label><br \/>\n<label> Su sitio web<br \/>\n    <span class=\"wpcf7-form-control-wrap text-216\"><input type=\"text\" name=\"text-216\" value=\"\" size=\"40\" class=\"wpcf7-form-control wpcf7-text\" aria-invalid=\"false\" \/><\/span> <\/label>\n<\/div>\n<div class='forml2' style='float:left;width:48%;'>\n<label> *Su mensaje<br \/>\n    <span class=\"wpcf7-form-control-wrap your-message\"><textarea name=\"your-message\" cols=\"40\" rows=\"10\" class=\"wpcf7-form-control wpcf7-textarea wpcf7-validates-as-required\" aria-required=\"true\" aria-invalid=\"false\"><\/textarea><\/span> <\/label><\/p>\n<p><input type=\"submit\" value=\"Enviar\" class=\"wpcf7-form-control has-spinner wpcf7-submit\" \/><\/p>\n<\/div>\n<div style='clear:both'><\/div>\n<p style=\"display: none !important;\"><label>&#916;<textarea name=\"_wpcf7_ak_hp_textarea\" cols=\"45\" rows=\"8\" maxlength=\"100\"><\/textarea><\/label><input type=\"hidden\" id=\"ak_js\" name=\"_wpcf7_ak_js\" value=\"45\"\/><script>document.getElementById( \"ak_js\" ).setAttribute( \"value\", ( new Date() ).getTime() );<\/script><\/p><div class=\"wpcf7-response-output\" aria-hidden=\"true\"><\/div><input type=\"hidden\" name=\"trp-form-language\" value=\"es\"\/><\/form><\/div>\n<div style='text-align:left' class='yasr-auto-insert-visitor'><\/div>","protected":false},"excerpt":{"rendered":"<p>Esta m\u00e1quina cortadora de patatas fritas tiene una alta eficiencia de corte, espesor de corte ajustable (2-7mm), y las patatas cortadas se pueden convertir en patatas fritas.<\/p>","protected":false},"featured_media":1863,"comment_status":"open","ping_status":"closed","template":"","meta":{"extendify_custom_stylesheet":"","site-sidebar-layout":"default","site-content-layout":"default","ast-global-header-display":"","ast-banner-title-visibility":"","ast-main-header-display":"","ast-hfb-above-header-display":"","ast-hfb-below-header-display":"","ast-hfb-mobile-header-display":"","site-post-title":"","ast-breadcrumbs-content":"","ast-featured-img":"","footer-sml-layout":"","theme-transparent-header-meta":"default","adv-header-id-meta":"","stick-header-meta":"","header-above-stick-meta":"","header-main-stick-meta":"","header-below-stick-meta":"","yasr_overall_rating":0,"yasr_post_is_review":"","yasr_auto_insert_disabled":"","yasr_review_type":""},"product_cat":[27],"product_tag":[],"class_list":["post-84","product","type-product","status-publish","has-post-thumbnail","hentry","product_cat-potato-processing-machines","desktop-align-left","tablet-align-left","mobile-align-left"],"yasr_visitor_votes":{"stars_attributes":{"read_only":false,"span_bottom":false},"number_of_votes":0,"sum_votes":0},"yoast_head":"<!-- This site is optimized with the Yoast SEO plugin v20.11 - https:\/\/yoast.com\/wordpress\/plugins\/seo\/ -->\n<title>300Kg\/H Potato Slicer Machine For Business&amp;Chips<\/title>\n<meta name=\"description\" content=\"This potato slicer machine for business is dozens of times more efficient than manual labor, saving time and effort.\" \/>\n<meta name=\"robots\" content=\"index, follow, max-snippet:-1, max-image-preview:large, max-video-preview:-1\" \/>\n<link rel=\"canonical\" href=\"https:\/\/www.potatoturnkey.com\/es\/product\/potato-slicer-machine-business\/\" \/>\n<meta property=\"og:locale\" content=\"es_ES\" \/>\n<meta property=\"og:type\" content=\"article\" \/>\n<meta property=\"og:title\" content=\"300Kg\/H Potato Slicer Machine For Business&amp;Chips\" \/>\n<meta property=\"og:description\" content=\"This potato slicer machine for business is dozens of times more efficient than manual labor, saving time and effort.\" \/>\n<meta property=\"og:url\" content=\"https:\/\/www.potatoturnkey.com\/es\/product\/potato-slicer-machine-business\/\" \/>\n<meta property=\"og:site_name\" content=\"Potato Process Machines Supplier\" \/>\n<meta property=\"article:modified_time\" content=\"2026-02-25T02:54:10+00:00\" \/>\n<meta property=\"og:image\" content=\"https:\/\/www.potatoturnkey.com\/wp-content\/uploads\/2019\/01\/potato-slicer-machine1.jpg\" \/>\n\t<meta property=\"og:image:width\" content=\"600\" \/>\n\t<meta property=\"og:image:height\" content=\"600\" \/>\n\t<meta property=\"og:image:type\" content=\"image\/jpeg\" \/>\n<meta name=\"twitter:card\" content=\"summary_large_image\" \/>\n<meta name=\"twitter:label1\" content=\"Tiempo de lectura\" \/>\n\t<meta name=\"twitter:data1\" content=\"3 minutos\" \/>\n<script type=\"application\/ld+json\" class=\"yoast-schema-graph\">{\"@context\":\"https:\/\/schema.org\",\"@graph\":[{\"@type\":\"WebPage\",\"@id\":\"https:\/\/www.potatoturnkey.com\/product\/potato-slicer-machine-business\/\",\"url\":\"https:\/\/www.potatoturnkey.com\/product\/potato-slicer-machine-business\/\",\"name\":\"300Kg\/H Potato Slicer Machine For Business&Chips\",\"isPartOf\":{\"@id\":\"https:\/\/www.potatoturnkey.com\/#website\"},\"datePublished\":\"2019-01-23T13:20:21+00:00\",\"dateModified\":\"2026-02-25T02:54:10+00:00\",\"description\":\"This potato slicer machine for business is dozens of times more efficient than manual labor, saving time and effort.\",\"breadcrumb\":{\"@id\":\"https:\/\/www.potatoturnkey.com\/product\/potato-slicer-machine-business\/#breadcrumb\"},\"inLanguage\":\"es\",\"potentialAction\":[{\"@type\":\"ReadAction\",\"target\":[\"https:\/\/www.potatoturnkey.com\/product\/potato-slicer-machine-business\/\"]}]},{\"@type\":\"BreadcrumbList\",\"@id\":\"https:\/\/www.potatoturnkey.com\/product\/potato-slicer-machine-business\/#breadcrumb\",\"itemListElement\":[{\"@type\":\"ListItem\",\"position\":1,\"name\":\"Home\",\"item\":\"https:\/\/www.potatoturnkey.com\/\"},{\"@type\":\"ListItem\",\"position\":2,\"name\":\"Products\",\"item\":\"https:\/\/www.potatoturnkey.com\/shop-2__trashed\/\"},{\"@type\":\"ListItem\",\"position\":3,\"name\":\"300Kg\/H Potato Slicer Machine For Business&#038;Chips\"}]},{\"@type\":\"WebSite\",\"@id\":\"https:\/\/www.potatoturnkey.com\/#website\",\"url\":\"https:\/\/www.potatoturnkey.com\/\",\"name\":\"Potato Process Machines Supplier\",\"description\":\"Potato Turnkey Processing Machine Supplier\",\"publisher\":{\"@id\":\"https:\/\/www.potatoturnkey.com\/#organization\"},\"potentialAction\":[{\"@type\":\"SearchAction\",\"target\":{\"@type\":\"EntryPoint\",\"urlTemplate\":\"https:\/\/www.potatoturnkey.com\/?s={search_term_string}\"},\"query-input\":\"required name=search_term_string\"}],\"inLanguage\":\"es\"},{\"@type\":\"Organization\",\"@id\":\"https:\/\/www.potatoturnkey.com\/#organization\",\"name\":\"Potato Process Machines Supplier\",\"url\":\"https:\/\/www.potatoturnkey.com\/\",\"logo\":{\"@type\":\"ImageObject\",\"inLanguage\":\"es\",\"@id\":\"https:\/\/www.potatoturnkey.com\/#\/schema\/logo\/image\/\",\"url\":\"https:\/\/www.potatoturnkey.com\/wp-content\/uploads\/2022\/02\/potato.png\",\"contentUrl\":\"https:\/\/www.potatoturnkey.com\/wp-content\/uploads\/2022\/02\/potato.png\",\"width\":200,\"height\":200,\"caption\":\"Potato Process Machines Supplier\"},\"image\":{\"@id\":\"https:\/\/www.potatoturnkey.com\/#\/schema\/logo\/image\/\"}},false]}<\/script>\n<!-- \/ Yoast SEO plugin. -->","yoast_head_json":{"title":"300Kg\/H Potato Slicer Machine For Business&Chips","description":"This potato slicer machine for business is dozens of times more efficient than manual labor, saving time and effort.","robots":{"index":"index","follow":"follow","max-snippet":"max-snippet:-1","max-image-preview":"max-image-preview:large","max-video-preview":"max-video-preview:-1"},"canonical":"https:\/\/www.potatoturnkey.com\/es\/product\/potato-slicer-machine-business\/","og_locale":"es_ES","og_type":"article","og_title":"300Kg\/H Potato Slicer Machine For Business&Chips","og_description":"This potato slicer machine for business is dozens of times more efficient than manual labor, saving time and effort.","og_url":"https:\/\/www.potatoturnkey.com\/es\/product\/potato-slicer-machine-business\/","og_site_name":"Potato Process Machines Supplier","article_modified_time":"2026-02-25T02:54:10+00:00","og_image":[{"width":600,"height":600,"url":"https:\/\/www.potatoturnkey.com\/wp-content\/uploads\/2019\/01\/potato-slicer-machine1.jpg","type":"image\/jpeg"}],"twitter_card":"summary_large_image","twitter_misc":{"Tiempo de lectura":"3 minutos"},"schema":{"@context":"https:\/\/schema.org","@graph":[{"@type":"WebPage","@id":"https:\/\/www.potatoturnkey.com\/product\/potato-slicer-machine-business\/","url":"https:\/\/www.potatoturnkey.com\/product\/potato-slicer-machine-business\/","name":"300Kg\/H Potato Slicer Machine For Business&Chips","isPartOf":{"@id":"https:\/\/www.potatoturnkey.com\/#website"},"datePublished":"2019-01-23T13:20:21+00:00","dateModified":"2026-02-25T02:54:10+00:00","description":"This potato slicer machine for business is dozens of times more efficient than manual labor, saving time and effort.","breadcrumb":{"@id":"https:\/\/www.potatoturnkey.com\/product\/potato-slicer-machine-business\/#breadcrumb"},"inLanguage":"es","potentialAction":[{"@type":"ReadAction","target":["https:\/\/www.potatoturnkey.com\/product\/potato-slicer-machine-business\/"]}]},{"@type":"BreadcrumbList","@id":"https:\/\/www.potatoturnkey.com\/product\/potato-slicer-machine-business\/#breadcrumb","itemListElement":[{"@type":"ListItem","position":1,"name":"Home","item":"https:\/\/www.potatoturnkey.com\/"},{"@type":"ListItem","position":2,"name":"Products","item":"https:\/\/www.potatoturnkey.com\/shop-2__trashed\/"},{"@type":"ListItem","position":3,"name":"300Kg\/H Potato Slicer Machine For Business&#038;Chips"}]},{"@type":"WebSite","@id":"https:\/\/www.potatoturnkey.com\/#website","url":"https:\/\/www.potatoturnkey.com\/","name":"Potato Process Machines Supplier","description":"Potato Turnkey Processing Machine Supplier","publisher":{"@id":"https:\/\/www.potatoturnkey.com\/#organization"},"potentialAction":[{"@type":"SearchAction","target":{"@type":"EntryPoint","urlTemplate":"https:\/\/www.potatoturnkey.com\/?s={search_term_string}"},"query-input":"required name=search_term_string"}],"inLanguage":"es"},{"@type":"Organization","@id":"https:\/\/www.potatoturnkey.com\/#organization","name":"Potato Process Machines Supplier","url":"https:\/\/www.potatoturnkey.com\/","logo":{"@type":"ImageObject","inLanguage":"es","@id":"https:\/\/www.potatoturnkey.com\/#\/schema\/logo\/image\/","url":"https:\/\/www.potatoturnkey.com\/wp-content\/uploads\/2022\/02\/potato.png","contentUrl":"https:\/\/www.potatoturnkey.com\/wp-content\/uploads\/2022\/02\/potato.png","width":200,"height":200,"caption":"Potato Process Machines Supplier"},"image":{"@id":"https:\/\/www.potatoturnkey.com\/#\/schema\/logo\/image\/"}},false]}},"_links":{"self":[{"href":"https:\/\/www.potatoturnkey.com\/es\/wp-json\/wp\/v2\/product\/84","targetHints":{"allow":["GET"]}}],"collection":[{"href":"https:\/\/www.potatoturnkey.com\/es\/wp-json\/wp\/v2\/product"}],"about":[{"href":"https:\/\/www.potatoturnkey.com\/es\/wp-json\/wp\/v2\/types\/product"}],"replies":[{"embeddable":true,"href":"https:\/\/www.potatoturnkey.com\/es\/wp-json\/wp\/v2\/comments?post=84"}],"wp:featuredmedia":[{"embeddable":true,"href":"https:\/\/www.potatoturnkey.com\/es\/wp-json\/wp\/v2\/media\/1863"}],"wp:attachment":[{"href":"https:\/\/www.potatoturnkey.com\/es\/wp-json\/wp\/v2\/media?parent=84"}],"wp:term":[{"taxonomy":"product_cat","embeddable":true,"href":"https:\/\/www.potatoturnkey.com\/es\/wp-json\/wp\/v2\/product_cat?post=84"},{"taxonomy":"product_tag","embeddable":true,"href":"https:\/\/www.potatoturnkey.com\/es\/wp-json\/wp\/v2\/product_tag?post=84"}],"curies":[{"name":"wp","href":"https:\/\/api.w.org\/{rel}","templated":true}]}}