{"id":83,"date":"2019-01-23T13:18:02","date_gmt":"2019-01-23T13:18:02","guid":{"rendered":"http:\/\/www.potatoturnkey.com\/product\/piorro-quisquam\/"},"modified":"2022-03-11T16:35:03","modified_gmt":"2022-03-11T08:35:03","slug":"fries-chips-blanching-machine","status":"publish","type":"product","link":"https:\/\/www.potatoturnkey.com\/es\/product\/fries-chips-blanching-machine\/","title":{"rendered":"M\u00e1quina de escaldado continuo de patatas fritas y patatas fritas"},"content":{"rendered":"<p>Esta m\u00e1quina de escaldado de patatas fritas puede escaldar continuamente las patatas fritas y las patatas fritas, mantener el color brillante del producto acabado, eliminar los microorganismos e inhibir eficazmente la actividad de las enzimas. Es una m\u00e1quina indispensable en el procesamiento de papas fritas y papas fritas. Adem\u00e1s, esta m\u00e1quina puede personalizarse seg\u00fan la producci\u00f3n procesada por hora.<\/p>\n<p><img loading=\"lazy\" decoding=\"async\" class=\"alignnone wp-image-1889 size-full\" src=\"https:\/\/www.potatoturnkey.com\/wp-content\/uploads\/2019\/01\/chips-fries-blanching-machine.jpg\" alt=\"aplicaci\u00f3n de la escaldadora de patatas fritas\" width=\"800\" height=\"500\" srcset=\"https:\/\/www.potatoturnkey.com\/wp-content\/uploads\/2019\/01\/chips-fries-blanching-machine.jpg 800w, https:\/\/www.potatoturnkey.com\/wp-content\/uploads\/2019\/01\/chips-fries-blanching-machine-300x188.jpg 300w, https:\/\/www.potatoturnkey.com\/wp-content\/uploads\/2019\/01\/chips-fries-blanching-machine-768x480.jpg 768w, https:\/\/www.potatoturnkey.com\/wp-content\/uploads\/2019\/01\/chips-fries-blanching-machine-600x375.jpg 600w\" sizes=\"auto, (max-width: 800px) 100vw, 800px\" \/><\/p>\n<h3><strong><b>Caracter\u00edsticas <\/b><\/strong><strong><b>P<\/b><\/strong><strong><b>otato <\/b><\/strong><strong><b>C<\/b><\/strong><strong><b>caderas <\/b><\/strong><strong><b>B<\/b><\/strong><strong><b>lanching <\/b><\/strong><strong><b>M<\/b><\/strong><strong><b>achine<\/b><\/strong><\/h3>\n<ol>\n<li>La m\u00e1quina de escaldado adopta una cinta de malla de acero inoxidable para transportar los materiales, lo que permite un funcionamiento continuo.<\/li>\n<li>La temperatura y el tiempo de escaldado pueden dise\u00f1arse libremente, y la conversi\u00f3n de frecuencia de la cinta de malla es ajustable.<\/li>\n<li>Est\u00e1 hecho de acero inoxidable 304, el espesor del cuerpo principal es de 3 mm, y el espesor de la placa de cubierta es de 2 mm. El espesor de la capa aislante es de 70 mm, lo que puede reducir eficazmente la p\u00e9rdida de calor.<\/li>\n<li>Los procesos de alimentaci\u00f3n, escaldado, descarga y otros pueden funcionar continuamente sin interrupci\u00f3n.<\/li>\n<\/ol>\n<h3><strong><b>Ventajas de<\/b><\/strong><strong><b>\u00a0<\/b><\/strong><strong><b>M\u00e1quina blanqueadora de patatas fritas<\/b><\/strong><\/h3>\n<ul>\n<li>Existen varios m\u00e9todos de calefacci\u00f3n: calefacci\u00f3n el\u00e9ctrica, calefacci\u00f3n de gas, etc.<\/li>\n<li>La producci\u00f3n por hora oscila entre 200 kg\/h-1000 kg\/h, que puede personalizarse.<\/li>\n<li>Aspecto atmosf\u00e9rico, funcionamiento estable, poco ruido, funcionamiento seguro y fiable, gran capacidad y ahorro de energ\u00eda.<\/li>\n<li>Las patatas fritas escaldadas tienen un color m\u00e1s natural, conservan el sabor original y no son propensas a la oxidaci\u00f3n ni al pardeamiento.<\/li>\n<li>Puede mantener el color \u00fanico de las patatas fritas y las patatas fritas, mejorar la suavidad de las c\u00e9lulas, facilitar la evaporaci\u00f3n del agua y sentar una buena base para los requisitos tecnol\u00f3gicos del siguiente proceso.<\/li>\n<li>F\u00e1cil de manejar y de limpiar.<\/li>\n<li>Puede utilizarse con l\u00edneas de producci\u00f3n de patatas fritas o l\u00edneas de producci\u00f3n de patatas fritas.<\/li>\n<\/ul>\n<h3><strong><b>V\u00eddeo de trabajo de <\/b><\/strong><strong><b>P<\/b><\/strong><strong><b>otato <\/b><\/strong><strong><b>C<\/b><\/strong><strong><b>caderas <\/b><\/strong><strong><b>B<\/b><\/strong><strong><b>lanching <\/b><\/strong><strong><b>M<\/b><\/strong><strong><b>achine<\/b><\/strong><\/h3>\n<p>A continuaci\u00f3n se muestra el v\u00eddeo de funcionamiento de esta m\u00e1quina, que puede reducir eficazmente la intensidad de la mano de obra y mejorar la eficiencia del trabajo. Adem\u00e1s, esta m\u00e1quina se utiliza a menudo en diversos procesos de procesamiento de frutas y verduras: escaldado de frutas y verduras, descongelaci\u00f3n de productos c\u00e1rnicos, esterilizaci\u00f3n, etc.<br \/>\n<iframe loading=\"lazy\" title=\"Reproductor de v\u00eddeo YouTube\" src=\"https:\/\/www.youtube.com\/embed\/Th5zYw89bsg\" width=\"850\" height=\"475.5\" frameborder=\"0\" allowfullscreen=\"allowfullscreen\"><span data-mce-type=\"bookmark\" style=\"display: inline-block; width: 0px; overflow: hidden; line-height: 0;\" class=\"mce_SELRES_start\">El pr\u00f3ximo fin de semana se abrir\u00e1 la nueva tienda de comestibles.<\/span><\/iframe><\/p>\n<h3><strong><b>Pasos de la operaci\u00f3n de <\/b><\/strong><strong><b>M\u00e1quina blanqueadora de patatas fritas<\/b><\/strong><\/h3>\n<ol>\n<li>Gire y prepare el chat deseado, fije el tiempo de escaldado necesario y ajuste la velocidad de transporte.<\/li>\n<li>Ajuste la temperatura de escaldado en el regulador de temperatura.<\/li>\n<li>Calentar el agua en el escaldador a la temperatura programada.<\/li>\n<li>Las patatas fritas se env\u00edan a la m\u00e1quina de escaldado desde el extremo de entrada mediante la cinta transportadora, se escaldan con agua caliente y finalmente se descargan por el extremo de salida.<\/li>\n<li>Terminar de escaldar.<\/li>\n<\/ol>\n<p>Si desea obtener un presupuesto, puede dejarnos un mensaje y le proporcionaremos m\u00e1s detalles sobre esta m\u00e1quina escaldadora de patatas fritas lo antes posible.<\/p>\n<h3 class=\"feat_tit\">Datos t\u00e9cnicos:<\/h3>\n<div class=\"tech_con\">\n<table border=\"1\" cellspacing=\"0\">\n<tbody>\n<tr>\n<td>M\u00e1quina<\/td>\n<td>Modelo<\/td>\n<td>Tama\u00f1o\uff08MM\uff09<\/td>\n<td>Peso\uff08KG\uff09<\/td>\n<td>Anchura de la malla\uff08MM\uff09<\/td>\n<\/tr>\n<tr>\n<td rowspan=\"5\">Patatas fritas continuas<\/p>\n<p>m\u00e1quina de escaldado<\/td>\n<td>GGPLQ\/D3500<\/td>\n<td>3700*1400*2300<\/td>\n<td>750<\/td>\n<td>800<\/td>\n<\/tr>\n<tr>\n<td>GGPLQ\/D4000<\/td>\n<td>4200*1400*2300<\/td>\n<td>950<\/td>\n<td>800<\/td>\n<\/tr>\n<tr>\n<td>GGPLQ\/D5000<\/td>\n<td>5200*1400*2300<\/td>\n<td>1100<\/td>\n<td>800<\/td>\n<\/tr>\n<tr>\n<td>GGPLQ\/D6000<\/td>\n<td>6200*1400*2300<\/td>\n<td>1300<\/td>\n<td>800<\/td>\n<\/tr>\n<tr>\n<td>GPLQ\/D7000<\/td>\n<td>7200*1400*2300<\/td>\n<td>1500<\/td>\n<td>800<\/td>\n<\/tr>\n<\/tbody>\n<\/table>\n<div role=\"form\" class=\"wpcf7\" id=\"wpcf7-f1653-o1\" lang=\"en-US\" dir=\"ltr\">\n<div class=\"screen-reader-response\"><p role=\"status\" aria-live=\"polite\" aria-atomic=\"true\"><\/p> <ul><\/ul><\/div>\n<form action=\"\/es\/wp-json\/wp\/v2\/product\/83#wpcf7-f1653-o1\" method=\"post\" class=\"wpcf7-form init\" novalidate=\"novalidate\" data-status=\"init\" data-trp-original-action=\"\/es\/wp-json\/wp\/v2\/product\/83#wpcf7-f1653-o1\">\n<div style=\"display: none;\">\n<input type=\"hidden\" name=\"_wpcf7\" value=\"1653\" \/>\n<input type=\"hidden\" name=\"_wpcf7_version\" value=\"5.5.4\" \/>\n<input type=\"hidden\" name=\"_wpcf7_locale\" value=\"en_US\" \/>\n<input type=\"hidden\" name=\"_wpcf7_unit_tag\" value=\"wpcf7-f1653-o1\" \/>\n<input type=\"hidden\" name=\"_wpcf7_container_post\" value=\"0\" \/>\n<input type=\"hidden\" name=\"_wpcf7_posted_data_hash\" value=\"\" \/>\n<\/div>\n<div style='text-align:center;font-size: 1.6rem;font-weight:bold'>Dejar mensaje para precio<\/div>\n<div class='forml1' style='float:left;width:48%; margin-right:4%'>\n<label> Su nombre<br \/>\n    <span class=\"wpcf7-form-control-wrap your-name\"><input type=\"text\" name=\"your-name\" value=\"\" size=\"40\" class=\"wpcf7-form-control wpcf7-text\" aria-invalid=\"false\" \/><\/span> <\/label><\/p>\n<p><label> *Su correo electr\u00f3nico<br \/>\n    <span class=\"wpcf7-form-control-wrap your-email\"><input type=\"email\" name=\"your-email\" value=\"\" size=\"40\" class=\"wpcf7-form-control wpcf7-text wpcf7-email wpcf7-validates-as-required wpcf7-validates-as-email\" aria-required=\"true\" aria-invalid=\"false\" \/><\/span> <\/label><\/p>\n<p><label> Tel\u00e9fono\/WhatsApp<br \/>\n    <span class=\"wpcf7-form-control-wrap text-100\"><input type=\"text\" name=\"text-100\" value=\"\" size=\"40\" class=\"wpcf7-form-control wpcf7-text\" aria-invalid=\"false\" \/><\/span> <\/label><br \/>\n<label> Su pa\u00eds<br \/>\n    <span class=\"wpcf7-form-control-wrap text-677\"><input type=\"text\" name=\"text-677\" value=\"\" size=\"40\" class=\"wpcf7-form-control wpcf7-text\" aria-invalid=\"false\" \/><\/span> <\/label><br \/>\n<label> Nombre de su empresa<br \/>\n    <span class=\"wpcf7-form-control-wrap text-680\"><input type=\"text\" name=\"text-680\" value=\"\" size=\"40\" class=\"wpcf7-form-control wpcf7-text\" aria-invalid=\"false\" \/><\/span> <\/label><br \/>\n<label> Su sitio web<br \/>\n    <span class=\"wpcf7-form-control-wrap text-216\"><input type=\"text\" name=\"text-216\" value=\"\" size=\"40\" class=\"wpcf7-form-control wpcf7-text\" aria-invalid=\"false\" \/><\/span> <\/label>\n<\/div>\n<div class='forml2' style='float:left;width:48%;'>\n<label> *Su mensaje<br \/>\n    <span class=\"wpcf7-form-control-wrap your-message\"><textarea name=\"your-message\" cols=\"40\" rows=\"10\" class=\"wpcf7-form-control wpcf7-textarea wpcf7-validates-as-required\" aria-required=\"true\" aria-invalid=\"false\"><\/textarea><\/span> <\/label><\/p>\n<p><input type=\"submit\" value=\"Enviar\" class=\"wpcf7-form-control has-spinner wpcf7-submit\" \/><\/p>\n<\/div>\n<div style='clear:both'><\/div>\n<p style=\"display: none !important;\"><label>&#916;<textarea name=\"_wpcf7_ak_hp_textarea\" cols=\"45\" rows=\"8\" maxlength=\"100\"><\/textarea><\/label><input type=\"hidden\" id=\"ak_js\" name=\"_wpcf7_ak_js\" value=\"122\"\/><script>document.getElementById( \"ak_js\" ).setAttribute( \"value\", ( new Date() ).getTime() );<\/script><\/p><div class=\"wpcf7-response-output\" aria-hidden=\"true\"><\/div><input type=\"hidden\" name=\"trp-form-language\" value=\"es\"\/><\/form><\/div>\n<\/div>\n<div style='text-align:left' class='yasr-auto-insert-visitor'><\/div>","protected":false},"excerpt":{"rendered":"<p>Esta m\u00e1quina de escaldado de patatas fritas blanquea las patatas fritas y las patatas fritas para evitar la decoloraci\u00f3n de las patatas fritas y proteger el sabor original. El tiempo de escaldado es ajustable y la temperatura del agua se controla autom\u00e1ticamente.<\/p>","protected":false},"featured_media":1893,"comment_status":"open","ping_status":"closed","template":"","meta":{"extendify_custom_stylesheet":"","site-sidebar-layout":"default","site-content-layout":"default","ast-global-header-display":"","ast-banner-title-visibility":"","ast-main-header-display":"","ast-hfb-above-header-display":"","ast-hfb-below-header-display":"","ast-hfb-mobile-header-display":"","site-post-title":"","ast-breadcrumbs-content":"","ast-featured-img":"","footer-sml-layout":"","theme-transparent-header-meta":"default","adv-header-id-meta":"","stick-header-meta":"","header-above-stick-meta":"","header-main-stick-meta":"","header-below-stick-meta":"","yasr_overall_rating":0,"yasr_post_is_review":"","yasr_auto_insert_disabled":"","yasr_review_type":""},"product_cat":[27],"product_tag":[],"class_list":["post-83","product","type-product","status-publish","has-post-thumbnail","hentry","product_cat-potato-processing-machines","desktop-align-left","tablet-align-left","mobile-align-left"],"yasr_visitor_votes":{"stars_attributes":{"read_only":false,"span_bottom":false},"number_of_votes":1,"sum_votes":5},"yoast_head":"<!-- This site is optimized with the Yoast SEO plugin v20.11 - https:\/\/yoast.com\/wordpress\/plugins\/seo\/ -->\n<title>Continuous Potato Chips And French Fries Blanching Machine<\/title>\n<meta name=\"description\" content=\"This french fries blanching machine can effectively inhibit the activity of mildew and reduce oxidation.\" \/>\n<meta name=\"robots\" content=\"index, follow, max-snippet:-1, max-image-preview:large, max-video-preview:-1\" \/>\n<link rel=\"canonical\" href=\"https:\/\/www.potatoturnkey.com\/es\/product\/fries-chips-blanching-machine\/\" \/>\n<meta property=\"og:locale\" content=\"es_ES\" \/>\n<meta property=\"og:type\" content=\"article\" \/>\n<meta property=\"og:title\" content=\"Continuous Potato Chips And French Fries Blanching Machine\" \/>\n<meta property=\"og:description\" content=\"This french fries blanching machine can effectively inhibit the activity of mildew and reduce oxidation.\" \/>\n<meta property=\"og:url\" content=\"https:\/\/www.potatoturnkey.com\/es\/product\/fries-chips-blanching-machine\/\" \/>\n<meta property=\"og:site_name\" content=\"Potato Process Machines Supplier\" \/>\n<meta property=\"article:modified_time\" content=\"2022-03-11T08:35:03+00:00\" \/>\n<meta property=\"og:image\" content=\"https:\/\/www.potatoturnkey.com\/wp-content\/uploads\/2019\/01\/potato-chips-blanching-machine.jpg\" \/>\n\t<meta property=\"og:image:width\" content=\"600\" \/>\n\t<meta property=\"og:image:height\" content=\"600\" \/>\n\t<meta property=\"og:image:type\" content=\"image\/jpeg\" \/>\n<meta name=\"twitter:card\" content=\"summary_large_image\" \/>\n<meta name=\"twitter:label1\" content=\"Tiempo de lectura\" \/>\n\t<meta name=\"twitter:data1\" content=\"3 minutos\" \/>\n<script type=\"application\/ld+json\" class=\"yoast-schema-graph\">{\"@context\":\"https:\/\/schema.org\",\"@graph\":[{\"@type\":\"WebPage\",\"@id\":\"https:\/\/www.potatoturnkey.com\/product\/fries-chips-blanching-machine\/\",\"url\":\"https:\/\/www.potatoturnkey.com\/product\/fries-chips-blanching-machine\/\",\"name\":\"Continuous Potato Chips And French Fries Blanching Machine\",\"isPartOf\":{\"@id\":\"https:\/\/www.potatoturnkey.com\/#website\"},\"datePublished\":\"2019-01-23T13:18:02+00:00\",\"dateModified\":\"2022-03-11T08:35:03+00:00\",\"description\":\"This french fries blanching machine can effectively inhibit the activity of mildew and reduce oxidation.\",\"breadcrumb\":{\"@id\":\"https:\/\/www.potatoturnkey.com\/product\/fries-chips-blanching-machine\/#breadcrumb\"},\"inLanguage\":\"es\",\"potentialAction\":[{\"@type\":\"ReadAction\",\"target\":[\"https:\/\/www.potatoturnkey.com\/product\/fries-chips-blanching-machine\/\"]}]},{\"@type\":\"BreadcrumbList\",\"@id\":\"https:\/\/www.potatoturnkey.com\/product\/fries-chips-blanching-machine\/#breadcrumb\",\"itemListElement\":[{\"@type\":\"ListItem\",\"position\":1,\"name\":\"Home\",\"item\":\"https:\/\/www.potatoturnkey.com\/\"},{\"@type\":\"ListItem\",\"position\":2,\"name\":\"Products\",\"item\":\"https:\/\/www.potatoturnkey.com\/shop-2__trashed\/\"},{\"@type\":\"ListItem\",\"position\":3,\"name\":\"Continuous Potato Chips And French Fries Blanching Machine\"}]},{\"@type\":\"WebSite\",\"@id\":\"https:\/\/www.potatoturnkey.com\/#website\",\"url\":\"https:\/\/www.potatoturnkey.com\/\",\"name\":\"Potato Process Machines Supplier\",\"description\":\"Potato Turnkey Processing Machine Supplier\",\"publisher\":{\"@id\":\"https:\/\/www.potatoturnkey.com\/#organization\"},\"potentialAction\":[{\"@type\":\"SearchAction\",\"target\":{\"@type\":\"EntryPoint\",\"urlTemplate\":\"https:\/\/www.potatoturnkey.com\/?s={search_term_string}\"},\"query-input\":\"required name=search_term_string\"}],\"inLanguage\":\"es\"},{\"@type\":\"Organization\",\"@id\":\"https:\/\/www.potatoturnkey.com\/#organization\",\"name\":\"Potato Process Machines Supplier\",\"url\":\"https:\/\/www.potatoturnkey.com\/\",\"logo\":{\"@type\":\"ImageObject\",\"inLanguage\":\"es\",\"@id\":\"https:\/\/www.potatoturnkey.com\/#\/schema\/logo\/image\/\",\"url\":\"https:\/\/www.potatoturnkey.com\/wp-content\/uploads\/2022\/02\/potato.png\",\"contentUrl\":\"https:\/\/www.potatoturnkey.com\/wp-content\/uploads\/2022\/02\/potato.png\",\"width\":200,\"height\":200,\"caption\":\"Potato Process Machines Supplier\"},\"image\":{\"@id\":\"https:\/\/www.potatoturnkey.com\/#\/schema\/logo\/image\/\"}},false]}<\/script>\n<!-- \/ Yoast SEO plugin. -->","yoast_head_json":{"title":"Continuous Potato Chips And French Fries Blanching Machine","description":"This french fries blanching machine can effectively inhibit the activity of mildew and reduce oxidation.","robots":{"index":"index","follow":"follow","max-snippet":"max-snippet:-1","max-image-preview":"max-image-preview:large","max-video-preview":"max-video-preview:-1"},"canonical":"https:\/\/www.potatoturnkey.com\/es\/product\/fries-chips-blanching-machine\/","og_locale":"es_ES","og_type":"article","og_title":"Continuous Potato Chips And French Fries Blanching Machine","og_description":"This french fries blanching machine can effectively inhibit the activity of mildew and reduce oxidation.","og_url":"https:\/\/www.potatoturnkey.com\/es\/product\/fries-chips-blanching-machine\/","og_site_name":"Potato Process Machines Supplier","article_modified_time":"2022-03-11T08:35:03+00:00","og_image":[{"width":600,"height":600,"url":"https:\/\/www.potatoturnkey.com\/wp-content\/uploads\/2019\/01\/potato-chips-blanching-machine.jpg","type":"image\/jpeg"}],"twitter_card":"summary_large_image","twitter_misc":{"Tiempo de lectura":"3 minutos"},"schema":{"@context":"https:\/\/schema.org","@graph":[{"@type":"WebPage","@id":"https:\/\/www.potatoturnkey.com\/product\/fries-chips-blanching-machine\/","url":"https:\/\/www.potatoturnkey.com\/product\/fries-chips-blanching-machine\/","name":"Continuous Potato Chips And French Fries Blanching Machine","isPartOf":{"@id":"https:\/\/www.potatoturnkey.com\/#website"},"datePublished":"2019-01-23T13:18:02+00:00","dateModified":"2022-03-11T08:35:03+00:00","description":"This french fries blanching machine can effectively inhibit the activity of mildew and reduce oxidation.","breadcrumb":{"@id":"https:\/\/www.potatoturnkey.com\/product\/fries-chips-blanching-machine\/#breadcrumb"},"inLanguage":"es","potentialAction":[{"@type":"ReadAction","target":["https:\/\/www.potatoturnkey.com\/product\/fries-chips-blanching-machine\/"]}]},{"@type":"BreadcrumbList","@id":"https:\/\/www.potatoturnkey.com\/product\/fries-chips-blanching-machine\/#breadcrumb","itemListElement":[{"@type":"ListItem","position":1,"name":"Home","item":"https:\/\/www.potatoturnkey.com\/"},{"@type":"ListItem","position":2,"name":"Products","item":"https:\/\/www.potatoturnkey.com\/shop-2__trashed\/"},{"@type":"ListItem","position":3,"name":"Continuous Potato Chips And French Fries Blanching Machine"}]},{"@type":"WebSite","@id":"https:\/\/www.potatoturnkey.com\/#website","url":"https:\/\/www.potatoturnkey.com\/","name":"Potato Process Machines Supplier","description":"Potato Turnkey Processing Machine Supplier","publisher":{"@id":"https:\/\/www.potatoturnkey.com\/#organization"},"potentialAction":[{"@type":"SearchAction","target":{"@type":"EntryPoint","urlTemplate":"https:\/\/www.potatoturnkey.com\/?s={search_term_string}"},"query-input":"required name=search_term_string"}],"inLanguage":"es"},{"@type":"Organization","@id":"https:\/\/www.potatoturnkey.com\/#organization","name":"Potato Process Machines Supplier","url":"https:\/\/www.potatoturnkey.com\/","logo":{"@type":"ImageObject","inLanguage":"es","@id":"https:\/\/www.potatoturnkey.com\/#\/schema\/logo\/image\/","url":"https:\/\/www.potatoturnkey.com\/wp-content\/uploads\/2022\/02\/potato.png","contentUrl":"https:\/\/www.potatoturnkey.com\/wp-content\/uploads\/2022\/02\/potato.png","width":200,"height":200,"caption":"Potato Process Machines Supplier"},"image":{"@id":"https:\/\/www.potatoturnkey.com\/#\/schema\/logo\/image\/"}},false]}},"_links":{"self":[{"href":"https:\/\/www.potatoturnkey.com\/es\/wp-json\/wp\/v2\/product\/83","targetHints":{"allow":["GET"]}}],"collection":[{"href":"https:\/\/www.potatoturnkey.com\/es\/wp-json\/wp\/v2\/product"}],"about":[{"href":"https:\/\/www.potatoturnkey.com\/es\/wp-json\/wp\/v2\/types\/product"}],"replies":[{"embeddable":true,"href":"https:\/\/www.potatoturnkey.com\/es\/wp-json\/wp\/v2\/comments?post=83"}],"wp:featuredmedia":[{"embeddable":true,"href":"https:\/\/www.potatoturnkey.com\/es\/wp-json\/wp\/v2\/media\/1893"}],"wp:attachment":[{"href":"https:\/\/www.potatoturnkey.com\/es\/wp-json\/wp\/v2\/media?parent=83"}],"wp:term":[{"taxonomy":"product_cat","embeddable":true,"href":"https:\/\/www.potatoturnkey.com\/es\/wp-json\/wp\/v2\/product_cat?post=83"},{"taxonomy":"product_tag","embeddable":true,"href":"https:\/\/www.potatoturnkey.com\/es\/wp-json\/wp\/v2\/product_tag?post=83"}],"curies":[{"name":"wp","href":"https:\/\/api.w.org\/{rel}","templated":true}]}}