{"id":82,"date":"2019-01-23T12:23:25","date_gmt":"2019-01-23T12:23:25","guid":{"rendered":"http:\/\/www.potatoturnkey.com\/product\/rattle-snake-tail\/"},"modified":"2026-02-26T19:22:08","modified_gmt":"2026-02-26T11:22:08","slug":"finger-chips-frying-machine","status":"publish","type":"product","link":"https:\/\/www.potatoturnkey.com\/es\/product\/finger-chips-frying-machine\/","title":{"rendered":"M\u00e1quina para fre\u00edr patatas fritas de dedo de alta calidad"},"content":{"rendered":"<p>Las patatas se procesan a menudo en patatas fritas o patatas fritas. Toda la m\u00e1quina freidora de papas fritas finger chips proporcionada por nuestra empresa est\u00e1 hecha de acero inoxidable, que tiene una alta eficiencia t\u00e9rmica, ahorra el consumo de combustible y puede ahorrar energ\u00eda. No hay carbonataci\u00f3n durante la fritura. Adem\u00e1s, la producci\u00f3n de esta m\u00e1quina para hacer finger chips por hora est\u00e1 entre 200kg\/h-1000kg\/h de ra\u00edz de loto, \u00a1y soporta personalizaci\u00f3n!<\/p>\n<p><img loading=\"lazy\" decoding=\"async\" class=\"alignnone wp-image-1898 size-full\" src=\"https:\/\/www.potatoturnkey.com\/wp-content\/uploads\/2019\/01\/potato-finger-chips-frying-machine.jpg\" alt=\"m\u00e1quina para fre\u00edr patatas fritas\" width=\"800\" height=\"500\" srcset=\"https:\/\/www.potatoturnkey.com\/wp-content\/uploads\/2019\/01\/potato-finger-chips-frying-machine.jpg 800w, https:\/\/www.potatoturnkey.com\/wp-content\/uploads\/2019\/01\/potato-finger-chips-frying-machine-300x188.jpg 300w, https:\/\/www.potatoturnkey.com\/wp-content\/uploads\/2019\/01\/potato-finger-chips-frying-machine-768x480.jpg 768w, https:\/\/www.potatoturnkey.com\/wp-content\/uploads\/2019\/01\/potato-finger-chips-frying-machine-600x375.jpg 600w\" sizes=\"auto, (max-width: 800px) 100vw, 800px\" \/><\/p>\n<h3><strong><b>Estructural <\/b><\/strong><strong><b>F<\/b><\/strong><strong><b>eatures <\/b><\/strong><strong><b>O<\/b><\/strong><strong><b>f <\/b><\/strong><strong><b>M\u00e1quina freidora de patatas fritas<\/b><\/strong><\/h3>\n<ul>\n<li>Toda la m\u00e1quina de finger chips se compone de un sistema de transporte por cinta, un sistema de elevaci\u00f3n, un sistema autom\u00e1tico de raspado de escoria, un sistema de control autom\u00e1tico, un sistema de circulaci\u00f3n de aceite caliente, un sistema de calefacci\u00f3n y un sistema de escape de humos.<\/li>\n<li>El material aislante de silicato de aluminio se instala antes de la carcasa y el cuerpo para reducir la p\u00e9rdida de calor.<\/li>\n<li>Equipada con controlador autom\u00e1tico de temperatura, cinta de malla de doble capa para el transporte de materiales, sistema de elevaci\u00f3n autom\u00e1tico.<\/li>\n<li>Equipado con mirilla, salida de aguas residuales, panel de control PLC, pantalla de filtro, tanque de almacenamiento de aceite y dispositivo de filtro de aceite.<\/li>\n<li>Hay poleas en la parte inferior para facilitar el movimiento.<\/li>\n<\/ul>\n<h3><strong><b>Ventajas competitivas <\/b><\/strong><strong><b>O<\/b><\/strong><strong><b>f<\/b><\/strong><strong><b>\u00a0M\u00e1quina de fabricaci\u00f3n de chips de dedo<\/b><\/strong><\/h3>\n<ul>\n<li>Alta eficiencia de trabajo, tiene una larga vida \u00fatil y se puede personalizar.<\/li>\n<li>Descarga autom\u00e1tica y alimentaci\u00f3n autom\u00e1tica. Los finger chips fritos son de calidad estable.<\/li>\n<li>La fuente de calor de esta m\u00e1quina puede ser la electricidad y el gas.<\/li>\n<li>El aceite se puede reciclar y reutilizar, por lo que no es necesario cambiarlo todos los d\u00edas, lo que ahorra costes.<\/li>\n<li>La temperatura y el tiempo de fritura se pueden ajustar libremente seg\u00fan los diferentes alimentos fritos, y puede fre\u00edr una variedad de materiales al mismo tiempo.<\/li>\n<li>Fre\u00edr uniformemente, sin carbonizaci\u00f3n, garantizar un entorno de trabajo limpio e higi\u00e9nico y lograr una producci\u00f3n continua a temperatura constante.<\/li>\n<li>Esta m\u00e1quina para hacer papas fritas puede ser usada con una m\u00e1quina desaceitadora y tambi\u00e9n es com\u00fanmente usada en l\u00edneas de producci\u00f3n de papas fritas y l\u00edneas de producci\u00f3n de papas fritas.<\/li>\n<\/ul>\n<h3><strong><b>Trabajar en <\/b><\/strong><strong><b>V<\/b><\/strong><strong><b>ideo <\/b><\/strong><strong><b>O<\/b><\/strong><strong><b>f <\/b><\/strong><strong><b>M\u00e1quina de fabricaci\u00f3n de patatas fritas<\/b><\/strong><\/h3>\n<p>Las patatas fritas entran en la m\u00e1quina entre dos cintas de malla, lo que impide que los alimentos floten y hace que la fritura sea m\u00e1s uniforme. Este tipo de freidora tiene un mayor \u00edndice de ahorro de combustible que las freidoras ordinarias, ahorrando de 50% a 60% de combustible.<\/p>\n<h3><iframe loading=\"lazy\" title=\"Reproductor de v\u00eddeo YouTube\" src=\"https:\/\/www.youtube.com\/embed\/UI1OCGIddxk\" width=\"850\" height=\"475.5\" frameborder=\"0\" allowfullscreen=\"allowfullscreen\"><span data-mce-type=\"bookmark\" style=\"display: inline-block; width: 0px; overflow: hidden; line-height: 0;\" class=\"mce_SELRES_start\">El pr\u00f3ximo fin de semana se abrir\u00e1 la nueva tienda de comestibles.<\/span><\/iframe><\/h3>\n<h3><strong><b>Operaci\u00f3n <\/b><\/strong><strong><b>S<\/b><\/strong><strong><b>teps <\/b><\/strong><strong><b>O<\/b><\/strong><strong><b>f <\/b><\/strong><strong><b>M\u00e1quina freidora de patatas fritas<\/b><\/strong><\/h3>\n<ol>\n<li>Limpie el interior de la freidora de patatas fritas, elimine las materias extra\u00f1as, la suciedad y seque el agua.<\/li>\n<li>\u00a0Compruebe si el cable de alimentaci\u00f3n, el interruptor, el indicador luminoso, el conector y el motor son normales.<\/li>\n<li>Cierre la v\u00e1lvula de descarga de aceite y la v\u00e1lvula de descarga de escoria.<\/li>\n<li>A\u00f1adir agua al dep\u00f3sito de aceite a trav\u00e9s de la parte superior del dep\u00f3sito de aceite, e inyectar aceite desde la parte superior del dep\u00f3sito de aceite.<\/li>\n<li>Conecte el agua de refrigeraci\u00f3n al conector de agua de refrigeraci\u00f3n y mant\u00e9ngala conectada durante el funcionamiento.<\/li>\n<li>Conecta la alimentaci\u00f3n.<\/li>\n<li>Encienda el interruptor del mando de la calefacci\u00f3n para empezar a calentar.<\/li>\n<li>Cuando la temperatura del aceite alcance la temperatura fijada, encienda el motor de la cinta de malla para que la cinta transportadora empiece a funcionar.<\/li>\n<li>Programar el tiempo de fritura, poner las patatas fritas de dedo en la entrada para fre\u00edr.<\/li>\n<li>Una vez finalizado el trabajo, desconecte la corriente y cierre la v\u00e1lvula del agua de refrigeraci\u00f3n.<\/li>\n<\/ol>\n<p>Si desea obtener m\u00e1s detalles acerca de esta m\u00e1quina para hacer patatas fritas, puede dejarnos un mensaje.<\/p>\n<h3>Par\u00e1metros t\u00e9cnicos de la m\u00e1quina freidora de papas fritas de dedo<\/h3>\n<table border=\"1\" cellspacing=\"0\">\n<tbody>\n<tr>\n<td>Modelo<\/td>\n<td>Anchura de la cinta<br \/>\n(mm)<\/td>\n<td>potencia de la bomba de aceite<br \/>\n(kw)<\/td>\n<td>fuerza de elevaci\u00f3n<br \/>\n(kw)<\/td>\n<td>potencia calor\u00edfica<\/td>\n<td>Dimensi\u00f3n<br \/>\n(mm)<\/td>\n<\/tr>\n<tr>\n<td>GGLZG3500A<\/td>\n<td>800<\/td>\n<td>1.5<\/td>\n<td>0.55<\/td>\n<td>20Wkcal<\/td>\n<td>3700*1900*2400<\/td>\n<\/tr>\n<tr>\n<td>GGLZG5000A<\/td>\n<td>800<\/td>\n<td>1.5<\/td>\n<td>0.55*2<\/td>\n<td>30Wkcal<\/td>\n<td>5200*1900*2400<\/td>\n<\/tr>\n<tr>\n<td>GGLZG6500A<\/td>\n<td>800<\/td>\n<td>1.5<\/td>\n<td>0.75*2<\/td>\n<td>20Wkcal*2<\/td>\n<td>6700*1900*2400<\/td>\n<\/tr>\n<tr>\n<td>GGLZG8000A<\/td>\n<td>800<\/td>\n<td>2.2<\/td>\n<td>0.75*2<\/td>\n<td>30Wkcal*2<\/td>\n<td>8200*1900*2400<\/td>\n<\/tr>\n<tr>\n<td>GGLZE3500A<\/td>\n<td>800<\/td>\n<td>1.5<\/td>\n<td>0.55<\/td>\n<td>90KW<\/td>\n<td>3700*1600*2200<\/td>\n<\/tr>\n<tr>\n<td>GGLZE5000A<\/td>\n<td>800<\/td>\n<td>1.5<\/td>\n<td>0.55*2<\/td>\n<td>120kw<\/td>\n<td>5200*1600*2200<\/td>\n<\/tr>\n<tr>\n<td>GGLZE6500A<\/td>\n<td>800<\/td>\n<td>1.5<\/td>\n<td>0.75*2<\/td>\n<td>190kw<\/td>\n<td>6700*1600*2200<\/td>\n<\/tr>\n<tr>\n<td>GGLZE8000A<\/td>\n<td>800<\/td>\n<td>2.2<\/td>\n<td>0.75*2<\/td>\n<td>255kw<\/td>\n<td>8200*1600*2200<\/td>\n<\/tr>\n<\/tbody>\n<\/table>\n<div role=\"form\" class=\"wpcf7\" id=\"wpcf7-f1653-o1\" lang=\"en-US\" dir=\"ltr\">\n<div class=\"screen-reader-response\"><p role=\"status\" aria-live=\"polite\" aria-atomic=\"true\"><\/p> <ul><\/ul><\/div>\n<form action=\"\/es\/wp-json\/wp\/v2\/product\/82#wpcf7-f1653-o1\" method=\"post\" class=\"wpcf7-form init\" novalidate=\"novalidate\" data-status=\"init\" data-trp-original-action=\"\/es\/wp-json\/wp\/v2\/product\/82#wpcf7-f1653-o1\">\n<div style=\"display: none;\">\n<input type=\"hidden\" name=\"_wpcf7\" value=\"1653\" \/>\n<input type=\"hidden\" name=\"_wpcf7_version\" value=\"5.5.4\" \/>\n<input type=\"hidden\" name=\"_wpcf7_locale\" value=\"en_US\" \/>\n<input type=\"hidden\" name=\"_wpcf7_unit_tag\" value=\"wpcf7-f1653-o1\" \/>\n<input type=\"hidden\" name=\"_wpcf7_container_post\" value=\"0\" \/>\n<input type=\"hidden\" name=\"_wpcf7_posted_data_hash\" value=\"\" \/>\n<\/div>\n<div style='text-align:center;font-size: 1.6rem;font-weight:bold'>Dejar mensaje para precio<\/div>\n<div class='forml1' style='float:left;width:48%; margin-right:4%'>\n<label> Su nombre<br \/>\n    <span class=\"wpcf7-form-control-wrap your-name\"><input type=\"text\" name=\"your-name\" value=\"\" size=\"40\" class=\"wpcf7-form-control wpcf7-text\" aria-invalid=\"false\" \/><\/span> <\/label><\/p>\n<p><label> *Su correo electr\u00f3nico<br \/>\n    <span class=\"wpcf7-form-control-wrap your-email\"><input type=\"email\" name=\"your-email\" value=\"\" size=\"40\" class=\"wpcf7-form-control wpcf7-text wpcf7-email wpcf7-validates-as-required wpcf7-validates-as-email\" aria-required=\"true\" aria-invalid=\"false\" \/><\/span> <\/label><\/p>\n<p><label> Tel\u00e9fono\/WhatsApp<br \/>\n    <span class=\"wpcf7-form-control-wrap text-100\"><input type=\"text\" name=\"text-100\" value=\"\" size=\"40\" class=\"wpcf7-form-control wpcf7-text\" aria-invalid=\"false\" \/><\/span> <\/label><br \/>\n<label> Su pa\u00eds<br \/>\n    <span class=\"wpcf7-form-control-wrap text-677\"><input type=\"text\" name=\"text-677\" value=\"\" size=\"40\" class=\"wpcf7-form-control wpcf7-text\" aria-invalid=\"false\" \/><\/span> <\/label><br \/>\n<label> Nombre de su empresa<br \/>\n    <span class=\"wpcf7-form-control-wrap text-680\"><input type=\"text\" name=\"text-680\" value=\"\" size=\"40\" class=\"wpcf7-form-control wpcf7-text\" aria-invalid=\"false\" \/><\/span> <\/label><br \/>\n<label> Su sitio web<br \/>\n    <span class=\"wpcf7-form-control-wrap text-216\"><input type=\"text\" name=\"text-216\" value=\"\" size=\"40\" class=\"wpcf7-form-control wpcf7-text\" aria-invalid=\"false\" \/><\/span> <\/label>\n<\/div>\n<div class='forml2' style='float:left;width:48%;'>\n<label> *Su mensaje<br \/>\n    <span class=\"wpcf7-form-control-wrap your-message\"><textarea name=\"your-message\" cols=\"40\" rows=\"10\" class=\"wpcf7-form-control wpcf7-textarea wpcf7-validates-as-required\" aria-required=\"true\" aria-invalid=\"false\"><\/textarea><\/span> <\/label><\/p>\n<p><input type=\"submit\" value=\"Enviar\" class=\"wpcf7-form-control has-spinner wpcf7-submit\" \/><\/p>\n<\/div>\n<div style='clear:both'><\/div>\n<p style=\"display: none !important;\"><label>&#916;<textarea name=\"_wpcf7_ak_hp_textarea\" cols=\"45\" rows=\"8\" maxlength=\"100\"><\/textarea><\/label><input type=\"hidden\" id=\"ak_js\" name=\"_wpcf7_ak_js\" value=\"228\"\/><script>document.getElementById( \"ak_js\" ).setAttribute( \"value\", ( new Date() ).getTime() );<\/script><\/p><div class=\"wpcf7-response-output\" aria-hidden=\"true\"><\/div><input type=\"hidden\" name=\"trp-form-language\" value=\"es\"\/><\/form><\/div>\n<div style='text-align:left' class='yasr-auto-insert-visitor'><\/div>","protected":false},"excerpt":{"rendered":"<p>Esta m\u00e1quina freidora de patatas fritas puede realizar la integraci\u00f3n de alimentaci\u00f3n, fritura y descarga, modo de trabajo totalmente autom\u00e1tico, ahorrando mano de obra.<\/p>","protected":false},"featured_media":1896,"comment_status":"open","ping_status":"closed","template":"","meta":{"extendify_custom_stylesheet":"","site-sidebar-layout":"default","site-content-layout":"default","ast-global-header-display":"","ast-banner-title-visibility":"","ast-main-header-display":"","ast-hfb-above-header-display":"","ast-hfb-below-header-display":"","ast-hfb-mobile-header-display":"","site-post-title":"","ast-breadcrumbs-content":"","ast-featured-img":"","footer-sml-layout":"","theme-transparent-header-meta":"default","adv-header-id-meta":"","stick-header-meta":"","header-above-stick-meta":"","header-main-stick-meta":"","header-below-stick-meta":"","yasr_overall_rating":0,"yasr_post_is_review":"","yasr_auto_insert_disabled":"","yasr_review_type":""},"product_cat":[27],"product_tag":[],"class_list":["post-82","product","type-product","status-publish","has-post-thumbnail","hentry","product_cat-potato-processing-machines","desktop-align-left","tablet-align-left","mobile-align-left"],"yasr_visitor_votes":{"stars_attributes":{"read_only":false,"span_bottom":false},"number_of_votes":0,"sum_votes":0},"yoast_head":"<!-- This site is optimized with the Yoast SEO plugin v20.11 - https:\/\/yoast.com\/wordpress\/plugins\/seo\/ -->\n<title>High Quality Potato Finger Chips Frying Machine<\/title>\n<meta name=\"description\" content=\"The finger chips frying machine can fry a variety of foods, and can be equipped with oil storage tanks, oil filter devices, etc.\" \/>\n<meta name=\"robots\" content=\"index, follow, max-snippet:-1, max-image-preview:large, max-video-preview:-1\" \/>\n<link rel=\"canonical\" href=\"https:\/\/www.potatoturnkey.com\/es\/product\/finger-chips-frying-machine\/\" \/>\n<meta property=\"og:locale\" content=\"es_ES\" \/>\n<meta property=\"og:type\" content=\"article\" \/>\n<meta property=\"og:title\" content=\"High Quality Potato Finger Chips Frying Machine\" \/>\n<meta property=\"og:description\" content=\"The finger chips frying machine can fry a variety of foods, and can be equipped with oil storage tanks, oil filter devices, etc.\" \/>\n<meta property=\"og:url\" content=\"https:\/\/www.potatoturnkey.com\/es\/product\/finger-chips-frying-machine\/\" \/>\n<meta property=\"og:site_name\" content=\"Potato Process Machines Supplier\" \/>\n<meta property=\"article:modified_time\" content=\"2026-02-26T11:22:08+00:00\" \/>\n<meta property=\"og:image\" content=\"https:\/\/www.potatoturnkey.com\/wp-content\/uploads\/2019\/01\/finger-chips-frying-machine.jpg\" \/>\n\t<meta property=\"og:image:width\" content=\"600\" \/>\n\t<meta property=\"og:image:height\" content=\"600\" \/>\n\t<meta property=\"og:image:type\" content=\"image\/jpeg\" \/>\n<meta name=\"twitter:card\" content=\"summary_large_image\" \/>\n<meta name=\"twitter:label1\" content=\"Tiempo de lectura\" \/>\n\t<meta name=\"twitter:data1\" content=\"3 minutos\" \/>\n<script type=\"application\/ld+json\" class=\"yoast-schema-graph\">{\"@context\":\"https:\/\/schema.org\",\"@graph\":[{\"@type\":\"WebPage\",\"@id\":\"https:\/\/www.potatoturnkey.com\/product\/finger-chips-frying-machine\/\",\"url\":\"https:\/\/www.potatoturnkey.com\/product\/finger-chips-frying-machine\/\",\"name\":\"High Quality Potato Finger Chips Frying Machine\",\"isPartOf\":{\"@id\":\"https:\/\/www.potatoturnkey.com\/#website\"},\"datePublished\":\"2019-01-23T12:23:25+00:00\",\"dateModified\":\"2026-02-26T11:22:08+00:00\",\"description\":\"The finger chips frying machine can fry a variety of foods, and can be equipped with oil storage tanks, oil filter devices, etc.\",\"breadcrumb\":{\"@id\":\"https:\/\/www.potatoturnkey.com\/product\/finger-chips-frying-machine\/#breadcrumb\"},\"inLanguage\":\"es\",\"potentialAction\":[{\"@type\":\"ReadAction\",\"target\":[\"https:\/\/www.potatoturnkey.com\/product\/finger-chips-frying-machine\/\"]}]},{\"@type\":\"BreadcrumbList\",\"@id\":\"https:\/\/www.potatoturnkey.com\/product\/finger-chips-frying-machine\/#breadcrumb\",\"itemListElement\":[{\"@type\":\"ListItem\",\"position\":1,\"name\":\"Home\",\"item\":\"https:\/\/www.potatoturnkey.com\/\"},{\"@type\":\"ListItem\",\"position\":2,\"name\":\"Products\",\"item\":\"https:\/\/www.potatoturnkey.com\/shop-2__trashed\/\"},{\"@type\":\"ListItem\",\"position\":3,\"name\":\"High Quality Potato Finger Chips Frying Machine\"}]},{\"@type\":\"WebSite\",\"@id\":\"https:\/\/www.potatoturnkey.com\/#website\",\"url\":\"https:\/\/www.potatoturnkey.com\/\",\"name\":\"Potato Process Machines Supplier\",\"description\":\"Potato Turnkey Processing Machine Supplier\",\"publisher\":{\"@id\":\"https:\/\/www.potatoturnkey.com\/#organization\"},\"potentialAction\":[{\"@type\":\"SearchAction\",\"target\":{\"@type\":\"EntryPoint\",\"urlTemplate\":\"https:\/\/www.potatoturnkey.com\/?s={search_term_string}\"},\"query-input\":\"required name=search_term_string\"}],\"inLanguage\":\"es\"},{\"@type\":\"Organization\",\"@id\":\"https:\/\/www.potatoturnkey.com\/#organization\",\"name\":\"Potato Process Machines Supplier\",\"url\":\"https:\/\/www.potatoturnkey.com\/\",\"logo\":{\"@type\":\"ImageObject\",\"inLanguage\":\"es\",\"@id\":\"https:\/\/www.potatoturnkey.com\/#\/schema\/logo\/image\/\",\"url\":\"https:\/\/www.potatoturnkey.com\/wp-content\/uploads\/2022\/02\/potato.png\",\"contentUrl\":\"https:\/\/www.potatoturnkey.com\/wp-content\/uploads\/2022\/02\/potato.png\",\"width\":200,\"height\":200,\"caption\":\"Potato Process Machines Supplier\"},\"image\":{\"@id\":\"https:\/\/www.potatoturnkey.com\/#\/schema\/logo\/image\/\"}},false]}<\/script>\n<!-- \/ Yoast SEO plugin. -->","yoast_head_json":{"title":"High Quality Potato Finger Chips Frying Machine","description":"The finger chips frying machine can fry a variety of foods, and can be equipped with oil storage tanks, oil filter devices, etc.","robots":{"index":"index","follow":"follow","max-snippet":"max-snippet:-1","max-image-preview":"max-image-preview:large","max-video-preview":"max-video-preview:-1"},"canonical":"https:\/\/www.potatoturnkey.com\/es\/product\/finger-chips-frying-machine\/","og_locale":"es_ES","og_type":"article","og_title":"High Quality Potato Finger Chips Frying Machine","og_description":"The finger chips frying machine can fry a variety of foods, and can be equipped with oil storage tanks, oil filter devices, etc.","og_url":"https:\/\/www.potatoturnkey.com\/es\/product\/finger-chips-frying-machine\/","og_site_name":"Potato Process Machines Supplier","article_modified_time":"2026-02-26T11:22:08+00:00","og_image":[{"width":600,"height":600,"url":"https:\/\/www.potatoturnkey.com\/wp-content\/uploads\/2019\/01\/finger-chips-frying-machine.jpg","type":"image\/jpeg"}],"twitter_card":"summary_large_image","twitter_misc":{"Tiempo de lectura":"3 minutos"},"schema":{"@context":"https:\/\/schema.org","@graph":[{"@type":"WebPage","@id":"https:\/\/www.potatoturnkey.com\/product\/finger-chips-frying-machine\/","url":"https:\/\/www.potatoturnkey.com\/product\/finger-chips-frying-machine\/","name":"High Quality Potato Finger Chips Frying Machine","isPartOf":{"@id":"https:\/\/www.potatoturnkey.com\/#website"},"datePublished":"2019-01-23T12:23:25+00:00","dateModified":"2026-02-26T11:22:08+00:00","description":"The finger chips frying machine can fry a variety of foods, and can be equipped with oil storage tanks, oil filter devices, etc.","breadcrumb":{"@id":"https:\/\/www.potatoturnkey.com\/product\/finger-chips-frying-machine\/#breadcrumb"},"inLanguage":"es","potentialAction":[{"@type":"ReadAction","target":["https:\/\/www.potatoturnkey.com\/product\/finger-chips-frying-machine\/"]}]},{"@type":"BreadcrumbList","@id":"https:\/\/www.potatoturnkey.com\/product\/finger-chips-frying-machine\/#breadcrumb","itemListElement":[{"@type":"ListItem","position":1,"name":"Home","item":"https:\/\/www.potatoturnkey.com\/"},{"@type":"ListItem","position":2,"name":"Products","item":"https:\/\/www.potatoturnkey.com\/shop-2__trashed\/"},{"@type":"ListItem","position":3,"name":"High Quality Potato Finger Chips Frying Machine"}]},{"@type":"WebSite","@id":"https:\/\/www.potatoturnkey.com\/#website","url":"https:\/\/www.potatoturnkey.com\/","name":"Potato Process Machines Supplier","description":"Potato Turnkey Processing Machine Supplier","publisher":{"@id":"https:\/\/www.potatoturnkey.com\/#organization"},"potentialAction":[{"@type":"SearchAction","target":{"@type":"EntryPoint","urlTemplate":"https:\/\/www.potatoturnkey.com\/?s={search_term_string}"},"query-input":"required name=search_term_string"}],"inLanguage":"es"},{"@type":"Organization","@id":"https:\/\/www.potatoturnkey.com\/#organization","name":"Potato Process Machines Supplier","url":"https:\/\/www.potatoturnkey.com\/","logo":{"@type":"ImageObject","inLanguage":"es","@id":"https:\/\/www.potatoturnkey.com\/#\/schema\/logo\/image\/","url":"https:\/\/www.potatoturnkey.com\/wp-content\/uploads\/2022\/02\/potato.png","contentUrl":"https:\/\/www.potatoturnkey.com\/wp-content\/uploads\/2022\/02\/potato.png","width":200,"height":200,"caption":"Potato Process Machines Supplier"},"image":{"@id":"https:\/\/www.potatoturnkey.com\/#\/schema\/logo\/image\/"}},false]}},"_links":{"self":[{"href":"https:\/\/www.potatoturnkey.com\/es\/wp-json\/wp\/v2\/product\/82","targetHints":{"allow":["GET"]}}],"collection":[{"href":"https:\/\/www.potatoturnkey.com\/es\/wp-json\/wp\/v2\/product"}],"about":[{"href":"https:\/\/www.potatoturnkey.com\/es\/wp-json\/wp\/v2\/types\/product"}],"replies":[{"embeddable":true,"href":"https:\/\/www.potatoturnkey.com\/es\/wp-json\/wp\/v2\/comments?post=82"}],"wp:featuredmedia":[{"embeddable":true,"href":"https:\/\/www.potatoturnkey.com\/es\/wp-json\/wp\/v2\/media\/1896"}],"wp:attachment":[{"href":"https:\/\/www.potatoturnkey.com\/es\/wp-json\/wp\/v2\/media?parent=82"}],"wp:term":[{"taxonomy":"product_cat","embeddable":true,"href":"https:\/\/www.potatoturnkey.com\/es\/wp-json\/wp\/v2\/product_cat?post=82"},{"taxonomy":"product_tag","embeddable":true,"href":"https:\/\/www.potatoturnkey.com\/es\/wp-json\/wp\/v2\/product_tag?post=82"}],"curies":[{"name":"wp","href":"https:\/\/api.w.org\/{rel}","templated":true}]}}