{"id":81,"date":"2019-01-23T12:21:23","date_gmt":"2019-01-23T12:21:23","guid":{"rendered":"http:\/\/www.potatoturnkey.com\/product\/mini-astrophytum\/"},"modified":"2024-07-09T14:41:54","modified_gmt":"2024-07-09T06:41:54","slug":"potato-chips-production-plant","status":"publish","type":"product","link":"https:\/\/www.potatoturnkey.com\/es\/product\/potato-chips-production-plant\/","title":{"rendered":"L\u00ednea autom\u00e1tica de procesamiento de patatas fritas de eficacia innovadora"},"content":{"rendered":"<p>La l\u00ednea de producci\u00f3n autom\u00e1tica de patatas fritas es un conjunto de eficientes equipos de producci\u00f3n que integran el tratamiento de las patatas, la fritura, el condimento y el envasado. Adoptando tecnolog\u00eda y procesos avanzados, puede realizar la producci\u00f3n autom\u00e1tica desde la patata hasta las patatas fritas, lo que mejora enormemente la eficiencia de la producci\u00f3n y la calidad del producto.<\/p>\n<p>&nbsp;<\/p>\n<p><strong>L\u00ednea autom\u00e1tica de procesamiento de patatas fritas Capacidad:<\/strong><\/p>\n<hr \/>\n<p>Opciones personalizables: 100kg\/h, 300kg\/h, 400kg\/h, 800kg\/h, 1200kg\/h, 2000kg\/h.<\/p>\n<p>La proporci\u00f3n entre patatas y patatas fritas es de aproximadamente 4:1.<\/p>\n<p>&nbsp;<\/p>\n<p><strong>Pasos del procesamiento de patatas fritas:<\/strong><\/p>\n<hr \/>\n<p><a href=\"https:\/\/www.potatoturnkey.com\/es\/product\/potato-washing-cleaning-equipment\/\">M\u00e1quina limpiadora y peladora de patatas<\/a>: Se utiliza para limpiar patatas frescas, y puede completar el trabajo de limpieza y pelado al mismo tiempo. Alta eficiencia y baja p\u00e9rdida.<\/p>\n<p>M\u00e1quina cortadora de patatas en rodajas: Corta las patatas en rodajas, y el grosor de las rodajas se puede ajustar a voluntad.<\/p>\n<p>M\u00e1quina escaldadora de patatas fritas: Aclara la rodaja de patata cortada y protege el color. Hace que las patatas fritas est\u00e9n m\u00e1s crujientes.<\/p>\n<p><a href=\"https:\/\/www.potatoturnkey.com\/es\/product\/potato-chips-frying-machine-sale\/\">M\u00e1quina freidora de patatas fritas<\/a>: Las patatas fritas escurridas se transportan a la freidora para fre\u00edrlas, y la temperatura del aceite se controla con precisi\u00f3n, garantizando as\u00ed la calidad y el sabor de las patatas fritas.<\/p>\n<p>M\u00e1quina desaceitadora de patatas fritas: Desaceitado de las patatas fritas reci\u00e9n fritas, superando los defectos de alto contenido en aceite y boca grasienta de las patatas fritas.<\/p>\n<p>M\u00e1quina de condimentaci\u00f3n de patatas fritas: Las patatas fritas se giran uniformemente en la rotaci\u00f3n del tambor, y el aroma se mezcla en la superficie de las patatas fritas para obtener patatas fritas con diferentes sabores, y la tasa de rotura es extremadamente baja.<\/p>\n<p>Diversas opciones de productos: Se pueden personalizar diferentes sabores de patatas fritas seg\u00fan las necesidades del cliente para satisfacer las necesidades diversificadas del mercado.<\/p>\n<p><img loading=\"lazy\" decoding=\"async\" class=\"alignnone size-full wp-image-2250\" src=\"https:\/\/www.potatoturnkey.com\/wp-content\/uploads\/2019\/01\/potato-chips-processing-line.jpg\" alt=\"l\u00ednea de procesado de patatas fritas\" width=\"850\" height=\"600\" srcset=\"https:\/\/www.potatoturnkey.com\/wp-content\/uploads\/2019\/01\/potato-chips-processing-line.jpg 850w, https:\/\/www.potatoturnkey.com\/wp-content\/uploads\/2019\/01\/potato-chips-processing-line-300x212.jpg 300w, https:\/\/www.potatoturnkey.com\/wp-content\/uploads\/2019\/01\/potato-chips-processing-line-768x542.jpg 768w, https:\/\/www.potatoturnkey.com\/wp-content\/uploads\/2019\/01\/potato-chips-processing-line-600x424.jpg 600w\" sizes=\"auto, (max-width: 850px) 100vw, 850px\" \/><\/p>\n<p><strong>L\u00ednea autom\u00e1tica de procesamiento de patatas fritas Caracter\u00edsticas:<\/strong><\/p>\n<hr \/>\n<p>Funcionamiento autom\u00e1tico: toda la l\u00ednea de producci\u00f3n adopta un avanzado sistema de control autom\u00e1tico, que reduce significativamente el coste de mano de obra.<\/p>\n<p>Capacidad de alto rendimiento: Dependiendo del tama\u00f1o de los requisitos de producci\u00f3n, la l\u00ednea puede ajustarse para satisfacer diferentes necesidades y maximizar la producci\u00f3n.<\/p>\n<p>Producto de alta calidad: Mediante un control preciso del proceso y una f\u00f3rmula cient\u00edfica, garantiza que las patatas fritas producidas tengan un color dorado y un sabor crujiente, manteniendo la nutrici\u00f3n y el sabor originales de las patatas.<\/p>\n<p><iframe loading=\"lazy\" title=\"Reproductor de v\u00eddeo YouTube\" src=\"https:\/\/www.youtube.com\/embed\/bc4AeO6LAbs?si=OH8IzLdaW1m1-xFB\" width=\"800\" height=\"450\" frameborder=\"0\" allowfullscreen=\"allowfullscreen\"><span data-mce-type=\"bookmark\" style=\"display: inline-block; width: 0px; overflow: hidden; line-height: 0;\" class=\"mce_SELRES_start\">El pr\u00f3ximo fin de semana se abrir\u00e1 la nueva tienda de comestibles.<\/span><\/iframe><\/p>\n<p><strong>Aplicaci\u00f3n:<\/strong><\/p>\n<hr \/>\n<p>La l\u00ednea de producci\u00f3n de papas fritas es ampliamente utilizada en la industria de procesamiento de alimentos, puede ser utilizada por fabricantes de papas fritas, f\u00e1bricas de procesamiento de alimentos, supermercados y otras unidades. Con una calidad de producto estable y una alta eficiencia, es la opci\u00f3n ideal para la producci\u00f3n masiva de patatas fritas.<\/p>\n<div role=\"form\" class=\"wpcf7\" id=\"wpcf7-f1653-o1\" lang=\"en-US\" dir=\"ltr\">\n<div class=\"screen-reader-response\"><p role=\"status\" aria-live=\"polite\" aria-atomic=\"true\"><\/p> <ul><\/ul><\/div>\n<form action=\"\/es\/wp-json\/wp\/v2\/product\/81#wpcf7-f1653-o1\" method=\"post\" class=\"wpcf7-form init\" novalidate=\"novalidate\" data-status=\"init\" data-trp-original-action=\"\/es\/wp-json\/wp\/v2\/product\/81#wpcf7-f1653-o1\">\n<div style=\"display: none;\">\n<input type=\"hidden\" name=\"_wpcf7\" value=\"1653\" \/>\n<input type=\"hidden\" name=\"_wpcf7_version\" value=\"5.5.4\" \/>\n<input type=\"hidden\" name=\"_wpcf7_locale\" value=\"en_US\" \/>\n<input type=\"hidden\" name=\"_wpcf7_unit_tag\" value=\"wpcf7-f1653-o1\" \/>\n<input type=\"hidden\" name=\"_wpcf7_container_post\" value=\"0\" \/>\n<input type=\"hidden\" name=\"_wpcf7_posted_data_hash\" value=\"\" \/>\n<\/div>\n<div style='text-align:center;font-size: 1.6rem;font-weight:bold'>Dejar mensaje para precio<\/div>\n<div class='forml1' style='float:left;width:48%; margin-right:4%'>\n<label> Su nombre<br \/>\n    <span class=\"wpcf7-form-control-wrap your-name\"><input type=\"text\" name=\"your-name\" value=\"\" size=\"40\" class=\"wpcf7-form-control wpcf7-text\" aria-invalid=\"false\" \/><\/span> <\/label><\/p>\n<p><label> *Su correo electr\u00f3nico<br \/>\n    <span class=\"wpcf7-form-control-wrap your-email\"><input type=\"email\" name=\"your-email\" value=\"\" size=\"40\" class=\"wpcf7-form-control wpcf7-text wpcf7-email wpcf7-validates-as-required wpcf7-validates-as-email\" aria-required=\"true\" aria-invalid=\"false\" \/><\/span> <\/label><\/p>\n<p><label> Tel\u00e9fono\/WhatsApp<br \/>\n    <span class=\"wpcf7-form-control-wrap text-100\"><input type=\"text\" name=\"text-100\" value=\"\" size=\"40\" class=\"wpcf7-form-control wpcf7-text\" aria-invalid=\"false\" \/><\/span> <\/label><br \/>\n<label> Su pa\u00eds<br \/>\n    <span class=\"wpcf7-form-control-wrap text-677\"><input type=\"text\" name=\"text-677\" value=\"\" size=\"40\" class=\"wpcf7-form-control wpcf7-text\" aria-invalid=\"false\" \/><\/span> <\/label><br \/>\n<label> Nombre de su empresa<br \/>\n    <span class=\"wpcf7-form-control-wrap text-680\"><input type=\"text\" name=\"text-680\" value=\"\" size=\"40\" class=\"wpcf7-form-control wpcf7-text\" aria-invalid=\"false\" \/><\/span> <\/label><br \/>\n<label> Su sitio web<br \/>\n    <span class=\"wpcf7-form-control-wrap text-216\"><input type=\"text\" name=\"text-216\" value=\"\" size=\"40\" class=\"wpcf7-form-control wpcf7-text\" aria-invalid=\"false\" \/><\/span> <\/label>\n<\/div>\n<div class='forml2' style='float:left;width:48%;'>\n<label> *Su mensaje<br \/>\n    <span class=\"wpcf7-form-control-wrap your-message\"><textarea name=\"your-message\" cols=\"40\" rows=\"10\" class=\"wpcf7-form-control wpcf7-textarea wpcf7-validates-as-required\" aria-required=\"true\" aria-invalid=\"false\"><\/textarea><\/span> <\/label><\/p>\n<p><input type=\"submit\" value=\"Enviar\" class=\"wpcf7-form-control has-spinner wpcf7-submit\" \/><\/p>\n<\/div>\n<div style='clear:both'><\/div>\n<p style=\"display: none !important;\"><label>&#916;<textarea name=\"_wpcf7_ak_hp_textarea\" cols=\"45\" rows=\"8\" maxlength=\"100\"><\/textarea><\/label><input type=\"hidden\" id=\"ak_js\" name=\"_wpcf7_ak_js\" value=\"68\"\/><script>document.getElementById( \"ak_js\" ).setAttribute( \"value\", ( new Date() ).getTime() );<\/script><\/p><div class=\"wpcf7-response-output\" aria-hidden=\"true\"><\/div><input type=\"hidden\" name=\"trp-form-language\" value=\"es\"\/><\/form><\/div>\n<div style='text-align:left' class='yasr-auto-insert-visitor'><\/div>","protected":false},"excerpt":{"rendered":"<p><strong>\u2605Tiempo de fritura: 3 minutos<\/strong><\/p>\n<p><strong>\u2605Temperatura de fritura: 180\u00b0C<\/strong><\/p>\n<p><strong>\u2605Tiempo de escaldado: 15 minutos<\/strong><\/p>\n<p><strong>\u2605Temperatura del agua de escaldado: 70\u00b0C<\/strong><\/p>","protected":false},"featured_media":3058,"comment_status":"open","ping_status":"closed","template":"","meta":{"extendify_custom_stylesheet":"","site-sidebar-layout":"default","site-content-layout":"default","ast-global-header-display":"","ast-banner-title-visibility":"","ast-main-header-display":"","ast-hfb-above-header-display":"","ast-hfb-below-header-display":"","ast-hfb-mobile-header-display":"","site-post-title":"","ast-breadcrumbs-content":"","ast-featured-img":"","footer-sml-layout":"","theme-transparent-header-meta":"default","adv-header-id-meta":"","stick-header-meta":"","header-above-stick-meta":"","header-main-stick-meta":"","header-below-stick-meta":"","yasr_overall_rating":0,"yasr_post_is_review":"","yasr_auto_insert_disabled":"","yasr_review_type":""},"product_cat":[25],"product_tag":[],"class_list":["post-81","product","type-product","status-publish","has-post-thumbnail","hentry","product_cat-potato-solutions","desktop-align-left","tablet-align-left","mobile-align-left"],"yasr_visitor_votes":{"stars_attributes":{"read_only":false,"span_bottom":false},"number_of_votes":0,"sum_votes":0},"yoast_head":"<!-- This site is optimized with the Yoast SEO plugin v20.11 - https:\/\/yoast.com\/wordpress\/plugins\/seo\/ -->\n<title>Innovative Efficiency Automatic Potato Chips Processing Line -<\/title>\n<meta name=\"description\" content=\"The automatic potato chips processing line capacity can up to 2000kg\/h, can meet large-scale production.\" \/>\n<meta name=\"robots\" content=\"index, follow, max-snippet:-1, max-image-preview:large, max-video-preview:-1\" \/>\n<link rel=\"canonical\" href=\"https:\/\/www.potatoturnkey.com\/es\/product\/potato-chips-production-plant\/\" \/>\n<meta property=\"og:locale\" content=\"es_ES\" \/>\n<meta property=\"og:type\" content=\"article\" \/>\n<meta property=\"og:title\" content=\"Innovative Efficiency Automatic Potato Chips Processing Line -\" \/>\n<meta property=\"og:description\" content=\"The automatic potato chips processing line capacity can up to 2000kg\/h, can meet large-scale production.\" \/>\n<meta property=\"og:url\" content=\"https:\/\/www.potatoturnkey.com\/es\/product\/potato-chips-production-plant\/\" \/>\n<meta property=\"og:site_name\" content=\"Potato Process Machines Supplier\" \/>\n<meta property=\"article:modified_time\" content=\"2024-07-09T06:41:54+00:00\" \/>\n<meta property=\"og:image\" content=\"https:\/\/www.potatoturnkey.com\/wp-content\/uploads\/2019\/01\/potato-chips.jpg\" \/>\n\t<meta property=\"og:image:width\" content=\"600\" \/>\n\t<meta property=\"og:image:height\" content=\"600\" \/>\n\t<meta property=\"og:image:type\" content=\"image\/jpeg\" \/>\n<meta name=\"twitter:card\" content=\"summary_large_image\" \/>\n<meta name=\"twitter:label1\" content=\"Tiempo de lectura\" \/>\n\t<meta name=\"twitter:data1\" content=\"3 minutos\" \/>\n<script type=\"application\/ld+json\" class=\"yoast-schema-graph\">{\"@context\":\"https:\/\/schema.org\",\"@graph\":[{\"@type\":\"WebPage\",\"@id\":\"https:\/\/www.potatoturnkey.com\/product\/potato-chips-production-plant\/\",\"url\":\"https:\/\/www.potatoturnkey.com\/product\/potato-chips-production-plant\/\",\"name\":\"Innovative Efficiency Automatic Potato Chips Processing Line -\",\"isPartOf\":{\"@id\":\"https:\/\/www.potatoturnkey.com\/#website\"},\"datePublished\":\"2019-01-23T12:21:23+00:00\",\"dateModified\":\"2024-07-09T06:41:54+00:00\",\"description\":\"The automatic potato chips processing line capacity can up to 2000kg\/h, can meet large-scale production.\",\"breadcrumb\":{\"@id\":\"https:\/\/www.potatoturnkey.com\/product\/potato-chips-production-plant\/#breadcrumb\"},\"inLanguage\":\"es\",\"potentialAction\":[{\"@type\":\"ReadAction\",\"target\":[\"https:\/\/www.potatoturnkey.com\/product\/potato-chips-production-plant\/\"]}]},{\"@type\":\"BreadcrumbList\",\"@id\":\"https:\/\/www.potatoturnkey.com\/product\/potato-chips-production-plant\/#breadcrumb\",\"itemListElement\":[{\"@type\":\"ListItem\",\"position\":1,\"name\":\"Home\",\"item\":\"https:\/\/www.potatoturnkey.com\/\"},{\"@type\":\"ListItem\",\"position\":2,\"name\":\"Products\",\"item\":\"https:\/\/www.potatoturnkey.com\/shop-2__trashed\/\"},{\"@type\":\"ListItem\",\"position\":3,\"name\":\"Innovative Efficiency Automatic Potato Chips Processing Line\"}]},{\"@type\":\"WebSite\",\"@id\":\"https:\/\/www.potatoturnkey.com\/#website\",\"url\":\"https:\/\/www.potatoturnkey.com\/\",\"name\":\"Potato Process Machines Supplier\",\"description\":\"Potato Turnkey Processing Machine Supplier\",\"publisher\":{\"@id\":\"https:\/\/www.potatoturnkey.com\/#organization\"},\"potentialAction\":[{\"@type\":\"SearchAction\",\"target\":{\"@type\":\"EntryPoint\",\"urlTemplate\":\"https:\/\/www.potatoturnkey.com\/?s={search_term_string}\"},\"query-input\":\"required name=search_term_string\"}],\"inLanguage\":\"es\"},{\"@type\":\"Organization\",\"@id\":\"https:\/\/www.potatoturnkey.com\/#organization\",\"name\":\"Potato Process Machines Supplier\",\"url\":\"https:\/\/www.potatoturnkey.com\/\",\"logo\":{\"@type\":\"ImageObject\",\"inLanguage\":\"es\",\"@id\":\"https:\/\/www.potatoturnkey.com\/#\/schema\/logo\/image\/\",\"url\":\"https:\/\/www.potatoturnkey.com\/wp-content\/uploads\/2022\/02\/potato.png\",\"contentUrl\":\"https:\/\/www.potatoturnkey.com\/wp-content\/uploads\/2022\/02\/potato.png\",\"width\":200,\"height\":200,\"caption\":\"Potato Process Machines Supplier\"},\"image\":{\"@id\":\"https:\/\/www.potatoturnkey.com\/#\/schema\/logo\/image\/\"}},false]}<\/script>\n<!-- \/ Yoast SEO plugin. -->","yoast_head_json":{"title":"Innovative Efficiency Automatic Potato Chips Processing Line -","description":"The automatic potato chips processing line capacity can up to 2000kg\/h, can meet large-scale production.","robots":{"index":"index","follow":"follow","max-snippet":"max-snippet:-1","max-image-preview":"max-image-preview:large","max-video-preview":"max-video-preview:-1"},"canonical":"https:\/\/www.potatoturnkey.com\/es\/product\/potato-chips-production-plant\/","og_locale":"es_ES","og_type":"article","og_title":"Innovative Efficiency Automatic Potato Chips Processing Line -","og_description":"The automatic potato chips processing line capacity can up to 2000kg\/h, can meet large-scale production.","og_url":"https:\/\/www.potatoturnkey.com\/es\/product\/potato-chips-production-plant\/","og_site_name":"Potato Process Machines Supplier","article_modified_time":"2024-07-09T06:41:54+00:00","og_image":[{"width":600,"height":600,"url":"https:\/\/www.potatoturnkey.com\/wp-content\/uploads\/2019\/01\/potato-chips.jpg","type":"image\/jpeg"}],"twitter_card":"summary_large_image","twitter_misc":{"Tiempo de lectura":"3 minutos"},"schema":{"@context":"https:\/\/schema.org","@graph":[{"@type":"WebPage","@id":"https:\/\/www.potatoturnkey.com\/product\/potato-chips-production-plant\/","url":"https:\/\/www.potatoturnkey.com\/product\/potato-chips-production-plant\/","name":"Innovative Efficiency Automatic Potato Chips Processing Line -","isPartOf":{"@id":"https:\/\/www.potatoturnkey.com\/#website"},"datePublished":"2019-01-23T12:21:23+00:00","dateModified":"2024-07-09T06:41:54+00:00","description":"The automatic potato chips processing line capacity can up to 2000kg\/h, can meet large-scale production.","breadcrumb":{"@id":"https:\/\/www.potatoturnkey.com\/product\/potato-chips-production-plant\/#breadcrumb"},"inLanguage":"es","potentialAction":[{"@type":"ReadAction","target":["https:\/\/www.potatoturnkey.com\/product\/potato-chips-production-plant\/"]}]},{"@type":"BreadcrumbList","@id":"https:\/\/www.potatoturnkey.com\/product\/potato-chips-production-plant\/#breadcrumb","itemListElement":[{"@type":"ListItem","position":1,"name":"Home","item":"https:\/\/www.potatoturnkey.com\/"},{"@type":"ListItem","position":2,"name":"Products","item":"https:\/\/www.potatoturnkey.com\/shop-2__trashed\/"},{"@type":"ListItem","position":3,"name":"Innovative Efficiency Automatic Potato Chips Processing Line"}]},{"@type":"WebSite","@id":"https:\/\/www.potatoturnkey.com\/#website","url":"https:\/\/www.potatoturnkey.com\/","name":"Potato Process Machines Supplier","description":"Potato Turnkey Processing Machine Supplier","publisher":{"@id":"https:\/\/www.potatoturnkey.com\/#organization"},"potentialAction":[{"@type":"SearchAction","target":{"@type":"EntryPoint","urlTemplate":"https:\/\/www.potatoturnkey.com\/?s={search_term_string}"},"query-input":"required name=search_term_string"}],"inLanguage":"es"},{"@type":"Organization","@id":"https:\/\/www.potatoturnkey.com\/#organization","name":"Potato Process Machines Supplier","url":"https:\/\/www.potatoturnkey.com\/","logo":{"@type":"ImageObject","inLanguage":"es","@id":"https:\/\/www.potatoturnkey.com\/#\/schema\/logo\/image\/","url":"https:\/\/www.potatoturnkey.com\/wp-content\/uploads\/2022\/02\/potato.png","contentUrl":"https:\/\/www.potatoturnkey.com\/wp-content\/uploads\/2022\/02\/potato.png","width":200,"height":200,"caption":"Potato Process Machines Supplier"},"image":{"@id":"https:\/\/www.potatoturnkey.com\/#\/schema\/logo\/image\/"}},false]}},"_links":{"self":[{"href":"https:\/\/www.potatoturnkey.com\/es\/wp-json\/wp\/v2\/product\/81","targetHints":{"allow":["GET"]}}],"collection":[{"href":"https:\/\/www.potatoturnkey.com\/es\/wp-json\/wp\/v2\/product"}],"about":[{"href":"https:\/\/www.potatoturnkey.com\/es\/wp-json\/wp\/v2\/types\/product"}],"replies":[{"embeddable":true,"href":"https:\/\/www.potatoturnkey.com\/es\/wp-json\/wp\/v2\/comments?post=81"}],"wp:featuredmedia":[{"embeddable":true,"href":"https:\/\/www.potatoturnkey.com\/es\/wp-json\/wp\/v2\/media\/3058"}],"wp:attachment":[{"href":"https:\/\/www.potatoturnkey.com\/es\/wp-json\/wp\/v2\/media?parent=81"}],"wp:term":[{"taxonomy":"product_cat","embeddable":true,"href":"https:\/\/www.potatoturnkey.com\/es\/wp-json\/wp\/v2\/product_cat?post=81"},{"taxonomy":"product_tag","embeddable":true,"href":"https:\/\/www.potatoturnkey.com\/es\/wp-json\/wp\/v2\/product_tag?post=81"}],"curies":[{"name":"wp","href":"https:\/\/api.w.org\/{rel}","templated":true}]}}