{"id":80,"date":"2019-01-23T12:20:04","date_gmt":"2019-01-23T12:20:04","guid":{"rendered":"http:\/\/www.potatoturnkey.com\/product\/star-cactus\/"},"modified":"2025-04-07T15:27:47","modified_gmt":"2025-04-07T07:27:47","slug":"french-fries-processing-plant","status":"publish","type":"product","link":"https:\/\/www.potatoturnkey.com\/es\/product\/french-fries-processing-plant\/","title":{"rendered":"500Kg\/h Planta De Procesamiento De Patatas Fritas Para Fre\u00edr"},"content":{"rendered":"<p>Toda la planta de procesamiento de patatas fritas est\u00e1 hecha de acero inoxidable de alta calidad, que es duradero, resistente a la corrosi\u00f3n y tiene una larga vida \u00fatil. Se pueden personalizar diferentes producciones seg\u00fan las necesidades del cliente: 100kg\/h, 300kg\/h, 400kg\/h, 500kg\/h, 800kg\/h, 1200kg\/h, 2000kg\/h. Al hacer la l\u00ednea de producci\u00f3n de papas fritas, siempre tenemos en cuenta las diferentes caracter\u00edsticas de la papa, el tama\u00f1o de la planta del cliente, el tama\u00f1o de la producci\u00f3n, y otros factores, a fin de garantizar que se encuentre la soluci\u00f3n de fritura de papas fritas m\u00e1s adecuada para el cliente.<\/p>\n<h2><strong><b>Flujo de procesos de<\/b><\/strong><strong><b>\u00a0L\u00ednea de producci\u00f3n de patatas fritas<\/b><\/strong><\/h2>\n<p>Elevaci\u00f3n \u2192 Lavado \u00e1spero y eliminaci\u00f3n de piedras \u2192 Pelado \u2192 L\u00ednea de picking \u2192 Elevador \u2192 Rebanado \u2192 Aclarado \u2192 Escaldado \u2192 Secador por aire con cuchilla de aire \u2192 Elevaci\u00f3n \u2192 Fre\u00edr \u2192 Vaciado de aceite por vibraci\u00f3n \u2192 Vaciado de aceite por vibraci\u00f3n \u2192 Refrigerador por aire \u2192 Elevador \u2192 Condimentaci\u00f3n por rodillos \u2192 Envasado.<\/p>\n<h3><img loading=\"lazy\" decoding=\"async\" class=\"alignnone size-full wp-image-2246\" src=\"https:\/\/www.potatoturnkey.com\/wp-content\/uploads\/2019\/01\/French-Fries-Plant-.jpg\" alt=\"French-Fries-Plant-\" width=\"800\" height=\"334\" srcset=\"https:\/\/www.potatoturnkey.com\/wp-content\/uploads\/2019\/01\/French-Fries-Plant-.jpg 800w, https:\/\/www.potatoturnkey.com\/wp-content\/uploads\/2019\/01\/French-Fries-Plant--300x125.jpg 300w, https:\/\/www.potatoturnkey.com\/wp-content\/uploads\/2019\/01\/French-Fries-Plant--768x321.jpg 768w, https:\/\/www.potatoturnkey.com\/wp-content\/uploads\/2019\/01\/French-Fries-Plant--600x251.jpg 600w\" sizes=\"auto, (max-width: 800px) 100vw, 800px\" \/><\/h3>\n<h2><strong><b>Introducci\u00f3n<\/b><\/strong><strong><b>\u00a0de <\/b><\/strong><strong><b>F<\/b><\/strong><strong><b>rench <\/b><\/strong><strong><b>F<\/b><\/strong><strong><b>ries <\/b><\/strong><strong><b>P<\/b><\/strong><strong><b>rocesamiento <\/b><\/strong><strong><b>M<\/b><\/strong><strong><b>achine<\/b><\/strong><\/h2>\n<ol>\n<li>Elevaci\u00f3n: elevar las patatas hasta el grosor y el equipo de eliminaci\u00f3n de piedras finas (utilizar el elevador deflector).<\/li>\n<li>Lavado basto: lavado basto de tambor y eliminaci\u00f3n de restos de piedras, etc. (utilizar m\u00e1quina de prelavado de piedras de tambor).<\/li>\n<li>Pelar: Limpiar y pelar las patatas, lo que resulta eficaz y ahorra energ\u00eda (utilizar una m\u00e1quina limpiadora con cepillos en forma de U).<\/li>\n<li>Recoger: Recoger y recortar las patatas peladas.<\/li>\n<li>Actualizaci\u00f3n: Actualizaci\u00f3n a m\u00e1quina cortadora de patatas fritas de alta eficiencia.<\/li>\n<li>Corte: Despu\u00e9s de la recolecci\u00f3n, las patatas se cortan en tiras con alta eficiencia, y el tama\u00f1o es ajustable (seleccione la m\u00e1quina cortadora de patatas fritas de alta eficiencia).<\/li>\n<li>Aclarado: Limpiar el almid\u00f3n de la superficie de las patatas fritas (utilizar una m\u00e1quina limpiadora de burbujas).<\/li>\n<li>Escaldado: Las patatas fritas se escaldan para inhibir la actividad de las enzimas activas y proteger el color (elija la m\u00e1quina de escaldado continuo de patatas fritas).<\/li>\n<\/ol>\n<p><img loading=\"lazy\" decoding=\"async\" class=\"alignnone size-full wp-image-2247\" src=\"https:\/\/www.potatoturnkey.com\/wp-content\/uploads\/2019\/01\/French-Fries-Processing-Machine.jpg\" alt=\"M\u00e1quina procesadora de patatas fritas\" width=\"850\" height=\"600\" srcset=\"https:\/\/www.potatoturnkey.com\/wp-content\/uploads\/2019\/01\/French-Fries-Processing-Machine.jpg 850w, https:\/\/www.potatoturnkey.com\/wp-content\/uploads\/2019\/01\/French-Fries-Processing-Machine-300x212.jpg 300w, https:\/\/www.potatoturnkey.com\/wp-content\/uploads\/2019\/01\/French-Fries-Processing-Machine-768x542.jpg 768w, https:\/\/www.potatoturnkey.com\/wp-content\/uploads\/2019\/01\/French-Fries-Processing-Machine-600x424.jpg 600w\" sizes=\"auto, (max-width: 850px) 100vw, 850px\" \/><\/p>\n<ol>\n<li>Vibrar y escurrir: retirar los restos demasiado peque\u00f1os y vibrar para eliminar el exceso de agua (utilizar un eliminador de agua vibratorio)<\/li>\n<li>Fre\u00edr: fre\u00edr para colorear y optimizar la textura y el sabor (utilizar una freidora continua de patatas fritas)<\/li>\n<li>Desaceitado: Vibra para eliminar el exceso de aceite (elige el desaceitador vibratorio para patatas fritas)<\/li>\n<li>Refrigeraci\u00f3n por aire: La l\u00ednea refrigerada por aire extrae el aceite para enfriarlo, sopla el exceso de aceite en la superficie y enfr\u00eda completamente las patatas fritas (utilice una m\u00e1quina refrigerada por aire)<\/li>\n<li>Sazonar: sazonar las patatas fritas (utilizar un sazonador de tambor)<\/li>\n<li>Embalaje: seg\u00fan el peso de embalaje solicitado por el cliente (se selecciona la m\u00e1quina de embalaje de pesaje multicabezal)<\/li>\n<\/ol>\n<h3><strong><b>A<\/b><\/strong><strong><b>dvantage <\/b><\/strong><strong><b>o<\/b><\/strong><strong><b>f <\/b><\/strong><strong><b>Patatas fritas<\/b><\/strong><strong><b>\u00a0<\/b><\/strong><strong><b>Planta procesadora <\/b><\/strong><\/h3>\n<ol>\n<li>Puede probarse y depurarse en f\u00e1brica.<\/li>\n<li>Una m\u00e1quina con potentes funciones, bajo coste de mantenimiento y alta calidad.<\/li>\n<li>Las patatas fritas obtenidas son de buena calidad y pueden reducir eficazmente los residuos y los desperdicios.<\/li>\n<li>M\u00e1quinas para la elaboraci\u00f3n de patatas fritas y procesos de producci\u00f3n adaptados a sus deseos y necesidades personales.<\/li>\n<li>Los ingenieros profesionales y los departamentos de I+D cooperan para determinar la mejor soluci\u00f3n para cada proyecto, insisten en co-crear con los clientes en todo momento.<\/li>\n<\/ol>\n<p><iframe loading=\"lazy\" title=\"Reproductor de v\u00eddeo YouTube\" src=\"https:\/\/www.youtube.com\/embed\/0476pHOBteE\" width=\"850\" height=\"475.5\" frameborder=\"0\" allowfullscreen=\"allowfullscreen\"><span data-mce-type=\"bookmark\" style=\"display: inline-block; width: 0px; overflow: hidden; line-height: 0;\" class=\"mce_SELRES_start\">El pr\u00f3ximo fin de semana se abrir\u00e1 la nueva tienda de comestibles.<\/span><\/iframe><\/p>\n<p>Si desea dedicarse al negocio de procesamiento de patatas fritas, venga y personalice esta planta de procesamiento de patatas fritas. d\u00e9jenos un mensaje, le enviaremos un plan detallado y un presupuesto lo antes posible.<\/p>\n<h3 class=\"feat_tit\">Datos t\u00e9cnicos<\/h3>\n<div class=\"tech_con\">\n<table>\n<tbody>\n<tr>\n<td>Art\u00edculo<\/td>\n<td>Par\u00e1metro<\/td>\n<\/tr>\n<tr>\n<td>1, Ascensor<\/td>\n<td>0,75 kW\/380 V\/50 Hz<br \/>\n2000*800*2000mm<\/td>\n<\/tr>\n<tr>\n<td>2, M\u00e1quina limpiadora y peladora<\/td>\n<td>4,75 kW\/380 V\/50 Hz<br \/>\n1800*900*1500mm<\/td>\n<\/tr>\n<tr>\n<td>3, Transportador de clasificaci\u00f3n<\/td>\n<td>0,75 kW\/380 V\/50 Hz<br \/>\n3000*900*900mm<\/td>\n<\/tr>\n<tr>\n<td>4, M\u00e1quina cortadora de patatas fritas<\/td>\n<td>1,5 kW\/380 V\/50 Hz<br \/>\n950*800*950mm<\/td>\n<\/tr>\n<tr>\n<td>5, M\u00e1quina de aclarado<\/td>\n<td>5kw\/380v\/50Hz<br \/>\n3500*1600*900mm<\/td>\n<\/tr>\n<tr>\n<td>6, M\u00e1quina de escaldado<\/td>\n<td>70kw\/380v\/50Hz<br \/>\n3500*1600*950mm<\/td>\n<\/tr>\n<tr>\n<td>7,M\u00e1quina de vibraci\u00f3n y eliminaci\u00f3n de agua<\/td>\n<td>1,5 kW\/380 V\/50 Hz<br \/>\n1500*1000*1300mm<\/td>\n<\/tr>\n<tr>\n<td>8,Transportador de clasificaci\u00f3n<\/td>\n<td>0,75kw\/ 380V\/50Hz<br \/>\n4000*800*1000mm<\/td>\n<\/tr>\n<tr>\n<td>9, M\u00e1quina de refrigeraci\u00f3n por aire y eliminaci\u00f3n de agua<\/td>\n<td>15kw\/380v\/50Hz<br \/>\n4000*1200*1400mm<\/td>\n<\/tr>\n<tr>\n<td>10,Ascensor<\/td>\n<td>0,75kw\/380v\/50hz<br \/>\n2500*800*1300mm<\/td>\n<\/tr>\n<tr>\n<td>11, M\u00e1quina freidora continua el\u00e9ctrica<\/td>\n<td>120kw\/380v\/50Hz<br \/>\n4000*1200*2600mm<\/td>\n<\/tr>\n<tr>\n<td>12, M\u00e1quina de vibraci\u00f3n y extracci\u00f3n de aceite<\/td>\n<td>1,5 kW\/380 V\/50 Hz<br \/>\n1500*1000*1300mm<\/td>\n<\/tr>\n<tr>\n<td>13,M\u00e1quina de secado por aire<\/td>\n<td>8kw\/380v\/50Hz<br \/>\n4000*1200*1600mm<\/td>\n<\/tr>\n<tr>\n<td>14,Ascensor<\/td>\n<td>0,75 kW\/380 V\/50 Hz<br \/>\n2400*800*2200mm<\/td>\n<\/tr>\n<tr>\n<td>15,M\u00e1quina aromatizadora<\/td>\n<td>50kw\/380v\/50hz<br \/>\n2500*900*1500mm<\/td>\n<\/tr>\n<\/tbody>\n<\/table>\n<\/div>\n<div role=\"form\" class=\"wpcf7\" id=\"wpcf7-f1653-o1\" lang=\"en-US\" dir=\"ltr\">\n<div class=\"screen-reader-response\"><p role=\"status\" aria-live=\"polite\" aria-atomic=\"true\"><\/p> <ul><\/ul><\/div>\n<form action=\"\/es\/wp-json\/wp\/v2\/product\/80#wpcf7-f1653-o1\" method=\"post\" class=\"wpcf7-form init\" novalidate=\"novalidate\" data-status=\"init\" data-trp-original-action=\"\/es\/wp-json\/wp\/v2\/product\/80#wpcf7-f1653-o1\">\n<div style=\"display: none;\">\n<input type=\"hidden\" name=\"_wpcf7\" value=\"1653\" \/>\n<input type=\"hidden\" name=\"_wpcf7_version\" value=\"5.5.4\" \/>\n<input type=\"hidden\" name=\"_wpcf7_locale\" value=\"en_US\" \/>\n<input type=\"hidden\" name=\"_wpcf7_unit_tag\" value=\"wpcf7-f1653-o1\" \/>\n<input type=\"hidden\" name=\"_wpcf7_container_post\" value=\"0\" \/>\n<input type=\"hidden\" name=\"_wpcf7_posted_data_hash\" value=\"\" \/>\n<\/div>\n<div style='text-align:center;font-size: 1.6rem;font-weight:bold'>Dejar mensaje para precio<\/div>\n<div class='forml1' style='float:left;width:48%; margin-right:4%'>\n<label> Su nombre<br \/>\n    <span class=\"wpcf7-form-control-wrap your-name\"><input type=\"text\" name=\"your-name\" value=\"\" size=\"40\" class=\"wpcf7-form-control wpcf7-text\" aria-invalid=\"false\" \/><\/span> <\/label><\/p>\n<p><label> *Su correo electr\u00f3nico<br \/>\n    <span class=\"wpcf7-form-control-wrap your-email\"><input type=\"email\" name=\"your-email\" value=\"\" size=\"40\" class=\"wpcf7-form-control wpcf7-text wpcf7-email wpcf7-validates-as-required wpcf7-validates-as-email\" aria-required=\"true\" aria-invalid=\"false\" \/><\/span> <\/label><\/p>\n<p><label> Tel\u00e9fono\/WhatsApp<br \/>\n    <span class=\"wpcf7-form-control-wrap text-100\"><input type=\"text\" name=\"text-100\" value=\"\" size=\"40\" class=\"wpcf7-form-control wpcf7-text\" aria-invalid=\"false\" \/><\/span> <\/label><br \/>\n<label> Su pa\u00eds<br \/>\n    <span class=\"wpcf7-form-control-wrap text-677\"><input type=\"text\" name=\"text-677\" value=\"\" size=\"40\" class=\"wpcf7-form-control wpcf7-text\" aria-invalid=\"false\" \/><\/span> <\/label><br \/>\n<label> Nombre de su empresa<br \/>\n    <span class=\"wpcf7-form-control-wrap text-680\"><input type=\"text\" name=\"text-680\" value=\"\" size=\"40\" class=\"wpcf7-form-control wpcf7-text\" aria-invalid=\"false\" \/><\/span> <\/label><br \/>\n<label> Su sitio web<br \/>\n    <span class=\"wpcf7-form-control-wrap text-216\"><input type=\"text\" name=\"text-216\" value=\"\" size=\"40\" class=\"wpcf7-form-control wpcf7-text\" aria-invalid=\"false\" \/><\/span> <\/label>\n<\/div>\n<div class='forml2' style='float:left;width:48%;'>\n<label> *Su mensaje<br \/>\n    <span class=\"wpcf7-form-control-wrap your-message\"><textarea name=\"your-message\" cols=\"40\" rows=\"10\" class=\"wpcf7-form-control wpcf7-textarea wpcf7-validates-as-required\" aria-required=\"true\" aria-invalid=\"false\"><\/textarea><\/span> <\/label><\/p>\n<p><input type=\"submit\" value=\"Enviar\" class=\"wpcf7-form-control has-spinner wpcf7-submit\" \/><\/p>\n<\/div>\n<div style='clear:both'><\/div>\n<p style=\"display: none !important;\"><label>&#916;<textarea name=\"_wpcf7_ak_hp_textarea\" cols=\"45\" rows=\"8\" maxlength=\"100\"><\/textarea><\/label><input type=\"hidden\" id=\"ak_js\" name=\"_wpcf7_ak_js\" value=\"118\"\/><script>document.getElementById( \"ak_js\" ).setAttribute( \"value\", ( new Date() ).getTime() );<\/script><\/p><div class=\"wpcf7-response-output\" aria-hidden=\"true\"><\/div><input type=\"hidden\" name=\"trp-form-language\" value=\"es\"\/><\/form><\/div>\n<div style='text-align:left' class='yasr-auto-insert-visitor'><\/div>","protected":false},"excerpt":{"rendered":"<p><strong>*Material en bruto:<\/strong> patata<\/p>\n<p><strong>*Producto:<\/strong> Patatas fritas<\/p>\n<p><strong>*Capacidad:<\/strong> entrada de materia prima 500kg\/h<\/p>\n<p><strong>*Est\u00e1ndar de material en bruto:<\/strong> patatas frescas, sin podredumbre, sin deterioro, sin enfermedades de las plantas ni plagas de insectos; sin cabeza hundida, superficie lisa, sin grietas ni huecos; contenido de materia seca \u2265 21%<\/p>","protected":false},"featured_media":2241,"comment_status":"open","ping_status":"closed","template":"","meta":{"extendify_custom_stylesheet":"","site-sidebar-layout":"default","site-content-layout":"default","ast-global-header-display":"","ast-banner-title-visibility":"","ast-main-header-display":"","ast-hfb-above-header-display":"","ast-hfb-below-header-display":"","ast-hfb-mobile-header-display":"","site-post-title":"","ast-breadcrumbs-content":"","ast-featured-img":"","footer-sml-layout":"","theme-transparent-header-meta":"default","adv-header-id-meta":"","stick-header-meta":"","header-above-stick-meta":"","header-main-stick-meta":"","header-below-stick-meta":"","yasr_overall_rating":0,"yasr_post_is_review":"","yasr_auto_insert_disabled":"","yasr_review_type":""},"product_cat":[25],"product_tag":[],"class_list":["post-80","product","type-product","status-publish","has-post-thumbnail","hentry","product_cat-potato-solutions","desktop-align-left","tablet-align-left","mobile-align-left"],"yasr_visitor_votes":{"stars_attributes":{"read_only":false,"span_bottom":false},"number_of_votes":1,"sum_votes":5},"yoast_head":"<!-- This site is optimized with the Yoast SEO plugin v20.11 - https:\/\/yoast.com\/wordpress\/plugins\/seo\/ -->\n<title>500Kg\/h French Fries Processing Plant For Frying -<\/title>\n<meta name=\"description\" content=\"The entire french fries processing plant has a high degree of automation, saving labor and greatly improving production efficiency.\" \/>\n<meta name=\"robots\" content=\"index, follow, max-snippet:-1, max-image-preview:large, max-video-preview:-1\" \/>\n<link rel=\"canonical\" href=\"https:\/\/www.potatoturnkey.com\/es\/product\/french-fries-processing-plant\/\" \/>\n<meta property=\"og:locale\" content=\"es_ES\" \/>\n<meta property=\"og:type\" content=\"article\" \/>\n<meta property=\"og:title\" content=\"500Kg\/h French Fries Processing Plant For Frying -\" \/>\n<meta property=\"og:description\" content=\"The entire french fries processing plant has a high degree of automation, saving labor and greatly improving production efficiency.\" \/>\n<meta property=\"og:url\" content=\"https:\/\/www.potatoturnkey.com\/es\/product\/french-fries-processing-plant\/\" \/>\n<meta property=\"og:site_name\" content=\"Potato Process Machines Supplier\" \/>\n<meta property=\"article:modified_time\" content=\"2025-04-07T07:27:47+00:00\" \/>\n<meta property=\"og:image\" content=\"https:\/\/www.potatoturnkey.com\/wp-content\/uploads\/2019\/01\/french-fries-processing-plant.jpg\" \/>\n\t<meta property=\"og:image:width\" content=\"600\" \/>\n\t<meta property=\"og:image:height\" content=\"600\" \/>\n\t<meta property=\"og:image:type\" content=\"image\/jpeg\" \/>\n<meta name=\"twitter:card\" content=\"summary_large_image\" \/>\n<meta name=\"twitter:label1\" content=\"Tiempo de lectura\" \/>\n\t<meta name=\"twitter:data1\" content=\"3 minutos\" \/>\n<script type=\"application\/ld+json\" class=\"yoast-schema-graph\">{\"@context\":\"https:\/\/schema.org\",\"@graph\":[{\"@type\":\"WebPage\",\"@id\":\"https:\/\/www.potatoturnkey.com\/product\/french-fries-processing-plant\/\",\"url\":\"https:\/\/www.potatoturnkey.com\/product\/french-fries-processing-plant\/\",\"name\":\"500Kg\/h French Fries Processing Plant For Frying -\",\"isPartOf\":{\"@id\":\"https:\/\/www.potatoturnkey.com\/#website\"},\"datePublished\":\"2019-01-23T12:20:04+00:00\",\"dateModified\":\"2025-04-07T07:27:47+00:00\",\"description\":\"The entire french fries processing plant has a high degree of automation, saving labor and greatly improving production efficiency.\",\"breadcrumb\":{\"@id\":\"https:\/\/www.potatoturnkey.com\/product\/french-fries-processing-plant\/#breadcrumb\"},\"inLanguage\":\"es\",\"potentialAction\":[{\"@type\":\"ReadAction\",\"target\":[\"https:\/\/www.potatoturnkey.com\/product\/french-fries-processing-plant\/\"]}]},{\"@type\":\"BreadcrumbList\",\"@id\":\"https:\/\/www.potatoturnkey.com\/product\/french-fries-processing-plant\/#breadcrumb\",\"itemListElement\":[{\"@type\":\"ListItem\",\"position\":1,\"name\":\"Home\",\"item\":\"https:\/\/www.potatoturnkey.com\/\"},{\"@type\":\"ListItem\",\"position\":2,\"name\":\"Products\",\"item\":\"https:\/\/www.potatoturnkey.com\/shop-2__trashed\/\"},{\"@type\":\"ListItem\",\"position\":3,\"name\":\"500Kg\/h French Fries Processing Plant For Frying\"}]},{\"@type\":\"WebSite\",\"@id\":\"https:\/\/www.potatoturnkey.com\/#website\",\"url\":\"https:\/\/www.potatoturnkey.com\/\",\"name\":\"Potato Process Machines Supplier\",\"description\":\"Potato Turnkey Processing Machine Supplier\",\"publisher\":{\"@id\":\"https:\/\/www.potatoturnkey.com\/#organization\"},\"potentialAction\":[{\"@type\":\"SearchAction\",\"target\":{\"@type\":\"EntryPoint\",\"urlTemplate\":\"https:\/\/www.potatoturnkey.com\/?s={search_term_string}\"},\"query-input\":\"required name=search_term_string\"}],\"inLanguage\":\"es\"},{\"@type\":\"Organization\",\"@id\":\"https:\/\/www.potatoturnkey.com\/#organization\",\"name\":\"Potato Process Machines Supplier\",\"url\":\"https:\/\/www.potatoturnkey.com\/\",\"logo\":{\"@type\":\"ImageObject\",\"inLanguage\":\"es\",\"@id\":\"https:\/\/www.potatoturnkey.com\/#\/schema\/logo\/image\/\",\"url\":\"https:\/\/www.potatoturnkey.com\/wp-content\/uploads\/2022\/02\/potato.png\",\"contentUrl\":\"https:\/\/www.potatoturnkey.com\/wp-content\/uploads\/2022\/02\/potato.png\",\"width\":200,\"height\":200,\"caption\":\"Potato Process Machines Supplier\"},\"image\":{\"@id\":\"https:\/\/www.potatoturnkey.com\/#\/schema\/logo\/image\/\"}},false]}<\/script>\n<!-- \/ Yoast SEO plugin. -->","yoast_head_json":{"title":"500Kg\/h French Fries Processing Plant For Frying -","description":"The entire french fries processing plant has a high degree of automation, saving labor and greatly improving production efficiency.","robots":{"index":"index","follow":"follow","max-snippet":"max-snippet:-1","max-image-preview":"max-image-preview:large","max-video-preview":"max-video-preview:-1"},"canonical":"https:\/\/www.potatoturnkey.com\/es\/product\/french-fries-processing-plant\/","og_locale":"es_ES","og_type":"article","og_title":"500Kg\/h French Fries Processing Plant For Frying -","og_description":"The entire french fries processing plant has a high degree of automation, saving labor and greatly improving production efficiency.","og_url":"https:\/\/www.potatoturnkey.com\/es\/product\/french-fries-processing-plant\/","og_site_name":"Potato Process Machines Supplier","article_modified_time":"2025-04-07T07:27:47+00:00","og_image":[{"width":600,"height":600,"url":"https:\/\/www.potatoturnkey.com\/wp-content\/uploads\/2019\/01\/french-fries-processing-plant.jpg","type":"image\/jpeg"}],"twitter_card":"summary_large_image","twitter_misc":{"Tiempo de lectura":"3 minutos"},"schema":{"@context":"https:\/\/schema.org","@graph":[{"@type":"WebPage","@id":"https:\/\/www.potatoturnkey.com\/product\/french-fries-processing-plant\/","url":"https:\/\/www.potatoturnkey.com\/product\/french-fries-processing-plant\/","name":"500Kg\/h French Fries Processing Plant For Frying -","isPartOf":{"@id":"https:\/\/www.potatoturnkey.com\/#website"},"datePublished":"2019-01-23T12:20:04+00:00","dateModified":"2025-04-07T07:27:47+00:00","description":"The entire french fries processing plant has a high degree of automation, saving labor and greatly improving production efficiency.","breadcrumb":{"@id":"https:\/\/www.potatoturnkey.com\/product\/french-fries-processing-plant\/#breadcrumb"},"inLanguage":"es","potentialAction":[{"@type":"ReadAction","target":["https:\/\/www.potatoturnkey.com\/product\/french-fries-processing-plant\/"]}]},{"@type":"BreadcrumbList","@id":"https:\/\/www.potatoturnkey.com\/product\/french-fries-processing-plant\/#breadcrumb","itemListElement":[{"@type":"ListItem","position":1,"name":"Home","item":"https:\/\/www.potatoturnkey.com\/"},{"@type":"ListItem","position":2,"name":"Products","item":"https:\/\/www.potatoturnkey.com\/shop-2__trashed\/"},{"@type":"ListItem","position":3,"name":"500Kg\/h French Fries Processing Plant For Frying"}]},{"@type":"WebSite","@id":"https:\/\/www.potatoturnkey.com\/#website","url":"https:\/\/www.potatoturnkey.com\/","name":"Potato Process Machines Supplier","description":"Potato Turnkey Processing Machine Supplier","publisher":{"@id":"https:\/\/www.potatoturnkey.com\/#organization"},"potentialAction":[{"@type":"SearchAction","target":{"@type":"EntryPoint","urlTemplate":"https:\/\/www.potatoturnkey.com\/?s={search_term_string}"},"query-input":"required name=search_term_string"}],"inLanguage":"es"},{"@type":"Organization","@id":"https:\/\/www.potatoturnkey.com\/#organization","name":"Potato Process Machines Supplier","url":"https:\/\/www.potatoturnkey.com\/","logo":{"@type":"ImageObject","inLanguage":"es","@id":"https:\/\/www.potatoturnkey.com\/#\/schema\/logo\/image\/","url":"https:\/\/www.potatoturnkey.com\/wp-content\/uploads\/2022\/02\/potato.png","contentUrl":"https:\/\/www.potatoturnkey.com\/wp-content\/uploads\/2022\/02\/potato.png","width":200,"height":200,"caption":"Potato Process Machines Supplier"},"image":{"@id":"https:\/\/www.potatoturnkey.com\/#\/schema\/logo\/image\/"}},false]}},"_links":{"self":[{"href":"https:\/\/www.potatoturnkey.com\/es\/wp-json\/wp\/v2\/product\/80","targetHints":{"allow":["GET"]}}],"collection":[{"href":"https:\/\/www.potatoturnkey.com\/es\/wp-json\/wp\/v2\/product"}],"about":[{"href":"https:\/\/www.potatoturnkey.com\/es\/wp-json\/wp\/v2\/types\/product"}],"replies":[{"embeddable":true,"href":"https:\/\/www.potatoturnkey.com\/es\/wp-json\/wp\/v2\/comments?post=80"}],"wp:featuredmedia":[{"embeddable":true,"href":"https:\/\/www.potatoturnkey.com\/es\/wp-json\/wp\/v2\/media\/2241"}],"wp:attachment":[{"href":"https:\/\/www.potatoturnkey.com\/es\/wp-json\/wp\/v2\/media?parent=80"}],"wp:term":[{"taxonomy":"product_cat","embeddable":true,"href":"https:\/\/www.potatoturnkey.com\/es\/wp-json\/wp\/v2\/product_cat?post=80"},{"taxonomy":"product_tag","embeddable":true,"href":"https:\/\/www.potatoturnkey.com\/es\/wp-json\/wp\/v2\/product_tag?post=80"}],"curies":[{"name":"wp","href":"https:\/\/api.w.org\/{rel}","templated":true}]}}