{"id":53,"date":"2019-01-23T11:22:40","date_gmt":"2019-01-23T11:22:40","guid":{"rendered":"http:\/\/www.potatoturnkey.com\/product\/ball-cactus\/"},"modified":"2026-02-09T10:33:42","modified_gmt":"2026-02-09T02:33:42","slug":"frozen-fries-process-line","status":"publish","type":"product","link":"https:\/\/www.potatoturnkey.com\/es\/product\/frozen-fries-process-line\/","title":{"rendered":"Venta caliente L\u00ednea de procesamiento de patatas fritas congeladas de la A a la Z"},"content":{"rendered":"<p>La l\u00ednea de producci\u00f3n de papas fritas congeladas que ofrece nuestra empresa es una soluci\u00f3n completa y totalmente autom\u00e1tica de papas fritas congeladas, que puede ayudar a los clientes a desarrollar mejor su negocio de papas fritas congeladas r\u00e1pidamente. Los requisitos de producci\u00f3n opcionales son: 300kg\/h, 500kg\/h, 800kg\/h, 1000kg\/h, 1500kg\/h.<\/p>\n<h3><strong><b>F<\/b><\/strong><strong><b>rozen <\/b><\/strong><strong><b>F<\/b><\/strong><strong><b>rench <\/b><\/strong><strong><b>F<\/b><\/strong><strong><b>ries <\/b><\/strong><strong><b>M<\/b><\/strong><strong><b>anufactura <\/b><\/strong><strong><b>P<\/b><\/strong><strong><b>roceso<\/b><\/strong><\/h3>\n<p>A continuaci\u00f3n se detalla el proceso de fabricaci\u00f3n de las patatas fritas congeladas:<\/p>\n<p>Elevaci\u00f3n \u2192 Lavado \u00e1spero y eliminaci\u00f3n de piedras \u2192 Pelado \u2192 Recogida y transporte \u2192 Corte \u2192 Elevador de cubos de agua \u2192 Rodillo plano para adelgazar \u2192 Criba vibratoria para eliminar cortos \u2192 Aclarado \u2192 Escaldado \u2192 Escurrido por vibraci\u00f3n \u2192 Secador por aire con cuchilla de aire \u2192 Elevaci\u00f3n \u2192 Fritura \u2192 Escurrido por vibraci\u00f3n Escurrido de aceite \u2192 Secador por aire con cuchilla de aire \u2192 Transporte por refrigeraci\u00f3n por aire \u2192 Pa\u00f1o vibratorio \u2192 Congelaci\u00f3n r\u00e1pida \u2192 Transporte \u2192 Envasado.<\/p>\n<p><img loading=\"lazy\" decoding=\"async\" class=\"alignnone size-full wp-image-2030\" src=\"https:\/\/www.potatoturnkey.com\/wp-content\/uploads\/2019\/01\/frozen-fries-line.jpg\" alt=\"proceso de fabricaci\u00f3n de patatas fritas congeladas\" width=\"850\" height=\"600\" srcset=\"https:\/\/www.potatoturnkey.com\/wp-content\/uploads\/2019\/01\/frozen-fries-line.jpg 850w, https:\/\/www.potatoturnkey.com\/wp-content\/uploads\/2019\/01\/frozen-fries-line-300x212.jpg 300w, https:\/\/www.potatoturnkey.com\/wp-content\/uploads\/2019\/01\/frozen-fries-line-768x542.jpg 768w, https:\/\/www.potatoturnkey.com\/wp-content\/uploads\/2019\/01\/frozen-fries-line-600x424.jpg 600w\" sizes=\"auto, (max-width: 850px) 100vw, 850px\" \/><\/p>\n<h3><strong><b>M\u00e1quina <\/b><\/strong><strong><b>I<\/b><\/strong><strong><b>ntroducci\u00f3n <\/b><\/strong><strong><b>O<\/b><\/strong><strong><b>f <\/b><\/strong><strong><b>F<\/b><\/strong><strong><b>rozen <\/b><\/strong><strong><b>F<\/b><\/strong><strong><b>rench <\/b><\/strong><strong><b>F<\/b><\/strong><strong><b>ries <\/b><\/strong><strong><b>P<\/b><\/strong><strong><b>ro<\/b><\/strong><strong><b>cessing<\/b><\/strong><strong><b>\u00a0<\/b><\/strong><strong><b>L<\/b><\/strong><strong><b>ine<\/b><\/strong><\/h3>\n<p>Las principales m\u00e1quinas incluidas en el proceso de fabricaci\u00f3n de las patatas fritas congeladas son: m\u00e1quina de limpieza y pelado, m\u00e1quina de corte, m\u00e1quina de escaldado, m\u00e1quina de escurrido por vibraci\u00f3n, m\u00e1quina de secado al aire, m\u00e1quina de fritura, m\u00e1quina de desengrasado, m\u00e1quina de congelaci\u00f3n r\u00e1pida, m\u00e1quina de envasado.<\/p>\n<p>\u2460M\u00e1quina limpiadora y peladora de patatas: Las patatas son empujadas hacia adelante por la rotaci\u00f3n del cepillo y la cuchilla en espiral, y al mismo tiempo, m\u00faltiples grupos de agua pulverizada a alta presi\u00f3n se roc\u00edan en la parte superior para lograr el efecto de limpieza y pelado, y el cepillo puede ser suave o duro. Aplicable a una gran variedad de frutas y verduras de ra\u00edz.<\/p>\n<p>M\u00e1quina cortadora de patatas fritas: Esta m\u00e1quina puede cortar eficientemente las patatas en tiras, y el tama\u00f1o de corte deseado se puede lograr mediante el ajuste de la cuchilla.<\/p>\n<p>\u2462M\u00e1quina de escaldado de patatas fritas: Las patatas fritas se escaldan mediante una m\u00e1quina de escaldado continuo, a fin de lograr el prop\u00f3sito de proteger el color y garantizar que queden m\u00e1s crujientes y deliciosas al fre\u00edrlas.<\/p>\n<p>\u2463Eliminador de agua vibrante de las patatas fritas: Las patatas fritas despu\u00e9s del escaldado necesitan eliminar el agua de la superficie y evitar que se peguen.<\/p>\n<p>\u2464M\u00e1quina de secado de patatas fritas por aire: La humedad superficial de las patatas fritas se elimina eficazmente soplando aire para prepararlas para fre\u00edr, lo que puede acortar el tiempo de fritura y hacer que las patatas fritas sean m\u00e1s deliciosas.<\/p>\n<p><iframe loading=\"lazy\" title=\"Reproductor de v\u00eddeo YouTube\" src=\"https:\/\/www.youtube.com\/embed\/NPnUrx5YKYU\" width=\"850\" height=\"475.5\" frameborder=\"0\" allowfullscreen=\"allowfullscreen\"><span data-mce-type=\"bookmark\" style=\"display: inline-block; width: 0px; overflow: hidden; line-height: 0;\" class=\"mce_SELRES_start\">El pr\u00f3ximo fin de semana se abrir\u00e1 la nueva tienda de comestibles.<\/span><\/iframe><\/p>\n<p>\u2465Freidora continua de patatas fritas: Esta m\u00e1quina puede fre\u00edr patatas fritas sin interrupci\u00f3n. La temperatura y el tiempo de fritura se pueden ajustar seg\u00fan la demanda, y se puede seleccionar el m\u00e9todo de calentamiento. La producci\u00f3n por hora es de 200-900kg\/h.<\/p>\n<p>\u2466Desaceitadora de patatas fritas: utilice una desaceitadora vibratoria para eliminar el aceite de la superficie de las patatas fritas. El aceite recuperado se puede reutilizar.<\/p>\n<p>\u2467M\u00e1quina de congelaci\u00f3n r\u00e1pida de patatas fritas: Las patatas fritas se transportan a la m\u00e1quina de congelaci\u00f3n r\u00e1pida para su congelaci\u00f3n, lo que puede prolongar la vida \u00fatil y facilitar el almacenamiento. Tiene alta eficiencia de trabajo.<\/p>\n<p>\u2468Envasadora de patatas fritas: Puede completar autom\u00e1ticamente todo el proceso de alimentaci\u00f3n, medici\u00f3n, embolsado, impresi\u00f3n de fecha, llenado de nitr\u00f3geno (si es necesario) y salida del producto terminado. Es un equipo de envasado de uso com\u00fan en el procesamiento de patatas fritas.<\/p>\n<h3><strong><b>A<\/b><\/strong><strong><b>ventajas <\/b><\/strong><strong><b>O<\/b><\/strong><strong><b>f<\/b><\/strong><strong><b>\u00a0<\/b><\/strong><strong><b>F<\/b><\/strong><strong><b>rozen <\/b><\/strong><strong><b>F<\/b><\/strong><strong><b>rench <\/b><\/strong><strong><b>F<\/b><\/strong><strong><b>ries <\/b><\/strong><strong><b>P<\/b><\/strong><strong><b>ro<\/b><\/strong><strong><b>cessing<\/b><\/strong><strong><b>\u00a0<\/b><\/strong><strong><b>L<\/b><\/strong><strong><b>ine<\/b><\/strong><\/h3>\n<ul>\n<li>Producci\u00f3n autom\u00e1tica, alta eficiencia de trabajo, ahorro de costes de producci\u00f3n.<\/li>\n<li>Cada m\u00e1quina de la l\u00ednea de producci\u00f3n de patatas fritas congeladas puede personalizarse.<\/li>\n<li>Se pueden pedir distintas l\u00edneas de patatas fritas congeladas en funci\u00f3n de la producci\u00f3n de patatas fritas congeladas por hora.<\/li>\n<li>\u00a0Bajo consumo de energ\u00eda, m\u00faltiples funciones, alto beneficio, f\u00e1cil de usar y mantener.<\/li>\n<li>Es una de las l\u00edneas de procesado de patatas fritas congeladas m\u00e1s utilizadas.<\/li>\n<\/ul>\n<div class=\"main-section-capital pronb-tit\">\n<h3><img loading=\"lazy\" decoding=\"async\" class=\"alignnone size-full wp-image-2029\" src=\"https:\/\/www.potatoturnkey.com\/wp-content\/uploads\/2019\/01\/frozen-french-fries-processing-line.jpg\" alt=\"l\u00ednea de procesamiento de patatas fritas congeladas \" width=\"850\" height=\"600\" srcset=\"https:\/\/www.potatoturnkey.com\/wp-content\/uploads\/2019\/01\/frozen-french-fries-processing-line.jpg 850w, https:\/\/www.potatoturnkey.com\/wp-content\/uploads\/2019\/01\/frozen-french-fries-processing-line-300x212.jpg 300w, https:\/\/www.potatoturnkey.com\/wp-content\/uploads\/2019\/01\/frozen-french-fries-processing-line-768x542.jpg 768w, https:\/\/www.potatoturnkey.com\/wp-content\/uploads\/2019\/01\/frozen-french-fries-processing-line-600x424.jpg 600w\" sizes=\"auto, (max-width: 850px) 100vw, 850px\" \/><\/h3>\n<h3>Datos t\u00e9cnicos<\/h3>\n<\/div>\n<div class=\"product-module-intro\">\n<table border=\"1\" cellspacing=\"1\" cellpadding=\"1\">\n<tbody>\n<tr>\n<td>Nombre del producto<\/td>\n<td>L\u00ednea de producci\u00f3n de patatas fritas congeladas<\/td>\n<\/tr>\n<tr>\n<td>Producto final<\/td>\n<td>Patatas fritas congeladas<\/td>\n<\/tr>\n<tr>\n<td>Materia prima<\/td>\n<td>Patatas frescas<\/td>\n<\/tr>\n<tr>\n<td>Capacidad<\/td>\n<td>200 kg\/h(Se puede personalizar)<\/td>\n<\/tr>\n<tr>\n<td>Taller<\/td>\n<td>&gt;300m2, altura&gt;4m<\/td>\n<\/tr>\n<tr>\n<td>Tensi\u00f3n<\/td>\n<td>380\/50Hz\/3Fase<\/td>\n<\/tr>\n<tr>\n<td>Potencia<\/td>\n<td>250kw(Personalizado)<\/td>\n<\/tr>\n<tr>\n<td>Trabajadores<\/td>\n<td>6-8 trabajadores<\/td>\n<\/tr>\n<tr>\n<td>Calefacci\u00f3n<\/td>\n<td>Gas (se puede personalizar la electricidad)<\/td>\n<\/tr>\n<\/tbody>\n<\/table>\n<div role=\"form\" class=\"wpcf7\" id=\"wpcf7-f1653-o1\" lang=\"en-US\" dir=\"ltr\">\n<div class=\"screen-reader-response\"><p role=\"status\" aria-live=\"polite\" aria-atomic=\"true\"><\/p> <ul><\/ul><\/div>\n<form action=\"\/es\/wp-json\/wp\/v2\/product\/53#wpcf7-f1653-o1\" method=\"post\" class=\"wpcf7-form init\" novalidate=\"novalidate\" data-status=\"init\" data-trp-original-action=\"\/es\/wp-json\/wp\/v2\/product\/53#wpcf7-f1653-o1\">\n<div style=\"display: none;\">\n<input type=\"hidden\" name=\"_wpcf7\" value=\"1653\" \/>\n<input type=\"hidden\" name=\"_wpcf7_version\" value=\"5.5.4\" \/>\n<input type=\"hidden\" name=\"_wpcf7_locale\" value=\"en_US\" \/>\n<input type=\"hidden\" name=\"_wpcf7_unit_tag\" value=\"wpcf7-f1653-o1\" \/>\n<input type=\"hidden\" name=\"_wpcf7_container_post\" value=\"0\" \/>\n<input type=\"hidden\" name=\"_wpcf7_posted_data_hash\" value=\"\" \/>\n<\/div>\n<div style='text-align:center;font-size: 1.6rem;font-weight:bold'>Dejar mensaje para precio<\/div>\n<div class='forml1' style='float:left;width:48%; margin-right:4%'>\n<label> Su nombre<br \/>\n    <span class=\"wpcf7-form-control-wrap your-name\"><input type=\"text\" name=\"your-name\" value=\"\" size=\"40\" class=\"wpcf7-form-control wpcf7-text\" aria-invalid=\"false\" \/><\/span> <\/label><\/p>\n<p><label> *Su correo electr\u00f3nico<br \/>\n    <span class=\"wpcf7-form-control-wrap your-email\"><input type=\"email\" name=\"your-email\" value=\"\" size=\"40\" class=\"wpcf7-form-control wpcf7-text wpcf7-email wpcf7-validates-as-required wpcf7-validates-as-email\" aria-required=\"true\" aria-invalid=\"false\" \/><\/span> <\/label><\/p>\n<p><label> Tel\u00e9fono\/WhatsApp<br \/>\n    <span class=\"wpcf7-form-control-wrap text-100\"><input type=\"text\" name=\"text-100\" value=\"\" size=\"40\" class=\"wpcf7-form-control wpcf7-text\" aria-invalid=\"false\" \/><\/span> <\/label><br \/>\n<label> Su pa\u00eds<br \/>\n    <span class=\"wpcf7-form-control-wrap text-677\"><input type=\"text\" name=\"text-677\" value=\"\" size=\"40\" class=\"wpcf7-form-control wpcf7-text\" aria-invalid=\"false\" \/><\/span> <\/label><br \/>\n<label> Nombre de su empresa<br \/>\n    <span class=\"wpcf7-form-control-wrap text-680\"><input type=\"text\" name=\"text-680\" value=\"\" size=\"40\" class=\"wpcf7-form-control wpcf7-text\" aria-invalid=\"false\" \/><\/span> <\/label><br \/>\n<label> Su sitio web<br \/>\n    <span class=\"wpcf7-form-control-wrap text-216\"><input type=\"text\" name=\"text-216\" value=\"\" size=\"40\" class=\"wpcf7-form-control wpcf7-text\" aria-invalid=\"false\" \/><\/span> <\/label>\n<\/div>\n<div class='forml2' style='float:left;width:48%;'>\n<label> *Su mensaje<br \/>\n    <span class=\"wpcf7-form-control-wrap your-message\"><textarea name=\"your-message\" cols=\"40\" rows=\"10\" class=\"wpcf7-form-control wpcf7-textarea wpcf7-validates-as-required\" aria-required=\"true\" aria-invalid=\"false\"><\/textarea><\/span> <\/label><\/p>\n<p><input type=\"submit\" value=\"Enviar\" class=\"wpcf7-form-control has-spinner wpcf7-submit\" \/><\/p>\n<\/div>\n<div style='clear:both'><\/div>\n<p style=\"display: none !important;\"><label>&#916;<textarea name=\"_wpcf7_ak_hp_textarea\" cols=\"45\" rows=\"8\" maxlength=\"100\"><\/textarea><\/label><input type=\"hidden\" id=\"ak_js\" name=\"_wpcf7_ak_js\" value=\"144\"\/><script>document.getElementById( \"ak_js\" ).setAttribute( \"value\", ( new Date() ).getTime() );<\/script><\/p><div class=\"wpcf7-response-output\" aria-hidden=\"true\"><\/div><input type=\"hidden\" name=\"trp-form-language\" value=\"es\"\/><\/form><\/div>\n<\/div>\n<div style='text-align:left' class='yasr-auto-insert-visitor'><\/div>","protected":false},"excerpt":{"rendered":"<p><strong>Descripci\u00f3n:<\/strong>\u00a0 La l\u00ednea de producci\u00f3n de patatas fritas congeladas incluye principalmente los procesos de limpieza, pelado, corte, escaldado, fritura, desengrasado, congelaci\u00f3n r\u00e1pida y envasado.<\/p>\n<p><strong>Capacidad de producci\u00f3n<\/strong>: 300kg\/h, 500kg\/h, 800kg\/h, 1000kg\/h, 1500kg\/h.<\/p>\n<p>&nbsp;<\/p>","protected":false},"featured_media":2034,"comment_status":"open","ping_status":"closed","template":"","meta":{"extendify_custom_stylesheet":"","site-sidebar-layout":"default","site-content-layout":"default","ast-global-header-display":"","ast-banner-title-visibility":"","ast-main-header-display":"","ast-hfb-above-header-display":"","ast-hfb-below-header-display":"","ast-hfb-mobile-header-display":"","site-post-title":"","ast-breadcrumbs-content":"","ast-featured-img":"","footer-sml-layout":"","theme-transparent-header-meta":"default","adv-header-id-meta":"","stick-header-meta":"","header-above-stick-meta":"","header-main-stick-meta":"","header-below-stick-meta":"","yasr_overall_rating":0,"yasr_post_is_review":"","yasr_auto_insert_disabled":"","yasr_review_type":""},"product_cat":[25],"product_tag":[],"class_list":["post-53","product","type-product","status-publish","has-post-thumbnail","hentry","product_cat-potato-solutions","desktop-align-left","tablet-align-left","mobile-align-left"],"yasr_visitor_votes":{"stars_attributes":{"read_only":false,"span_bottom":false},"number_of_votes":0,"sum_votes":0},"yoast_head":"<!-- This site is optimized with the Yoast SEO plugin v20.11 - https:\/\/yoast.com\/wordpress\/plugins\/seo\/ -->\n<title>Hot Sale Frozen French Fries Processing Line from A To Z<\/title>\n<meta name=\"description\" content=\"The competitive advantages of the frozen french fries processing line can help customers to do business better.\" \/>\n<meta name=\"robots\" content=\"index, follow, max-snippet:-1, max-image-preview:large, max-video-preview:-1\" \/>\n<link rel=\"canonical\" href=\"https:\/\/www.potatoturnkey.com\/es\/product\/frozen-fries-process-line\/\" \/>\n<meta property=\"og:locale\" content=\"es_ES\" \/>\n<meta property=\"og:type\" content=\"article\" \/>\n<meta property=\"og:title\" content=\"Hot Sale Frozen French Fries Processing Line from A To Z\" \/>\n<meta property=\"og:description\" content=\"The competitive advantages of the frozen french fries processing line can help customers to do business better.\" \/>\n<meta property=\"og:url\" content=\"https:\/\/www.potatoturnkey.com\/es\/product\/frozen-fries-process-line\/\" \/>\n<meta property=\"og:site_name\" content=\"Potato Process Machines Supplier\" \/>\n<meta property=\"article:modified_time\" content=\"2026-02-09T02:33:42+00:00\" \/>\n<meta property=\"og:image\" content=\"https:\/\/www.potatoturnkey.com\/wp-content\/uploads\/2019\/01\/frozen-french-fries-processing-line-.jpg\" \/>\n\t<meta property=\"og:image:width\" content=\"600\" \/>\n\t<meta property=\"og:image:height\" content=\"600\" \/>\n\t<meta property=\"og:image:type\" content=\"image\/jpeg\" \/>\n<meta name=\"twitter:card\" content=\"summary_large_image\" \/>\n<meta name=\"twitter:label1\" content=\"Tiempo de lectura\" \/>\n\t<meta name=\"twitter:data1\" content=\"4 minutos\" \/>\n<script type=\"application\/ld+json\" class=\"yoast-schema-graph\">{\"@context\":\"https:\/\/schema.org\",\"@graph\":[{\"@type\":\"WebPage\",\"@id\":\"https:\/\/www.potatoturnkey.com\/product\/frozen-fries-process-line\/\",\"url\":\"https:\/\/www.potatoturnkey.com\/product\/frozen-fries-process-line\/\",\"name\":\"Hot Sale Frozen French Fries Processing Line from A To Z\",\"isPartOf\":{\"@id\":\"https:\/\/www.potatoturnkey.com\/#website\"},\"datePublished\":\"2019-01-23T11:22:40+00:00\",\"dateModified\":\"2026-02-09T02:33:42+00:00\",\"description\":\"The competitive advantages of the frozen french fries processing line can help customers to do business better.\",\"breadcrumb\":{\"@id\":\"https:\/\/www.potatoturnkey.com\/product\/frozen-fries-process-line\/#breadcrumb\"},\"inLanguage\":\"es\",\"potentialAction\":[{\"@type\":\"ReadAction\",\"target\":[\"https:\/\/www.potatoturnkey.com\/product\/frozen-fries-process-line\/\"]}]},{\"@type\":\"BreadcrumbList\",\"@id\":\"https:\/\/www.potatoturnkey.com\/product\/frozen-fries-process-line\/#breadcrumb\",\"itemListElement\":[{\"@type\":\"ListItem\",\"position\":1,\"name\":\"Home\",\"item\":\"https:\/\/www.potatoturnkey.com\/\"},{\"@type\":\"ListItem\",\"position\":2,\"name\":\"Products\",\"item\":\"https:\/\/www.potatoturnkey.com\/shop-2__trashed\/\"},{\"@type\":\"ListItem\",\"position\":3,\"name\":\"Hot Sale Frozen French Fries Processing Line from A To Z\"}]},{\"@type\":\"WebSite\",\"@id\":\"https:\/\/www.potatoturnkey.com\/#website\",\"url\":\"https:\/\/www.potatoturnkey.com\/\",\"name\":\"Potato Process Machines Supplier\",\"description\":\"Potato Turnkey Processing Machine Supplier\",\"publisher\":{\"@id\":\"https:\/\/www.potatoturnkey.com\/#organization\"},\"potentialAction\":[{\"@type\":\"SearchAction\",\"target\":{\"@type\":\"EntryPoint\",\"urlTemplate\":\"https:\/\/www.potatoturnkey.com\/?s={search_term_string}\"},\"query-input\":\"required name=search_term_string\"}],\"inLanguage\":\"es\"},{\"@type\":\"Organization\",\"@id\":\"https:\/\/www.potatoturnkey.com\/#organization\",\"name\":\"Potato Process Machines Supplier\",\"url\":\"https:\/\/www.potatoturnkey.com\/\",\"logo\":{\"@type\":\"ImageObject\",\"inLanguage\":\"es\",\"@id\":\"https:\/\/www.potatoturnkey.com\/#\/schema\/logo\/image\/\",\"url\":\"https:\/\/www.potatoturnkey.com\/wp-content\/uploads\/2022\/02\/potato.png\",\"contentUrl\":\"https:\/\/www.potatoturnkey.com\/wp-content\/uploads\/2022\/02\/potato.png\",\"width\":200,\"height\":200,\"caption\":\"Potato Process Machines Supplier\"},\"image\":{\"@id\":\"https:\/\/www.potatoturnkey.com\/#\/schema\/logo\/image\/\"}},false]}<\/script>\n<!-- \/ Yoast SEO plugin. -->","yoast_head_json":{"title":"Hot Sale Frozen French Fries Processing Line from A To Z","description":"The competitive advantages of the frozen french fries processing line can help customers to do business better.","robots":{"index":"index","follow":"follow","max-snippet":"max-snippet:-1","max-image-preview":"max-image-preview:large","max-video-preview":"max-video-preview:-1"},"canonical":"https:\/\/www.potatoturnkey.com\/es\/product\/frozen-fries-process-line\/","og_locale":"es_ES","og_type":"article","og_title":"Hot Sale Frozen French Fries Processing Line from A To Z","og_description":"The competitive advantages of the frozen french fries processing line can help customers to do business better.","og_url":"https:\/\/www.potatoturnkey.com\/es\/product\/frozen-fries-process-line\/","og_site_name":"Potato Process Machines Supplier","article_modified_time":"2026-02-09T02:33:42+00:00","og_image":[{"width":600,"height":600,"url":"https:\/\/www.potatoturnkey.com\/wp-content\/uploads\/2019\/01\/frozen-french-fries-processing-line-.jpg","type":"image\/jpeg"}],"twitter_card":"summary_large_image","twitter_misc":{"Tiempo de lectura":"4 minutos"},"schema":{"@context":"https:\/\/schema.org","@graph":[{"@type":"WebPage","@id":"https:\/\/www.potatoturnkey.com\/product\/frozen-fries-process-line\/","url":"https:\/\/www.potatoturnkey.com\/product\/frozen-fries-process-line\/","name":"Hot Sale Frozen French Fries Processing Line from A To Z","isPartOf":{"@id":"https:\/\/www.potatoturnkey.com\/#website"},"datePublished":"2019-01-23T11:22:40+00:00","dateModified":"2026-02-09T02:33:42+00:00","description":"The competitive advantages of the frozen french fries processing line can help customers to do business better.","breadcrumb":{"@id":"https:\/\/www.potatoturnkey.com\/product\/frozen-fries-process-line\/#breadcrumb"},"inLanguage":"es","potentialAction":[{"@type":"ReadAction","target":["https:\/\/www.potatoturnkey.com\/product\/frozen-fries-process-line\/"]}]},{"@type":"BreadcrumbList","@id":"https:\/\/www.potatoturnkey.com\/product\/frozen-fries-process-line\/#breadcrumb","itemListElement":[{"@type":"ListItem","position":1,"name":"Home","item":"https:\/\/www.potatoturnkey.com\/"},{"@type":"ListItem","position":2,"name":"Products","item":"https:\/\/www.potatoturnkey.com\/shop-2__trashed\/"},{"@type":"ListItem","position":3,"name":"Hot Sale Frozen French Fries Processing Line from A To Z"}]},{"@type":"WebSite","@id":"https:\/\/www.potatoturnkey.com\/#website","url":"https:\/\/www.potatoturnkey.com\/","name":"Potato Process Machines Supplier","description":"Potato Turnkey Processing Machine Supplier","publisher":{"@id":"https:\/\/www.potatoturnkey.com\/#organization"},"potentialAction":[{"@type":"SearchAction","target":{"@type":"EntryPoint","urlTemplate":"https:\/\/www.potatoturnkey.com\/?s={search_term_string}"},"query-input":"required name=search_term_string"}],"inLanguage":"es"},{"@type":"Organization","@id":"https:\/\/www.potatoturnkey.com\/#organization","name":"Potato Process Machines Supplier","url":"https:\/\/www.potatoturnkey.com\/","logo":{"@type":"ImageObject","inLanguage":"es","@id":"https:\/\/www.potatoturnkey.com\/#\/schema\/logo\/image\/","url":"https:\/\/www.potatoturnkey.com\/wp-content\/uploads\/2022\/02\/potato.png","contentUrl":"https:\/\/www.potatoturnkey.com\/wp-content\/uploads\/2022\/02\/potato.png","width":200,"height":200,"caption":"Potato Process Machines Supplier"},"image":{"@id":"https:\/\/www.potatoturnkey.com\/#\/schema\/logo\/image\/"}},false]}},"_links":{"self":[{"href":"https:\/\/www.potatoturnkey.com\/es\/wp-json\/wp\/v2\/product\/53","targetHints":{"allow":["GET"]}}],"collection":[{"href":"https:\/\/www.potatoturnkey.com\/es\/wp-json\/wp\/v2\/product"}],"about":[{"href":"https:\/\/www.potatoturnkey.com\/es\/wp-json\/wp\/v2\/types\/product"}],"replies":[{"embeddable":true,"href":"https:\/\/www.potatoturnkey.com\/es\/wp-json\/wp\/v2\/comments?post=53"}],"wp:featuredmedia":[{"embeddable":true,"href":"https:\/\/www.potatoturnkey.com\/es\/wp-json\/wp\/v2\/media\/2034"}],"wp:attachment":[{"href":"https:\/\/www.potatoturnkey.com\/es\/wp-json\/wp\/v2\/media?parent=53"}],"wp:term":[{"taxonomy":"product_cat","embeddable":true,"href":"https:\/\/www.potatoturnkey.com\/es\/wp-json\/wp\/v2\/product_cat?post=53"},{"taxonomy":"product_tag","embeddable":true,"href":"https:\/\/www.potatoturnkey.com\/es\/wp-json\/wp\/v2\/product_tag?post=53"}],"curies":[{"name":"wp","href":"https:\/\/api.w.org\/{rel}","templated":true}]}}