{"id":52,"date":"2019-01-23T10:58:30","date_gmt":"2019-01-23T10:58:30","guid":{"rendered":"http:\/\/www.potatoturnkey.com\/product\/cleistocactus\/"},"modified":"2022-03-11T16:40:47","modified_gmt":"2022-03-11T08:40:47","slug":"french-fries-fryer-machine-pakistan","status":"publish","type":"product","link":"https:\/\/www.potatoturnkey.com\/es\/product\/french-fries-fryer-machine-pakistan\/","title":{"rendered":"M\u00e1quina freidora comercial de patatas fritas en Pakist\u00e1n"},"content":{"rendered":"<p>Esta m\u00e1quina freidora de patatas fritas en Pakist\u00e1n es una m\u00e1quina com\u00fan en el proceso de fritura de patatas. Adopta la \u00faltima y m\u00e1s avanzada tecnolog\u00eda para mejorar la eficiencia de producci\u00f3n y la tasa de ahorro de aceite. Durante el proceso de fritura, el material puede ser revuelto autom\u00e1ticamente sin pegarse. Es adecuado para fre\u00edr una variedad de productos, y tambi\u00e9n se puede utilizar con la l\u00ednea de producci\u00f3n de patatas fritas. Es un procesador muy bueno para iniciar un negocio de patatas fritas, patatas fritas.<\/p>\n<ul>\n<li>Ingredientes: patatas frescas<\/li>\n<li>Productos acabados: Patatas fritas, patatas fritas<\/li>\n<li>M\u00e9todo de elaboraci\u00f3n: fritura<\/li>\n<li>M\u00e9todo de calefacci\u00f3n: calefacci\u00f3n el\u00e9ctrica, calefacci\u00f3n de gas<\/li>\n<li>Capacidad de procesamiento: 100kg\/h-900kg\/h<\/li>\n<li>M\u00e9todo de descarga: descarga autom\u00e1tica despu\u00e9s de fre\u00edr<\/li>\n<\/ul>\n<p><img loading=\"lazy\" decoding=\"async\" class=\"alignnone size-full wp-image-1901\" src=\"https:\/\/www.potatoturnkey.com\/wp-content\/uploads\/2019\/01\/french-fries.jpg\" alt=\"fabricaci\u00f3n de patatas fritas\" width=\"800\" height=\"500\" srcset=\"https:\/\/www.potatoturnkey.com\/wp-content\/uploads\/2019\/01\/french-fries.jpg 800w, https:\/\/www.potatoturnkey.com\/wp-content\/uploads\/2019\/01\/french-fries-300x188.jpg 300w, https:\/\/www.potatoturnkey.com\/wp-content\/uploads\/2019\/01\/french-fries-768x480.jpg 768w, https:\/\/www.potatoturnkey.com\/wp-content\/uploads\/2019\/01\/french-fries-600x375.jpg 600w\" sizes=\"auto, (max-width: 800px) 100vw, 800px\" \/><\/p>\n<h3><strong><b>Ventaja<\/b><\/strong><strong><b>s O<\/b><\/strong><strong><b>f<\/b><\/strong><strong><b>\u00a0<\/b><\/strong><strong><b>F<\/b><\/strong><strong><b>rench <\/b><\/strong><strong><b>F<\/b><\/strong><strong><b>ries <\/b><\/strong><strong><b>M<\/b><\/strong><strong><b>aking <\/b><\/strong><strong><b>M<\/b><\/strong><strong><b>achine <\/b><\/strong><\/h3>\n<ul>\n<li>\u2606Descarga autom\u00e1tica mediante accionamiento por motor, alimentaci\u00f3n autom\u00e1tica opcional para reducir la intensidad de trabajo.<\/li>\n<li>\u2606La agitaci\u00f3n autom\u00e1tica garantiza una fritura uniforme del producto y evita que se comprima y se pegue.<\/li>\n<li>\u2606Toda la temperatura del aceite se controla autom\u00e1ticamente, y la temperatura se puede ajustar a voluntad de 0-230 grados.<\/li>\n<li>\u2606Adecuado para fre\u00edr alimentos con diferentes requisitos tecnol\u00f3gicos.<\/li>\n<li>\u2606Sencillo manejo, equipado con ruedas, f\u00e1cil de mover.<\/li>\n<li>El panel de control \u2606PLC puede ajustar el tiempo de fritura y la temperatura de fritura con mayor precisi\u00f3n.<\/li>\n<li>\u2606Esta m\u00e1quina de patatas fritas puede fre\u00edr una variedad de alimentos sin un olor peculiar, sin humos de aceite, y proporcionar un ambiente de trabajo limpio e higi\u00e9nico.<\/li>\n<li>\u2606F\u00e1cil de limpiar y mantener despu\u00e9s de fre\u00edr.<\/li>\n<\/ul>\n<h3><strong><b>R<\/b><\/strong><strong><b>unning <\/b><\/strong><strong><b>V<\/b><\/strong><strong><b>ideo<\/b><\/strong><strong><b>\u00a0De <\/b><\/strong><strong><b>F<\/b><\/strong><strong><b>rench <\/b><\/strong><strong><b>F<\/b><\/strong><strong><b>ries <\/b><\/strong><strong><b>F<\/b><\/strong><strong><b>ryer <\/b><\/strong><strong><b>M<\/b><\/strong><strong><b>achine <\/b><\/strong><strong><b>P<\/b><\/strong><strong><b>akistan<\/b><\/strong><\/h3>\n<p>Esta m\u00e1quina freidora de patatas fritas ahorra mucha mano de obra en el proceso de trabajo, mejora el aspecto del producto, aporta un alto valor a\u00f1adido al producto, mantiene una temperatura estable y la nutrici\u00f3n de los alimentos fritos. Esta m\u00e1quina se utiliza ampliamente en restaurantes de comida r\u00e1pida, cantinas, cadenas de tiendas y peque\u00f1as y medianas empresas de procesamiento de alimentos fritos.<\/p>\n<p><iframe loading=\"lazy\" title=\"Reproductor de v\u00eddeo YouTube\" src=\"https:\/\/www.youtube.com\/embed\/0476pHOBteE\" width=\"850\" height=\"475.5\" frameborder=\"0\" allowfullscreen=\"allowfullscreen\"><span data-mce-type=\"bookmark\" style=\"display: inline-block; width: 0px; overflow: hidden; line-height: 0;\" class=\"mce_SELRES_start\">El pr\u00f3ximo fin de semana se abrir\u00e1 la nueva tienda de comestibles.<\/span><\/iframe><\/p>\n<h3><strong><b>M\u00e1quina <\/b><\/strong><strong><b>S<\/b><\/strong><strong><b>elecciones<\/b><\/strong><strong><b>\u00a0De <\/b><\/strong><strong><b>F<\/b><\/strong><strong><b>rench <\/b><\/strong><strong><b>F<\/b><\/strong><strong><b>ries <\/b><\/strong><strong><b>F<\/b><\/strong><strong><b>ryer <\/b><\/strong><strong><b>M<\/b><\/strong><strong><b>achine <\/b><\/strong><strong><b>P<\/b><\/strong><strong><b>akistan<\/b><\/strong><\/h3>\n<ol>\n<li>Se puede utilizar con desaceitador y elevador, que integra la fritura y el desaceitado para hacerlo m\u00e1s autom\u00e1tico.<\/li>\n<li>El di\u00e1metro de la cesta de la freidora de patatas fritas puede personalizarse seg\u00fan las necesidades.<\/li>\n<li>Seg\u00fan la demanda, el cubo de recogida est\u00e1 dise\u00f1ado para facilitar la alimentaci\u00f3n.<\/li>\n<li>El m\u00e9todo de calentamiento es opcional.<\/li>\n<\/ol>\n<p>Si desea obtener m\u00e1s informaci\u00f3n sobre esta m\u00e1quina para hacer patatas fritas, puede dejarnos un mensaje y le enviaremos un presupuesto lo antes posible. Si desea ver c\u00f3mo funciona la m\u00e1quina, podemos enviarle un video o puede visitar nuestra f\u00e1brica. Y si quiere hacer patatas fritas y papas fritas m\u00e1s f\u00e1cil y r\u00e1pido, \u00a1pida esta m\u00e1quina ahora!<\/p>\n<h3>Par\u00e1metros t\u00e9cnicos<\/h3>\n<table border=\"0\" cellspacing=\"0\">\n<tbody>\n<tr>\n<td nowrap=\"nowrap\">Modelo<\/td>\n<td>Profundidad del di\u00e1metro de la sart\u00e9n(MM)<\/td>\n<td>Potencia de agitaci\u00f3n (KW)<\/td>\n<td>Potencia de elevaci\u00f3n (KW)<\/td>\n<td nowrap=\"nowrap\">Potencia calor\u00edfica<\/td>\n<td nowrap=\"nowrap\">Dimensiones (MM)<\/td>\n<\/tr>\n<tr>\n<td nowrap=\"nowrap\">GGYZG1000A<\/td>\n<td nowrap=\"nowrap\">400<\/td>\n<td nowrap=\"nowrap\">0.37<\/td>\n<td nowrap=\"nowrap\">1.1<\/td>\n<td nowrap=\"nowrap\">15KW<\/td>\n<td nowrap=\"nowrap\">1900*1800*1770<\/td>\n<\/tr>\n<tr>\n<td nowrap=\"nowrap\">GGYZG1200A<\/td>\n<td nowrap=\"nowrap\">400<\/td>\n<td nowrap=\"nowrap\">0.37<\/td>\n<td nowrap=\"nowrap\">1.1<\/td>\n<td nowrap=\"nowrap\">20KW<\/td>\n<td>2100*2000*1770<\/td>\n<\/tr>\n<tr>\n<td nowrap=\"nowrap\">GGYZG1500A<\/td>\n<td nowrap=\"nowrap\">400<\/td>\n<td nowrap=\"nowrap\">0.37<\/td>\n<td nowrap=\"nowrap\">1.1<\/td>\n<td nowrap=\"nowrap\">20KW<\/td>\n<td>2300*2200*1770<\/td>\n<\/tr>\n<tr>\n<td nowrap=\"nowrap\">GGYZE1000A<\/td>\n<td nowrap=\"nowrap\">400<\/td>\n<td nowrap=\"nowrap\">0.37<\/td>\n<td nowrap=\"nowrap\">1.1<\/td>\n<td nowrap=\"nowrap\">36KW<\/td>\n<td nowrap=\"nowrap\">1650*1250*1550<\/td>\n<\/tr>\n<tr>\n<td nowrap=\"nowrap\">GGYZE1200A<\/td>\n<td nowrap=\"nowrap\">400<\/td>\n<td nowrap=\"nowrap\">0.37<\/td>\n<td nowrap=\"nowrap\">1.1<\/td>\n<td nowrap=\"nowrap\">48KW<\/td>\n<td nowrap=\"nowrap\">1850*1450*1500<\/td>\n<\/tr>\n<tr>\n<td nowrap=\"nowrap\">GGYZE1500A<\/td>\n<td nowrap=\"nowrap\">400<\/td>\n<td nowrap=\"nowrap\">0.37<\/td>\n<td nowrap=\"nowrap\">1.1<\/td>\n<td nowrap=\"nowrap\">60KW<\/td>\n<td nowrap=\"nowrap\">2150*1750*1550<\/td>\n<\/tr>\n<\/tbody>\n<\/table>\n<div role=\"form\" class=\"wpcf7\" id=\"wpcf7-f1653-o1\" lang=\"en-US\" dir=\"ltr\">\n<div class=\"screen-reader-response\"><p role=\"status\" aria-live=\"polite\" aria-atomic=\"true\"><\/p> <ul><\/ul><\/div>\n<form action=\"\/es\/wp-json\/wp\/v2\/product\/52#wpcf7-f1653-o1\" method=\"post\" class=\"wpcf7-form init\" novalidate=\"novalidate\" data-status=\"init\" data-trp-original-action=\"\/es\/wp-json\/wp\/v2\/product\/52#wpcf7-f1653-o1\">\n<div style=\"display: none;\">\n<input type=\"hidden\" name=\"_wpcf7\" value=\"1653\" \/>\n<input type=\"hidden\" name=\"_wpcf7_version\" value=\"5.5.4\" \/>\n<input type=\"hidden\" name=\"_wpcf7_locale\" value=\"en_US\" \/>\n<input type=\"hidden\" name=\"_wpcf7_unit_tag\" value=\"wpcf7-f1653-o1\" \/>\n<input type=\"hidden\" name=\"_wpcf7_container_post\" value=\"0\" \/>\n<input type=\"hidden\" name=\"_wpcf7_posted_data_hash\" value=\"\" \/>\n<\/div>\n<div style='text-align:center;font-size: 1.6rem;font-weight:bold'>Dejar mensaje para precio<\/div>\n<div class='forml1' style='float:left;width:48%; margin-right:4%'>\n<label> Su nombre<br \/>\n    <span class=\"wpcf7-form-control-wrap your-name\"><input type=\"text\" name=\"your-name\" value=\"\" size=\"40\" class=\"wpcf7-form-control wpcf7-text\" aria-invalid=\"false\" \/><\/span> <\/label><\/p>\n<p><label> *Su correo electr\u00f3nico<br \/>\n    <span class=\"wpcf7-form-control-wrap your-email\"><input type=\"email\" name=\"your-email\" value=\"\" size=\"40\" class=\"wpcf7-form-control wpcf7-text wpcf7-email wpcf7-validates-as-required wpcf7-validates-as-email\" aria-required=\"true\" aria-invalid=\"false\" \/><\/span> <\/label><\/p>\n<p><label> Tel\u00e9fono\/WhatsApp<br \/>\n    <span class=\"wpcf7-form-control-wrap text-100\"><input type=\"text\" name=\"text-100\" value=\"\" size=\"40\" class=\"wpcf7-form-control wpcf7-text\" aria-invalid=\"false\" \/><\/span> <\/label><br \/>\n<label> Su pa\u00eds<br \/>\n    <span class=\"wpcf7-form-control-wrap text-677\"><input type=\"text\" name=\"text-677\" value=\"\" size=\"40\" class=\"wpcf7-form-control wpcf7-text\" aria-invalid=\"false\" \/><\/span> <\/label><br \/>\n<label> Nombre de su empresa<br \/>\n    <span class=\"wpcf7-form-control-wrap text-680\"><input type=\"text\" name=\"text-680\" value=\"\" size=\"40\" class=\"wpcf7-form-control wpcf7-text\" aria-invalid=\"false\" \/><\/span> <\/label><br \/>\n<label> Su sitio web<br \/>\n    <span class=\"wpcf7-form-control-wrap text-216\"><input type=\"text\" name=\"text-216\" value=\"\" size=\"40\" class=\"wpcf7-form-control wpcf7-text\" aria-invalid=\"false\" \/><\/span> <\/label>\n<\/div>\n<div class='forml2' style='float:left;width:48%;'>\n<label> *Su mensaje<br \/>\n    <span class=\"wpcf7-form-control-wrap your-message\"><textarea name=\"your-message\" cols=\"40\" rows=\"10\" class=\"wpcf7-form-control wpcf7-textarea wpcf7-validates-as-required\" aria-required=\"true\" aria-invalid=\"false\"><\/textarea><\/span> <\/label><\/p>\n<p><input type=\"submit\" value=\"Enviar\" class=\"wpcf7-form-control has-spinner wpcf7-submit\" \/><\/p>\n<\/div>\n<div style='clear:both'><\/div>\n<p style=\"display: none !important;\"><label>&#916;<textarea name=\"_wpcf7_ak_hp_textarea\" cols=\"45\" rows=\"8\" maxlength=\"100\"><\/textarea><\/label><input type=\"hidden\" id=\"ak_js\" name=\"_wpcf7_ak_js\" value=\"15\"\/><script>document.getElementById( \"ak_js\" ).setAttribute( \"value\", ( new Date() ).getTime() );<\/script><\/p><div class=\"wpcf7-response-output\" aria-hidden=\"true\"><\/div><input type=\"hidden\" name=\"trp-form-language\" value=\"es\"\/><\/form><\/div>\n<div style='text-align:left' class='yasr-auto-insert-visitor'><\/div>","protected":false},"excerpt":{"rendered":"<p>Esta m\u00e1quina de fre\u00edr patatas fritas tiene las funciones de descarga autom\u00e1tica, agitaci\u00f3n autom\u00e1tica, control autom\u00e1tico de aceite y as\u00ed sucesivamente. Los alimentos fritos no s\u00f3lo tienen buen color, aroma y sabor, sino que tambi\u00e9n reduce la intensidad de trabajo de los trabajadores.<\/p>","protected":false},"featured_media":1904,"comment_status":"open","ping_status":"closed","template":"","meta":{"extendify_custom_stylesheet":"","site-sidebar-layout":"default","site-content-layout":"default","ast-global-header-display":"","ast-banner-title-visibility":"","ast-main-header-display":"","ast-hfb-above-header-display":"","ast-hfb-below-header-display":"","ast-hfb-mobile-header-display":"","site-post-title":"","ast-breadcrumbs-content":"","ast-featured-img":"","footer-sml-layout":"","theme-transparent-header-meta":"default","adv-header-id-meta":"","stick-header-meta":"","header-above-stick-meta":"","header-main-stick-meta":"","header-below-stick-meta":"","yasr_overall_rating":0,"yasr_post_is_review":"","yasr_auto_insert_disabled":"","yasr_review_type":""},"product_cat":[27],"product_tag":[],"class_list":["post-52","product","type-product","status-publish","has-post-thumbnail","hentry","product_cat-potato-processing-machines","desktop-align-left","tablet-align-left","mobile-align-left"],"yasr_visitor_votes":{"stars_attributes":{"read_only":false,"span_bottom":false},"number_of_votes":1,"sum_votes":5},"yoast_head":"<!-- This site is optimized with the Yoast SEO plugin v20.11 - https:\/\/yoast.com\/wordpress\/plugins\/seo\/ -->\n<title>Commercial Potato French Fries Fryer Machine In Pakistan<\/title>\n<meta name=\"description\" content=\"The whole french fries fryer machine pakistan is made of high-quality 304 stainless steel, with exquisite workmanship and durability.\" \/>\n<meta name=\"robots\" content=\"index, follow, max-snippet:-1, max-image-preview:large, max-video-preview:-1\" \/>\n<link rel=\"canonical\" href=\"https:\/\/www.potatoturnkey.com\/es\/product\/french-fries-fryer-machine-pakistan\/\" \/>\n<meta property=\"og:locale\" content=\"es_ES\" \/>\n<meta property=\"og:type\" content=\"article\" \/>\n<meta property=\"og:title\" content=\"Commercial Potato French Fries Fryer Machine In Pakistan\" \/>\n<meta property=\"og:description\" content=\"The whole french fries fryer machine pakistan is made of high-quality 304 stainless steel, with exquisite workmanship and durability.\" \/>\n<meta property=\"og:url\" content=\"https:\/\/www.potatoturnkey.com\/es\/product\/french-fries-fryer-machine-pakistan\/\" \/>\n<meta property=\"og:site_name\" content=\"Potato Process Machines Supplier\" \/>\n<meta property=\"article:modified_time\" content=\"2022-03-11T08:40:47+00:00\" \/>\n<meta property=\"og:image\" content=\"https:\/\/www.potatoturnkey.com\/wp-content\/uploads\/2019\/01\/french-fries-making-machine-.jpg\" \/>\n\t<meta property=\"og:image:width\" content=\"600\" \/>\n\t<meta property=\"og:image:height\" content=\"600\" \/>\n\t<meta property=\"og:image:type\" content=\"image\/jpeg\" \/>\n<meta name=\"twitter:card\" content=\"summary_large_image\" \/>\n<meta name=\"twitter:label1\" content=\"Tiempo de lectura\" \/>\n\t<meta name=\"twitter:data1\" content=\"3 minutos\" \/>\n<script type=\"application\/ld+json\" class=\"yoast-schema-graph\">{\"@context\":\"https:\/\/schema.org\",\"@graph\":[{\"@type\":\"WebPage\",\"@id\":\"https:\/\/www.potatoturnkey.com\/product\/french-fries-fryer-machine-pakistan\/\",\"url\":\"https:\/\/www.potatoturnkey.com\/product\/french-fries-fryer-machine-pakistan\/\",\"name\":\"Commercial Potato French Fries Fryer Machine In Pakistan\",\"isPartOf\":{\"@id\":\"https:\/\/www.potatoturnkey.com\/#website\"},\"datePublished\":\"2019-01-23T10:58:30+00:00\",\"dateModified\":\"2022-03-11T08:40:47+00:00\",\"description\":\"The whole french fries fryer machine pakistan is made of high-quality 304 stainless steel, with exquisite workmanship and durability.\",\"breadcrumb\":{\"@id\":\"https:\/\/www.potatoturnkey.com\/product\/french-fries-fryer-machine-pakistan\/#breadcrumb\"},\"inLanguage\":\"es\",\"potentialAction\":[{\"@type\":\"ReadAction\",\"target\":[\"https:\/\/www.potatoturnkey.com\/product\/french-fries-fryer-machine-pakistan\/\"]}]},{\"@type\":\"BreadcrumbList\",\"@id\":\"https:\/\/www.potatoturnkey.com\/product\/french-fries-fryer-machine-pakistan\/#breadcrumb\",\"itemListElement\":[{\"@type\":\"ListItem\",\"position\":1,\"name\":\"Home\",\"item\":\"https:\/\/www.potatoturnkey.com\/\"},{\"@type\":\"ListItem\",\"position\":2,\"name\":\"Products\",\"item\":\"https:\/\/www.potatoturnkey.com\/shop-2__trashed\/\"},{\"@type\":\"ListItem\",\"position\":3,\"name\":\"Commercial Potato French Fries Fryer Machine In Pakistan\"}]},{\"@type\":\"WebSite\",\"@id\":\"https:\/\/www.potatoturnkey.com\/#website\",\"url\":\"https:\/\/www.potatoturnkey.com\/\",\"name\":\"Potato Process Machines Supplier\",\"description\":\"Potato Turnkey Processing Machine Supplier\",\"publisher\":{\"@id\":\"https:\/\/www.potatoturnkey.com\/#organization\"},\"potentialAction\":[{\"@type\":\"SearchAction\",\"target\":{\"@type\":\"EntryPoint\",\"urlTemplate\":\"https:\/\/www.potatoturnkey.com\/?s={search_term_string}\"},\"query-input\":\"required name=search_term_string\"}],\"inLanguage\":\"es\"},{\"@type\":\"Organization\",\"@id\":\"https:\/\/www.potatoturnkey.com\/#organization\",\"name\":\"Potato Process Machines Supplier\",\"url\":\"https:\/\/www.potatoturnkey.com\/\",\"logo\":{\"@type\":\"ImageObject\",\"inLanguage\":\"es\",\"@id\":\"https:\/\/www.potatoturnkey.com\/#\/schema\/logo\/image\/\",\"url\":\"https:\/\/www.potatoturnkey.com\/wp-content\/uploads\/2022\/02\/potato.png\",\"contentUrl\":\"https:\/\/www.potatoturnkey.com\/wp-content\/uploads\/2022\/02\/potato.png\",\"width\":200,\"height\":200,\"caption\":\"Potato Process Machines Supplier\"},\"image\":{\"@id\":\"https:\/\/www.potatoturnkey.com\/#\/schema\/logo\/image\/\"}},false]}<\/script>\n<!-- \/ Yoast SEO plugin. -->","yoast_head_json":{"title":"Commercial Potato French Fries Fryer Machine In Pakistan","description":"The whole french fries fryer machine pakistan is made of high-quality 304 stainless steel, with exquisite workmanship and durability.","robots":{"index":"index","follow":"follow","max-snippet":"max-snippet:-1","max-image-preview":"max-image-preview:large","max-video-preview":"max-video-preview:-1"},"canonical":"https:\/\/www.potatoturnkey.com\/es\/product\/french-fries-fryer-machine-pakistan\/","og_locale":"es_ES","og_type":"article","og_title":"Commercial Potato French Fries Fryer Machine In Pakistan","og_description":"The whole french fries fryer machine pakistan is made of high-quality 304 stainless steel, with exquisite workmanship and durability.","og_url":"https:\/\/www.potatoturnkey.com\/es\/product\/french-fries-fryer-machine-pakistan\/","og_site_name":"Potato Process Machines Supplier","article_modified_time":"2022-03-11T08:40:47+00:00","og_image":[{"width":600,"height":600,"url":"https:\/\/www.potatoturnkey.com\/wp-content\/uploads\/2019\/01\/french-fries-making-machine-.jpg","type":"image\/jpeg"}],"twitter_card":"summary_large_image","twitter_misc":{"Tiempo de lectura":"3 minutos"},"schema":{"@context":"https:\/\/schema.org","@graph":[{"@type":"WebPage","@id":"https:\/\/www.potatoturnkey.com\/product\/french-fries-fryer-machine-pakistan\/","url":"https:\/\/www.potatoturnkey.com\/product\/french-fries-fryer-machine-pakistan\/","name":"Commercial Potato French Fries Fryer Machine In Pakistan","isPartOf":{"@id":"https:\/\/www.potatoturnkey.com\/#website"},"datePublished":"2019-01-23T10:58:30+00:00","dateModified":"2022-03-11T08:40:47+00:00","description":"The whole french fries fryer machine pakistan is made of high-quality 304 stainless steel, with exquisite workmanship and durability.","breadcrumb":{"@id":"https:\/\/www.potatoturnkey.com\/product\/french-fries-fryer-machine-pakistan\/#breadcrumb"},"inLanguage":"es","potentialAction":[{"@type":"ReadAction","target":["https:\/\/www.potatoturnkey.com\/product\/french-fries-fryer-machine-pakistan\/"]}]},{"@type":"BreadcrumbList","@id":"https:\/\/www.potatoturnkey.com\/product\/french-fries-fryer-machine-pakistan\/#breadcrumb","itemListElement":[{"@type":"ListItem","position":1,"name":"Home","item":"https:\/\/www.potatoturnkey.com\/"},{"@type":"ListItem","position":2,"name":"Products","item":"https:\/\/www.potatoturnkey.com\/shop-2__trashed\/"},{"@type":"ListItem","position":3,"name":"Commercial Potato French Fries Fryer Machine In Pakistan"}]},{"@type":"WebSite","@id":"https:\/\/www.potatoturnkey.com\/#website","url":"https:\/\/www.potatoturnkey.com\/","name":"Potato Process Machines Supplier","description":"Potato Turnkey Processing Machine Supplier","publisher":{"@id":"https:\/\/www.potatoturnkey.com\/#organization"},"potentialAction":[{"@type":"SearchAction","target":{"@type":"EntryPoint","urlTemplate":"https:\/\/www.potatoturnkey.com\/?s={search_term_string}"},"query-input":"required name=search_term_string"}],"inLanguage":"es"},{"@type":"Organization","@id":"https:\/\/www.potatoturnkey.com\/#organization","name":"Potato Process Machines Supplier","url":"https:\/\/www.potatoturnkey.com\/","logo":{"@type":"ImageObject","inLanguage":"es","@id":"https:\/\/www.potatoturnkey.com\/#\/schema\/logo\/image\/","url":"https:\/\/www.potatoturnkey.com\/wp-content\/uploads\/2022\/02\/potato.png","contentUrl":"https:\/\/www.potatoturnkey.com\/wp-content\/uploads\/2022\/02\/potato.png","width":200,"height":200,"caption":"Potato Process Machines Supplier"},"image":{"@id":"https:\/\/www.potatoturnkey.com\/#\/schema\/logo\/image\/"}},false]}},"_links":{"self":[{"href":"https:\/\/www.potatoturnkey.com\/es\/wp-json\/wp\/v2\/product\/52","targetHints":{"allow":["GET"]}}],"collection":[{"href":"https:\/\/www.potatoturnkey.com\/es\/wp-json\/wp\/v2\/product"}],"about":[{"href":"https:\/\/www.potatoturnkey.com\/es\/wp-json\/wp\/v2\/types\/product"}],"replies":[{"embeddable":true,"href":"https:\/\/www.potatoturnkey.com\/es\/wp-json\/wp\/v2\/comments?post=52"}],"wp:featuredmedia":[{"embeddable":true,"href":"https:\/\/www.potatoturnkey.com\/es\/wp-json\/wp\/v2\/media\/1904"}],"wp:attachment":[{"href":"https:\/\/www.potatoturnkey.com\/es\/wp-json\/wp\/v2\/media?parent=52"}],"wp:term":[{"taxonomy":"product_cat","embeddable":true,"href":"https:\/\/www.potatoturnkey.com\/es\/wp-json\/wp\/v2\/product_cat?post=52"},{"taxonomy":"product_tag","embeddable":true,"href":"https:\/\/www.potatoturnkey.com\/es\/wp-json\/wp\/v2\/product_tag?post=52"}],"curies":[{"name":"wp","href":"https:\/\/api.w.org\/{rel}","templated":true}]}}