{"id":51,"date":"2019-01-23T10:58:34","date_gmt":"2019-01-23T10:58:34","guid":{"rendered":"http:\/\/www.potatoturnkey.com\/product\/mini-san-pedro-cactus\/"},"modified":"2022-03-11T16:40:15","modified_gmt":"2022-03-11T08:40:15","slug":"potato-clean-cut-vacuum-pack-line","status":"publish","type":"product","link":"https:\/\/www.potatoturnkey.com\/es\/product\/potato-clean-cut-vacuum-pack-line\/","title":{"rendered":"L\u00ednea de envasado al vac\u00edo de patatas frescas limpias y cortadas"},"content":{"rendered":"<p>La l\u00ednea de producci\u00f3n de corte y envasado de patatas frescas se compone principalmente de una m\u00e1quina de lavado y pelado de patatas, una m\u00e1quina de corte de patatas, una m\u00e1quina de escaldado y secado al aire, y m\u00e1quinas de envasado al vac\u00edo de patatas. El estilo del producto acabado de su envasado puede personalizarse seg\u00fan las necesidades: tiras de patata, cubos de patata, dados de patata, patatas fritas, chips de patata, etc.<\/p>\n<h2><strong><b>Tratamiento <\/b><\/strong><strong><b>F<\/b><\/strong><strong><b>bajo <\/b><\/strong><strong><b>O<\/b><\/strong><strong><b>f <\/b><\/strong><strong><b>F<\/b><\/strong><strong><b>resh<\/b><\/strong><strong><b>\u00a0C<\/b><\/strong><strong><b>ut<\/b><\/strong><strong><b>ting<\/b><\/strong><strong><b>\u00a0<\/b><\/strong><strong><b>P<\/b><\/strong><strong><b>L\u00ednea de procesado de otato<\/b><\/strong><\/h2>\n<p>Patatas\u2192limpiar y pelar\u2192cortar patatas en tiras\/cortar patatas en cubos \u2192lavar y secar\u2192envasar al vac\u00edo<\/p>\n<h2><img loading=\"lazy\" decoding=\"async\" class=\"alignnone size-full wp-image-2263\" src=\"https:\/\/www.potatoturnkey.com\/wp-content\/uploads\/2019\/01\/potato-vacuum-packing-machine.jpg\" alt=\"envasadora al vac\u00edo de patatas\" width=\"800\" height=\"500\" srcset=\"https:\/\/www.potatoturnkey.com\/wp-content\/uploads\/2019\/01\/potato-vacuum-packing-machine.jpg 800w, https:\/\/www.potatoturnkey.com\/wp-content\/uploads\/2019\/01\/potato-vacuum-packing-machine-300x188.jpg 300w, https:\/\/www.potatoturnkey.com\/wp-content\/uploads\/2019\/01\/potato-vacuum-packing-machine-768x480.jpg 768w, https:\/\/www.potatoturnkey.com\/wp-content\/uploads\/2019\/01\/potato-vacuum-packing-machine-600x375.jpg 600w\" sizes=\"auto, (max-width: 800px) 100vw, 800px\" \/><\/h2>\n<h2><strong><b>I<\/b><\/strong><strong><b>ntroducci\u00f3n <\/b><\/strong><strong><b>O<\/b><\/strong><strong><b>f<\/b><\/strong><strong><b>\u00a0<\/b><\/strong><strong><b>Limpieza de patatas frescas Corte al vac\u00edo <\/b><\/strong><strong><b>embalaje<\/b><\/strong><strong><b>\u00a0L\u00ednea de procesamiento<\/b><\/strong><\/h2>\n<p><strong>\u2460M\u00e1quina para lavar y pelar patatas:<\/strong> Coloque las patatas frescas seleccionadas en esta m\u00e1quina para limpiarlas y pelarlas. El cepillo se utiliza para la limpieza, y est\u00e1 equipado con un sistema de pulverizaci\u00f3n de limpieza para eliminar los residuos a tiempo y limpiar el cepillo para mejorar la eficiencia. Una vez finalizado el trabajo, el material se descarga autom\u00e1ticamente por el puerto de descarga para realizar una producci\u00f3n continua. Puede estar provista de una cubierta visible para facilitar la observaci\u00f3n. Las patatas quedan limpias y bonitas despu\u00e9s del lavado.<\/p>\n<p><strong>\u2461M\u00e1quina cortadora de patatas:<\/strong> Hay una gran variedad de cortadoras para elegir: la cortadora de patatas fritas puede cortar patatas en tiras, y el tama\u00f1o de las patatas fritas se puede ajustar. Las cortadoras de patatas pueden obtener patatas fritas, y el tama\u00f1o de las rodajas puede mejorarse ajustando la cuchilla. La cortadora de dados de patata puede obtener dados de patata.<\/p>\n<p><strong>\u2462Blanqueadora:<\/strong> Las patatas cortadas deben escaldarse en una m\u00e1quina de escaldado, que puede inhibir eficazmente la actividad de las enzimas, reducir el grado de oxidaci\u00f3n y proteger el color. La temperatura y el tiempo de la m\u00e1quina de escaldado son ajustables.<\/p>\n<h2><img loading=\"lazy\" decoding=\"async\" class=\"alignnone size-full wp-image-2262\" src=\"https:\/\/www.potatoturnkey.com\/wp-content\/uploads\/2019\/01\/Fresh-Potato-Cleaning-Cutting-Vacuum-Packing-Processing-Line.jpg\" alt=\"L\u00ednea de limpieza, corte, envasado al vac\u00edo y procesamiento de patatas frescas\" width=\"850\" height=\"600\" srcset=\"https:\/\/www.potatoturnkey.com\/wp-content\/uploads\/2019\/01\/Fresh-Potato-Cleaning-Cutting-Vacuum-Packing-Processing-Line.jpg 850w, https:\/\/www.potatoturnkey.com\/wp-content\/uploads\/2019\/01\/Fresh-Potato-Cleaning-Cutting-Vacuum-Packing-Processing-Line-300x212.jpg 300w, https:\/\/www.potatoturnkey.com\/wp-content\/uploads\/2019\/01\/Fresh-Potato-Cleaning-Cutting-Vacuum-Packing-Processing-Line-768x542.jpg 768w, https:\/\/www.potatoturnkey.com\/wp-content\/uploads\/2019\/01\/Fresh-Potato-Cleaning-Cutting-Vacuum-Packing-Processing-Line-600x424.jpg 600w\" sizes=\"auto, (max-width: 850px) 100vw, 850px\" \/><\/h2>\n<p><strong>\u2463 M\u00e1quina de secado al aire:<\/strong> Las tiras\/piezas de patata escaldadas necesitan un secador de aire para eliminar la humedad de la superficie. Esta m\u00e1quina utiliza el viento generado por el ventilador para eliminar la humedad de la superficie del material o reducir la temperatura de la superficie del material.<\/p>\n<p><strong>\u2464Envasadora al vac\u00edo de patatas:<\/strong> El uso de m\u00e1quinas de envasado al vac\u00edo para el envasado puede prolongar eficazmente la vida \u00fatil del producto y mantenerlo fresco durante m\u00e1s tiempo. En el proceso de envasado al vac\u00edo se puede conseguir cero fricci\u00f3n, cero desgaste y una mayor eficiencia.<\/p>\n<h2><\/h2>\n<h2><strong><b>A<\/b><\/strong><strong><b>ventajas <\/b><\/strong><strong><b>O<\/b><\/strong><strong><b>f <\/b><\/strong><strong><b>F<\/b><\/strong><strong><b>resh<\/b><\/strong><strong><b>\u00a0C<\/b><\/strong><strong><b>ut<\/b><\/strong><strong><b>ting<\/b><\/strong><strong><b>\u00a0<\/b><\/strong><strong><b>P<\/b><\/strong><strong><b>L\u00ednea de procesado de otato<\/b><\/strong><\/h2>\n<ul>\n<li>La parte principal de cada m\u00e1quina de esta l\u00ednea de producci\u00f3n est\u00e1 hecha de material de acero inoxidable de alta calidad, que tiene una larga vida \u00fatil.<\/li>\n<li>Dise\u00f1o de apariencia razonable y hermosa, alta eficiencia, ahorro de energ\u00eda, protecci\u00f3n del medio ambiente y velocidad de embalaje eficiente.<\/li>\n<li>Puede ahorrar costes de mano de obra y es una de las l\u00edneas de productos m\u00e1s populares para el procesado de patatas.<\/li>\n<li>Ahorro de energ\u00eda y f\u00e1cil mantenimiento. Hay profesionales para guiar la instalaci\u00f3n durante todo el proceso, lo que le permite comprar con confianza.<\/li>\n<\/ul>\n<p>Si necesita este tipo de l\u00ednea de procesado o desea obtener un presupuesto gratuito, d\u00e9jenos un mensaje.<\/p>\n<div role=\"form\" class=\"wpcf7\" id=\"wpcf7-f1653-o1\" lang=\"en-US\" dir=\"ltr\">\n<div class=\"screen-reader-response\"><p role=\"status\" aria-live=\"polite\" aria-atomic=\"true\"><\/p> <ul><\/ul><\/div>\n<form action=\"\/es\/wp-json\/wp\/v2\/product\/51#wpcf7-f1653-o1\" method=\"post\" class=\"wpcf7-form init\" novalidate=\"novalidate\" data-status=\"init\" data-trp-original-action=\"\/es\/wp-json\/wp\/v2\/product\/51#wpcf7-f1653-o1\">\n<div style=\"display: none;\">\n<input type=\"hidden\" name=\"_wpcf7\" value=\"1653\" \/>\n<input type=\"hidden\" name=\"_wpcf7_version\" value=\"5.5.4\" \/>\n<input type=\"hidden\" name=\"_wpcf7_locale\" value=\"en_US\" \/>\n<input type=\"hidden\" name=\"_wpcf7_unit_tag\" value=\"wpcf7-f1653-o1\" \/>\n<input type=\"hidden\" name=\"_wpcf7_container_post\" value=\"0\" \/>\n<input type=\"hidden\" name=\"_wpcf7_posted_data_hash\" value=\"\" \/>\n<\/div>\n<div style='text-align:center;font-size: 1.6rem;font-weight:bold'>Dejar mensaje para precio<\/div>\n<div class='forml1' style='float:left;width:48%; margin-right:4%'>\n<label> Su nombre<br \/>\n    <span class=\"wpcf7-form-control-wrap your-name\"><input type=\"text\" name=\"your-name\" value=\"\" size=\"40\" class=\"wpcf7-form-control wpcf7-text\" aria-invalid=\"false\" \/><\/span> <\/label><\/p>\n<p><label> *Su correo electr\u00f3nico<br \/>\n    <span class=\"wpcf7-form-control-wrap your-email\"><input type=\"email\" name=\"your-email\" value=\"\" size=\"40\" class=\"wpcf7-form-control wpcf7-text wpcf7-email wpcf7-validates-as-required wpcf7-validates-as-email\" aria-required=\"true\" aria-invalid=\"false\" \/><\/span> <\/label><\/p>\n<p><label> Tel\u00e9fono\/WhatsApp<br \/>\n    <span class=\"wpcf7-form-control-wrap text-100\"><input type=\"text\" name=\"text-100\" value=\"\" size=\"40\" class=\"wpcf7-form-control wpcf7-text\" aria-invalid=\"false\" \/><\/span> <\/label><br \/>\n<label> Su pa\u00eds<br \/>\n    <span class=\"wpcf7-form-control-wrap text-677\"><input type=\"text\" name=\"text-677\" value=\"\" size=\"40\" class=\"wpcf7-form-control wpcf7-text\" aria-invalid=\"false\" \/><\/span> <\/label><br \/>\n<label> Nombre de su empresa<br \/>\n    <span class=\"wpcf7-form-control-wrap text-680\"><input type=\"text\" name=\"text-680\" value=\"\" size=\"40\" class=\"wpcf7-form-control wpcf7-text\" aria-invalid=\"false\" \/><\/span> <\/label><br \/>\n<label> Su sitio web<br \/>\n    <span class=\"wpcf7-form-control-wrap text-216\"><input type=\"text\" name=\"text-216\" value=\"\" size=\"40\" class=\"wpcf7-form-control wpcf7-text\" aria-invalid=\"false\" \/><\/span> <\/label>\n<\/div>\n<div class='forml2' style='float:left;width:48%;'>\n<label> *Su mensaje<br \/>\n    <span class=\"wpcf7-form-control-wrap your-message\"><textarea name=\"your-message\" cols=\"40\" rows=\"10\" class=\"wpcf7-form-control wpcf7-textarea wpcf7-validates-as-required\" aria-required=\"true\" aria-invalid=\"false\"><\/textarea><\/span> <\/label><\/p>\n<p><input type=\"submit\" value=\"Enviar\" class=\"wpcf7-form-control has-spinner wpcf7-submit\" \/><\/p>\n<\/div>\n<div style='clear:both'><\/div>\n<p style=\"display: none !important;\"><label>&#916;<textarea name=\"_wpcf7_ak_hp_textarea\" cols=\"45\" rows=\"8\" maxlength=\"100\"><\/textarea><\/label><input type=\"hidden\" id=\"ak_js\" name=\"_wpcf7_ak_js\" value=\"244\"\/><script>document.getElementById( \"ak_js\" ).setAttribute( \"value\", ( new Date() ).getTime() );<\/script><\/p><div class=\"wpcf7-response-output\" aria-hidden=\"true\"><\/div><input type=\"hidden\" name=\"trp-form-language\" value=\"es\"\/><\/form><\/div>\n<div style='text-align:left' class='yasr-auto-insert-visitor'><\/div>","protected":false},"excerpt":{"rendered":"<p>La l\u00ednea de procesado consta de sistema de elevaci\u00f3n, pelado y limpieza, corte, escaldado y secado al aire, y envasado al vac\u00edo. Puede utilizarse para elaborar patatas, boniatos, zanahorias y otros productos al mismo tiempo.<\/p>","protected":false},"featured_media":2264,"comment_status":"open","ping_status":"closed","template":"","meta":{"extendify_custom_stylesheet":"","site-sidebar-layout":"default","site-content-layout":"default","ast-global-header-display":"","ast-banner-title-visibility":"","ast-main-header-display":"","ast-hfb-above-header-display":"","ast-hfb-below-header-display":"","ast-hfb-mobile-header-display":"","site-post-title":"","ast-breadcrumbs-content":"","ast-featured-img":"","footer-sml-layout":"","theme-transparent-header-meta":"default","adv-header-id-meta":"","stick-header-meta":"","header-above-stick-meta":"","header-main-stick-meta":"","header-below-stick-meta":"","yasr_overall_rating":0,"yasr_post_is_review":"","yasr_auto_insert_disabled":"","yasr_review_type":""},"product_cat":[25],"product_tag":[],"class_list":["post-51","product","type-product","status-publish","has-post-thumbnail","hentry","product_cat-potato-solutions","desktop-align-left","tablet-align-left","mobile-align-left"],"yasr_visitor_votes":{"stars_attributes":{"read_only":false,"span_bottom":false},"number_of_votes":0,"sum_votes":0},"yoast_head":"<!-- This site is optimized with the Yoast SEO plugin v20.11 - https:\/\/yoast.com\/wordpress\/plugins\/seo\/ -->\n<title>Fresh Potato Cleaning Cutting Vacuum Packing Processing Line -<\/title>\n<meta name=\"description\" content=\"This fresh potato cleaning cutting vacuum packing processing line can meet the requirements of cleaning, cutting and packing at the same time to realize automatic production.\" \/>\n<meta name=\"robots\" content=\"index, follow, max-snippet:-1, max-image-preview:large, max-video-preview:-1\" \/>\n<link rel=\"canonical\" href=\"https:\/\/www.potatoturnkey.com\/es\/product\/potato-clean-cut-vacuum-pack-line\/\" \/>\n<meta property=\"og:locale\" content=\"es_ES\" \/>\n<meta property=\"og:type\" content=\"article\" \/>\n<meta property=\"og:title\" content=\"Fresh Potato Cleaning Cutting Vacuum Packing Processing Line -\" \/>\n<meta property=\"og:description\" content=\"This fresh potato cleaning cutting vacuum packing processing line can meet the requirements of cleaning, cutting and packing at the same time to realize automatic production.\" \/>\n<meta property=\"og:url\" content=\"https:\/\/www.potatoturnkey.com\/es\/product\/potato-clean-cut-vacuum-pack-line\/\" \/>\n<meta property=\"og:site_name\" content=\"Potato Process Machines Supplier\" \/>\n<meta property=\"article:modified_time\" content=\"2022-03-11T08:40:15+00:00\" \/>\n<meta property=\"og:image\" content=\"https:\/\/www.potatoturnkey.com\/wp-content\/uploads\/2019\/01\/Potato-Cleaning-Cutting-Vacuum-Packing-Processing-Line.jpg\" \/>\n\t<meta property=\"og:image:width\" content=\"600\" \/>\n\t<meta property=\"og:image:height\" content=\"600\" \/>\n\t<meta property=\"og:image:type\" content=\"image\/jpeg\" \/>\n<meta name=\"twitter:card\" content=\"summary_large_image\" \/>\n<meta name=\"twitter:label1\" content=\"Tiempo de lectura\" \/>\n\t<meta name=\"twitter:data1\" content=\"3 minutos\" \/>\n<script type=\"application\/ld+json\" class=\"yoast-schema-graph\">{\"@context\":\"https:\/\/schema.org\",\"@graph\":[{\"@type\":\"WebPage\",\"@id\":\"https:\/\/www.potatoturnkey.com\/product\/potato-clean-cut-vacuum-pack-line\/\",\"url\":\"https:\/\/www.potatoturnkey.com\/product\/potato-clean-cut-vacuum-pack-line\/\",\"name\":\"Fresh Potato Cleaning Cutting Vacuum Packing Processing Line -\",\"isPartOf\":{\"@id\":\"https:\/\/www.potatoturnkey.com\/#website\"},\"datePublished\":\"2019-01-23T10:58:34+00:00\",\"dateModified\":\"2022-03-11T08:40:15+00:00\",\"description\":\"This fresh potato cleaning cutting vacuum packing processing line can meet the requirements of cleaning, cutting and packing at the same time to realize automatic production.\",\"breadcrumb\":{\"@id\":\"https:\/\/www.potatoturnkey.com\/product\/potato-clean-cut-vacuum-pack-line\/#breadcrumb\"},\"inLanguage\":\"es\",\"potentialAction\":[{\"@type\":\"ReadAction\",\"target\":[\"https:\/\/www.potatoturnkey.com\/product\/potato-clean-cut-vacuum-pack-line\/\"]}]},{\"@type\":\"BreadcrumbList\",\"@id\":\"https:\/\/www.potatoturnkey.com\/product\/potato-clean-cut-vacuum-pack-line\/#breadcrumb\",\"itemListElement\":[{\"@type\":\"ListItem\",\"position\":1,\"name\":\"Home\",\"item\":\"https:\/\/www.potatoturnkey.com\/\"},{\"@type\":\"ListItem\",\"position\":2,\"name\":\"Products\",\"item\":\"https:\/\/www.potatoturnkey.com\/shop-2__trashed\/\"},{\"@type\":\"ListItem\",\"position\":3,\"name\":\"Fresh Potato Cleaning Cutting Vacuum Packing Processing Line\"}]},{\"@type\":\"WebSite\",\"@id\":\"https:\/\/www.potatoturnkey.com\/#website\",\"url\":\"https:\/\/www.potatoturnkey.com\/\",\"name\":\"Potato Process Machines Supplier\",\"description\":\"Potato Turnkey Processing Machine Supplier\",\"publisher\":{\"@id\":\"https:\/\/www.potatoturnkey.com\/#organization\"},\"potentialAction\":[{\"@type\":\"SearchAction\",\"target\":{\"@type\":\"EntryPoint\",\"urlTemplate\":\"https:\/\/www.potatoturnkey.com\/?s={search_term_string}\"},\"query-input\":\"required name=search_term_string\"}],\"inLanguage\":\"es\"},{\"@type\":\"Organization\",\"@id\":\"https:\/\/www.potatoturnkey.com\/#organization\",\"name\":\"Potato Process Machines Supplier\",\"url\":\"https:\/\/www.potatoturnkey.com\/\",\"logo\":{\"@type\":\"ImageObject\",\"inLanguage\":\"es\",\"@id\":\"https:\/\/www.potatoturnkey.com\/#\/schema\/logo\/image\/\",\"url\":\"https:\/\/www.potatoturnkey.com\/wp-content\/uploads\/2022\/02\/potato.png\",\"contentUrl\":\"https:\/\/www.potatoturnkey.com\/wp-content\/uploads\/2022\/02\/potato.png\",\"width\":200,\"height\":200,\"caption\":\"Potato Process Machines Supplier\"},\"image\":{\"@id\":\"https:\/\/www.potatoturnkey.com\/#\/schema\/logo\/image\/\"}},false]}<\/script>\n<!-- \/ Yoast SEO plugin. -->","yoast_head_json":{"title":"Fresh Potato Cleaning Cutting Vacuum Packing Processing Line -","description":"This fresh potato cleaning cutting vacuum packing processing line can meet the requirements of cleaning, cutting and packing at the same time to realize automatic production.","robots":{"index":"index","follow":"follow","max-snippet":"max-snippet:-1","max-image-preview":"max-image-preview:large","max-video-preview":"max-video-preview:-1"},"canonical":"https:\/\/www.potatoturnkey.com\/es\/product\/potato-clean-cut-vacuum-pack-line\/","og_locale":"es_ES","og_type":"article","og_title":"Fresh Potato Cleaning Cutting Vacuum Packing Processing Line -","og_description":"This fresh potato cleaning cutting vacuum packing processing line can meet the requirements of cleaning, cutting and packing at the same time to realize automatic production.","og_url":"https:\/\/www.potatoturnkey.com\/es\/product\/potato-clean-cut-vacuum-pack-line\/","og_site_name":"Potato Process Machines Supplier","article_modified_time":"2022-03-11T08:40:15+00:00","og_image":[{"width":600,"height":600,"url":"https:\/\/www.potatoturnkey.com\/wp-content\/uploads\/2019\/01\/Potato-Cleaning-Cutting-Vacuum-Packing-Processing-Line.jpg","type":"image\/jpeg"}],"twitter_card":"summary_large_image","twitter_misc":{"Tiempo de lectura":"3 minutos"},"schema":{"@context":"https:\/\/schema.org","@graph":[{"@type":"WebPage","@id":"https:\/\/www.potatoturnkey.com\/product\/potato-clean-cut-vacuum-pack-line\/","url":"https:\/\/www.potatoturnkey.com\/product\/potato-clean-cut-vacuum-pack-line\/","name":"Fresh Potato Cleaning Cutting Vacuum Packing Processing Line -","isPartOf":{"@id":"https:\/\/www.potatoturnkey.com\/#website"},"datePublished":"2019-01-23T10:58:34+00:00","dateModified":"2022-03-11T08:40:15+00:00","description":"This fresh potato cleaning cutting vacuum packing processing line can meet the requirements of cleaning, cutting and packing at the same time to realize automatic production.","breadcrumb":{"@id":"https:\/\/www.potatoturnkey.com\/product\/potato-clean-cut-vacuum-pack-line\/#breadcrumb"},"inLanguage":"es","potentialAction":[{"@type":"ReadAction","target":["https:\/\/www.potatoturnkey.com\/product\/potato-clean-cut-vacuum-pack-line\/"]}]},{"@type":"BreadcrumbList","@id":"https:\/\/www.potatoturnkey.com\/product\/potato-clean-cut-vacuum-pack-line\/#breadcrumb","itemListElement":[{"@type":"ListItem","position":1,"name":"Home","item":"https:\/\/www.potatoturnkey.com\/"},{"@type":"ListItem","position":2,"name":"Products","item":"https:\/\/www.potatoturnkey.com\/shop-2__trashed\/"},{"@type":"ListItem","position":3,"name":"Fresh Potato Cleaning Cutting Vacuum Packing Processing Line"}]},{"@type":"WebSite","@id":"https:\/\/www.potatoturnkey.com\/#website","url":"https:\/\/www.potatoturnkey.com\/","name":"Potato Process Machines Supplier","description":"Potato Turnkey Processing Machine Supplier","publisher":{"@id":"https:\/\/www.potatoturnkey.com\/#organization"},"potentialAction":[{"@type":"SearchAction","target":{"@type":"EntryPoint","urlTemplate":"https:\/\/www.potatoturnkey.com\/?s={search_term_string}"},"query-input":"required name=search_term_string"}],"inLanguage":"es"},{"@type":"Organization","@id":"https:\/\/www.potatoturnkey.com\/#organization","name":"Potato Process Machines Supplier","url":"https:\/\/www.potatoturnkey.com\/","logo":{"@type":"ImageObject","inLanguage":"es","@id":"https:\/\/www.potatoturnkey.com\/#\/schema\/logo\/image\/","url":"https:\/\/www.potatoturnkey.com\/wp-content\/uploads\/2022\/02\/potato.png","contentUrl":"https:\/\/www.potatoturnkey.com\/wp-content\/uploads\/2022\/02\/potato.png","width":200,"height":200,"caption":"Potato Process Machines Supplier"},"image":{"@id":"https:\/\/www.potatoturnkey.com\/#\/schema\/logo\/image\/"}},false]}},"_links":{"self":[{"href":"https:\/\/www.potatoturnkey.com\/es\/wp-json\/wp\/v2\/product\/51","targetHints":{"allow":["GET"]}}],"collection":[{"href":"https:\/\/www.potatoturnkey.com\/es\/wp-json\/wp\/v2\/product"}],"about":[{"href":"https:\/\/www.potatoturnkey.com\/es\/wp-json\/wp\/v2\/types\/product"}],"replies":[{"embeddable":true,"href":"https:\/\/www.potatoturnkey.com\/es\/wp-json\/wp\/v2\/comments?post=51"}],"wp:featuredmedia":[{"embeddable":true,"href":"https:\/\/www.potatoturnkey.com\/es\/wp-json\/wp\/v2\/media\/2264"}],"wp:attachment":[{"href":"https:\/\/www.potatoturnkey.com\/es\/wp-json\/wp\/v2\/media?parent=51"}],"wp:term":[{"taxonomy":"product_cat","embeddable":true,"href":"https:\/\/www.potatoturnkey.com\/es\/wp-json\/wp\/v2\/product_cat?post=51"},{"taxonomy":"product_tag","embeddable":true,"href":"https:\/\/www.potatoturnkey.com\/es\/wp-json\/wp\/v2\/product_tag?post=51"}],"curies":[{"name":"wp","href":"https:\/\/api.w.org\/{rel}","templated":true}]}}