{"id":45,"date":"2019-01-23T10:48:06","date_gmt":"2019-01-23T10:48:06","guid":{"rendered":"http:\/\/www.potatoturnkey.com\/product\/old-lady-cactus\/"},"modified":"2026-04-06T16:35:50","modified_gmt":"2026-04-06T08:35:50","slug":"potato-washing-grading-packing-line","status":"publish","type":"product","link":"https:\/\/www.potatoturnkey.com\/es\/product\/potato-washing-grading-packing-line\/","title":{"rendered":"L\u00ednea autom\u00e1tica de lavado, limpieza, clasificaci\u00f3n y envasado de patatas"},"content":{"rendered":"<p>Esta l\u00ednea de lavado, clasificaci\u00f3n y envasado de patatas automatiza a alta velocidad la limpieza, cepillado, clasificaci\u00f3n y envasado de patatas de todas las formas y tama\u00f1os. Es la l\u00ednea de limpieza, clasificaci\u00f3n y envasado m\u00e1s popular en el procesamiento de patatas. Se compone principalmente de una m\u00e1quina de lavado y clasificaci\u00f3n de patatas, una m\u00e1quina de secado de patatas y una m\u00e1quina de envasado de patatas.<\/p>\n<p><img loading=\"lazy\" decoding=\"async\" class=\"alignnone size-full wp-image-2267\" src=\"https:\/\/www.potatoturnkey.com\/wp-content\/uploads\/2019\/01\/Potato-Washing-Cleaning-Grading-Packing-Line-.jpg\" alt=\"Patatas - Lavado - Limpieza - Clasificaci\u00f3n - Envasado - L\u00ednea -\" width=\"800\" height=\"500\" srcset=\"https:\/\/www.potatoturnkey.com\/wp-content\/uploads\/2019\/01\/Potato-Washing-Cleaning-Grading-Packing-Line-.jpg 800w, https:\/\/www.potatoturnkey.com\/wp-content\/uploads\/2019\/01\/Potato-Washing-Cleaning-Grading-Packing-Line--300x188.jpg 300w, https:\/\/www.potatoturnkey.com\/wp-content\/uploads\/2019\/01\/Potato-Washing-Cleaning-Grading-Packing-Line--768x480.jpg 768w, https:\/\/www.potatoturnkey.com\/wp-content\/uploads\/2019\/01\/Potato-Washing-Cleaning-Grading-Packing-Line--600x375.jpg 600w\" sizes=\"auto, (max-width: 800px) 100vw, 800px\" \/><\/p>\n<h2><strong><b>Introducci\u00f3n<\/b><\/strong><strong><b>\u00a0de<\/b><\/strong><strong><b>\u00a0<\/b><\/strong><strong><b>Lavado de patatas<\/b><\/strong><strong><b>\u00a0Y<\/b><\/strong><strong><b>\u00a0<\/b><\/strong><strong><b>G<\/b><\/strong><strong><b>rading Embalaje <\/b><\/strong><strong><b>M\u00e1quinas<\/b><\/strong><\/h2>\n<p>El proceso tecnol\u00f3gico incluye principalmente: patatas - lavado - secado - clasificaci\u00f3n - el envasado<\/p>\n<p><strong><b>* Elevador de patatas<\/b><\/strong><\/p>\n<p>Elevar las patatas a la arandela \u00e1spera<\/p>\n<p><strong><b>* Patata Rough Washing y Deston<\/b><\/strong><strong><b>a m\u00e1quina<\/b><\/strong><\/p>\n<p>Las patatas reci\u00e9n cosechadas pueden tener suciedad, piedras, tierra, ramitas y otros objetos extra\u00f1os que requieren un lavado a fondo con esta m\u00e1quina. Estas sustancias extra\u00f1as nocivas pueden separarse eficazmente de las patatas, y es conveniente que entren en la l\u00ednea de producci\u00f3n para su procesamiento.<\/p>\n<p><strong><b>* Lavadora de patatas - Lavadora de cepillos en forma de U<\/b><\/strong><\/p>\n<p>La m\u00e1quina limpiadora de patatas con cepillos en forma de U puede limpiar a fondo la piel de la patata y eliminar eficazmente toda la suciedad y el barro que quedan en la superficie de la patata. Tambi\u00e9n se puede pulir para dar a las patatas un aspecto y tacto de primera calidad. Atrae la atenci\u00f3n de los consumidores del mercado.<\/p>\n<p>Principio de funcionamiento: Las patatas entran en el fregadero y se dispersan, enrollan, limpian y transportan completamente bajo la acci\u00f3n del flujo de agua a alta presi\u00f3n y las fuertes burbujas de aire. El sedimento eluido de la superficie del material se hunde en el cubo de aislamiento del fondo, y no habr\u00e1 re-contaminaci\u00f3n causada por el volteo y el reflujo. Los residuos y gusanos que flotan en el agua son recogidos por la malla del mecanismo de eliminaci\u00f3n de residuos y descargados en la bolsa de nylon del dep\u00f3sito de agua inferior con el flujo de agua que desborda el dep\u00f3sito de agua. Despu\u00e9s de que el material lavado sale del agua, se pulveriza y limpia y se env\u00eda al siguiente proceso. El extremo de la cinta transportadora est\u00e1 equipado con un dispositivo de soplado, que puede soplar el material atascado en la cinta transportadora para evitar que vuelva al tanque de limpieza.<\/p>\n<p><img loading=\"lazy\" decoding=\"async\" class=\"alignnone size-full wp-image-2266\" src=\"https:\/\/www.potatoturnkey.com\/wp-content\/uploads\/2019\/01\/potato-washing-and-grading-packing-line.jpg\" alt=\"l\u00ednea de lavado y clasificaci\u00f3n de patatas\" width=\"850\" height=\"600\" srcset=\"https:\/\/www.potatoturnkey.com\/wp-content\/uploads\/2019\/01\/potato-washing-and-grading-packing-line.jpg 850w, https:\/\/www.potatoturnkey.com\/wp-content\/uploads\/2019\/01\/potato-washing-and-grading-packing-line-300x212.jpg 300w, https:\/\/www.potatoturnkey.com\/wp-content\/uploads\/2019\/01\/potato-washing-and-grading-packing-line-768x542.jpg 768w, https:\/\/www.potatoturnkey.com\/wp-content\/uploads\/2019\/01\/potato-washing-and-grading-packing-line-600x424.jpg 600w\" sizes=\"auto, (max-width: 850px) 100vw, 850px\" \/><\/p>\n<p><strong><b>*Separador de patatas-Air Knife Air Dry<\/b><\/strong><strong><b>a m\u00e1quina<\/b><\/strong><\/p>\n<p>El secador de aire se seca mediante aire natural con gran volumen de aire y bajo nivel de ruido, y est\u00e1 fabricado en acero inoxidable SUS304 de alta calidad. El secador de aire est\u00e1 dise\u00f1ado para ser volteado y transportado varias veces, y cuenta con un dispositivo de inversi\u00f3n de aire para evitar callejones sin salida. El secador de aire tiene un buen efecto de secado y la velocidad del equipo es ajustable. Transporte suave y alta eficiencia. El secador de aire es sencillo y c\u00f3modo de usar, y puede secar bien la humedad de la superficie de las patatas.<\/p>\n<p><strong>* M\u00e1quina clasificadora de patatas - M\u00e1quina clasificadora por tama\u00f1os<\/strong><\/p>\n<p>La m\u00e1quina clasificadora de patatas se utiliza principalmente para clasificar el di\u00e1metro de las patatas. Seg\u00fan el tama\u00f1o de la patata y el tama\u00f1o geom\u00e9trico del producto, se divide en 3-6 grados por categor\u00eda. El grado de tama\u00f1o se puede personalizar seg\u00fan los requisitos del producto. La velocidad de funcionamiento de toda la m\u00e1quina es ajustable, la velocidad de clasificaci\u00f3n es r\u00e1pida, y la tasa de precisi\u00f3n es alta, lo que puede satisfacer plenamente los requisitos de las patatas. La carga de trabajo de la planta de procesamiento.<\/p>\n<p><strong><b>*Envasadora de patatas<\/b><\/strong><\/p>\n<p>Tras la clasificaci\u00f3n, las patatas se envasan seg\u00fan distintos tama\u00f1os y pueden transportarse y venderse una vez envasadas. Las m\u00e1quinas de envasado pueden instalarse al final de la l\u00ednea de clasificaci\u00f3n de patatas, en funci\u00f3n del mercado al que exporte y de las preferencias de sus clientes.<\/p>\n<div role=\"form\" class=\"wpcf7\" id=\"wpcf7-f1653-o1\" lang=\"en-US\" dir=\"ltr\">\n<div class=\"screen-reader-response\"><p role=\"status\" aria-live=\"polite\" aria-atomic=\"true\"><\/p> <ul><\/ul><\/div>\n<form action=\"\/es\/wp-json\/wp\/v2\/product\/45#wpcf7-f1653-o1\" method=\"post\" class=\"wpcf7-form init\" novalidate=\"novalidate\" data-status=\"init\" data-trp-original-action=\"\/es\/wp-json\/wp\/v2\/product\/45#wpcf7-f1653-o1\">\n<div style=\"display: none;\">\n<input type=\"hidden\" name=\"_wpcf7\" value=\"1653\" \/>\n<input type=\"hidden\" name=\"_wpcf7_version\" value=\"5.5.4\" \/>\n<input type=\"hidden\" name=\"_wpcf7_locale\" value=\"en_US\" \/>\n<input type=\"hidden\" name=\"_wpcf7_unit_tag\" value=\"wpcf7-f1653-o1\" \/>\n<input type=\"hidden\" name=\"_wpcf7_container_post\" value=\"0\" \/>\n<input type=\"hidden\" name=\"_wpcf7_posted_data_hash\" value=\"\" \/>\n<\/div>\n<div style='text-align:center;font-size: 1.6rem;font-weight:bold'>Dejar mensaje para precio<\/div>\n<div class='forml1' style='float:left;width:48%; margin-right:4%'>\n<label> Su nombre<br \/>\n    <span class=\"wpcf7-form-control-wrap your-name\"><input type=\"text\" name=\"your-name\" value=\"\" size=\"40\" class=\"wpcf7-form-control wpcf7-text\" aria-invalid=\"false\" \/><\/span> <\/label><\/p>\n<p><label> *Su correo electr\u00f3nico<br \/>\n    <span class=\"wpcf7-form-control-wrap your-email\"><input type=\"email\" name=\"your-email\" value=\"\" size=\"40\" class=\"wpcf7-form-control wpcf7-text wpcf7-email wpcf7-validates-as-required wpcf7-validates-as-email\" aria-required=\"true\" aria-invalid=\"false\" \/><\/span> <\/label><\/p>\n<p><label> Tel\u00e9fono\/WhatsApp<br \/>\n    <span class=\"wpcf7-form-control-wrap text-100\"><input type=\"text\" name=\"text-100\" value=\"\" size=\"40\" class=\"wpcf7-form-control wpcf7-text\" aria-invalid=\"false\" \/><\/span> <\/label><br \/>\n<label> Su pa\u00eds<br \/>\n    <span class=\"wpcf7-form-control-wrap text-677\"><input type=\"text\" name=\"text-677\" value=\"\" size=\"40\" class=\"wpcf7-form-control wpcf7-text\" aria-invalid=\"false\" \/><\/span> <\/label><br \/>\n<label> Nombre de su empresa<br \/>\n    <span class=\"wpcf7-form-control-wrap text-680\"><input type=\"text\" name=\"text-680\" value=\"\" size=\"40\" class=\"wpcf7-form-control wpcf7-text\" aria-invalid=\"false\" \/><\/span> <\/label><br \/>\n<label> Su sitio web<br \/>\n    <span class=\"wpcf7-form-control-wrap text-216\"><input type=\"text\" name=\"text-216\" value=\"\" size=\"40\" class=\"wpcf7-form-control wpcf7-text\" aria-invalid=\"false\" \/><\/span> <\/label>\n<\/div>\n<div class='forml2' style='float:left;width:48%;'>\n<label> *Su mensaje<br \/>\n    <span class=\"wpcf7-form-control-wrap your-message\"><textarea name=\"your-message\" cols=\"40\" rows=\"10\" class=\"wpcf7-form-control wpcf7-textarea wpcf7-validates-as-required\" aria-required=\"true\" aria-invalid=\"false\"><\/textarea><\/span> <\/label><\/p>\n<p><input type=\"submit\" value=\"Enviar\" class=\"wpcf7-form-control has-spinner wpcf7-submit\" \/><\/p>\n<\/div>\n<div style='clear:both'><\/div>\n<p style=\"display: none !important;\"><label>&#916;<textarea name=\"_wpcf7_ak_hp_textarea\" cols=\"45\" rows=\"8\" maxlength=\"100\"><\/textarea><\/label><input type=\"hidden\" id=\"ak_js\" name=\"_wpcf7_ak_js\" value=\"250\"\/><script>document.getElementById( \"ak_js\" ).setAttribute( \"value\", ( new Date() ).getTime() );<\/script><\/p><div class=\"wpcf7-response-output\" aria-hidden=\"true\"><\/div><input type=\"hidden\" name=\"trp-form-language\" value=\"es\"\/><\/form><\/div>\n<div style='text-align:left' class='yasr-auto-insert-visitor'><\/div>","protected":false},"excerpt":{"rendered":"<p>Ya sean peque\u00f1as, medianas o industriales, nuestras l\u00edneas de lavado, clasificaci\u00f3n y envasado de patatas se fabrican a medida para satisfacer sus necesidades exactas, aumentando la eficacia de su producci\u00f3n y, por tanto, sus m\u00e1rgenes de beneficio.<\/p>","protected":false},"featured_media":2268,"comment_status":"open","ping_status":"closed","template":"","meta":{"extendify_custom_stylesheet":"","site-sidebar-layout":"default","site-content-layout":"default","ast-global-header-display":"","ast-banner-title-visibility":"","ast-main-header-display":"","ast-hfb-above-header-display":"","ast-hfb-below-header-display":"","ast-hfb-mobile-header-display":"","site-post-title":"","ast-breadcrumbs-content":"","ast-featured-img":"","footer-sml-layout":"","theme-transparent-header-meta":"default","adv-header-id-meta":"","stick-header-meta":"","header-above-stick-meta":"","header-main-stick-meta":"","header-below-stick-meta":"","yasr_overall_rating":0,"yasr_post_is_review":"","yasr_auto_insert_disabled":"","yasr_review_type":""},"product_cat":[25],"product_tag":[],"class_list":["post-45","product","type-product","status-publish","has-post-thumbnail","hentry","product_cat-potato-solutions","desktop-align-left","tablet-align-left","mobile-align-left"],"yasr_visitor_votes":{"stars_attributes":{"read_only":false,"span_bottom":false},"number_of_votes":1,"sum_votes":5},"yoast_head":"<!-- This site is optimized with the Yoast SEO plugin v20.11 - https:\/\/yoast.com\/wordpress\/plugins\/seo\/ -->\n<title>Automatic Potato Washing Cleaning Grading Packing Processing Line -<\/title>\n<meta name=\"description\" content=\"This potato cleaning, grading and packaging line has the characteristics of high automation and low production cost.\" \/>\n<meta name=\"robots\" content=\"index, follow, max-snippet:-1, max-image-preview:large, max-video-preview:-1\" \/>\n<link rel=\"canonical\" href=\"https:\/\/www.potatoturnkey.com\/es\/product\/potato-washing-grading-packing-line\/\" \/>\n<meta property=\"og:locale\" content=\"es_ES\" \/>\n<meta property=\"og:type\" content=\"article\" \/>\n<meta property=\"og:title\" content=\"Automatic Potato Washing Cleaning Grading Packing Processing Line -\" \/>\n<meta property=\"og:description\" content=\"This potato cleaning, grading and packaging line has the characteristics of high automation and low production cost.\" \/>\n<meta property=\"og:url\" content=\"https:\/\/www.potatoturnkey.com\/es\/product\/potato-washing-grading-packing-line\/\" \/>\n<meta property=\"og:site_name\" content=\"Potato Process Machines Supplier\" \/>\n<meta property=\"article:modified_time\" content=\"2026-04-06T08:35:50+00:00\" \/>\n<meta property=\"og:image\" content=\"https:\/\/www.potatoturnkey.com\/wp-content\/uploads\/2019\/01\/Potato-Washing-Cleaning-Grading-Packing-Processing-Line-.jpg\" \/>\n\t<meta property=\"og:image:width\" content=\"600\" \/>\n\t<meta property=\"og:image:height\" content=\"600\" \/>\n\t<meta property=\"og:image:type\" content=\"image\/jpeg\" \/>\n<meta name=\"twitter:card\" content=\"summary_large_image\" \/>\n<meta name=\"twitter:label1\" content=\"Tiempo de lectura\" \/>\n\t<meta name=\"twitter:data1\" content=\"4 minutos\" \/>\n<script type=\"application\/ld+json\" class=\"yoast-schema-graph\">{\"@context\":\"https:\/\/schema.org\",\"@graph\":[{\"@type\":\"WebPage\",\"@id\":\"https:\/\/www.potatoturnkey.com\/product\/potato-washing-grading-packing-line\/\",\"url\":\"https:\/\/www.potatoturnkey.com\/product\/potato-washing-grading-packing-line\/\",\"name\":\"Automatic Potato Washing Cleaning Grading Packing Processing Line -\",\"isPartOf\":{\"@id\":\"https:\/\/www.potatoturnkey.com\/#website\"},\"datePublished\":\"2019-01-23T10:48:06+00:00\",\"dateModified\":\"2026-04-06T08:35:50+00:00\",\"description\":\"This potato cleaning, grading and packaging line has the characteristics of high automation and low production cost.\",\"breadcrumb\":{\"@id\":\"https:\/\/www.potatoturnkey.com\/product\/potato-washing-grading-packing-line\/#breadcrumb\"},\"inLanguage\":\"es\",\"potentialAction\":[{\"@type\":\"ReadAction\",\"target\":[\"https:\/\/www.potatoturnkey.com\/product\/potato-washing-grading-packing-line\/\"]}]},{\"@type\":\"BreadcrumbList\",\"@id\":\"https:\/\/www.potatoturnkey.com\/product\/potato-washing-grading-packing-line\/#breadcrumb\",\"itemListElement\":[{\"@type\":\"ListItem\",\"position\":1,\"name\":\"Home\",\"item\":\"https:\/\/www.potatoturnkey.com\/\"},{\"@type\":\"ListItem\",\"position\":2,\"name\":\"Products\",\"item\":\"https:\/\/www.potatoturnkey.com\/shop-2__trashed\/\"},{\"@type\":\"ListItem\",\"position\":3,\"name\":\"Automatic Potato Washing Cleaning Grading Packing Processing Line\"}]},{\"@type\":\"WebSite\",\"@id\":\"https:\/\/www.potatoturnkey.com\/#website\",\"url\":\"https:\/\/www.potatoturnkey.com\/\",\"name\":\"Potato Process Machines Supplier\",\"description\":\"Potato Turnkey Processing Machine Supplier\",\"publisher\":{\"@id\":\"https:\/\/www.potatoturnkey.com\/#organization\"},\"potentialAction\":[{\"@type\":\"SearchAction\",\"target\":{\"@type\":\"EntryPoint\",\"urlTemplate\":\"https:\/\/www.potatoturnkey.com\/?s={search_term_string}\"},\"query-input\":\"required name=search_term_string\"}],\"inLanguage\":\"es\"},{\"@type\":\"Organization\",\"@id\":\"https:\/\/www.potatoturnkey.com\/#organization\",\"name\":\"Potato Process Machines Supplier\",\"url\":\"https:\/\/www.potatoturnkey.com\/\",\"logo\":{\"@type\":\"ImageObject\",\"inLanguage\":\"es\",\"@id\":\"https:\/\/www.potatoturnkey.com\/#\/schema\/logo\/image\/\",\"url\":\"https:\/\/www.potatoturnkey.com\/wp-content\/uploads\/2022\/02\/potato.png\",\"contentUrl\":\"https:\/\/www.potatoturnkey.com\/wp-content\/uploads\/2022\/02\/potato.png\",\"width\":200,\"height\":200,\"caption\":\"Potato Process Machines Supplier\"},\"image\":{\"@id\":\"https:\/\/www.potatoturnkey.com\/#\/schema\/logo\/image\/\"}},false]}<\/script>\n<!-- \/ Yoast SEO plugin. -->","yoast_head_json":{"title":"Automatic Potato Washing Cleaning Grading Packing Processing Line -","description":"This potato cleaning, grading and packaging line has the characteristics of high automation and low production cost.","robots":{"index":"index","follow":"follow","max-snippet":"max-snippet:-1","max-image-preview":"max-image-preview:large","max-video-preview":"max-video-preview:-1"},"canonical":"https:\/\/www.potatoturnkey.com\/es\/product\/potato-washing-grading-packing-line\/","og_locale":"es_ES","og_type":"article","og_title":"Automatic Potato Washing Cleaning Grading Packing Processing Line -","og_description":"This potato cleaning, grading and packaging line has the characteristics of high automation and low production cost.","og_url":"https:\/\/www.potatoturnkey.com\/es\/product\/potato-washing-grading-packing-line\/","og_site_name":"Potato Process Machines Supplier","article_modified_time":"2026-04-06T08:35:50+00:00","og_image":[{"width":600,"height":600,"url":"https:\/\/www.potatoturnkey.com\/wp-content\/uploads\/2019\/01\/Potato-Washing-Cleaning-Grading-Packing-Processing-Line-.jpg","type":"image\/jpeg"}],"twitter_card":"summary_large_image","twitter_misc":{"Tiempo de lectura":"4 minutos"},"schema":{"@context":"https:\/\/schema.org","@graph":[{"@type":"WebPage","@id":"https:\/\/www.potatoturnkey.com\/product\/potato-washing-grading-packing-line\/","url":"https:\/\/www.potatoturnkey.com\/product\/potato-washing-grading-packing-line\/","name":"Automatic Potato Washing Cleaning Grading Packing Processing Line -","isPartOf":{"@id":"https:\/\/www.potatoturnkey.com\/#website"},"datePublished":"2019-01-23T10:48:06+00:00","dateModified":"2026-04-06T08:35:50+00:00","description":"This potato cleaning, grading and packaging line has the characteristics of high automation and low production cost.","breadcrumb":{"@id":"https:\/\/www.potatoturnkey.com\/product\/potato-washing-grading-packing-line\/#breadcrumb"},"inLanguage":"es","potentialAction":[{"@type":"ReadAction","target":["https:\/\/www.potatoturnkey.com\/product\/potato-washing-grading-packing-line\/"]}]},{"@type":"BreadcrumbList","@id":"https:\/\/www.potatoturnkey.com\/product\/potato-washing-grading-packing-line\/#breadcrumb","itemListElement":[{"@type":"ListItem","position":1,"name":"Home","item":"https:\/\/www.potatoturnkey.com\/"},{"@type":"ListItem","position":2,"name":"Products","item":"https:\/\/www.potatoturnkey.com\/shop-2__trashed\/"},{"@type":"ListItem","position":3,"name":"Automatic Potato Washing Cleaning Grading Packing Processing Line"}]},{"@type":"WebSite","@id":"https:\/\/www.potatoturnkey.com\/#website","url":"https:\/\/www.potatoturnkey.com\/","name":"Potato Process Machines Supplier","description":"Potato Turnkey Processing Machine Supplier","publisher":{"@id":"https:\/\/www.potatoturnkey.com\/#organization"},"potentialAction":[{"@type":"SearchAction","target":{"@type":"EntryPoint","urlTemplate":"https:\/\/www.potatoturnkey.com\/?s={search_term_string}"},"query-input":"required name=search_term_string"}],"inLanguage":"es"},{"@type":"Organization","@id":"https:\/\/www.potatoturnkey.com\/#organization","name":"Potato Process Machines Supplier","url":"https:\/\/www.potatoturnkey.com\/","logo":{"@type":"ImageObject","inLanguage":"es","@id":"https:\/\/www.potatoturnkey.com\/#\/schema\/logo\/image\/","url":"https:\/\/www.potatoturnkey.com\/wp-content\/uploads\/2022\/02\/potato.png","contentUrl":"https:\/\/www.potatoturnkey.com\/wp-content\/uploads\/2022\/02\/potato.png","width":200,"height":200,"caption":"Potato Process Machines Supplier"},"image":{"@id":"https:\/\/www.potatoturnkey.com\/#\/schema\/logo\/image\/"}},false]}},"_links":{"self":[{"href":"https:\/\/www.potatoturnkey.com\/es\/wp-json\/wp\/v2\/product\/45","targetHints":{"allow":["GET"]}}],"collection":[{"href":"https:\/\/www.potatoturnkey.com\/es\/wp-json\/wp\/v2\/product"}],"about":[{"href":"https:\/\/www.potatoturnkey.com\/es\/wp-json\/wp\/v2\/types\/product"}],"replies":[{"embeddable":true,"href":"https:\/\/www.potatoturnkey.com\/es\/wp-json\/wp\/v2\/comments?post=45"}],"wp:featuredmedia":[{"embeddable":true,"href":"https:\/\/www.potatoturnkey.com\/es\/wp-json\/wp\/v2\/media\/2268"}],"wp:attachment":[{"href":"https:\/\/www.potatoturnkey.com\/es\/wp-json\/wp\/v2\/media?parent=45"}],"wp:term":[{"taxonomy":"product_cat","embeddable":true,"href":"https:\/\/www.potatoturnkey.com\/es\/wp-json\/wp\/v2\/product_cat?post=45"},{"taxonomy":"product_tag","embeddable":true,"href":"https:\/\/www.potatoturnkey.com\/es\/wp-json\/wp\/v2\/product_tag?post=45"}],"curies":[{"name":"wp","href":"https:\/\/api.w.org\/{rel}","templated":true}]}}