{"id":3305,"date":"2026-01-21T17:31:01","date_gmt":"2026-01-21T09:31:01","guid":{"rendered":"https:\/\/www.potatoturnkey.com\/?post_type=product&#038;p=3305"},"modified":"2026-01-21T17:31:01","modified_gmt":"2026-01-21T09:31:01","slug":"hashed-brown-potatoes-processing-line","status":"publish","type":"product","link":"https:\/\/www.potatoturnkey.com\/es\/product\/hashed-brown-potatoes-processing-line\/","title":{"rendered":"L\u00ednea de procesamiento de patatas fritas"},"content":{"rendered":"<p>Las patatas fritas son un popular desayuno americano, elaborado normalmente con patatas como ingrediente principal. Se procesan en forma de hamburguesa y se fr\u00eden hasta que quedan doradas y crujientes por fuera y blandas por dentro, con un rico sabor a patata. Esta l\u00ednea de producci\u00f3n de pur\u00e9 de patatas est\u00e1 especialmente dise\u00f1ada para la producci\u00f3n autom\u00e1tica y continua de pur\u00e9 de patatas. Una l\u00ednea de producci\u00f3n de pur\u00e9 de patatas es un sistema de producci\u00f3n completo que realiza de forma continua procesos como el lavado, pelado, cortado\/rallado, escaldado, sazonado, formado y fritura utilizando equipos mecanizados y automatizados. Esta l\u00ednea de producci\u00f3n puede ser configurada flexiblemente de acuerdo a la forma del producto terminado del cliente, requerimientos de capacidad de producci\u00f3n, condiciones de la f\u00e1brica, y h\u00e1bitos de procesamiento, y es adecuada para f\u00e1bricas de alimentos peque\u00f1as y medianas hasta empresas de producci\u00f3n industrial de gran escala.<\/p>\n<p><img loading=\"lazy\" decoding=\"async\" class=\"alignnone size-full wp-image-3307\" src=\"https:\/\/www.potatoturnkey.com\/wp-content\/uploads\/2026\/01\/3-1.jpg\" alt=\"picadillo\" width=\"800\" height=\"470\" srcset=\"https:\/\/www.potatoturnkey.com\/wp-content\/uploads\/2026\/01\/3-1.jpg 800w, https:\/\/www.potatoturnkey.com\/wp-content\/uploads\/2026\/01\/3-1-300x176.jpg 300w, https:\/\/www.potatoturnkey.com\/wp-content\/uploads\/2026\/01\/3-1-768x451.jpg 768w, https:\/\/www.potatoturnkey.com\/wp-content\/uploads\/2026\/01\/3-1-18x12.jpg 18w, https:\/\/www.potatoturnkey.com\/wp-content\/uploads\/2026\/01\/3-1-600x353.jpg 600w\" sizes=\"auto, (max-width: 800px) 100vw, 800px\" \/><\/p>\n<h2>Proceso de producci\u00f3n de las patatas fritas:<\/h2>\n<p>1. Lavado y pelado de la patata<\/p>\n<p>Antes de procesarlas, las patatas frescas deben limpiarse para eliminar las impurezas de la superficie. A continuaci\u00f3n, se retira la piel de la patata con cepillos o vapor para garantizar una superficie lisa que facilite el posterior corte y procesado.<\/p>\n<p>2. Triturar \/ Picar<\/p>\n<p>Dependiendo del tipo de producto de patata, se puede seleccionar entre rallado o picado. La anchura, la longitud y el grosor de las patatas ralladas son ajustables, lo que garantiza unas patatas ralladas uniformes y consistentes. El corte preciso ayuda a mejorar la consistencia de la textura y la forma del pur\u00e9 de patatas.<\/p>\n<p>3. Escaldado<\/p>\n<p>Las tiras o trozos de patata cortados suelen requerir escaldado. El tiempo y la temperatura de escaldado pueden controlarse con precisi\u00f3n seg\u00fan la variedad de patata y los requisitos del producto.<\/p>\n<p>4. Sazonar y mezclar<\/p>\n<p>Tras escaldarlas y escurrirlas, los ingredientes se someten al proceso de sazonado. La sal, las especias, la cebolla en polvo y otros ingredientes se mezclan uniformemente para garantizar un sabor uniforme en cada pur\u00e9 de patatas marrones.<\/p>\n<p>5. Conformaci\u00f3n<\/p>\n<p>El material sazonado entra en la m\u00e1quina formadora de patatas marrones trituradas, donde se prensa en forma de patatas marrones trituradas de una forma y grosor fijos utilizando moldes.<\/p>\n<p>6. Fre\u00edr<\/p>\n<p>El pur\u00e9 de patatas formado se coloca en una freidora. Controlando la temperatura del aceite y el tiempo de fritura, las patatas asadas cuajan r\u00e1pidamente y adquieren una superficie dorada.<\/p>\n<p><img loading=\"lazy\" decoding=\"async\" class=\"alignnone size-full wp-image-3308\" src=\"https:\/\/www.potatoturnkey.com\/wp-content\/uploads\/2026\/01\/3-3.jpg\" alt=\"l\u00ednea de transformaci\u00f3n de patatas\" width=\"800\" height=\"470\" srcset=\"https:\/\/www.potatoturnkey.com\/wp-content\/uploads\/2026\/01\/3-3.jpg 800w, https:\/\/www.potatoturnkey.com\/wp-content\/uploads\/2026\/01\/3-3-300x176.jpg 300w, https:\/\/www.potatoturnkey.com\/wp-content\/uploads\/2026\/01\/3-3-768x451.jpg 768w, https:\/\/www.potatoturnkey.com\/wp-content\/uploads\/2026\/01\/3-3-18x12.jpg 18w, https:\/\/www.potatoturnkey.com\/wp-content\/uploads\/2026\/01\/3-3-600x353.jpg 600w\" sizes=\"auto, (max-width: 800px) 100vw, 800px\" \/><\/p>\n<h2>L\u00ednea de Procesamiento de Patatas Hashed Brown Caracter\u00edsticas:<\/h2>\n<p>1. Proceso altamente personalizable<\/p>\n<p>Podemos ajustar con flexibilidad la configuraci\u00f3n del proceso de producci\u00f3n seg\u00fan el posicionamiento del producto y los requisitos del proceso del cliente, logrando realmente la \"personalizaci\u00f3n a la carta\", evitando la redundancia de equipos y mejorando la rentabilidad de la inversi\u00f3n.<\/p>\n<p>2. Dise\u00f1o de calidad alimentaria, seguro y fiable<\/p>\n<p>La l\u00ednea de producci\u00f3n de papas marrones trituradas est\u00e1 hecha de acero inoxidable SUS304, con una estructura razonable, f\u00e1cil de limpiar y mantener, cumpliendo con las normas de higiene de procesamiento de alimentos, y adecuada para un funcionamiento estable a largo plazo.<\/p>\n<p>3. Apoyo a la planificaci\u00f3n de la f\u00e1brica y al dise\u00f1o de la soluci\u00f3n global<\/p>\n<p>Adem\u00e1s de suministrar equipos para patatas marrones trituradas, tambi\u00e9n podemos ofrecer a nuestros clientes: sugerencias para la planificaci\u00f3n de la distribuci\u00f3n de la f\u00e1brica, dise\u00f1o del flujo de procesos, adecuaci\u00f3n de la capacidad y selecci\u00f3n de equipos. Ayudamos a los clientes a conseguir una distribuci\u00f3n de la producci\u00f3n general eficiente y sin problemas, desde la \"entrada de materias primas en la f\u00e1brica\" hasta la \"salida de productos acabados de la f\u00e1brica.\"<\/p>\n<div role=\"form\" class=\"wpcf7\" id=\"wpcf7-f1653-o1\" lang=\"en-US\" dir=\"ltr\">\n<div class=\"screen-reader-response\"><p role=\"status\" aria-live=\"polite\" aria-atomic=\"true\"><\/p> <ul><\/ul><\/div>\n<form action=\"\/es\/wp-json\/wp\/v2\/product\/3305#wpcf7-f1653-o1\" method=\"post\" class=\"wpcf7-form init\" novalidate=\"novalidate\" data-status=\"init\" data-trp-original-action=\"\/es\/wp-json\/wp\/v2\/product\/3305#wpcf7-f1653-o1\">\n<div style=\"display: none;\">\n<input type=\"hidden\" name=\"_wpcf7\" value=\"1653\" \/>\n<input type=\"hidden\" name=\"_wpcf7_version\" value=\"5.5.4\" \/>\n<input type=\"hidden\" name=\"_wpcf7_locale\" value=\"en_US\" \/>\n<input type=\"hidden\" name=\"_wpcf7_unit_tag\" value=\"wpcf7-f1653-o1\" \/>\n<input type=\"hidden\" name=\"_wpcf7_container_post\" value=\"0\" \/>\n<input type=\"hidden\" name=\"_wpcf7_posted_data_hash\" value=\"\" \/>\n<\/div>\n<div style='text-align:center;font-size: 1.6rem;font-weight:bold'>Dejar mensaje para precio<\/div>\n<div class='forml1' style='float:left;width:48%; margin-right:4%'>\n<label> Su nombre<br \/>\n    <span class=\"wpcf7-form-control-wrap your-name\"><input type=\"text\" name=\"your-name\" value=\"\" size=\"40\" class=\"wpcf7-form-control wpcf7-text\" aria-invalid=\"false\" \/><\/span> <\/label><\/p>\n<p><label> *Su correo electr\u00f3nico<br \/>\n    <span class=\"wpcf7-form-control-wrap your-email\"><input type=\"email\" name=\"your-email\" value=\"\" size=\"40\" class=\"wpcf7-form-control wpcf7-text wpcf7-email wpcf7-validates-as-required wpcf7-validates-as-email\" aria-required=\"true\" aria-invalid=\"false\" \/><\/span> <\/label><\/p>\n<p><label> Tel\u00e9fono\/WhatsApp<br \/>\n    <span class=\"wpcf7-form-control-wrap text-100\"><input type=\"text\" name=\"text-100\" value=\"\" size=\"40\" class=\"wpcf7-form-control wpcf7-text\" aria-invalid=\"false\" \/><\/span> <\/label><br \/>\n<label> Su pa\u00eds<br \/>\n    <span class=\"wpcf7-form-control-wrap text-677\"><input type=\"text\" name=\"text-677\" value=\"\" size=\"40\" class=\"wpcf7-form-control wpcf7-text\" aria-invalid=\"false\" \/><\/span> <\/label><br \/>\n<label> Nombre de su empresa<br \/>\n    <span class=\"wpcf7-form-control-wrap text-680\"><input type=\"text\" name=\"text-680\" value=\"\" size=\"40\" class=\"wpcf7-form-control wpcf7-text\" aria-invalid=\"false\" \/><\/span> <\/label><br \/>\n<label> Su sitio web<br \/>\n    <span class=\"wpcf7-form-control-wrap text-216\"><input type=\"text\" name=\"text-216\" value=\"\" size=\"40\" class=\"wpcf7-form-control wpcf7-text\" aria-invalid=\"false\" \/><\/span> <\/label>\n<\/div>\n<div class='forml2' style='float:left;width:48%;'>\n<label> *Su mensaje<br \/>\n    <span class=\"wpcf7-form-control-wrap your-message\"><textarea name=\"your-message\" cols=\"40\" rows=\"10\" class=\"wpcf7-form-control wpcf7-textarea wpcf7-validates-as-required\" aria-required=\"true\" aria-invalid=\"false\"><\/textarea><\/span> <\/label><\/p>\n<p><input type=\"submit\" value=\"Enviar\" class=\"wpcf7-form-control has-spinner wpcf7-submit\" \/><\/p>\n<\/div>\n<div style='clear:both'><\/div>\n<p style=\"display: none !important;\"><label>&#916;<textarea name=\"_wpcf7_ak_hp_textarea\" cols=\"45\" rows=\"8\" maxlength=\"100\"><\/textarea><\/label><input type=\"hidden\" id=\"ak_js\" name=\"_wpcf7_ak_js\" value=\"24\"\/><script>document.getElementById( \"ak_js\" ).setAttribute( \"value\", ( new Date() ).getTime() );<\/script><\/p><div class=\"wpcf7-response-output\" aria-hidden=\"true\"><\/div><input type=\"hidden\" name=\"trp-form-language\" value=\"es\"\/><\/form><\/div>\n<div style='text-align:left' class='yasr-auto-insert-visitor'><\/div>","protected":false},"excerpt":{"rendered":"<p>La l\u00ednea de procesamiento de patatas marrones trituradas incluye el lavado y pelado de las patatas, el corte, el escaldado, el sazonado, el moldeado, etc.<\/p>","protected":false},"featured_media":3306,"comment_status":"open","ping_status":"closed","template":"","meta":{"extendify_custom_stylesheet":"","site-sidebar-layout":"default","site-content-layout":"default","ast-global-header-display":"","ast-banner-title-visibility":"","ast-main-header-display":"","ast-hfb-above-header-display":"","ast-hfb-below-header-display":"","ast-hfb-mobile-header-display":"","site-post-title":"","ast-breadcrumbs-content":"","ast-featured-img":"","footer-sml-layout":"","theme-transparent-header-meta":"default","adv-header-id-meta":"","stick-header-meta":"","header-above-stick-meta":"","header-main-stick-meta":"","header-below-stick-meta":"","yasr_overall_rating":0,"yasr_post_is_review":"","yasr_auto_insert_disabled":"","yasr_review_type":""},"product_cat":[25],"product_tag":[],"class_list":["post-3305","product","type-product","status-publish","has-post-thumbnail","hentry","product_cat-potato-solutions","desktop-align-left","tablet-align-left","mobile-align-left"],"yasr_visitor_votes":{"stars_attributes":{"read_only":false,"span_bottom":false},"number_of_votes":1,"sum_votes":5},"yoast_head":"<!-- This site is optimized with the Yoast SEO plugin v20.11 - https:\/\/yoast.com\/wordpress\/plugins\/seo\/ -->\n<title>Hashed Brown Potatoes Processing Line - Potato Process Machines Supplier<\/title>\n<meta name=\"description\" content=\"The hashed brown potatoes processing line includes potato washing and peeling, cutting, blanching, seasoning, molding, etc.\" \/>\n<meta name=\"robots\" content=\"index, follow, max-snippet:-1, max-image-preview:large, max-video-preview:-1\" \/>\n<link rel=\"canonical\" href=\"https:\/\/www.potatoturnkey.com\/es\/product\/hashed-brown-potatoes-processing-line\/\" \/>\n<meta property=\"og:locale\" content=\"es_ES\" \/>\n<meta property=\"og:type\" content=\"article\" \/>\n<meta property=\"og:title\" content=\"Hashed Brown Potatoes Processing Line - Potato Process Machines Supplier\" \/>\n<meta property=\"og:description\" content=\"The hashed brown potatoes processing line includes potato washing and peeling, cutting, blanching, seasoning, molding, etc.\" \/>\n<meta property=\"og:url\" content=\"https:\/\/www.potatoturnkey.com\/es\/product\/hashed-brown-potatoes-processing-line\/\" \/>\n<meta property=\"og:site_name\" content=\"Potato Process Machines Supplier\" \/>\n<meta property=\"og:image\" content=\"https:\/\/www.potatoturnkey.com\/wp-content\/uploads\/2026\/01\/3.jpg\" \/>\n\t<meta property=\"og:image:width\" content=\"600\" \/>\n\t<meta property=\"og:image:height\" content=\"600\" \/>\n\t<meta property=\"og:image:type\" content=\"image\/jpeg\" \/>\n<meta name=\"twitter:card\" content=\"summary_large_image\" \/>\n<meta name=\"twitter:label1\" content=\"Tiempo de lectura\" \/>\n\t<meta name=\"twitter:data1\" content=\"2 minutos\" \/>\n<script type=\"application\/ld+json\" class=\"yoast-schema-graph\">{\"@context\":\"https:\/\/schema.org\",\"@graph\":[{\"@type\":\"WebPage\",\"@id\":\"https:\/\/www.potatoturnkey.com\/product\/hashed-brown-potatoes-processing-line\/\",\"url\":\"https:\/\/www.potatoturnkey.com\/product\/hashed-brown-potatoes-processing-line\/\",\"name\":\"Hashed Brown Potatoes Processing Line - Potato Process Machines Supplier\",\"isPartOf\":{\"@id\":\"https:\/\/www.potatoturnkey.com\/#website\"},\"datePublished\":\"2026-01-21T09:31:01+00:00\",\"dateModified\":\"2026-01-21T09:31:01+00:00\",\"description\":\"The hashed brown potatoes processing line includes potato washing and peeling, cutting, blanching, seasoning, molding, etc.\",\"breadcrumb\":{\"@id\":\"https:\/\/www.potatoturnkey.com\/product\/hashed-brown-potatoes-processing-line\/#breadcrumb\"},\"inLanguage\":\"es\",\"potentialAction\":[{\"@type\":\"ReadAction\",\"target\":[\"https:\/\/www.potatoturnkey.com\/product\/hashed-brown-potatoes-processing-line\/\"]}]},{\"@type\":\"BreadcrumbList\",\"@id\":\"https:\/\/www.potatoturnkey.com\/product\/hashed-brown-potatoes-processing-line\/#breadcrumb\",\"itemListElement\":[{\"@type\":\"ListItem\",\"position\":1,\"name\":\"Home\",\"item\":\"https:\/\/www.potatoturnkey.com\/\"},{\"@type\":\"ListItem\",\"position\":2,\"name\":\"Products\",\"item\":\"https:\/\/www.potatoturnkey.com\/shop-2__trashed\/\"},{\"@type\":\"ListItem\",\"position\":3,\"name\":\"Hashed Brown Potatoes Processing Line\"}]},{\"@type\":\"WebSite\",\"@id\":\"https:\/\/www.potatoturnkey.com\/#website\",\"url\":\"https:\/\/www.potatoturnkey.com\/\",\"name\":\"Potato Process Machines Supplier\",\"description\":\"Potato Turnkey Processing Machine Supplier\",\"publisher\":{\"@id\":\"https:\/\/www.potatoturnkey.com\/#organization\"},\"potentialAction\":[{\"@type\":\"SearchAction\",\"target\":{\"@type\":\"EntryPoint\",\"urlTemplate\":\"https:\/\/www.potatoturnkey.com\/?s={search_term_string}\"},\"query-input\":\"required name=search_term_string\"}],\"inLanguage\":\"es\"},{\"@type\":\"Organization\",\"@id\":\"https:\/\/www.potatoturnkey.com\/#organization\",\"name\":\"Potato Process Machines Supplier\",\"url\":\"https:\/\/www.potatoturnkey.com\/\",\"logo\":{\"@type\":\"ImageObject\",\"inLanguage\":\"es\",\"@id\":\"https:\/\/www.potatoturnkey.com\/#\/schema\/logo\/image\/\",\"url\":\"https:\/\/www.potatoturnkey.com\/wp-content\/uploads\/2022\/02\/potato.png\",\"contentUrl\":\"https:\/\/www.potatoturnkey.com\/wp-content\/uploads\/2022\/02\/potato.png\",\"width\":200,\"height\":200,\"caption\":\"Potato Process Machines Supplier\"},\"image\":{\"@id\":\"https:\/\/www.potatoturnkey.com\/#\/schema\/logo\/image\/\"}},false]}<\/script>\n<!-- \/ Yoast SEO plugin. -->","yoast_head_json":{"title":"Hashed Brown Potatoes Processing Line - Potato Process Machines Supplier","description":"The hashed brown potatoes processing line includes potato washing and peeling, cutting, blanching, seasoning, molding, etc.","robots":{"index":"index","follow":"follow","max-snippet":"max-snippet:-1","max-image-preview":"max-image-preview:large","max-video-preview":"max-video-preview:-1"},"canonical":"https:\/\/www.potatoturnkey.com\/es\/product\/hashed-brown-potatoes-processing-line\/","og_locale":"es_ES","og_type":"article","og_title":"Hashed Brown Potatoes Processing Line - Potato Process Machines Supplier","og_description":"The hashed brown potatoes processing line includes potato washing and peeling, cutting, blanching, seasoning, molding, etc.","og_url":"https:\/\/www.potatoturnkey.com\/es\/product\/hashed-brown-potatoes-processing-line\/","og_site_name":"Potato Process Machines Supplier","og_image":[{"width":600,"height":600,"url":"https:\/\/www.potatoturnkey.com\/wp-content\/uploads\/2026\/01\/3.jpg","type":"image\/jpeg"}],"twitter_card":"summary_large_image","twitter_misc":{"Tiempo de lectura":"2 minutos"},"schema":{"@context":"https:\/\/schema.org","@graph":[{"@type":"WebPage","@id":"https:\/\/www.potatoturnkey.com\/product\/hashed-brown-potatoes-processing-line\/","url":"https:\/\/www.potatoturnkey.com\/product\/hashed-brown-potatoes-processing-line\/","name":"Hashed Brown Potatoes Processing Line - Potato Process Machines Supplier","isPartOf":{"@id":"https:\/\/www.potatoturnkey.com\/#website"},"datePublished":"2026-01-21T09:31:01+00:00","dateModified":"2026-01-21T09:31:01+00:00","description":"The hashed brown potatoes processing line includes potato washing and peeling, cutting, blanching, seasoning, molding, etc.","breadcrumb":{"@id":"https:\/\/www.potatoturnkey.com\/product\/hashed-brown-potatoes-processing-line\/#breadcrumb"},"inLanguage":"es","potentialAction":[{"@type":"ReadAction","target":["https:\/\/www.potatoturnkey.com\/product\/hashed-brown-potatoes-processing-line\/"]}]},{"@type":"BreadcrumbList","@id":"https:\/\/www.potatoturnkey.com\/product\/hashed-brown-potatoes-processing-line\/#breadcrumb","itemListElement":[{"@type":"ListItem","position":1,"name":"Home","item":"https:\/\/www.potatoturnkey.com\/"},{"@type":"ListItem","position":2,"name":"Products","item":"https:\/\/www.potatoturnkey.com\/shop-2__trashed\/"},{"@type":"ListItem","position":3,"name":"Hashed Brown Potatoes Processing Line"}]},{"@type":"WebSite","@id":"https:\/\/www.potatoturnkey.com\/#website","url":"https:\/\/www.potatoturnkey.com\/","name":"Potato Process Machines Supplier","description":"Potato Turnkey Processing Machine Supplier","publisher":{"@id":"https:\/\/www.potatoturnkey.com\/#organization"},"potentialAction":[{"@type":"SearchAction","target":{"@type":"EntryPoint","urlTemplate":"https:\/\/www.potatoturnkey.com\/?s={search_term_string}"},"query-input":"required name=search_term_string"}],"inLanguage":"es"},{"@type":"Organization","@id":"https:\/\/www.potatoturnkey.com\/#organization","name":"Potato Process Machines Supplier","url":"https:\/\/www.potatoturnkey.com\/","logo":{"@type":"ImageObject","inLanguage":"es","@id":"https:\/\/www.potatoturnkey.com\/#\/schema\/logo\/image\/","url":"https:\/\/www.potatoturnkey.com\/wp-content\/uploads\/2022\/02\/potato.png","contentUrl":"https:\/\/www.potatoturnkey.com\/wp-content\/uploads\/2022\/02\/potato.png","width":200,"height":200,"caption":"Potato Process Machines Supplier"},"image":{"@id":"https:\/\/www.potatoturnkey.com\/#\/schema\/logo\/image\/"}},false]}},"_links":{"self":[{"href":"https:\/\/www.potatoturnkey.com\/es\/wp-json\/wp\/v2\/product\/3305","targetHints":{"allow":["GET"]}}],"collection":[{"href":"https:\/\/www.potatoturnkey.com\/es\/wp-json\/wp\/v2\/product"}],"about":[{"href":"https:\/\/www.potatoturnkey.com\/es\/wp-json\/wp\/v2\/types\/product"}],"replies":[{"embeddable":true,"href":"https:\/\/www.potatoturnkey.com\/es\/wp-json\/wp\/v2\/comments?post=3305"}],"wp:featuredmedia":[{"embeddable":true,"href":"https:\/\/www.potatoturnkey.com\/es\/wp-json\/wp\/v2\/media\/3306"}],"wp:attachment":[{"href":"https:\/\/www.potatoturnkey.com\/es\/wp-json\/wp\/v2\/media?parent=3305"}],"wp:term":[{"taxonomy":"product_cat","embeddable":true,"href":"https:\/\/www.potatoturnkey.com\/es\/wp-json\/wp\/v2\/product_cat?post=3305"},{"taxonomy":"product_tag","embeddable":true,"href":"https:\/\/www.potatoturnkey.com\/es\/wp-json\/wp\/v2\/product_tag?post=3305"}],"curies":[{"name":"wp","href":"https:\/\/api.w.org\/{rel}","templated":true}]}}