{"id":3239,"date":"2025-07-25T15:40:13","date_gmt":"2025-07-25T07:40:13","guid":{"rendered":"https:\/\/www.potatoturnkey.com\/?post_type=product&#038;p=3239"},"modified":"2025-07-25T15:40:14","modified_gmt":"2025-07-25T07:40:14","slug":"mashed-potato-machine","status":"publish","type":"product","link":"https:\/\/www.potatoturnkey.com\/es\/product\/mashed-potato-machine\/","title":{"rendered":"M\u00e1quina industrial de pur\u00e9 de patatas en venta"},"content":{"rendered":"<p>El pur\u00e9 de patatas se utiliza mucho en la comida r\u00e1pida, los platos precocinados, la comida para beb\u00e9s, los aperitivos y otros campos. Para lograr una producci\u00f3n en masa industrializada y estandarizada de pur\u00e9 de patatas delicado y consistente, es muy importante equipar una m\u00e1quina de pur\u00e9 de patatas estable y de alto rendimiento.<\/p>\n<p>El equipo para hacer pur\u00e9 de patatas consta de un estator y un rotor. Las patatas se trituran completamente bajo la fuerza de cizallamiento, la fricci\u00f3n y la fuerza de impacto de la rotaci\u00f3n a alta velocidad, y finalmente forman un material fangoso uniforme. La separaci\u00f3n entre el estator y el rotor puede ajustarse con precisi\u00f3n seg\u00fan sea necesario para controlar la finura final del pur\u00e9 de patatas y cumplir diferentes normas de producto.<\/p>\n<p><img loading=\"lazy\" decoding=\"async\" class=\"alignnone size-full wp-image-3240\" src=\"https:\/\/www.potatoturnkey.com\/wp-content\/uploads\/2025\/07\/1.jpg\" alt=\"trituradora de patatas\" width=\"600\" height=\"450\" srcset=\"https:\/\/www.potatoturnkey.com\/wp-content\/uploads\/2025\/07\/1.jpg 600w, https:\/\/www.potatoturnkey.com\/wp-content\/uploads\/2025\/07\/1-300x225.jpg 300w, https:\/\/www.potatoturnkey.com\/wp-content\/uploads\/2025\/07\/1-16x12.jpg 16w\" sizes=\"auto, (max-width: 600px) 100vw, 600px\" \/><\/p>\n<h2>Proceso de producci\u00f3n de pur\u00e9 de patata:<\/h2>\n<p>Aunque la m\u00e1quina de pur\u00e9 de patatas es uno de los equipos clave, para obtener un pur\u00e9 de patatas de alta calidad es necesario cooperar con el proceso de pretratamiento para completar todo el proceso de producci\u00f3n.<\/p>\n<ol>\n<li>Seleccionar patatas con un contenido moderado de f\u00e9cula y eliminar las partes enfermas y da\u00f1adas. Utilice una m\u00e1quina de limpieza para eliminar las impurezas de la tierra superficial.<\/li>\n<li>Se puede utilizar el pelado por vapor o el pelado mec\u00e1nico por fricci\u00f3n, que es eficaz y r\u00e1pido, y mantiene la forma original de las patatas.<\/li>\n<li>Las patatas peladas se cortan en trozos peque\u00f1os para su posterior cocci\u00f3n al vapor y uniforme.<\/li>\n<li>Utilice una vaporera o vaporera continua para cocer las patatas al vapor a fondo, controlar el tiempo y la temperatura y garantizar el mismo grado de cocci\u00f3n, que es la clave de la calidad de la trituraci\u00f3n posterior.<\/li>\n<li>Las patatas cocidas entran en el equipo para pur\u00e9 de patatas y se transforman en un lodo fino mediante un alto cizallamiento. La finura es ajustable, y se puede conseguir el sabor granulado o puro y suave seg\u00fan los requisitos del producto.<\/li>\n<\/ol>\n<p><img loading=\"lazy\" decoding=\"async\" class=\"alignnone size-full wp-image-3241\" src=\"https:\/\/www.potatoturnkey.com\/wp-content\/uploads\/2025\/07\/2.jpg\" alt=\"pur\u00e9 de patatas\" width=\"600\" height=\"450\" srcset=\"https:\/\/www.potatoturnkey.com\/wp-content\/uploads\/2025\/07\/2.jpg 600w, https:\/\/www.potatoturnkey.com\/wp-content\/uploads\/2025\/07\/2-300x225.jpg 300w, https:\/\/www.potatoturnkey.com\/wp-content\/uploads\/2025\/07\/2-16x12.jpg 16w\" sizes=\"auto, (max-width: 600px) 100vw, 600px\" \/><\/p>\n<h2>Caracter\u00edsticas de la m\u00e1quina de pur\u00e9 de patatas:<\/h2>\n<ul>\n<li>Finura de molienda ajustable: La estructura del molino coloidal puede ajustar la separaci\u00f3n entre el estator y el rotor de acuerdo con los requisitos de finura de diferentes productos para obtener diferentes efectos de molienda.<\/li>\n<li>Gran adaptabilidad de materiales: Adem\u00e1s de patatas, esta m\u00e1quina tambi\u00e9n es adecuada para el procesamiento de pur\u00e9 de materiales cocidos de hortalizas de ra\u00edz como batatas, calabazas y zanahorias.<\/li>\n<li>Material de acero inoxidable, f\u00e1cil de limpiar: Todas las piezas en contacto con las patatas son de acero inoxidable 304, resistente a la corrosi\u00f3n y libre de contaminaci\u00f3n, y cumplen las normas de seguridad e higiene de la producci\u00f3n de alimentos.<\/li>\n<\/ul>\n<p><iframe loading=\"lazy\" title=\"Reproductor de v\u00eddeo YouTube\" src=\"https:\/\/www.youtube.com\/embed\/is7XVSdcKDk?si=rqgXPrdKR9tGG1S-\" width=\"560\" height=\"315\" frameborder=\"0\" allowfullscreen=\"allowfullscreen\"><\/iframe><\/p>\n<div role=\"form\" class=\"wpcf7\" id=\"wpcf7-f1653-o1\" lang=\"en-US\" dir=\"ltr\">\n<div class=\"screen-reader-response\"><p role=\"status\" aria-live=\"polite\" aria-atomic=\"true\"><\/p> <ul><\/ul><\/div>\n<form action=\"\/es\/wp-json\/wp\/v2\/product\/3239#wpcf7-f1653-o1\" method=\"post\" class=\"wpcf7-form init\" novalidate=\"novalidate\" data-status=\"init\" data-trp-original-action=\"\/es\/wp-json\/wp\/v2\/product\/3239#wpcf7-f1653-o1\">\n<div style=\"display: none;\">\n<input type=\"hidden\" name=\"_wpcf7\" value=\"1653\" \/>\n<input type=\"hidden\" name=\"_wpcf7_version\" value=\"5.5.4\" \/>\n<input type=\"hidden\" name=\"_wpcf7_locale\" value=\"en_US\" \/>\n<input type=\"hidden\" name=\"_wpcf7_unit_tag\" value=\"wpcf7-f1653-o1\" \/>\n<input type=\"hidden\" name=\"_wpcf7_container_post\" value=\"0\" \/>\n<input type=\"hidden\" name=\"_wpcf7_posted_data_hash\" value=\"\" \/>\n<\/div>\n<div style='text-align:center;font-size: 1.6rem;font-weight:bold'>Dejar mensaje para precio<\/div>\n<div class='forml1' style='float:left;width:48%; margin-right:4%'>\n<label> Su nombre<br \/>\n    <span class=\"wpcf7-form-control-wrap your-name\"><input type=\"text\" name=\"your-name\" value=\"\" size=\"40\" class=\"wpcf7-form-control wpcf7-text\" aria-invalid=\"false\" \/><\/span> <\/label><\/p>\n<p><label> *Su correo electr\u00f3nico<br \/>\n    <span class=\"wpcf7-form-control-wrap your-email\"><input type=\"email\" name=\"your-email\" value=\"\" size=\"40\" class=\"wpcf7-form-control wpcf7-text wpcf7-email wpcf7-validates-as-required wpcf7-validates-as-email\" aria-required=\"true\" aria-invalid=\"false\" \/><\/span> <\/label><\/p>\n<p><label> Tel\u00e9fono\/WhatsApp<br \/>\n    <span class=\"wpcf7-form-control-wrap text-100\"><input type=\"text\" name=\"text-100\" value=\"\" size=\"40\" class=\"wpcf7-form-control wpcf7-text\" aria-invalid=\"false\" \/><\/span> <\/label><br \/>\n<label> Su pa\u00eds<br \/>\n    <span class=\"wpcf7-form-control-wrap text-677\"><input type=\"text\" name=\"text-677\" value=\"\" size=\"40\" class=\"wpcf7-form-control wpcf7-text\" aria-invalid=\"false\" \/><\/span> <\/label><br \/>\n<label> Nombre de su empresa<br \/>\n    <span class=\"wpcf7-form-control-wrap text-680\"><input type=\"text\" name=\"text-680\" value=\"\" size=\"40\" class=\"wpcf7-form-control wpcf7-text\" aria-invalid=\"false\" \/><\/span> <\/label><br \/>\n<label> Su sitio web<br \/>\n    <span class=\"wpcf7-form-control-wrap text-216\"><input type=\"text\" name=\"text-216\" value=\"\" size=\"40\" class=\"wpcf7-form-control wpcf7-text\" aria-invalid=\"false\" \/><\/span> <\/label>\n<\/div>\n<div class='forml2' style='float:left;width:48%;'>\n<label> *Su mensaje<br \/>\n    <span class=\"wpcf7-form-control-wrap your-message\"><textarea name=\"your-message\" cols=\"40\" rows=\"10\" class=\"wpcf7-form-control wpcf7-textarea wpcf7-validates-as-required\" aria-required=\"true\" aria-invalid=\"false\"><\/textarea><\/span> <\/label><\/p>\n<p><input type=\"submit\" value=\"Enviar\" class=\"wpcf7-form-control has-spinner wpcf7-submit\" \/><\/p>\n<\/div>\n<div style='clear:both'><\/div>\n<p style=\"display: none !important;\"><label>&#916;<textarea name=\"_wpcf7_ak_hp_textarea\" cols=\"45\" rows=\"8\" maxlength=\"100\"><\/textarea><\/label><input type=\"hidden\" id=\"ak_js\" name=\"_wpcf7_ak_js\" value=\"203\"\/><script>document.getElementById( \"ak_js\" ).setAttribute( \"value\", ( new Date() ).getTime() );<\/script><\/p><div class=\"wpcf7-response-output\" aria-hidden=\"true\"><\/div><input type=\"hidden\" name=\"trp-form-language\" value=\"es\"\/><\/form><\/div>\n<div style='text-align:left' class='yasr-auto-insert-visitor'><\/div>","protected":false},"excerpt":{"rendered":"<p>Esta m\u00e1quina de pur\u00e9 de patatas puede procesar 100-2000kg de patatas por hora, ayudando a los clientes a conseguir una producci\u00f3n industrial.<\/p>","protected":false},"featured_media":3242,"comment_status":"open","ping_status":"closed","template":"","meta":{"extendify_custom_stylesheet":"","site-sidebar-layout":"default","site-content-layout":"default","ast-global-header-display":"","ast-banner-title-visibility":"","ast-main-header-display":"","ast-hfb-above-header-display":"","ast-hfb-below-header-display":"","ast-hfb-mobile-header-display":"","site-post-title":"","ast-breadcrumbs-content":"","ast-featured-img":"","footer-sml-layout":"","theme-transparent-header-meta":"default","adv-header-id-meta":"","stick-header-meta":"","header-above-stick-meta":"","header-main-stick-meta":"","header-below-stick-meta":"","yasr_overall_rating":0,"yasr_post_is_review":"","yasr_auto_insert_disabled":"","yasr_review_type":""},"product_cat":[27],"product_tag":[],"class_list":["post-3239","product","type-product","status-publish","has-post-thumbnail","hentry","product_cat-potato-processing-machines","desktop-align-left","tablet-align-left","mobile-align-left"],"yasr_visitor_votes":{"stars_attributes":{"read_only":false,"span_bottom":false},"number_of_votes":0,"sum_votes":0},"yoast_head":"<!-- This site is optimized with the Yoast SEO plugin v20.11 - https:\/\/yoast.com\/wordpress\/plugins\/seo\/ -->\n<title>Industrial Mashed Potato Machine for Sale - Potato Process Machines Supplier<\/title>\n<meta name=\"description\" content=\"This mashed potato machine can process 100-2000kg potatoes per hour, helping customers achieve industrial production.\" \/>\n<meta name=\"robots\" content=\"index, follow, max-snippet:-1, max-image-preview:large, max-video-preview:-1\" \/>\n<link rel=\"canonical\" href=\"https:\/\/www.potatoturnkey.com\/es\/product\/mashed-potato-machine\/\" \/>\n<meta property=\"og:locale\" content=\"es_ES\" \/>\n<meta property=\"og:type\" content=\"article\" \/>\n<meta property=\"og:title\" content=\"Industrial Mashed Potato Machine for Sale - Potato Process Machines Supplier\" \/>\n<meta property=\"og:description\" content=\"This mashed potato machine can process 100-2000kg potatoes per hour, helping customers achieve industrial production.\" \/>\n<meta property=\"og:url\" content=\"https:\/\/www.potatoturnkey.com\/es\/product\/mashed-potato-machine\/\" \/>\n<meta property=\"og:site_name\" content=\"Potato Process Machines Supplier\" \/>\n<meta property=\"article:modified_time\" content=\"2025-07-25T07:40:14+00:00\" \/>\n<meta property=\"og:image\" content=\"https:\/\/www.potatoturnkey.com\/wp-content\/uploads\/2025\/07\/3.jpg\" \/>\n\t<meta property=\"og:image:width\" content=\"600\" \/>\n\t<meta property=\"og:image:height\" content=\"600\" \/>\n\t<meta property=\"og:image:type\" content=\"image\/jpeg\" \/>\n<meta name=\"twitter:card\" content=\"summary_large_image\" \/>\n<meta name=\"twitter:label1\" content=\"Tiempo de lectura\" \/>\n\t<meta name=\"twitter:data1\" content=\"2 minutos\" \/>\n<script type=\"application\/ld+json\" class=\"yoast-schema-graph\">{\"@context\":\"https:\/\/schema.org\",\"@graph\":[{\"@type\":\"WebPage\",\"@id\":\"https:\/\/www.potatoturnkey.com\/product\/mashed-potato-machine\/\",\"url\":\"https:\/\/www.potatoturnkey.com\/product\/mashed-potato-machine\/\",\"name\":\"Industrial Mashed Potato Machine for Sale - Potato Process Machines Supplier\",\"isPartOf\":{\"@id\":\"https:\/\/www.potatoturnkey.com\/#website\"},\"datePublished\":\"2025-07-25T07:40:13+00:00\",\"dateModified\":\"2025-07-25T07:40:14+00:00\",\"description\":\"This mashed potato machine can process 100-2000kg potatoes per hour, helping customers achieve industrial production.\",\"breadcrumb\":{\"@id\":\"https:\/\/www.potatoturnkey.com\/product\/mashed-potato-machine\/#breadcrumb\"},\"inLanguage\":\"es\",\"potentialAction\":[{\"@type\":\"ReadAction\",\"target\":[\"https:\/\/www.potatoturnkey.com\/product\/mashed-potato-machine\/\"]}]},{\"@type\":\"BreadcrumbList\",\"@id\":\"https:\/\/www.potatoturnkey.com\/product\/mashed-potato-machine\/#breadcrumb\",\"itemListElement\":[{\"@type\":\"ListItem\",\"position\":1,\"name\":\"Home\",\"item\":\"https:\/\/www.potatoturnkey.com\/\"},{\"@type\":\"ListItem\",\"position\":2,\"name\":\"Products\",\"item\":\"https:\/\/www.potatoturnkey.com\/shop-2__trashed\/\"},{\"@type\":\"ListItem\",\"position\":3,\"name\":\"Industrial Mashed Potato Machine for Sale\"}]},{\"@type\":\"WebSite\",\"@id\":\"https:\/\/www.potatoturnkey.com\/#website\",\"url\":\"https:\/\/www.potatoturnkey.com\/\",\"name\":\"Potato Process Machines Supplier\",\"description\":\"Potato Turnkey Processing Machine Supplier\",\"publisher\":{\"@id\":\"https:\/\/www.potatoturnkey.com\/#organization\"},\"potentialAction\":[{\"@type\":\"SearchAction\",\"target\":{\"@type\":\"EntryPoint\",\"urlTemplate\":\"https:\/\/www.potatoturnkey.com\/?s={search_term_string}\"},\"query-input\":\"required name=search_term_string\"}],\"inLanguage\":\"es\"},{\"@type\":\"Organization\",\"@id\":\"https:\/\/www.potatoturnkey.com\/#organization\",\"name\":\"Potato Process Machines Supplier\",\"url\":\"https:\/\/www.potatoturnkey.com\/\",\"logo\":{\"@type\":\"ImageObject\",\"inLanguage\":\"es\",\"@id\":\"https:\/\/www.potatoturnkey.com\/#\/schema\/logo\/image\/\",\"url\":\"https:\/\/www.potatoturnkey.com\/wp-content\/uploads\/2022\/02\/potato.png\",\"contentUrl\":\"https:\/\/www.potatoturnkey.com\/wp-content\/uploads\/2022\/02\/potato.png\",\"width\":200,\"height\":200,\"caption\":\"Potato Process Machines Supplier\"},\"image\":{\"@id\":\"https:\/\/www.potatoturnkey.com\/#\/schema\/logo\/image\/\"}},false]}<\/script>\n<!-- \/ Yoast SEO plugin. -->","yoast_head_json":{"title":"Industrial Mashed Potato Machine for Sale - Potato Process Machines Supplier","description":"This mashed potato machine can process 100-2000kg potatoes per hour, helping customers achieve industrial production.","robots":{"index":"index","follow":"follow","max-snippet":"max-snippet:-1","max-image-preview":"max-image-preview:large","max-video-preview":"max-video-preview:-1"},"canonical":"https:\/\/www.potatoturnkey.com\/es\/product\/mashed-potato-machine\/","og_locale":"es_ES","og_type":"article","og_title":"Industrial Mashed Potato Machine for Sale - Potato Process Machines Supplier","og_description":"This mashed potato machine can process 100-2000kg potatoes per hour, helping customers achieve industrial production.","og_url":"https:\/\/www.potatoturnkey.com\/es\/product\/mashed-potato-machine\/","og_site_name":"Potato Process Machines Supplier","article_modified_time":"2025-07-25T07:40:14+00:00","og_image":[{"width":600,"height":600,"url":"https:\/\/www.potatoturnkey.com\/wp-content\/uploads\/2025\/07\/3.jpg","type":"image\/jpeg"}],"twitter_card":"summary_large_image","twitter_misc":{"Tiempo de lectura":"2 minutos"},"schema":{"@context":"https:\/\/schema.org","@graph":[{"@type":"WebPage","@id":"https:\/\/www.potatoturnkey.com\/product\/mashed-potato-machine\/","url":"https:\/\/www.potatoturnkey.com\/product\/mashed-potato-machine\/","name":"Industrial Mashed Potato Machine for Sale - Potato Process Machines Supplier","isPartOf":{"@id":"https:\/\/www.potatoturnkey.com\/#website"},"datePublished":"2025-07-25T07:40:13+00:00","dateModified":"2025-07-25T07:40:14+00:00","description":"This mashed potato machine can process 100-2000kg potatoes per hour, helping customers achieve industrial production.","breadcrumb":{"@id":"https:\/\/www.potatoturnkey.com\/product\/mashed-potato-machine\/#breadcrumb"},"inLanguage":"es","potentialAction":[{"@type":"ReadAction","target":["https:\/\/www.potatoturnkey.com\/product\/mashed-potato-machine\/"]}]},{"@type":"BreadcrumbList","@id":"https:\/\/www.potatoturnkey.com\/product\/mashed-potato-machine\/#breadcrumb","itemListElement":[{"@type":"ListItem","position":1,"name":"Home","item":"https:\/\/www.potatoturnkey.com\/"},{"@type":"ListItem","position":2,"name":"Products","item":"https:\/\/www.potatoturnkey.com\/shop-2__trashed\/"},{"@type":"ListItem","position":3,"name":"Industrial Mashed Potato Machine for Sale"}]},{"@type":"WebSite","@id":"https:\/\/www.potatoturnkey.com\/#website","url":"https:\/\/www.potatoturnkey.com\/","name":"Potato Process Machines Supplier","description":"Potato Turnkey Processing Machine Supplier","publisher":{"@id":"https:\/\/www.potatoturnkey.com\/#organization"},"potentialAction":[{"@type":"SearchAction","target":{"@type":"EntryPoint","urlTemplate":"https:\/\/www.potatoturnkey.com\/?s={search_term_string}"},"query-input":"required name=search_term_string"}],"inLanguage":"es"},{"@type":"Organization","@id":"https:\/\/www.potatoturnkey.com\/#organization","name":"Potato Process Machines Supplier","url":"https:\/\/www.potatoturnkey.com\/","logo":{"@type":"ImageObject","inLanguage":"es","@id":"https:\/\/www.potatoturnkey.com\/#\/schema\/logo\/image\/","url":"https:\/\/www.potatoturnkey.com\/wp-content\/uploads\/2022\/02\/potato.png","contentUrl":"https:\/\/www.potatoturnkey.com\/wp-content\/uploads\/2022\/02\/potato.png","width":200,"height":200,"caption":"Potato Process Machines Supplier"},"image":{"@id":"https:\/\/www.potatoturnkey.com\/#\/schema\/logo\/image\/"}},false]}},"_links":{"self":[{"href":"https:\/\/www.potatoturnkey.com\/es\/wp-json\/wp\/v2\/product\/3239","targetHints":{"allow":["GET"]}}],"collection":[{"href":"https:\/\/www.potatoturnkey.com\/es\/wp-json\/wp\/v2\/product"}],"about":[{"href":"https:\/\/www.potatoturnkey.com\/es\/wp-json\/wp\/v2\/types\/product"}],"replies":[{"embeddable":true,"href":"https:\/\/www.potatoturnkey.com\/es\/wp-json\/wp\/v2\/comments?post=3239"}],"wp:featuredmedia":[{"embeddable":true,"href":"https:\/\/www.potatoturnkey.com\/es\/wp-json\/wp\/v2\/media\/3242"}],"wp:attachment":[{"href":"https:\/\/www.potatoturnkey.com\/es\/wp-json\/wp\/v2\/media?parent=3239"}],"wp:term":[{"taxonomy":"product_cat","embeddable":true,"href":"https:\/\/www.potatoturnkey.com\/es\/wp-json\/wp\/v2\/product_cat?post=3239"},{"taxonomy":"product_tag","embeddable":true,"href":"https:\/\/www.potatoturnkey.com\/es\/wp-json\/wp\/v2\/product_tag?post=3239"}],"curies":[{"name":"wp","href":"https:\/\/api.w.org\/{rel}","templated":true}]}}