{"id":2981,"date":"2024-04-08T16:38:06","date_gmt":"2024-04-08T08:38:06","guid":{"rendered":"https:\/\/www.potatoturnkey.com\/?post_type=product&#038;p=2981"},"modified":"2025-09-05T17:04:12","modified_gmt":"2025-09-05T09:04:12","slug":"automatic-potato-chips-production-plant","status":"publish","type":"product","link":"https:\/\/www.potatoturnkey.com\/es\/product\/automatic-potato-chips-production-plant\/","title":{"rendered":"Planta de producci\u00f3n autom\u00e1tica de patatas fritas por calor y control"},"content":{"rendered":"<p>Esta planta autom\u00e1tica de producci\u00f3n de patatas fritas, dise\u00f1ada para agilizar su proceso de producci\u00f3n y ofrecer patatas fritas de alta calidad constante, est\u00e1 dise\u00f1ada para la excelencia.<\/p>\n<p><strong>Flujo de trabajo de la planta autom\u00e1tica de producci\u00f3n de patatas fritas:<\/strong><\/p>\n<hr \/>\n<p>Lavar \u2192 Pelar \u2192 Rebanar \u2192 Enjuagar \u2192 Deshidratar \u2192 Fre\u00edr \u2192 Condimentar \u2192 Enfriar \u2192 Envasar.<\/p>\n<ul>\n<li><strong>Limpieza<\/strong>: Se vierten las patatas en el puerto de alimentaci\u00f3n y se retiran las piedras, la arena, etc. en la cinta transportadora. Despu\u00e9s de la limpieza, se env\u00eda a la m\u00e1quina de limpieza a trav\u00e9s de la cuchara de elevaci\u00f3n para limpiar la tierra superficial y la suciedad, y luego se env\u00eda a la m\u00e1quina de pelado para pelar.<\/li>\n<li><strong>Peeling<\/strong>: La p\u00e9rdida de pelado suele ser de 1% a 4%. Es necesario quitar toda la piel y los trozos de patata tendr\u00e1n un aspecto liso despu\u00e9s del pelado. Tambi\u00e9n es necesario lavar las patatas peladas.<\/li>\n<li><strong>Cortar y aclarar<\/strong>: Despu\u00e9s de rebanarlas con un micr\u00f3tomo, roc\u00edelas con agua a alta presi\u00f3n para eliminar el almid\u00f3n de la superficie de las rebanadas. A continuaci\u00f3n, blanquee para proteger el color.<\/li>\n<li><strong>Deshidrataci\u00f3n<\/strong>: Sacudir la humedad adherida a la superficie de las rodajas de patata.<\/li>\n<li><strong>Fre\u00edr<\/strong>: La fritura de patatas fritas puede realizarse en producci\u00f3n continua. La temperatura de fritura se controla generalmente a 180~190\u2103, y el tiempo de fritura no debe superar generalmente 1 minuto. Los diferentes lotes de patatas fritas deben inspeccionarse y deben hacerse ajustes.<\/li>\n<li><strong>Refrigeraci\u00f3n y envasado<\/strong>: Una vez fritas y sazonadas, las patatas fritas se enfr\u00edan en la cinta transportadora y se envasan.<\/li>\n<\/ul>\n<p><img loading=\"lazy\" decoding=\"async\" class=\"alignnone size-full wp-image-2982\" src=\"https:\/\/www.potatoturnkey.com\/wp-content\/uploads\/2024\/04\/6.jpg\" alt=\"planta autom\u00e1tica de producci\u00f3n de patatas fritas\" width=\"800\" height=\"350\" srcset=\"https:\/\/www.potatoturnkey.com\/wp-content\/uploads\/2024\/04\/6.jpg 800w, https:\/\/www.potatoturnkey.com\/wp-content\/uploads\/2024\/04\/6-300x131.jpg 300w, https:\/\/www.potatoturnkey.com\/wp-content\/uploads\/2024\/04\/6-768x336.jpg 768w, https:\/\/www.potatoturnkey.com\/wp-content\/uploads\/2024\/04\/6-600x263.jpg 600w\" sizes=\"auto, (max-width: 800px) 100vw, 800px\" \/><\/p>\n<p><strong>Planta autom\u00e1tica de producci\u00f3n de patatas fritas Caracter\u00edsticas principales:<\/strong><\/p>\n<hr \/>\n<ol>\n<li><strong>Tratamiento automatizado<\/strong>: Diga adi\u00f3s a los procesos manuales intensivos en mano de obra. La planta de producci\u00f3n automatiza las fases clave de la fabricaci\u00f3n de patatas fritas, como el lavado, pelado, corte en rodajas, fritura, sazonado y envasado, garantizando la uniformidad y la eficiencia.<\/li>\n<li><strong>Alta capacidad<\/strong>: Con un dise\u00f1o de gran capacidad, esta l\u00ednea de patatas fritas de calor y control es capaz de procesar grandes vol\u00famenes de patatas, por lo que es ideal tanto para instalaciones de producci\u00f3n a peque\u00f1a como a gran escala.<\/li>\n<li><strong>Opciones personalizables<\/strong>: Adapte la l\u00ednea de producci\u00f3n a sus necesidades y preferencias espec\u00edficas. Desde ajustar el grosor del corte hasta personalizar la aplicaci\u00f3n de condimentos, nuestro sistema ofrece flexibilidad para adaptarse a varios estilos y sabores de patatas fritas.<\/li>\n<li><strong>Sistemas de control avanzados<\/strong>: La planta autom\u00e1tica de producci\u00f3n de patatas fritas, dotada de avanzados sistemas de control, permite controlar y ajustar con precisi\u00f3n par\u00e1metros clave como la temperatura de fritura, la velocidad de la cinta transportadora y la distribuci\u00f3n de condimentos, optimizando la calidad de las patatas fritas y la eficacia de la producci\u00f3n.<\/li>\n<\/ol>\n<p><iframe loading=\"lazy\" title=\"Reproductor de v\u00eddeo YouTube\" src=\"https:\/\/www.youtube.com\/embed\/bc4AeO6LAbs?si=P5sTyh8CZs4gV08Y\" width=\"800\" height=\"450\" frameborder=\"0\" allowfullscreen=\"allowfullscreen\"><span data-mce-type=\"bookmark\" style=\"display: inline-block; width: 0px; overflow: hidden; line-height: 0;\" class=\"mce_SELRES_start\">El pr\u00f3ximo fin de semana se abrir\u00e1 la nueva tienda de comestibles.<\/span><\/iframe><\/p>\n<p><strong>Beneficios de la l\u00ednea de patatas fritas Heat and Control:<\/strong><\/p>\n<hr \/>\n<ul>\n<li>Mayor productividad: Al automatizar las tareas repetitivas, la l\u00ednea de producci\u00f3n aumenta la productividad, lo que le permite satisfacer la creciente demanda sin comprometer la calidad.<\/li>\n<li>Calidad uniforme: Con un control preciso de los par\u00e1metros de procesamiento, nuestro sistema garantiza la uniformidad del tama\u00f1o, la textura y el sabor de las virutas, lo que mejora la satisfacci\u00f3n del cliente y la reputaci\u00f3n de la marca.<\/li>\n<li>Ahorro de costes: Al racionalizar las operaciones y reducir los costes de mano de obra, nuestra l\u00ednea de producci\u00f3n ofrece un importante ahorro de costes a lo largo del tiempo, lo que contribuye a mejorar la rentabilidad.<\/li>\n<\/ul>\n<p>Mejore sus operaciones de fabricaci\u00f3n de patatas fritas con nuestra planta autom\u00e1tica de producci\u00f3n de patatas fritas y emb\u00e1rquese en un viaje de eficacia, consistencia y rentabilidad.<\/p>\n<div role=\"form\" class=\"wpcf7\" id=\"wpcf7-f1653-o1\" lang=\"en-US\" dir=\"ltr\">\n<div class=\"screen-reader-response\"><p role=\"status\" aria-live=\"polite\" aria-atomic=\"true\"><\/p> <ul><\/ul><\/div>\n<form action=\"\/es\/wp-json\/wp\/v2\/product\/2981#wpcf7-f1653-o1\" method=\"post\" class=\"wpcf7-form init\" novalidate=\"novalidate\" data-status=\"init\" data-trp-original-action=\"\/es\/wp-json\/wp\/v2\/product\/2981#wpcf7-f1653-o1\">\n<div style=\"display: none;\">\n<input type=\"hidden\" name=\"_wpcf7\" value=\"1653\" \/>\n<input type=\"hidden\" name=\"_wpcf7_version\" value=\"5.5.4\" \/>\n<input type=\"hidden\" name=\"_wpcf7_locale\" value=\"en_US\" \/>\n<input type=\"hidden\" name=\"_wpcf7_unit_tag\" value=\"wpcf7-f1653-o1\" \/>\n<input type=\"hidden\" name=\"_wpcf7_container_post\" value=\"0\" \/>\n<input type=\"hidden\" name=\"_wpcf7_posted_data_hash\" value=\"\" \/>\n<\/div>\n<div style='text-align:center;font-size: 1.6rem;font-weight:bold'>Dejar mensaje para precio<\/div>\n<div class='forml1' style='float:left;width:48%; margin-right:4%'>\n<label> Su nombre<br \/>\n    <span class=\"wpcf7-form-control-wrap your-name\"><input type=\"text\" name=\"your-name\" value=\"\" size=\"40\" class=\"wpcf7-form-control wpcf7-text\" aria-invalid=\"false\" \/><\/span> <\/label><\/p>\n<p><label> *Su correo electr\u00f3nico<br \/>\n    <span class=\"wpcf7-form-control-wrap your-email\"><input type=\"email\" name=\"your-email\" value=\"\" size=\"40\" class=\"wpcf7-form-control wpcf7-text wpcf7-email wpcf7-validates-as-required wpcf7-validates-as-email\" aria-required=\"true\" aria-invalid=\"false\" \/><\/span> <\/label><\/p>\n<p><label> Tel\u00e9fono\/WhatsApp<br \/>\n    <span class=\"wpcf7-form-control-wrap text-100\"><input type=\"text\" name=\"text-100\" value=\"\" size=\"40\" class=\"wpcf7-form-control wpcf7-text\" aria-invalid=\"false\" \/><\/span> <\/label><br \/>\n<label> Su pa\u00eds<br \/>\n    <span class=\"wpcf7-form-control-wrap text-677\"><input type=\"text\" name=\"text-677\" value=\"\" size=\"40\" class=\"wpcf7-form-control wpcf7-text\" aria-invalid=\"false\" \/><\/span> <\/label><br \/>\n<label> Nombre de su empresa<br \/>\n    <span class=\"wpcf7-form-control-wrap text-680\"><input type=\"text\" name=\"text-680\" value=\"\" size=\"40\" class=\"wpcf7-form-control wpcf7-text\" aria-invalid=\"false\" \/><\/span> <\/label><br \/>\n<label> Su sitio web<br \/>\n    <span class=\"wpcf7-form-control-wrap text-216\"><input type=\"text\" name=\"text-216\" value=\"\" size=\"40\" class=\"wpcf7-form-control wpcf7-text\" aria-invalid=\"false\" \/><\/span> <\/label>\n<\/div>\n<div class='forml2' style='float:left;width:48%;'>\n<label> *Su mensaje<br \/>\n    <span class=\"wpcf7-form-control-wrap your-message\"><textarea name=\"your-message\" cols=\"40\" rows=\"10\" class=\"wpcf7-form-control wpcf7-textarea wpcf7-validates-as-required\" aria-required=\"true\" aria-invalid=\"false\"><\/textarea><\/span> <\/label><\/p>\n<p><input type=\"submit\" value=\"Enviar\" class=\"wpcf7-form-control has-spinner wpcf7-submit\" \/><\/p>\n<\/div>\n<div style='clear:both'><\/div>\n<p style=\"display: none !important;\"><label>&#916;<textarea name=\"_wpcf7_ak_hp_textarea\" cols=\"45\" rows=\"8\" maxlength=\"100\"><\/textarea><\/label><input type=\"hidden\" id=\"ak_js\" name=\"_wpcf7_ak_js\" value=\"173\"\/><script>document.getElementById( \"ak_js\" ).setAttribute( \"value\", ( new Date() ).getTime() );<\/script><\/p><div class=\"wpcf7-response-output\" aria-hidden=\"true\"><\/div><input type=\"hidden\" name=\"trp-form-language\" value=\"es\"\/><\/form><\/div>\n<div style='text-align:left' class='yasr-auto-insert-visitor'><\/div>","protected":false},"excerpt":{"rendered":"<p>La planta autom\u00e1tica de producci\u00f3n de patatas fritas incluye el lavado, el pelado, el corte en rodajas, la fritura, el aderezo y el envasado.<\/p>","protected":false},"featured_media":2983,"comment_status":"open","ping_status":"closed","template":"","meta":{"extendify_custom_stylesheet":"","site-sidebar-layout":"default","site-content-layout":"default","ast-global-header-display":"","ast-banner-title-visibility":"","ast-main-header-display":"","ast-hfb-above-header-display":"","ast-hfb-below-header-display":"","ast-hfb-mobile-header-display":"","site-post-title":"","ast-breadcrumbs-content":"","ast-featured-img":"","footer-sml-layout":"","theme-transparent-header-meta":"default","adv-header-id-meta":"","stick-header-meta":"","header-above-stick-meta":"","header-main-stick-meta":"","header-below-stick-meta":"","yasr_overall_rating":5,"yasr_post_is_review":"","yasr_auto_insert_disabled":"","yasr_review_type":""},"product_cat":[25],"product_tag":[],"class_list":["post-2981","product","type-product","status-publish","has-post-thumbnail","hentry","product_cat-potato-solutions","desktop-align-left","tablet-align-left","mobile-align-left"],"yasr_visitor_votes":{"stars_attributes":{"read_only":false,"span_bottom":false},"number_of_votes":0,"sum_votes":0},"yoast_head":"<!-- This site is optimized with the Yoast SEO plugin v20.11 - https:\/\/yoast.com\/wordpress\/plugins\/seo\/ -->\n<title>Automatic Heat And Control Potato Chips Production Plant - Potato Process Machines Supplier<\/title>\n<meta name=\"description\" content=\"The automatic potato chips production plant include washing, peeling, slicing, frying, seasoning, and packaging.\" \/>\n<meta name=\"robots\" content=\"index, follow, max-snippet:-1, max-image-preview:large, max-video-preview:-1\" \/>\n<link rel=\"canonical\" href=\"https:\/\/www.potatoturnkey.com\/es\/product\/automatic-potato-chips-production-plant\/\" \/>\n<meta property=\"og:locale\" content=\"es_ES\" \/>\n<meta property=\"og:type\" content=\"article\" \/>\n<meta property=\"og:title\" content=\"Automatic Heat And Control Potato Chips Production Plant - Potato Process Machines Supplier\" \/>\n<meta property=\"og:description\" content=\"The automatic potato chips production plant include washing, peeling, slicing, frying, seasoning, and packaging.\" \/>\n<meta property=\"og:url\" content=\"https:\/\/www.potatoturnkey.com\/es\/product\/automatic-potato-chips-production-plant\/\" \/>\n<meta property=\"og:site_name\" content=\"Potato Process Machines Supplier\" \/>\n<meta property=\"article:modified_time\" content=\"2025-09-05T09:04:12+00:00\" \/>\n<meta property=\"og:image\" content=\"https:\/\/www.potatoturnkey.com\/wp-content\/uploads\/2024\/04\/7.jpg\" \/>\n\t<meta property=\"og:image:width\" content=\"600\" \/>\n\t<meta property=\"og:image:height\" content=\"600\" \/>\n\t<meta property=\"og:image:type\" content=\"image\/jpeg\" \/>\n<meta name=\"twitter:card\" content=\"summary_large_image\" \/>\n<meta name=\"twitter:label1\" content=\"Tiempo de lectura\" \/>\n\t<meta name=\"twitter:data1\" content=\"2 minutos\" \/>\n<script type=\"application\/ld+json\" class=\"yoast-schema-graph\">{\"@context\":\"https:\/\/schema.org\",\"@graph\":[{\"@type\":\"WebPage\",\"@id\":\"https:\/\/www.potatoturnkey.com\/product\/automatic-potato-chips-production-plant\/\",\"url\":\"https:\/\/www.potatoturnkey.com\/product\/automatic-potato-chips-production-plant\/\",\"name\":\"Automatic Heat And Control Potato Chips Production Plant - Potato Process Machines Supplier\",\"isPartOf\":{\"@id\":\"https:\/\/www.potatoturnkey.com\/#website\"},\"datePublished\":\"2024-04-08T08:38:06+00:00\",\"dateModified\":\"2025-09-05T09:04:12+00:00\",\"description\":\"The automatic potato chips production plant include washing, peeling, slicing, frying, seasoning, and packaging.\",\"breadcrumb\":{\"@id\":\"https:\/\/www.potatoturnkey.com\/product\/automatic-potato-chips-production-plant\/#breadcrumb\"},\"inLanguage\":\"es\",\"potentialAction\":[{\"@type\":\"ReadAction\",\"target\":[\"https:\/\/www.potatoturnkey.com\/product\/automatic-potato-chips-production-plant\/\"]}]},{\"@type\":\"BreadcrumbList\",\"@id\":\"https:\/\/www.potatoturnkey.com\/product\/automatic-potato-chips-production-plant\/#breadcrumb\",\"itemListElement\":[{\"@type\":\"ListItem\",\"position\":1,\"name\":\"Home\",\"item\":\"https:\/\/www.potatoturnkey.com\/\"},{\"@type\":\"ListItem\",\"position\":2,\"name\":\"Products\",\"item\":\"https:\/\/www.potatoturnkey.com\/shop-2__trashed\/\"},{\"@type\":\"ListItem\",\"position\":3,\"name\":\"Automatic Heat And Control Potato Chips Production Plant\"}]},{\"@type\":\"WebSite\",\"@id\":\"https:\/\/www.potatoturnkey.com\/#website\",\"url\":\"https:\/\/www.potatoturnkey.com\/\",\"name\":\"Potato Process Machines Supplier\",\"description\":\"Potato Turnkey Processing Machine Supplier\",\"publisher\":{\"@id\":\"https:\/\/www.potatoturnkey.com\/#organization\"},\"potentialAction\":[{\"@type\":\"SearchAction\",\"target\":{\"@type\":\"EntryPoint\",\"urlTemplate\":\"https:\/\/www.potatoturnkey.com\/?s={search_term_string}\"},\"query-input\":\"required name=search_term_string\"}],\"inLanguage\":\"es\"},{\"@type\":\"Organization\",\"@id\":\"https:\/\/www.potatoturnkey.com\/#organization\",\"name\":\"Potato Process Machines Supplier\",\"url\":\"https:\/\/www.potatoturnkey.com\/\",\"logo\":{\"@type\":\"ImageObject\",\"inLanguage\":\"es\",\"@id\":\"https:\/\/www.potatoturnkey.com\/#\/schema\/logo\/image\/\",\"url\":\"https:\/\/www.potatoturnkey.com\/wp-content\/uploads\/2022\/02\/potato.png\",\"contentUrl\":\"https:\/\/www.potatoturnkey.com\/wp-content\/uploads\/2022\/02\/potato.png\",\"width\":200,\"height\":200,\"caption\":\"Potato Process Machines Supplier\"},\"image\":{\"@id\":\"https:\/\/www.potatoturnkey.com\/#\/schema\/logo\/image\/\"}},false]}<\/script>\n<!-- \/ Yoast SEO plugin. -->","yoast_head_json":{"title":"Automatic Heat And Control Potato Chips Production Plant - Potato Process Machines Supplier","description":"The automatic potato chips production plant include washing, peeling, slicing, frying, seasoning, and packaging.","robots":{"index":"index","follow":"follow","max-snippet":"max-snippet:-1","max-image-preview":"max-image-preview:large","max-video-preview":"max-video-preview:-1"},"canonical":"https:\/\/www.potatoturnkey.com\/es\/product\/automatic-potato-chips-production-plant\/","og_locale":"es_ES","og_type":"article","og_title":"Automatic Heat And Control Potato Chips Production Plant - Potato Process Machines Supplier","og_description":"The automatic potato chips production plant include washing, peeling, slicing, frying, seasoning, and packaging.","og_url":"https:\/\/www.potatoturnkey.com\/es\/product\/automatic-potato-chips-production-plant\/","og_site_name":"Potato Process Machines Supplier","article_modified_time":"2025-09-05T09:04:12+00:00","og_image":[{"width":600,"height":600,"url":"https:\/\/www.potatoturnkey.com\/wp-content\/uploads\/2024\/04\/7.jpg","type":"image\/jpeg"}],"twitter_card":"summary_large_image","twitter_misc":{"Tiempo de lectura":"2 minutos"},"schema":{"@context":"https:\/\/schema.org","@graph":[{"@type":"WebPage","@id":"https:\/\/www.potatoturnkey.com\/product\/automatic-potato-chips-production-plant\/","url":"https:\/\/www.potatoturnkey.com\/product\/automatic-potato-chips-production-plant\/","name":"Automatic Heat And Control Potato Chips Production Plant - Potato Process Machines Supplier","isPartOf":{"@id":"https:\/\/www.potatoturnkey.com\/#website"},"datePublished":"2024-04-08T08:38:06+00:00","dateModified":"2025-09-05T09:04:12+00:00","description":"The automatic potato chips production plant include washing, peeling, slicing, frying, seasoning, and packaging.","breadcrumb":{"@id":"https:\/\/www.potatoturnkey.com\/product\/automatic-potato-chips-production-plant\/#breadcrumb"},"inLanguage":"es","potentialAction":[{"@type":"ReadAction","target":["https:\/\/www.potatoturnkey.com\/product\/automatic-potato-chips-production-plant\/"]}]},{"@type":"BreadcrumbList","@id":"https:\/\/www.potatoturnkey.com\/product\/automatic-potato-chips-production-plant\/#breadcrumb","itemListElement":[{"@type":"ListItem","position":1,"name":"Home","item":"https:\/\/www.potatoturnkey.com\/"},{"@type":"ListItem","position":2,"name":"Products","item":"https:\/\/www.potatoturnkey.com\/shop-2__trashed\/"},{"@type":"ListItem","position":3,"name":"Automatic Heat And Control Potato Chips Production Plant"}]},{"@type":"WebSite","@id":"https:\/\/www.potatoturnkey.com\/#website","url":"https:\/\/www.potatoturnkey.com\/","name":"Potato Process Machines Supplier","description":"Potato Turnkey Processing Machine Supplier","publisher":{"@id":"https:\/\/www.potatoturnkey.com\/#organization"},"potentialAction":[{"@type":"SearchAction","target":{"@type":"EntryPoint","urlTemplate":"https:\/\/www.potatoturnkey.com\/?s={search_term_string}"},"query-input":"required name=search_term_string"}],"inLanguage":"es"},{"@type":"Organization","@id":"https:\/\/www.potatoturnkey.com\/#organization","name":"Potato Process Machines Supplier","url":"https:\/\/www.potatoturnkey.com\/","logo":{"@type":"ImageObject","inLanguage":"es","@id":"https:\/\/www.potatoturnkey.com\/#\/schema\/logo\/image\/","url":"https:\/\/www.potatoturnkey.com\/wp-content\/uploads\/2022\/02\/potato.png","contentUrl":"https:\/\/www.potatoturnkey.com\/wp-content\/uploads\/2022\/02\/potato.png","width":200,"height":200,"caption":"Potato Process Machines Supplier"},"image":{"@id":"https:\/\/www.potatoturnkey.com\/#\/schema\/logo\/image\/"}},false]}},"_links":{"self":[{"href":"https:\/\/www.potatoturnkey.com\/es\/wp-json\/wp\/v2\/product\/2981","targetHints":{"allow":["GET"]}}],"collection":[{"href":"https:\/\/www.potatoturnkey.com\/es\/wp-json\/wp\/v2\/product"}],"about":[{"href":"https:\/\/www.potatoturnkey.com\/es\/wp-json\/wp\/v2\/types\/product"}],"replies":[{"embeddable":true,"href":"https:\/\/www.potatoturnkey.com\/es\/wp-json\/wp\/v2\/comments?post=2981"}],"wp:featuredmedia":[{"embeddable":true,"href":"https:\/\/www.potatoturnkey.com\/es\/wp-json\/wp\/v2\/media\/2983"}],"wp:attachment":[{"href":"https:\/\/www.potatoturnkey.com\/es\/wp-json\/wp\/v2\/media?parent=2981"}],"wp:term":[{"taxonomy":"product_cat","embeddable":true,"href":"https:\/\/www.potatoturnkey.com\/es\/wp-json\/wp\/v2\/product_cat?post=2981"},{"taxonomy":"product_tag","embeddable":true,"href":"https:\/\/www.potatoturnkey.com\/es\/wp-json\/wp\/v2\/product_tag?post=2981"}],"curies":[{"name":"wp","href":"https:\/\/api.w.org\/{rel}","templated":true}]}}