{"id":2976,"date":"2024-04-02T15:48:10","date_gmt":"2024-04-02T07:48:10","guid":{"rendered":"https:\/\/www.potatoturnkey.com\/?post_type=product&#038;p=2976"},"modified":"2024-04-02T15:53:38","modified_gmt":"2024-04-02T07:53:38","slug":"economode-potato-chips-line","status":"publish","type":"product","link":"https:\/\/www.potatoturnkey.com\/es\/product\/economode-potato-chips-line\/","title":{"rendered":"L\u00ednea de patatas fritas Economode Proveedores"},"content":{"rendered":"<p>La l\u00ednea de patatas fritas economode revolucion\u00f3 la industria de fabricaci\u00f3n de aperitivos automatizando los procesos clave, mejorando la eficiencia y garantizando una calidad constante. Esta avanzada maquinaria abarca una serie de m\u00f3dulos interconectados, cada uno dise\u00f1ado para realizar tareas espec\u00edficas a la perfecci\u00f3n.<\/p>\n<p><strong>Flujo de procesamiento de patatas fritas:<\/strong><\/p>\n<hr \/>\n<p>Lavar y pelar\u2192cortar\u2192blanquear\u2192fre\u00edr\u2192enfriar\u2192sazonar y envasar<\/p>\n<ul>\n<li><a href=\"https:\/\/www.potatoturnkey.com\/es\/product\/brush-potato-washer-peeler\/\">Lavado y pelado<\/a>: El proceso comienza con el lavado y pelado de las patatas. La avanzada lavadora de patatas elimina eficazmente la suciedad y las c\u00e1scaras, garantizando unas patatas limpias y uniformes para el corte.<\/li>\n<li><a href=\"https:\/\/www.potatoturnkey.com\/es\/product\/potato-slicer-machine-business\/\">Rebanar<\/a>: A continuaci\u00f3n, las patatas se cortan con precisi\u00f3n en rodajas finas y uniformes. Las cortadoras autom\u00e1ticas mantienen la consistencia del grosor, un factor crucial para lograr el crujido perfecto en cada patata frita.<\/li>\n<li>Escaldado: Las patatas en rodajas se someten a un proceso de escaldado en el que se sumergen brevemente en agua caliente. Este paso elimina el exceso de az\u00facares y almidones, garantizando una fritura uniforme y mejorando la textura y el sabor del producto final.<\/li>\n<li><a href=\"https:\/\/www.potatoturnkey.com\/es\/product\/fries-chips-blanching-machine\/\">Fre\u00edr<\/a>: Las rodajas de patata escaldadas se transportan a la freidora, donde se sumergen en aceite caliente. El control automatizado de la temperatura garantiza unas condiciones de fritura \u00f3ptimas, lo que da como resultado unas patatas fritas crujientes y uniformemente cocinadas.<\/li>\n<li>Condimentaci\u00f3n y envasado: Una vez fritas a la perfecci\u00f3n, las patatas fritas pasan por tambores de aderezo, donde se recubren con una cantidad precisa de condimento. Por \u00faltimo, las m\u00e1quinas de envasado autom\u00e1tico pesan, sellan y etiquetan las patatas fritas, prepar\u00e1ndolas para su distribuci\u00f3n.<\/li>\n<\/ul>\n<p><img loading=\"lazy\" decoding=\"async\" class=\"alignnone size-full wp-image-2978\" src=\"https:\/\/www.potatoturnkey.com\/wp-content\/uploads\/2024\/04\/potato-process.jpg\" alt=\"fases de elaboraci\u00f3n de las patatas fritas\" width=\"800\" height=\"440\" srcset=\"https:\/\/www.potatoturnkey.com\/wp-content\/uploads\/2024\/04\/potato-process.jpg 800w, https:\/\/www.potatoturnkey.com\/wp-content\/uploads\/2024\/04\/potato-process-300x165.jpg 300w, https:\/\/www.potatoturnkey.com\/wp-content\/uploads\/2024\/04\/potato-process-768x422.jpg 768w, https:\/\/www.potatoturnkey.com\/wp-content\/uploads\/2024\/04\/potato-process-600x330.jpg 600w\" sizes=\"auto, (max-width: 800px) 100vw, 800px\" \/><\/p>\n<p><strong>Ventajas de la l\u00ednea de patatas fritas economode:<\/strong><\/p>\n<hr \/>\n<p>La adopci\u00f3n de l\u00edneas autom\u00e1ticas para patatas fritas ofrece numerosas ventajas tanto a fabricantes como a distribuidores y consumidores:<\/p>\n<ol>\n<li>Mayor eficacia: Los procesos automatizados reducen significativamente la necesidad de mano de obra, lo que aumenta la eficiencia de la producci\u00f3n y reduce los costes operativos.<\/li>\n<li>Calidad constante: Al eliminar el error humano, las l\u00edneas de patatas fritas garantizan una calidad uniforme en cada lote de patatas fritas, cumpliendo estrictas normas y deleitando a los consumidores.<\/li>\n<li>Escalabilidad: Con capacidad para producir grandes cantidades de patatas fritas en poco tiempo, las l\u00edneas autom\u00e1ticas de patatas fritas facilitan la escalabilidad, lo que permite a los fabricantes satisfacer una demanda fluctuante sin comprometer la calidad.<\/li>\n<li>Mayor seguridad alimentaria: La tecnolog\u00eda avanzada y las estrictas medidas de control de calidad minimizan el riesgo de contaminaci\u00f3n, garantizando la seguridad e integridad del producto final.<\/li>\n<\/ol>\n<p><iframe loading=\"lazy\" title=\"Reproductor de v\u00eddeo YouTube\" src=\"https:\/\/www.youtube.com\/embed\/bc4AeO6LAbs?si=8lU2YI63Gulh9dcx\" width=\"800\" height=\"450\" frameborder=\"0\" allowfullscreen=\"allowfullscreen\"><span data-mce-type=\"bookmark\" style=\"display: inline-block; width: 0px; overflow: hidden; line-height: 0;\" class=\"mce_SELRES_start\">El pr\u00f3ximo fin de semana se abrir\u00e1 la nueva tienda de comestibles.<\/span><\/iframe><\/p>\n<p>Como proveedores de l\u00edneas de producci\u00f3n de papas fritas, ofrecemos a nuestros clientes servicios personalizados. De acuerdo con las necesidades del cliente y el dise\u00f1o de la f\u00e1brica, podemos personalizar el equipo para los clientes.<\/p>\n<div role=\"form\" class=\"wpcf7\" id=\"wpcf7-f1653-o1\" lang=\"en-US\" dir=\"ltr\">\n<div class=\"screen-reader-response\"><p role=\"status\" aria-live=\"polite\" aria-atomic=\"true\"><\/p> <ul><\/ul><\/div>\n<form action=\"\/es\/wp-json\/wp\/v2\/product\/2976#wpcf7-f1653-o1\" method=\"post\" class=\"wpcf7-form init\" novalidate=\"novalidate\" data-status=\"init\" data-trp-original-action=\"\/es\/wp-json\/wp\/v2\/product\/2976#wpcf7-f1653-o1\">\n<div style=\"display: none;\">\n<input type=\"hidden\" name=\"_wpcf7\" value=\"1653\" \/>\n<input type=\"hidden\" name=\"_wpcf7_version\" value=\"5.5.4\" \/>\n<input type=\"hidden\" name=\"_wpcf7_locale\" value=\"en_US\" \/>\n<input type=\"hidden\" name=\"_wpcf7_unit_tag\" value=\"wpcf7-f1653-o1\" \/>\n<input type=\"hidden\" name=\"_wpcf7_container_post\" value=\"0\" \/>\n<input type=\"hidden\" name=\"_wpcf7_posted_data_hash\" value=\"\" \/>\n<\/div>\n<div style='text-align:center;font-size: 1.6rem;font-weight:bold'>Dejar mensaje para precio<\/div>\n<div class='forml1' style='float:left;width:48%; margin-right:4%'>\n<label> Su nombre<br \/>\n    <span class=\"wpcf7-form-control-wrap your-name\"><input type=\"text\" name=\"your-name\" value=\"\" size=\"40\" class=\"wpcf7-form-control wpcf7-text\" aria-invalid=\"false\" \/><\/span> <\/label><\/p>\n<p><label> *Su correo electr\u00f3nico<br \/>\n    <span class=\"wpcf7-form-control-wrap your-email\"><input type=\"email\" name=\"your-email\" value=\"\" size=\"40\" class=\"wpcf7-form-control wpcf7-text wpcf7-email wpcf7-validates-as-required wpcf7-validates-as-email\" aria-required=\"true\" aria-invalid=\"false\" \/><\/span> <\/label><\/p>\n<p><label> Tel\u00e9fono\/WhatsApp<br \/>\n    <span class=\"wpcf7-form-control-wrap text-100\"><input type=\"text\" name=\"text-100\" value=\"\" size=\"40\" class=\"wpcf7-form-control wpcf7-text\" aria-invalid=\"false\" \/><\/span> <\/label><br \/>\n<label> Su pa\u00eds<br \/>\n    <span class=\"wpcf7-form-control-wrap text-677\"><input type=\"text\" name=\"text-677\" value=\"\" size=\"40\" class=\"wpcf7-form-control wpcf7-text\" aria-invalid=\"false\" \/><\/span> <\/label><br \/>\n<label> Nombre de su empresa<br \/>\n    <span class=\"wpcf7-form-control-wrap text-680\"><input type=\"text\" name=\"text-680\" value=\"\" size=\"40\" class=\"wpcf7-form-control wpcf7-text\" aria-invalid=\"false\" \/><\/span> <\/label><br \/>\n<label> Su sitio web<br \/>\n    <span class=\"wpcf7-form-control-wrap text-216\"><input type=\"text\" name=\"text-216\" value=\"\" size=\"40\" class=\"wpcf7-form-control wpcf7-text\" aria-invalid=\"false\" \/><\/span> <\/label>\n<\/div>\n<div class='forml2' style='float:left;width:48%;'>\n<label> *Su mensaje<br \/>\n    <span class=\"wpcf7-form-control-wrap your-message\"><textarea name=\"your-message\" cols=\"40\" rows=\"10\" class=\"wpcf7-form-control wpcf7-textarea wpcf7-validates-as-required\" aria-required=\"true\" aria-invalid=\"false\"><\/textarea><\/span> <\/label><\/p>\n<p><input type=\"submit\" value=\"Enviar\" class=\"wpcf7-form-control has-spinner wpcf7-submit\" \/><\/p>\n<\/div>\n<div style='clear:both'><\/div>\n<p style=\"display: none !important;\"><label>&#916;<textarea name=\"_wpcf7_ak_hp_textarea\" cols=\"45\" rows=\"8\" maxlength=\"100\"><\/textarea><\/label><input type=\"hidden\" id=\"ak_js\" name=\"_wpcf7_ak_js\" value=\"148\"\/><script>document.getElementById( \"ak_js\" ).setAttribute( \"value\", ( new Date() ).getTime() );<\/script><\/p><div class=\"wpcf7-response-output\" aria-hidden=\"true\"><\/div><input type=\"hidden\" name=\"trp-form-language\" value=\"es\"\/><\/form><\/div>\n<div style='text-align:left' class='yasr-auto-insert-visitor'><\/div>","protected":false},"excerpt":{"rendered":"<p>La l\u00ednea de patatas fritas incluye el lavado y pelado, el corte en rodajas, la fritura, el aderezo y el envasado, etc.<\/p>","protected":false},"featured_media":2977,"comment_status":"open","ping_status":"closed","template":"","meta":{"extendify_custom_stylesheet":"","site-sidebar-layout":"default","site-content-layout":"default","ast-global-header-display":"","ast-banner-title-visibility":"","ast-main-header-display":"","ast-hfb-above-header-display":"","ast-hfb-below-header-display":"","ast-hfb-mobile-header-display":"","site-post-title":"","ast-breadcrumbs-content":"","ast-featured-img":"","footer-sml-layout":"","theme-transparent-header-meta":"default","adv-header-id-meta":"","stick-header-meta":"","header-above-stick-meta":"","header-main-stick-meta":"","header-below-stick-meta":"","yasr_overall_rating":0,"yasr_post_is_review":"","yasr_auto_insert_disabled":"","yasr_review_type":""},"product_cat":[25],"product_tag":[],"class_list":["post-2976","product","type-product","status-publish","has-post-thumbnail","hentry","product_cat-potato-solutions","desktop-align-left","tablet-align-left","mobile-align-left"],"yasr_visitor_votes":{"stars_attributes":{"read_only":false,"span_bottom":false},"number_of_votes":0,"sum_votes":0},"yoast_head":"<!-- This site is optimized with the Yoast SEO plugin v20.11 - https:\/\/yoast.com\/wordpress\/plugins\/seo\/ -->\n<title>Economode Potato Chips Line Suppliers - Potato Process Machines Supplier<\/title>\n<meta name=\"description\" content=\"The potato chips line include washing and peeling, slicing, frying, seasoning and packaging, etc.\" \/>\n<meta name=\"robots\" content=\"index, follow, max-snippet:-1, max-image-preview:large, max-video-preview:-1\" \/>\n<link rel=\"canonical\" href=\"https:\/\/www.potatoturnkey.com\/es\/product\/economode-potato-chips-line\/\" \/>\n<meta property=\"og:locale\" content=\"es_ES\" \/>\n<meta property=\"og:type\" content=\"article\" \/>\n<meta property=\"og:title\" content=\"Economode Potato Chips Line Suppliers - Potato Process Machines Supplier\" \/>\n<meta property=\"og:description\" content=\"The potato chips line include washing and peeling, slicing, frying, seasoning and packaging, etc.\" \/>\n<meta property=\"og:url\" content=\"https:\/\/www.potatoturnkey.com\/es\/product\/economode-potato-chips-line\/\" \/>\n<meta property=\"og:site_name\" content=\"Potato Process Machines Supplier\" \/>\n<meta property=\"article:modified_time\" content=\"2024-04-02T07:53:38+00:00\" \/>\n<meta property=\"og:image\" content=\"https:\/\/www.potatoturnkey.com\/wp-content\/uploads\/2024\/04\/potato.jpg\" \/>\n\t<meta property=\"og:image:width\" content=\"600\" \/>\n\t<meta property=\"og:image:height\" content=\"600\" \/>\n\t<meta property=\"og:image:type\" content=\"image\/jpeg\" \/>\n<meta name=\"twitter:card\" content=\"summary_large_image\" \/>\n<meta name=\"twitter:label1\" content=\"Tiempo de lectura\" \/>\n\t<meta name=\"twitter:data1\" content=\"2 minutos\" \/>\n<script type=\"application\/ld+json\" class=\"yoast-schema-graph\">{\"@context\":\"https:\/\/schema.org\",\"@graph\":[{\"@type\":\"WebPage\",\"@id\":\"https:\/\/www.potatoturnkey.com\/product\/economode-potato-chips-line\/\",\"url\":\"https:\/\/www.potatoturnkey.com\/product\/economode-potato-chips-line\/\",\"name\":\"Economode Potato Chips Line Suppliers - Potato Process Machines Supplier\",\"isPartOf\":{\"@id\":\"https:\/\/www.potatoturnkey.com\/#website\"},\"datePublished\":\"2024-04-02T07:48:10+00:00\",\"dateModified\":\"2024-04-02T07:53:38+00:00\",\"description\":\"The potato chips line include washing and peeling, slicing, frying, seasoning and packaging, etc.\",\"breadcrumb\":{\"@id\":\"https:\/\/www.potatoturnkey.com\/product\/economode-potato-chips-line\/#breadcrumb\"},\"inLanguage\":\"es\",\"potentialAction\":[{\"@type\":\"ReadAction\",\"target\":[\"https:\/\/www.potatoturnkey.com\/product\/economode-potato-chips-line\/\"]}]},{\"@type\":\"BreadcrumbList\",\"@id\":\"https:\/\/www.potatoturnkey.com\/product\/economode-potato-chips-line\/#breadcrumb\",\"itemListElement\":[{\"@type\":\"ListItem\",\"position\":1,\"name\":\"Home\",\"item\":\"https:\/\/www.potatoturnkey.com\/\"},{\"@type\":\"ListItem\",\"position\":2,\"name\":\"Products\",\"item\":\"https:\/\/www.potatoturnkey.com\/shop-2__trashed\/\"},{\"@type\":\"ListItem\",\"position\":3,\"name\":\"Economode Potato Chips Line Suppliers\"}]},{\"@type\":\"WebSite\",\"@id\":\"https:\/\/www.potatoturnkey.com\/#website\",\"url\":\"https:\/\/www.potatoturnkey.com\/\",\"name\":\"Potato Process Machines Supplier\",\"description\":\"Potato Turnkey Processing Machine Supplier\",\"publisher\":{\"@id\":\"https:\/\/www.potatoturnkey.com\/#organization\"},\"potentialAction\":[{\"@type\":\"SearchAction\",\"target\":{\"@type\":\"EntryPoint\",\"urlTemplate\":\"https:\/\/www.potatoturnkey.com\/?s={search_term_string}\"},\"query-input\":\"required name=search_term_string\"}],\"inLanguage\":\"es\"},{\"@type\":\"Organization\",\"@id\":\"https:\/\/www.potatoturnkey.com\/#organization\",\"name\":\"Potato Process Machines Supplier\",\"url\":\"https:\/\/www.potatoturnkey.com\/\",\"logo\":{\"@type\":\"ImageObject\",\"inLanguage\":\"es\",\"@id\":\"https:\/\/www.potatoturnkey.com\/#\/schema\/logo\/image\/\",\"url\":\"https:\/\/www.potatoturnkey.com\/wp-content\/uploads\/2022\/02\/potato.png\",\"contentUrl\":\"https:\/\/www.potatoturnkey.com\/wp-content\/uploads\/2022\/02\/potato.png\",\"width\":200,\"height\":200,\"caption\":\"Potato Process Machines Supplier\"},\"image\":{\"@id\":\"https:\/\/www.potatoturnkey.com\/#\/schema\/logo\/image\/\"}},false]}<\/script>\n<!-- \/ Yoast SEO plugin. -->","yoast_head_json":{"title":"Economode Potato Chips Line Suppliers - Potato Process Machines Supplier","description":"The potato chips line include washing and peeling, slicing, frying, seasoning and packaging, etc.","robots":{"index":"index","follow":"follow","max-snippet":"max-snippet:-1","max-image-preview":"max-image-preview:large","max-video-preview":"max-video-preview:-1"},"canonical":"https:\/\/www.potatoturnkey.com\/es\/product\/economode-potato-chips-line\/","og_locale":"es_ES","og_type":"article","og_title":"Economode Potato Chips Line Suppliers - Potato Process Machines Supplier","og_description":"The potato chips line include washing and peeling, slicing, frying, seasoning and packaging, etc.","og_url":"https:\/\/www.potatoturnkey.com\/es\/product\/economode-potato-chips-line\/","og_site_name":"Potato Process Machines Supplier","article_modified_time":"2024-04-02T07:53:38+00:00","og_image":[{"width":600,"height":600,"url":"https:\/\/www.potatoturnkey.com\/wp-content\/uploads\/2024\/04\/potato.jpg","type":"image\/jpeg"}],"twitter_card":"summary_large_image","twitter_misc":{"Tiempo de lectura":"2 minutos"},"schema":{"@context":"https:\/\/schema.org","@graph":[{"@type":"WebPage","@id":"https:\/\/www.potatoturnkey.com\/product\/economode-potato-chips-line\/","url":"https:\/\/www.potatoturnkey.com\/product\/economode-potato-chips-line\/","name":"Economode Potato Chips Line Suppliers - Potato Process Machines Supplier","isPartOf":{"@id":"https:\/\/www.potatoturnkey.com\/#website"},"datePublished":"2024-04-02T07:48:10+00:00","dateModified":"2024-04-02T07:53:38+00:00","description":"The potato chips line include washing and peeling, slicing, frying, seasoning and packaging, etc.","breadcrumb":{"@id":"https:\/\/www.potatoturnkey.com\/product\/economode-potato-chips-line\/#breadcrumb"},"inLanguage":"es","potentialAction":[{"@type":"ReadAction","target":["https:\/\/www.potatoturnkey.com\/product\/economode-potato-chips-line\/"]}]},{"@type":"BreadcrumbList","@id":"https:\/\/www.potatoturnkey.com\/product\/economode-potato-chips-line\/#breadcrumb","itemListElement":[{"@type":"ListItem","position":1,"name":"Home","item":"https:\/\/www.potatoturnkey.com\/"},{"@type":"ListItem","position":2,"name":"Products","item":"https:\/\/www.potatoturnkey.com\/shop-2__trashed\/"},{"@type":"ListItem","position":3,"name":"Economode Potato Chips Line Suppliers"}]},{"@type":"WebSite","@id":"https:\/\/www.potatoturnkey.com\/#website","url":"https:\/\/www.potatoturnkey.com\/","name":"Potato Process Machines Supplier","description":"Potato Turnkey Processing Machine Supplier","publisher":{"@id":"https:\/\/www.potatoturnkey.com\/#organization"},"potentialAction":[{"@type":"SearchAction","target":{"@type":"EntryPoint","urlTemplate":"https:\/\/www.potatoturnkey.com\/?s={search_term_string}"},"query-input":"required name=search_term_string"}],"inLanguage":"es"},{"@type":"Organization","@id":"https:\/\/www.potatoturnkey.com\/#organization","name":"Potato Process Machines Supplier","url":"https:\/\/www.potatoturnkey.com\/","logo":{"@type":"ImageObject","inLanguage":"es","@id":"https:\/\/www.potatoturnkey.com\/#\/schema\/logo\/image\/","url":"https:\/\/www.potatoturnkey.com\/wp-content\/uploads\/2022\/02\/potato.png","contentUrl":"https:\/\/www.potatoturnkey.com\/wp-content\/uploads\/2022\/02\/potato.png","width":200,"height":200,"caption":"Potato Process Machines Supplier"},"image":{"@id":"https:\/\/www.potatoturnkey.com\/#\/schema\/logo\/image\/"}},false]}},"_links":{"self":[{"href":"https:\/\/www.potatoturnkey.com\/es\/wp-json\/wp\/v2\/product\/2976","targetHints":{"allow":["GET"]}}],"collection":[{"href":"https:\/\/www.potatoturnkey.com\/es\/wp-json\/wp\/v2\/product"}],"about":[{"href":"https:\/\/www.potatoturnkey.com\/es\/wp-json\/wp\/v2\/types\/product"}],"replies":[{"embeddable":true,"href":"https:\/\/www.potatoturnkey.com\/es\/wp-json\/wp\/v2\/comments?post=2976"}],"wp:featuredmedia":[{"embeddable":true,"href":"https:\/\/www.potatoturnkey.com\/es\/wp-json\/wp\/v2\/media\/2977"}],"wp:attachment":[{"href":"https:\/\/www.potatoturnkey.com\/es\/wp-json\/wp\/v2\/media?parent=2976"}],"wp:term":[{"taxonomy":"product_cat","embeddable":true,"href":"https:\/\/www.potatoturnkey.com\/es\/wp-json\/wp\/v2\/product_cat?post=2976"},{"taxonomy":"product_tag","embeddable":true,"href":"https:\/\/www.potatoturnkey.com\/es\/wp-json\/wp\/v2\/product_tag?post=2976"}],"curies":[{"name":"wp","href":"https:\/\/api.w.org\/{rel}","templated":true}]}}