{"id":2922,"date":"2024-03-01T15:35:32","date_gmt":"2024-03-01T07:35:32","guid":{"rendered":"https:\/\/www.potatoturnkey.com\/?post_type=product&#038;p=2922"},"modified":"2025-04-02T17:24:13","modified_gmt":"2025-04-02T09:24:13","slug":"complete-line-potato-chips-making-machine","status":"publish","type":"product","link":"https:\/\/www.potatoturnkey.com\/es\/product\/complete-line-potato-chips-making-machine\/","title":{"rendered":"L\u00ednea completa de producci\u00f3n de patatas fritas"},"content":{"rendered":"<p>La m\u00e1quina de producci\u00f3n de patatas fritas transforma las patatas en delicias doradas y crujientes. Y la l\u00ednea completa de producci\u00f3n de patatas fritas garantiza eficacia, consistencia y calidad en cada paso del proceso. Desde el lavado y el pelado hasta el corte en rodajas y la fritura, cada componente est\u00e1 dise\u00f1ado para ofrecer un rendimiento \u00f3ptimo, proporcionando lote tras lote de patatas fritas perfectas.<\/p>\n<p><img loading=\"lazy\" decoding=\"async\" class=\"alignnone size-full wp-image-2923\" src=\"https:\/\/www.potatoturnkey.com\/wp-content\/uploads\/2024\/03\/potato-chips-line.jpg\" alt=\"m\u00e1quina de producci\u00f3n de patatas fritas\" width=\"800\" height=\"450\" srcset=\"https:\/\/www.potatoturnkey.com\/wp-content\/uploads\/2024\/03\/potato-chips-line.jpg 800w, https:\/\/www.potatoturnkey.com\/wp-content\/uploads\/2024\/03\/potato-chips-line-300x169.jpg 300w, https:\/\/www.potatoturnkey.com\/wp-content\/uploads\/2024\/03\/potato-chips-line-768x432.jpg 768w, https:\/\/www.potatoturnkey.com\/wp-content\/uploads\/2024\/03\/potato-chips-line-600x338.jpg 600w\" sizes=\"auto, (max-width: 800px) 100vw, 800px\" \/><\/p>\n<p><strong>L\u00ednea completa de patatas fritas que hace la m\u00e1quina de flujo de trabajo:<\/strong><\/p>\n<ol>\n<li>M\u00e1quina de lavado y pelado. 1. Utilice una m\u00e1quina de lavado y pelado de tipo cepillo para completar las operaciones de lavado y pelado al mismo tiempo, con alta eficiencia y baja p\u00e9rdida.<\/li>\n<li>Rebanadora: El grosor de la rebanada se puede ajustar a voluntad.<\/li>\n<li>M\u00e1quina de escaldado: Aclarado y protecci\u00f3n del color de las patatas fritas cortadas.<\/li>\n<li>Secador de aire: El secado antes de fre\u00edr puede acortar enormemente el tiempo de fritura y mejorar el sabor de las patatas fritas.<\/li>\n<li>M\u00e1quina freidora: El control preciso de la temperatura del aceite garantiza la calidad y el sabor de las patatas fritas.<\/li>\n<li>M\u00e1quina desaceitadora: Deoil patatas fritas, que supera el defecto de alto contenido de aceite de patatas fritas y mejora el sabor de las patatas fritas.<\/li>\n<li>Sazonador: Fabricado en acero inoxidable. Las patatas fritas se voltean uniformemente durante la rotaci\u00f3n del tambor, y el condimento se puede hacer por aspersi\u00f3n o pulverizaci\u00f3n.<\/li>\n<li>M\u00e1quina de envasado: Al envasar, llenar la bolsa de envasado con nitr\u00f3geno puede evitar eficazmente que las patatas fritas se rompan y prolongar la vida \u00fatil.<\/li>\n<\/ol>\n<p><iframe loading=\"lazy\" title=\"Reproductor de v\u00eddeo YouTube\" src=\"https:\/\/www.youtube.com\/embed\/NXlow6yZWAg?si=juhfaCBpIRYujoPI\" width=\"800\" height=\"450\" frameborder=\"0\" allowfullscreen=\"allowfullscreen\"><span data-mce-type=\"bookmark\" style=\"display: inline-block; width: 0px; overflow: hidden; line-height: 0;\" class=\"mce_SELRES_start\">El pr\u00f3ximo fin de semana se abrir\u00e1 la nueva tienda de comestibles.<\/span><\/iframe><\/p>\n<p>Con nuestra m\u00e1quina de producci\u00f3n de patatas fritas, la personalizaci\u00f3n es la clave. Las configuraciones ajustables permiten flexibilidad en el grosor de las patatas, la aplicaci\u00f3n de condimentos y la duraci\u00f3n de la fritura, atendiendo a diversos gustos y preferencias. Ya sea con la cl\u00e1sica sal marina, vinagre \u00e1cido o barbacoa picante, nuestra l\u00ednea de producci\u00f3n puede adaptarse a cualquier perfil de sabor con facilidad.<\/p>\n<p>Nuestra l\u00ednea completa de m\u00e1quinas para hacer patatas fritas no s\u00f3lo destaca por su rendimiento, sino que tambi\u00e9n prioriza la higiene y la seguridad. Construida con materiales de calidad alimentaria y equipada con funciones de saneamiento, cumple con los m\u00e1s altos est\u00e1ndares de la industria, garantizando la pureza e integridad de sus patatas fritas.<\/p>\n<div role=\"form\" class=\"wpcf7\" id=\"wpcf7-f1653-o1\" lang=\"en-US\" dir=\"ltr\">\n<div class=\"screen-reader-response\"><p role=\"status\" aria-live=\"polite\" aria-atomic=\"true\"><\/p> <ul><\/ul><\/div>\n<form action=\"\/es\/wp-json\/wp\/v2\/product\/2922#wpcf7-f1653-o1\" method=\"post\" class=\"wpcf7-form init\" novalidate=\"novalidate\" data-status=\"init\" data-trp-original-action=\"\/es\/wp-json\/wp\/v2\/product\/2922#wpcf7-f1653-o1\">\n<div style=\"display: none;\">\n<input type=\"hidden\" name=\"_wpcf7\" value=\"1653\" \/>\n<input type=\"hidden\" name=\"_wpcf7_version\" value=\"5.5.4\" \/>\n<input type=\"hidden\" name=\"_wpcf7_locale\" value=\"en_US\" \/>\n<input type=\"hidden\" name=\"_wpcf7_unit_tag\" value=\"wpcf7-f1653-o1\" \/>\n<input type=\"hidden\" name=\"_wpcf7_container_post\" value=\"0\" \/>\n<input type=\"hidden\" name=\"_wpcf7_posted_data_hash\" value=\"\" \/>\n<\/div>\n<div style='text-align:center;font-size: 1.6rem;font-weight:bold'>Dejar mensaje para precio<\/div>\n<div class='forml1' style='float:left;width:48%; margin-right:4%'>\n<label> Su nombre<br \/>\n    <span class=\"wpcf7-form-control-wrap your-name\"><input type=\"text\" name=\"your-name\" value=\"\" size=\"40\" class=\"wpcf7-form-control wpcf7-text\" aria-invalid=\"false\" \/><\/span> <\/label><\/p>\n<p><label> *Su correo electr\u00f3nico<br \/>\n    <span class=\"wpcf7-form-control-wrap your-email\"><input type=\"email\" name=\"your-email\" value=\"\" size=\"40\" class=\"wpcf7-form-control wpcf7-text wpcf7-email wpcf7-validates-as-required wpcf7-validates-as-email\" aria-required=\"true\" aria-invalid=\"false\" \/><\/span> <\/label><\/p>\n<p><label> Tel\u00e9fono\/WhatsApp<br \/>\n    <span class=\"wpcf7-form-control-wrap text-100\"><input type=\"text\" name=\"text-100\" value=\"\" size=\"40\" class=\"wpcf7-form-control wpcf7-text\" aria-invalid=\"false\" \/><\/span> <\/label><br \/>\n<label> Su pa\u00eds<br \/>\n    <span class=\"wpcf7-form-control-wrap text-677\"><input type=\"text\" name=\"text-677\" value=\"\" size=\"40\" class=\"wpcf7-form-control wpcf7-text\" aria-invalid=\"false\" \/><\/span> <\/label><br \/>\n<label> Nombre de su empresa<br \/>\n    <span class=\"wpcf7-form-control-wrap text-680\"><input type=\"text\" name=\"text-680\" value=\"\" size=\"40\" class=\"wpcf7-form-control wpcf7-text\" aria-invalid=\"false\" \/><\/span> <\/label><br \/>\n<label> Su sitio web<br \/>\n    <span class=\"wpcf7-form-control-wrap text-216\"><input type=\"text\" name=\"text-216\" value=\"\" size=\"40\" class=\"wpcf7-form-control wpcf7-text\" aria-invalid=\"false\" \/><\/span> <\/label>\n<\/div>\n<div class='forml2' style='float:left;width:48%;'>\n<label> *Su mensaje<br \/>\n    <span class=\"wpcf7-form-control-wrap your-message\"><textarea name=\"your-message\" cols=\"40\" rows=\"10\" class=\"wpcf7-form-control wpcf7-textarea wpcf7-validates-as-required\" aria-required=\"true\" aria-invalid=\"false\"><\/textarea><\/span> <\/label><\/p>\n<p><input type=\"submit\" value=\"Enviar\" class=\"wpcf7-form-control has-spinner wpcf7-submit\" \/><\/p>\n<\/div>\n<div style='clear:both'><\/div>\n<p style=\"display: none !important;\"><label>&#916;<textarea name=\"_wpcf7_ak_hp_textarea\" cols=\"45\" rows=\"8\" maxlength=\"100\"><\/textarea><\/label><input type=\"hidden\" id=\"ak_js\" name=\"_wpcf7_ak_js\" value=\"44\"\/><script>document.getElementById( \"ak_js\" ).setAttribute( \"value\", ( new Date() ).getTime() );<\/script><\/p><div class=\"wpcf7-response-output\" aria-hidden=\"true\"><\/div><input type=\"hidden\" name=\"trp-form-language\" value=\"es\"\/><\/form><\/div>\n<div style='text-align:left' class='yasr-auto-insert-visitor'><\/div>","protected":false},"excerpt":{"rendered":"<p>La l\u00ednea completa de producci\u00f3n de patatas fritas incluye lavadora y peladora, cortadora, escaldadora, secadora al aire, freidora, etc.<\/p>","protected":false},"featured_media":2924,"comment_status":"open","ping_status":"closed","template":"","meta":{"extendify_custom_stylesheet":"","site-sidebar-layout":"default","site-content-layout":"default","ast-global-header-display":"","ast-banner-title-visibility":"","ast-main-header-display":"","ast-hfb-above-header-display":"","ast-hfb-below-header-display":"","ast-hfb-mobile-header-display":"","site-post-title":"","ast-breadcrumbs-content":"","ast-featured-img":"","footer-sml-layout":"","theme-transparent-header-meta":"default","adv-header-id-meta":"","stick-header-meta":"","header-above-stick-meta":"","header-main-stick-meta":"","header-below-stick-meta":"","yasr_overall_rating":0,"yasr_post_is_review":"","yasr_auto_insert_disabled":"","yasr_review_type":""},"product_cat":[27],"product_tag":[],"class_list":["post-2922","product","type-product","status-publish","has-post-thumbnail","hentry","product_cat-potato-processing-machines","desktop-align-left","tablet-align-left","mobile-align-left"],"yasr_visitor_votes":{"stars_attributes":{"read_only":false,"span_bottom":false},"number_of_votes":0,"sum_votes":0},"yoast_head":"<!-- This site is optimized with the Yoast SEO plugin v20.11 - https:\/\/yoast.com\/wordpress\/plugins\/seo\/ -->\n<title>Complete Line Potato Chips Making Production Machine - Potato Process Machines Supplier<\/title>\n<meta name=\"description\" content=\"The complete line potato chips making machine includes washing and peeling machine, slicing machine, blanching machine, air drying machine, frying machine, etc.\" \/>\n<meta name=\"robots\" content=\"index, follow, max-snippet:-1, max-image-preview:large, max-video-preview:-1\" \/>\n<link rel=\"canonical\" href=\"https:\/\/www.potatoturnkey.com\/es\/product\/complete-line-potato-chips-making-machine\/\" \/>\n<meta property=\"og:locale\" content=\"es_ES\" \/>\n<meta property=\"og:type\" content=\"article\" \/>\n<meta property=\"og:title\" content=\"Complete Line Potato Chips Making Production Machine - Potato Process Machines Supplier\" \/>\n<meta property=\"og:description\" content=\"The complete line potato chips making machine includes washing and peeling machine, slicing machine, blanching machine, air drying machine, frying machine, etc.\" \/>\n<meta property=\"og:url\" content=\"https:\/\/www.potatoturnkey.com\/es\/product\/complete-line-potato-chips-making-machine\/\" \/>\n<meta property=\"og:site_name\" content=\"Potato Process Machines Supplier\" \/>\n<meta property=\"article:modified_time\" content=\"2025-04-02T09:24:13+00:00\" \/>\n<meta property=\"og:image\" content=\"https:\/\/www.potatoturnkey.com\/wp-content\/uploads\/2024\/03\/potato-chips-production-line.jpg\" \/>\n\t<meta property=\"og:image:width\" content=\"600\" \/>\n\t<meta property=\"og:image:height\" content=\"600\" \/>\n\t<meta property=\"og:image:type\" content=\"image\/jpeg\" \/>\n<meta name=\"twitter:card\" content=\"summary_large_image\" \/>\n<meta name=\"twitter:label1\" content=\"Tiempo de lectura\" \/>\n\t<meta name=\"twitter:data1\" content=\"2 minutos\" \/>\n<script type=\"application\/ld+json\" class=\"yoast-schema-graph\">{\"@context\":\"https:\/\/schema.org\",\"@graph\":[{\"@type\":\"WebPage\",\"@id\":\"https:\/\/www.potatoturnkey.com\/product\/complete-line-potato-chips-making-machine\/\",\"url\":\"https:\/\/www.potatoturnkey.com\/product\/complete-line-potato-chips-making-machine\/\",\"name\":\"Complete Line Potato Chips Making Production Machine - Potato Process Machines Supplier\",\"isPartOf\":{\"@id\":\"https:\/\/www.potatoturnkey.com\/#website\"},\"datePublished\":\"2024-03-01T07:35:32+00:00\",\"dateModified\":\"2025-04-02T09:24:13+00:00\",\"description\":\"The complete line potato chips making machine includes washing and peeling machine, slicing machine, blanching machine, air drying machine, frying machine, etc.\",\"breadcrumb\":{\"@id\":\"https:\/\/www.potatoturnkey.com\/product\/complete-line-potato-chips-making-machine\/#breadcrumb\"},\"inLanguage\":\"es\",\"potentialAction\":[{\"@type\":\"ReadAction\",\"target\":[\"https:\/\/www.potatoturnkey.com\/product\/complete-line-potato-chips-making-machine\/\"]}]},{\"@type\":\"BreadcrumbList\",\"@id\":\"https:\/\/www.potatoturnkey.com\/product\/complete-line-potato-chips-making-machine\/#breadcrumb\",\"itemListElement\":[{\"@type\":\"ListItem\",\"position\":1,\"name\":\"Home\",\"item\":\"https:\/\/www.potatoturnkey.com\/\"},{\"@type\":\"ListItem\",\"position\":2,\"name\":\"Products\",\"item\":\"https:\/\/www.potatoturnkey.com\/shop-2__trashed\/\"},{\"@type\":\"ListItem\",\"position\":3,\"name\":\"Complete Line Potato Chips Making Production Machine\"}]},{\"@type\":\"WebSite\",\"@id\":\"https:\/\/www.potatoturnkey.com\/#website\",\"url\":\"https:\/\/www.potatoturnkey.com\/\",\"name\":\"Potato Process Machines Supplier\",\"description\":\"Potato Turnkey Processing Machine Supplier\",\"publisher\":{\"@id\":\"https:\/\/www.potatoturnkey.com\/#organization\"},\"potentialAction\":[{\"@type\":\"SearchAction\",\"target\":{\"@type\":\"EntryPoint\",\"urlTemplate\":\"https:\/\/www.potatoturnkey.com\/?s={search_term_string}\"},\"query-input\":\"required name=search_term_string\"}],\"inLanguage\":\"es\"},{\"@type\":\"Organization\",\"@id\":\"https:\/\/www.potatoturnkey.com\/#organization\",\"name\":\"Potato Process Machines Supplier\",\"url\":\"https:\/\/www.potatoturnkey.com\/\",\"logo\":{\"@type\":\"ImageObject\",\"inLanguage\":\"es\",\"@id\":\"https:\/\/www.potatoturnkey.com\/#\/schema\/logo\/image\/\",\"url\":\"https:\/\/www.potatoturnkey.com\/wp-content\/uploads\/2022\/02\/potato.png\",\"contentUrl\":\"https:\/\/www.potatoturnkey.com\/wp-content\/uploads\/2022\/02\/potato.png\",\"width\":200,\"height\":200,\"caption\":\"Potato Process Machines Supplier\"},\"image\":{\"@id\":\"https:\/\/www.potatoturnkey.com\/#\/schema\/logo\/image\/\"}},false]}<\/script>\n<!-- \/ Yoast SEO plugin. -->","yoast_head_json":{"title":"Complete Line Potato Chips Making Production Machine - Potato Process Machines Supplier","description":"The complete line potato chips making machine includes washing and peeling machine, slicing machine, blanching machine, air drying machine, frying machine, etc.","robots":{"index":"index","follow":"follow","max-snippet":"max-snippet:-1","max-image-preview":"max-image-preview:large","max-video-preview":"max-video-preview:-1"},"canonical":"https:\/\/www.potatoturnkey.com\/es\/product\/complete-line-potato-chips-making-machine\/","og_locale":"es_ES","og_type":"article","og_title":"Complete Line Potato Chips Making Production Machine - Potato Process Machines Supplier","og_description":"The complete line potato chips making machine includes washing and peeling machine, slicing machine, blanching machine, air drying machine, frying machine, etc.","og_url":"https:\/\/www.potatoturnkey.com\/es\/product\/complete-line-potato-chips-making-machine\/","og_site_name":"Potato Process Machines Supplier","article_modified_time":"2025-04-02T09:24:13+00:00","og_image":[{"width":600,"height":600,"url":"https:\/\/www.potatoturnkey.com\/wp-content\/uploads\/2024\/03\/potato-chips-production-line.jpg","type":"image\/jpeg"}],"twitter_card":"summary_large_image","twitter_misc":{"Tiempo de lectura":"2 minutos"},"schema":{"@context":"https:\/\/schema.org","@graph":[{"@type":"WebPage","@id":"https:\/\/www.potatoturnkey.com\/product\/complete-line-potato-chips-making-machine\/","url":"https:\/\/www.potatoturnkey.com\/product\/complete-line-potato-chips-making-machine\/","name":"Complete Line Potato Chips Making Production Machine - Potato Process Machines Supplier","isPartOf":{"@id":"https:\/\/www.potatoturnkey.com\/#website"},"datePublished":"2024-03-01T07:35:32+00:00","dateModified":"2025-04-02T09:24:13+00:00","description":"The complete line potato chips making machine includes washing and peeling machine, slicing machine, blanching machine, air drying machine, frying machine, etc.","breadcrumb":{"@id":"https:\/\/www.potatoturnkey.com\/product\/complete-line-potato-chips-making-machine\/#breadcrumb"},"inLanguage":"es","potentialAction":[{"@type":"ReadAction","target":["https:\/\/www.potatoturnkey.com\/product\/complete-line-potato-chips-making-machine\/"]}]},{"@type":"BreadcrumbList","@id":"https:\/\/www.potatoturnkey.com\/product\/complete-line-potato-chips-making-machine\/#breadcrumb","itemListElement":[{"@type":"ListItem","position":1,"name":"Home","item":"https:\/\/www.potatoturnkey.com\/"},{"@type":"ListItem","position":2,"name":"Products","item":"https:\/\/www.potatoturnkey.com\/shop-2__trashed\/"},{"@type":"ListItem","position":3,"name":"Complete Line Potato Chips Making Production Machine"}]},{"@type":"WebSite","@id":"https:\/\/www.potatoturnkey.com\/#website","url":"https:\/\/www.potatoturnkey.com\/","name":"Potato Process Machines Supplier","description":"Potato Turnkey Processing Machine Supplier","publisher":{"@id":"https:\/\/www.potatoturnkey.com\/#organization"},"potentialAction":[{"@type":"SearchAction","target":{"@type":"EntryPoint","urlTemplate":"https:\/\/www.potatoturnkey.com\/?s={search_term_string}"},"query-input":"required name=search_term_string"}],"inLanguage":"es"},{"@type":"Organization","@id":"https:\/\/www.potatoturnkey.com\/#organization","name":"Potato Process Machines Supplier","url":"https:\/\/www.potatoturnkey.com\/","logo":{"@type":"ImageObject","inLanguage":"es","@id":"https:\/\/www.potatoturnkey.com\/#\/schema\/logo\/image\/","url":"https:\/\/www.potatoturnkey.com\/wp-content\/uploads\/2022\/02\/potato.png","contentUrl":"https:\/\/www.potatoturnkey.com\/wp-content\/uploads\/2022\/02\/potato.png","width":200,"height":200,"caption":"Potato Process Machines Supplier"},"image":{"@id":"https:\/\/www.potatoturnkey.com\/#\/schema\/logo\/image\/"}},false]}},"_links":{"self":[{"href":"https:\/\/www.potatoturnkey.com\/es\/wp-json\/wp\/v2\/product\/2922","targetHints":{"allow":["GET"]}}],"collection":[{"href":"https:\/\/www.potatoturnkey.com\/es\/wp-json\/wp\/v2\/product"}],"about":[{"href":"https:\/\/www.potatoturnkey.com\/es\/wp-json\/wp\/v2\/types\/product"}],"replies":[{"embeddable":true,"href":"https:\/\/www.potatoturnkey.com\/es\/wp-json\/wp\/v2\/comments?post=2922"}],"wp:featuredmedia":[{"embeddable":true,"href":"https:\/\/www.potatoturnkey.com\/es\/wp-json\/wp\/v2\/media\/2924"}],"wp:attachment":[{"href":"https:\/\/www.potatoturnkey.com\/es\/wp-json\/wp\/v2\/media?parent=2922"}],"wp:term":[{"taxonomy":"product_cat","embeddable":true,"href":"https:\/\/www.potatoturnkey.com\/es\/wp-json\/wp\/v2\/product_cat?post=2922"},{"taxonomy":"product_tag","embeddable":true,"href":"https:\/\/www.potatoturnkey.com\/es\/wp-json\/wp\/v2\/product_tag?post=2922"}],"curies":[{"name":"wp","href":"https:\/\/api.w.org\/{rel}","templated":true}]}}