{"id":2916,"date":"2024-02-28T15:17:39","date_gmt":"2024-02-28T07:17:39","guid":{"rendered":"https:\/\/www.potatoturnkey.com\/?post_type=product&#038;p=2916"},"modified":"2024-02-28T15:17:40","modified_gmt":"2024-02-28T07:17:40","slug":"potato-chips-making-line","status":"publish","type":"product","link":"https:\/\/www.potatoturnkey.com\/es\/product\/potato-chips-making-line\/","title":{"rendered":"L\u00ednea de fabricaci\u00f3n de patatas fritas para f\u00e1brica de patatas fritas"},"content":{"rendered":"<p>Fabricada con ingenier\u00eda de precisi\u00f3n y tecnolog\u00eda de vanguardia, esta l\u00ednea de producci\u00f3n de patatas fritas es la clave para producir patatas fritas deliciosas y crujientes. De principio a fin, la l\u00ednea de fabricaci\u00f3n de patatas fritas ofrece una integraci\u00f3n perfecta de los componentes esenciales, lo que garantiza un proceso de producci\u00f3n fluido y optimizado.<\/p>\n<p><strong>Proceso de producci\u00f3n de patatas fritas:<\/strong><\/p>\n<p>Selecci\u00f3n de materias primas \u2192 lavar y pelar \u2192 cortar en rodajas \u2192 enjuagar \u2192 escaldar \u2192 secar al aire \u2192 fre\u00edr \u2192 vibrar y escurrir \u2192 sazonar \u2192 envasar.<\/p>\n<p><img loading=\"lazy\" decoding=\"async\" class=\"alignnone size-full wp-image-2917\" src=\"https:\/\/www.potatoturnkey.com\/wp-content\/uploads\/2024\/02\/potato-chips-machine.jpg\" alt=\"m\u00e1quina para fabricar patatas fritas\" width=\"800\" height=\"357\" srcset=\"https:\/\/www.potatoturnkey.com\/wp-content\/uploads\/2024\/02\/potato-chips-machine.jpg 800w, https:\/\/www.potatoturnkey.com\/wp-content\/uploads\/2024\/02\/potato-chips-machine-300x134.jpg 300w, https:\/\/www.potatoturnkey.com\/wp-content\/uploads\/2024\/02\/potato-chips-machine-768x343.jpg 768w, https:\/\/www.potatoturnkey.com\/wp-content\/uploads\/2024\/02\/potato-chips-machine-600x268.jpg 600w\" sizes=\"auto, (max-width: 800px) 100vw, 800px\" \/><\/p>\n<p><strong>M\u00e1quina principal de fabricaci\u00f3n de patatas fritas:<\/strong><\/p>\n<ul>\n<li><strong>M\u00e1quina limpiadora y peladora de cepillos<\/strong>Lavado y pelado de patatas<\/li>\n<li><strong>Cortador de patatas<\/strong>patatas: l\u00edmpialas, p\u00e9lalas y c\u00f3rtalas en rodajas<\/li>\n<li><strong>Enjuagadora<\/strong>Elimina el almid\u00f3n de la superficie de la patata<\/li>\n<li><strong>Escaldadora<\/strong>escaldado con 60-95\u2103 de agua caliente para eliminar el almid\u00f3n y proteger el color<\/li>\n<li><strong>Secador de aire<\/strong>eliminar el exceso de humedad de la superficie de las patatas fritas<\/li>\n<li><strong>M\u00e1quina freidora<\/strong>: S\u00f3lo tiene que ajustar la temperatura y la m\u00e1quina funcionar\u00e1 autom\u00e1ticamente para producir patatas fritas de calidad constante.<\/li>\n<li><strong>Vaciadora de aceite<\/strong>: Despu\u00e9s de fre\u00edr las patatas fritas, se escurre el aceite mediante vibraci\u00f3n para eliminar el exceso de aceite en la superficie de las patatas fritas.<\/li>\n<\/ul>\n<p><iframe loading=\"lazy\" title=\"Reproductor de v\u00eddeo YouTube\" src=\"https:\/\/www.youtube.com\/embed\/NXlow6yZWAg?si=ynIUurDrr4njO-lN\" width=\"800\" height=\"450\" frameborder=\"0\" allowfullscreen=\"allowfullscreen\"><span data-mce-type=\"bookmark\" style=\"display: inline-block; width: 0px; overflow: hidden; line-height: 0;\" class=\"mce_SELRES_start\">El pr\u00f3ximo fin de semana se abrir\u00e1 la nueva tienda de comestibles.<\/span><\/iframe><\/p>\n<p><strong>Caracter\u00edsticas de la l\u00ednea de fabricaci\u00f3n de patatas fritas:<\/strong><\/p>\n<ol>\n<li>El control totalmente autom\u00e1tico puede ahorrar muchos costes de mano de obra.<\/li>\n<li>Fabricado en material SS 304, f\u00e1cil de limpiar. Cumplir con los requisitos de higiene para la producci\u00f3n de alimentos.<\/li>\n<li>Todos los accesorios el\u00e9ctricos son de marcas conocidas.<\/li>\n<li>Dise\u00f1o razonable y colocaci\u00f3n flexible.<\/li>\n<li>F\u00e1cil de desplazar, casi todos los equipos con ruedas pueden trasladarse a otros lugares.<\/li>\n<li>La m\u00e1quina de fabricaci\u00f3n de patatas fritas a peque\u00f1a escala se puede personalizar seg\u00fan los requisitos del cliente.<\/li>\n<\/ol>\n<p>Libere todo el potencial de sus operaciones de fabricaci\u00f3n de patatas fritas con nuestra soluci\u00f3n para patatas fritas: la elecci\u00f3n definitiva para la excelencia en la producci\u00f3n de patatas fritas.<\/p>\n<div role=\"form\" class=\"wpcf7\" id=\"wpcf7-f1653-o1\" lang=\"en-US\" dir=\"ltr\">\n<div class=\"screen-reader-response\"><p role=\"status\" aria-live=\"polite\" aria-atomic=\"true\"><\/p> <ul><\/ul><\/div>\n<form action=\"\/es\/wp-json\/wp\/v2\/product\/2916#wpcf7-f1653-o1\" method=\"post\" class=\"wpcf7-form init\" novalidate=\"novalidate\" data-status=\"init\" data-trp-original-action=\"\/es\/wp-json\/wp\/v2\/product\/2916#wpcf7-f1653-o1\">\n<div style=\"display: none;\">\n<input type=\"hidden\" name=\"_wpcf7\" value=\"1653\" \/>\n<input type=\"hidden\" name=\"_wpcf7_version\" value=\"5.5.4\" \/>\n<input type=\"hidden\" name=\"_wpcf7_locale\" value=\"en_US\" \/>\n<input type=\"hidden\" name=\"_wpcf7_unit_tag\" value=\"wpcf7-f1653-o1\" \/>\n<input type=\"hidden\" name=\"_wpcf7_container_post\" value=\"0\" \/>\n<input type=\"hidden\" name=\"_wpcf7_posted_data_hash\" value=\"\" \/>\n<\/div>\n<div style='text-align:center;font-size: 1.6rem;font-weight:bold'>Dejar mensaje para precio<\/div>\n<div class='forml1' style='float:left;width:48%; margin-right:4%'>\n<label> Su nombre<br \/>\n    <span class=\"wpcf7-form-control-wrap your-name\"><input type=\"text\" name=\"your-name\" value=\"\" size=\"40\" class=\"wpcf7-form-control wpcf7-text\" aria-invalid=\"false\" \/><\/span> <\/label><\/p>\n<p><label> *Su correo electr\u00f3nico<br \/>\n    <span class=\"wpcf7-form-control-wrap your-email\"><input type=\"email\" name=\"your-email\" value=\"\" size=\"40\" class=\"wpcf7-form-control wpcf7-text wpcf7-email wpcf7-validates-as-required wpcf7-validates-as-email\" aria-required=\"true\" aria-invalid=\"false\" \/><\/span> <\/label><\/p>\n<p><label> Tel\u00e9fono\/WhatsApp<br \/>\n    <span class=\"wpcf7-form-control-wrap text-100\"><input type=\"text\" name=\"text-100\" value=\"\" size=\"40\" class=\"wpcf7-form-control wpcf7-text\" aria-invalid=\"false\" \/><\/span> <\/label><br \/>\n<label> Su pa\u00eds<br \/>\n    <span class=\"wpcf7-form-control-wrap text-677\"><input type=\"text\" name=\"text-677\" value=\"\" size=\"40\" class=\"wpcf7-form-control wpcf7-text\" aria-invalid=\"false\" \/><\/span> <\/label><br \/>\n<label> Nombre de su empresa<br \/>\n    <span class=\"wpcf7-form-control-wrap text-680\"><input type=\"text\" name=\"text-680\" value=\"\" size=\"40\" class=\"wpcf7-form-control wpcf7-text\" aria-invalid=\"false\" \/><\/span> <\/label><br \/>\n<label> Su sitio web<br \/>\n    <span class=\"wpcf7-form-control-wrap text-216\"><input type=\"text\" name=\"text-216\" value=\"\" size=\"40\" class=\"wpcf7-form-control wpcf7-text\" aria-invalid=\"false\" \/><\/span> <\/label>\n<\/div>\n<div class='forml2' style='float:left;width:48%;'>\n<label> *Su mensaje<br \/>\n    <span class=\"wpcf7-form-control-wrap your-message\"><textarea name=\"your-message\" cols=\"40\" rows=\"10\" class=\"wpcf7-form-control wpcf7-textarea wpcf7-validates-as-required\" aria-required=\"true\" aria-invalid=\"false\"><\/textarea><\/span> <\/label><\/p>\n<p><input type=\"submit\" value=\"Enviar\" class=\"wpcf7-form-control has-spinner wpcf7-submit\" \/><\/p>\n<\/div>\n<div style='clear:both'><\/div>\n<p style=\"display: none !important;\"><label>&#916;<textarea name=\"_wpcf7_ak_hp_textarea\" cols=\"45\" rows=\"8\" maxlength=\"100\"><\/textarea><\/label><input type=\"hidden\" id=\"ak_js\" name=\"_wpcf7_ak_js\" value=\"187\"\/><script>document.getElementById( \"ak_js\" ).setAttribute( \"value\", ( new Date() ).getTime() );<\/script><\/p><div class=\"wpcf7-response-output\" aria-hidden=\"true\"><\/div><input type=\"hidden\" name=\"trp-form-language\" value=\"es\"\/><\/form><\/div>\n<div style='text-align:left' class='yasr-auto-insert-visitor'><\/div>","protected":false},"excerpt":{"rendered":"<p>La l\u00ednea de fabricaci\u00f3n de patatas fritas incluye lavar y pelar, cortar en rodajas, enjuagar, escaldar, secar al ari, fre\u00edr, etc.<\/p>","protected":false},"featured_media":2918,"comment_status":"open","ping_status":"closed","template":"","meta":{"extendify_custom_stylesheet":"","site-sidebar-layout":"default","site-content-layout":"default","ast-global-header-display":"","ast-banner-title-visibility":"","ast-main-header-display":"","ast-hfb-above-header-display":"","ast-hfb-below-header-display":"","ast-hfb-mobile-header-display":"","site-post-title":"","ast-breadcrumbs-content":"","ast-featured-img":"","footer-sml-layout":"","theme-transparent-header-meta":"default","adv-header-id-meta":"","stick-header-meta":"","header-above-stick-meta":"","header-main-stick-meta":"","header-below-stick-meta":"","yasr_overall_rating":0,"yasr_post_is_review":"","yasr_auto_insert_disabled":"","yasr_review_type":""},"product_cat":[27],"product_tag":[],"class_list":["post-2916","product","type-product","status-publish","has-post-thumbnail","hentry","product_cat-potato-processing-machines","desktop-align-left","tablet-align-left","mobile-align-left"],"yasr_visitor_votes":{"stars_attributes":{"read_only":false,"span_bottom":false},"number_of_votes":0,"sum_votes":0},"yoast_head":"<!-- This site is optimized with the Yoast SEO plugin v20.11 - https:\/\/yoast.com\/wordpress\/plugins\/seo\/ -->\n<title>Potato Chips Manufacturing Making Line for Chips Factory - Potato Process Machines Supplier<\/title>\n<meta name=\"description\" content=\"The potato chips making line include wash and peel, slice, rinse, blanch, ari dry, fry, etc.\" \/>\n<meta name=\"robots\" content=\"index, follow, max-snippet:-1, max-image-preview:large, max-video-preview:-1\" \/>\n<link rel=\"canonical\" href=\"https:\/\/www.potatoturnkey.com\/es\/product\/potato-chips-making-line\/\" \/>\n<meta property=\"og:locale\" content=\"es_ES\" \/>\n<meta property=\"og:type\" content=\"article\" \/>\n<meta property=\"og:title\" content=\"Potato Chips Manufacturing Making Line for Chips Factory - Potato Process Machines Supplier\" \/>\n<meta property=\"og:description\" content=\"The potato chips making line include wash and peel, slice, rinse, blanch, ari dry, fry, etc.\" \/>\n<meta property=\"og:url\" content=\"https:\/\/www.potatoturnkey.com\/es\/product\/potato-chips-making-line\/\" \/>\n<meta property=\"og:site_name\" content=\"Potato Process Machines Supplier\" \/>\n<meta property=\"article:modified_time\" content=\"2024-02-28T07:17:40+00:00\" \/>\n<meta property=\"og:image\" content=\"https:\/\/www.potatoturnkey.com\/wp-content\/uploads\/2024\/02\/potato-chips-making-line.jpg\" \/>\n\t<meta property=\"og:image:width\" content=\"600\" \/>\n\t<meta property=\"og:image:height\" content=\"600\" \/>\n\t<meta property=\"og:image:type\" content=\"image\/jpeg\" \/>\n<meta name=\"twitter:card\" content=\"summary_large_image\" \/>\n<meta name=\"twitter:label1\" content=\"Tiempo de lectura\" \/>\n\t<meta name=\"twitter:data1\" content=\"1 minuto\" \/>\n<script type=\"application\/ld+json\" class=\"yoast-schema-graph\">{\"@context\":\"https:\/\/schema.org\",\"@graph\":[{\"@type\":\"WebPage\",\"@id\":\"https:\/\/www.potatoturnkey.com\/product\/potato-chips-making-line\/\",\"url\":\"https:\/\/www.potatoturnkey.com\/product\/potato-chips-making-line\/\",\"name\":\"Potato Chips Manufacturing Making Line for Chips Factory - Potato Process Machines Supplier\",\"isPartOf\":{\"@id\":\"https:\/\/www.potatoturnkey.com\/#website\"},\"datePublished\":\"2024-02-28T07:17:39+00:00\",\"dateModified\":\"2024-02-28T07:17:40+00:00\",\"description\":\"The potato chips making line include wash and peel, slice, rinse, blanch, ari dry, fry, etc.\",\"breadcrumb\":{\"@id\":\"https:\/\/www.potatoturnkey.com\/product\/potato-chips-making-line\/#breadcrumb\"},\"inLanguage\":\"es\",\"potentialAction\":[{\"@type\":\"ReadAction\",\"target\":[\"https:\/\/www.potatoturnkey.com\/product\/potato-chips-making-line\/\"]}]},{\"@type\":\"BreadcrumbList\",\"@id\":\"https:\/\/www.potatoturnkey.com\/product\/potato-chips-making-line\/#breadcrumb\",\"itemListElement\":[{\"@type\":\"ListItem\",\"position\":1,\"name\":\"Home\",\"item\":\"https:\/\/www.potatoturnkey.com\/\"},{\"@type\":\"ListItem\",\"position\":2,\"name\":\"Products\",\"item\":\"https:\/\/www.potatoturnkey.com\/shop-2__trashed\/\"},{\"@type\":\"ListItem\",\"position\":3,\"name\":\"Potato Chips Manufacturing Making Line for Chips Factory\"}]},{\"@type\":\"WebSite\",\"@id\":\"https:\/\/www.potatoturnkey.com\/#website\",\"url\":\"https:\/\/www.potatoturnkey.com\/\",\"name\":\"Potato Process Machines Supplier\",\"description\":\"Potato Turnkey Processing Machine Supplier\",\"publisher\":{\"@id\":\"https:\/\/www.potatoturnkey.com\/#organization\"},\"potentialAction\":[{\"@type\":\"SearchAction\",\"target\":{\"@type\":\"EntryPoint\",\"urlTemplate\":\"https:\/\/www.potatoturnkey.com\/?s={search_term_string}\"},\"query-input\":\"required name=search_term_string\"}],\"inLanguage\":\"es\"},{\"@type\":\"Organization\",\"@id\":\"https:\/\/www.potatoturnkey.com\/#organization\",\"name\":\"Potato Process Machines Supplier\",\"url\":\"https:\/\/www.potatoturnkey.com\/\",\"logo\":{\"@type\":\"ImageObject\",\"inLanguage\":\"es\",\"@id\":\"https:\/\/www.potatoturnkey.com\/#\/schema\/logo\/image\/\",\"url\":\"https:\/\/www.potatoturnkey.com\/wp-content\/uploads\/2022\/02\/potato.png\",\"contentUrl\":\"https:\/\/www.potatoturnkey.com\/wp-content\/uploads\/2022\/02\/potato.png\",\"width\":200,\"height\":200,\"caption\":\"Potato Process Machines Supplier\"},\"image\":{\"@id\":\"https:\/\/www.potatoturnkey.com\/#\/schema\/logo\/image\/\"}},false]}<\/script>\n<!-- \/ Yoast SEO plugin. -->","yoast_head_json":{"title":"Potato Chips Manufacturing Making Line for Chips Factory - Potato Process Machines Supplier","description":"The potato chips making line include wash and peel, slice, rinse, blanch, ari dry, fry, etc.","robots":{"index":"index","follow":"follow","max-snippet":"max-snippet:-1","max-image-preview":"max-image-preview:large","max-video-preview":"max-video-preview:-1"},"canonical":"https:\/\/www.potatoturnkey.com\/es\/product\/potato-chips-making-line\/","og_locale":"es_ES","og_type":"article","og_title":"Potato Chips Manufacturing Making Line for Chips Factory - Potato Process Machines Supplier","og_description":"The potato chips making line include wash and peel, slice, rinse, blanch, ari dry, fry, etc.","og_url":"https:\/\/www.potatoturnkey.com\/es\/product\/potato-chips-making-line\/","og_site_name":"Potato Process Machines Supplier","article_modified_time":"2024-02-28T07:17:40+00:00","og_image":[{"width":600,"height":600,"url":"https:\/\/www.potatoturnkey.com\/wp-content\/uploads\/2024\/02\/potato-chips-making-line.jpg","type":"image\/jpeg"}],"twitter_card":"summary_large_image","twitter_misc":{"Tiempo de lectura":"1 minuto"},"schema":{"@context":"https:\/\/schema.org","@graph":[{"@type":"WebPage","@id":"https:\/\/www.potatoturnkey.com\/product\/potato-chips-making-line\/","url":"https:\/\/www.potatoturnkey.com\/product\/potato-chips-making-line\/","name":"Potato Chips Manufacturing Making Line for Chips Factory - Potato Process Machines Supplier","isPartOf":{"@id":"https:\/\/www.potatoturnkey.com\/#website"},"datePublished":"2024-02-28T07:17:39+00:00","dateModified":"2024-02-28T07:17:40+00:00","description":"The potato chips making line include wash and peel, slice, rinse, blanch, ari dry, fry, etc.","breadcrumb":{"@id":"https:\/\/www.potatoturnkey.com\/product\/potato-chips-making-line\/#breadcrumb"},"inLanguage":"es","potentialAction":[{"@type":"ReadAction","target":["https:\/\/www.potatoturnkey.com\/product\/potato-chips-making-line\/"]}]},{"@type":"BreadcrumbList","@id":"https:\/\/www.potatoturnkey.com\/product\/potato-chips-making-line\/#breadcrumb","itemListElement":[{"@type":"ListItem","position":1,"name":"Home","item":"https:\/\/www.potatoturnkey.com\/"},{"@type":"ListItem","position":2,"name":"Products","item":"https:\/\/www.potatoturnkey.com\/shop-2__trashed\/"},{"@type":"ListItem","position":3,"name":"Potato Chips Manufacturing Making Line for Chips Factory"}]},{"@type":"WebSite","@id":"https:\/\/www.potatoturnkey.com\/#website","url":"https:\/\/www.potatoturnkey.com\/","name":"Potato Process Machines Supplier","description":"Potato Turnkey Processing Machine Supplier","publisher":{"@id":"https:\/\/www.potatoturnkey.com\/#organization"},"potentialAction":[{"@type":"SearchAction","target":{"@type":"EntryPoint","urlTemplate":"https:\/\/www.potatoturnkey.com\/?s={search_term_string}"},"query-input":"required name=search_term_string"}],"inLanguage":"es"},{"@type":"Organization","@id":"https:\/\/www.potatoturnkey.com\/#organization","name":"Potato Process Machines Supplier","url":"https:\/\/www.potatoturnkey.com\/","logo":{"@type":"ImageObject","inLanguage":"es","@id":"https:\/\/www.potatoturnkey.com\/#\/schema\/logo\/image\/","url":"https:\/\/www.potatoturnkey.com\/wp-content\/uploads\/2022\/02\/potato.png","contentUrl":"https:\/\/www.potatoturnkey.com\/wp-content\/uploads\/2022\/02\/potato.png","width":200,"height":200,"caption":"Potato Process Machines Supplier"},"image":{"@id":"https:\/\/www.potatoturnkey.com\/#\/schema\/logo\/image\/"}},false]}},"_links":{"self":[{"href":"https:\/\/www.potatoturnkey.com\/es\/wp-json\/wp\/v2\/product\/2916","targetHints":{"allow":["GET"]}}],"collection":[{"href":"https:\/\/www.potatoturnkey.com\/es\/wp-json\/wp\/v2\/product"}],"about":[{"href":"https:\/\/www.potatoturnkey.com\/es\/wp-json\/wp\/v2\/types\/product"}],"replies":[{"embeddable":true,"href":"https:\/\/www.potatoturnkey.com\/es\/wp-json\/wp\/v2\/comments?post=2916"}],"wp:featuredmedia":[{"embeddable":true,"href":"https:\/\/www.potatoturnkey.com\/es\/wp-json\/wp\/v2\/media\/2918"}],"wp:attachment":[{"href":"https:\/\/www.potatoturnkey.com\/es\/wp-json\/wp\/v2\/media?parent=2916"}],"wp:term":[{"taxonomy":"product_cat","embeddable":true,"href":"https:\/\/www.potatoturnkey.com\/es\/wp-json\/wp\/v2\/product_cat?post=2916"},{"taxonomy":"product_tag","embeddable":true,"href":"https:\/\/www.potatoturnkey.com\/es\/wp-json\/wp\/v2\/product_tag?post=2916"}],"curies":[{"name":"wp","href":"https:\/\/api.w.org\/{rel}","templated":true}]}}