{"id":2857,"date":"2023-12-06T15:50:19","date_gmt":"2023-12-06T07:50:19","guid":{"rendered":"https:\/\/www.potatoturnkey.com\/?post_type=product&#038;p=2857"},"modified":"2023-12-06T15:50:20","modified_gmt":"2023-12-06T07:50:20","slug":"frozen-steak-fries-production-line","status":"publish","type":"product","link":"https:\/\/www.potatoturnkey.com\/es\/product\/frozen-steak-fries-production-line\/","title":{"rendered":"L\u00ednea de producci\u00f3n de patatas fritas congeladas a peque\u00f1a escala"},"content":{"rendered":"<p>Presentamos nuestra vanguardista l\u00ednea de producci\u00f3n de patatas fritas congeladas: una soluci\u00f3n avanzada dise\u00f1ada para revolucionar su forma de producir y ofrecer patatas fritas congeladas de alta calidad. Esta avanzada l\u00ednea de producci\u00f3n est\u00e1 dise\u00f1ada con precisi\u00f3n e innovaci\u00f3n, garantizando eficiencia, consistencia y un rendimiento superior.<\/p>\n<p>&nbsp;<\/p>\n<p><strong>Proceso de trabajo de la l\u00ednea de producci\u00f3n de patatas fritas congeladas:<\/strong><\/p>\n<p>pelar\u2192recoger y transportar\u2192cortar\u2192enjuagar\u2192escurrir\u2192escurrir por vibraci\u00f3n\u2192secar al aire\u2192fre\u00edr\u2192desaceitar por vibraci\u00f3n\u2192secar al aire\u2192congelar\u2192envasar<\/p>\n<p><iframe loading=\"lazy\" title=\"Reproductor de v\u00eddeo YouTube\" src=\"https:\/\/www.youtube.com\/embed\/2agwEwNz1j0?si=GyCn-tCRlK-GCOr4\" width=\"800\" height=\"315\" frameborder=\"0\" allowfullscreen=\"allowfullscreen\"><\/iframe><\/p>\n<p><strong>Caracter\u00edsticas de la l\u00ednea de producci\u00f3n de patatas fritas congeladas:<\/strong><\/p>\n<p><strong><b>Sistema de corte automatizado<\/b><\/strong>: Nuestra l\u00ednea de producci\u00f3n cuenta con un sistema de corte automatizado que garantiza la precisi\u00f3n y uniformidad de cada filete frito. Diga adi\u00f3s a las variaciones de tama\u00f1o: nuestra tecnolog\u00eda garantiza siempre patatas fritas perfectamente cortadas.<\/p>\n<p><strong><b>Tecnolog\u00eda de congelaci\u00f3n r\u00e1pida<\/b><\/strong>: La velocidad es importante, y nuestra tecnolog\u00eda de congelaci\u00f3n r\u00e1pida garantiza que sus patatas fritas se congelen r\u00e1pidamente para mantener la frescura y preservar el sabor y la textura naturales. Esto no solo mejora la calidad de su producto, sino que tambi\u00e9n prolonga su vida \u00fatil.<\/p>\n<p><strong><b>Opciones de personalizaci\u00f3n<\/b><\/strong>: La adaptabilidad es crucial en la industria alimentaria, y nuestra l\u00ednea de producci\u00f3n ofrece flexibilidad para satisfacer sus necesidades espec\u00edficas. Ajuste sin esfuerzo el grosor, la longitud y otros par\u00e1metros para satisfacer las diversas demandas del mercado.<\/p>\n<p><strong><b>Dise\u00f1o energ\u00e9ticamente eficiente<\/b><\/strong>: Somos conscientes de la importancia de la sostenibilidad. Nuestra l\u00ednea de producci\u00f3n est\u00e1 dise\u00f1ada con caracter\u00edsticas de eficiencia energ\u00e9tica para minimizar el impacto medioambiental y mantener al mismo tiempo un rendimiento \u00f3ptimo.<\/p>\n<p><strong><b>Construcci\u00f3n higi\u00e9nica<\/b><\/strong>: La seguridad alimentaria no es negociable. Nuestra l\u00ednea de producci\u00f3n de patatas fritas est\u00e1 construida con materiales f\u00e1ciles de limpiar y dise\u00f1ada para cumplir las normas de higiene m\u00e1s estrictas. Esto garantiza que sus patatas fritas congeladas no solo sean deliciosas, sino tambi\u00e9n seguras para el consumo.<\/p>\n<p><strong><b>Interfaz f\u00e1cil de usar<\/b><\/strong>: El manejo de la l\u00ednea de producci\u00f3n es muy sencillo gracias a nuestra interfaz f\u00e1cil de usar. Los controles intuitivos y la pantalla t\u00e1ctil facilitan al personal la gesti\u00f3n eficaz de todo el proceso.<\/p>\n<p><strong><b>Gran capacidad de producci\u00f3n<\/b><\/strong>: Tanto si se trata de una peque\u00f1a empresa como de una operaci\u00f3n a gran escala, nuestra l\u00ednea de producci\u00f3n est\u00e1 equipada para manejar grandes vol\u00famenes sin comprometer la calidad. Aumente su producci\u00f3n y satisfaga las demandas del mercado sin esfuerzo.<\/p>\n<p><img loading=\"lazy\" decoding=\"async\" class=\"alignnone size-full wp-image-2858\" src=\"https:\/\/www.potatoturnkey.com\/wp-content\/uploads\/2023\/12\/frozen-steak-fries-production-line.jpg\" alt=\"l\u00ednea de producci\u00f3n de patatas fritas congeladas\" width=\"800\" height=\"600\" srcset=\"https:\/\/www.potatoturnkey.com\/wp-content\/uploads\/2023\/12\/frozen-steak-fries-production-line.jpg 800w, https:\/\/www.potatoturnkey.com\/wp-content\/uploads\/2023\/12\/frozen-steak-fries-production-line-300x225.jpg 300w, https:\/\/www.potatoturnkey.com\/wp-content\/uploads\/2023\/12\/frozen-steak-fries-production-line-768x576.jpg 768w, https:\/\/www.potatoturnkey.com\/wp-content\/uploads\/2023\/12\/frozen-steak-fries-production-line-600x450.jpg 600w\" sizes=\"auto, (max-width: 800px) 100vw, 800px\" \/><\/p>\n<p><strong>Beneficios de la l\u00ednea de producci\u00f3n de patatas fritas:<\/strong><\/p>\n<ul>\n<li>Calidad constante: Los procesos automatizados garantizan que cada lote de patatas fritas para filete cumpla los m\u00e1s altos est\u00e1ndares de calidad, proporcionando a sus clientes una experiencia gastron\u00f3mica fiable y agradable.<\/li>\n<li>Rentabilidad: Agilice su proceso de producci\u00f3n y reduzca los costes de mano de obra con nuestra eficiente y automatizada l\u00ednea de producci\u00f3n. Maximice el retorno de la inversi\u00f3n manteniendo la excelencia en sus productos.<\/li>\n<li>Competitividad en el mercado: Mant\u00e9ngase a la cabeza del mercado ofreciendo patatas fritas congeladas de alta calidad. Nuestra l\u00ednea de producci\u00f3n le da la ventaja necesaria para destacar y captar la preferencia de los consumidores.<\/li>\n<\/ul>\n<div role=\"form\" class=\"wpcf7\" id=\"wpcf7-f1653-o1\" lang=\"en-US\" dir=\"ltr\">\n<div class=\"screen-reader-response\"><p role=\"status\" aria-live=\"polite\" aria-atomic=\"true\"><\/p> <ul><\/ul><\/div>\n<form action=\"\/es\/wp-json\/wp\/v2\/product\/2857#wpcf7-f1653-o1\" method=\"post\" class=\"wpcf7-form init\" novalidate=\"novalidate\" data-status=\"init\" data-trp-original-action=\"\/es\/wp-json\/wp\/v2\/product\/2857#wpcf7-f1653-o1\">\n<div style=\"display: none;\">\n<input type=\"hidden\" name=\"_wpcf7\" value=\"1653\" \/>\n<input type=\"hidden\" name=\"_wpcf7_version\" value=\"5.5.4\" \/>\n<input type=\"hidden\" name=\"_wpcf7_locale\" value=\"en_US\" \/>\n<input type=\"hidden\" name=\"_wpcf7_unit_tag\" value=\"wpcf7-f1653-o1\" \/>\n<input type=\"hidden\" name=\"_wpcf7_container_post\" value=\"0\" \/>\n<input type=\"hidden\" name=\"_wpcf7_posted_data_hash\" value=\"\" \/>\n<\/div>\n<div style='text-align:center;font-size: 1.6rem;font-weight:bold'>Dejar mensaje para precio<\/div>\n<div class='forml1' style='float:left;width:48%; margin-right:4%'>\n<label> Su nombre<br \/>\n    <span class=\"wpcf7-form-control-wrap your-name\"><input type=\"text\" name=\"your-name\" value=\"\" size=\"40\" class=\"wpcf7-form-control wpcf7-text\" aria-invalid=\"false\" \/><\/span> <\/label><\/p>\n<p><label> *Su correo electr\u00f3nico<br \/>\n    <span class=\"wpcf7-form-control-wrap your-email\"><input type=\"email\" name=\"your-email\" value=\"\" size=\"40\" class=\"wpcf7-form-control wpcf7-text wpcf7-email wpcf7-validates-as-required wpcf7-validates-as-email\" aria-required=\"true\" aria-invalid=\"false\" \/><\/span> <\/label><\/p>\n<p><label> Tel\u00e9fono\/WhatsApp<br \/>\n    <span class=\"wpcf7-form-control-wrap text-100\"><input type=\"text\" name=\"text-100\" value=\"\" size=\"40\" class=\"wpcf7-form-control wpcf7-text\" aria-invalid=\"false\" \/><\/span> <\/label><br \/>\n<label> Su pa\u00eds<br \/>\n    <span class=\"wpcf7-form-control-wrap text-677\"><input type=\"text\" name=\"text-677\" value=\"\" size=\"40\" class=\"wpcf7-form-control wpcf7-text\" aria-invalid=\"false\" \/><\/span> <\/label><br \/>\n<label> Nombre de su empresa<br \/>\n    <span class=\"wpcf7-form-control-wrap text-680\"><input type=\"text\" name=\"text-680\" value=\"\" size=\"40\" class=\"wpcf7-form-control wpcf7-text\" aria-invalid=\"false\" \/><\/span> <\/label><br \/>\n<label> Su sitio web<br \/>\n    <span class=\"wpcf7-form-control-wrap text-216\"><input type=\"text\" name=\"text-216\" value=\"\" size=\"40\" class=\"wpcf7-form-control wpcf7-text\" aria-invalid=\"false\" \/><\/span> <\/label>\n<\/div>\n<div class='forml2' style='float:left;width:48%;'>\n<label> *Su mensaje<br \/>\n    <span class=\"wpcf7-form-control-wrap your-message\"><textarea name=\"your-message\" cols=\"40\" rows=\"10\" class=\"wpcf7-form-control wpcf7-textarea wpcf7-validates-as-required\" aria-required=\"true\" aria-invalid=\"false\"><\/textarea><\/span> <\/label><\/p>\n<p><input type=\"submit\" value=\"Enviar\" class=\"wpcf7-form-control has-spinner wpcf7-submit\" \/><\/p>\n<\/div>\n<div style='clear:both'><\/div>\n<p style=\"display: none !important;\"><label>&#916;<textarea name=\"_wpcf7_ak_hp_textarea\" cols=\"45\" rows=\"8\" maxlength=\"100\"><\/textarea><\/label><input type=\"hidden\" id=\"ak_js\" name=\"_wpcf7_ak_js\" value=\"136\"\/><script>document.getElementById( \"ak_js\" ).setAttribute( \"value\", ( new Date() ).getTime() );<\/script><\/p><div class=\"wpcf7-response-output\" aria-hidden=\"true\"><\/div><input type=\"hidden\" name=\"trp-form-language\" value=\"es\"\/><\/form><\/div>\n<div style='text-align:left' class='yasr-auto-insert-visitor'><\/div>","protected":false},"excerpt":{"rendered":"<p>La l\u00ednea de producci\u00f3n de patatas fritas congeladas incluye pelado, recogida y transporte, corte, aclarado, escaldado, escurrido por vibraci\u00f3n, secado al aire, fritura, desaceitado por vibraci\u00f3n, secado al aire, congelaci\u00f3n, etc.<\/p>","protected":false},"featured_media":2859,"comment_status":"open","ping_status":"closed","template":"","meta":{"extendify_custom_stylesheet":"","site-sidebar-layout":"default","site-content-layout":"default","ast-global-header-display":"","ast-banner-title-visibility":"","ast-main-header-display":"","ast-hfb-above-header-display":"","ast-hfb-below-header-display":"","ast-hfb-mobile-header-display":"","site-post-title":"","ast-breadcrumbs-content":"","ast-featured-img":"","footer-sml-layout":"","theme-transparent-header-meta":"default","adv-header-id-meta":"","stick-header-meta":"","header-above-stick-meta":"","header-main-stick-meta":"","header-below-stick-meta":"","yasr_overall_rating":0,"yasr_post_is_review":"","yasr_auto_insert_disabled":"","yasr_review_type":""},"product_cat":[25],"product_tag":[],"class_list":["post-2857","product","type-product","status-publish","has-post-thumbnail","hentry","product_cat-potato-solutions","desktop-align-left","tablet-align-left","mobile-align-left"],"yasr_visitor_votes":{"stars_attributes":{"read_only":false,"span_bottom":false},"number_of_votes":0,"sum_votes":0},"yoast_head":"<!-- This site is optimized with the Yoast SEO plugin v20.11 - https:\/\/yoast.com\/wordpress\/plugins\/seo\/ -->\n<title>Small Scale Frozen Steak Fries Production Line - Potato Process Machines Supplier<\/title>\n<meta name=\"description\" content=\"The frozen steak fries production line include peeling, picking and conveying, cutting, rinsing, blanching, vibration draining, air drying, frying, vibration deoiling, air drying, freezing, etc.\" \/>\n<meta name=\"robots\" content=\"index, follow, max-snippet:-1, max-image-preview:large, max-video-preview:-1\" \/>\n<link rel=\"canonical\" href=\"https:\/\/www.potatoturnkey.com\/es\/product\/frozen-steak-fries-production-line\/\" \/>\n<meta property=\"og:locale\" content=\"es_ES\" \/>\n<meta property=\"og:type\" content=\"article\" \/>\n<meta property=\"og:title\" content=\"Small Scale Frozen Steak Fries Production Line - Potato Process Machines Supplier\" \/>\n<meta property=\"og:description\" content=\"The frozen steak fries production line include peeling, picking and conveying, cutting, rinsing, blanching, vibration draining, air drying, frying, vibration deoiling, air drying, freezing, etc.\" \/>\n<meta property=\"og:url\" content=\"https:\/\/www.potatoturnkey.com\/es\/product\/frozen-steak-fries-production-line\/\" \/>\n<meta property=\"og:site_name\" content=\"Potato Process Machines Supplier\" \/>\n<meta property=\"article:modified_time\" content=\"2023-12-06T07:50:20+00:00\" \/>\n<meta property=\"og:image\" content=\"https:\/\/www.potatoturnkey.com\/wp-content\/uploads\/2023\/12\/steak-fries-production-line.jpg\" \/>\n\t<meta property=\"og:image:width\" content=\"600\" \/>\n\t<meta property=\"og:image:height\" content=\"600\" \/>\n\t<meta property=\"og:image:type\" content=\"image\/jpeg\" \/>\n<meta name=\"twitter:card\" content=\"summary_large_image\" \/>\n<meta name=\"twitter:label1\" content=\"Tiempo de lectura\" \/>\n\t<meta name=\"twitter:data1\" content=\"2 minutos\" \/>\n<script type=\"application\/ld+json\" class=\"yoast-schema-graph\">{\"@context\":\"https:\/\/schema.org\",\"@graph\":[{\"@type\":\"WebPage\",\"@id\":\"https:\/\/www.potatoturnkey.com\/product\/frozen-steak-fries-production-line\/\",\"url\":\"https:\/\/www.potatoturnkey.com\/product\/frozen-steak-fries-production-line\/\",\"name\":\"Small Scale Frozen Steak Fries Production Line - Potato Process Machines Supplier\",\"isPartOf\":{\"@id\":\"https:\/\/www.potatoturnkey.com\/#website\"},\"datePublished\":\"2023-12-06T07:50:19+00:00\",\"dateModified\":\"2023-12-06T07:50:20+00:00\",\"description\":\"The frozen steak fries production line include peeling, picking and conveying, cutting, rinsing, blanching, vibration draining, air drying, frying, vibration deoiling, air drying, freezing, etc.\",\"breadcrumb\":{\"@id\":\"https:\/\/www.potatoturnkey.com\/product\/frozen-steak-fries-production-line\/#breadcrumb\"},\"inLanguage\":\"es\",\"potentialAction\":[{\"@type\":\"ReadAction\",\"target\":[\"https:\/\/www.potatoturnkey.com\/product\/frozen-steak-fries-production-line\/\"]}]},{\"@type\":\"BreadcrumbList\",\"@id\":\"https:\/\/www.potatoturnkey.com\/product\/frozen-steak-fries-production-line\/#breadcrumb\",\"itemListElement\":[{\"@type\":\"ListItem\",\"position\":1,\"name\":\"Home\",\"item\":\"https:\/\/www.potatoturnkey.com\/\"},{\"@type\":\"ListItem\",\"position\":2,\"name\":\"Products\",\"item\":\"https:\/\/www.potatoturnkey.com\/shop-2__trashed\/\"},{\"@type\":\"ListItem\",\"position\":3,\"name\":\"Small Scale Frozen Steak Fries Production Line\"}]},{\"@type\":\"WebSite\",\"@id\":\"https:\/\/www.potatoturnkey.com\/#website\",\"url\":\"https:\/\/www.potatoturnkey.com\/\",\"name\":\"Potato Process Machines Supplier\",\"description\":\"Potato Turnkey Processing Machine Supplier\",\"publisher\":{\"@id\":\"https:\/\/www.potatoturnkey.com\/#organization\"},\"potentialAction\":[{\"@type\":\"SearchAction\",\"target\":{\"@type\":\"EntryPoint\",\"urlTemplate\":\"https:\/\/www.potatoturnkey.com\/?s={search_term_string}\"},\"query-input\":\"required name=search_term_string\"}],\"inLanguage\":\"es\"},{\"@type\":\"Organization\",\"@id\":\"https:\/\/www.potatoturnkey.com\/#organization\",\"name\":\"Potato Process Machines Supplier\",\"url\":\"https:\/\/www.potatoturnkey.com\/\",\"logo\":{\"@type\":\"ImageObject\",\"inLanguage\":\"es\",\"@id\":\"https:\/\/www.potatoturnkey.com\/#\/schema\/logo\/image\/\",\"url\":\"https:\/\/www.potatoturnkey.com\/wp-content\/uploads\/2022\/02\/potato.png\",\"contentUrl\":\"https:\/\/www.potatoturnkey.com\/wp-content\/uploads\/2022\/02\/potato.png\",\"width\":200,\"height\":200,\"caption\":\"Potato Process Machines Supplier\"},\"image\":{\"@id\":\"https:\/\/www.potatoturnkey.com\/#\/schema\/logo\/image\/\"}},false]}<\/script>\n<!-- \/ Yoast SEO plugin. -->","yoast_head_json":{"title":"Small Scale Frozen Steak Fries Production Line - Potato Process Machines Supplier","description":"The frozen steak fries production line include peeling, picking and conveying, cutting, rinsing, blanching, vibration draining, air drying, frying, vibration deoiling, air drying, freezing, etc.","robots":{"index":"index","follow":"follow","max-snippet":"max-snippet:-1","max-image-preview":"max-image-preview:large","max-video-preview":"max-video-preview:-1"},"canonical":"https:\/\/www.potatoturnkey.com\/es\/product\/frozen-steak-fries-production-line\/","og_locale":"es_ES","og_type":"article","og_title":"Small Scale Frozen Steak Fries Production Line - Potato Process Machines Supplier","og_description":"The frozen steak fries production line include peeling, picking and conveying, cutting, rinsing, blanching, vibration draining, air drying, frying, vibration deoiling, air drying, freezing, etc.","og_url":"https:\/\/www.potatoturnkey.com\/es\/product\/frozen-steak-fries-production-line\/","og_site_name":"Potato Process Machines Supplier","article_modified_time":"2023-12-06T07:50:20+00:00","og_image":[{"width":600,"height":600,"url":"https:\/\/www.potatoturnkey.com\/wp-content\/uploads\/2023\/12\/steak-fries-production-line.jpg","type":"image\/jpeg"}],"twitter_card":"summary_large_image","twitter_misc":{"Tiempo de lectura":"2 minutos"},"schema":{"@context":"https:\/\/schema.org","@graph":[{"@type":"WebPage","@id":"https:\/\/www.potatoturnkey.com\/product\/frozen-steak-fries-production-line\/","url":"https:\/\/www.potatoturnkey.com\/product\/frozen-steak-fries-production-line\/","name":"Small Scale Frozen Steak Fries Production Line - Potato Process Machines Supplier","isPartOf":{"@id":"https:\/\/www.potatoturnkey.com\/#website"},"datePublished":"2023-12-06T07:50:19+00:00","dateModified":"2023-12-06T07:50:20+00:00","description":"The frozen steak fries production line include peeling, picking and conveying, cutting, rinsing, blanching, vibration draining, air drying, frying, vibration deoiling, air drying, freezing, etc.","breadcrumb":{"@id":"https:\/\/www.potatoturnkey.com\/product\/frozen-steak-fries-production-line\/#breadcrumb"},"inLanguage":"es","potentialAction":[{"@type":"ReadAction","target":["https:\/\/www.potatoturnkey.com\/product\/frozen-steak-fries-production-line\/"]}]},{"@type":"BreadcrumbList","@id":"https:\/\/www.potatoturnkey.com\/product\/frozen-steak-fries-production-line\/#breadcrumb","itemListElement":[{"@type":"ListItem","position":1,"name":"Home","item":"https:\/\/www.potatoturnkey.com\/"},{"@type":"ListItem","position":2,"name":"Products","item":"https:\/\/www.potatoturnkey.com\/shop-2__trashed\/"},{"@type":"ListItem","position":3,"name":"Small Scale Frozen Steak Fries Production Line"}]},{"@type":"WebSite","@id":"https:\/\/www.potatoturnkey.com\/#website","url":"https:\/\/www.potatoturnkey.com\/","name":"Potato Process Machines Supplier","description":"Potato Turnkey Processing Machine Supplier","publisher":{"@id":"https:\/\/www.potatoturnkey.com\/#organization"},"potentialAction":[{"@type":"SearchAction","target":{"@type":"EntryPoint","urlTemplate":"https:\/\/www.potatoturnkey.com\/?s={search_term_string}"},"query-input":"required name=search_term_string"}],"inLanguage":"es"},{"@type":"Organization","@id":"https:\/\/www.potatoturnkey.com\/#organization","name":"Potato Process Machines Supplier","url":"https:\/\/www.potatoturnkey.com\/","logo":{"@type":"ImageObject","inLanguage":"es","@id":"https:\/\/www.potatoturnkey.com\/#\/schema\/logo\/image\/","url":"https:\/\/www.potatoturnkey.com\/wp-content\/uploads\/2022\/02\/potato.png","contentUrl":"https:\/\/www.potatoturnkey.com\/wp-content\/uploads\/2022\/02\/potato.png","width":200,"height":200,"caption":"Potato Process Machines Supplier"},"image":{"@id":"https:\/\/www.potatoturnkey.com\/#\/schema\/logo\/image\/"}},false]}},"_links":{"self":[{"href":"https:\/\/www.potatoturnkey.com\/es\/wp-json\/wp\/v2\/product\/2857","targetHints":{"allow":["GET"]}}],"collection":[{"href":"https:\/\/www.potatoturnkey.com\/es\/wp-json\/wp\/v2\/product"}],"about":[{"href":"https:\/\/www.potatoturnkey.com\/es\/wp-json\/wp\/v2\/types\/product"}],"replies":[{"embeddable":true,"href":"https:\/\/www.potatoturnkey.com\/es\/wp-json\/wp\/v2\/comments?post=2857"}],"wp:featuredmedia":[{"embeddable":true,"href":"https:\/\/www.potatoturnkey.com\/es\/wp-json\/wp\/v2\/media\/2859"}],"wp:attachment":[{"href":"https:\/\/www.potatoturnkey.com\/es\/wp-json\/wp\/v2\/media?parent=2857"}],"wp:term":[{"taxonomy":"product_cat","embeddable":true,"href":"https:\/\/www.potatoturnkey.com\/es\/wp-json\/wp\/v2\/product_cat?post=2857"},{"taxonomy":"product_tag","embeddable":true,"href":"https:\/\/www.potatoturnkey.com\/es\/wp-json\/wp\/v2\/product_tag?post=2857"}],"curies":[{"name":"wp","href":"https:\/\/api.w.org\/{rel}","templated":true}]}}