{"id":2715,"date":"2022-05-25T18:27:10","date_gmt":"2022-05-25T10:27:10","guid":{"rendered":"https:\/\/www.potatoturnkey.com\/?post_type=product&#038;p=2715"},"modified":"2023-07-20T17:41:52","modified_gmt":"2023-07-20T09:41:52","slug":"automatic-frozen-fries-line","status":"publish","type":"product","link":"https:\/\/www.potatoturnkey.com\/es\/product\/automatic-frozen-fries-line\/","title":{"rendered":"500Kg\/H L\u00ednea de producci\u00f3n autom\u00e1tica de patatas fritas congeladas"},"content":{"rendered":"<p>Las l\u00edneas autom\u00e1ticas de producci\u00f3n de papas fritas congeladas con diferentes capacidades de procesamiento proporcionadas por nuestra empresa pueden ser dise\u00f1adas y ajustadas de acuerdo a las necesidades reales de los clientes. Las capacidades de procesamiento comunes son: 100kg\/h, 300kg\/h, 500kg\/h. 800kg\/h, 1000kg\/h,<\/p>\n<ul>\n<li>Materia prima: patatas frescas<\/li>\n<li>El proceso t\u00e9cnico de la l\u00ednea de producci\u00f3n de patatas fritas congeladas: selecci\u00f3n \u2192 limpieza\u2192peeling\u2192corte\u2192blanqueo\u2192enfriamiento\u2192drenaje\u2192fritura\u2192deoiling\u2192congelaci\u00f3n r\u00e1pida\u2192envasado<\/li>\n<li>La composici\u00f3n de las m\u00e1quinas para patatas fritas congeladas: m\u00e1quina limpiadora de burbujas, peladora, cortadora de tiras, escaldadora continua, secadora al aire, freidora, desengrasadora, congeladora r\u00e1pida, etc.<\/li>\n<\/ul>\n<p><img loading=\"lazy\" decoding=\"async\" class=\"alignnone size-full wp-image-2720\" src=\"https:\/\/www.potatoturnkey.com\/wp-content\/uploads\/2022\/05\/5.jpg\" alt=\"proceso de producci\u00f3n de patatas fritas ultracongeladas\" width=\"850\" height=\"600\" srcset=\"https:\/\/www.potatoturnkey.com\/wp-content\/uploads\/2022\/05\/5.jpg 850w, https:\/\/www.potatoturnkey.com\/wp-content\/uploads\/2022\/05\/5-300x212.jpg 300w, https:\/\/www.potatoturnkey.com\/wp-content\/uploads\/2022\/05\/5-768x542.jpg 768w, https:\/\/www.potatoturnkey.com\/wp-content\/uploads\/2022\/05\/5-600x424.jpg 600w\" sizes=\"auto, (max-width: 850px) 100vw, 850px\" \/><\/p>\n<h2><strong><b>M\u00e1quina Introducci\u00f3n De<\/b><\/strong><strong><b>\u00a0Planta de procesamiento de patatas fritas congeladas<\/b><\/strong><\/h2>\n<ol>\n<li>Elevador de patatas: Levanta autom\u00e1ticamente las patatas, lo que resulta c\u00f3modo y r\u00e1pido.<\/li>\n<li>M\u00e1quina limpiadora y peladora de patatas: se utiliza una m\u00e1quina peladora y limpiadora de cepillos de patatas totalmente autom\u00e1tica para lograr el pelado y la limpieza al mismo tiempo.<\/li>\n<li>M\u00e1quina cortadora: cortadora autom\u00e1tica de patatas fritas, el tama\u00f1o de corte de las patatas fritas se puede ajustar.<\/li>\n<li>Transportador: Transporta las patatas fritas cortadas a la m\u00e1quina de escaldado.<\/li>\n<li>M\u00e1quina de escaldado: Lavar el exceso de almid\u00f3n en la superficie de las patatas fritas para evitar la oxidaci\u00f3n.<\/li>\n<li>Escurridor vibratorio: Despu\u00e9s del escaldado, es necesario eliminar la humedad superficial.<\/li>\n<li>M\u00e1quina freidora de patatas fritas: m\u00e1quina autom\u00e1tica de fritura continua, que puede realizar la fritura autom\u00e1tica de patatas fritas, con buen color y sabor crujiente despu\u00e9s de la fritura.<\/li>\n<li>Vaciador de aceite vibratorio: Vibra para eliminar el exceso de aceite.<\/li>\n<li>Enfriamiento y refrigeraci\u00f3n por aire: Enfr\u00eda las patatas fritas lo suficiente para que puedan entrar en el congelador.<\/li>\n<li>Congelador de patatas fritas: Congelaci\u00f3n r\u00e1pida en el congelador de patatas fritas.<\/li>\n<li>Envasadora de patatas fritas congeladas: seg\u00fan los requisitos del cliente, el envasado de las patatas fritas ultracongeladas es totalmente autom\u00e1tico.<\/li>\n<\/ol>\n<h2><strong><b>V\u00eddeo de trabajo<\/b><\/strong><strong><b>\u00a0De <\/b><\/strong><strong><b>L\u00ednea autom\u00e1tica de patatas fritas congeladas<\/b><\/strong><\/h2>\n<p>A continuaci\u00f3n se muestra el v\u00eddeo de funcionamiento de esta planta de procesamiento de patatas fritas congeladas. Se puede ver en el video que esta l\u00ednea de producci\u00f3n tiene muy buena eficiencia de producci\u00f3n. Es muy eficiente para procesar patatas, lo que puede reducir eficazmente los costes de mano de obra y los costes de producci\u00f3n.<\/p>\n<p><iframe loading=\"lazy\" title=\"Reproductor de v\u00eddeo YouTube\" src=\"https:\/\/www.youtube.com\/embed\/AjGC0UK8wDA\" width=\"800\" height=\"475.5\" frameborder=\"0\" allowfullscreen=\"allowfullscreen\"><span data-mce-type=\"bookmark\" style=\"display: inline-block; width: 0px; overflow: hidden; line-height: 0;\" class=\"mce_SELRES_start\">El pr\u00f3ximo fin de semana se abrir\u00e1 la nueva tienda de comestibles.<\/span><\/iframe><\/p>\n<h2><strong><b>Caracter\u00edsticas <\/b><\/strong><strong><b>M\u00e1quina para patatas fritas congeladas<\/b><\/strong><\/h2>\n<ol>\n<li>Funcionamiento totalmente autom\u00e1tico, operaci\u00f3n simple, f\u00e1cil de usar y menor tasa de fallos.<\/li>\n<li>El material de cada m\u00e1quina es excelente y tiene una larga vida \u00fatil.<\/li>\n<li>Ofrezca soluciones de dise\u00f1o personalizadas de forma gratuita.<\/li>\n<li>La calidad del producto acabado despu\u00e9s de la congelaci\u00f3n es muy buena, y es una l\u00ednea de producci\u00f3n de patatas fritas congeladas ideal.<\/li>\n<\/ol>\n<p>Si desea obtener m\u00e1s detalles acerca de esta l\u00ednea autom\u00e1tica para papas fritas congeladas y una cotizaci\u00f3n gratuita, por favor cont\u00e1ctenos y se la enviaremos lo antes posible.<\/p>\n<div class=\"main-section-capital pronb-tit\">\n<h2>Datos t\u00e9cnicos<\/h2>\n<\/div>\n<div class=\"product-module-intro\">\n<table border=\"1\" cellspacing=\"1\" cellpadding=\"1\">\n<tbody>\n<tr>\n<td>Nombre del producto<\/td>\n<td>L\u00ednea de producci\u00f3n de patatas fritas congeladas<\/td>\n<\/tr>\n<tr>\n<td>Producto final<\/td>\n<td>Patatas fritas congeladas<\/td>\n<\/tr>\n<tr>\n<td>Materia prima<\/td>\n<td>Patatas frescas<\/td>\n<\/tr>\n<tr>\n<td>Capacidad<\/td>\n<td>200 kg\/h(Se puede personalizar)<\/td>\n<\/tr>\n<tr>\n<td>Taller<\/td>\n<td>&gt;300m2, altura&gt;4m<\/td>\n<\/tr>\n<tr>\n<td>Tensi\u00f3n<\/td>\n<td>380\/50Hz\/3Fase<\/td>\n<\/tr>\n<tr>\n<td>Potencia<\/td>\n<td>250kw(Personalizado)<\/td>\n<\/tr>\n<tr>\n<td>Trabajadores<\/td>\n<td>6-8 trabajadores<\/td>\n<\/tr>\n<tr>\n<td>Calefacci\u00f3n<\/td>\n<td>Gas (se puede personalizar la electricidad)<\/td>\n<\/tr>\n<\/tbody>\n<\/table>\n<\/div>\n<div role=\"form\" class=\"wpcf7\" id=\"wpcf7-f1653-o1\" lang=\"en-US\" dir=\"ltr\">\n<div class=\"screen-reader-response\"><p role=\"status\" aria-live=\"polite\" aria-atomic=\"true\"><\/p> <ul><\/ul><\/div>\n<form action=\"\/es\/wp-json\/wp\/v2\/product\/2715#wpcf7-f1653-o1\" method=\"post\" class=\"wpcf7-form init\" novalidate=\"novalidate\" data-status=\"init\" data-trp-original-action=\"\/es\/wp-json\/wp\/v2\/product\/2715#wpcf7-f1653-o1\">\n<div style=\"display: none;\">\n<input type=\"hidden\" name=\"_wpcf7\" value=\"1653\" \/>\n<input type=\"hidden\" name=\"_wpcf7_version\" value=\"5.5.4\" \/>\n<input type=\"hidden\" name=\"_wpcf7_locale\" value=\"en_US\" \/>\n<input type=\"hidden\" name=\"_wpcf7_unit_tag\" value=\"wpcf7-f1653-o1\" \/>\n<input type=\"hidden\" name=\"_wpcf7_container_post\" value=\"0\" \/>\n<input type=\"hidden\" name=\"_wpcf7_posted_data_hash\" value=\"\" \/>\n<\/div>\n<div style='text-align:center;font-size: 1.6rem;font-weight:bold'>Dejar mensaje para precio<\/div>\n<div class='forml1' style='float:left;width:48%; margin-right:4%'>\n<label> Su nombre<br \/>\n    <span class=\"wpcf7-form-control-wrap your-name\"><input type=\"text\" name=\"your-name\" value=\"\" size=\"40\" class=\"wpcf7-form-control wpcf7-text\" aria-invalid=\"false\" \/><\/span> <\/label><\/p>\n<p><label> *Su correo electr\u00f3nico<br \/>\n    <span class=\"wpcf7-form-control-wrap your-email\"><input type=\"email\" name=\"your-email\" value=\"\" size=\"40\" class=\"wpcf7-form-control wpcf7-text wpcf7-email wpcf7-validates-as-required wpcf7-validates-as-email\" aria-required=\"true\" aria-invalid=\"false\" \/><\/span> <\/label><\/p>\n<p><label> Tel\u00e9fono\/WhatsApp<br \/>\n    <span class=\"wpcf7-form-control-wrap text-100\"><input type=\"text\" name=\"text-100\" value=\"\" size=\"40\" class=\"wpcf7-form-control wpcf7-text\" aria-invalid=\"false\" \/><\/span> <\/label><br \/>\n<label> Su pa\u00eds<br \/>\n    <span class=\"wpcf7-form-control-wrap text-677\"><input type=\"text\" name=\"text-677\" value=\"\" size=\"40\" class=\"wpcf7-form-control wpcf7-text\" aria-invalid=\"false\" \/><\/span> <\/label><br \/>\n<label> Nombre de su empresa<br \/>\n    <span class=\"wpcf7-form-control-wrap text-680\"><input type=\"text\" name=\"text-680\" value=\"\" size=\"40\" class=\"wpcf7-form-control wpcf7-text\" aria-invalid=\"false\" \/><\/span> <\/label><br \/>\n<label> Su sitio web<br \/>\n    <span class=\"wpcf7-form-control-wrap text-216\"><input type=\"text\" name=\"text-216\" value=\"\" size=\"40\" class=\"wpcf7-form-control wpcf7-text\" aria-invalid=\"false\" \/><\/span> <\/label>\n<\/div>\n<div class='forml2' style='float:left;width:48%;'>\n<label> *Su mensaje<br \/>\n    <span class=\"wpcf7-form-control-wrap your-message\"><textarea name=\"your-message\" cols=\"40\" rows=\"10\" class=\"wpcf7-form-control wpcf7-textarea wpcf7-validates-as-required\" aria-required=\"true\" aria-invalid=\"false\"><\/textarea><\/span> <\/label><\/p>\n<p><input type=\"submit\" value=\"Enviar\" class=\"wpcf7-form-control has-spinner wpcf7-submit\" \/><\/p>\n<\/div>\n<div style='clear:both'><\/div>\n<p style=\"display: none !important;\"><label>&#916;<textarea name=\"_wpcf7_ak_hp_textarea\" cols=\"45\" rows=\"8\" maxlength=\"100\"><\/textarea><\/label><input type=\"hidden\" id=\"ak_js\" name=\"_wpcf7_ak_js\" value=\"27\"\/><script>document.getElementById( \"ak_js\" ).setAttribute( \"value\", ( new Date() ).getTime() );<\/script><\/p><div class=\"wpcf7-response-output\" aria-hidden=\"true\"><\/div><input type=\"hidden\" name=\"trp-form-language\" value=\"es\"\/><\/form><\/div>\n<div style='text-align:left' class='yasr-auto-insert-visitor'><\/div>","protected":false},"excerpt":{"rendered":"<ul>\n<li>Materia prima: patatas frescas<\/li>\n<li>El proceso t\u00e9cnico de la l\u00ednea de producci\u00f3n de patatas fritas congeladas: selecci\u00f3n \u2192 limpieza\u2192peeling\u2192corte\u2192blanqueo\u2192enfriamiento\u2192drenaje\u2192fritura\u2192deoiling\u2192congelaci\u00f3n r\u00e1pida\u2192envasado<\/li>\n<li>La composici\u00f3n de las m\u00e1quinas para patatas fritas congeladas: m\u00e1quina limpiadora de burbujas, peladora, cortadora de tiras, escaldadora continua, secadora al aire, freidora, desengrasadora, congeladora r\u00e1pida, etc.<\/li>\n<\/ul>","protected":false},"featured_media":2717,"comment_status":"open","ping_status":"closed","template":"","meta":{"extendify_custom_stylesheet":"","site-sidebar-layout":"default","site-content-layout":"default","ast-global-header-display":"","ast-banner-title-visibility":"","ast-main-header-display":"","ast-hfb-above-header-display":"","ast-hfb-below-header-display":"","ast-hfb-mobile-header-display":"","site-post-title":"","ast-breadcrumbs-content":"","ast-featured-img":"","footer-sml-layout":"","theme-transparent-header-meta":"default","adv-header-id-meta":"","stick-header-meta":"","header-above-stick-meta":"","header-main-stick-meta":"","header-below-stick-meta":"","yasr_overall_rating":0,"yasr_post_is_review":"","yasr_auto_insert_disabled":"","yasr_review_type":""},"product_cat":[25],"product_tag":[],"class_list":["post-2715","product","type-product","status-publish","has-post-thumbnail","hentry","product_cat-potato-solutions","desktop-align-left","tablet-align-left","mobile-align-left"],"yasr_visitor_votes":{"stars_attributes":{"read_only":false,"span_bottom":false},"number_of_votes":0,"sum_votes":0},"yoast_head":"<!-- This site is optimized with the Yoast SEO plugin v20.11 - https:\/\/yoast.com\/wordpress\/plugins\/seo\/ -->\n<title>500Kg\/H Full Automatic Frozen French Fries Line Processing Plant -<\/title>\n<meta name=\"description\" content=\"The full automatic frozen french fries line provided by our company can greatly reduce the production cost.\" \/>\n<meta name=\"robots\" content=\"index, follow, max-snippet:-1, max-image-preview:large, max-video-preview:-1\" \/>\n<link rel=\"canonical\" href=\"https:\/\/www.potatoturnkey.com\/es\/product\/automatic-frozen-fries-line\/\" \/>\n<meta property=\"og:locale\" content=\"es_ES\" \/>\n<meta property=\"og:type\" content=\"article\" \/>\n<meta property=\"og:title\" content=\"500Kg\/H Full Automatic Frozen French Fries Line Processing Plant -\" \/>\n<meta property=\"og:description\" content=\"The full automatic frozen french fries line provided by our company can greatly reduce the production cost.\" \/>\n<meta property=\"og:url\" content=\"https:\/\/www.potatoturnkey.com\/es\/product\/automatic-frozen-fries-line\/\" \/>\n<meta property=\"og:site_name\" content=\"Potato Process Machines Supplier\" \/>\n<meta property=\"article:modified_time\" content=\"2023-07-20T09:41:52+00:00\" \/>\n<meta property=\"og:image\" content=\"https:\/\/www.potatoturnkey.com\/wp-content\/uploads\/2022\/05\/2-1.jpg\" \/>\n\t<meta property=\"og:image:width\" content=\"600\" \/>\n\t<meta property=\"og:image:height\" content=\"600\" \/>\n\t<meta property=\"og:image:type\" content=\"image\/jpeg\" \/>\n<meta name=\"twitter:card\" content=\"summary_large_image\" \/>\n<meta name=\"twitter:label1\" content=\"Tiempo de lectura\" \/>\n\t<meta name=\"twitter:data1\" content=\"3 minutos\" \/>\n<script type=\"application\/ld+json\" class=\"yoast-schema-graph\">{\"@context\":\"https:\/\/schema.org\",\"@graph\":[{\"@type\":\"WebPage\",\"@id\":\"https:\/\/www.potatoturnkey.com\/product\/automatic-frozen-fries-line\/\",\"url\":\"https:\/\/www.potatoturnkey.com\/product\/automatic-frozen-fries-line\/\",\"name\":\"500Kg\/H Full Automatic Frozen French Fries Line Processing Plant -\",\"isPartOf\":{\"@id\":\"https:\/\/www.potatoturnkey.com\/#website\"},\"datePublished\":\"2022-05-25T10:27:10+00:00\",\"dateModified\":\"2023-07-20T09:41:52+00:00\",\"description\":\"The full automatic frozen french fries line provided by our company can greatly reduce the production cost.\",\"breadcrumb\":{\"@id\":\"https:\/\/www.potatoturnkey.com\/product\/automatic-frozen-fries-line\/#breadcrumb\"},\"inLanguage\":\"es\",\"potentialAction\":[{\"@type\":\"ReadAction\",\"target\":[\"https:\/\/www.potatoturnkey.com\/product\/automatic-frozen-fries-line\/\"]}]},{\"@type\":\"BreadcrumbList\",\"@id\":\"https:\/\/www.potatoturnkey.com\/product\/automatic-frozen-fries-line\/#breadcrumb\",\"itemListElement\":[{\"@type\":\"ListItem\",\"position\":1,\"name\":\"Home\",\"item\":\"https:\/\/www.potatoturnkey.com\/\"},{\"@type\":\"ListItem\",\"position\":2,\"name\":\"Products\",\"item\":\"https:\/\/www.potatoturnkey.com\/shop-2__trashed\/\"},{\"@type\":\"ListItem\",\"position\":3,\"name\":\"500Kg\/H Full Automatic Frozen French Fries Line Processing Plant\"}]},{\"@type\":\"WebSite\",\"@id\":\"https:\/\/www.potatoturnkey.com\/#website\",\"url\":\"https:\/\/www.potatoturnkey.com\/\",\"name\":\"Potato Process Machines Supplier\",\"description\":\"Potato Turnkey Processing Machine Supplier\",\"publisher\":{\"@id\":\"https:\/\/www.potatoturnkey.com\/#organization\"},\"potentialAction\":[{\"@type\":\"SearchAction\",\"target\":{\"@type\":\"EntryPoint\",\"urlTemplate\":\"https:\/\/www.potatoturnkey.com\/?s={search_term_string}\"},\"query-input\":\"required name=search_term_string\"}],\"inLanguage\":\"es\"},{\"@type\":\"Organization\",\"@id\":\"https:\/\/www.potatoturnkey.com\/#organization\",\"name\":\"Potato Process Machines Supplier\",\"url\":\"https:\/\/www.potatoturnkey.com\/\",\"logo\":{\"@type\":\"ImageObject\",\"inLanguage\":\"es\",\"@id\":\"https:\/\/www.potatoturnkey.com\/#\/schema\/logo\/image\/\",\"url\":\"https:\/\/www.potatoturnkey.com\/wp-content\/uploads\/2022\/02\/potato.png\",\"contentUrl\":\"https:\/\/www.potatoturnkey.com\/wp-content\/uploads\/2022\/02\/potato.png\",\"width\":200,\"height\":200,\"caption\":\"Potato Process Machines Supplier\"},\"image\":{\"@id\":\"https:\/\/www.potatoturnkey.com\/#\/schema\/logo\/image\/\"}},false]}<\/script>\n<!-- \/ Yoast SEO plugin. -->","yoast_head_json":{"title":"500Kg\/H Full Automatic Frozen French Fries Line Processing Plant -","description":"The full automatic frozen french fries line provided by our company can greatly reduce the production cost.","robots":{"index":"index","follow":"follow","max-snippet":"max-snippet:-1","max-image-preview":"max-image-preview:large","max-video-preview":"max-video-preview:-1"},"canonical":"https:\/\/www.potatoturnkey.com\/es\/product\/automatic-frozen-fries-line\/","og_locale":"es_ES","og_type":"article","og_title":"500Kg\/H Full Automatic Frozen French Fries Line Processing Plant -","og_description":"The full automatic frozen french fries line provided by our company can greatly reduce the production cost.","og_url":"https:\/\/www.potatoturnkey.com\/es\/product\/automatic-frozen-fries-line\/","og_site_name":"Potato Process Machines Supplier","article_modified_time":"2023-07-20T09:41:52+00:00","og_image":[{"width":600,"height":600,"url":"https:\/\/www.potatoturnkey.com\/wp-content\/uploads\/2022\/05\/2-1.jpg","type":"image\/jpeg"}],"twitter_card":"summary_large_image","twitter_misc":{"Tiempo de lectura":"3 minutos"},"schema":{"@context":"https:\/\/schema.org","@graph":[{"@type":"WebPage","@id":"https:\/\/www.potatoturnkey.com\/product\/automatic-frozen-fries-line\/","url":"https:\/\/www.potatoturnkey.com\/product\/automatic-frozen-fries-line\/","name":"500Kg\/H Full Automatic Frozen French Fries Line Processing Plant -","isPartOf":{"@id":"https:\/\/www.potatoturnkey.com\/#website"},"datePublished":"2022-05-25T10:27:10+00:00","dateModified":"2023-07-20T09:41:52+00:00","description":"The full automatic frozen french fries line provided by our company can greatly reduce the production cost.","breadcrumb":{"@id":"https:\/\/www.potatoturnkey.com\/product\/automatic-frozen-fries-line\/#breadcrumb"},"inLanguage":"es","potentialAction":[{"@type":"ReadAction","target":["https:\/\/www.potatoturnkey.com\/product\/automatic-frozen-fries-line\/"]}]},{"@type":"BreadcrumbList","@id":"https:\/\/www.potatoturnkey.com\/product\/automatic-frozen-fries-line\/#breadcrumb","itemListElement":[{"@type":"ListItem","position":1,"name":"Home","item":"https:\/\/www.potatoturnkey.com\/"},{"@type":"ListItem","position":2,"name":"Products","item":"https:\/\/www.potatoturnkey.com\/shop-2__trashed\/"},{"@type":"ListItem","position":3,"name":"500Kg\/H Full Automatic Frozen French Fries Line Processing Plant"}]},{"@type":"WebSite","@id":"https:\/\/www.potatoturnkey.com\/#website","url":"https:\/\/www.potatoturnkey.com\/","name":"Potato Process Machines Supplier","description":"Potato Turnkey Processing Machine Supplier","publisher":{"@id":"https:\/\/www.potatoturnkey.com\/#organization"},"potentialAction":[{"@type":"SearchAction","target":{"@type":"EntryPoint","urlTemplate":"https:\/\/www.potatoturnkey.com\/?s={search_term_string}"},"query-input":"required name=search_term_string"}],"inLanguage":"es"},{"@type":"Organization","@id":"https:\/\/www.potatoturnkey.com\/#organization","name":"Potato Process Machines Supplier","url":"https:\/\/www.potatoturnkey.com\/","logo":{"@type":"ImageObject","inLanguage":"es","@id":"https:\/\/www.potatoturnkey.com\/#\/schema\/logo\/image\/","url":"https:\/\/www.potatoturnkey.com\/wp-content\/uploads\/2022\/02\/potato.png","contentUrl":"https:\/\/www.potatoturnkey.com\/wp-content\/uploads\/2022\/02\/potato.png","width":200,"height":200,"caption":"Potato Process Machines Supplier"},"image":{"@id":"https:\/\/www.potatoturnkey.com\/#\/schema\/logo\/image\/"}},false]}},"_links":{"self":[{"href":"https:\/\/www.potatoturnkey.com\/es\/wp-json\/wp\/v2\/product\/2715","targetHints":{"allow":["GET"]}}],"collection":[{"href":"https:\/\/www.potatoturnkey.com\/es\/wp-json\/wp\/v2\/product"}],"about":[{"href":"https:\/\/www.potatoturnkey.com\/es\/wp-json\/wp\/v2\/types\/product"}],"replies":[{"embeddable":true,"href":"https:\/\/www.potatoturnkey.com\/es\/wp-json\/wp\/v2\/comments?post=2715"}],"wp:featuredmedia":[{"embeddable":true,"href":"https:\/\/www.potatoturnkey.com\/es\/wp-json\/wp\/v2\/media\/2717"}],"wp:attachment":[{"href":"https:\/\/www.potatoturnkey.com\/es\/wp-json\/wp\/v2\/media?parent=2715"}],"wp:term":[{"taxonomy":"product_cat","embeddable":true,"href":"https:\/\/www.potatoturnkey.com\/es\/wp-json\/wp\/v2\/product_cat?post=2715"},{"taxonomy":"product_tag","embeddable":true,"href":"https:\/\/www.potatoturnkey.com\/es\/wp-json\/wp\/v2\/product_tag?post=2715"}],"curies":[{"name":"wp","href":"https:\/\/api.w.org\/{rel}","templated":true}]}}