{"id":2685,"date":"2022-04-15T15:52:45","date_gmt":"2022-04-15T07:52:45","guid":{"rendered":"https:\/\/www.potatoturnkey.com\/?post_type=product&#038;p=2685"},"modified":"2026-02-09T10:26:40","modified_gmt":"2026-02-09T02:26:40","slug":"fries-quick-frozen-line","status":"publish","type":"product","link":"https:\/\/www.potatoturnkey.com\/es\/product\/fries-quick-frozen-line\/","title":{"rendered":"L\u00ednea de producci\u00f3n autom\u00e1tica de patatas fritas congeladas Proveedor"},"content":{"rendered":"<p>Como proveedor profesional de la l\u00ednea de producci\u00f3n de papas fritas congeladas r\u00e1pidamente, ofrecemos a los clientes soluciones de papas fritas congeladas r\u00e1pidamente de diferentes escalas. Toda la m\u00e1quina est\u00e1 hecha de acero inoxidable de alta calidad, que es duradero, resistente a la corrosi\u00f3n, y tiene una larga vida \u00fatil. Es una l\u00ednea de producci\u00f3n ideal para el procesamiento de patatas fritas congeladas r\u00e1pidamente.<\/p>\n<ul>\n<li>Principio de dise\u00f1o: realizar la producci\u00f3n autom\u00e1tica de patatas fritas ultracongeladas.<\/li>\n<li>Capacidad: 100-1000kg\/h, personalizado seg\u00fan las necesidades del cliente.<\/li>\n<li>M\u00e1quinas: peladora, cortadora, escaldadora, deshidratadora, freidora, deoiler, congelador r\u00e1pido, envasadora<\/li>\n<li>Material: Acero inoxidable 304 de alta calidad.<\/li>\n<li>Patatas fritas aplicables: patatas fritas congeladas, patatas fritas onduladas congeladas.<\/li>\n<\/ul>\n<p><img loading=\"lazy\" decoding=\"async\" class=\"alignnone wp-image-2689 size-full\" src=\"https:\/\/www.potatoturnkey.com\/wp-content\/uploads\/2022\/04\/4-1.jpg\" alt=\"l\u00ednea de patatas fritas congeladas\" width=\"800\" height=\"500\" srcset=\"https:\/\/www.potatoturnkey.com\/wp-content\/uploads\/2022\/04\/4-1.jpg 800w, https:\/\/www.potatoturnkey.com\/wp-content\/uploads\/2022\/04\/4-1-300x188.jpg 300w, https:\/\/www.potatoturnkey.com\/wp-content\/uploads\/2022\/04\/4-1-768x480.jpg 768w, https:\/\/www.potatoturnkey.com\/wp-content\/uploads\/2022\/04\/4-1-600x375.jpg 600w\" sizes=\"auto, (max-width: 800px) 100vw, 800px\" \/><\/p>\n<h2><strong><b>Ventajas de <\/b><\/strong><strong><b>F<\/b><\/strong><strong><b>rench <\/b><\/strong><strong><b>F<\/b><\/strong><strong><b>ries <\/b><\/strong><strong><b>P<\/b><\/strong><strong><b>roducci\u00f3n <\/b><\/strong><strong><b>L<\/b><\/strong><strong><b>ine <\/b><\/strong><strong><b>F<\/b><\/strong><strong><b>rozen <\/b><\/strong><strong><b>S<\/b><\/strong><strong><b>upplier<\/b><\/strong><\/h2>\n<ol>\n<li>El grosor de las patatas fritas puede ajustarse (6 mm -10 mm).<\/li>\n<li>La l\u00ednea de producci\u00f3n de patatas fritas congeladas se puede fabricar de acuerdo con los requisitos especiales de los clientes.<\/li>\n<li>Se pueden adquirir l\u00edneas de producci\u00f3n semiautom\u00e1ticas o totalmente autom\u00e1ticas en funci\u00f3n de la demanda.<\/li>\n<li>Existen varios m\u00e9todos de calentamiento para las m\u00e1quinas de escaldar y fre\u00edr: el\u00e9ctrico o de gas.<\/li>\n<li>Es f\u00e1cil de manejar, muy automatizada, ahorra energ\u00eda, es potente y ahorra inversi\u00f3n.<\/li>\n<li>Las patatas fritas congeladas son de buena calidad, la l\u00ednea de producci\u00f3n puede procesar patatas fritas congeladas de alta calidad que cumplen las normas de higiene.<\/li>\n<li>Nuestra empresa ofrece a los clientes servicios de alta calidad, contabilidad de costes, dise\u00f1o de m\u00e1quinas, instalaci\u00f3n y depuraci\u00f3n de m\u00e1quinas, etc.<\/li>\n<\/ol>\n<h2><img loading=\"lazy\" decoding=\"async\" class=\"alignnone wp-image-2690 size-full\" src=\"https:\/\/www.potatoturnkey.com\/wp-content\/uploads\/2022\/04\/5-1.jpg\" alt=\"l\u00ednea comercial de patatas fritas congeladas\" width=\"800\" height=\"500\" srcset=\"https:\/\/www.potatoturnkey.com\/wp-content\/uploads\/2022\/04\/5-1.jpg 800w, https:\/\/www.potatoturnkey.com\/wp-content\/uploads\/2022\/04\/5-1-300x188.jpg 300w, https:\/\/www.potatoturnkey.com\/wp-content\/uploads\/2022\/04\/5-1-768x480.jpg 768w, https:\/\/www.potatoturnkey.com\/wp-content\/uploads\/2022\/04\/5-1-600x375.jpg 600w\" sizes=\"auto, (max-width: 800px) 100vw, 800px\" \/><\/h2>\n<h2><\/h2>\n<h2><strong><b>L\u00ednea de producci\u00f3n de patatas fritas ultracongeladas Introducci\u00f3n de la m\u00e1quina<\/b><\/strong><\/h2>\n<ol>\n<li>M\u00e1quina limpiadora y peladora de patatas Esta m\u00e1quina puede limpiar y pelar patatas de forma continua y completa.<\/li>\n<li>Cinta clasificadora: elimina las patatas defectuosas.<\/li>\n<li>M\u00e1quina cortadora de patatas fritas: Corta patatas en patatas fritas con grosor de corte ajustable.<\/li>\n<li>Lavadora de patatas fritas: golpea y friega las patatas fritas mediante un flujo de agua a alta presi\u00f3n y ampollas para eliminar el almid\u00f3n de la superficie<\/li>\n<li>M\u00e1quina de escaldado de patatas fritas: escaldado para inhibir la actividad de las enzimas y mantener el color brillante original de las patatas fritas.<\/li>\n<li>Deshidratador por vibraci\u00f3n: elimina la humedad superficial por vibraci\u00f3n.<\/li>\n<li>Secador refrigerado por aire: El preenfriamiento se realiza mediante soplado de aire a alta presi\u00f3n, y el exceso de agua se elimina en poco tiempo, evitando eficazmente el fen\u00f3meno del salto del aceite de fritura.<\/li>\n<li>Freidora para patatas fritas: Fr\u00ede las patatas fritas a una temperatura estable del aceite y d\u00f3ralas uniformemente hasta que est\u00e9n doradas.<\/li>\n<li>Desengrasante por vibraci\u00f3n: Las patatas fritas deben desengrasarse despu\u00e9s de fre\u00edrlas para eliminar el exceso de aceite de fritura en la superficie,<\/li>\n<li>Enfriamiento: Enfriar r\u00e1pidamente con un ventilador de refrigeraci\u00f3n, listo para el siguiente paso.<\/li>\n<li>Congelador r\u00e1pido de patatas fritas: Congela los productos y evita que se peguen para conseguir una congelaci\u00f3n r\u00e1pida.<\/li>\n<li>Envasadora autom\u00e1tica: se utiliza para envasar patatas fritas congeladas acabadas.<\/li>\n<\/ol>\n<p><iframe loading=\"lazy\" title=\"Reproductor de v\u00eddeo YouTube\" src=\"https:\/\/www.youtube.com\/embed\/TrHJyNB_g_A\" width=\"800\" height=\"475.5\" frameborder=\"0\" allowfullscreen=\"allowfullscreen\"><span data-mce-type=\"bookmark\" style=\"display: inline-block; width: 0px; overflow: hidden; line-height: 0;\" class=\"mce_SELRES_start\">El pr\u00f3ximo fin de semana se abrir\u00e1 la nueva tienda de comestibles.<\/span><\/iframe><\/p>\n<p>Como proveedor profesional de l\u00ednea de producci\u00f3n de papas fritas congeladas, le proporcionaremos soluciones adecuadas de acuerdo a sus necesidades, bienvenido a personalizar.<\/p>\n<div class=\"main-section-capital pronb-tit\">\n<h2>Datos t\u00e9cnicos<\/h2>\n<\/div>\n<div class=\"product-module-intro\">\n<table border=\"1\" cellspacing=\"1\" cellpadding=\"1\">\n<tbody>\n<tr>\n<td>Nombre del producto<\/td>\n<td>L\u00ednea de producci\u00f3n de patatas fritas congeladas<\/td>\n<\/tr>\n<tr>\n<td>Producto final<\/td>\n<td>Patatas fritas congeladas<\/td>\n<\/tr>\n<tr>\n<td>Materia prima<\/td>\n<td>Patatas frescas<\/td>\n<\/tr>\n<tr>\n<td>Capacidad<\/td>\n<td>200 kg\/h(Se puede personalizar)<\/td>\n<\/tr>\n<tr>\n<td>Taller<\/td>\n<td>&gt;300m2, altura&gt;4m<\/td>\n<\/tr>\n<tr>\n<td>Tensi\u00f3n<\/td>\n<td>380\/50Hz\/3Fase<\/td>\n<\/tr>\n<tr>\n<td>Potencia<\/td>\n<td>250kw(Personalizado)<\/td>\n<\/tr>\n<tr>\n<td>Trabajadores<\/td>\n<td>6-8 trabajadores<\/td>\n<\/tr>\n<tr>\n<td>Calefacci\u00f3n<\/td>\n<td>Gas (se puede personalizar la electricidad)<\/td>\n<\/tr>\n<\/tbody>\n<\/table>\n<\/div>\n<div role=\"form\" class=\"wpcf7\" id=\"wpcf7-f1653-o1\" lang=\"en-US\" dir=\"ltr\">\n<div class=\"screen-reader-response\"><p role=\"status\" aria-live=\"polite\" aria-atomic=\"true\"><\/p> <ul><\/ul><\/div>\n<form action=\"\/es\/wp-json\/wp\/v2\/product\/2685#wpcf7-f1653-o1\" method=\"post\" class=\"wpcf7-form init\" novalidate=\"novalidate\" data-status=\"init\" data-trp-original-action=\"\/es\/wp-json\/wp\/v2\/product\/2685#wpcf7-f1653-o1\">\n<div style=\"display: none;\">\n<input type=\"hidden\" name=\"_wpcf7\" value=\"1653\" \/>\n<input type=\"hidden\" name=\"_wpcf7_version\" value=\"5.5.4\" \/>\n<input type=\"hidden\" name=\"_wpcf7_locale\" value=\"en_US\" \/>\n<input type=\"hidden\" name=\"_wpcf7_unit_tag\" value=\"wpcf7-f1653-o1\" \/>\n<input type=\"hidden\" name=\"_wpcf7_container_post\" value=\"0\" \/>\n<input type=\"hidden\" name=\"_wpcf7_posted_data_hash\" value=\"\" \/>\n<\/div>\n<div style='text-align:center;font-size: 1.6rem;font-weight:bold'>Dejar mensaje para precio<\/div>\n<div class='forml1' style='float:left;width:48%; margin-right:4%'>\n<label> Su nombre<br \/>\n    <span class=\"wpcf7-form-control-wrap your-name\"><input type=\"text\" name=\"your-name\" value=\"\" size=\"40\" class=\"wpcf7-form-control wpcf7-text\" aria-invalid=\"false\" \/><\/span> <\/label><\/p>\n<p><label> *Su correo electr\u00f3nico<br \/>\n    <span class=\"wpcf7-form-control-wrap your-email\"><input type=\"email\" name=\"your-email\" value=\"\" size=\"40\" class=\"wpcf7-form-control wpcf7-text wpcf7-email wpcf7-validates-as-required wpcf7-validates-as-email\" aria-required=\"true\" aria-invalid=\"false\" \/><\/span> <\/label><\/p>\n<p><label> Tel\u00e9fono\/WhatsApp<br \/>\n    <span class=\"wpcf7-form-control-wrap text-100\"><input type=\"text\" name=\"text-100\" value=\"\" size=\"40\" class=\"wpcf7-form-control wpcf7-text\" aria-invalid=\"false\" \/><\/span> <\/label><br \/>\n<label> Su pa\u00eds<br \/>\n    <span class=\"wpcf7-form-control-wrap text-677\"><input type=\"text\" name=\"text-677\" value=\"\" size=\"40\" class=\"wpcf7-form-control wpcf7-text\" aria-invalid=\"false\" \/><\/span> <\/label><br \/>\n<label> Nombre de su empresa<br \/>\n    <span class=\"wpcf7-form-control-wrap text-680\"><input type=\"text\" name=\"text-680\" value=\"\" size=\"40\" class=\"wpcf7-form-control wpcf7-text\" aria-invalid=\"false\" \/><\/span> <\/label><br \/>\n<label> Su sitio web<br \/>\n    <span class=\"wpcf7-form-control-wrap text-216\"><input type=\"text\" name=\"text-216\" value=\"\" size=\"40\" class=\"wpcf7-form-control wpcf7-text\" aria-invalid=\"false\" \/><\/span> <\/label>\n<\/div>\n<div class='forml2' style='float:left;width:48%;'>\n<label> *Su mensaje<br \/>\n    <span class=\"wpcf7-form-control-wrap your-message\"><textarea name=\"your-message\" cols=\"40\" rows=\"10\" class=\"wpcf7-form-control wpcf7-textarea wpcf7-validates-as-required\" aria-required=\"true\" aria-invalid=\"false\"><\/textarea><\/span> <\/label><\/p>\n<p><input type=\"submit\" value=\"Enviar\" class=\"wpcf7-form-control has-spinner wpcf7-submit\" \/><\/p>\n<\/div>\n<div style='clear:both'><\/div>\n<p style=\"display: none !important;\"><label>&#916;<textarea name=\"_wpcf7_ak_hp_textarea\" cols=\"45\" rows=\"8\" maxlength=\"100\"><\/textarea><\/label><input type=\"hidden\" id=\"ak_js\" name=\"_wpcf7_ak_js\" value=\"95\"\/><script>document.getElementById( \"ak_js\" ).setAttribute( \"value\", ( new Date() ).getTime() );<\/script><\/p><div class=\"wpcf7-response-output\" aria-hidden=\"true\"><\/div><input type=\"hidden\" name=\"trp-form-language\" value=\"es\"\/><\/form><\/div>\n<div style='text-align:left' class='yasr-auto-insert-visitor'><\/div>","protected":false},"excerpt":{"rendered":"<p>Las patatas fritas congeladas pueden durar m\u00e1s, que es una de las razones por las que los int\u00e9rpretes, los bares de aperitivos y los restaurantes de comida r\u00e1pida las adoran.<\/p>\n<p>Proceso totalmente autom\u00e1tico de patatas fritas congeladas:<\/p>\n<p>Elevaci\u00f3n y alimentaci\u00f3n \u2192 limpieza y pelado \u2192 corte de tiras \u2192 aclarado \u2192 escaldado y protecci\u00f3n del color \u2192 deshidrataci\u00f3n por vibraci\u00f3n \u2192 deshidrataci\u00f3n por enfriamiento con aire \u2192 fritura \u2192 desengrasado por vibraci\u00f3n \u2192 desengrasado por enfriamiento con aire \u2192 congelaci\u00f3n \u2192 envasado.<\/p>","protected":false},"featured_media":2686,"comment_status":"open","ping_status":"closed","template":"","meta":{"extendify_custom_stylesheet":"","site-sidebar-layout":"default","site-content-layout":"default","ast-global-header-display":"","ast-banner-title-visibility":"","ast-main-header-display":"","ast-hfb-above-header-display":"","ast-hfb-below-header-display":"","ast-hfb-mobile-header-display":"","site-post-title":"","ast-breadcrumbs-content":"","ast-featured-img":"","footer-sml-layout":"","theme-transparent-header-meta":"","adv-header-id-meta":"","stick-header-meta":"","header-above-stick-meta":"","header-main-stick-meta":"","header-below-stick-meta":"","yasr_overall_rating":0,"yasr_post_is_review":"","yasr_auto_insert_disabled":"","yasr_review_type":""},"product_cat":[25],"product_tag":[],"class_list":["post-2685","product","type-product","status-publish","has-post-thumbnail","hentry","product_cat-potato-solutions","desktop-align-left","tablet-align-left","mobile-align-left"],"yasr_visitor_votes":{"stars_attributes":{"read_only":false,"span_bottom":false},"number_of_votes":1,"sum_votes":5},"yoast_head":"<!-- This site is optimized with the Yoast SEO plugin v20.11 - https:\/\/yoast.com\/wordpress\/plugins\/seo\/ -->\n<title>Automatic French Fries Quick Frozen Production Line Machine Supplier -<\/title>\n<meta name=\"description\" content=\"The french fries quick frozen production line machine can process high-quality frozen French fries that meet hygienic standards.\" \/>\n<meta name=\"robots\" content=\"index, follow, max-snippet:-1, max-image-preview:large, max-video-preview:-1\" \/>\n<link rel=\"canonical\" href=\"https:\/\/www.potatoturnkey.com\/es\/product\/fries-quick-frozen-line\/\" \/>\n<meta property=\"og:locale\" content=\"es_ES\" \/>\n<meta property=\"og:type\" content=\"article\" \/>\n<meta property=\"og:title\" content=\"Automatic French Fries Quick Frozen Production Line Machine Supplier -\" \/>\n<meta property=\"og:description\" content=\"The french fries quick frozen production line machine can process high-quality frozen French fries that meet hygienic standards.\" \/>\n<meta property=\"og:url\" content=\"https:\/\/www.potatoturnkey.com\/es\/product\/fries-quick-frozen-line\/\" \/>\n<meta property=\"og:site_name\" content=\"Potato Process Machines Supplier\" \/>\n<meta property=\"article:modified_time\" content=\"2026-02-09T02:26:40+00:00\" \/>\n<meta property=\"og:image\" content=\"https:\/\/www.potatoturnkey.com\/wp-content\/uploads\/2022\/04\/1-1.jpg\" \/>\n\t<meta property=\"og:image:width\" content=\"600\" \/>\n\t<meta property=\"og:image:height\" content=\"600\" \/>\n\t<meta property=\"og:image:type\" content=\"image\/jpeg\" \/>\n<meta name=\"twitter:card\" content=\"summary_large_image\" \/>\n<meta name=\"twitter:label1\" content=\"Tiempo de lectura\" \/>\n\t<meta name=\"twitter:data1\" content=\"3 minutos\" \/>\n<script type=\"application\/ld+json\" class=\"yoast-schema-graph\">{\"@context\":\"https:\/\/schema.org\",\"@graph\":[{\"@type\":\"WebPage\",\"@id\":\"https:\/\/www.potatoturnkey.com\/product\/fries-quick-frozen-line\/\",\"url\":\"https:\/\/www.potatoturnkey.com\/product\/fries-quick-frozen-line\/\",\"name\":\"Automatic French Fries Quick Frozen Production Line Machine Supplier -\",\"isPartOf\":{\"@id\":\"https:\/\/www.potatoturnkey.com\/#website\"},\"datePublished\":\"2022-04-15T07:52:45+00:00\",\"dateModified\":\"2026-02-09T02:26:40+00:00\",\"description\":\"The french fries quick frozen production line machine can process high-quality frozen French fries that meet hygienic standards.\",\"breadcrumb\":{\"@id\":\"https:\/\/www.potatoturnkey.com\/product\/fries-quick-frozen-line\/#breadcrumb\"},\"inLanguage\":\"es\",\"potentialAction\":[{\"@type\":\"ReadAction\",\"target\":[\"https:\/\/www.potatoturnkey.com\/product\/fries-quick-frozen-line\/\"]}]},{\"@type\":\"BreadcrumbList\",\"@id\":\"https:\/\/www.potatoturnkey.com\/product\/fries-quick-frozen-line\/#breadcrumb\",\"itemListElement\":[{\"@type\":\"ListItem\",\"position\":1,\"name\":\"Home\",\"item\":\"https:\/\/www.potatoturnkey.com\/\"},{\"@type\":\"ListItem\",\"position\":2,\"name\":\"Products\",\"item\":\"https:\/\/www.potatoturnkey.com\/shop-2__trashed\/\"},{\"@type\":\"ListItem\",\"position\":3,\"name\":\"Automatic French Fries Quick Frozen Production Line Machine Supplier\"}]},{\"@type\":\"WebSite\",\"@id\":\"https:\/\/www.potatoturnkey.com\/#website\",\"url\":\"https:\/\/www.potatoturnkey.com\/\",\"name\":\"Potato Process Machines Supplier\",\"description\":\"Potato Turnkey Processing Machine Supplier\",\"publisher\":{\"@id\":\"https:\/\/www.potatoturnkey.com\/#organization\"},\"potentialAction\":[{\"@type\":\"SearchAction\",\"target\":{\"@type\":\"EntryPoint\",\"urlTemplate\":\"https:\/\/www.potatoturnkey.com\/?s={search_term_string}\"},\"query-input\":\"required name=search_term_string\"}],\"inLanguage\":\"es\"},{\"@type\":\"Organization\",\"@id\":\"https:\/\/www.potatoturnkey.com\/#organization\",\"name\":\"Potato Process Machines Supplier\",\"url\":\"https:\/\/www.potatoturnkey.com\/\",\"logo\":{\"@type\":\"ImageObject\",\"inLanguage\":\"es\",\"@id\":\"https:\/\/www.potatoturnkey.com\/#\/schema\/logo\/image\/\",\"url\":\"https:\/\/www.potatoturnkey.com\/wp-content\/uploads\/2022\/02\/potato.png\",\"contentUrl\":\"https:\/\/www.potatoturnkey.com\/wp-content\/uploads\/2022\/02\/potato.png\",\"width\":200,\"height\":200,\"caption\":\"Potato Process Machines Supplier\"},\"image\":{\"@id\":\"https:\/\/www.potatoturnkey.com\/#\/schema\/logo\/image\/\"}},false]}<\/script>\n<!-- \/ Yoast SEO plugin. -->","yoast_head_json":{"title":"Automatic French Fries Quick Frozen Production Line Machine Supplier -","description":"The french fries quick frozen production line machine can process high-quality frozen French fries that meet hygienic standards.","robots":{"index":"index","follow":"follow","max-snippet":"max-snippet:-1","max-image-preview":"max-image-preview:large","max-video-preview":"max-video-preview:-1"},"canonical":"https:\/\/www.potatoturnkey.com\/es\/product\/fries-quick-frozen-line\/","og_locale":"es_ES","og_type":"article","og_title":"Automatic French Fries Quick Frozen Production Line Machine Supplier -","og_description":"The french fries quick frozen production line machine can process high-quality frozen French fries that meet hygienic standards.","og_url":"https:\/\/www.potatoturnkey.com\/es\/product\/fries-quick-frozen-line\/","og_site_name":"Potato Process Machines Supplier","article_modified_time":"2026-02-09T02:26:40+00:00","og_image":[{"width":600,"height":600,"url":"https:\/\/www.potatoturnkey.com\/wp-content\/uploads\/2022\/04\/1-1.jpg","type":"image\/jpeg"}],"twitter_card":"summary_large_image","twitter_misc":{"Tiempo de lectura":"3 minutos"},"schema":{"@context":"https:\/\/schema.org","@graph":[{"@type":"WebPage","@id":"https:\/\/www.potatoturnkey.com\/product\/fries-quick-frozen-line\/","url":"https:\/\/www.potatoturnkey.com\/product\/fries-quick-frozen-line\/","name":"Automatic French Fries Quick Frozen Production Line Machine Supplier -","isPartOf":{"@id":"https:\/\/www.potatoturnkey.com\/#website"},"datePublished":"2022-04-15T07:52:45+00:00","dateModified":"2026-02-09T02:26:40+00:00","description":"The french fries quick frozen production line machine can process high-quality frozen French fries that meet hygienic standards.","breadcrumb":{"@id":"https:\/\/www.potatoturnkey.com\/product\/fries-quick-frozen-line\/#breadcrumb"},"inLanguage":"es","potentialAction":[{"@type":"ReadAction","target":["https:\/\/www.potatoturnkey.com\/product\/fries-quick-frozen-line\/"]}]},{"@type":"BreadcrumbList","@id":"https:\/\/www.potatoturnkey.com\/product\/fries-quick-frozen-line\/#breadcrumb","itemListElement":[{"@type":"ListItem","position":1,"name":"Home","item":"https:\/\/www.potatoturnkey.com\/"},{"@type":"ListItem","position":2,"name":"Products","item":"https:\/\/www.potatoturnkey.com\/shop-2__trashed\/"},{"@type":"ListItem","position":3,"name":"Automatic French Fries Quick Frozen Production Line Machine Supplier"}]},{"@type":"WebSite","@id":"https:\/\/www.potatoturnkey.com\/#website","url":"https:\/\/www.potatoturnkey.com\/","name":"Potato Process Machines Supplier","description":"Potato Turnkey Processing Machine Supplier","publisher":{"@id":"https:\/\/www.potatoturnkey.com\/#organization"},"potentialAction":[{"@type":"SearchAction","target":{"@type":"EntryPoint","urlTemplate":"https:\/\/www.potatoturnkey.com\/?s={search_term_string}"},"query-input":"required name=search_term_string"}],"inLanguage":"es"},{"@type":"Organization","@id":"https:\/\/www.potatoturnkey.com\/#organization","name":"Potato Process Machines Supplier","url":"https:\/\/www.potatoturnkey.com\/","logo":{"@type":"ImageObject","inLanguage":"es","@id":"https:\/\/www.potatoturnkey.com\/#\/schema\/logo\/image\/","url":"https:\/\/www.potatoturnkey.com\/wp-content\/uploads\/2022\/02\/potato.png","contentUrl":"https:\/\/www.potatoturnkey.com\/wp-content\/uploads\/2022\/02\/potato.png","width":200,"height":200,"caption":"Potato Process Machines Supplier"},"image":{"@id":"https:\/\/www.potatoturnkey.com\/#\/schema\/logo\/image\/"}},false]}},"_links":{"self":[{"href":"https:\/\/www.potatoturnkey.com\/es\/wp-json\/wp\/v2\/product\/2685","targetHints":{"allow":["GET"]}}],"collection":[{"href":"https:\/\/www.potatoturnkey.com\/es\/wp-json\/wp\/v2\/product"}],"about":[{"href":"https:\/\/www.potatoturnkey.com\/es\/wp-json\/wp\/v2\/types\/product"}],"replies":[{"embeddable":true,"href":"https:\/\/www.potatoturnkey.com\/es\/wp-json\/wp\/v2\/comments?post=2685"}],"wp:featuredmedia":[{"embeddable":true,"href":"https:\/\/www.potatoturnkey.com\/es\/wp-json\/wp\/v2\/media\/2686"}],"wp:attachment":[{"href":"https:\/\/www.potatoturnkey.com\/es\/wp-json\/wp\/v2\/media?parent=2685"}],"wp:term":[{"taxonomy":"product_cat","embeddable":true,"href":"https:\/\/www.potatoturnkey.com\/es\/wp-json\/wp\/v2\/product_cat?post=2685"},{"taxonomy":"product_tag","embeddable":true,"href":"https:\/\/www.potatoturnkey.com\/es\/wp-json\/wp\/v2\/product_tag?post=2685"}],"curies":[{"name":"wp","href":"https:\/\/api.w.org\/{rel}","templated":true}]}}