{"id":2679,"date":"2022-04-13T16:31:15","date_gmt":"2022-04-13T08:31:15","guid":{"rendered":"https:\/\/www.potatoturnkey.com\/?post_type=product&#038;p=2679"},"modified":"2024-05-07T10:23:24","modified_gmt":"2024-05-07T02:23:24","slug":"potato-chips-making-machine-business","status":"publish","type":"product","link":"https:\/\/www.potatoturnkey.com\/es\/product\/potato-chips-making-machine-business\/","title":{"rendered":"Precio de la nueva m\u00e1quina de fabricaci\u00f3n de patatas fritas para peque\u00f1as empresas"},"content":{"rendered":"<p>Esta m\u00e1quina para hacer papas fritas para peque\u00f1as empresas se utiliza principalmente para el procesamiento de papas fritas, y es la soluci\u00f3n de procesamiento de papas fritas que muchos peque\u00f1os y medianos procesadores de papas fritas eligen. Su producci\u00f3n de procesamiento est\u00e1 entre 70-500kg\/h. Esta m\u00e1quina procesadora de papas fritas es muy adecuada para peque\u00f1as f\u00e1bricas de papas fritas, y para procesadores de gran escala, recomendamos una m\u00e1quina totalmente autom\u00e1tica. <a href=\"https:\/\/www.potatoturnkey.com\/es\/product\/potato-chips-production-plant\/\">l\u00ednea de producci\u00f3n de patatas fritas<\/a>.<\/p>\n<p><img loading=\"lazy\" decoding=\"async\" class=\"alignnone wp-image-2684 size-full\" src=\"https:\/\/www.potatoturnkey.com\/wp-content\/uploads\/2022\/04\/5.jpg\" alt=\"f\u00e1brica de m\u00e1quinas para fabricar patatas fritas\" width=\"800\" height=\"500\" srcset=\"https:\/\/www.potatoturnkey.com\/wp-content\/uploads\/2022\/04\/5.jpg 800w, https:\/\/www.potatoturnkey.com\/wp-content\/uploads\/2022\/04\/5-300x188.jpg 300w, https:\/\/www.potatoturnkey.com\/wp-content\/uploads\/2022\/04\/5-768x480.jpg 768w, https:\/\/www.potatoturnkey.com\/wp-content\/uploads\/2022\/04\/5-600x375.jpg 600w\" sizes=\"auto, (max-width: 800px) 100vw, 800px\" \/><\/p>\n<h2><strong><b>A<\/b><\/strong><strong><b>ventajas<\/b><\/strong><strong><b>\u00a0De <\/b><\/strong><strong><b>P<\/b><\/strong><strong><b>otato <\/b><\/strong><strong><b>C<\/b><\/strong><strong><b>caderas <\/b><\/strong><strong><b>M<\/b><\/strong><strong><b>aking <\/b><\/strong><strong><b>M<\/b><\/strong><strong><b>achine <\/b><\/strong><strong><b>F<\/b><\/strong><strong><b>o <\/b><\/strong><strong><b>S<\/b><\/strong><strong><b>centro comercial <\/b><\/strong><strong><b>B<\/b><\/strong><strong><b>usiness<\/b><\/strong><\/h2>\n<ul>\n<li>El material de la m\u00e1quina para hacer patatas fritas es de acero inoxidable que cumple las normas de seguridad alimentaria.<\/li>\n<li>El funcionamiento sencillo, seguro e higi\u00e9nico, ahorra costes de mano de obra y alta eficiencia de producci\u00f3n.<\/li>\n<li>El m\u00e9todo de calentamiento de la freidora puede ser el\u00e9ctrico o por gas.<\/li>\n<li>Generalmente se personaliza de acuerdo a las necesidades espec\u00edficas de los clientes. La producci\u00f3n de la l\u00ednea de producci\u00f3n de papas fritas peque\u00f1as es generalmente de 70kg\/h, 100kg\/h, 150kg\/h, 200kg\/h y 300kg\/h.<\/li>\n<li>Teniendo en cuenta la superficie de la planta y las distintas necesidades de los clientes, configuraremos las l\u00edneas adecuadas seg\u00fan la situaci\u00f3n del cliente.<\/li>\n<li>El producto final son patatas fritas, que pueden utilizarse para producir al mismo tiempo patatas fritas sustituyendo la m\u00e1quina cortadora de patatas fritas.<\/li>\n<\/ul>\n<p><iframe loading=\"lazy\" title=\"Reproductor de v\u00eddeo YouTube\" src=\"https:\/\/www.youtube.com\/embed\/6Mx1KRYgjU0\" width=\"800\" height=\"475.5\" frameborder=\"0\" allowfullscreen=\"allowfullscreen\"><span data-mce-type=\"bookmark\" style=\"display: inline-block; width: 0px; overflow: hidden; line-height: 0;\" class=\"mce_SELRES_start\">El pr\u00f3ximo fin de semana se abrir\u00e1 la nueva tienda de comestibles.<\/span><\/iframe><\/p>\n<h2><strong><b>Patata<\/b><\/strong><strong><b>\u00a0C<\/b><\/strong><strong><b>caderas <\/b><\/strong><strong><b>M<\/b><\/strong><strong><b>anufactura <\/b><\/strong><strong><b>P<\/b><\/strong><strong><b>roceso<\/b><\/strong><\/h2>\n<p>El proceso de fabricaci\u00f3n de las patatas fritas incluye principalmente: la limpieza y el pelado - el corte - la fritura - el desengrasado - el condimento - el envasado<\/p>\n<ol>\n<li>Limpieza y pelado de patatas: Utilice la m\u00e1quina integrada de limpieza y pelado de patatas para limpiar las patatas y lograr el prop\u00f3sito de pelarlas.<\/li>\n<li>Cortar las patatas en rodajas: Utilice una cortadora de patatas para cortar las patatas en rodajas de unos 3 mm, y el grosor de las rodajas se puede ajustar.<\/li>\n<li>Escaldado de patatas fritas: Escaldar las patatas fritas cortadas en una m\u00e1quina de escaldado de patatas fritas. El objetivo del escaldado es eliminar el almid\u00f3n de la superficie y proteger el color.<\/li>\n<li>Escurrir las patatas fritas: Vibrar para eliminar las gotas de agua de la superficie de las patatas fritas.<\/li>\n<li>Fre\u00edr las patatas fritas: Fre\u00edr las patatas fritas en una m\u00e1quina freidora de patatas fritas, y la temperatura de fritura es de unos 170\u2103.<\/li>\n<li>Desengrasar patatas fritas: Desengrasar despu\u00e9s de fre\u00edr.<\/li>\n<li>Sazonar las patatas fritas: Sazonar uniformemente en un sazonador.<\/li>\n<li>Almacenamiento herm\u00e9tico de las patatas fritas: Guarde las patatas fritas en bolsas herm\u00e9ticas para prolongar su vida \u00fatil.<\/li>\n<\/ol>\n<h2><strong><b>P<\/b><\/strong><strong><b>otato <\/b><\/strong><strong><b>C<\/b><\/strong><strong><b>caderas <\/b><\/strong><strong><b>M<\/b><\/strong><strong><b>aking <\/b><\/strong><strong><b>M<\/b><\/strong><strong><b>achine <\/b><\/strong><strong><b>F<\/b><\/strong><strong><b>o <\/b><\/strong><strong><b>S<\/b><\/strong><strong><b>centro comercial <\/b><\/strong><strong><b>B<\/b><\/strong><strong><b>usiness<\/b><\/strong><strong><b>\u00a0<\/b><\/strong><strong><b>P<\/b><\/strong><strong><b>arroz<\/b><\/strong><\/h2>\n<p>Esta l\u00ednea semiautom\u00e1tica de producci\u00f3n de patatas fritas tiene las ventajas de peque\u00f1a inversi\u00f3n y bajo coste. Diferentes precios de producci\u00f3n y coincidencia de la m\u00e1quina tambi\u00e9n son diferentes, puede dejar un mensaje para informar a sus necesidades detalladas, vamos a cotizar tan pronto como sea posible.<\/p>\n<h2>Par\u00e1metros t\u00e9cnicos<\/h2>\n<table border=\"0\" cellspacing=\"0\">\n<tbody>\n<tr>\n<td><strong>Nombre<\/strong><\/td>\n<td><strong>Modelo<\/strong><\/td>\n<td nowrap=\"nowrap\"><strong>Dimensi\u00f3n<\/strong><\/td>\n<td nowrap=\"nowrap\"><strong>Potencia<\/strong><\/td>\n<\/tr>\n<tr>\n<td nowrap=\"nowrap\">M\u00e1quina autom\u00e1tica de fre\u00edr<\/td>\n<td nowrap=\"nowrap\">LZG4000A<\/td>\n<td nowrap=\"nowrap\">4000*1400*2230mm<\/td>\n<td nowrap=\"nowrap\">120 kW<\/td>\n<\/tr>\n<tr>\n<td nowrap=\"nowrap\">Desengrasadora<\/td>\n<td nowrap=\"nowrap\">Descarga inferior<\/td>\n<td nowrap=\"nowrap\">1450*1350*1700mm<\/td>\n<td nowrap=\"nowrap\">2,2 KW<\/td>\n<\/tr>\n<tr>\n<td nowrap=\"nowrap\">M\u00e1quina autom\u00e1tica de temporada<\/td>\n<td nowrap=\"nowrap\">GT1500A<\/td>\n<td nowrap=\"nowrap\">1800*900*1600 mm<\/td>\n<td nowrap=\"nowrap\">1,5 Kw<\/td>\n<\/tr>\n<\/tbody>\n<\/table>\n<div role=\"form\" class=\"wpcf7\" id=\"wpcf7-f1653-o1\" lang=\"en-US\" dir=\"ltr\">\n<div class=\"screen-reader-response\"><p role=\"status\" aria-live=\"polite\" aria-atomic=\"true\"><\/p> <ul><\/ul><\/div>\n<form action=\"\/es\/wp-json\/wp\/v2\/product\/2679#wpcf7-f1653-o1\" method=\"post\" class=\"wpcf7-form init\" novalidate=\"novalidate\" data-status=\"init\" data-trp-original-action=\"\/es\/wp-json\/wp\/v2\/product\/2679#wpcf7-f1653-o1\">\n<div style=\"display: none;\">\n<input type=\"hidden\" name=\"_wpcf7\" value=\"1653\" \/>\n<input type=\"hidden\" name=\"_wpcf7_version\" value=\"5.5.4\" \/>\n<input type=\"hidden\" name=\"_wpcf7_locale\" value=\"en_US\" \/>\n<input type=\"hidden\" name=\"_wpcf7_unit_tag\" value=\"wpcf7-f1653-o1\" \/>\n<input type=\"hidden\" name=\"_wpcf7_container_post\" value=\"0\" \/>\n<input type=\"hidden\" name=\"_wpcf7_posted_data_hash\" value=\"\" \/>\n<\/div>\n<div style='text-align:center;font-size: 1.6rem;font-weight:bold'>Dejar mensaje para precio<\/div>\n<div class='forml1' style='float:left;width:48%; margin-right:4%'>\n<label> Su nombre<br \/>\n    <span class=\"wpcf7-form-control-wrap your-name\"><input type=\"text\" name=\"your-name\" value=\"\" size=\"40\" class=\"wpcf7-form-control wpcf7-text\" aria-invalid=\"false\" \/><\/span> <\/label><\/p>\n<p><label> *Su correo electr\u00f3nico<br \/>\n    <span class=\"wpcf7-form-control-wrap your-email\"><input type=\"email\" name=\"your-email\" value=\"\" size=\"40\" class=\"wpcf7-form-control wpcf7-text wpcf7-email wpcf7-validates-as-required wpcf7-validates-as-email\" aria-required=\"true\" aria-invalid=\"false\" \/><\/span> <\/label><\/p>\n<p><label> Tel\u00e9fono\/WhatsApp<br \/>\n    <span class=\"wpcf7-form-control-wrap text-100\"><input type=\"text\" name=\"text-100\" value=\"\" size=\"40\" class=\"wpcf7-form-control wpcf7-text\" aria-invalid=\"false\" \/><\/span> <\/label><br \/>\n<label> Su pa\u00eds<br \/>\n    <span class=\"wpcf7-form-control-wrap text-677\"><input type=\"text\" name=\"text-677\" value=\"\" size=\"40\" class=\"wpcf7-form-control wpcf7-text\" aria-invalid=\"false\" \/><\/span> <\/label><br \/>\n<label> Nombre de su empresa<br \/>\n    <span class=\"wpcf7-form-control-wrap text-680\"><input type=\"text\" name=\"text-680\" value=\"\" size=\"40\" class=\"wpcf7-form-control wpcf7-text\" aria-invalid=\"false\" \/><\/span> <\/label><br \/>\n<label> Su sitio web<br \/>\n    <span class=\"wpcf7-form-control-wrap text-216\"><input type=\"text\" name=\"text-216\" value=\"\" size=\"40\" class=\"wpcf7-form-control wpcf7-text\" aria-invalid=\"false\" \/><\/span> <\/label>\n<\/div>\n<div class='forml2' style='float:left;width:48%;'>\n<label> *Su mensaje<br \/>\n    <span class=\"wpcf7-form-control-wrap your-message\"><textarea name=\"your-message\" cols=\"40\" rows=\"10\" class=\"wpcf7-form-control wpcf7-textarea wpcf7-validates-as-required\" aria-required=\"true\" aria-invalid=\"false\"><\/textarea><\/span> <\/label><\/p>\n<p><input type=\"submit\" value=\"Enviar\" class=\"wpcf7-form-control has-spinner wpcf7-submit\" \/><\/p>\n<\/div>\n<div style='clear:both'><\/div>\n<p style=\"display: none !important;\"><label>&#916;<textarea name=\"_wpcf7_ak_hp_textarea\" cols=\"45\" rows=\"8\" maxlength=\"100\"><\/textarea><\/label><input type=\"hidden\" id=\"ak_js\" name=\"_wpcf7_ak_js\" value=\"13\"\/><script>document.getElementById( \"ak_js\" ).setAttribute( \"value\", ( new Date() ).getTime() );<\/script><\/p><div class=\"wpcf7-response-output\" aria-hidden=\"true\"><\/div><input type=\"hidden\" name=\"trp-form-language\" value=\"es\"\/><\/form><\/div>\n<div style='text-align:left' class='yasr-auto-insert-visitor'><\/div>","protected":false},"excerpt":{"rendered":"<p>Generalmente se personaliza de acuerdo a las necesidades espec\u00edficas de los clientes. La producci\u00f3n de la l\u00ednea de producci\u00f3n de papas fritas peque\u00f1as es generalmente de 70kg\/h, 100kg\/h, 150kg\/h, 200kg\/h y 300kg\/h.<\/p>","protected":false},"featured_media":2680,"comment_status":"open","ping_status":"closed","template":"","meta":{"extendify_custom_stylesheet":"","site-sidebar-layout":"default","site-content-layout":"default","ast-global-header-display":"","ast-banner-title-visibility":"","ast-main-header-display":"","ast-hfb-above-header-display":"","ast-hfb-below-header-display":"","ast-hfb-mobile-header-display":"","site-post-title":"","ast-breadcrumbs-content":"","ast-featured-img":"","footer-sml-layout":"","theme-transparent-header-meta":"","adv-header-id-meta":"","stick-header-meta":"","header-above-stick-meta":"","header-main-stick-meta":"","header-below-stick-meta":"","yasr_overall_rating":0,"yasr_post_is_review":"","yasr_auto_insert_disabled":"","yasr_review_type":""},"product_cat":[25],"product_tag":[],"class_list":["post-2679","product","type-product","status-publish","has-post-thumbnail","hentry","product_cat-potato-solutions","desktop-align-left","tablet-align-left","mobile-align-left"],"yasr_visitor_votes":{"stars_attributes":{"read_only":false,"span_bottom":false},"number_of_votes":0,"sum_votes":0},"yoast_head":"<!-- This site is optimized with the Yoast SEO plugin v20.11 - https:\/\/yoast.com\/wordpress\/plugins\/seo\/ -->\n<title>New Potato Chips Making Machine for Small Business Price -<\/title>\n<meta name=\"description\" content=\"This potato chips making machine for small business is suitable for small potato chip business.\" \/>\n<meta name=\"robots\" content=\"index, follow, max-snippet:-1, max-image-preview:large, max-video-preview:-1\" \/>\n<link rel=\"canonical\" href=\"https:\/\/www.potatoturnkey.com\/es\/product\/potato-chips-making-machine-business\/\" \/>\n<meta property=\"og:locale\" content=\"es_ES\" \/>\n<meta property=\"og:type\" content=\"article\" \/>\n<meta property=\"og:title\" content=\"New Potato Chips Making Machine for Small Business Price -\" \/>\n<meta property=\"og:description\" content=\"This potato chips making machine for small business is suitable for small potato chip business.\" \/>\n<meta property=\"og:url\" content=\"https:\/\/www.potatoturnkey.com\/es\/product\/potato-chips-making-machine-business\/\" \/>\n<meta property=\"og:site_name\" content=\"Potato Process Machines Supplier\" \/>\n<meta property=\"article:modified_time\" content=\"2024-05-07T02:23:24+00:00\" \/>\n<meta property=\"og:image\" content=\"https:\/\/www.potatoturnkey.com\/wp-content\/uploads\/2022\/04\/2.jpg\" \/>\n\t<meta property=\"og:image:width\" content=\"600\" \/>\n\t<meta property=\"og:image:height\" content=\"600\" \/>\n\t<meta property=\"og:image:type\" content=\"image\/jpeg\" \/>\n<meta name=\"twitter:card\" content=\"summary_large_image\" \/>\n<meta name=\"twitter:label1\" content=\"Tiempo de lectura\" \/>\n\t<meta name=\"twitter:data1\" content=\"3 minutos\" \/>\n<script type=\"application\/ld+json\" class=\"yoast-schema-graph\">{\"@context\":\"https:\/\/schema.org\",\"@graph\":[{\"@type\":\"WebPage\",\"@id\":\"https:\/\/www.potatoturnkey.com\/product\/potato-chips-making-machine-business\/\",\"url\":\"https:\/\/www.potatoturnkey.com\/product\/potato-chips-making-machine-business\/\",\"name\":\"New Potato Chips Making Machine for Small Business Price -\",\"isPartOf\":{\"@id\":\"https:\/\/www.potatoturnkey.com\/#website\"},\"datePublished\":\"2022-04-13T08:31:15+00:00\",\"dateModified\":\"2024-05-07T02:23:24+00:00\",\"description\":\"This potato chips making machine for small business is suitable for small potato chip business.\",\"breadcrumb\":{\"@id\":\"https:\/\/www.potatoturnkey.com\/product\/potato-chips-making-machine-business\/#breadcrumb\"},\"inLanguage\":\"es\",\"potentialAction\":[{\"@type\":\"ReadAction\",\"target\":[\"https:\/\/www.potatoturnkey.com\/product\/potato-chips-making-machine-business\/\"]}]},{\"@type\":\"BreadcrumbList\",\"@id\":\"https:\/\/www.potatoturnkey.com\/product\/potato-chips-making-machine-business\/#breadcrumb\",\"itemListElement\":[{\"@type\":\"ListItem\",\"position\":1,\"name\":\"Home\",\"item\":\"https:\/\/www.potatoturnkey.com\/\"},{\"@type\":\"ListItem\",\"position\":2,\"name\":\"Products\",\"item\":\"https:\/\/www.potatoturnkey.com\/shop-2__trashed\/\"},{\"@type\":\"ListItem\",\"position\":3,\"name\":\"New Potato Chips Making Machine for Small Business Price\"}]},{\"@type\":\"WebSite\",\"@id\":\"https:\/\/www.potatoturnkey.com\/#website\",\"url\":\"https:\/\/www.potatoturnkey.com\/\",\"name\":\"Potato Process Machines Supplier\",\"description\":\"Potato Turnkey Processing Machine Supplier\",\"publisher\":{\"@id\":\"https:\/\/www.potatoturnkey.com\/#organization\"},\"potentialAction\":[{\"@type\":\"SearchAction\",\"target\":{\"@type\":\"EntryPoint\",\"urlTemplate\":\"https:\/\/www.potatoturnkey.com\/?s={search_term_string}\"},\"query-input\":\"required name=search_term_string\"}],\"inLanguage\":\"es\"},{\"@type\":\"Organization\",\"@id\":\"https:\/\/www.potatoturnkey.com\/#organization\",\"name\":\"Potato Process Machines Supplier\",\"url\":\"https:\/\/www.potatoturnkey.com\/\",\"logo\":{\"@type\":\"ImageObject\",\"inLanguage\":\"es\",\"@id\":\"https:\/\/www.potatoturnkey.com\/#\/schema\/logo\/image\/\",\"url\":\"https:\/\/www.potatoturnkey.com\/wp-content\/uploads\/2022\/02\/potato.png\",\"contentUrl\":\"https:\/\/www.potatoturnkey.com\/wp-content\/uploads\/2022\/02\/potato.png\",\"width\":200,\"height\":200,\"caption\":\"Potato Process Machines Supplier\"},\"image\":{\"@id\":\"https:\/\/www.potatoturnkey.com\/#\/schema\/logo\/image\/\"}},false]}<\/script>\n<!-- \/ Yoast SEO plugin. -->","yoast_head_json":{"title":"New Potato Chips Making Machine for Small Business Price -","description":"This potato chips making machine for small business is suitable for small potato chip business.","robots":{"index":"index","follow":"follow","max-snippet":"max-snippet:-1","max-image-preview":"max-image-preview:large","max-video-preview":"max-video-preview:-1"},"canonical":"https:\/\/www.potatoturnkey.com\/es\/product\/potato-chips-making-machine-business\/","og_locale":"es_ES","og_type":"article","og_title":"New Potato Chips Making Machine for Small Business Price -","og_description":"This potato chips making machine for small business is suitable for small potato chip business.","og_url":"https:\/\/www.potatoturnkey.com\/es\/product\/potato-chips-making-machine-business\/","og_site_name":"Potato Process Machines Supplier","article_modified_time":"2024-05-07T02:23:24+00:00","og_image":[{"width":600,"height":600,"url":"https:\/\/www.potatoturnkey.com\/wp-content\/uploads\/2022\/04\/2.jpg","type":"image\/jpeg"}],"twitter_card":"summary_large_image","twitter_misc":{"Tiempo de lectura":"3 minutos"},"schema":{"@context":"https:\/\/schema.org","@graph":[{"@type":"WebPage","@id":"https:\/\/www.potatoturnkey.com\/product\/potato-chips-making-machine-business\/","url":"https:\/\/www.potatoturnkey.com\/product\/potato-chips-making-machine-business\/","name":"New Potato Chips Making Machine for Small Business Price -","isPartOf":{"@id":"https:\/\/www.potatoturnkey.com\/#website"},"datePublished":"2022-04-13T08:31:15+00:00","dateModified":"2024-05-07T02:23:24+00:00","description":"This potato chips making machine for small business is suitable for small potato chip business.","breadcrumb":{"@id":"https:\/\/www.potatoturnkey.com\/product\/potato-chips-making-machine-business\/#breadcrumb"},"inLanguage":"es","potentialAction":[{"@type":"ReadAction","target":["https:\/\/www.potatoturnkey.com\/product\/potato-chips-making-machine-business\/"]}]},{"@type":"BreadcrumbList","@id":"https:\/\/www.potatoturnkey.com\/product\/potato-chips-making-machine-business\/#breadcrumb","itemListElement":[{"@type":"ListItem","position":1,"name":"Home","item":"https:\/\/www.potatoturnkey.com\/"},{"@type":"ListItem","position":2,"name":"Products","item":"https:\/\/www.potatoturnkey.com\/shop-2__trashed\/"},{"@type":"ListItem","position":3,"name":"New Potato Chips Making Machine for Small Business Price"}]},{"@type":"WebSite","@id":"https:\/\/www.potatoturnkey.com\/#website","url":"https:\/\/www.potatoturnkey.com\/","name":"Potato Process Machines Supplier","description":"Potato Turnkey Processing Machine Supplier","publisher":{"@id":"https:\/\/www.potatoturnkey.com\/#organization"},"potentialAction":[{"@type":"SearchAction","target":{"@type":"EntryPoint","urlTemplate":"https:\/\/www.potatoturnkey.com\/?s={search_term_string}"},"query-input":"required name=search_term_string"}],"inLanguage":"es"},{"@type":"Organization","@id":"https:\/\/www.potatoturnkey.com\/#organization","name":"Potato Process Machines Supplier","url":"https:\/\/www.potatoturnkey.com\/","logo":{"@type":"ImageObject","inLanguage":"es","@id":"https:\/\/www.potatoturnkey.com\/#\/schema\/logo\/image\/","url":"https:\/\/www.potatoturnkey.com\/wp-content\/uploads\/2022\/02\/potato.png","contentUrl":"https:\/\/www.potatoturnkey.com\/wp-content\/uploads\/2022\/02\/potato.png","width":200,"height":200,"caption":"Potato Process Machines Supplier"},"image":{"@id":"https:\/\/www.potatoturnkey.com\/#\/schema\/logo\/image\/"}},false]}},"_links":{"self":[{"href":"https:\/\/www.potatoturnkey.com\/es\/wp-json\/wp\/v2\/product\/2679","targetHints":{"allow":["GET"]}}],"collection":[{"href":"https:\/\/www.potatoturnkey.com\/es\/wp-json\/wp\/v2\/product"}],"about":[{"href":"https:\/\/www.potatoturnkey.com\/es\/wp-json\/wp\/v2\/types\/product"}],"replies":[{"embeddable":true,"href":"https:\/\/www.potatoturnkey.com\/es\/wp-json\/wp\/v2\/comments?post=2679"}],"wp:featuredmedia":[{"embeddable":true,"href":"https:\/\/www.potatoturnkey.com\/es\/wp-json\/wp\/v2\/media\/2680"}],"wp:attachment":[{"href":"https:\/\/www.potatoturnkey.com\/es\/wp-json\/wp\/v2\/media?parent=2679"}],"wp:term":[{"taxonomy":"product_cat","embeddable":true,"href":"https:\/\/www.potatoturnkey.com\/es\/wp-json\/wp\/v2\/product_cat?post=2679"},{"taxonomy":"product_tag","embeddable":true,"href":"https:\/\/www.potatoturnkey.com\/es\/wp-json\/wp\/v2\/product_tag?post=2679"}],"curies":[{"name":"wp","href":"https:\/\/api.w.org\/{rel}","templated":true}]}}