{"id":2673,"date":"2022-04-11T14:52:55","date_gmt":"2022-04-11T06:52:55","guid":{"rendered":"https:\/\/www.potatoturnkey.com\/?post_type=product&#038;p=2673"},"modified":"2024-05-15T15:14:24","modified_gmt":"2024-05-15T07:14:24","slug":"potato-fries-line","status":"publish","type":"product","link":"https:\/\/www.potatoturnkey.com\/es\/product\/potato-fries-line\/","title":{"rendered":"100-2000kg\/h patatas fritas m\u00e1quina de f\u00e1brica"},"content":{"rendered":"<p>La m\u00e1quina de fabricaci\u00f3n de patatas fritas es un equipo avanzado para la producci\u00f3n en masa de patatas fritas de alta calidad. Estas m\u00e1quinas de patatas fritas integran varios pasos del proceso para automatizar el proceso de producci\u00f3n, desde la manipulaci\u00f3n de las patatas hasta el envasado de las patatas fritas. El uso de tecnolog\u00eda avanzada garantiza la consistencia, la calidad y los est\u00e1ndares higi\u00e9nicos de las patatas fritas, por lo que resulta ideal para los procesadores de alimentos.<\/p>\n<p><img loading=\"lazy\" decoding=\"async\" class=\"alignnone wp-image-2675 size-full\" src=\"https:\/\/www.potatoturnkey.com\/wp-content\/uploads\/2022\/04\/french-fries-industrial-process.jpg\" alt=\"patatas fritas proceso industrial\" width=\"800\" height=\"500\" srcset=\"https:\/\/www.potatoturnkey.com\/wp-content\/uploads\/2022\/04\/french-fries-industrial-process.jpg 800w, https:\/\/www.potatoturnkey.com\/wp-content\/uploads\/2022\/04\/french-fries-industrial-process-300x188.jpg 300w, https:\/\/www.potatoturnkey.com\/wp-content\/uploads\/2022\/04\/french-fries-industrial-process-768x480.jpg 768w, https:\/\/www.potatoturnkey.com\/wp-content\/uploads\/2022\/04\/french-fries-industrial-process-600x375.jpg 600w\" sizes=\"auto, (max-width: 800px) 100vw, 800px\" \/><\/p>\n<p><strong>Proceso de elaboraci\u00f3n de las patatas fritas:<\/strong><\/p>\n<hr \/>\n<p>Lavado y pelado-corte-fritura-deoiling-sazonado-envasado<\/p>\n<p><a href=\"https:\/\/www.potatoturnkey.com\/es\/product\/brush-potato-washer-peeler\/\">Lavado y pelado de patatas<\/a>: Utilice la m\u00e1quina autom\u00e1tica de limpieza y pelado de patatas para limpiar las patatas de forma r\u00e1pida y eficaz.<\/p>\n<p>Cortar las patatas: Cortar las patatas en patatas fritas lisas y de tama\u00f1o uniforme.<\/p>\n<p>Fre\u00edr: El <a href=\"https:\/\/www.potatoturnkey.com\/es\/product\/finger-chips-frying-machine\/\">m\u00e1quina freidora<\/a> fr\u00ede autom\u00e1ticamente las patatas fritas hasta que est\u00e9n doradas. La temperatura y el tiempo de fritura se controlan autom\u00e1ticamente, y el m\u00e9todo de calentamiento puede ser el\u00e9ctrico o de gas.<\/p>\n<p>Desaceitado: Eliminar el exceso de aceite de la superficie de las patatas fritas mediante el principio de vibraci\u00f3n o centrifugaci\u00f3n.<\/p>\n<p>Condimento: Una m\u00e1quina sazonadora de tambor est\u00e1 equipada con un dispositivo de pulverizaci\u00f3n de polvo, que puede esparcir el polvo uniformemente, lograr un sazonado uniforme y tener una baja tasa de rotura.<\/p>\n<p><iframe loading=\"lazy\" title=\"Reproductor de v\u00eddeo YouTube\" src=\"https:\/\/www.youtube.com\/embed\/uFUDca13ZjA?si=V7oH5435-1J7Sv_q\" width=\"800\" height=\"450\" frameborder=\"0\" allowfullscreen=\"allowfullscreen\"><span data-mce-type=\"bookmark\" style=\"display: inline-block; width: 0px; overflow: hidden; line-height: 0;\" class=\"mce_SELRES_start\">El pr\u00f3ximo fin de semana se abrir\u00e1 la nueva tienda de comestibles.<\/span><\/iframe><\/p>\n<p><strong>M\u00e1quina de f\u00e1brica de patatas fritas Caracter\u00edsticas:<\/strong><\/p>\n<hr \/>\n<ol>\n<li>M\u00faltiples opciones: Usted puede elegir la m\u00e1quina semiautom\u00e1tica o autom\u00e1tica de patatas fritas de acuerdo a las necesidades reales de producci\u00f3n, con una producci\u00f3n de 100kg\/h a 2000kg\/h.<\/li>\n<li>Proceso de producci\u00f3n totalmente automatizado: Desde la limpieza y el corte de la patata hasta la fritura y el envasado, todos los pasos est\u00e1n automatizados, lo que mejora enormemente la eficiencia de la producci\u00f3n y reduce los costes de mano de obra.<\/li>\n<li>Garant\u00eda de patatas fritas de alta calidad: La avanzada tecnolog\u00eda de producci\u00f3n y la m\u00e1quina de fabricaci\u00f3n de patatas fritas garantizan la consistencia y la estabilidad de la calidad de las patatas fritas. El preciso sistema de control supervisa par\u00e1metros como la temperatura y el tiempo para garantizar la calidad de las patatas fritas.<\/li>\n<li>F\u00e1cil de manejar y mantener: El dispositivo adopta una interfaz y un sistema operativo f\u00e1ciles de usar, lo que facilita su funcionamiento y mantenimiento. La l\u00ednea de producci\u00f3n tiene un dise\u00f1o razonable y es f\u00e1cil de limpiar y mantener, lo que reduce el tiempo de inactividad de la l\u00ednea de producci\u00f3n.<\/li>\n<\/ol>\n<p><strong>\u00c1reas de aplicaci\u00f3n:<\/strong><\/p>\n<hr \/>\n<p>Es adecuado para diversas empresas de procesamiento de alimentos, incluyendo pero no limitado a las cadenas de comida r\u00e1pida, plantas de procesamiento de alimentos, etc, que pueden lograr la fabricaci\u00f3n eficiente y estable de papas fritas a trav\u00e9s de esta m\u00e1quina de f\u00e1brica de papas fritas.<\/p>\n<div role=\"form\" class=\"wpcf7\" id=\"wpcf7-f1653-o1\" lang=\"en-US\" dir=\"ltr\">\n<div class=\"screen-reader-response\"><p role=\"status\" aria-live=\"polite\" aria-atomic=\"true\"><\/p> <ul><\/ul><\/div>\n<form action=\"\/es\/wp-json\/wp\/v2\/product\/2673#wpcf7-f1653-o1\" method=\"post\" class=\"wpcf7-form init\" novalidate=\"novalidate\" data-status=\"init\" data-trp-original-action=\"\/es\/wp-json\/wp\/v2\/product\/2673#wpcf7-f1653-o1\">\n<div style=\"display: none;\">\n<input type=\"hidden\" name=\"_wpcf7\" value=\"1653\" \/>\n<input type=\"hidden\" name=\"_wpcf7_version\" value=\"5.5.4\" \/>\n<input type=\"hidden\" name=\"_wpcf7_locale\" value=\"en_US\" \/>\n<input type=\"hidden\" name=\"_wpcf7_unit_tag\" value=\"wpcf7-f1653-o1\" \/>\n<input type=\"hidden\" name=\"_wpcf7_container_post\" value=\"0\" \/>\n<input type=\"hidden\" name=\"_wpcf7_posted_data_hash\" value=\"\" \/>\n<\/div>\n<div style='text-align:center;font-size: 1.6rem;font-weight:bold'>Dejar mensaje para precio<\/div>\n<div class='forml1' style='float:left;width:48%; margin-right:4%'>\n<label> Su nombre<br \/>\n    <span class=\"wpcf7-form-control-wrap your-name\"><input type=\"text\" name=\"your-name\" value=\"\" size=\"40\" class=\"wpcf7-form-control wpcf7-text\" aria-invalid=\"false\" \/><\/span> <\/label><\/p>\n<p><label> *Su correo electr\u00f3nico<br \/>\n    <span class=\"wpcf7-form-control-wrap your-email\"><input type=\"email\" name=\"your-email\" value=\"\" size=\"40\" class=\"wpcf7-form-control wpcf7-text wpcf7-email wpcf7-validates-as-required wpcf7-validates-as-email\" aria-required=\"true\" aria-invalid=\"false\" \/><\/span> <\/label><\/p>\n<p><label> Tel\u00e9fono\/WhatsApp<br \/>\n    <span class=\"wpcf7-form-control-wrap text-100\"><input type=\"text\" name=\"text-100\" value=\"\" size=\"40\" class=\"wpcf7-form-control wpcf7-text\" aria-invalid=\"false\" \/><\/span> <\/label><br \/>\n<label> Su pa\u00eds<br \/>\n    <span class=\"wpcf7-form-control-wrap text-677\"><input type=\"text\" name=\"text-677\" value=\"\" size=\"40\" class=\"wpcf7-form-control wpcf7-text\" aria-invalid=\"false\" \/><\/span> <\/label><br \/>\n<label> Nombre de su empresa<br \/>\n    <span class=\"wpcf7-form-control-wrap text-680\"><input type=\"text\" name=\"text-680\" value=\"\" size=\"40\" class=\"wpcf7-form-control wpcf7-text\" aria-invalid=\"false\" \/><\/span> <\/label><br \/>\n<label> Su sitio web<br \/>\n    <span class=\"wpcf7-form-control-wrap text-216\"><input type=\"text\" name=\"text-216\" value=\"\" size=\"40\" class=\"wpcf7-form-control wpcf7-text\" aria-invalid=\"false\" \/><\/span> <\/label>\n<\/div>\n<div class='forml2' style='float:left;width:48%;'>\n<label> *Su mensaje<br \/>\n    <span class=\"wpcf7-form-control-wrap your-message\"><textarea name=\"your-message\" cols=\"40\" rows=\"10\" class=\"wpcf7-form-control wpcf7-textarea wpcf7-validates-as-required\" aria-required=\"true\" aria-invalid=\"false\"><\/textarea><\/span> <\/label><\/p>\n<p><input type=\"submit\" value=\"Enviar\" class=\"wpcf7-form-control has-spinner wpcf7-submit\" \/><\/p>\n<\/div>\n<div style='clear:both'><\/div>\n<p style=\"display: none !important;\"><label>&#916;<textarea name=\"_wpcf7_ak_hp_textarea\" cols=\"45\" rows=\"8\" maxlength=\"100\"><\/textarea><\/label><input type=\"hidden\" id=\"ak_js\" name=\"_wpcf7_ak_js\" value=\"166\"\/><script>document.getElementById( \"ak_js\" ).setAttribute( \"value\", ( new Date() ).getTime() );<\/script><\/p><div class=\"wpcf7-response-output\" aria-hidden=\"true\"><\/div><input type=\"hidden\" name=\"trp-form-language\" value=\"es\"\/><\/form><\/div>\n<div style='text-align:left' class='yasr-auto-insert-visitor'><\/div>","protected":false},"excerpt":{"rendered":"<p>*Ventajas de la m\u00e1quina para hacer patatas fritas: excelente calidad, alta eficiencia de trabajo, soporta la personalizaci\u00f3n.<\/p>\n<p>*Adecuado para plantas de procesamiento de patatas fritas, fabricantes que desean iniciar un negocio de patatas fritas o ampliar su escala.<\/p>\n<p>*Capacidad de 100-2000kg\/h<\/p>","protected":false},"featured_media":3061,"comment_status":"open","ping_status":"closed","template":"","meta":{"extendify_custom_stylesheet":"","site-sidebar-layout":"default","site-content-layout":"default","ast-global-header-display":"","ast-banner-title-visibility":"","ast-main-header-display":"","ast-hfb-above-header-display":"","ast-hfb-below-header-display":"","ast-hfb-mobile-header-display":"","site-post-title":"","ast-breadcrumbs-content":"","ast-featured-img":"","footer-sml-layout":"","theme-transparent-header-meta":"default","adv-header-id-meta":"","stick-header-meta":"","header-above-stick-meta":"","header-main-stick-meta":"","header-below-stick-meta":"","yasr_overall_rating":0,"yasr_post_is_review":"","yasr_auto_insert_disabled":"","yasr_review_type":""},"product_cat":[25],"product_tag":[],"class_list":["post-2673","product","type-product","status-publish","has-post-thumbnail","hentry","product_cat-potato-solutions","desktop-align-left","tablet-align-left","mobile-align-left"],"yasr_visitor_votes":{"stars_attributes":{"read_only":false,"span_bottom":false},"number_of_votes":0,"sum_votes":0},"yoast_head":"<!-- This site is optimized with the Yoast SEO plugin v20.11 - https:\/\/yoast.com\/wordpress\/plugins\/seo\/ -->\n<title>100-2000kg\/h Potato French Fries Factory Machine -<\/title>\n<meta name=\"description\" content=\"The french fries making process include washing and peeling, cutting, frying, deoiling, seasoning, packaging, etc. Capacity from 100-2000kg\/h.\" \/>\n<meta name=\"robots\" content=\"index, follow, max-snippet:-1, max-image-preview:large, max-video-preview:-1\" \/>\n<link rel=\"canonical\" href=\"https:\/\/www.potatoturnkey.com\/es\/product\/potato-fries-line\/\" \/>\n<meta property=\"og:locale\" content=\"es_ES\" \/>\n<meta property=\"og:type\" content=\"article\" \/>\n<meta property=\"og:title\" content=\"100-2000kg\/h Potato French Fries Factory Machine -\" \/>\n<meta property=\"og:description\" content=\"The french fries making process include washing and peeling, cutting, frying, deoiling, seasoning, packaging, etc. Capacity from 100-2000kg\/h.\" \/>\n<meta property=\"og:url\" content=\"https:\/\/www.potatoturnkey.com\/es\/product\/potato-fries-line\/\" \/>\n<meta property=\"og:site_name\" content=\"Potato Process Machines Supplier\" \/>\n<meta property=\"article:modified_time\" content=\"2024-05-15T07:14:24+00:00\" \/>\n<meta property=\"og:image\" content=\"https:\/\/www.potatoturnkey.com\/wp-content\/uploads\/2022\/04\/french-fries.jpg\" \/>\n\t<meta property=\"og:image:width\" content=\"600\" \/>\n\t<meta property=\"og:image:height\" content=\"600\" \/>\n\t<meta property=\"og:image:type\" content=\"image\/jpeg\" \/>\n<meta name=\"twitter:card\" content=\"summary_large_image\" \/>\n<meta name=\"twitter:label1\" content=\"Tiempo de lectura\" \/>\n\t<meta name=\"twitter:data1\" content=\"3 minutos\" \/>\n<script type=\"application\/ld+json\" class=\"yoast-schema-graph\">{\"@context\":\"https:\/\/schema.org\",\"@graph\":[{\"@type\":\"WebPage\",\"@id\":\"https:\/\/www.potatoturnkey.com\/product\/potato-fries-line\/\",\"url\":\"https:\/\/www.potatoturnkey.com\/product\/potato-fries-line\/\",\"name\":\"100-2000kg\/h Potato French Fries Factory Machine -\",\"isPartOf\":{\"@id\":\"https:\/\/www.potatoturnkey.com\/#website\"},\"datePublished\":\"2022-04-11T06:52:55+00:00\",\"dateModified\":\"2024-05-15T07:14:24+00:00\",\"description\":\"The french fries making process include washing and peeling, cutting, frying, deoiling, seasoning, packaging, etc. Capacity from 100-2000kg\/h.\",\"breadcrumb\":{\"@id\":\"https:\/\/www.potatoturnkey.com\/product\/potato-fries-line\/#breadcrumb\"},\"inLanguage\":\"es\",\"potentialAction\":[{\"@type\":\"ReadAction\",\"target\":[\"https:\/\/www.potatoturnkey.com\/product\/potato-fries-line\/\"]}]},{\"@type\":\"BreadcrumbList\",\"@id\":\"https:\/\/www.potatoturnkey.com\/product\/potato-fries-line\/#breadcrumb\",\"itemListElement\":[{\"@type\":\"ListItem\",\"position\":1,\"name\":\"Home\",\"item\":\"https:\/\/www.potatoturnkey.com\/\"},{\"@type\":\"ListItem\",\"position\":2,\"name\":\"Products\",\"item\":\"https:\/\/www.potatoturnkey.com\/shop-2__trashed\/\"},{\"@type\":\"ListItem\",\"position\":3,\"name\":\"100-2000kg\/h Potato French Fries Factory Machine\"}]},{\"@type\":\"WebSite\",\"@id\":\"https:\/\/www.potatoturnkey.com\/#website\",\"url\":\"https:\/\/www.potatoturnkey.com\/\",\"name\":\"Potato Process Machines Supplier\",\"description\":\"Potato Turnkey Processing Machine Supplier\",\"publisher\":{\"@id\":\"https:\/\/www.potatoturnkey.com\/#organization\"},\"potentialAction\":[{\"@type\":\"SearchAction\",\"target\":{\"@type\":\"EntryPoint\",\"urlTemplate\":\"https:\/\/www.potatoturnkey.com\/?s={search_term_string}\"},\"query-input\":\"required name=search_term_string\"}],\"inLanguage\":\"es\"},{\"@type\":\"Organization\",\"@id\":\"https:\/\/www.potatoturnkey.com\/#organization\",\"name\":\"Potato Process Machines Supplier\",\"url\":\"https:\/\/www.potatoturnkey.com\/\",\"logo\":{\"@type\":\"ImageObject\",\"inLanguage\":\"es\",\"@id\":\"https:\/\/www.potatoturnkey.com\/#\/schema\/logo\/image\/\",\"url\":\"https:\/\/www.potatoturnkey.com\/wp-content\/uploads\/2022\/02\/potato.png\",\"contentUrl\":\"https:\/\/www.potatoturnkey.com\/wp-content\/uploads\/2022\/02\/potato.png\",\"width\":200,\"height\":200,\"caption\":\"Potato Process Machines Supplier\"},\"image\":{\"@id\":\"https:\/\/www.potatoturnkey.com\/#\/schema\/logo\/image\/\"}},false]}<\/script>\n<!-- \/ Yoast SEO plugin. -->","yoast_head_json":{"title":"100-2000kg\/h Potato French Fries Factory Machine -","description":"The french fries making process include washing and peeling, cutting, frying, deoiling, seasoning, packaging, etc. Capacity from 100-2000kg\/h.","robots":{"index":"index","follow":"follow","max-snippet":"max-snippet:-1","max-image-preview":"max-image-preview:large","max-video-preview":"max-video-preview:-1"},"canonical":"https:\/\/www.potatoturnkey.com\/es\/product\/potato-fries-line\/","og_locale":"es_ES","og_type":"article","og_title":"100-2000kg\/h Potato French Fries Factory Machine -","og_description":"The french fries making process include washing and peeling, cutting, frying, deoiling, seasoning, packaging, etc. Capacity from 100-2000kg\/h.","og_url":"https:\/\/www.potatoturnkey.com\/es\/product\/potato-fries-line\/","og_site_name":"Potato Process Machines Supplier","article_modified_time":"2024-05-15T07:14:24+00:00","og_image":[{"width":600,"height":600,"url":"https:\/\/www.potatoturnkey.com\/wp-content\/uploads\/2022\/04\/french-fries.jpg","type":"image\/jpeg"}],"twitter_card":"summary_large_image","twitter_misc":{"Tiempo de lectura":"3 minutos"},"schema":{"@context":"https:\/\/schema.org","@graph":[{"@type":"WebPage","@id":"https:\/\/www.potatoturnkey.com\/product\/potato-fries-line\/","url":"https:\/\/www.potatoturnkey.com\/product\/potato-fries-line\/","name":"100-2000kg\/h Potato French Fries Factory Machine -","isPartOf":{"@id":"https:\/\/www.potatoturnkey.com\/#website"},"datePublished":"2022-04-11T06:52:55+00:00","dateModified":"2024-05-15T07:14:24+00:00","description":"The french fries making process include washing and peeling, cutting, frying, deoiling, seasoning, packaging, etc. Capacity from 100-2000kg\/h.","breadcrumb":{"@id":"https:\/\/www.potatoturnkey.com\/product\/potato-fries-line\/#breadcrumb"},"inLanguage":"es","potentialAction":[{"@type":"ReadAction","target":["https:\/\/www.potatoturnkey.com\/product\/potato-fries-line\/"]}]},{"@type":"BreadcrumbList","@id":"https:\/\/www.potatoturnkey.com\/product\/potato-fries-line\/#breadcrumb","itemListElement":[{"@type":"ListItem","position":1,"name":"Home","item":"https:\/\/www.potatoturnkey.com\/"},{"@type":"ListItem","position":2,"name":"Products","item":"https:\/\/www.potatoturnkey.com\/shop-2__trashed\/"},{"@type":"ListItem","position":3,"name":"100-2000kg\/h Potato French Fries Factory Machine"}]},{"@type":"WebSite","@id":"https:\/\/www.potatoturnkey.com\/#website","url":"https:\/\/www.potatoturnkey.com\/","name":"Potato Process Machines Supplier","description":"Potato Turnkey Processing Machine Supplier","publisher":{"@id":"https:\/\/www.potatoturnkey.com\/#organization"},"potentialAction":[{"@type":"SearchAction","target":{"@type":"EntryPoint","urlTemplate":"https:\/\/www.potatoturnkey.com\/?s={search_term_string}"},"query-input":"required name=search_term_string"}],"inLanguage":"es"},{"@type":"Organization","@id":"https:\/\/www.potatoturnkey.com\/#organization","name":"Potato Process Machines Supplier","url":"https:\/\/www.potatoturnkey.com\/","logo":{"@type":"ImageObject","inLanguage":"es","@id":"https:\/\/www.potatoturnkey.com\/#\/schema\/logo\/image\/","url":"https:\/\/www.potatoturnkey.com\/wp-content\/uploads\/2022\/02\/potato.png","contentUrl":"https:\/\/www.potatoturnkey.com\/wp-content\/uploads\/2022\/02\/potato.png","width":200,"height":200,"caption":"Potato Process Machines Supplier"},"image":{"@id":"https:\/\/www.potatoturnkey.com\/#\/schema\/logo\/image\/"}},false]}},"_links":{"self":[{"href":"https:\/\/www.potatoturnkey.com\/es\/wp-json\/wp\/v2\/product\/2673","targetHints":{"allow":["GET"]}}],"collection":[{"href":"https:\/\/www.potatoturnkey.com\/es\/wp-json\/wp\/v2\/product"}],"about":[{"href":"https:\/\/www.potatoturnkey.com\/es\/wp-json\/wp\/v2\/types\/product"}],"replies":[{"embeddable":true,"href":"https:\/\/www.potatoturnkey.com\/es\/wp-json\/wp\/v2\/comments?post=2673"}],"wp:featuredmedia":[{"embeddable":true,"href":"https:\/\/www.potatoturnkey.com\/es\/wp-json\/wp\/v2\/media\/3061"}],"wp:attachment":[{"href":"https:\/\/www.potatoturnkey.com\/es\/wp-json\/wp\/v2\/media?parent=2673"}],"wp:term":[{"taxonomy":"product_cat","embeddable":true,"href":"https:\/\/www.potatoturnkey.com\/es\/wp-json\/wp\/v2\/product_cat?post=2673"},{"taxonomy":"product_tag","embeddable":true,"href":"https:\/\/www.potatoturnkey.com\/es\/wp-json\/wp\/v2\/product_tag?post=2673"}],"curies":[{"name":"wp","href":"https:\/\/api.w.org\/{rel}","templated":true}]}}