{"id":2669,"date":"2022-04-06T16:36:57","date_gmt":"2022-04-06T08:36:57","guid":{"rendered":"https:\/\/www.potatoturnkey.com\/?post_type=product&#038;p=2669"},"modified":"2022-11-05T15:58:33","modified_gmt":"2022-11-05T07:58:33","slug":"french-fries-machine-business","status":"publish","type":"product","link":"https:\/\/www.potatoturnkey.com\/es\/product\/french-fries-machine-business\/","title":{"rendered":"M\u00e1quina autom\u00e1tica de patatas fritas para empresas"},"content":{"rendered":"<p>Tanto si se trata de patatas fritas como de patatas fritas ultracongeladas, las m\u00e1quinas autom\u00e1ticas de patatas fritas utilizadas por las empresas incluyen principalmente las siguientes: m\u00e1quina cortadora de patatas, m\u00e1quina lavadora y peladora de patatas, m\u00e1quina cortadora de patatas fritas, m\u00e1quina freidora de patatas fritas, m\u00e1quina desaceitadora de patatas fritas, m\u00e1quina sazonadora de patatas fritas, m\u00e1quina congeladora de patatas fritas, m\u00e1quina envolvedora de patatas fritas. Las m\u00e1quinas mencionadas son algunas m\u00e1quinas comunes en el proceso de producci\u00f3n de patatas fritas, y cada m\u00e1quina de fabricaci\u00f3n de patatas fritas tiene diferentes funciones en el proceso de producci\u00f3n.<\/p>\n<p><iframe loading=\"lazy\" title=\"Reproductor de v\u00eddeo YouTube\" src=\"https:\/\/www.youtube.com\/embed\/0476pHOBteE\" width=\"800\" height=\"475.5\" frameborder=\"0\" allowfullscreen=\"allowfullscreen\"><span data-mce-type=\"bookmark\" style=\"display: inline-block; width: 0px; overflow: hidden; line-height: 0;\" class=\"mce_SELRES_start\">El pr\u00f3ximo fin de semana se abrir\u00e1 la nueva tienda de comestibles.<\/span><\/iframe><\/p>\n<h2><strong><b>Introducci\u00f3n de <\/b><\/strong><strong><b>F<\/b><\/strong><strong><b>ully <\/b><\/strong><strong><b>A<\/b><\/strong><strong><b>utom\u00e1tico <\/b><\/strong><strong><b>F<\/b><\/strong><strong><b>rench <\/b><\/strong><strong><b>F<\/b><\/strong><strong><b>ries <\/b><\/strong><strong><b>M<\/b><\/strong><strong><b>achine<\/b><\/strong><strong><b>\u00a0<\/b><\/strong><strong><b>para <\/b><\/strong><strong><b>B<\/b><\/strong><strong><b>usiness<\/b><\/strong><\/h2>\n<h2><strong><b>\u00a0<\/b><\/strong><\/h2>\n<h3><strong><b>En primer lugar<\/b><\/strong><strong><b>\uff1a M<\/b><\/strong><strong><b>achine <\/b><\/strong><strong><b>U<\/b><\/strong><strong><b>sed para <\/b><\/strong><strong><b>F<\/b><\/strong><strong><b>rying <\/b><\/strong><strong><b>F<\/b><\/strong><strong><b>rench <\/b><\/strong><strong><b>F<\/b><\/strong><strong><b>ries<\/b><\/strong><\/h3>\n<p>Las siguientes m\u00e1quinas se utilizan com\u00fanmente en el proceso de fre\u00edr patatas fritas, y tambi\u00e9n se utilizan com\u00fanmente en la l\u00ednea de producci\u00f3n de patatas fritas.<\/p>\n<ol>\n<li>M\u00e1quina limpiadora y peladora de patatas: Integra la limpieza y el pelado, que puede limpiar eficientemente las patatas y lograr el prop\u00f3sito de pelado.<\/li>\n<li>M\u00e1quina cortadora de patatas fritas: corta las patatas seg\u00fan el tama\u00f1o, el tama\u00f1o de corte de las patatas fritas se puede ajustar y personalizar.<\/li>\n<li>Blanqueadora de patatas fritas: desempe\u00f1a la funci\u00f3n de protecci\u00f3n del color.<\/li>\n<li>M\u00e1quina para fre\u00edr patatas fritas: La temperatura y el tiempo de fritura se pueden ajustar, la calidad de los productos fritos es buena y el funcionamiento es sencillo.<\/li>\n<li>M\u00e1quina desaceitadora de patatas fritas: Puede reducir eficazmente la sensaci\u00f3n de grasa, y el aceite eliminado puede reciclarse y reutilizarse.<\/li>\n<li>M\u00e1quina sazonadora de patatas fritas: sazona con diferentes condimentos, la m\u00e1quina sazonadora funciona muy suavemente durante el proceso de trabajo, no da\u00f1a el material, y puede obtener patatas fritas con diferentes sabores.<\/li>\n<li>Envasadora de patatas fritas: la envasadora autom\u00e1tica envasa las patatas fritas.<\/li>\n<\/ol>\n<p>&nbsp;<\/p>\n<h3><strong><b>Segundo<\/b><\/strong><strong><b>\uff1a <\/b><\/strong><strong><b>M\u00e1quinas <\/b><\/strong><strong><b>U<\/b><\/strong><strong><b>sed para <\/b><\/strong><strong><b>F<\/b><\/strong><strong><b>rozen <\/b><\/strong><strong><b>F<\/b><\/strong><strong><b>rench <\/b><\/strong><strong><b>F<\/b><\/strong><strong><b>ries<\/b><\/strong><\/h3>\n<p>Las siguientes m\u00e1quinas se utilizan habitualmente en la l\u00ednea de producci\u00f3n de patatas fritas congeladas.<\/p>\n<ol>\n<li>Lavadora y peladora de patatas: Lava y pela las patatas.<\/li>\n<li>M\u00e1quina cortadora de patatas fritas: Corta las patatas en patatas fritas.<\/li>\n<li>Blanqueadora de patatas fritas: desempe\u00f1a la funci\u00f3n de protecci\u00f3n del color.<\/li>\n<li>M\u00e1quina freidora de patatas fritas: fre\u00edr antes de la congelaci\u00f3n r\u00e1pida para garantizar la textura de las patatas fritas despu\u00e9s de la congelaci\u00f3n r\u00e1pida.<\/li>\n<li>M\u00e1quina congeladora de patatas fritas: congele r\u00e1pidamente las patatas fritas fritas, esta m\u00e1quina de patatas fritas para empresas puede congelar r\u00e1pidamente las patatas fritas por lotes.<\/li>\n<li>Conservaci\u00f3n en fr\u00edo: refrigerar.<\/li>\n<\/ol>\n<p><img loading=\"lazy\" decoding=\"async\" class=\"alignnone wp-image-2670 size-full\" src=\"https:\/\/www.potatoturnkey.com\/wp-content\/uploads\/2022\/04\/fries-2.jpg\" alt=\"m\u00e1quina autom\u00e1tica de patatas fritas\" width=\"800\" height=\"501\" srcset=\"https:\/\/www.potatoturnkey.com\/wp-content\/uploads\/2022\/04\/fries-2.jpg 800w, https:\/\/www.potatoturnkey.com\/wp-content\/uploads\/2022\/04\/fries-2-300x188.jpg 300w, https:\/\/www.potatoturnkey.com\/wp-content\/uploads\/2022\/04\/fries-2-768x481.jpg 768w, https:\/\/www.potatoturnkey.com\/wp-content\/uploads\/2022\/04\/fries-2-600x376.jpg 600w\" sizes=\"auto, (max-width: 800px) 100vw, 800px\" \/><\/p>\n<h2><\/h2>\n<h2><strong><b>Ventajas de <\/b><\/strong><strong><b>F<\/b><\/strong><strong><b>rench <\/b><\/strong><strong><b>F<\/b><\/strong><strong><b>ries <\/b><\/strong><strong><b>M<\/b><\/strong><strong><b>anufactura <\/b><\/strong><strong><b>M<\/b><\/strong><strong><b>achine<\/b><\/strong><\/h2>\n<ol>\n<li>Apoyo a la personalizaci\u00f3n, cada m\u00e1quina de fabricaci\u00f3n de patatas fritas se puede personalizar de acuerdo a las necesidades de producci\u00f3n.<\/li>\n<li>La tecnolog\u00eda de procesado de patatas fritas congeladas y la tecnolog\u00eda de procesado de patatas fritas fritas pueden suministrarse en funci\u00f3n de la demanda.<\/li>\n<li>Calidad fiable, la mayor\u00eda de las m\u00e1quinas est\u00e1n fabricadas en acero inoxidable de alta calidad, lo que se ajusta a la seguridad de la producci\u00f3n alimentaria.<\/li>\n<li>Alta eficiencia de trabajo y ahorro de energ\u00eda.<\/li>\n<\/ol>\n<p>&nbsp;<\/p>\n<p>Lo anterior es la introducci\u00f3n de la m\u00e1quina autom\u00e1tica de papas fritas, si desea obtener m\u00e1s detalles, puede dejarnos un mensaje.<\/p>\n<div role=\"form\" class=\"wpcf7\" id=\"wpcf7-f1653-o1\" lang=\"en-US\" dir=\"ltr\">\n<div class=\"screen-reader-response\"><p role=\"status\" aria-live=\"polite\" aria-atomic=\"true\"><\/p> <ul><\/ul><\/div>\n<form action=\"\/es\/wp-json\/wp\/v2\/product\/2669#wpcf7-f1653-o1\" method=\"post\" class=\"wpcf7-form init\" novalidate=\"novalidate\" data-status=\"init\" data-trp-original-action=\"\/es\/wp-json\/wp\/v2\/product\/2669#wpcf7-f1653-o1\">\n<div style=\"display: none;\">\n<input type=\"hidden\" name=\"_wpcf7\" value=\"1653\" \/>\n<input type=\"hidden\" name=\"_wpcf7_version\" value=\"5.5.4\" \/>\n<input type=\"hidden\" name=\"_wpcf7_locale\" value=\"en_US\" \/>\n<input type=\"hidden\" name=\"_wpcf7_unit_tag\" value=\"wpcf7-f1653-o1\" \/>\n<input type=\"hidden\" name=\"_wpcf7_container_post\" value=\"0\" \/>\n<input type=\"hidden\" name=\"_wpcf7_posted_data_hash\" value=\"\" \/>\n<\/div>\n<div style='text-align:center;font-size: 1.6rem;font-weight:bold'>Dejar mensaje para precio<\/div>\n<div class='forml1' style='float:left;width:48%; margin-right:4%'>\n<label> Su nombre<br \/>\n    <span class=\"wpcf7-form-control-wrap your-name\"><input type=\"text\" name=\"your-name\" value=\"\" size=\"40\" class=\"wpcf7-form-control wpcf7-text\" aria-invalid=\"false\" \/><\/span> <\/label><\/p>\n<p><label> *Su correo electr\u00f3nico<br \/>\n    <span class=\"wpcf7-form-control-wrap your-email\"><input type=\"email\" name=\"your-email\" value=\"\" size=\"40\" class=\"wpcf7-form-control wpcf7-text wpcf7-email wpcf7-validates-as-required wpcf7-validates-as-email\" aria-required=\"true\" aria-invalid=\"false\" \/><\/span> <\/label><\/p>\n<p><label> Tel\u00e9fono\/WhatsApp<br \/>\n    <span class=\"wpcf7-form-control-wrap text-100\"><input type=\"text\" name=\"text-100\" value=\"\" size=\"40\" class=\"wpcf7-form-control wpcf7-text\" aria-invalid=\"false\" \/><\/span> <\/label><br \/>\n<label> Su pa\u00eds<br \/>\n    <span class=\"wpcf7-form-control-wrap text-677\"><input type=\"text\" name=\"text-677\" value=\"\" size=\"40\" class=\"wpcf7-form-control wpcf7-text\" aria-invalid=\"false\" \/><\/span> <\/label><br \/>\n<label> Nombre de su empresa<br \/>\n    <span class=\"wpcf7-form-control-wrap text-680\"><input type=\"text\" name=\"text-680\" value=\"\" size=\"40\" class=\"wpcf7-form-control wpcf7-text\" aria-invalid=\"false\" \/><\/span> <\/label><br \/>\n<label> Su sitio web<br \/>\n    <span class=\"wpcf7-form-control-wrap text-216\"><input type=\"text\" name=\"text-216\" value=\"\" size=\"40\" class=\"wpcf7-form-control wpcf7-text\" aria-invalid=\"false\" \/><\/span> <\/label>\n<\/div>\n<div class='forml2' style='float:left;width:48%;'>\n<label> *Su mensaje<br \/>\n    <span class=\"wpcf7-form-control-wrap your-message\"><textarea name=\"your-message\" cols=\"40\" rows=\"10\" class=\"wpcf7-form-control wpcf7-textarea wpcf7-validates-as-required\" aria-required=\"true\" aria-invalid=\"false\"><\/textarea><\/span> <\/label><\/p>\n<p><input type=\"submit\" value=\"Enviar\" class=\"wpcf7-form-control has-spinner wpcf7-submit\" \/><\/p>\n<\/div>\n<div style='clear:both'><\/div>\n<p style=\"display: none !important;\"><label>&#916;<textarea name=\"_wpcf7_ak_hp_textarea\" cols=\"45\" rows=\"8\" maxlength=\"100\"><\/textarea><\/label><input type=\"hidden\" id=\"ak_js\" name=\"_wpcf7_ak_js\" value=\"43\"\/><script>document.getElementById( \"ak_js\" ).setAttribute( \"value\", ( new Date() ).getTime() );<\/script><\/p><div class=\"wpcf7-response-output\" aria-hidden=\"true\"><\/div><input type=\"hidden\" name=\"trp-form-language\" value=\"es\"\/><\/form><\/div>\n<div style='text-align:left' class='yasr-auto-insert-visitor'><\/div>","protected":false},"excerpt":{"rendered":"<p>Presentaci\u00f3n de la m\u00e1quina de patatas fritas para empresas: Se puede utilizar para hacer patatas fritas y congeladas.<\/p>","protected":false},"featured_media":2671,"comment_status":"open","ping_status":"closed","template":"","meta":{"extendify_custom_stylesheet":"","site-sidebar-layout":"default","site-content-layout":"default","ast-global-header-display":"","ast-banner-title-visibility":"","ast-main-header-display":"","ast-hfb-above-header-display":"","ast-hfb-below-header-display":"","ast-hfb-mobile-header-display":"","site-post-title":"","ast-breadcrumbs-content":"","ast-featured-img":"","footer-sml-layout":"","theme-transparent-header-meta":"","adv-header-id-meta":"","stick-header-meta":"","header-above-stick-meta":"","header-main-stick-meta":"","header-below-stick-meta":"","yasr_overall_rating":0,"yasr_post_is_review":"","yasr_auto_insert_disabled":"","yasr_review_type":""},"product_cat":[27],"product_tag":[],"class_list":["post-2669","product","type-product","status-publish","has-post-thumbnail","hentry","product_cat-potato-processing-machines","desktop-align-left","tablet-align-left","mobile-align-left"],"yasr_visitor_votes":{"stars_attributes":{"read_only":false,"span_bottom":false},"number_of_votes":0,"sum_votes":0},"yoast_head":"<!-- This site is optimized with the Yoast SEO plugin v20.11 - https:\/\/yoast.com\/wordpress\/plugins\/seo\/ -->\n<title>Fully Automatic French Fries Machine for Business -<\/title>\n<meta name=\"description\" content=\"The automatic french fries making machine has high working efficiency, saves time and labor, and is suitable for commercial fries.\" \/>\n<meta name=\"robots\" content=\"index, follow, max-snippet:-1, max-image-preview:large, max-video-preview:-1\" \/>\n<link rel=\"canonical\" href=\"https:\/\/www.potatoturnkey.com\/es\/product\/french-fries-machine-business\/\" \/>\n<meta property=\"og:locale\" content=\"es_ES\" \/>\n<meta property=\"og:type\" content=\"article\" \/>\n<meta property=\"og:title\" content=\"Fully Automatic French Fries Machine for Business -\" \/>\n<meta property=\"og:description\" content=\"The automatic french fries making machine has high working efficiency, saves time and labor, and is suitable for commercial fries.\" \/>\n<meta property=\"og:url\" content=\"https:\/\/www.potatoturnkey.com\/es\/product\/french-fries-machine-business\/\" \/>\n<meta property=\"og:site_name\" content=\"Potato Process Machines Supplier\" \/>\n<meta property=\"article:modified_time\" content=\"2022-11-05T07:58:33+00:00\" \/>\n<meta property=\"og:image\" content=\"https:\/\/www.potatoturnkey.com\/wp-content\/uploads\/2022\/04\/fries-machine.jpg\" \/>\n\t<meta property=\"og:image:width\" content=\"600\" \/>\n\t<meta property=\"og:image:height\" content=\"600\" \/>\n\t<meta property=\"og:image:type\" content=\"image\/jpeg\" \/>\n<meta name=\"twitter:card\" content=\"summary_large_image\" \/>\n<meta name=\"twitter:label1\" content=\"Tiempo de lectura\" \/>\n\t<meta name=\"twitter:data1\" content=\"3 minutos\" \/>\n<script type=\"application\/ld+json\" class=\"yoast-schema-graph\">{\"@context\":\"https:\/\/schema.org\",\"@graph\":[{\"@type\":\"WebPage\",\"@id\":\"https:\/\/www.potatoturnkey.com\/product\/french-fries-machine-business\/\",\"url\":\"https:\/\/www.potatoturnkey.com\/product\/french-fries-machine-business\/\",\"name\":\"Fully Automatic French Fries Machine for Business -\",\"isPartOf\":{\"@id\":\"https:\/\/www.potatoturnkey.com\/#website\"},\"datePublished\":\"2022-04-06T08:36:57+00:00\",\"dateModified\":\"2022-11-05T07:58:33+00:00\",\"description\":\"The automatic french fries making machine has high working efficiency, saves time and labor, and is suitable for commercial fries.\",\"breadcrumb\":{\"@id\":\"https:\/\/www.potatoturnkey.com\/product\/french-fries-machine-business\/#breadcrumb\"},\"inLanguage\":\"es\",\"potentialAction\":[{\"@type\":\"ReadAction\",\"target\":[\"https:\/\/www.potatoturnkey.com\/product\/french-fries-machine-business\/\"]}]},{\"@type\":\"BreadcrumbList\",\"@id\":\"https:\/\/www.potatoturnkey.com\/product\/french-fries-machine-business\/#breadcrumb\",\"itemListElement\":[{\"@type\":\"ListItem\",\"position\":1,\"name\":\"Home\",\"item\":\"https:\/\/www.potatoturnkey.com\/\"},{\"@type\":\"ListItem\",\"position\":2,\"name\":\"Products\",\"item\":\"https:\/\/www.potatoturnkey.com\/shop-2__trashed\/\"},{\"@type\":\"ListItem\",\"position\":3,\"name\":\"Fully Automatic French Fries Machine for Business\"}]},{\"@type\":\"WebSite\",\"@id\":\"https:\/\/www.potatoturnkey.com\/#website\",\"url\":\"https:\/\/www.potatoturnkey.com\/\",\"name\":\"Potato Process Machines Supplier\",\"description\":\"Potato Turnkey Processing Machine Supplier\",\"publisher\":{\"@id\":\"https:\/\/www.potatoturnkey.com\/#organization\"},\"potentialAction\":[{\"@type\":\"SearchAction\",\"target\":{\"@type\":\"EntryPoint\",\"urlTemplate\":\"https:\/\/www.potatoturnkey.com\/?s={search_term_string}\"},\"query-input\":\"required name=search_term_string\"}],\"inLanguage\":\"es\"},{\"@type\":\"Organization\",\"@id\":\"https:\/\/www.potatoturnkey.com\/#organization\",\"name\":\"Potato Process Machines Supplier\",\"url\":\"https:\/\/www.potatoturnkey.com\/\",\"logo\":{\"@type\":\"ImageObject\",\"inLanguage\":\"es\",\"@id\":\"https:\/\/www.potatoturnkey.com\/#\/schema\/logo\/image\/\",\"url\":\"https:\/\/www.potatoturnkey.com\/wp-content\/uploads\/2022\/02\/potato.png\",\"contentUrl\":\"https:\/\/www.potatoturnkey.com\/wp-content\/uploads\/2022\/02\/potato.png\",\"width\":200,\"height\":200,\"caption\":\"Potato Process Machines Supplier\"},\"image\":{\"@id\":\"https:\/\/www.potatoturnkey.com\/#\/schema\/logo\/image\/\"}},false]}<\/script>\n<!-- \/ Yoast SEO plugin. -->","yoast_head_json":{"title":"Fully Automatic French Fries Machine for Business -","description":"The automatic french fries making machine has high working efficiency, saves time and labor, and is suitable for commercial fries.","robots":{"index":"index","follow":"follow","max-snippet":"max-snippet:-1","max-image-preview":"max-image-preview:large","max-video-preview":"max-video-preview:-1"},"canonical":"https:\/\/www.potatoturnkey.com\/es\/product\/french-fries-machine-business\/","og_locale":"es_ES","og_type":"article","og_title":"Fully Automatic French Fries Machine for Business -","og_description":"The automatic french fries making machine has high working efficiency, saves time and labor, and is suitable for commercial fries.","og_url":"https:\/\/www.potatoturnkey.com\/es\/product\/french-fries-machine-business\/","og_site_name":"Potato Process Machines Supplier","article_modified_time":"2022-11-05T07:58:33+00:00","og_image":[{"width":600,"height":600,"url":"https:\/\/www.potatoturnkey.com\/wp-content\/uploads\/2022\/04\/fries-machine.jpg","type":"image\/jpeg"}],"twitter_card":"summary_large_image","twitter_misc":{"Tiempo de lectura":"3 minutos"},"schema":{"@context":"https:\/\/schema.org","@graph":[{"@type":"WebPage","@id":"https:\/\/www.potatoturnkey.com\/product\/french-fries-machine-business\/","url":"https:\/\/www.potatoturnkey.com\/product\/french-fries-machine-business\/","name":"Fully Automatic French Fries Machine for Business -","isPartOf":{"@id":"https:\/\/www.potatoturnkey.com\/#website"},"datePublished":"2022-04-06T08:36:57+00:00","dateModified":"2022-11-05T07:58:33+00:00","description":"The automatic french fries making machine has high working efficiency, saves time and labor, and is suitable for commercial fries.","breadcrumb":{"@id":"https:\/\/www.potatoturnkey.com\/product\/french-fries-machine-business\/#breadcrumb"},"inLanguage":"es","potentialAction":[{"@type":"ReadAction","target":["https:\/\/www.potatoturnkey.com\/product\/french-fries-machine-business\/"]}]},{"@type":"BreadcrumbList","@id":"https:\/\/www.potatoturnkey.com\/product\/french-fries-machine-business\/#breadcrumb","itemListElement":[{"@type":"ListItem","position":1,"name":"Home","item":"https:\/\/www.potatoturnkey.com\/"},{"@type":"ListItem","position":2,"name":"Products","item":"https:\/\/www.potatoturnkey.com\/shop-2__trashed\/"},{"@type":"ListItem","position":3,"name":"Fully Automatic French Fries Machine for Business"}]},{"@type":"WebSite","@id":"https:\/\/www.potatoturnkey.com\/#website","url":"https:\/\/www.potatoturnkey.com\/","name":"Potato Process Machines Supplier","description":"Potato Turnkey Processing Machine Supplier","publisher":{"@id":"https:\/\/www.potatoturnkey.com\/#organization"},"potentialAction":[{"@type":"SearchAction","target":{"@type":"EntryPoint","urlTemplate":"https:\/\/www.potatoturnkey.com\/?s={search_term_string}"},"query-input":"required name=search_term_string"}],"inLanguage":"es"},{"@type":"Organization","@id":"https:\/\/www.potatoturnkey.com\/#organization","name":"Potato Process Machines Supplier","url":"https:\/\/www.potatoturnkey.com\/","logo":{"@type":"ImageObject","inLanguage":"es","@id":"https:\/\/www.potatoturnkey.com\/#\/schema\/logo\/image\/","url":"https:\/\/www.potatoturnkey.com\/wp-content\/uploads\/2022\/02\/potato.png","contentUrl":"https:\/\/www.potatoturnkey.com\/wp-content\/uploads\/2022\/02\/potato.png","width":200,"height":200,"caption":"Potato Process Machines Supplier"},"image":{"@id":"https:\/\/www.potatoturnkey.com\/#\/schema\/logo\/image\/"}},false]}},"_links":{"self":[{"href":"https:\/\/www.potatoturnkey.com\/es\/wp-json\/wp\/v2\/product\/2669","targetHints":{"allow":["GET"]}}],"collection":[{"href":"https:\/\/www.potatoturnkey.com\/es\/wp-json\/wp\/v2\/product"}],"about":[{"href":"https:\/\/www.potatoturnkey.com\/es\/wp-json\/wp\/v2\/types\/product"}],"replies":[{"embeddable":true,"href":"https:\/\/www.potatoturnkey.com\/es\/wp-json\/wp\/v2\/comments?post=2669"}],"wp:featuredmedia":[{"embeddable":true,"href":"https:\/\/www.potatoturnkey.com\/es\/wp-json\/wp\/v2\/media\/2671"}],"wp:attachment":[{"href":"https:\/\/www.potatoturnkey.com\/es\/wp-json\/wp\/v2\/media?parent=2669"}],"wp:term":[{"taxonomy":"product_cat","embeddable":true,"href":"https:\/\/www.potatoturnkey.com\/es\/wp-json\/wp\/v2\/product_cat?post=2669"},{"taxonomy":"product_tag","embeddable":true,"href":"https:\/\/www.potatoturnkey.com\/es\/wp-json\/wp\/v2\/product_tag?post=2669"}],"curies":[{"name":"wp","href":"https:\/\/api.w.org\/{rel}","templated":true}]}}