{"id":2665,"date":"2022-04-02T15:14:04","date_gmt":"2022-04-02T07:14:04","guid":{"rendered":"https:\/\/www.potatoturnkey.com\/?post_type=product&#038;p=2665"},"modified":"2022-04-02T15:20:18","modified_gmt":"2022-04-02T07:20:18","slug":"small-scale-frozen-fries-line","status":"publish","type":"product","link":"https:\/\/www.potatoturnkey.com\/es\/product\/small-scale-frozen-fries-line\/","title":{"rendered":"Fabricante de l\u00ednea de producci\u00f3n de patatas fritas congeladas a peque\u00f1a escala"},"content":{"rendered":"<p>La l\u00ednea de producci\u00f3n de papas fritas congeladas a peque\u00f1a escala est\u00e1 especialmente dise\u00f1ada para los fabricantes que producen papas fritas congeladas y es muy adecuada para peque\u00f1as y medianas empresas de producci\u00f3n de papas fritas. Esta l\u00ednea de producci\u00f3n tiene las caracter\u00edsticas de bajo costo, bajo consumo de energ\u00eda, multi-funci\u00f3n, tama\u00f1o peque\u00f1o, alta ganancia, y mantenimiento conveniente. Ofrecemos diferentes modelos (70kgh, 100kg\/h, y 200kg\/h) para ayudar a los clientes a llevar mejor el negocio de papas fritas congeladas.<\/p>\n<h2><strong><b>P<\/b><\/strong><strong><b>roceso <\/b><\/strong><strong><b>O<\/b><\/strong><strong><b>f <\/b><\/strong><strong><b>L\u00ednea de producci\u00f3n de patatas fritas congeladas a peque\u00f1a escala<\/b><\/strong><\/h2>\n<p>La l\u00ednea de producci\u00f3n de patatas fritas ultracongeladas incluye principalmente la limpieza y el pelado de las patatas, el corte de las patatas, el escaldado de las patatas fritas, la fritura de las patatas fritas, la ultracongelaci\u00f3n de las patatas fritas y el envasado de las patatas fritas ultracongeladas. Adem\u00e1s, el proceso se puede ajustar seg\u00fan las necesidades reales de los clientes. garantizar la producci\u00f3n normal.<\/p>\n<p><img loading=\"lazy\" decoding=\"async\" class=\"alignnone wp-image-2666 size-full\" src=\"https:\/\/www.potatoturnkey.com\/wp-content\/uploads\/2022\/04\/frozen-french-fries-production-machine.jpg\" alt=\"m\u00e1quina de producci\u00f3n de patatas fritas congeladas\" width=\"850\" height=\"600\" srcset=\"https:\/\/www.potatoturnkey.com\/wp-content\/uploads\/2022\/04\/frozen-french-fries-production-machine.jpg 850w, https:\/\/www.potatoturnkey.com\/wp-content\/uploads\/2022\/04\/frozen-french-fries-production-machine-300x212.jpg 300w, https:\/\/www.potatoturnkey.com\/wp-content\/uploads\/2022\/04\/frozen-french-fries-production-machine-768x542.jpg 768w, https:\/\/www.potatoturnkey.com\/wp-content\/uploads\/2022\/04\/frozen-french-fries-production-machine-600x424.jpg 600w\" sizes=\"auto, (max-width: 850px) 100vw, 850px\" \/><\/p>\n<h2><strong><b>I<\/b><\/strong><strong><b>ntroducci\u00f3n <\/b><\/strong><strong><b>De <\/b><\/strong><strong><b>F<\/b><\/strong><strong><b>rozen <\/b><\/strong><strong><b>F<\/b><\/strong><strong><b>rench <\/b><\/strong><strong><b>F<\/b><\/strong><strong><b>ries <\/b><\/strong><strong><b>P<\/b><\/strong><strong><b>roducci\u00f3n <\/b><\/strong><strong><b>M<\/b><\/strong><strong><b>achine<\/b><\/strong><\/h2>\n<ol>\n<li>M\u00e1quina limpiadora y peladora de patatas: realiza el proceso de limpieza y pelado de las patatas de una sola vez, y el efecto de limpieza y pelado es bueno.<\/li>\n<li>Cortadora de patatas: Puede cortar patatas en tiras verticales, y el tama\u00f1o de corte se puede ajustar.<\/li>\n<li>M\u00e1quina de escaldado de patatas fritas: para el aclarado y la protecci\u00f3n del color.<\/li>\n<li>El secador de aire para patatas fritas elimina la humedad de la superficie y reduce el tiempo de fritura.<\/li>\n<li>Freidora de patatas fritas: fre\u00edr patatas fritas con tiempo y temperatura controlables.<\/li>\n<li>Congelador r\u00e1pido de patatas fritas: Congela las patatas fritas fritas.<\/li>\n<li>Envasadora de patatas congeladas: pesaje y envasado.<\/li>\n<\/ol>\n<h2><strong><b>Ventajas <\/b><\/strong><strong><b>O<\/b><\/strong><strong><b>f <\/b><\/strong><strong><b>F<\/b><\/strong><strong><b>rozen <\/b><\/strong><strong><b>F<\/b><\/strong><strong><b>rench <\/b><\/strong><strong><b>F<\/b><\/strong><strong><b>ries <\/b><\/strong><strong><b>P<\/b><\/strong><strong><b>roducci\u00f3n <\/b><\/strong><strong><b>M<\/b><\/strong><strong><b>achine<\/b><\/strong><\/h2>\n<ul>\n<li>Todas las m\u00e1quinas de producci\u00f3n de patatas fritas congeladas de la l\u00ednea de producci\u00f3n son en su mayor\u00eda de acero inoxidable, que cumple las normas de higiene.<\/li>\n<li>Cada m\u00e1quina puede personalizarse.<\/li>\n<li>El grosor de corte de las patatas fritas, la temperatura de escaldado, el tiempo de escaldado y el tiempo de fritura se pueden ajustar en la l\u00ednea de producci\u00f3n.<\/li>\n<li>Alta eficiencia de trabajo, f\u00e1cil de limpiar, ahorro de mano de obra, ahorro de energ\u00eda, y puede crear m\u00e1s beneficios.<\/li>\n<li>Bajo presupuesto de inversi\u00f3n, bajo coste de compra, precio favorable, ingresos r\u00e1pidos y alto beneficio.<\/li>\n<li>Aplicable a otros materiales con la misma tecnolog\u00eda de procesado: boniato, yuca, zanahoria, etc.<\/li>\n<\/ul>\n<p><iframe loading=\"lazy\" title=\"Reproductor de v\u00eddeo YouTube\" src=\"https:\/\/www.youtube.com\/embed\/HtEeLWGjojY\" width=\"800\" height=\"475.5\" frameborder=\"0\" allowfullscreen=\"allowfullscreen\"><span data-mce-type=\"bookmark\" style=\"display: inline-block; width: 0px; overflow: hidden; line-height: 0;\" class=\"mce_SELRES_start\">El pr\u00f3ximo fin de semana se abrir\u00e1 la nueva tienda de comestibles.<\/span><\/iframe><\/p>\n<h2><strong><b>F<\/b><\/strong><strong><b>uturo <\/b><\/strong><strong><b>O<\/b><\/strong><strong><b>f Negocio de patatas fritas congeladas<\/b><\/strong><\/h2>\n<p>Las patatas fritas congeladas pueden procesarse por segunda vez. Las materias primas que necesitan los supermercados y los restaurantes de comida r\u00e1pida son todas patatas fritas congeladas. As\u00ed pues, las patatas fritas congeladas son un negocio en el que merece la pena invertir, y esta l\u00ednea de producci\u00f3n que ofrece nuestra empresa tambi\u00e9n es muy popular debido a sus considerables beneficios.<\/p>\n<p>Si desea obtener una cotizaci\u00f3n sobre esta l\u00ednea de producci\u00f3n de papas fritas congeladas a peque\u00f1a escala o desea conocer m\u00e1s detalles, puede dejarnos un mensaje.<\/p>\n<div class=\"main-section-capital pronb-tit\">\n<h3>Datos t\u00e9cnicos<\/h3>\n<\/div>\n<div class=\"product-module-intro\">\n<table border=\"1\" cellspacing=\"1\" cellpadding=\"1\">\n<tbody>\n<tr>\n<td>Nombre del producto<\/td>\n<td>L\u00ednea de producci\u00f3n de patatas fritas congeladas<\/td>\n<\/tr>\n<tr>\n<td>Producto final<\/td>\n<td>Patatas fritas congeladas<\/td>\n<\/tr>\n<tr>\n<td>Materia prima<\/td>\n<td>Patatas frescas<\/td>\n<\/tr>\n<tr>\n<td>Capacidad<\/td>\n<td>200 kg\/h(Se puede personalizar)<\/td>\n<\/tr>\n<tr>\n<td>Taller<\/td>\n<td>&gt;300m2, altura&gt;4m<\/td>\n<\/tr>\n<tr>\n<td>Tensi\u00f3n<\/td>\n<td>380\/50Hz\/3Fase<\/td>\n<\/tr>\n<tr>\n<td>Potencia<\/td>\n<td>250kw(Personalizado)<\/td>\n<\/tr>\n<tr>\n<td>Trabajadores<\/td>\n<td>6-8 trabajadores<\/td>\n<\/tr>\n<tr>\n<td>Calefacci\u00f3n<\/td>\n<td>Gas (se puede personalizar como electricidad)<\/td>\n<\/tr>\n<\/tbody>\n<\/table>\n<\/div>\n<h3><span style=\"font-size: 16px;\"><div role=\"form\" class=\"wpcf7\" id=\"wpcf7-f1653-o1\" lang=\"en-US\" dir=\"ltr\">\n<div class=\"screen-reader-response\"><p role=\"status\" aria-live=\"polite\" aria-atomic=\"true\"><\/p> <ul><\/ul><\/div>\n<form action=\"\/es\/wp-json\/wp\/v2\/product\/2665#wpcf7-f1653-o1\" method=\"post\" class=\"wpcf7-form init\" novalidate=\"novalidate\" data-status=\"init\" data-trp-original-action=\"\/es\/wp-json\/wp\/v2\/product\/2665#wpcf7-f1653-o1\">\n<div style=\"display: none;\">\n<input type=\"hidden\" name=\"_wpcf7\" value=\"1653\" \/>\n<input type=\"hidden\" name=\"_wpcf7_version\" value=\"5.5.4\" \/>\n<input type=\"hidden\" name=\"_wpcf7_locale\" value=\"en_US\" \/>\n<input type=\"hidden\" name=\"_wpcf7_unit_tag\" value=\"wpcf7-f1653-o1\" \/>\n<input type=\"hidden\" name=\"_wpcf7_container_post\" value=\"0\" \/>\n<input type=\"hidden\" name=\"_wpcf7_posted_data_hash\" value=\"\" \/>\n<\/div>\n<div style='text-align:center;font-size: 1.6rem;font-weight:bold'>Dejar mensaje para precio<\/div>\n<div class='forml1' style='float:left;width:48%; margin-right:4%'>\n<label> Su nombre<br \/>\n    <span class=\"wpcf7-form-control-wrap your-name\"><input type=\"text\" name=\"your-name\" value=\"\" size=\"40\" class=\"wpcf7-form-control wpcf7-text\" aria-invalid=\"false\" \/><\/span> <\/label><\/p>\n<p><label> *Su correo electr\u00f3nico<br \/>\n    <span class=\"wpcf7-form-control-wrap your-email\"><input type=\"email\" name=\"your-email\" value=\"\" size=\"40\" class=\"wpcf7-form-control wpcf7-text wpcf7-email wpcf7-validates-as-required wpcf7-validates-as-email\" aria-required=\"true\" aria-invalid=\"false\" \/><\/span> <\/label><\/p>\n<p><label> Tel\u00e9fono\/WhatsApp<br \/>\n    <span class=\"wpcf7-form-control-wrap text-100\"><input type=\"text\" name=\"text-100\" value=\"\" size=\"40\" class=\"wpcf7-form-control wpcf7-text\" aria-invalid=\"false\" \/><\/span> <\/label><br \/>\n<label> Su pa\u00eds<br \/>\n    <span class=\"wpcf7-form-control-wrap text-677\"><input type=\"text\" name=\"text-677\" value=\"\" size=\"40\" class=\"wpcf7-form-control wpcf7-text\" aria-invalid=\"false\" \/><\/span> <\/label><br \/>\n<label> Nombre de su empresa<br \/>\n    <span class=\"wpcf7-form-control-wrap text-680\"><input type=\"text\" name=\"text-680\" value=\"\" size=\"40\" class=\"wpcf7-form-control wpcf7-text\" aria-invalid=\"false\" \/><\/span> <\/label><br \/>\n<label> Su sitio web<br \/>\n    <span class=\"wpcf7-form-control-wrap text-216\"><input type=\"text\" name=\"text-216\" value=\"\" size=\"40\" class=\"wpcf7-form-control wpcf7-text\" aria-invalid=\"false\" \/><\/span> <\/label>\n<\/div>\n<div class='forml2' style='float:left;width:48%;'>\n<label> *Su mensaje<br \/>\n    <span class=\"wpcf7-form-control-wrap your-message\"><textarea name=\"your-message\" cols=\"40\" rows=\"10\" class=\"wpcf7-form-control wpcf7-textarea wpcf7-validates-as-required\" aria-required=\"true\" aria-invalid=\"false\"><\/textarea><\/span> <\/label><\/p>\n<p><input type=\"submit\" value=\"Enviar\" class=\"wpcf7-form-control has-spinner wpcf7-submit\" \/><\/p>\n<\/div>\n<div style='clear:both'><\/div>\n<p style=\"display: none !important;\"><label>&#916;<textarea name=\"_wpcf7_ak_hp_textarea\" cols=\"45\" rows=\"8\" maxlength=\"100\"><\/textarea><\/label><input type=\"hidden\" id=\"ak_js\" name=\"_wpcf7_ak_js\" value=\"209\"\/><script>document.getElementById( \"ak_js\" ).setAttribute( \"value\", ( new Date() ).getTime() );<\/script><\/p><div class=\"wpcf7-response-output\" aria-hidden=\"true\"><\/div><input type=\"hidden\" name=\"trp-form-language\" value=\"es\"\/><\/form><\/div><\/span><\/h3>\n<div style='text-align:left' class='yasr-auto-insert-visitor'><\/div>","protected":false},"excerpt":{"rendered":"<p><strong>Tecnolog\u00eda de procesamiento:<\/strong> limpieza y pelado - corte - escaldado - fritura - congelaci\u00f3n r\u00e1pida - envasado<\/p>","protected":false},"featured_media":2667,"comment_status":"open","ping_status":"closed","template":"","meta":{"extendify_custom_stylesheet":"","site-sidebar-layout":"default","site-content-layout":"default","ast-global-header-display":"","ast-banner-title-visibility":"","ast-main-header-display":"","ast-hfb-above-header-display":"","ast-hfb-below-header-display":"","ast-hfb-mobile-header-display":"","site-post-title":"","ast-breadcrumbs-content":"","ast-featured-img":"","footer-sml-layout":"","theme-transparent-header-meta":"","adv-header-id-meta":"","stick-header-meta":"","header-above-stick-meta":"","header-main-stick-meta":"","header-below-stick-meta":"","yasr_overall_rating":0,"yasr_post_is_review":"","yasr_auto_insert_disabled":"","yasr_review_type":""},"product_cat":[25],"product_tag":[],"class_list":["post-2665","product","type-product","status-publish","has-post-thumbnail","hentry","product_cat-potato-solutions","desktop-align-left","tablet-align-left","mobile-align-left"],"yasr_visitor_votes":{"stars_attributes":{"read_only":false,"span_bottom":false},"number_of_votes":1,"sum_votes":4},"yoast_head":"<!-- This site is optimized with the Yoast SEO plugin v20.11 - https:\/\/yoast.com\/wordpress\/plugins\/seo\/ -->\n<title>Small Scale Frozen French Fries Production Line Manufacturer -<\/title>\n<meta name=\"description\" content=\"The small scale frozen french fries production lines has high production efficiency and is suitable for mass production of quick-frozen french fries.\" \/>\n<meta name=\"robots\" content=\"index, follow, max-snippet:-1, max-image-preview:large, max-video-preview:-1\" \/>\n<link rel=\"canonical\" href=\"https:\/\/www.potatoturnkey.com\/es\/product\/small-scale-frozen-fries-line\/\" \/>\n<meta property=\"og:locale\" content=\"es_ES\" \/>\n<meta property=\"og:type\" content=\"article\" \/>\n<meta property=\"og:title\" content=\"Small Scale Frozen French Fries Production Line Manufacturer -\" \/>\n<meta property=\"og:description\" content=\"The small scale frozen french fries production lines has high production efficiency and is suitable for mass production of quick-frozen french fries.\" \/>\n<meta property=\"og:url\" content=\"https:\/\/www.potatoturnkey.com\/es\/product\/small-scale-frozen-fries-line\/\" \/>\n<meta property=\"og:site_name\" content=\"Potato Process Machines Supplier\" \/>\n<meta property=\"article:modified_time\" content=\"2022-04-02T07:20:18+00:00\" \/>\n<meta property=\"og:image\" content=\"https:\/\/www.potatoturnkey.com\/wp-content\/uploads\/2022\/04\/small-scale-frozen-french-fries-production-line.jpg\" \/>\n\t<meta property=\"og:image:width\" content=\"600\" \/>\n\t<meta property=\"og:image:height\" content=\"600\" \/>\n\t<meta property=\"og:image:type\" content=\"image\/jpeg\" \/>\n<meta name=\"twitter:card\" content=\"summary_large_image\" \/>\n<meta name=\"twitter:label1\" content=\"Tiempo de lectura\" \/>\n\t<meta name=\"twitter:data1\" content=\"3 minutos\" \/>\n<script type=\"application\/ld+json\" class=\"yoast-schema-graph\">{\"@context\":\"https:\/\/schema.org\",\"@graph\":[{\"@type\":\"WebPage\",\"@id\":\"https:\/\/www.potatoturnkey.com\/product\/small-scale-frozen-fries-line\/\",\"url\":\"https:\/\/www.potatoturnkey.com\/product\/small-scale-frozen-fries-line\/\",\"name\":\"Small Scale Frozen French Fries Production Line Manufacturer -\",\"isPartOf\":{\"@id\":\"https:\/\/www.potatoturnkey.com\/#website\"},\"datePublished\":\"2022-04-02T07:14:04+00:00\",\"dateModified\":\"2022-04-02T07:20:18+00:00\",\"description\":\"The small scale frozen french fries production lines has high production efficiency and is suitable for mass production of quick-frozen french fries.\",\"breadcrumb\":{\"@id\":\"https:\/\/www.potatoturnkey.com\/product\/small-scale-frozen-fries-line\/#breadcrumb\"},\"inLanguage\":\"es\",\"potentialAction\":[{\"@type\":\"ReadAction\",\"target\":[\"https:\/\/www.potatoturnkey.com\/product\/small-scale-frozen-fries-line\/\"]}]},{\"@type\":\"BreadcrumbList\",\"@id\":\"https:\/\/www.potatoturnkey.com\/product\/small-scale-frozen-fries-line\/#breadcrumb\",\"itemListElement\":[{\"@type\":\"ListItem\",\"position\":1,\"name\":\"Home\",\"item\":\"https:\/\/www.potatoturnkey.com\/\"},{\"@type\":\"ListItem\",\"position\":2,\"name\":\"Products\",\"item\":\"https:\/\/www.potatoturnkey.com\/shop-2__trashed\/\"},{\"@type\":\"ListItem\",\"position\":3,\"name\":\"Small Scale Frozen French Fries Production Line Manufacturer\"}]},{\"@type\":\"WebSite\",\"@id\":\"https:\/\/www.potatoturnkey.com\/#website\",\"url\":\"https:\/\/www.potatoturnkey.com\/\",\"name\":\"Potato Process Machines Supplier\",\"description\":\"Potato Turnkey Processing Machine Supplier\",\"publisher\":{\"@id\":\"https:\/\/www.potatoturnkey.com\/#organization\"},\"potentialAction\":[{\"@type\":\"SearchAction\",\"target\":{\"@type\":\"EntryPoint\",\"urlTemplate\":\"https:\/\/www.potatoturnkey.com\/?s={search_term_string}\"},\"query-input\":\"required name=search_term_string\"}],\"inLanguage\":\"es\"},{\"@type\":\"Organization\",\"@id\":\"https:\/\/www.potatoturnkey.com\/#organization\",\"name\":\"Potato Process Machines Supplier\",\"url\":\"https:\/\/www.potatoturnkey.com\/\",\"logo\":{\"@type\":\"ImageObject\",\"inLanguage\":\"es\",\"@id\":\"https:\/\/www.potatoturnkey.com\/#\/schema\/logo\/image\/\",\"url\":\"https:\/\/www.potatoturnkey.com\/wp-content\/uploads\/2022\/02\/potato.png\",\"contentUrl\":\"https:\/\/www.potatoturnkey.com\/wp-content\/uploads\/2022\/02\/potato.png\",\"width\":200,\"height\":200,\"caption\":\"Potato Process Machines Supplier\"},\"image\":{\"@id\":\"https:\/\/www.potatoturnkey.com\/#\/schema\/logo\/image\/\"}},false]}<\/script>\n<!-- \/ Yoast SEO plugin. -->","yoast_head_json":{"title":"Small Scale Frozen French Fries Production Line Manufacturer -","description":"The small scale frozen french fries production lines has high production efficiency and is suitable for mass production of quick-frozen french fries.","robots":{"index":"index","follow":"follow","max-snippet":"max-snippet:-1","max-image-preview":"max-image-preview:large","max-video-preview":"max-video-preview:-1"},"canonical":"https:\/\/www.potatoturnkey.com\/es\/product\/small-scale-frozen-fries-line\/","og_locale":"es_ES","og_type":"article","og_title":"Small Scale Frozen French Fries Production Line Manufacturer -","og_description":"The small scale frozen french fries production lines has high production efficiency and is suitable for mass production of quick-frozen french fries.","og_url":"https:\/\/www.potatoturnkey.com\/es\/product\/small-scale-frozen-fries-line\/","og_site_name":"Potato Process Machines Supplier","article_modified_time":"2022-04-02T07:20:18+00:00","og_image":[{"width":600,"height":600,"url":"https:\/\/www.potatoturnkey.com\/wp-content\/uploads\/2022\/04\/small-scale-frozen-french-fries-production-line.jpg","type":"image\/jpeg"}],"twitter_card":"summary_large_image","twitter_misc":{"Tiempo de lectura":"3 minutos"},"schema":{"@context":"https:\/\/schema.org","@graph":[{"@type":"WebPage","@id":"https:\/\/www.potatoturnkey.com\/product\/small-scale-frozen-fries-line\/","url":"https:\/\/www.potatoturnkey.com\/product\/small-scale-frozen-fries-line\/","name":"Small Scale Frozen French Fries Production Line Manufacturer -","isPartOf":{"@id":"https:\/\/www.potatoturnkey.com\/#website"},"datePublished":"2022-04-02T07:14:04+00:00","dateModified":"2022-04-02T07:20:18+00:00","description":"The small scale frozen french fries production lines has high production efficiency and is suitable for mass production of quick-frozen french fries.","breadcrumb":{"@id":"https:\/\/www.potatoturnkey.com\/product\/small-scale-frozen-fries-line\/#breadcrumb"},"inLanguage":"es","potentialAction":[{"@type":"ReadAction","target":["https:\/\/www.potatoturnkey.com\/product\/small-scale-frozen-fries-line\/"]}]},{"@type":"BreadcrumbList","@id":"https:\/\/www.potatoturnkey.com\/product\/small-scale-frozen-fries-line\/#breadcrumb","itemListElement":[{"@type":"ListItem","position":1,"name":"Home","item":"https:\/\/www.potatoturnkey.com\/"},{"@type":"ListItem","position":2,"name":"Products","item":"https:\/\/www.potatoturnkey.com\/shop-2__trashed\/"},{"@type":"ListItem","position":3,"name":"Small Scale Frozen French Fries Production Line Manufacturer"}]},{"@type":"WebSite","@id":"https:\/\/www.potatoturnkey.com\/#website","url":"https:\/\/www.potatoturnkey.com\/","name":"Potato Process Machines Supplier","description":"Potato Turnkey Processing Machine Supplier","publisher":{"@id":"https:\/\/www.potatoturnkey.com\/#organization"},"potentialAction":[{"@type":"SearchAction","target":{"@type":"EntryPoint","urlTemplate":"https:\/\/www.potatoturnkey.com\/?s={search_term_string}"},"query-input":"required name=search_term_string"}],"inLanguage":"es"},{"@type":"Organization","@id":"https:\/\/www.potatoturnkey.com\/#organization","name":"Potato Process Machines Supplier","url":"https:\/\/www.potatoturnkey.com\/","logo":{"@type":"ImageObject","inLanguage":"es","@id":"https:\/\/www.potatoturnkey.com\/#\/schema\/logo\/image\/","url":"https:\/\/www.potatoturnkey.com\/wp-content\/uploads\/2022\/02\/potato.png","contentUrl":"https:\/\/www.potatoturnkey.com\/wp-content\/uploads\/2022\/02\/potato.png","width":200,"height":200,"caption":"Potato Process Machines Supplier"},"image":{"@id":"https:\/\/www.potatoturnkey.com\/#\/schema\/logo\/image\/"}},false]}},"_links":{"self":[{"href":"https:\/\/www.potatoturnkey.com\/es\/wp-json\/wp\/v2\/product\/2665","targetHints":{"allow":["GET"]}}],"collection":[{"href":"https:\/\/www.potatoturnkey.com\/es\/wp-json\/wp\/v2\/product"}],"about":[{"href":"https:\/\/www.potatoturnkey.com\/es\/wp-json\/wp\/v2\/types\/product"}],"replies":[{"embeddable":true,"href":"https:\/\/www.potatoturnkey.com\/es\/wp-json\/wp\/v2\/comments?post=2665"}],"wp:featuredmedia":[{"embeddable":true,"href":"https:\/\/www.potatoturnkey.com\/es\/wp-json\/wp\/v2\/media\/2667"}],"wp:attachment":[{"href":"https:\/\/www.potatoturnkey.com\/es\/wp-json\/wp\/v2\/media?parent=2665"}],"wp:term":[{"taxonomy":"product_cat","embeddable":true,"href":"https:\/\/www.potatoturnkey.com\/es\/wp-json\/wp\/v2\/product_cat?post=2665"},{"taxonomy":"product_tag","embeddable":true,"href":"https:\/\/www.potatoturnkey.com\/es\/wp-json\/wp\/v2\/product_tag?post=2665"}],"curies":[{"name":"wp","href":"https:\/\/api.w.org\/{rel}","templated":true}]}}