{"id":2587,"date":"2022-03-16T15:03:31","date_gmt":"2022-03-16T07:03:31","guid":{"rendered":"https:\/\/www.potatoturnkey.com\/?post_type=product&#038;p=2587"},"modified":"2024-04-24T15:11:54","modified_gmt":"2024-04-24T07:11:54","slug":"potato-chip-slicer-shredder-machine","status":"publish","type":"product","link":"https:\/\/www.potatoturnkey.com\/es\/product\/potato-chip-slicer-shredder-machine\/","title":{"rendered":"M\u00e1quina cortadora de patatas multifunci\u00f3n de gran escala"},"content":{"rendered":"<p>Revolucione el procesado de alimentos con la cortadora de patatas. Dise\u00f1ada para ofrecer eficiencia y precisi\u00f3n, esta m\u00e1quina ha sido concebida para satisfacer las exigencias de un gran volumen de corte de patatas en entornos comerciales.<\/p>\n<p>&nbsp;<\/p>\n<p><strong>Par\u00e1metros t\u00e9cnicos de la m\u00e1quina rebanadora de papas:<\/strong><\/p>\n<hr \/>\n<p>*Capacidad: 500 kg\/hora, admite personalizaci\u00f3n.<\/p>\n<p>*productos cortados: Patatas fritas, patatas ralladas<\/p>\n<p>*Especificaci\u00f3n de trituraci\u00f3n: 1.5~6mm<\/p>\n<p>*tama\u00f1o del corte: 1-8mm<\/p>\n<p>*tensi\u00f3n: 220v 50hz<\/p>\n<p>*dimensiones: 650x490x850mm<\/p>\n<p>&nbsp;<\/p>\n<p><strong>M\u00e1quina cortadora Aplicaci\u00f3n:<\/strong><\/p>\n<hr \/>\n<p>Verduras: patatas, r\u00e1banos, cebollas, pepinos, boniatos, jengibre, etc.<\/p>\n<p>Fruta: manzana, pl\u00e1tano, banana, mandarina, etc.<\/p>\n<h2><img loading=\"lazy\" decoding=\"async\" class=\"alignnone size-full wp-image-2592\" src=\"https:\/\/www.potatoturnkey.com\/wp-content\/uploads\/2022\/03\/5-6.jpg\" alt=\"aplicaci\u00f3n de la cortadora de patatas\" width=\"800\" height=\"466\" srcset=\"https:\/\/www.potatoturnkey.com\/wp-content\/uploads\/2022\/03\/5-6.jpg 800w, https:\/\/www.potatoturnkey.com\/wp-content\/uploads\/2022\/03\/5-6-300x175.jpg 300w, https:\/\/www.potatoturnkey.com\/wp-content\/uploads\/2022\/03\/5-6-768x447.jpg 768w, https:\/\/www.potatoturnkey.com\/wp-content\/uploads\/2022\/03\/5-6-600x350.jpg 600w\" sizes=\"auto, (max-width: 800px) 100vw, 800px\" \/><\/h2>\n<p><strong>Ventajas de la m\u00e1quina cortadora de patatas:<\/strong><\/p>\n<hr \/>\n<p><strong>Eficacia redefinida<\/strong>: Gracias a su avanzado mecanismo de corte, esta cortadora puede cortar sin esfuerzo grandes cantidades de patatas en un abrir y cerrar de ojos. Desp\u00eddase del corte manual y d\u00e9 la bienvenida a una mayor productividad.<\/p>\n<p><strong>Rebanadas siempre uniformes<\/strong>: Consiga un grosor uniforme en cada loncha. Nuestra m\u00e1quina garantiza la uniformidad, que es crucial para la presentaci\u00f3n de los alimentos y una cocci\u00f3n uniforme.<\/p>\n<p><strong>Grosor ajustable<\/strong>: Adapte sus rodajas a sus especificaciones exactas. Tanto si necesita patatas fritas finas como rodajas m\u00e1s gruesas para patatas festoneadas, los ajustes regulables le ofrecen un control total.<\/p>\n<p><strong>Construido para durar<\/strong>: Fabricada con materiales de alta calidad, esta cortadora est\u00e1 dise\u00f1ada para soportar los rigores del uso industrial. Su robusto dise\u00f1o garantiza una larga vida \u00fatil y un rendimiento fiable incluso con grandes cargas de trabajo.<\/p>\n<p><strong>F\u00e1cil de limpiar y mantener<\/strong>: Mantener los est\u00e1ndares de higiene no supone ning\u00fan esfuerzo gracias a nuestro dise\u00f1o f\u00e1cil de limpiar. Los componentes son f\u00e1cilmente accesibles para una limpieza y mantenimiento r\u00e1pidos, ahorr\u00e1ndole tiempo y esfuerzo.<\/p>\n<p><strong>Aplicaciones vers\u00e1tiles<\/strong>: No se limita a las patatas, esta m\u00e1quina puede cortar una variedad de frutas y verduras, por lo que es una adici\u00f3n vers\u00e1til a su cocina o instalaci\u00f3n de procesamiento de alimentos.<\/p>\n<p>&nbsp;<\/p>\n<p><strong>Precauciones de uso de la cortadora de patatas<\/strong><\/p>\n<hr \/>\n<p>Ponga las patatas (u otros materiales) en medio minuto despu\u00e9s de la m\u00e1quina de cortar patatas chips se enciende para garantizar el funcionamiento normal de la m\u00e1quina y evitar da\u00f1os en el motor.<\/p>\n<p>Las patatas deben limpiarse previamente para evitar que el barro del material desafile las cuchillas de la m\u00e1quina.<\/p>\n<p>No es adecuado para materiales de gran tama\u00f1o\/rigidez o demasiado fibrosos. Si la cuchilla no puede cortar este material, desconecte la alimentaci\u00f3n inmediatamente. De lo contrario, el motor o las piezas internas se quemar\u00e1n y se acortar\u00e1 la vida \u00fatil de la cortadora de fiambres.<\/p>\n<h2><iframe loading=\"lazy\" title=\"Reproductor de v\u00eddeo YouTube\" src=\"https:\/\/www.youtube.com\/embed\/Xmn_vwO5RD0?si=JGti9-UUoq_gwBQb\" width=\"800\" height=\"450\" frameborder=\"0\" allowfullscreen=\"allowfullscreen\"><span data-mce-type=\"bookmark\" style=\"display: inline-block; width: 0px; overflow: hidden; line-height: 0;\" class=\"mce_SELRES_start\">El pr\u00f3ximo fin de semana se abrir\u00e1 la nueva tienda de comestibles.<\/span><\/iframe><\/h2>\n<p>&nbsp;<\/p>\n<h3>Par\u00e1metros t\u00e9cnicos<\/h3>\n<table>\n<tbody>\n<tr>\n<td>Modelo<\/td>\n<td>Espesor de la banda<\/td>\n<td>Longitud de la banda<\/td>\n<td>Especificaci\u00f3n de la loncha<\/td>\n<td>Capacidad<\/td>\n<td>Potencia<\/td>\n<td>Dimensi\u00f3n<\/td>\n<\/tr>\n<tr>\n<td>GG-503<\/td>\n<td>1,5 mm \/2 mm<\/td>\n<td>el m\u00e1s largo de 20 cm<\/td>\n<td>1-8mm<\/td>\n<td>150-250 kg\/h<\/td>\n<td>220 V, 1 CV<\/td>\n<td>540*400*560mm<\/td>\n<\/tr>\n<tr>\n<td>GG-501<\/td>\n<td>1,5-5 mm ajustable<\/td>\n<td><\/td>\n<td>1-8mm<\/td>\n<td>500-800 kg\/h<\/td>\n<td>220 V, 1 CV<\/td>\n<td>650*550*880mm<\/td>\n<\/tr>\n<\/tbody>\n<\/table>\n<div role=\"form\" class=\"wpcf7\" id=\"wpcf7-f1653-o1\" lang=\"en-US\" dir=\"ltr\">\n<div class=\"screen-reader-response\"><p role=\"status\" aria-live=\"polite\" aria-atomic=\"true\"><\/p> <ul><\/ul><\/div>\n<form action=\"\/es\/wp-json\/wp\/v2\/product\/2587#wpcf7-f1653-o1\" method=\"post\" class=\"wpcf7-form init\" novalidate=\"novalidate\" data-status=\"init\" data-trp-original-action=\"\/es\/wp-json\/wp\/v2\/product\/2587#wpcf7-f1653-o1\">\n<div style=\"display: none;\">\n<input type=\"hidden\" name=\"_wpcf7\" value=\"1653\" \/>\n<input type=\"hidden\" name=\"_wpcf7_version\" value=\"5.5.4\" \/>\n<input type=\"hidden\" name=\"_wpcf7_locale\" value=\"en_US\" \/>\n<input type=\"hidden\" name=\"_wpcf7_unit_tag\" value=\"wpcf7-f1653-o1\" \/>\n<input type=\"hidden\" name=\"_wpcf7_container_post\" value=\"0\" \/>\n<input type=\"hidden\" name=\"_wpcf7_posted_data_hash\" value=\"\" \/>\n<\/div>\n<div style='text-align:center;font-size: 1.6rem;font-weight:bold'>Dejar mensaje para precio<\/div>\n<div class='forml1' style='float:left;width:48%; margin-right:4%'>\n<label> Su nombre<br \/>\n    <span class=\"wpcf7-form-control-wrap your-name\"><input type=\"text\" name=\"your-name\" value=\"\" size=\"40\" class=\"wpcf7-form-control wpcf7-text\" aria-invalid=\"false\" \/><\/span> <\/label><\/p>\n<p><label> *Su correo electr\u00f3nico<br \/>\n    <span class=\"wpcf7-form-control-wrap your-email\"><input type=\"email\" name=\"your-email\" value=\"\" size=\"40\" class=\"wpcf7-form-control wpcf7-text wpcf7-email wpcf7-validates-as-required wpcf7-validates-as-email\" aria-required=\"true\" aria-invalid=\"false\" \/><\/span> <\/label><\/p>\n<p><label> Tel\u00e9fono\/WhatsApp<br \/>\n    <span class=\"wpcf7-form-control-wrap text-100\"><input type=\"text\" name=\"text-100\" value=\"\" size=\"40\" class=\"wpcf7-form-control wpcf7-text\" aria-invalid=\"false\" \/><\/span> <\/label><br \/>\n<label> Su pa\u00eds<br \/>\n    <span class=\"wpcf7-form-control-wrap text-677\"><input type=\"text\" name=\"text-677\" value=\"\" size=\"40\" class=\"wpcf7-form-control wpcf7-text\" aria-invalid=\"false\" \/><\/span> <\/label><br \/>\n<label> Nombre de su empresa<br \/>\n    <span class=\"wpcf7-form-control-wrap text-680\"><input type=\"text\" name=\"text-680\" value=\"\" size=\"40\" class=\"wpcf7-form-control wpcf7-text\" aria-invalid=\"false\" \/><\/span> <\/label><br \/>\n<label> Su sitio web<br \/>\n    <span class=\"wpcf7-form-control-wrap text-216\"><input type=\"text\" name=\"text-216\" value=\"\" size=\"40\" class=\"wpcf7-form-control wpcf7-text\" aria-invalid=\"false\" \/><\/span> <\/label>\n<\/div>\n<div class='forml2' style='float:left;width:48%;'>\n<label> *Su mensaje<br \/>\n    <span class=\"wpcf7-form-control-wrap your-message\"><textarea name=\"your-message\" cols=\"40\" rows=\"10\" class=\"wpcf7-form-control wpcf7-textarea wpcf7-validates-as-required\" aria-required=\"true\" aria-invalid=\"false\"><\/textarea><\/span> <\/label><\/p>\n<p><input type=\"submit\" value=\"Enviar\" class=\"wpcf7-form-control has-spinner wpcf7-submit\" \/><\/p>\n<\/div>\n<div style='clear:both'><\/div>\n<p style=\"display: none !important;\"><label>&#916;<textarea name=\"_wpcf7_ak_hp_textarea\" cols=\"45\" rows=\"8\" maxlength=\"100\"><\/textarea><\/label><input type=\"hidden\" id=\"ak_js\" name=\"_wpcf7_ak_js\" value=\"117\"\/><script>document.getElementById( \"ak_js\" ).setAttribute( \"value\", ( new Date() ).getTime() );<\/script><\/p><div class=\"wpcf7-response-output\" aria-hidden=\"true\"><\/div><input type=\"hidden\" name=\"trp-form-language\" value=\"es\"\/><\/form><\/div>\n<div style='text-align:left' class='yasr-auto-insert-visitor'><\/div>","protected":false},"excerpt":{"rendered":"<ul>\n<li><strong>Material:<\/strong> Patatas<\/li>\n<li><strong>Productos cortados:<\/strong> patatas fritas, patatas ralladas.<\/li>\n<li><strong>Aplicaci\u00f3n de la m\u00e1quina:<\/strong> adecuado para una gran variedad de productos hortofrut\u00edcolas de ra\u00edz: jengibre, batata, yuca, zanahoria, etc.<\/li>\n<\/ul>","protected":false},"featured_media":2588,"comment_status":"open","ping_status":"closed","template":"","meta":{"extendify_custom_stylesheet":"","site-sidebar-layout":"default","site-content-layout":"default","ast-global-header-display":"","ast-banner-title-visibility":"","ast-main-header-display":"","ast-hfb-above-header-display":"","ast-hfb-below-header-display":"","ast-hfb-mobile-header-display":"","site-post-title":"","ast-breadcrumbs-content":"","ast-featured-img":"","footer-sml-layout":"","theme-transparent-header-meta":"default","adv-header-id-meta":"","stick-header-meta":"","header-above-stick-meta":"","header-main-stick-meta":"","header-below-stick-meta":"","yasr_overall_rating":0,"yasr_post_is_review":"","yasr_auto_insert_disabled":"","yasr_review_type":""},"product_cat":[27],"product_tag":[],"class_list":["post-2587","product","type-product","status-publish","has-post-thumbnail","hentry","product_cat-potato-processing-machines","desktop-align-left","tablet-align-left","mobile-align-left"],"yasr_visitor_votes":{"stars_attributes":{"read_only":false,"span_bottom":false},"number_of_votes":0,"sum_votes":0},"yoast_head":"<!-- This site is optimized with the Yoast SEO plugin v20.11 - https:\/\/yoast.com\/wordpress\/plugins\/seo\/ -->\n<title>Multifunction Potato Slicing Machine with Large Scale -<\/title>\n<meta name=\"description\" content=\"This potato slicing machine can be used for potatoes, radishes, onions, cucumbers, etc.\" \/>\n<meta name=\"robots\" content=\"index, follow, max-snippet:-1, max-image-preview:large, max-video-preview:-1\" \/>\n<link rel=\"canonical\" href=\"https:\/\/www.potatoturnkey.com\/es\/product\/potato-chip-slicer-shredder-machine\/\" \/>\n<meta property=\"og:locale\" content=\"es_ES\" \/>\n<meta property=\"og:type\" content=\"article\" \/>\n<meta property=\"og:title\" content=\"Multifunction Potato Slicing Machine with Large Scale -\" \/>\n<meta property=\"og:description\" content=\"This potato slicing machine can be used for potatoes, radishes, onions, cucumbers, etc.\" \/>\n<meta property=\"og:url\" content=\"https:\/\/www.potatoturnkey.com\/es\/product\/potato-chip-slicer-shredder-machine\/\" \/>\n<meta property=\"og:site_name\" content=\"Potato Process Machines Supplier\" \/>\n<meta property=\"article:modified_time\" content=\"2024-04-24T07:11:54+00:00\" \/>\n<meta property=\"og:image\" content=\"https:\/\/www.potatoturnkey.com\/wp-content\/uploads\/2022\/03\/1-9.jpg\" \/>\n\t<meta property=\"og:image:width\" content=\"600\" \/>\n\t<meta property=\"og:image:height\" content=\"600\" \/>\n\t<meta property=\"og:image:type\" content=\"image\/jpeg\" \/>\n<meta name=\"twitter:card\" content=\"summary_large_image\" \/>\n<meta name=\"twitter:label1\" content=\"Tiempo de lectura\" \/>\n\t<meta name=\"twitter:data1\" content=\"3 minutos\" \/>\n<script type=\"application\/ld+json\" class=\"yoast-schema-graph\">{\"@context\":\"https:\/\/schema.org\",\"@graph\":[{\"@type\":\"WebPage\",\"@id\":\"https:\/\/www.potatoturnkey.com\/product\/potato-chip-slicer-shredder-machine\/\",\"url\":\"https:\/\/www.potatoturnkey.com\/product\/potato-chip-slicer-shredder-machine\/\",\"name\":\"Multifunction Potato Slicing Machine with Large Scale -\",\"isPartOf\":{\"@id\":\"https:\/\/www.potatoturnkey.com\/#website\"},\"datePublished\":\"2022-03-16T07:03:31+00:00\",\"dateModified\":\"2024-04-24T07:11:54+00:00\",\"description\":\"This potato slicing machine can be used for potatoes, radishes, onions, cucumbers, etc.\",\"breadcrumb\":{\"@id\":\"https:\/\/www.potatoturnkey.com\/product\/potato-chip-slicer-shredder-machine\/#breadcrumb\"},\"inLanguage\":\"es\",\"potentialAction\":[{\"@type\":\"ReadAction\",\"target\":[\"https:\/\/www.potatoturnkey.com\/product\/potato-chip-slicer-shredder-machine\/\"]}]},{\"@type\":\"BreadcrumbList\",\"@id\":\"https:\/\/www.potatoturnkey.com\/product\/potato-chip-slicer-shredder-machine\/#breadcrumb\",\"itemListElement\":[{\"@type\":\"ListItem\",\"position\":1,\"name\":\"Home\",\"item\":\"https:\/\/www.potatoturnkey.com\/\"},{\"@type\":\"ListItem\",\"position\":2,\"name\":\"Products\",\"item\":\"https:\/\/www.potatoturnkey.com\/shop-2__trashed\/\"},{\"@type\":\"ListItem\",\"position\":3,\"name\":\"Multifunction Potato Slicing Machine with Large Scale\"}]},{\"@type\":\"WebSite\",\"@id\":\"https:\/\/www.potatoturnkey.com\/#website\",\"url\":\"https:\/\/www.potatoturnkey.com\/\",\"name\":\"Potato Process Machines Supplier\",\"description\":\"Potato Turnkey Processing Machine Supplier\",\"publisher\":{\"@id\":\"https:\/\/www.potatoturnkey.com\/#organization\"},\"potentialAction\":[{\"@type\":\"SearchAction\",\"target\":{\"@type\":\"EntryPoint\",\"urlTemplate\":\"https:\/\/www.potatoturnkey.com\/?s={search_term_string}\"},\"query-input\":\"required name=search_term_string\"}],\"inLanguage\":\"es\"},{\"@type\":\"Organization\",\"@id\":\"https:\/\/www.potatoturnkey.com\/#organization\",\"name\":\"Potato Process Machines Supplier\",\"url\":\"https:\/\/www.potatoturnkey.com\/\",\"logo\":{\"@type\":\"ImageObject\",\"inLanguage\":\"es\",\"@id\":\"https:\/\/www.potatoturnkey.com\/#\/schema\/logo\/image\/\",\"url\":\"https:\/\/www.potatoturnkey.com\/wp-content\/uploads\/2022\/02\/potato.png\",\"contentUrl\":\"https:\/\/www.potatoturnkey.com\/wp-content\/uploads\/2022\/02\/potato.png\",\"width\":200,\"height\":200,\"caption\":\"Potato Process Machines Supplier\"},\"image\":{\"@id\":\"https:\/\/www.potatoturnkey.com\/#\/schema\/logo\/image\/\"}},false]}<\/script>\n<!-- \/ Yoast SEO plugin. -->","yoast_head_json":{"title":"Multifunction Potato Slicing Machine with Large Scale -","description":"This potato slicing machine can be used for potatoes, radishes, onions, cucumbers, etc.","robots":{"index":"index","follow":"follow","max-snippet":"max-snippet:-1","max-image-preview":"max-image-preview:large","max-video-preview":"max-video-preview:-1"},"canonical":"https:\/\/www.potatoturnkey.com\/es\/product\/potato-chip-slicer-shredder-machine\/","og_locale":"es_ES","og_type":"article","og_title":"Multifunction Potato Slicing Machine with Large Scale -","og_description":"This potato slicing machine can be used for potatoes, radishes, onions, cucumbers, etc.","og_url":"https:\/\/www.potatoturnkey.com\/es\/product\/potato-chip-slicer-shredder-machine\/","og_site_name":"Potato Process Machines Supplier","article_modified_time":"2024-04-24T07:11:54+00:00","og_image":[{"width":600,"height":600,"url":"https:\/\/www.potatoturnkey.com\/wp-content\/uploads\/2022\/03\/1-9.jpg","type":"image\/jpeg"}],"twitter_card":"summary_large_image","twitter_misc":{"Tiempo de lectura":"3 minutos"},"schema":{"@context":"https:\/\/schema.org","@graph":[{"@type":"WebPage","@id":"https:\/\/www.potatoturnkey.com\/product\/potato-chip-slicer-shredder-machine\/","url":"https:\/\/www.potatoturnkey.com\/product\/potato-chip-slicer-shredder-machine\/","name":"Multifunction Potato Slicing Machine with Large Scale -","isPartOf":{"@id":"https:\/\/www.potatoturnkey.com\/#website"},"datePublished":"2022-03-16T07:03:31+00:00","dateModified":"2024-04-24T07:11:54+00:00","description":"This potato slicing machine can be used for potatoes, radishes, onions, cucumbers, etc.","breadcrumb":{"@id":"https:\/\/www.potatoturnkey.com\/product\/potato-chip-slicer-shredder-machine\/#breadcrumb"},"inLanguage":"es","potentialAction":[{"@type":"ReadAction","target":["https:\/\/www.potatoturnkey.com\/product\/potato-chip-slicer-shredder-machine\/"]}]},{"@type":"BreadcrumbList","@id":"https:\/\/www.potatoturnkey.com\/product\/potato-chip-slicer-shredder-machine\/#breadcrumb","itemListElement":[{"@type":"ListItem","position":1,"name":"Home","item":"https:\/\/www.potatoturnkey.com\/"},{"@type":"ListItem","position":2,"name":"Products","item":"https:\/\/www.potatoturnkey.com\/shop-2__trashed\/"},{"@type":"ListItem","position":3,"name":"Multifunction Potato Slicing Machine with Large Scale"}]},{"@type":"WebSite","@id":"https:\/\/www.potatoturnkey.com\/#website","url":"https:\/\/www.potatoturnkey.com\/","name":"Potato Process Machines Supplier","description":"Potato Turnkey Processing Machine Supplier","publisher":{"@id":"https:\/\/www.potatoturnkey.com\/#organization"},"potentialAction":[{"@type":"SearchAction","target":{"@type":"EntryPoint","urlTemplate":"https:\/\/www.potatoturnkey.com\/?s={search_term_string}"},"query-input":"required name=search_term_string"}],"inLanguage":"es"},{"@type":"Organization","@id":"https:\/\/www.potatoturnkey.com\/#organization","name":"Potato Process Machines Supplier","url":"https:\/\/www.potatoturnkey.com\/","logo":{"@type":"ImageObject","inLanguage":"es","@id":"https:\/\/www.potatoturnkey.com\/#\/schema\/logo\/image\/","url":"https:\/\/www.potatoturnkey.com\/wp-content\/uploads\/2022\/02\/potato.png","contentUrl":"https:\/\/www.potatoturnkey.com\/wp-content\/uploads\/2022\/02\/potato.png","width":200,"height":200,"caption":"Potato Process Machines Supplier"},"image":{"@id":"https:\/\/www.potatoturnkey.com\/#\/schema\/logo\/image\/"}},false]}},"_links":{"self":[{"href":"https:\/\/www.potatoturnkey.com\/es\/wp-json\/wp\/v2\/product\/2587","targetHints":{"allow":["GET"]}}],"collection":[{"href":"https:\/\/www.potatoturnkey.com\/es\/wp-json\/wp\/v2\/product"}],"about":[{"href":"https:\/\/www.potatoturnkey.com\/es\/wp-json\/wp\/v2\/types\/product"}],"replies":[{"embeddable":true,"href":"https:\/\/www.potatoturnkey.com\/es\/wp-json\/wp\/v2\/comments?post=2587"}],"wp:featuredmedia":[{"embeddable":true,"href":"https:\/\/www.potatoturnkey.com\/es\/wp-json\/wp\/v2\/media\/2588"}],"wp:attachment":[{"href":"https:\/\/www.potatoturnkey.com\/es\/wp-json\/wp\/v2\/media?parent=2587"}],"wp:term":[{"taxonomy":"product_cat","embeddable":true,"href":"https:\/\/www.potatoturnkey.com\/es\/wp-json\/wp\/v2\/product_cat?post=2587"},{"taxonomy":"product_tag","embeddable":true,"href":"https:\/\/www.potatoturnkey.com\/es\/wp-json\/wp\/v2\/product_tag?post=2587"}],"curies":[{"name":"wp","href":"https:\/\/api.w.org\/{rel}","templated":true}]}}