{"id":2580,"date":"2022-03-16T14:54:46","date_gmt":"2022-03-16T06:54:46","guid":{"rendered":"https:\/\/www.potatoturnkey.com\/?post_type=product&#038;p=2580"},"modified":"2025-04-07T12:42:11","modified_gmt":"2025-04-07T04:42:11","slug":"potato-chip-packaging-machine","status":"publish","type":"product","link":"https:\/\/www.potatoturnkey.com\/es\/product\/potato-chip-packaging-machine\/","title":{"rendered":"Envasadora autom\u00e1tica de patatas fritas con gas nitr\u00f3geno"},"content":{"rendered":"<p>La m\u00e1quina envasadora de papas fritas en venta es un equipo de pesaje y envasado totalmente autom\u00e1tico. Las patatas fritas se pueden pesar y envasar autom\u00e1ticamente a trav\u00e9s de una serie de procesos como la alimentaci\u00f3n, el llenado de gas nitr\u00f3geno, el sellado, lo que puede evitar eficazmente que las patatas fritas se rompan durante el transporte.<\/p>\n<p>&nbsp;<\/p>\n<p><strong>M\u00e1quina envasadora autom\u00e1tica de patatas fritas Aplicaci\u00f3n:<\/strong><\/p>\n<p>Todos los alimentos granulados, como patatas fritas, frutos secos, nuggets de pollo, frutos secos, alimentos congelados, etc.<\/p>\n<p>&nbsp;<\/p>\n<p><strong>M\u00e1quina envasadora de patatas fritas con gas nitr\u00f3geno Principio de funcionamiento:<\/strong><\/p>\n<p>Las patatas fritas se introducen en un cono de distribuci\u00f3n situado encima del sistema de pesaje y, a continuaci\u00f3n, se transportan radialmente hacia el exterior hasta una tolva de prealimentaci\u00f3n y luego a una tolva de pesaje situada debajo. Un ordenador determina la combinaci\u00f3n m\u00e1s cercana al peso objetivo entre varias combinaciones y las vierte simult\u00e1neamente, completando as\u00ed el proceso de envasado.<\/p>\n<p><iframe loading=\"lazy\" title=\"Reproductor de v\u00eddeo YouTube\" src=\"https:\/\/www.youtube.com\/embed\/WG23vD-8aTQ?si=Vy7kN6P5-oTAacDY\" width=\"800\" height=\"450\" frameborder=\"0\" allowfullscreen=\"allowfullscreen\"><span data-mce-type=\"bookmark\" style=\"display: inline-block; width: 0px; overflow: hidden; line-height: 0;\" class=\"mce_SELRES_start\">El pr\u00f3ximo fin de semana se abrir\u00e1 la nueva tienda de comestibles.<\/span><\/iframe><\/p>\n<p><strong>Caracter\u00edsticas de la m\u00e1quina empacadora de papas fritas con gas nitr\u00f3geno:<\/strong><\/p>\n<ol>\n<li>Velocidad y precisi\u00f3n: permite una manipulaci\u00f3n r\u00e1pida y precisa de las patatas fritas a granel, reduciendo la posibilidad de llenado excesivo o insuficiente.<\/li>\n<li>Vers\u00e1tiles y adaptables a una amplia gama de productos. Esta adaptabilidad las hace adecuadas para una amplia gama de industrias.<\/li>\n<li>Calidad constante del producto. El pesaje preciso ayuda a minimizar los derrames y el desperdicio de patatas fritas y mantiene un peso constante del producto.<\/li>\n<li>Automatizaci\u00f3n y mejora de la eficiencia. La envasadora autom\u00e1tica de patatas fritas no s\u00f3lo acelera todo el proceso, sino que tambi\u00e9n libera recursos humanos para realizar tareas de mayor valor a\u00f1adido.<\/li>\n<li>Cambio r\u00e1pido. Cambio r\u00e1pido y eficaz entre diferentes productos o tama\u00f1os de envase.<\/li>\n<\/ol>\n<h3><img loading=\"lazy\" decoding=\"async\" class=\"alignnone size-full wp-image-2585\" src=\"https:\/\/www.potatoturnkey.com\/wp-content\/uploads\/2022\/03\/5-5.jpg\" alt=\"detalle de la envasadora de patatas fritas\" width=\"800\" height=\"500\" srcset=\"https:\/\/www.potatoturnkey.com\/wp-content\/uploads\/2022\/03\/5-5.jpg 800w, https:\/\/www.potatoturnkey.com\/wp-content\/uploads\/2022\/03\/5-5-300x188.jpg 300w, https:\/\/www.potatoturnkey.com\/wp-content\/uploads\/2022\/03\/5-5-768x480.jpg 768w, https:\/\/www.potatoturnkey.com\/wp-content\/uploads\/2022\/03\/5-5-600x375.jpg 600w\" sizes=\"auto, (max-width: 800px) 100vw, 800px\" \/><\/h3>\n<p>&nbsp;<\/p>\n<h2>Par\u00e1metros t\u00e9cnicos de la m\u00e1quina empacadora autom\u00e1tica de papas fritas<\/h2>\n<table>\n<tbody>\n<tr>\n<td width=\"85\">Modelo<\/td>\n<td width=\"120\">GGLK1000<\/td>\n<td width=\"119\">GGLK720<\/td>\n<td width=\"119\">GGLK520<\/td>\n<td width=\"113\">GGLK420<\/td>\n<\/tr>\n<tr>\n<td width=\"85\">Anchura de la pel\u00edcula<\/td>\n<td width=\"120\">m\u00e1x. 1050 mm<\/td>\n<td width=\"119\">m\u00e1x. 720 mm<\/td>\n<td width=\"119\">m\u00e1x. 520 mm<\/td>\n<td width=\"113\">m\u00e1x. 420 mm<\/td>\n<\/tr>\n<tr>\n<td width=\"85\">Anchura de la bolsa<\/td>\n<td width=\"120\">100-500 mm<\/td>\n<td width=\"119\">110-350 mm<\/td>\n<td width=\"119\">90-250 mm<\/td>\n<td width=\"113\">80-200mm<\/td>\n<\/tr>\n<tr>\n<td width=\"85\">Longitud de la bolsa<\/td>\n<td width=\"120\">150-700 mm<\/td>\n<td width=\"119\">100-420 mm<\/td>\n<td width=\"119\">80-350 mm<\/td>\n<td width=\"113\">50-300 mm<\/td>\n<\/tr>\n<tr>\n<td width=\"85\">Velocidad de embalaje<\/td>\n<td width=\"120\">5-25 bolsas\/min<\/td>\n<td width=\"119\">10-50 bolsas\/min<\/td>\n<td width=\"119\">10-70 bolsas\/min<\/td>\n<td width=\"113\">15-80 sacos\/min<\/td>\n<\/tr>\n<tr>\n<td width=\"85\">Gama de embalajes<\/td>\n<td width=\"120\">300-5000 ml<\/td>\n<td width=\"119\">150-4000 ml<\/td>\n<td width=\"119\">150-2000 ml<\/td>\n<td width=\"113\">150-1500 ml<\/td>\n<\/tr>\n<tr>\n<td width=\"85\">Espesor de la pel\u00edcula<\/td>\n<td width=\"120\">0,04-0,10 mm<\/td>\n<td width=\"119\">0,04-0,10 mm<\/td>\n<td width=\"119\">0,04-0,10 mm<\/td>\n<td width=\"113\">0,04-0,10 mm<\/td>\n<\/tr>\n<tr>\n<td width=\"85\">Potencia<\/td>\n<td width=\"120\">4,2kw\/220v 50-60Hz<\/td>\n<td width=\"119\">4kw\/220v 50-60Hz<\/td>\n<td width=\"119\">3kw\/220v 50-60Hz<\/td>\n<td width=\"113\">2,5kw\/220v 50-60Hz<\/td>\n<\/tr>\n<\/tbody>\n<\/table>\n<div role=\"form\" class=\"wpcf7\" id=\"wpcf7-f1653-o1\" lang=\"en-US\" dir=\"ltr\">\n<div class=\"screen-reader-response\"><p role=\"status\" aria-live=\"polite\" aria-atomic=\"true\"><\/p> <ul><\/ul><\/div>\n<form action=\"\/es\/wp-json\/wp\/v2\/product\/2580#wpcf7-f1653-o1\" method=\"post\" class=\"wpcf7-form init\" novalidate=\"novalidate\" data-status=\"init\" data-trp-original-action=\"\/es\/wp-json\/wp\/v2\/product\/2580#wpcf7-f1653-o1\">\n<div style=\"display: none;\">\n<input type=\"hidden\" name=\"_wpcf7\" value=\"1653\" \/>\n<input type=\"hidden\" name=\"_wpcf7_version\" value=\"5.5.4\" \/>\n<input type=\"hidden\" name=\"_wpcf7_locale\" value=\"en_US\" \/>\n<input type=\"hidden\" name=\"_wpcf7_unit_tag\" value=\"wpcf7-f1653-o1\" \/>\n<input type=\"hidden\" name=\"_wpcf7_container_post\" value=\"0\" \/>\n<input type=\"hidden\" name=\"_wpcf7_posted_data_hash\" value=\"\" \/>\n<\/div>\n<div style='text-align:center;font-size: 1.6rem;font-weight:bold'>Dejar mensaje para precio<\/div>\n<div class='forml1' style='float:left;width:48%; margin-right:4%'>\n<label> Su nombre<br \/>\n    <span class=\"wpcf7-form-control-wrap your-name\"><input type=\"text\" name=\"your-name\" value=\"\" size=\"40\" class=\"wpcf7-form-control wpcf7-text\" aria-invalid=\"false\" \/><\/span> <\/label><\/p>\n<p><label> *Su correo electr\u00f3nico<br \/>\n    <span class=\"wpcf7-form-control-wrap your-email\"><input type=\"email\" name=\"your-email\" value=\"\" size=\"40\" class=\"wpcf7-form-control wpcf7-text wpcf7-email wpcf7-validates-as-required wpcf7-validates-as-email\" aria-required=\"true\" aria-invalid=\"false\" \/><\/span> <\/label><\/p>\n<p><label> Tel\u00e9fono\/WhatsApp<br \/>\n    <span class=\"wpcf7-form-control-wrap text-100\"><input type=\"text\" name=\"text-100\" value=\"\" size=\"40\" class=\"wpcf7-form-control wpcf7-text\" aria-invalid=\"false\" \/><\/span> <\/label><br \/>\n<label> Su pa\u00eds<br \/>\n    <span class=\"wpcf7-form-control-wrap text-677\"><input type=\"text\" name=\"text-677\" value=\"\" size=\"40\" class=\"wpcf7-form-control wpcf7-text\" aria-invalid=\"false\" \/><\/span> <\/label><br \/>\n<label> Nombre de su empresa<br \/>\n    <span class=\"wpcf7-form-control-wrap text-680\"><input type=\"text\" name=\"text-680\" value=\"\" size=\"40\" class=\"wpcf7-form-control wpcf7-text\" aria-invalid=\"false\" \/><\/span> <\/label><br \/>\n<label> Su sitio web<br \/>\n    <span class=\"wpcf7-form-control-wrap text-216\"><input type=\"text\" name=\"text-216\" value=\"\" size=\"40\" class=\"wpcf7-form-control wpcf7-text\" aria-invalid=\"false\" \/><\/span> <\/label>\n<\/div>\n<div class='forml2' style='float:left;width:48%;'>\n<label> *Su mensaje<br \/>\n    <span class=\"wpcf7-form-control-wrap your-message\"><textarea name=\"your-message\" cols=\"40\" rows=\"10\" class=\"wpcf7-form-control wpcf7-textarea wpcf7-validates-as-required\" aria-required=\"true\" aria-invalid=\"false\"><\/textarea><\/span> <\/label><\/p>\n<p><input type=\"submit\" value=\"Enviar\" class=\"wpcf7-form-control has-spinner wpcf7-submit\" \/><\/p>\n<\/div>\n<div style='clear:both'><\/div>\n<p style=\"display: none !important;\"><label>&#916;<textarea name=\"_wpcf7_ak_hp_textarea\" cols=\"45\" rows=\"8\" maxlength=\"100\"><\/textarea><\/label><input type=\"hidden\" id=\"ak_js\" name=\"_wpcf7_ak_js\" value=\"218\"\/><script>document.getElementById( \"ak_js\" ).setAttribute( \"value\", ( new Date() ).getTime() );<\/script><\/p><div class=\"wpcf7-response-output\" aria-hidden=\"true\"><\/div><input type=\"hidden\" name=\"trp-form-language\" value=\"es\"\/><\/form><\/div>\n<div style='text-align:left' class='yasr-auto-insert-visitor'><\/div>","protected":false},"excerpt":{"rendered":"<p><strong><b>La composici\u00f3n de la m\u00e1quina:<\/b><\/strong>\u00a0b\u00e1scula electr\u00f3nica combinada, transportador de material tipo Z con dispositivo de vibraci\u00f3n, plataforma de apoyo.<\/p>\n<p><strong><b>Uso a m\u00e1quina:<\/b><\/strong>\u00a0Adecuada para la medici\u00f3n autom\u00e1tica y el envasado de materiales s\u00f3lidos como caramelos, frutos secos, pasas, cacahuetes, semillas de mel\u00f3n, nueces, patatas fritas, chocolate y galletas.<\/p>","protected":false},"featured_media":2581,"comment_status":"open","ping_status":"closed","template":"","meta":{"extendify_custom_stylesheet":"","site-sidebar-layout":"default","site-content-layout":"default","ast-global-header-display":"","ast-banner-title-visibility":"","ast-main-header-display":"","ast-hfb-above-header-display":"","ast-hfb-below-header-display":"","ast-hfb-mobile-header-display":"","site-post-title":"","ast-breadcrumbs-content":"","ast-featured-img":"","footer-sml-layout":"","theme-transparent-header-meta":"default","adv-header-id-meta":"","stick-header-meta":"","header-above-stick-meta":"","header-main-stick-meta":"","header-below-stick-meta":"","yasr_overall_rating":0,"yasr_post_is_review":"","yasr_auto_insert_disabled":"","yasr_review_type":""},"product_cat":[27],"product_tag":[],"class_list":["post-2580","product","type-product","status-publish","has-post-thumbnail","hentry","product_cat-potato-processing-machines","desktop-align-left","tablet-align-left","mobile-align-left"],"yasr_visitor_votes":{"stars_attributes":{"read_only":false,"span_bottom":false},"number_of_votes":0,"sum_votes":0},"yoast_head":"<!-- This site is optimized with the Yoast SEO plugin v20.11 - https:\/\/yoast.com\/wordpress\/plugins\/seo\/ -->\n<title>Automatic Potato Chips Packaging Machine with Nitrogen Gas -<\/title>\n<meta name=\"description\" content=\"This potato chips packing machine with nitrogen gas can reduce the damage of potato chips during transportation.\" \/>\n<meta name=\"robots\" content=\"index, follow, max-snippet:-1, max-image-preview:large, max-video-preview:-1\" \/>\n<link rel=\"canonical\" href=\"https:\/\/www.potatoturnkey.com\/es\/product\/potato-chip-packaging-machine\/\" \/>\n<meta property=\"og:locale\" content=\"es_ES\" \/>\n<meta property=\"og:type\" content=\"article\" \/>\n<meta property=\"og:title\" content=\"Automatic Potato Chips Packaging Machine with Nitrogen Gas -\" \/>\n<meta property=\"og:description\" content=\"This potato chips packing machine with nitrogen gas can reduce the damage of potato chips during transportation.\" \/>\n<meta property=\"og:url\" content=\"https:\/\/www.potatoturnkey.com\/es\/product\/potato-chip-packaging-machine\/\" \/>\n<meta property=\"og:site_name\" content=\"Potato Process Machines Supplier\" \/>\n<meta property=\"article:modified_time\" content=\"2025-04-07T04:42:11+00:00\" \/>\n<meta property=\"og:image\" content=\"https:\/\/www.potatoturnkey.com\/wp-content\/uploads\/2022\/03\/1-8.jpg\" \/>\n\t<meta property=\"og:image:width\" content=\"600\" \/>\n\t<meta property=\"og:image:height\" content=\"600\" \/>\n\t<meta property=\"og:image:type\" content=\"image\/jpeg\" \/>\n<meta name=\"twitter:card\" content=\"summary_large_image\" \/>\n<meta name=\"twitter:label1\" content=\"Tiempo de lectura\" \/>\n\t<meta name=\"twitter:data1\" content=\"3 minutos\" \/>\n<script type=\"application\/ld+json\" class=\"yoast-schema-graph\">{\"@context\":\"https:\/\/schema.org\",\"@graph\":[{\"@type\":\"WebPage\",\"@id\":\"https:\/\/www.potatoturnkey.com\/product\/potato-chip-packaging-machine\/\",\"url\":\"https:\/\/www.potatoturnkey.com\/product\/potato-chip-packaging-machine\/\",\"name\":\"Automatic Potato Chips Packaging Machine with Nitrogen Gas -\",\"isPartOf\":{\"@id\":\"https:\/\/www.potatoturnkey.com\/#website\"},\"datePublished\":\"2022-03-16T06:54:46+00:00\",\"dateModified\":\"2025-04-07T04:42:11+00:00\",\"description\":\"This potato chips packing machine with nitrogen gas can reduce the damage of potato chips during transportation.\",\"breadcrumb\":{\"@id\":\"https:\/\/www.potatoturnkey.com\/product\/potato-chip-packaging-machine\/#breadcrumb\"},\"inLanguage\":\"es\",\"potentialAction\":[{\"@type\":\"ReadAction\",\"target\":[\"https:\/\/www.potatoturnkey.com\/product\/potato-chip-packaging-machine\/\"]}]},{\"@type\":\"BreadcrumbList\",\"@id\":\"https:\/\/www.potatoturnkey.com\/product\/potato-chip-packaging-machine\/#breadcrumb\",\"itemListElement\":[{\"@type\":\"ListItem\",\"position\":1,\"name\":\"Home\",\"item\":\"https:\/\/www.potatoturnkey.com\/\"},{\"@type\":\"ListItem\",\"position\":2,\"name\":\"Products\",\"item\":\"https:\/\/www.potatoturnkey.com\/shop-2__trashed\/\"},{\"@type\":\"ListItem\",\"position\":3,\"name\":\"Automatic Potato Chips Packaging Machine with Nitrogen Gas\"}]},{\"@type\":\"WebSite\",\"@id\":\"https:\/\/www.potatoturnkey.com\/#website\",\"url\":\"https:\/\/www.potatoturnkey.com\/\",\"name\":\"Potato Process Machines Supplier\",\"description\":\"Potato Turnkey Processing Machine Supplier\",\"publisher\":{\"@id\":\"https:\/\/www.potatoturnkey.com\/#organization\"},\"potentialAction\":[{\"@type\":\"SearchAction\",\"target\":{\"@type\":\"EntryPoint\",\"urlTemplate\":\"https:\/\/www.potatoturnkey.com\/?s={search_term_string}\"},\"query-input\":\"required name=search_term_string\"}],\"inLanguage\":\"es\"},{\"@type\":\"Organization\",\"@id\":\"https:\/\/www.potatoturnkey.com\/#organization\",\"name\":\"Potato Process Machines Supplier\",\"url\":\"https:\/\/www.potatoturnkey.com\/\",\"logo\":{\"@type\":\"ImageObject\",\"inLanguage\":\"es\",\"@id\":\"https:\/\/www.potatoturnkey.com\/#\/schema\/logo\/image\/\",\"url\":\"https:\/\/www.potatoturnkey.com\/wp-content\/uploads\/2022\/02\/potato.png\",\"contentUrl\":\"https:\/\/www.potatoturnkey.com\/wp-content\/uploads\/2022\/02\/potato.png\",\"width\":200,\"height\":200,\"caption\":\"Potato Process Machines Supplier\"},\"image\":{\"@id\":\"https:\/\/www.potatoturnkey.com\/#\/schema\/logo\/image\/\"}},false]}<\/script>\n<!-- \/ Yoast SEO plugin. -->","yoast_head_json":{"title":"Automatic Potato Chips Packaging Machine with Nitrogen Gas -","description":"This potato chips packing machine with nitrogen gas can reduce the damage of potato chips during transportation.","robots":{"index":"index","follow":"follow","max-snippet":"max-snippet:-1","max-image-preview":"max-image-preview:large","max-video-preview":"max-video-preview:-1"},"canonical":"https:\/\/www.potatoturnkey.com\/es\/product\/potato-chip-packaging-machine\/","og_locale":"es_ES","og_type":"article","og_title":"Automatic Potato Chips Packaging Machine with Nitrogen Gas -","og_description":"This potato chips packing machine with nitrogen gas can reduce the damage of potato chips during transportation.","og_url":"https:\/\/www.potatoturnkey.com\/es\/product\/potato-chip-packaging-machine\/","og_site_name":"Potato Process Machines Supplier","article_modified_time":"2025-04-07T04:42:11+00:00","og_image":[{"width":600,"height":600,"url":"https:\/\/www.potatoturnkey.com\/wp-content\/uploads\/2022\/03\/1-8.jpg","type":"image\/jpeg"}],"twitter_card":"summary_large_image","twitter_misc":{"Tiempo de lectura":"3 minutos"},"schema":{"@context":"https:\/\/schema.org","@graph":[{"@type":"WebPage","@id":"https:\/\/www.potatoturnkey.com\/product\/potato-chip-packaging-machine\/","url":"https:\/\/www.potatoturnkey.com\/product\/potato-chip-packaging-machine\/","name":"Automatic Potato Chips Packaging Machine with Nitrogen Gas -","isPartOf":{"@id":"https:\/\/www.potatoturnkey.com\/#website"},"datePublished":"2022-03-16T06:54:46+00:00","dateModified":"2025-04-07T04:42:11+00:00","description":"This potato chips packing machine with nitrogen gas can reduce the damage of potato chips during transportation.","breadcrumb":{"@id":"https:\/\/www.potatoturnkey.com\/product\/potato-chip-packaging-machine\/#breadcrumb"},"inLanguage":"es","potentialAction":[{"@type":"ReadAction","target":["https:\/\/www.potatoturnkey.com\/product\/potato-chip-packaging-machine\/"]}]},{"@type":"BreadcrumbList","@id":"https:\/\/www.potatoturnkey.com\/product\/potato-chip-packaging-machine\/#breadcrumb","itemListElement":[{"@type":"ListItem","position":1,"name":"Home","item":"https:\/\/www.potatoturnkey.com\/"},{"@type":"ListItem","position":2,"name":"Products","item":"https:\/\/www.potatoturnkey.com\/shop-2__trashed\/"},{"@type":"ListItem","position":3,"name":"Automatic Potato Chips Packaging Machine with Nitrogen Gas"}]},{"@type":"WebSite","@id":"https:\/\/www.potatoturnkey.com\/#website","url":"https:\/\/www.potatoturnkey.com\/","name":"Potato Process Machines Supplier","description":"Potato Turnkey Processing Machine Supplier","publisher":{"@id":"https:\/\/www.potatoturnkey.com\/#organization"},"potentialAction":[{"@type":"SearchAction","target":{"@type":"EntryPoint","urlTemplate":"https:\/\/www.potatoturnkey.com\/?s={search_term_string}"},"query-input":"required name=search_term_string"}],"inLanguage":"es"},{"@type":"Organization","@id":"https:\/\/www.potatoturnkey.com\/#organization","name":"Potato Process Machines Supplier","url":"https:\/\/www.potatoturnkey.com\/","logo":{"@type":"ImageObject","inLanguage":"es","@id":"https:\/\/www.potatoturnkey.com\/#\/schema\/logo\/image\/","url":"https:\/\/www.potatoturnkey.com\/wp-content\/uploads\/2022\/02\/potato.png","contentUrl":"https:\/\/www.potatoturnkey.com\/wp-content\/uploads\/2022\/02\/potato.png","width":200,"height":200,"caption":"Potato Process Machines Supplier"},"image":{"@id":"https:\/\/www.potatoturnkey.com\/#\/schema\/logo\/image\/"}},false]}},"_links":{"self":[{"href":"https:\/\/www.potatoturnkey.com\/es\/wp-json\/wp\/v2\/product\/2580","targetHints":{"allow":["GET"]}}],"collection":[{"href":"https:\/\/www.potatoturnkey.com\/es\/wp-json\/wp\/v2\/product"}],"about":[{"href":"https:\/\/www.potatoturnkey.com\/es\/wp-json\/wp\/v2\/types\/product"}],"replies":[{"embeddable":true,"href":"https:\/\/www.potatoturnkey.com\/es\/wp-json\/wp\/v2\/comments?post=2580"}],"wp:featuredmedia":[{"embeddable":true,"href":"https:\/\/www.potatoturnkey.com\/es\/wp-json\/wp\/v2\/media\/2581"}],"wp:attachment":[{"href":"https:\/\/www.potatoturnkey.com\/es\/wp-json\/wp\/v2\/media?parent=2580"}],"wp:term":[{"taxonomy":"product_cat","embeddable":true,"href":"https:\/\/www.potatoturnkey.com\/es\/wp-json\/wp\/v2\/product_cat?post=2580"},{"taxonomy":"product_tag","embeddable":true,"href":"https:\/\/www.potatoturnkey.com\/es\/wp-json\/wp\/v2\/product_tag?post=2580"}],"curies":[{"name":"wp","href":"https:\/\/api.w.org\/{rel}","templated":true}]}}