{"id":2450,"date":"2022-03-09T16:28:30","date_gmt":"2022-03-09T08:28:30","guid":{"rendered":"https:\/\/www.potatoturnkey.com\/?post_type=product&#038;p=2450"},"modified":"2022-03-11T15:56:40","modified_gmt":"2022-03-11T07:56:40","slug":"potato-chips-frying-machine-sale","status":"publish","type":"product","link":"https:\/\/www.potatoturnkey.com\/es\/product\/potato-chips-frying-machine-sale\/","title":{"rendered":"M\u00e1quina continua de fre\u00edr patatas fritas para la venta 300Kg\/H"},"content":{"rendered":"<p>Esta m\u00e1quina freidora de patatas fritas para la venta adopta una correa de malla de acero inoxidable para transportar las patatas fritas, que desempe\u00f1a un cierto papel en la agitaci\u00f3n de las patatas fritas que entran en la m\u00e1quina freidora y evita que los materiales est\u00e9n demasiado juntos. Durante el proceso de fritura, la rotaci\u00f3n del aceite de fritura es r\u00e1pida, y el aceite de fritura es filtrado durante el proceso de circulaci\u00f3n para mantener el aceite de fritura limpio y mejorar la calidad del aceite de fritura. Esta m\u00e1quina tiene diferentes modelos y se puede personalizar seg\u00fan la producci\u00f3n.<\/p>\n<h2><strong><b>Estructura Introducci\u00f3n de <\/b><\/strong><strong><b>Patatas fritas continuas<\/b><\/strong><strong><b>er <\/b><\/strong><strong><b>M\u00e1quina<\/b><\/strong><\/h2>\n<p>El equipo de freidora continua de patatas fritas consta de varios sistemas: sistema de transporte por cinta de malla, sistema de elevaci\u00f3n por cinta de malla, sistema de control de la temperatura del aceite y sistema de circulaci\u00f3n del aceite.<\/p>\n<p>A continuaci\u00f3n se muestra el v\u00eddeo de funcionamiento de esta m\u00e1quina freidora de patatas fritas, que puede realizar la alimentaci\u00f3n autom\u00e1tica y la descarga autom\u00e1tica, y es una de las freidoras de patatas fritas m\u00e1s populares. Esta m\u00e1quina no s\u00f3lo aumenta la producci\u00f3n, sino que tambi\u00e9n puede hacer que la calidad del producto sea estable, con color, aroma y sabor uniformes. Adem\u00e1s, esta m\u00e1quina es ampliamente utilizada, a menudo adecuada para fre\u00edr productos de frutas y verduras, mariscos, productos c\u00e1rnicos, productos de soja y productos de pasteler\u00eda.<\/p>\n<p><img loading=\"lazy\" decoding=\"async\" class=\"alignnone size-full wp-image-2455\" src=\"https:\/\/www.potatoturnkey.com\/wp-content\/uploads\/2022\/03\/5.jpg\" alt=\"fabricaci\u00f3n de patatas fritas\" width=\"800\" height=\"500\" srcset=\"https:\/\/www.potatoturnkey.com\/wp-content\/uploads\/2022\/03\/5.jpg 800w, https:\/\/www.potatoturnkey.com\/wp-content\/uploads\/2022\/03\/5-300x188.jpg 300w, https:\/\/www.potatoturnkey.com\/wp-content\/uploads\/2022\/03\/5-768x480.jpg 768w, https:\/\/www.potatoturnkey.com\/wp-content\/uploads\/2022\/03\/5-600x375.jpg 600w\" sizes=\"auto, (max-width: 800px) 100vw, 800px\" \/><\/p>\n<h3><strong><b>Caracter\u00edsticas de <\/b><\/strong><strong><b>M\u00e1quina de fre\u00edr patatas fritas en venta<\/b><\/strong><\/h3>\n<ol>\n<li>La energ\u00eda puede elegirse en varias formas, como la electricidad y el gas.<\/li>\n<li>La velocidad del motor est\u00e1 controlada por el inversor, y la velocidad de la cinta de malla y el tiempo de fritura son ajustables.<\/li>\n<li>Fabricado en acero inoxidable de alta calidad, f\u00e1cil de limpiar y mantener.<\/li>\n<li>Puede realizar una producci\u00f3n continua, reducir la intensidad de la mano de obra y mejorar la eficiencia de la producci\u00f3n.<\/li>\n<li>Las cintas de malla superior e inferior y la esfera de agitaci\u00f3n pueden levantarse junto con la campana extractora, lo que resulta m\u00e1s c\u00f3modo para la limpieza.<\/li>\n<li>Para reducir la p\u00e9rdida de calor, se instala un material aislante de silicato de aluminio espesado entre el dep\u00f3sito interior y la carcasa exterior de la freidora continua de patatas fritas.<\/li>\n<li>Admite la personalizaci\u00f3n, y los equipos de desaceitado y sazonado pueden configurarse seg\u00fan las necesidades.<\/li>\n<\/ol>\n<h3><iframe loading=\"lazy\" title=\"Reproductor de v\u00eddeo YouTube\" src=\"https:\/\/www.youtube.com\/embed\/m3Xsa8FGfr8\" width=\"850\" height=\"475.5\" frameborder=\"0\" allowfullscreen=\"allowfullscreen\"><span data-mce-type=\"bookmark\" style=\"display: inline-block; width: 0px; overflow: hidden; line-height: 0;\" class=\"mce_SELRES_start\">El pr\u00f3ximo fin de semana se abrir\u00e1 la nueva tienda de comestibles.<\/span><\/iframe><\/h3>\n<h3><strong><b>Nuestra <\/b><\/strong><strong><b>A<\/b><\/strong><strong><b>dvantage<\/b><\/strong><\/h3>\n<ul>\n<li>Manual detallado de configuraci\u00f3n de f\u00e1brica y v\u00eddeo de instrucciones de instalaci\u00f3n.<\/li>\n<li>Contamos con una amplia experiencia y conocimientos que nos permiten ofrecerle los mejores productos.<\/li>\n<li>Servicio personalizado: El servicio personalizado se puede proporcionar de acuerdo con las necesidades espec\u00edficas de los clientes, y la l\u00ednea de producci\u00f3n de papas fritas tambi\u00e9n se puede configurar de acuerdo con el proceso del producto.<\/li>\n<li>Puede venir a nuestra f\u00e1brica para una inspecci\u00f3n in situ, o llamar para una consulta. Esperamos poder colaborar con usted.<\/li>\n<\/ul>\n<p>Si desea pedir esta m\u00e1quina de fre\u00edr patatas fritas para la venta , por favor d\u00e9jenos un mensaje y le enviaremos un presupuesto lo antes posible.<\/p>\n<h3>Par\u00e1metros t\u00e9cnicos de la m\u00e1quina freidora de papas fritas<\/h3>\n<table border=\"1\" cellspacing=\"0\">\n<tbody>\n<tr>\n<td>Modelo<\/td>\n<td>Anchura de la cinta<br \/>\n(mm)<\/td>\n<td>potencia de la bomba de aceite<br \/>\n(kw)<\/td>\n<td>fuerza de elevaci\u00f3n<br \/>\n(kw)<\/td>\n<td>potencia calor\u00edfica<\/td>\n<td>Dimensi\u00f3n<br \/>\n(mm)<\/td>\n<\/tr>\n<tr>\n<td>GGLZG3500A<\/td>\n<td>800<\/td>\n<td>1.5<\/td>\n<td>0.55<\/td>\n<td>20Wkcal<\/td>\n<td>3700*1900*2400<\/td>\n<\/tr>\n<tr>\n<td>GGLZG5000A<\/td>\n<td>800<\/td>\n<td>1.5<\/td>\n<td>0.55*2<\/td>\n<td>30Wkcal<\/td>\n<td>5200*1900*2400<\/td>\n<\/tr>\n<tr>\n<td>GGLZG6500A<\/td>\n<td>800<\/td>\n<td>1.5<\/td>\n<td>0.75*2<\/td>\n<td>20Wkcal*2<\/td>\n<td>6700*1900*2400<\/td>\n<\/tr>\n<tr>\n<td>GGLZG8000A<\/td>\n<td>800<\/td>\n<td>2.2<\/td>\n<td>0.75*2<\/td>\n<td>30Wkcal*2<\/td>\n<td>8200*1900*2400<\/td>\n<\/tr>\n<tr>\n<td>GGLZE3500A<\/td>\n<td>800<\/td>\n<td>1.5<\/td>\n<td>0.55<\/td>\n<td>90KW<\/td>\n<td>3700*1600*2200<\/td>\n<\/tr>\n<tr>\n<td>GGLZE5000A<\/td>\n<td>800<\/td>\n<td>1.5<\/td>\n<td>0.55*2<\/td>\n<td>120kw<\/td>\n<td>5200*1600*2200<\/td>\n<\/tr>\n<tr>\n<td>GGLZE6500A<\/td>\n<td>800<\/td>\n<td>1.5<\/td>\n<td>0.75*2<\/td>\n<td>190kw<\/td>\n<td>6700*1600*2200<\/td>\n<\/tr>\n<tr>\n<td>GGLZE8000A<\/td>\n<td>800<\/td>\n<td>2.2<\/td>\n<td>0.75*2<\/td>\n<td>255kw<\/td>\n<td>8200*1600*2200<\/td>\n<\/tr>\n<\/tbody>\n<\/table>\n<div role=\"form\" class=\"wpcf7\" id=\"wpcf7-f1653-o1\" lang=\"en-US\" dir=\"ltr\">\n<div class=\"screen-reader-response\"><p role=\"status\" aria-live=\"polite\" aria-atomic=\"true\"><\/p> <ul><\/ul><\/div>\n<form action=\"\/es\/wp-json\/wp\/v2\/product\/2450#wpcf7-f1653-o1\" method=\"post\" class=\"wpcf7-form init\" novalidate=\"novalidate\" data-status=\"init\" data-trp-original-action=\"\/es\/wp-json\/wp\/v2\/product\/2450#wpcf7-f1653-o1\">\n<div style=\"display: none;\">\n<input type=\"hidden\" name=\"_wpcf7\" value=\"1653\" \/>\n<input type=\"hidden\" name=\"_wpcf7_version\" value=\"5.5.4\" \/>\n<input type=\"hidden\" name=\"_wpcf7_locale\" value=\"en_US\" \/>\n<input type=\"hidden\" name=\"_wpcf7_unit_tag\" value=\"wpcf7-f1653-o1\" \/>\n<input type=\"hidden\" name=\"_wpcf7_container_post\" value=\"0\" \/>\n<input type=\"hidden\" name=\"_wpcf7_posted_data_hash\" value=\"\" \/>\n<\/div>\n<div style='text-align:center;font-size: 1.6rem;font-weight:bold'>Dejar mensaje para precio<\/div>\n<div class='forml1' style='float:left;width:48%; margin-right:4%'>\n<label> Su nombre<br \/>\n    <span class=\"wpcf7-form-control-wrap your-name\"><input type=\"text\" name=\"your-name\" value=\"\" size=\"40\" class=\"wpcf7-form-control wpcf7-text\" aria-invalid=\"false\" \/><\/span> <\/label><\/p>\n<p><label> *Su correo electr\u00f3nico<br \/>\n    <span class=\"wpcf7-form-control-wrap your-email\"><input type=\"email\" name=\"your-email\" value=\"\" size=\"40\" class=\"wpcf7-form-control wpcf7-text wpcf7-email wpcf7-validates-as-required wpcf7-validates-as-email\" aria-required=\"true\" aria-invalid=\"false\" \/><\/span> <\/label><\/p>\n<p><label> Tel\u00e9fono\/WhatsApp<br \/>\n    <span class=\"wpcf7-form-control-wrap text-100\"><input type=\"text\" name=\"text-100\" value=\"\" size=\"40\" class=\"wpcf7-form-control wpcf7-text\" aria-invalid=\"false\" \/><\/span> <\/label><br \/>\n<label> Su pa\u00eds<br \/>\n    <span class=\"wpcf7-form-control-wrap text-677\"><input type=\"text\" name=\"text-677\" value=\"\" size=\"40\" class=\"wpcf7-form-control wpcf7-text\" aria-invalid=\"false\" \/><\/span> <\/label><br \/>\n<label> Nombre de su empresa<br \/>\n    <span class=\"wpcf7-form-control-wrap text-680\"><input type=\"text\" name=\"text-680\" value=\"\" size=\"40\" class=\"wpcf7-form-control wpcf7-text\" aria-invalid=\"false\" \/><\/span> <\/label><br \/>\n<label> Su sitio web<br \/>\n    <span class=\"wpcf7-form-control-wrap text-216\"><input type=\"text\" name=\"text-216\" value=\"\" size=\"40\" class=\"wpcf7-form-control wpcf7-text\" aria-invalid=\"false\" \/><\/span> <\/label>\n<\/div>\n<div class='forml2' style='float:left;width:48%;'>\n<label> *Su mensaje<br \/>\n    <span class=\"wpcf7-form-control-wrap your-message\"><textarea name=\"your-message\" cols=\"40\" rows=\"10\" class=\"wpcf7-form-control wpcf7-textarea wpcf7-validates-as-required\" aria-required=\"true\" aria-invalid=\"false\"><\/textarea><\/span> <\/label><\/p>\n<p><input type=\"submit\" value=\"Enviar\" class=\"wpcf7-form-control has-spinner wpcf7-submit\" \/><\/p>\n<\/div>\n<div style='clear:both'><\/div>\n<p style=\"display: none !important;\"><label>&#916;<textarea name=\"_wpcf7_ak_hp_textarea\" cols=\"45\" rows=\"8\" maxlength=\"100\"><\/textarea><\/label><input type=\"hidden\" id=\"ak_js\" name=\"_wpcf7_ak_js\" value=\"45\"\/><script>document.getElementById( \"ak_js\" ).setAttribute( \"value\", ( new Date() ).getTime() );<\/script><\/p><div class=\"wpcf7-response-output\" aria-hidden=\"true\"><\/div><input type=\"hidden\" name=\"trp-form-language\" value=\"es\"\/><\/form><\/div>\n<div style='text-align:left' class='yasr-auto-insert-visitor'><\/div>","protected":false},"excerpt":{"rendered":"<p>El uso de la freidora autom\u00e1tica continua de patatas fritas puede mejorar enormemente la calidad del producto, reducir varios costes en el proceso de producci\u00f3n y hacer que sus productos sean m\u00e1s competitivos en el mercado.<\/p>","protected":false},"featured_media":2451,"comment_status":"open","ping_status":"closed","template":"","meta":{"extendify_custom_stylesheet":"","site-sidebar-layout":"default","site-content-layout":"default","ast-global-header-display":"","ast-banner-title-visibility":"","ast-main-header-display":"","ast-hfb-above-header-display":"","ast-hfb-below-header-display":"","ast-hfb-mobile-header-display":"","site-post-title":"","ast-breadcrumbs-content":"","ast-featured-img":"","footer-sml-layout":"","theme-transparent-header-meta":"","adv-header-id-meta":"","stick-header-meta":"","header-above-stick-meta":"","header-main-stick-meta":"","header-below-stick-meta":"","yasr_overall_rating":0,"yasr_post_is_review":"","yasr_auto_insert_disabled":"","yasr_review_type":""},"product_cat":[27],"product_tag":[],"class_list":["post-2450","product","type-product","status-publish","has-post-thumbnail","hentry","product_cat-potato-processing-machines","desktop-align-left","tablet-align-left","mobile-align-left"],"yasr_visitor_votes":{"stars_attributes":{"read_only":false,"span_bottom":false},"number_of_votes":0,"sum_votes":0},"yoast_head":"<!-- This site is optimized with the Yoast SEO plugin v20.11 - https:\/\/yoast.com\/wordpress\/plugins\/seo\/ -->\n<title>Continuous Potato Chips Frying Machine For Sale 300Kg\/H -<\/title>\n<meta name=\"description\" content=\"This machine can always maintain a good working condition, which not only improves the output but also makes the product quality stable, with uniform color, aroma and taste.\" \/>\n<meta name=\"robots\" content=\"index, follow, max-snippet:-1, max-image-preview:large, max-video-preview:-1\" \/>\n<link rel=\"canonical\" href=\"https:\/\/www.potatoturnkey.com\/es\/product\/potato-chips-frying-machine-sale\/\" \/>\n<meta property=\"og:locale\" content=\"es_ES\" \/>\n<meta property=\"og:type\" content=\"article\" \/>\n<meta property=\"og:title\" content=\"Continuous Potato Chips Frying Machine For Sale 300Kg\/H -\" \/>\n<meta property=\"og:description\" content=\"This machine can always maintain a good working condition, which not only improves the output but also makes the product quality stable, with uniform color, aroma and taste.\" \/>\n<meta property=\"og:url\" content=\"https:\/\/www.potatoturnkey.com\/es\/product\/potato-chips-frying-machine-sale\/\" \/>\n<meta property=\"og:site_name\" content=\"Potato Process Machines Supplier\" \/>\n<meta property=\"article:modified_time\" content=\"2022-03-11T07:56:40+00:00\" \/>\n<meta property=\"og:image\" content=\"https:\/\/www.potatoturnkey.com\/wp-content\/uploads\/2022\/03\/1-6.jpg\" \/>\n\t<meta property=\"og:image:width\" content=\"600\" \/>\n\t<meta property=\"og:image:height\" content=\"600\" \/>\n\t<meta property=\"og:image:type\" content=\"image\/jpeg\" \/>\n<meta name=\"twitter:card\" content=\"summary_large_image\" \/>\n<meta name=\"twitter:label1\" content=\"Tiempo de lectura\" \/>\n\t<meta name=\"twitter:data1\" content=\"3 minutos\" \/>\n<script type=\"application\/ld+json\" class=\"yoast-schema-graph\">{\"@context\":\"https:\/\/schema.org\",\"@graph\":[{\"@type\":\"WebPage\",\"@id\":\"https:\/\/www.potatoturnkey.com\/product\/potato-chips-frying-machine-sale\/\",\"url\":\"https:\/\/www.potatoturnkey.com\/product\/potato-chips-frying-machine-sale\/\",\"name\":\"Continuous Potato Chips Frying Machine For Sale 300Kg\/H -\",\"isPartOf\":{\"@id\":\"https:\/\/www.potatoturnkey.com\/#website\"},\"datePublished\":\"2022-03-09T08:28:30+00:00\",\"dateModified\":\"2022-03-11T07:56:40+00:00\",\"description\":\"This machine can always maintain a good working condition, which not only improves the output but also makes the product quality stable, with uniform color, aroma and taste.\",\"breadcrumb\":{\"@id\":\"https:\/\/www.potatoturnkey.com\/product\/potato-chips-frying-machine-sale\/#breadcrumb\"},\"inLanguage\":\"es\",\"potentialAction\":[{\"@type\":\"ReadAction\",\"target\":[\"https:\/\/www.potatoturnkey.com\/product\/potato-chips-frying-machine-sale\/\"]}]},{\"@type\":\"BreadcrumbList\",\"@id\":\"https:\/\/www.potatoturnkey.com\/product\/potato-chips-frying-machine-sale\/#breadcrumb\",\"itemListElement\":[{\"@type\":\"ListItem\",\"position\":1,\"name\":\"Home\",\"item\":\"https:\/\/www.potatoturnkey.com\/\"},{\"@type\":\"ListItem\",\"position\":2,\"name\":\"Products\",\"item\":\"https:\/\/www.potatoturnkey.com\/shop-2__trashed\/\"},{\"@type\":\"ListItem\",\"position\":3,\"name\":\"Continuous Potato Chips Frying Machine For Sale 300Kg\/H\"}]},{\"@type\":\"WebSite\",\"@id\":\"https:\/\/www.potatoturnkey.com\/#website\",\"url\":\"https:\/\/www.potatoturnkey.com\/\",\"name\":\"Potato Process Machines Supplier\",\"description\":\"Potato Turnkey Processing Machine Supplier\",\"publisher\":{\"@id\":\"https:\/\/www.potatoturnkey.com\/#organization\"},\"potentialAction\":[{\"@type\":\"SearchAction\",\"target\":{\"@type\":\"EntryPoint\",\"urlTemplate\":\"https:\/\/www.potatoturnkey.com\/?s={search_term_string}\"},\"query-input\":\"required name=search_term_string\"}],\"inLanguage\":\"es\"},{\"@type\":\"Organization\",\"@id\":\"https:\/\/www.potatoturnkey.com\/#organization\",\"name\":\"Potato Process Machines Supplier\",\"url\":\"https:\/\/www.potatoturnkey.com\/\",\"logo\":{\"@type\":\"ImageObject\",\"inLanguage\":\"es\",\"@id\":\"https:\/\/www.potatoturnkey.com\/#\/schema\/logo\/image\/\",\"url\":\"https:\/\/www.potatoturnkey.com\/wp-content\/uploads\/2022\/02\/potato.png\",\"contentUrl\":\"https:\/\/www.potatoturnkey.com\/wp-content\/uploads\/2022\/02\/potato.png\",\"width\":200,\"height\":200,\"caption\":\"Potato Process Machines Supplier\"},\"image\":{\"@id\":\"https:\/\/www.potatoturnkey.com\/#\/schema\/logo\/image\/\"}},false]}<\/script>\n<!-- \/ Yoast SEO plugin. -->","yoast_head_json":{"title":"Continuous Potato Chips Frying Machine For Sale 300Kg\/H -","description":"This machine can always maintain a good working condition, which not only improves the output but also makes the product quality stable, with uniform color, aroma and taste.","robots":{"index":"index","follow":"follow","max-snippet":"max-snippet:-1","max-image-preview":"max-image-preview:large","max-video-preview":"max-video-preview:-1"},"canonical":"https:\/\/www.potatoturnkey.com\/es\/product\/potato-chips-frying-machine-sale\/","og_locale":"es_ES","og_type":"article","og_title":"Continuous Potato Chips Frying Machine For Sale 300Kg\/H -","og_description":"This machine can always maintain a good working condition, which not only improves the output but also makes the product quality stable, with uniform color, aroma and taste.","og_url":"https:\/\/www.potatoturnkey.com\/es\/product\/potato-chips-frying-machine-sale\/","og_site_name":"Potato Process Machines Supplier","article_modified_time":"2022-03-11T07:56:40+00:00","og_image":[{"width":600,"height":600,"url":"https:\/\/www.potatoturnkey.com\/wp-content\/uploads\/2022\/03\/1-6.jpg","type":"image\/jpeg"}],"twitter_card":"summary_large_image","twitter_misc":{"Tiempo de lectura":"3 minutos"},"schema":{"@context":"https:\/\/schema.org","@graph":[{"@type":"WebPage","@id":"https:\/\/www.potatoturnkey.com\/product\/potato-chips-frying-machine-sale\/","url":"https:\/\/www.potatoturnkey.com\/product\/potato-chips-frying-machine-sale\/","name":"Continuous Potato Chips Frying Machine For Sale 300Kg\/H -","isPartOf":{"@id":"https:\/\/www.potatoturnkey.com\/#website"},"datePublished":"2022-03-09T08:28:30+00:00","dateModified":"2022-03-11T07:56:40+00:00","description":"This machine can always maintain a good working condition, which not only improves the output but also makes the product quality stable, with uniform color, aroma and taste.","breadcrumb":{"@id":"https:\/\/www.potatoturnkey.com\/product\/potato-chips-frying-machine-sale\/#breadcrumb"},"inLanguage":"es","potentialAction":[{"@type":"ReadAction","target":["https:\/\/www.potatoturnkey.com\/product\/potato-chips-frying-machine-sale\/"]}]},{"@type":"BreadcrumbList","@id":"https:\/\/www.potatoturnkey.com\/product\/potato-chips-frying-machine-sale\/#breadcrumb","itemListElement":[{"@type":"ListItem","position":1,"name":"Home","item":"https:\/\/www.potatoturnkey.com\/"},{"@type":"ListItem","position":2,"name":"Products","item":"https:\/\/www.potatoturnkey.com\/shop-2__trashed\/"},{"@type":"ListItem","position":3,"name":"Continuous Potato Chips Frying Machine For Sale 300Kg\/H"}]},{"@type":"WebSite","@id":"https:\/\/www.potatoturnkey.com\/#website","url":"https:\/\/www.potatoturnkey.com\/","name":"Potato Process Machines Supplier","description":"Potato Turnkey Processing Machine Supplier","publisher":{"@id":"https:\/\/www.potatoturnkey.com\/#organization"},"potentialAction":[{"@type":"SearchAction","target":{"@type":"EntryPoint","urlTemplate":"https:\/\/www.potatoturnkey.com\/?s={search_term_string}"},"query-input":"required name=search_term_string"}],"inLanguage":"es"},{"@type":"Organization","@id":"https:\/\/www.potatoturnkey.com\/#organization","name":"Potato Process Machines Supplier","url":"https:\/\/www.potatoturnkey.com\/","logo":{"@type":"ImageObject","inLanguage":"es","@id":"https:\/\/www.potatoturnkey.com\/#\/schema\/logo\/image\/","url":"https:\/\/www.potatoturnkey.com\/wp-content\/uploads\/2022\/02\/potato.png","contentUrl":"https:\/\/www.potatoturnkey.com\/wp-content\/uploads\/2022\/02\/potato.png","width":200,"height":200,"caption":"Potato Process Machines Supplier"},"image":{"@id":"https:\/\/www.potatoturnkey.com\/#\/schema\/logo\/image\/"}},false]}},"_links":{"self":[{"href":"https:\/\/www.potatoturnkey.com\/es\/wp-json\/wp\/v2\/product\/2450","targetHints":{"allow":["GET"]}}],"collection":[{"href":"https:\/\/www.potatoturnkey.com\/es\/wp-json\/wp\/v2\/product"}],"about":[{"href":"https:\/\/www.potatoturnkey.com\/es\/wp-json\/wp\/v2\/types\/product"}],"replies":[{"embeddable":true,"href":"https:\/\/www.potatoturnkey.com\/es\/wp-json\/wp\/v2\/comments?post=2450"}],"wp:featuredmedia":[{"embeddable":true,"href":"https:\/\/www.potatoturnkey.com\/es\/wp-json\/wp\/v2\/media\/2451"}],"wp:attachment":[{"href":"https:\/\/www.potatoturnkey.com\/es\/wp-json\/wp\/v2\/media?parent=2450"}],"wp:term":[{"taxonomy":"product_cat","embeddable":true,"href":"https:\/\/www.potatoturnkey.com\/es\/wp-json\/wp\/v2\/product_cat?post=2450"},{"taxonomy":"product_tag","embeddable":true,"href":"https:\/\/www.potatoturnkey.com\/es\/wp-json\/wp\/v2\/product_tag?post=2450"}],"curies":[{"name":"wp","href":"https:\/\/api.w.org\/{rel}","templated":true}]}}