{"id":2255,"date":"2022-03-07T11:31:53","date_gmt":"2022-03-07T03:31:53","guid":{"rendered":"https:\/\/www.potatoturnkey.com\/?post_type=product&#038;p=2255"},"modified":"2022-11-05T15:58:05","modified_gmt":"2022-11-05T07:58:05","slug":"french-fries-potato-chips-line","status":"publish","type":"product","link":"https:\/\/www.potatoturnkey.com\/es\/product\/french-fries-potato-chips-line\/","title":{"rendered":"L\u00ednea de producci\u00f3n semiautom\u00e1tica de patatas fritas y chips de patata 50Kg\/h"},"content":{"rendered":"<p>La l\u00ednea semiautom\u00e1tica de producci\u00f3n de papas fritas y papas fritas est\u00e1 especialmente dise\u00f1ada para peque\u00f1os y medianos fabricantes de papas fritas y papas fritas, que puede satisfacer las necesidades de diferentes producciones: 50kg\/h, 70kg\/h, 100kg\/h. La l\u00ednea de producci\u00f3n semiautom\u00e1tica de papas fritas y papas fritas proporcionada por nuestra empresa es compatible con la personalizaci\u00f3n, y tambi\u00e9n puede dise\u00f1ar el esquema de la l\u00ednea de producci\u00f3n de acuerdo a la f\u00e1brica del cliente.<\/p>\n<p><img loading=\"lazy\" decoding=\"async\" class=\"alignnone size-full wp-image-2257\" src=\"https:\/\/www.potatoturnkey.com\/wp-content\/uploads\/2022\/03\/semi-automatic-french-fries-machine1.jpg\" alt=\"m\u00e1quina semiautom\u00e1tica de patatas fritas\" width=\"800\" height=\"500\" srcset=\"https:\/\/www.potatoturnkey.com\/wp-content\/uploads\/2022\/03\/semi-automatic-french-fries-machine1.jpg 800w, https:\/\/www.potatoturnkey.com\/wp-content\/uploads\/2022\/03\/semi-automatic-french-fries-machine1-300x188.jpg 300w, https:\/\/www.potatoturnkey.com\/wp-content\/uploads\/2022\/03\/semi-automatic-french-fries-machine1-768x480.jpg 768w, https:\/\/www.potatoturnkey.com\/wp-content\/uploads\/2022\/03\/semi-automatic-french-fries-machine1-600x375.jpg 600w\" sizes=\"auto, (max-width: 800px) 100vw, 800px\" \/><\/p>\n<h2><strong><b>Introducci\u00f3n<\/b><\/strong><strong><b>\u00a0<\/b><\/strong><strong><b>de <\/b><\/strong><strong><b>S<\/b><\/strong><strong><b>emi-autom\u00e1tico <\/b><\/strong><strong><b>F<\/b><\/strong><strong><b>rench <\/b><\/strong><strong><b>F<\/b><\/strong><strong><b>ries <\/b><\/strong><strong><b>L<\/b><\/strong><strong><b>ine<\/b><\/strong><strong><b>\/S<\/b><\/strong><strong><b>emi-autom\u00e1tico<\/b><\/strong><strong><b>\u00a0Patatas fritas L<\/b><\/strong><strong><b>ine<\/b><\/strong><\/h2>\n<p>Introducci\u00f3n de la l\u00ednea semiautom\u00e1tica de producci\u00f3n de patatas fritas: Se compone principalmente de m\u00e1quina limpiadora de cepillos de patatas, m\u00e1quina cortadora de patatas, m\u00e1quina escaldadora de patatas fritas, m\u00e1quina freidora de patatas fritas, m\u00e1quina desaceitadora de patatas fritas y m\u00e1quina sazonadora de patatas fritas.<\/p>\n<p>Introducci\u00f3n de la m\u00e1quina semiautom\u00e1tica de fabricaci\u00f3n de patatas fritas: Se compone principalmente de una m\u00e1quina limpiadora de cepillos de patatas, m\u00e1quina cortadora de desintoxicaci\u00f3n, m\u00e1quina escaldadora de patatas fritas, m\u00e1quina freidora de patatas fritas, m\u00e1quina desaceitadora de patatas fritas, m\u00e1quina sazonadora de patatas fritas.<\/p>\n<p>La diferencia entre la l\u00ednea semiautom\u00e1tica de patatas fritas y la l\u00ednea semiautom\u00e1tica de patatas fritas radica principalmente en la diferencia de la m\u00e1quina de corte, y las dem\u00e1s m\u00e1quinas son iguales.<\/p>\n<h2><iframe loading=\"lazy\" title=\"Reproductor de v\u00eddeo YouTube\" src=\"https:\/\/www.youtube.com\/embed\/19nTWBa7q7g\" width=\"850\" height=\"475.5\" frameborder=\"0\" allowfullscreen=\"allowfullscreen\"><span data-mce-type=\"bookmark\" style=\"display: inline-block; width: 0px; overflow: hidden; line-height: 0;\" class=\"mce_SELRES_start\">El pr\u00f3ximo fin de semana se abrir\u00e1 la nueva tienda de comestibles.<\/span><\/iframe><\/h2>\n<h2><strong><b>Introducci\u00f3n de S<\/b><\/strong><strong><b>emi <\/b><\/strong><strong><b>A<\/b><\/strong><strong><b>utom\u00e1tico <\/b><\/strong><strong><b>F<\/b><\/strong><strong><b>rench <\/b><\/strong><strong><b>F<\/b><\/strong><strong><b>ries<\/b><\/strong><strong><b>\u00a0Y<\/b><\/strong><strong><b>\u00a0<\/b><\/strong><strong><b>Fabricaci\u00f3n de patatas fritas M<\/b><\/strong><strong><b>achine<\/b><\/strong><\/h2>\n<ol>\n<li>M\u00e1quina limpiadora de cepillos para patatas: La m\u00e1quina limpiadora de cepillos para patatas tiene un gran volumen de limpieza y pelado, alta eficiencia, bajo consumo de energ\u00eda, limpieza continua y operaci\u00f3n simple. El dise\u00f1o integrado de limpieza y pelado puede alimentar y descargar autom\u00e1ticamente.<\/li>\n<li>M\u00e1quina cortadora de patatas: La m\u00e1quina cortadora de patatas se divide principalmente en cortadora de patatas y cortadora de patatas fritas seg\u00fan la forma de la rebanada, y el tama\u00f1o de la rebanada se puede ajustar.<\/li>\n<li>M\u00e1quina de escaldado de patatas fritas\/patatas fritas: aclara y protege el color de las patatas fritas cortadas (tiras).<\/li>\n<li>M\u00e1quina para fre\u00edr patatas fritas\/patatas fritas: utilice una freidora de bastidor para fre\u00edr patatas fritas\/patatas fritas. Existen dos m\u00e9todos de calentamiento: calentamiento el\u00e9ctrico y calentamiento por gas.<\/li>\n<li>M\u00e1quina desengrasadora de patatas fritas\/patatas fritas: la m\u00e1quina desengrasadora centr\u00edfuga se utiliza para desengrasar las patatas fritas fritas y las patatas fritas para reducir la sensaci\u00f3n de grasa.<\/li>\n<li>Sazonadora de patatas fritas\/patatas fritas: utilice una sazonadora octogonal para sazonar y aumentar el sabor de las patatas fritas\/patatas fritas.<\/li>\n<li>Envasadora de patatas fritas\/papas fritas (opcional): envasado con nitr\u00f3geno despu\u00e9s de sazonarlas para prolongar su vida \u00fatil.<\/li>\n<\/ol>\n<h2><strong><b>Ventaja<\/b><\/strong><strong><b>\u00a0De S<\/b><\/strong><strong><b>emi<\/b><\/strong><strong><b>&#8211;<\/b><\/strong><strong><b>autom\u00e1tico <\/b><\/strong><strong><b>F<\/b><\/strong><strong><b>rench <\/b><\/strong><strong><b>F<\/b><\/strong><strong><b>ries<\/b><\/strong><strong><b>\u00a0Y patatas fritas<\/b><\/strong><strong><b>\u00a0<\/b><\/strong><strong><b>P<\/b><\/strong><strong><b>roducci\u00f3n <\/b><\/strong><strong><b>L<\/b><\/strong><strong><b>ine<\/b><\/strong><strong><b>\u00a0<\/b><\/strong><\/h2>\n<ul>\n<li>Rendimiento estable, patatas fritas y chips de alta calidad.<\/li>\n<li>Menos consumo de aceite comestible, bajo consumo de combustible y una variedad de capacidades de procesamiento para su elecci\u00f3n.<\/li>\n<li>La m\u00e1quina viene configurada de f\u00e1brica con instrucciones detalladas y v\u00eddeos de instalaci\u00f3n.<\/li>\n<li>\u00a0Con una baja inversi\u00f3n \u00fanica, bajo consumo de energ\u00eda, m\u00faltiples funciones, peque\u00f1o tama\u00f1o y alto beneficio. Ideal para peque\u00f1as y medianas plantas de procesamiento de alimentos.<\/li>\n<\/ul>\n<p>Si desea obtener una cotizaci\u00f3n para una m\u00e1quina semiautom\u00e1tica de papas fritas y una m\u00e1quina semiautom\u00e1tica de papas fritas, por favor deje un mensaje, dise\u00f1aremos un plan de l\u00ednea de producci\u00f3n para usted tan pronto como sea posible y proporcionaremos cotizaciones.<\/p>\n<h3>Par\u00e1metros t\u00e9cnicos<\/h3>\n<table border=\"0\" cellspacing=\"0\">\n<tbody>\n<tr>\n<td><strong>Nombre<\/strong><\/td>\n<td><strong>Modelo<\/strong><\/td>\n<td nowrap=\"nowrap\"><strong>Dimensi\u00f3n<\/strong><\/td>\n<td nowrap=\"nowrap\"><strong>Potencia<\/strong><\/td>\n<\/tr>\n<tr>\n<td nowrap=\"nowrap\">M\u00e1quina autom\u00e1tica de fre\u00edr<\/td>\n<td nowrap=\"nowrap\">LZG4000A<\/td>\n<td nowrap=\"nowrap\">4000*1400*2230mm<\/td>\n<td nowrap=\"nowrap\">120 kW<\/td>\n<\/tr>\n<tr>\n<td nowrap=\"nowrap\">Desengrasadora<\/td>\n<td nowrap=\"nowrap\">Descarga inferior<\/td>\n<td nowrap=\"nowrap\">1450*1350*1700mm<\/td>\n<td nowrap=\"nowrap\">2,2 KW<\/td>\n<\/tr>\n<tr>\n<td nowrap=\"nowrap\">M\u00e1quina autom\u00e1tica de temporada<\/td>\n<td nowrap=\"nowrap\">GT1500A<\/td>\n<td nowrap=\"nowrap\">1800*900*1600 mm<\/td>\n<td nowrap=\"nowrap\">1,5 Kw<\/td>\n<\/tr>\n<\/tbody>\n<\/table>\n<div role=\"form\" class=\"wpcf7\" id=\"wpcf7-f1653-o1\" lang=\"en-US\" dir=\"ltr\">\n<div class=\"screen-reader-response\"><p role=\"status\" aria-live=\"polite\" aria-atomic=\"true\"><\/p> <ul><\/ul><\/div>\n<form action=\"\/es\/wp-json\/wp\/v2\/product\/2255#wpcf7-f1653-o1\" method=\"post\" class=\"wpcf7-form init\" novalidate=\"novalidate\" data-status=\"init\" data-trp-original-action=\"\/es\/wp-json\/wp\/v2\/product\/2255#wpcf7-f1653-o1\">\n<div style=\"display: none;\">\n<input type=\"hidden\" name=\"_wpcf7\" value=\"1653\" \/>\n<input type=\"hidden\" name=\"_wpcf7_version\" value=\"5.5.4\" \/>\n<input type=\"hidden\" name=\"_wpcf7_locale\" value=\"en_US\" \/>\n<input type=\"hidden\" name=\"_wpcf7_unit_tag\" value=\"wpcf7-f1653-o1\" \/>\n<input type=\"hidden\" name=\"_wpcf7_container_post\" value=\"0\" \/>\n<input type=\"hidden\" name=\"_wpcf7_posted_data_hash\" value=\"\" \/>\n<\/div>\n<div style='text-align:center;font-size: 1.6rem;font-weight:bold'>Dejar mensaje para precio<\/div>\n<div class='forml1' style='float:left;width:48%; margin-right:4%'>\n<label> Su nombre<br \/>\n    <span class=\"wpcf7-form-control-wrap your-name\"><input type=\"text\" name=\"your-name\" value=\"\" size=\"40\" class=\"wpcf7-form-control wpcf7-text\" aria-invalid=\"false\" \/><\/span> <\/label><\/p>\n<p><label> *Su correo electr\u00f3nico<br \/>\n    <span class=\"wpcf7-form-control-wrap your-email\"><input type=\"email\" name=\"your-email\" value=\"\" size=\"40\" class=\"wpcf7-form-control wpcf7-text wpcf7-email wpcf7-validates-as-required wpcf7-validates-as-email\" aria-required=\"true\" aria-invalid=\"false\" \/><\/span> <\/label><\/p>\n<p><label> Tel\u00e9fono\/WhatsApp<br \/>\n    <span class=\"wpcf7-form-control-wrap text-100\"><input type=\"text\" name=\"text-100\" value=\"\" size=\"40\" class=\"wpcf7-form-control wpcf7-text\" aria-invalid=\"false\" \/><\/span> <\/label><br \/>\n<label> Su pa\u00eds<br \/>\n    <span class=\"wpcf7-form-control-wrap text-677\"><input type=\"text\" name=\"text-677\" value=\"\" size=\"40\" class=\"wpcf7-form-control wpcf7-text\" aria-invalid=\"false\" \/><\/span> <\/label><br \/>\n<label> Nombre de su empresa<br \/>\n    <span class=\"wpcf7-form-control-wrap text-680\"><input type=\"text\" name=\"text-680\" value=\"\" size=\"40\" class=\"wpcf7-form-control wpcf7-text\" aria-invalid=\"false\" \/><\/span> <\/label><br \/>\n<label> Su sitio web<br \/>\n    <span class=\"wpcf7-form-control-wrap text-216\"><input type=\"text\" name=\"text-216\" value=\"\" size=\"40\" class=\"wpcf7-form-control wpcf7-text\" aria-invalid=\"false\" \/><\/span> <\/label>\n<\/div>\n<div class='forml2' style='float:left;width:48%;'>\n<label> *Su mensaje<br \/>\n    <span class=\"wpcf7-form-control-wrap your-message\"><textarea name=\"your-message\" cols=\"40\" rows=\"10\" class=\"wpcf7-form-control wpcf7-textarea wpcf7-validates-as-required\" aria-required=\"true\" aria-invalid=\"false\"><\/textarea><\/span> <\/label><\/p>\n<p><input type=\"submit\" value=\"Enviar\" class=\"wpcf7-form-control has-spinner wpcf7-submit\" \/><\/p>\n<\/div>\n<div style='clear:both'><\/div>\n<p style=\"display: none !important;\"><label>&#916;<textarea name=\"_wpcf7_ak_hp_textarea\" cols=\"45\" rows=\"8\" maxlength=\"100\"><\/textarea><\/label><input type=\"hidden\" id=\"ak_js\" name=\"_wpcf7_ak_js\" value=\"16\"\/><script>document.getElementById( \"ak_js\" ).setAttribute( \"value\", ( new Date() ).getTime() );<\/script><\/p><div class=\"wpcf7-response-output\" aria-hidden=\"true\"><\/div><input type=\"hidden\" name=\"trp-form-language\" value=\"es\"\/><\/form><\/div>\n<div style='text-align:left' class='yasr-auto-insert-visitor'><\/div>","protected":false},"excerpt":{"rendered":"<p>Material: Patatas<\/p>\n<p>Producto acabado: Patatas fritas<\/p>\n<p>M\u00e9todo de calentamiento de la fritura: calentamiento el\u00e9ctrico, calentamiento por gas<\/p>\n<p>Capacidad de producci\u00f3n: se pueden ofrecer servicios personalizados en funci\u00f3n de las necesidades reales de los clientes.<\/p>","protected":false},"featured_media":2258,"comment_status":"open","ping_status":"closed","template":"","meta":{"extendify_custom_stylesheet":"","site-sidebar-layout":"default","site-content-layout":"default","ast-global-header-display":"","ast-banner-title-visibility":"","ast-main-header-display":"","ast-hfb-above-header-display":"","ast-hfb-below-header-display":"","ast-hfb-mobile-header-display":"","site-post-title":"","ast-breadcrumbs-content":"","ast-featured-img":"","footer-sml-layout":"","theme-transparent-header-meta":"","adv-header-id-meta":"","stick-header-meta":"","header-above-stick-meta":"","header-main-stick-meta":"","header-below-stick-meta":"","yasr_overall_rating":0,"yasr_post_is_review":"","yasr_auto_insert_disabled":"","yasr_review_type":""},"product_cat":[25],"product_tag":[],"class_list":["post-2255","product","type-product","status-publish","has-post-thumbnail","hentry","product_cat-potato-solutions","desktop-align-left","tablet-align-left","mobile-align-left"],"yasr_visitor_votes":{"stars_attributes":{"read_only":false,"span_bottom":false},"number_of_votes":0,"sum_votes":0},"yoast_head":"<!-- This site is optimized with the Yoast SEO plugin v20.11 - https:\/\/yoast.com\/wordpress\/plugins\/seo\/ -->\n<title>Semi-automatic French Fries And Potato Chips Production Line 50Kg\/h -<\/title>\n<meta name=\"description\" content=\"This semi-automatic french fries and potato chips production line is mainly composed of cleaning and peeling machine, cutting machine, frying machine, degreasing machine and seasoning machine.\" \/>\n<meta name=\"robots\" content=\"index, follow, max-snippet:-1, max-image-preview:large, max-video-preview:-1\" \/>\n<link rel=\"canonical\" href=\"https:\/\/www.potatoturnkey.com\/es\/product\/french-fries-potato-chips-line\/\" \/>\n<meta property=\"og:locale\" content=\"es_ES\" \/>\n<meta property=\"og:type\" content=\"article\" \/>\n<meta property=\"og:title\" content=\"Semi-automatic French Fries And Potato Chips Production Line 50Kg\/h -\" \/>\n<meta property=\"og:description\" content=\"This semi-automatic french fries and potato chips production line is mainly composed of cleaning and peeling machine, cutting machine, frying machine, degreasing machine and seasoning machine.\" \/>\n<meta property=\"og:url\" content=\"https:\/\/www.potatoturnkey.com\/es\/product\/french-fries-potato-chips-line\/\" \/>\n<meta property=\"og:site_name\" content=\"Potato Process Machines Supplier\" \/>\n<meta property=\"article:modified_time\" content=\"2022-11-05T07:58:05+00:00\" \/>\n<meta property=\"og:image\" content=\"https:\/\/www.potatoturnkey.com\/wp-content\/uploads\/2022\/03\/semi-automatic-french-fries-production-line.jpg\" \/>\n\t<meta property=\"og:image:width\" content=\"600\" \/>\n\t<meta property=\"og:image:height\" content=\"600\" \/>\n\t<meta property=\"og:image:type\" content=\"image\/jpeg\" \/>\n<meta name=\"twitter:card\" content=\"summary_large_image\" \/>\n<meta name=\"twitter:label1\" content=\"Tiempo de lectura\" \/>\n\t<meta name=\"twitter:data1\" content=\"3 minutos\" \/>\n<script type=\"application\/ld+json\" class=\"yoast-schema-graph\">{\"@context\":\"https:\/\/schema.org\",\"@graph\":[{\"@type\":\"WebPage\",\"@id\":\"https:\/\/www.potatoturnkey.com\/product\/french-fries-potato-chips-line\/\",\"url\":\"https:\/\/www.potatoturnkey.com\/product\/french-fries-potato-chips-line\/\",\"name\":\"Semi-automatic French Fries And Potato Chips Production Line 50Kg\/h -\",\"isPartOf\":{\"@id\":\"https:\/\/www.potatoturnkey.com\/#website\"},\"datePublished\":\"2022-03-07T03:31:53+00:00\",\"dateModified\":\"2022-11-05T07:58:05+00:00\",\"description\":\"This semi-automatic french fries and potato chips production line is mainly composed of cleaning and peeling machine, cutting machine, frying machine, degreasing machine and seasoning machine.\",\"breadcrumb\":{\"@id\":\"https:\/\/www.potatoturnkey.com\/product\/french-fries-potato-chips-line\/#breadcrumb\"},\"inLanguage\":\"es\",\"potentialAction\":[{\"@type\":\"ReadAction\",\"target\":[\"https:\/\/www.potatoturnkey.com\/product\/french-fries-potato-chips-line\/\"]}]},{\"@type\":\"BreadcrumbList\",\"@id\":\"https:\/\/www.potatoturnkey.com\/product\/french-fries-potato-chips-line\/#breadcrumb\",\"itemListElement\":[{\"@type\":\"ListItem\",\"position\":1,\"name\":\"Home\",\"item\":\"https:\/\/www.potatoturnkey.com\/\"},{\"@type\":\"ListItem\",\"position\":2,\"name\":\"Products\",\"item\":\"https:\/\/www.potatoturnkey.com\/shop-2__trashed\/\"},{\"@type\":\"ListItem\",\"position\":3,\"name\":\"Semi-automatic French Fries And Potato Chips Production Line 50Kg\/h\"}]},{\"@type\":\"WebSite\",\"@id\":\"https:\/\/www.potatoturnkey.com\/#website\",\"url\":\"https:\/\/www.potatoturnkey.com\/\",\"name\":\"Potato Process Machines Supplier\",\"description\":\"Potato Turnkey Processing Machine Supplier\",\"publisher\":{\"@id\":\"https:\/\/www.potatoturnkey.com\/#organization\"},\"potentialAction\":[{\"@type\":\"SearchAction\",\"target\":{\"@type\":\"EntryPoint\",\"urlTemplate\":\"https:\/\/www.potatoturnkey.com\/?s={search_term_string}\"},\"query-input\":\"required name=search_term_string\"}],\"inLanguage\":\"es\"},{\"@type\":\"Organization\",\"@id\":\"https:\/\/www.potatoturnkey.com\/#organization\",\"name\":\"Potato Process Machines Supplier\",\"url\":\"https:\/\/www.potatoturnkey.com\/\",\"logo\":{\"@type\":\"ImageObject\",\"inLanguage\":\"es\",\"@id\":\"https:\/\/www.potatoturnkey.com\/#\/schema\/logo\/image\/\",\"url\":\"https:\/\/www.potatoturnkey.com\/wp-content\/uploads\/2022\/02\/potato.png\",\"contentUrl\":\"https:\/\/www.potatoturnkey.com\/wp-content\/uploads\/2022\/02\/potato.png\",\"width\":200,\"height\":200,\"caption\":\"Potato Process Machines Supplier\"},\"image\":{\"@id\":\"https:\/\/www.potatoturnkey.com\/#\/schema\/logo\/image\/\"}},false]}<\/script>\n<!-- \/ Yoast SEO plugin. -->","yoast_head_json":{"title":"Semi-automatic French Fries And Potato Chips Production Line 50Kg\/h -","description":"This semi-automatic french fries and potato chips production line is mainly composed of cleaning and peeling machine, cutting machine, frying machine, degreasing machine and seasoning machine.","robots":{"index":"index","follow":"follow","max-snippet":"max-snippet:-1","max-image-preview":"max-image-preview:large","max-video-preview":"max-video-preview:-1"},"canonical":"https:\/\/www.potatoturnkey.com\/es\/product\/french-fries-potato-chips-line\/","og_locale":"es_ES","og_type":"article","og_title":"Semi-automatic French Fries And Potato Chips Production Line 50Kg\/h -","og_description":"This semi-automatic french fries and potato chips production line is mainly composed of cleaning and peeling machine, cutting machine, frying machine, degreasing machine and seasoning machine.","og_url":"https:\/\/www.potatoturnkey.com\/es\/product\/french-fries-potato-chips-line\/","og_site_name":"Potato Process Machines Supplier","article_modified_time":"2022-11-05T07:58:05+00:00","og_image":[{"width":600,"height":600,"url":"https:\/\/www.potatoturnkey.com\/wp-content\/uploads\/2022\/03\/semi-automatic-french-fries-production-line.jpg","type":"image\/jpeg"}],"twitter_card":"summary_large_image","twitter_misc":{"Tiempo de lectura":"3 minutos"},"schema":{"@context":"https:\/\/schema.org","@graph":[{"@type":"WebPage","@id":"https:\/\/www.potatoturnkey.com\/product\/french-fries-potato-chips-line\/","url":"https:\/\/www.potatoturnkey.com\/product\/french-fries-potato-chips-line\/","name":"Semi-automatic French Fries And Potato Chips Production Line 50Kg\/h -","isPartOf":{"@id":"https:\/\/www.potatoturnkey.com\/#website"},"datePublished":"2022-03-07T03:31:53+00:00","dateModified":"2022-11-05T07:58:05+00:00","description":"This semi-automatic french fries and potato chips production line is mainly composed of cleaning and peeling machine, cutting machine, frying machine, degreasing machine and seasoning machine.","breadcrumb":{"@id":"https:\/\/www.potatoturnkey.com\/product\/french-fries-potato-chips-line\/#breadcrumb"},"inLanguage":"es","potentialAction":[{"@type":"ReadAction","target":["https:\/\/www.potatoturnkey.com\/product\/french-fries-potato-chips-line\/"]}]},{"@type":"BreadcrumbList","@id":"https:\/\/www.potatoturnkey.com\/product\/french-fries-potato-chips-line\/#breadcrumb","itemListElement":[{"@type":"ListItem","position":1,"name":"Home","item":"https:\/\/www.potatoturnkey.com\/"},{"@type":"ListItem","position":2,"name":"Products","item":"https:\/\/www.potatoturnkey.com\/shop-2__trashed\/"},{"@type":"ListItem","position":3,"name":"Semi-automatic French Fries And Potato Chips Production Line 50Kg\/h"}]},{"@type":"WebSite","@id":"https:\/\/www.potatoturnkey.com\/#website","url":"https:\/\/www.potatoturnkey.com\/","name":"Potato Process Machines Supplier","description":"Potato Turnkey Processing Machine Supplier","publisher":{"@id":"https:\/\/www.potatoturnkey.com\/#organization"},"potentialAction":[{"@type":"SearchAction","target":{"@type":"EntryPoint","urlTemplate":"https:\/\/www.potatoturnkey.com\/?s={search_term_string}"},"query-input":"required name=search_term_string"}],"inLanguage":"es"},{"@type":"Organization","@id":"https:\/\/www.potatoturnkey.com\/#organization","name":"Potato Process Machines Supplier","url":"https:\/\/www.potatoturnkey.com\/","logo":{"@type":"ImageObject","inLanguage":"es","@id":"https:\/\/www.potatoturnkey.com\/#\/schema\/logo\/image\/","url":"https:\/\/www.potatoturnkey.com\/wp-content\/uploads\/2022\/02\/potato.png","contentUrl":"https:\/\/www.potatoturnkey.com\/wp-content\/uploads\/2022\/02\/potato.png","width":200,"height":200,"caption":"Potato Process Machines Supplier"},"image":{"@id":"https:\/\/www.potatoturnkey.com\/#\/schema\/logo\/image\/"}},false]}},"_links":{"self":[{"href":"https:\/\/www.potatoturnkey.com\/es\/wp-json\/wp\/v2\/product\/2255","targetHints":{"allow":["GET"]}}],"collection":[{"href":"https:\/\/www.potatoturnkey.com\/es\/wp-json\/wp\/v2\/product"}],"about":[{"href":"https:\/\/www.potatoturnkey.com\/es\/wp-json\/wp\/v2\/types\/product"}],"replies":[{"embeddable":true,"href":"https:\/\/www.potatoturnkey.com\/es\/wp-json\/wp\/v2\/comments?post=2255"}],"wp:featuredmedia":[{"embeddable":true,"href":"https:\/\/www.potatoturnkey.com\/es\/wp-json\/wp\/v2\/media\/2258"}],"wp:attachment":[{"href":"https:\/\/www.potatoturnkey.com\/es\/wp-json\/wp\/v2\/media?parent=2255"}],"wp:term":[{"taxonomy":"product_cat","embeddable":true,"href":"https:\/\/www.potatoturnkey.com\/es\/wp-json\/wp\/v2\/product_cat?post=2255"},{"taxonomy":"product_tag","embeddable":true,"href":"https:\/\/www.potatoturnkey.com\/es\/wp-json\/wp\/v2\/product_tag?post=2255"}],"curies":[{"name":"wp","href":"https:\/\/api.w.org\/{rel}","templated":true}]}}