{"id":2199,"date":"2022-03-02T14:37:20","date_gmt":"2022-03-02T06:37:20","guid":{"rendered":"https:\/\/www.potatoturnkey.com\/?post_type=product&#038;p=2199"},"modified":"2022-03-11T16:00:39","modified_gmt":"2022-03-11T08:00:39","slug":"french-fries-vacuum-frying-machine","status":"publish","type":"product","link":"https:\/\/www.potatoturnkey.com\/es\/product\/french-fries-vacuum-frying-machine\/","title":{"rendered":"M\u00e1quina continua de fre\u00edr patatas fritas al vac\u00edo de China"},"content":{"rendered":"<p>La m\u00e1quina freidora al vac\u00edo de patatas fritas suministrada por nuestra empresa se compone principalmente de un tanque de fritura al vac\u00edo, un sistema de calentamiento de aceite, un sistema de vac\u00edo, un sistema de almacenamiento y reposici\u00f3n de aceite, un sistema neum\u00e1tico y un sistema de desaceitado autom\u00e1tico. Las patatas fritas producidas por esta m\u00e1quina freidora de patatas fritas al vac\u00edo son crujientes y no grasientas y tienen un largo tiempo de almacenamiento y un buen efecto de conservaci\u00f3n de la frescura. Esto se debe a que en el vac\u00edo, ya sea una fruta o una verdura, el agua entre sus c\u00e9lulas se evaporar\u00e1, las c\u00e9lulas se expandir\u00e1n, y el efecto de la comida se hinchar\u00e1, por lo que se volver\u00e1 crujiente y deliciosa. As\u00ed se garantiza que el color, el aroma, el sabor y la forma del producto sean buenos.<\/p>\n<h2><strong><b>Principio de funcionamiento<\/b><\/strong><strong><b>\u00a0F<\/b><\/strong><strong><b>rench <\/b><\/strong><strong><b>F<\/b><\/strong><strong><b>ries <\/b><\/strong><strong><b>V<\/b><\/strong><strong><b>acuum <\/b><\/strong><strong><b>F<\/b><\/strong><strong><b>rying <\/b><\/strong><strong><b>M<\/b><\/strong><strong><b>achine<\/b><\/strong><strong><b>\u00a0<\/b><\/strong><\/h2>\n<p>Esta freidora continua al vac\u00edo utiliza patatas fritas como materia prima, aceite vegetal comestible como medio de calor, y adopta tecnolog\u00edas avanzadas como la fritura al vac\u00edo a baja temperatura para obtener patatas fritas con bajo contenido de aceite, crujientes pero no grasientas, y conservar la forma, el color, el aroma y el sabor originales de las patatas fritas. Tiene las caracter\u00edsticas de ser bajo en az\u00facar, bajo en sal, bajo en grasa y bajo en calor.<\/p>\n<h3><img loading=\"lazy\" decoding=\"async\" class=\"alignnone size-full wp-image-2216\" src=\"https:\/\/www.potatoturnkey.com\/wp-content\/uploads\/2022\/03\/6-2.jpg\" alt=\"freidora de patatas fritas al vac\u00edo\" width=\"800\" height=\"500\" srcset=\"https:\/\/www.potatoturnkey.com\/wp-content\/uploads\/2022\/03\/6-2.jpg 800w, https:\/\/www.potatoturnkey.com\/wp-content\/uploads\/2022\/03\/6-2-300x188.jpg 300w, https:\/\/www.potatoturnkey.com\/wp-content\/uploads\/2022\/03\/6-2-768x480.jpg 768w, https:\/\/www.potatoturnkey.com\/wp-content\/uploads\/2022\/03\/6-2-600x375.jpg 600w\" sizes=\"auto, (max-width: 800px) 100vw, 800px\" \/><\/h3>\n<h2><strong><b>Ventajas de <\/b><\/strong><strong><b>Continuo <\/b><\/strong><strong><b>V<\/b><\/strong><strong><b>acuum <\/b><\/strong><strong><b>F<\/b><\/strong><strong><b>rying <\/b><\/strong><strong><b>M<\/b><\/strong><strong><b>achine<\/b><\/strong><\/h2>\n<ol>\n<li>Debido a la baja temperatura de fritura, el grado de deterioro del aceite se reduce considerablemente. No hay necesidad de cambios frecuentes de aceite, alta eficiencia de ahorro de combustible.<\/li>\n<li>Gracias a la fritura al vac\u00edo, las patatas fritas no se decoloran ni se doran con facilidad, y pueden mantener el color de las materias primas. No s\u00f3lo puede aumentar la producci\u00f3n, sino tambi\u00e9n estabilizar la calidad de las patatas fritas, y el color, el aroma y el sabor est\u00e1n unificados.<\/li>\n<li>Las patatas fritas conservan toda su forma sin romperse y tienen un alto rendimiento. Adem\u00e1s, las patatas fritas conservan su aroma.<\/li>\n<li>Evite el derroche de energ\u00eda, ahorre mucho consumo energ\u00e9tico, reduzca varios costes en el proceso de producci\u00f3n y haga que sus productos sean m\u00e1s competitivos en el mercado.<\/li>\n<li>Las freidoras continuas al vac\u00edo est\u00e1n hechas de material de acero inoxidable, que tiene las caracter\u00edsticas de alta eficiencia de trabajo, rendimiento estable, instalaci\u00f3n y uso convenientes.<\/li>\n<\/ol>\n<h3><img loading=\"lazy\" decoding=\"async\" class=\"alignnone size-full wp-image-2205\" src=\"https:\/\/www.potatoturnkey.com\/wp-content\/uploads\/2022\/03\/5-2.jpg\" alt=\" freidora al vac\u00edo\" width=\"800\" height=\"500\" srcset=\"https:\/\/www.potatoturnkey.com\/wp-content\/uploads\/2022\/03\/5-2.jpg 800w, https:\/\/www.potatoturnkey.com\/wp-content\/uploads\/2022\/03\/5-2-300x188.jpg 300w, https:\/\/www.potatoturnkey.com\/wp-content\/uploads\/2022\/03\/5-2-768x480.jpg 768w, https:\/\/www.potatoturnkey.com\/wp-content\/uploads\/2022\/03\/5-2-600x375.jpg 600w\" sizes=\"auto, (max-width: 800px) 100vw, 800px\" \/><\/h3>\n<h3><strong><b>Aplicaciones de <\/b><\/strong><strong><b>F<\/b><\/strong><strong><b>rench <\/b><\/strong><strong><b>F<\/b><\/strong><strong><b>ries <\/b><\/strong><strong><b>V<\/b><\/strong><strong><b>acuum <\/b><\/strong><strong><b>F<\/b><\/strong><strong><b>rying <\/b><\/strong><strong><b>M<\/b><\/strong><strong><b>achine<\/b><\/strong><strong><b>\u00a0<\/b><\/strong><\/h3>\n<ul>\n<li>Frutas: melocot\u00f3n, manzana, pl\u00e1tano, kiwi, pi\u00f1a, azufaifo, fresa, jaca, mango, fruta del drag\u00f3n, espino blanco, fruta estrella, albaricoque.<\/li>\n<li>Verduras: r\u00e1bano, quimbomb\u00f3, zanahoria, boniato, calabaza, ajo, cebolla, champi\u00f1\u00f3n, \u00f1ame en rodajas, taro, ra\u00edz de loto, coliflor, pepino, patatas fritas.<\/li>\n<li>Marisco: pescado, gambas, calamares.<\/li>\n<li>Frutos de c\u00e1scara: cacahuetes, jud\u00edas verdes, anacardos, habas, guisantes.<\/li>\n<li>Otros: productos de soja, carne.<\/li>\n<\/ul>\n<p>Si desea obtener m\u00e1s detalles acerca de esta m\u00e1quina de fre\u00edr papas fritas al vac\u00edo continua, puede dejar un mensaje, o decirle a sus necesidades detalladas, le enviaremos una cita tan pronto como sea posible.<\/p>\n<div role=\"form\" class=\"wpcf7\" id=\"wpcf7-f1653-o1\" lang=\"en-US\" dir=\"ltr\">\n<div class=\"screen-reader-response\"><p role=\"status\" aria-live=\"polite\" aria-atomic=\"true\"><\/p> <ul><\/ul><\/div>\n<form action=\"\/es\/wp-json\/wp\/v2\/product\/2199#wpcf7-f1653-o1\" method=\"post\" class=\"wpcf7-form init\" novalidate=\"novalidate\" data-status=\"init\" data-trp-original-action=\"\/es\/wp-json\/wp\/v2\/product\/2199#wpcf7-f1653-o1\">\n<div style=\"display: none;\">\n<input type=\"hidden\" name=\"_wpcf7\" value=\"1653\" \/>\n<input type=\"hidden\" name=\"_wpcf7_version\" value=\"5.5.4\" \/>\n<input type=\"hidden\" name=\"_wpcf7_locale\" value=\"en_US\" \/>\n<input type=\"hidden\" name=\"_wpcf7_unit_tag\" value=\"wpcf7-f1653-o1\" \/>\n<input type=\"hidden\" name=\"_wpcf7_container_post\" value=\"0\" \/>\n<input type=\"hidden\" name=\"_wpcf7_posted_data_hash\" value=\"\" \/>\n<\/div>\n<div style='text-align:center;font-size: 1.6rem;font-weight:bold'>Dejar mensaje para precio<\/div>\n<div class='forml1' style='float:left;width:48%; margin-right:4%'>\n<label> Su nombre<br \/>\n    <span class=\"wpcf7-form-control-wrap your-name\"><input type=\"text\" name=\"your-name\" value=\"\" size=\"40\" class=\"wpcf7-form-control wpcf7-text\" aria-invalid=\"false\" \/><\/span> <\/label><\/p>\n<p><label> *Su correo electr\u00f3nico<br \/>\n    <span class=\"wpcf7-form-control-wrap your-email\"><input type=\"email\" name=\"your-email\" value=\"\" size=\"40\" class=\"wpcf7-form-control wpcf7-text wpcf7-email wpcf7-validates-as-required wpcf7-validates-as-email\" aria-required=\"true\" aria-invalid=\"false\" \/><\/span> <\/label><\/p>\n<p><label> Tel\u00e9fono\/WhatsApp<br \/>\n    <span class=\"wpcf7-form-control-wrap text-100\"><input type=\"text\" name=\"text-100\" value=\"\" size=\"40\" class=\"wpcf7-form-control wpcf7-text\" aria-invalid=\"false\" \/><\/span> <\/label><br \/>\n<label> Su pa\u00eds<br \/>\n    <span class=\"wpcf7-form-control-wrap text-677\"><input type=\"text\" name=\"text-677\" value=\"\" size=\"40\" class=\"wpcf7-form-control wpcf7-text\" aria-invalid=\"false\" \/><\/span> <\/label><br \/>\n<label> Nombre de su empresa<br \/>\n    <span class=\"wpcf7-form-control-wrap text-680\"><input type=\"text\" name=\"text-680\" value=\"\" size=\"40\" class=\"wpcf7-form-control wpcf7-text\" aria-invalid=\"false\" \/><\/span> <\/label><br \/>\n<label> Su sitio web<br \/>\n    <span class=\"wpcf7-form-control-wrap text-216\"><input type=\"text\" name=\"text-216\" value=\"\" size=\"40\" class=\"wpcf7-form-control wpcf7-text\" aria-invalid=\"false\" \/><\/span> <\/label>\n<\/div>\n<div class='forml2' style='float:left;width:48%;'>\n<label> *Su mensaje<br \/>\n    <span class=\"wpcf7-form-control-wrap your-message\"><textarea name=\"your-message\" cols=\"40\" rows=\"10\" class=\"wpcf7-form-control wpcf7-textarea wpcf7-validates-as-required\" aria-required=\"true\" aria-invalid=\"false\"><\/textarea><\/span> <\/label><\/p>\n<p><input type=\"submit\" value=\"Enviar\" class=\"wpcf7-form-control has-spinner wpcf7-submit\" \/><\/p>\n<\/div>\n<div style='clear:both'><\/div>\n<p style=\"display: none !important;\"><label>&#916;<textarea name=\"_wpcf7_ak_hp_textarea\" cols=\"45\" rows=\"8\" maxlength=\"100\"><\/textarea><\/label><input type=\"hidden\" id=\"ak_js\" name=\"_wpcf7_ak_js\" value=\"132\"\/><script>document.getElementById( \"ak_js\" ).setAttribute( \"value\", ( new Date() ).getTime() );<\/script><\/p><div class=\"wpcf7-response-output\" aria-hidden=\"true\"><\/div><input type=\"hidden\" name=\"trp-form-language\" value=\"es\"\/><\/form><\/div>\n<div style='text-align:left' class='yasr-auto-insert-visitor'><\/div>","protected":false},"excerpt":{"rendered":"<p>El contenido de aceite de los alimentos fritos en general llega a 40%~50%, mientras que el contenido de aceite de las patatas fritas fritas al vac\u00edo es de 10%~20%, ahorrando 30%~40% de aceite, ahorrando aceite*, los alimentos quedan crujientes pero no grasientos, y se pueden almacenar Buen rendimiento. Asegura que la nutrici\u00f3n de las patatas fritas no se da\u00f1e y mejora la calidad del producto<\/p>","protected":false},"featured_media":2202,"comment_status":"open","ping_status":"closed","template":"","meta":{"extendify_custom_stylesheet":"","site-sidebar-layout":"default","site-content-layout":"default","ast-global-header-display":"","ast-banner-title-visibility":"","ast-main-header-display":"","ast-hfb-above-header-display":"","ast-hfb-below-header-display":"","ast-hfb-mobile-header-display":"","site-post-title":"","ast-breadcrumbs-content":"","ast-featured-img":"","footer-sml-layout":"","theme-transparent-header-meta":"","adv-header-id-meta":"","stick-header-meta":"","header-above-stick-meta":"","header-main-stick-meta":"","header-below-stick-meta":"","yasr_overall_rating":0,"yasr_post_is_review":"","yasr_auto_insert_disabled":"","yasr_review_type":""},"product_cat":[27],"product_tag":[],"class_list":["post-2199","product","type-product","status-publish","has-post-thumbnail","hentry","product_cat-potato-processing-machines","desktop-align-left","tablet-align-left","mobile-align-left"],"yasr_visitor_votes":{"stars_attributes":{"read_only":false,"span_bottom":false},"number_of_votes":0,"sum_votes":0},"yoast_head":"<!-- This site is optimized with the Yoast SEO plugin v20.11 - https:\/\/yoast.com\/wordpress\/plugins\/seo\/ -->\n<title>Continuous French Fries Vacuum Frying Machine From China<\/title>\n<meta name=\"description\" content=\"This french fries vacuum frying machine is not easy to fade, discolor and brown, and can maintain the color and fragrance of the raw materials.\" \/>\n<meta name=\"robots\" content=\"index, follow, max-snippet:-1, max-image-preview:large, max-video-preview:-1\" \/>\n<link rel=\"canonical\" href=\"https:\/\/www.potatoturnkey.com\/es\/product\/french-fries-vacuum-frying-machine\/\" \/>\n<meta property=\"og:locale\" content=\"es_ES\" \/>\n<meta property=\"og:type\" content=\"article\" \/>\n<meta property=\"og:title\" content=\"Continuous French Fries Vacuum Frying Machine From China\" \/>\n<meta property=\"og:description\" content=\"This french fries vacuum frying machine is not easy to fade, discolor and brown, and can maintain the color and fragrance of the raw materials.\" \/>\n<meta property=\"og:url\" content=\"https:\/\/www.potatoturnkey.com\/es\/product\/french-fries-vacuum-frying-machine\/\" \/>\n<meta property=\"og:site_name\" content=\"Potato Process Machines Supplier\" \/>\n<meta property=\"article:modified_time\" content=\"2022-03-11T08:00:39+00:00\" \/>\n<meta property=\"og:image\" content=\"https:\/\/www.potatoturnkey.com\/wp-content\/uploads\/2022\/03\/3-2.jpg\" \/>\n\t<meta property=\"og:image:width\" content=\"600\" \/>\n\t<meta property=\"og:image:height\" content=\"600\" \/>\n\t<meta property=\"og:image:type\" content=\"image\/jpeg\" \/>\n<meta name=\"twitter:card\" content=\"summary_large_image\" \/>\n<meta name=\"twitter:label1\" content=\"Tiempo de lectura\" \/>\n\t<meta name=\"twitter:data1\" content=\"3 minutos\" \/>\n<script type=\"application\/ld+json\" class=\"yoast-schema-graph\">{\"@context\":\"https:\/\/schema.org\",\"@graph\":[{\"@type\":\"WebPage\",\"@id\":\"https:\/\/www.potatoturnkey.com\/product\/french-fries-vacuum-frying-machine\/\",\"url\":\"https:\/\/www.potatoturnkey.com\/product\/french-fries-vacuum-frying-machine\/\",\"name\":\"Continuous French Fries Vacuum Frying Machine From China\",\"isPartOf\":{\"@id\":\"https:\/\/www.potatoturnkey.com\/#website\"},\"datePublished\":\"2022-03-02T06:37:20+00:00\",\"dateModified\":\"2022-03-11T08:00:39+00:00\",\"description\":\"This french fries vacuum frying machine is not easy to fade, discolor and brown, and can maintain the color and fragrance of the raw materials.\",\"breadcrumb\":{\"@id\":\"https:\/\/www.potatoturnkey.com\/product\/french-fries-vacuum-frying-machine\/#breadcrumb\"},\"inLanguage\":\"es\",\"potentialAction\":[{\"@type\":\"ReadAction\",\"target\":[\"https:\/\/www.potatoturnkey.com\/product\/french-fries-vacuum-frying-machine\/\"]}]},{\"@type\":\"BreadcrumbList\",\"@id\":\"https:\/\/www.potatoturnkey.com\/product\/french-fries-vacuum-frying-machine\/#breadcrumb\",\"itemListElement\":[{\"@type\":\"ListItem\",\"position\":1,\"name\":\"Home\",\"item\":\"https:\/\/www.potatoturnkey.com\/\"},{\"@type\":\"ListItem\",\"position\":2,\"name\":\"Products\",\"item\":\"https:\/\/www.potatoturnkey.com\/shop-2__trashed\/\"},{\"@type\":\"ListItem\",\"position\":3,\"name\":\"Continuous French Fries Vacuum Frying Machine From China\"}]},{\"@type\":\"WebSite\",\"@id\":\"https:\/\/www.potatoturnkey.com\/#website\",\"url\":\"https:\/\/www.potatoturnkey.com\/\",\"name\":\"Potato Process Machines Supplier\",\"description\":\"Potato Turnkey Processing Machine Supplier\",\"publisher\":{\"@id\":\"https:\/\/www.potatoturnkey.com\/#organization\"},\"potentialAction\":[{\"@type\":\"SearchAction\",\"target\":{\"@type\":\"EntryPoint\",\"urlTemplate\":\"https:\/\/www.potatoturnkey.com\/?s={search_term_string}\"},\"query-input\":\"required name=search_term_string\"}],\"inLanguage\":\"es\"},{\"@type\":\"Organization\",\"@id\":\"https:\/\/www.potatoturnkey.com\/#organization\",\"name\":\"Potato Process Machines Supplier\",\"url\":\"https:\/\/www.potatoturnkey.com\/\",\"logo\":{\"@type\":\"ImageObject\",\"inLanguage\":\"es\",\"@id\":\"https:\/\/www.potatoturnkey.com\/#\/schema\/logo\/image\/\",\"url\":\"https:\/\/www.potatoturnkey.com\/wp-content\/uploads\/2022\/02\/potato.png\",\"contentUrl\":\"https:\/\/www.potatoturnkey.com\/wp-content\/uploads\/2022\/02\/potato.png\",\"width\":200,\"height\":200,\"caption\":\"Potato Process Machines Supplier\"},\"image\":{\"@id\":\"https:\/\/www.potatoturnkey.com\/#\/schema\/logo\/image\/\"}},false]}<\/script>\n<!-- \/ Yoast SEO plugin. -->","yoast_head_json":{"title":"Continuous French Fries Vacuum Frying Machine From China","description":"This french fries vacuum frying machine is not easy to fade, discolor and brown, and can maintain the color and fragrance of the raw materials.","robots":{"index":"index","follow":"follow","max-snippet":"max-snippet:-1","max-image-preview":"max-image-preview:large","max-video-preview":"max-video-preview:-1"},"canonical":"https:\/\/www.potatoturnkey.com\/es\/product\/french-fries-vacuum-frying-machine\/","og_locale":"es_ES","og_type":"article","og_title":"Continuous French Fries Vacuum Frying Machine From China","og_description":"This french fries vacuum frying machine is not easy to fade, discolor and brown, and can maintain the color and fragrance of the raw materials.","og_url":"https:\/\/www.potatoturnkey.com\/es\/product\/french-fries-vacuum-frying-machine\/","og_site_name":"Potato Process Machines Supplier","article_modified_time":"2022-03-11T08:00:39+00:00","og_image":[{"width":600,"height":600,"url":"https:\/\/www.potatoturnkey.com\/wp-content\/uploads\/2022\/03\/3-2.jpg","type":"image\/jpeg"}],"twitter_card":"summary_large_image","twitter_misc":{"Tiempo de lectura":"3 minutos"},"schema":{"@context":"https:\/\/schema.org","@graph":[{"@type":"WebPage","@id":"https:\/\/www.potatoturnkey.com\/product\/french-fries-vacuum-frying-machine\/","url":"https:\/\/www.potatoturnkey.com\/product\/french-fries-vacuum-frying-machine\/","name":"Continuous French Fries Vacuum Frying Machine From China","isPartOf":{"@id":"https:\/\/www.potatoturnkey.com\/#website"},"datePublished":"2022-03-02T06:37:20+00:00","dateModified":"2022-03-11T08:00:39+00:00","description":"This french fries vacuum frying machine is not easy to fade, discolor and brown, and can maintain the color and fragrance of the raw materials.","breadcrumb":{"@id":"https:\/\/www.potatoturnkey.com\/product\/french-fries-vacuum-frying-machine\/#breadcrumb"},"inLanguage":"es","potentialAction":[{"@type":"ReadAction","target":["https:\/\/www.potatoturnkey.com\/product\/french-fries-vacuum-frying-machine\/"]}]},{"@type":"BreadcrumbList","@id":"https:\/\/www.potatoturnkey.com\/product\/french-fries-vacuum-frying-machine\/#breadcrumb","itemListElement":[{"@type":"ListItem","position":1,"name":"Home","item":"https:\/\/www.potatoturnkey.com\/"},{"@type":"ListItem","position":2,"name":"Products","item":"https:\/\/www.potatoturnkey.com\/shop-2__trashed\/"},{"@type":"ListItem","position":3,"name":"Continuous French Fries Vacuum Frying Machine From China"}]},{"@type":"WebSite","@id":"https:\/\/www.potatoturnkey.com\/#website","url":"https:\/\/www.potatoturnkey.com\/","name":"Potato Process Machines Supplier","description":"Potato Turnkey Processing Machine Supplier","publisher":{"@id":"https:\/\/www.potatoturnkey.com\/#organization"},"potentialAction":[{"@type":"SearchAction","target":{"@type":"EntryPoint","urlTemplate":"https:\/\/www.potatoturnkey.com\/?s={search_term_string}"},"query-input":"required name=search_term_string"}],"inLanguage":"es"},{"@type":"Organization","@id":"https:\/\/www.potatoturnkey.com\/#organization","name":"Potato Process Machines Supplier","url":"https:\/\/www.potatoturnkey.com\/","logo":{"@type":"ImageObject","inLanguage":"es","@id":"https:\/\/www.potatoturnkey.com\/#\/schema\/logo\/image\/","url":"https:\/\/www.potatoturnkey.com\/wp-content\/uploads\/2022\/02\/potato.png","contentUrl":"https:\/\/www.potatoturnkey.com\/wp-content\/uploads\/2022\/02\/potato.png","width":200,"height":200,"caption":"Potato Process Machines Supplier"},"image":{"@id":"https:\/\/www.potatoturnkey.com\/#\/schema\/logo\/image\/"}},false]}},"_links":{"self":[{"href":"https:\/\/www.potatoturnkey.com\/es\/wp-json\/wp\/v2\/product\/2199","targetHints":{"allow":["GET"]}}],"collection":[{"href":"https:\/\/www.potatoturnkey.com\/es\/wp-json\/wp\/v2\/product"}],"about":[{"href":"https:\/\/www.potatoturnkey.com\/es\/wp-json\/wp\/v2\/types\/product"}],"replies":[{"embeddable":true,"href":"https:\/\/www.potatoturnkey.com\/es\/wp-json\/wp\/v2\/comments?post=2199"}],"wp:featuredmedia":[{"embeddable":true,"href":"https:\/\/www.potatoturnkey.com\/es\/wp-json\/wp\/v2\/media\/2202"}],"wp:attachment":[{"href":"https:\/\/www.potatoturnkey.com\/es\/wp-json\/wp\/v2\/media?parent=2199"}],"wp:term":[{"taxonomy":"product_cat","embeddable":true,"href":"https:\/\/www.potatoturnkey.com\/es\/wp-json\/wp\/v2\/product_cat?post=2199"},{"taxonomy":"product_tag","embeddable":true,"href":"https:\/\/www.potatoturnkey.com\/es\/wp-json\/wp\/v2\/product_tag?post=2199"}],"curies":[{"name":"wp","href":"https:\/\/api.w.org\/{rel}","templated":true}]}}