{"id":2185,"date":"2022-03-02T12:07:20","date_gmt":"2022-03-02T04:07:20","guid":{"rendered":"https:\/\/www.potatoturnkey.com\/?post_type=product&#038;p=2185"},"modified":"2022-11-05T15:55:29","modified_gmt":"2022-11-05T07:55:29","slug":"potato-chips-seasoning-machine","status":"publish","type":"product","link":"https:\/\/www.potatoturnkey.com\/es\/product\/potato-chips-seasoning-machine\/","title":{"rendered":"Mezcladora de patatas fritas de acero inoxidable"},"content":{"rendered":"<p>El dise\u00f1o de esta m\u00e1quina sazonadora de patatas fritas es de forma octogonal, lo que evita la desventaja de que las materias primas de la m\u00e1quina sazonadora de bolas no rueden. Se utiliza generalmente para el condimento de la comida frita, puede revolver completamente las patatas fritas, puede mezclar completamente el material de la comida que se procesar\u00e1 y el condimento requerido en poco tiempo, y no hay \u00e1ngulo muerto en el barril del condimento, que es m\u00e1s conveniente para el saneamiento y la limpieza.<\/p>\n<h2><strong><b>W<\/b><\/strong><strong><b>orking <\/b><\/strong><strong><b>P<\/b><\/strong><strong><b>rincipio<\/b><\/strong><strong><b>\u00a0De <\/b><\/strong><strong><b>P<\/b><\/strong><strong><b>otato <\/b><\/strong><strong><b>C<\/b><\/strong><strong><b>caderas <\/b><\/strong><strong><b>S<\/b><\/strong><strong><b>easoning <\/b><\/strong><strong><b>M<\/b><\/strong><strong><b>achine<\/b><\/strong><\/h2>\n<p>Las patatas fritas caen en el tambor, son impulsadas hacia arriba por la cuchilla agitadora, caen desde la parte superior, se mezclan con el condimento en polvo y se agitan uniformemente. Durante el proceso de trabajo, siempre hay condimento en la caja de espolvoreo, y debe a\u00f1adirse a tiempo cuando se detecta que el condimento es insuficiente.<\/p>\n<p><img loading=\"lazy\" decoding=\"async\" class=\"alignnone wp-image-2192 size-full\" src=\"https:\/\/www.potatoturnkey.com\/wp-content\/uploads\/2022\/03\/5-1.jpg\" alt=\"\" width=\"800\" height=\"500\" srcset=\"https:\/\/www.potatoturnkey.com\/wp-content\/uploads\/2022\/03\/5-1.jpg 800w, https:\/\/www.potatoturnkey.com\/wp-content\/uploads\/2022\/03\/5-1-300x188.jpg 300w, https:\/\/www.potatoturnkey.com\/wp-content\/uploads\/2022\/03\/5-1-768x480.jpg 768w, https:\/\/www.potatoturnkey.com\/wp-content\/uploads\/2022\/03\/5-1-600x375.jpg 600w\" sizes=\"auto, (max-width: 800px) 100vw, 800px\" \/><\/p>\n<h2><strong><b>Caracter\u00edsticas <\/b><\/strong><strong><b>O<\/b><\/strong><strong><b>f <\/b><\/strong><strong><b>P<\/b><\/strong><strong><b>otato <\/b><\/strong><strong><b>C<\/b><\/strong><strong><b>caderas <\/b><\/strong><strong><b>S<\/b><\/strong><strong><b>easoning <\/b><\/strong><strong><b>M<\/b><\/strong><strong><b>achine<\/b><\/strong><\/h2>\n<ol>\n<li>El dise\u00f1o octogonal hace que la agitaci\u00f3n sea m\u00e1s uniforme.<\/li>\n<li>Fabricado en acero inoxidable para garantizar una mayor vida \u00fatil.<\/li>\n<li>El di\u00e1metro y la longitud del tambor pueden personalizarse seg\u00fan sus necesidades.<\/li>\n<li>Esta m\u00e1quina mezcladora de papas fritas tiene una m\u00e1quina de sazonado tipo inclinaci\u00f3n, que es adecuada para operaciones de sazonado por lotes.<\/li>\n<li>Gran capacidad de sazonado, alta eficiencia de producci\u00f3n, rendimiento estable y bajo nivel de ruido.<\/li>\n<li>Existe una gran variedad de alimentos condimentados, f\u00e1ciles de manejar y mantener y que garantizan la higiene de los alimentos.<\/li>\n<li>Puede equiparse con un dispositivo de espolvoreado por vibraci\u00f3n para que el condimento se esparza uniformemente sobre el material.<\/li>\n<\/ol>\n<h3><strong><b>W<\/b><\/strong><strong><b>orking <\/b><\/strong><strong><b>V<\/b><\/strong><strong><b>ideo<\/b><\/strong><strong><b>\u00a0De <\/b><\/strong><strong><b>M\u00e1quina mezcladora de patatas fritas<\/b><\/strong><\/h3>\n<p>Esta m\u00e1quina tiene una estructura razonable, una soldadura firme, una superficie brillante, f\u00e1cil limpieza y no hace ruido. Se puede condimentar y mezclar con diferentes formas de alimentos. Es una de las m\u00e1quinas condimentadoras indispensables en el proceso de elaboraci\u00f3n y producci\u00f3n de alimentos. Esta m\u00e1quina es muy f\u00e1cil de operar y se utiliza para revolver y sazonar alimentos como chips de pl\u00e1tano, papas fritas, papas fritas, chips de tapioca, cacahuetes, habas, etc. Somos fabricantes profesionales de condimentos para papas fritas, si desea obtener una cotizaci\u00f3n de esta m\u00e1quina, puede dejarnos un mensaje.<\/p>\n<p><iframe loading=\"lazy\" title=\"Reproductor de v\u00eddeo YouTube\" src=\"https:\/\/www.youtube.com\/embed\/ka6jVys_Evk\" width=\"850\" height=\"475.5\" frameborder=\"0\" allowfullscreen=\"allowfullscreen\"><span data-mce-type=\"bookmark\" style=\"display: inline-block; width: 0px; overflow: hidden; line-height: 0;\" class=\"mce_SELRES_start\">El pr\u00f3ximo fin de semana se abrir\u00e1 la nueva tienda de comestibles.<\/span><\/iframe><\/p>\n<h3><strong><b>Utilice <\/b><\/strong><strong><b>O<\/b><\/strong><strong><b>f<\/b><\/strong><strong><b>\u00a0Sazonador de patatas fritas<\/b><\/strong><\/h3>\n<ul>\n<li>Conecta el aparato a la red el\u00e9ctrica y arranca el motor.<\/li>\n<li>Las patatas fritas que necesitan ser removidas y sazonadas se introducen lentamente en la m\u00e1quina sazonadora desde el puerto de alimentaci\u00f3n mediante una cinta transportadora o manualmente.<\/li>\n<li>Encienda el motor espolvoreador para rociar el condimento uniformemente en el tambor.<\/li>\n<li>La velocidad de rotaci\u00f3n y el \u00e1ngulo de inclinaci\u00f3n de la sazonadora son ajustables.<\/li>\n<li>Una vez finalizado el trabajo, deben limpiarse las impurezas de la m\u00e1quina.<\/li>\n<\/ul>\n<table border=\"1\" cellspacing=\"0\" cellpadding=\"0\">\n<tbody>\n<tr>\n<td>Modelo<\/td>\n<td>Potencia (KW)<\/td>\n<td>Tama\u00f1o (MM)<\/td>\n<td>Peso (KG)<\/td>\n<td>Tama\u00f1o de la clave (MM)<\/td>\n<td>Observaciones<\/td>\n<\/tr>\n<tr>\n<td>800<\/td>\n<td>1.1<\/td>\n<td>1000*800*1300<\/td>\n<td>130<\/td>\n<td>Sazonador\u03c6800<\/td>\n<td>Rociado manual, funci\u00f3n de rociado autom\u00e1tico tambi\u00e9n personalizable<\/td>\n<\/tr>\n<tr>\n<td>1000<\/td>\n<td>1.5<\/td>\n<td>1100*1000*1300<\/td>\n<td>150<\/td>\n<td>Cubo sazonador\u03c61000<\/td>\n<td>Rociado manual, funci\u00f3n de rociado autom\u00e1tico tambi\u00e9n personalizable<\/td>\n<\/tr>\n<\/tbody>\n<\/table>\n<div role=\"form\" class=\"wpcf7\" id=\"wpcf7-f1653-o1\" lang=\"en-US\" dir=\"ltr\">\n<div class=\"screen-reader-response\"><p role=\"status\" aria-live=\"polite\" aria-atomic=\"true\"><\/p> <ul><\/ul><\/div>\n<form action=\"\/es\/wp-json\/wp\/v2\/product\/2185#wpcf7-f1653-o1\" method=\"post\" class=\"wpcf7-form init\" novalidate=\"novalidate\" data-status=\"init\" data-trp-original-action=\"\/es\/wp-json\/wp\/v2\/product\/2185#wpcf7-f1653-o1\">\n<div style=\"display: none;\">\n<input type=\"hidden\" name=\"_wpcf7\" value=\"1653\" \/>\n<input type=\"hidden\" name=\"_wpcf7_version\" value=\"5.5.4\" \/>\n<input type=\"hidden\" name=\"_wpcf7_locale\" value=\"en_US\" \/>\n<input type=\"hidden\" name=\"_wpcf7_unit_tag\" value=\"wpcf7-f1653-o1\" \/>\n<input type=\"hidden\" name=\"_wpcf7_container_post\" value=\"0\" \/>\n<input type=\"hidden\" name=\"_wpcf7_posted_data_hash\" value=\"\" \/>\n<\/div>\n<div style='text-align:center;font-size: 1.6rem;font-weight:bold'>Dejar mensaje para precio<\/div>\n<div class='forml1' style='float:left;width:48%; margin-right:4%'>\n<label> Su nombre<br \/>\n    <span class=\"wpcf7-form-control-wrap your-name\"><input type=\"text\" name=\"your-name\" value=\"\" size=\"40\" class=\"wpcf7-form-control wpcf7-text\" aria-invalid=\"false\" \/><\/span> <\/label><\/p>\n<p><label> *Su correo electr\u00f3nico<br \/>\n    <span class=\"wpcf7-form-control-wrap your-email\"><input type=\"email\" name=\"your-email\" value=\"\" size=\"40\" class=\"wpcf7-form-control wpcf7-text wpcf7-email wpcf7-validates-as-required wpcf7-validates-as-email\" aria-required=\"true\" aria-invalid=\"false\" \/><\/span> <\/label><\/p>\n<p><label> Tel\u00e9fono\/WhatsApp<br \/>\n    <span class=\"wpcf7-form-control-wrap text-100\"><input type=\"text\" name=\"text-100\" value=\"\" size=\"40\" class=\"wpcf7-form-control wpcf7-text\" aria-invalid=\"false\" \/><\/span> <\/label><br \/>\n<label> Su pa\u00eds<br \/>\n    <span class=\"wpcf7-form-control-wrap text-677\"><input type=\"text\" name=\"text-677\" value=\"\" size=\"40\" class=\"wpcf7-form-control wpcf7-text\" aria-invalid=\"false\" \/><\/span> <\/label><br \/>\n<label> Nombre de su empresa<br \/>\n    <span class=\"wpcf7-form-control-wrap text-680\"><input type=\"text\" name=\"text-680\" value=\"\" size=\"40\" class=\"wpcf7-form-control wpcf7-text\" aria-invalid=\"false\" \/><\/span> <\/label><br \/>\n<label> Su sitio web<br \/>\n    <span class=\"wpcf7-form-control-wrap text-216\"><input type=\"text\" name=\"text-216\" value=\"\" size=\"40\" class=\"wpcf7-form-control wpcf7-text\" aria-invalid=\"false\" \/><\/span> <\/label>\n<\/div>\n<div class='forml2' style='float:left;width:48%;'>\n<label> *Su mensaje<br \/>\n    <span class=\"wpcf7-form-control-wrap your-message\"><textarea name=\"your-message\" cols=\"40\" rows=\"10\" class=\"wpcf7-form-control wpcf7-textarea wpcf7-validates-as-required\" aria-required=\"true\" aria-invalid=\"false\"><\/textarea><\/span> <\/label><\/p>\n<p><input type=\"submit\" value=\"Enviar\" class=\"wpcf7-form-control has-spinner wpcf7-submit\" \/><\/p>\n<\/div>\n<div style='clear:both'><\/div>\n<p style=\"display: none !important;\"><label>&#916;<textarea name=\"_wpcf7_ak_hp_textarea\" cols=\"45\" rows=\"8\" maxlength=\"100\"><\/textarea><\/label><input type=\"hidden\" id=\"ak_js\" name=\"_wpcf7_ak_js\" value=\"120\"\/><script>document.getElementById( \"ak_js\" ).setAttribute( \"value\", ( new Date() ).getTime() );<\/script><\/p><div class=\"wpcf7-response-output\" aria-hidden=\"true\"><\/div><input type=\"hidden\" name=\"trp-form-language\" value=\"es\"\/><\/form><\/div>\n<div style='text-align:left' class='yasr-auto-insert-visitor'><\/div>","protected":false},"excerpt":{"rendered":"<p>Descripci\u00f3n: Esta m\u00e1quina sazonadora de patatas fritas puede sazonar y mezclar diferentes formas de alimentos.<\/p>\n<p>Estilo de la m\u00e1quina: Forma octogonal<\/p>\n<p>Aplicaci\u00f3n: adecuado para la condimentaci\u00f3n por lotes<\/p>\n<p>Personalizaci\u00f3n: La m\u00e1quina se puede personalizar seg\u00fan la salida.<\/p>","protected":false},"featured_media":2190,"comment_status":"open","ping_status":"closed","template":"","meta":{"extendify_custom_stylesheet":"","site-sidebar-layout":"default","site-content-layout":"default","ast-global-header-display":"","ast-banner-title-visibility":"","ast-main-header-display":"","ast-hfb-above-header-display":"","ast-hfb-below-header-display":"","ast-hfb-mobile-header-display":"","site-post-title":"","ast-breadcrumbs-content":"","ast-featured-img":"","footer-sml-layout":"","theme-transparent-header-meta":"","adv-header-id-meta":"","stick-header-meta":"","header-above-stick-meta":"","header-main-stick-meta":"","header-below-stick-meta":"","yasr_overall_rating":0,"yasr_post_is_review":"","yasr_auto_insert_disabled":"","yasr_review_type":""},"product_cat":[27],"product_tag":[],"class_list":["post-2185","product","type-product","status-publish","has-post-thumbnail","hentry","product_cat-potato-processing-machines","desktop-align-left","tablet-align-left","mobile-align-left"],"yasr_visitor_votes":{"stars_attributes":{"read_only":false,"span_bottom":false},"number_of_votes":0,"sum_votes":0},"yoast_head":"<!-- This site is optimized with the Yoast SEO plugin v20.11 - https:\/\/yoast.com\/wordpress\/plugins\/seo\/ -->\n<title>Stainless Steel Potato Chips Seasoning Mixing Machine<\/title>\n<meta name=\"description\" content=\"This potato chips seasoning machine is mainly used for the stirring of seasoning powder in the later stage of food processing or the powder coating and blending of raw materials.\" \/>\n<meta name=\"robots\" content=\"index, follow, max-snippet:-1, max-image-preview:large, max-video-preview:-1\" \/>\n<link rel=\"canonical\" href=\"https:\/\/www.potatoturnkey.com\/es\/product\/potato-chips-seasoning-machine\/\" \/>\n<meta property=\"og:locale\" content=\"es_ES\" \/>\n<meta property=\"og:type\" content=\"article\" \/>\n<meta property=\"og:title\" content=\"Stainless Steel Potato Chips Seasoning Mixing Machine\" \/>\n<meta property=\"og:description\" content=\"This potato chips seasoning machine is mainly used for the stirring of seasoning powder in the later stage of food processing or the powder coating and blending of raw materials.\" \/>\n<meta property=\"og:url\" content=\"https:\/\/www.potatoturnkey.com\/es\/product\/potato-chips-seasoning-machine\/\" \/>\n<meta property=\"og:site_name\" content=\"Potato Process Machines Supplier\" \/>\n<meta property=\"article:modified_time\" content=\"2022-11-05T07:55:29+00:00\" \/>\n<meta property=\"og:image\" content=\"https:\/\/www.potatoturnkey.com\/wp-content\/uploads\/2022\/03\/potato-chips-seasoning-machine.jpg\" \/>\n\t<meta property=\"og:image:width\" content=\"600\" \/>\n\t<meta property=\"og:image:height\" content=\"600\" \/>\n\t<meta property=\"og:image:type\" content=\"image\/jpeg\" \/>\n<meta name=\"twitter:card\" content=\"summary_large_image\" \/>\n<meta name=\"twitter:label1\" content=\"Tiempo de lectura\" \/>\n\t<meta name=\"twitter:data1\" content=\"3 minutos\" \/>\n<script type=\"application\/ld+json\" class=\"yoast-schema-graph\">{\"@context\":\"https:\/\/schema.org\",\"@graph\":[{\"@type\":\"WebPage\",\"@id\":\"https:\/\/www.potatoturnkey.com\/product\/potato-chips-seasoning-machine\/\",\"url\":\"https:\/\/www.potatoturnkey.com\/product\/potato-chips-seasoning-machine\/\",\"name\":\"Stainless Steel Potato Chips Seasoning Mixing Machine\",\"isPartOf\":{\"@id\":\"https:\/\/www.potatoturnkey.com\/#website\"},\"datePublished\":\"2022-03-02T04:07:20+00:00\",\"dateModified\":\"2022-11-05T07:55:29+00:00\",\"description\":\"This potato chips seasoning machine is mainly used for the stirring of seasoning powder in the later stage of food processing or the powder coating and blending of raw materials.\",\"breadcrumb\":{\"@id\":\"https:\/\/www.potatoturnkey.com\/product\/potato-chips-seasoning-machine\/#breadcrumb\"},\"inLanguage\":\"es\",\"potentialAction\":[{\"@type\":\"ReadAction\",\"target\":[\"https:\/\/www.potatoturnkey.com\/product\/potato-chips-seasoning-machine\/\"]}]},{\"@type\":\"BreadcrumbList\",\"@id\":\"https:\/\/www.potatoturnkey.com\/product\/potato-chips-seasoning-machine\/#breadcrumb\",\"itemListElement\":[{\"@type\":\"ListItem\",\"position\":1,\"name\":\"Home\",\"item\":\"https:\/\/www.potatoturnkey.com\/\"},{\"@type\":\"ListItem\",\"position\":2,\"name\":\"Products\",\"item\":\"https:\/\/www.potatoturnkey.com\/shop-2__trashed\/\"},{\"@type\":\"ListItem\",\"position\":3,\"name\":\"Stainless Steel Potato Chips Seasoning Mixing Machine\"}]},{\"@type\":\"WebSite\",\"@id\":\"https:\/\/www.potatoturnkey.com\/#website\",\"url\":\"https:\/\/www.potatoturnkey.com\/\",\"name\":\"Potato Process Machines Supplier\",\"description\":\"Potato Turnkey Processing Machine Supplier\",\"publisher\":{\"@id\":\"https:\/\/www.potatoturnkey.com\/#organization\"},\"potentialAction\":[{\"@type\":\"SearchAction\",\"target\":{\"@type\":\"EntryPoint\",\"urlTemplate\":\"https:\/\/www.potatoturnkey.com\/?s={search_term_string}\"},\"query-input\":\"required name=search_term_string\"}],\"inLanguage\":\"es\"},{\"@type\":\"Organization\",\"@id\":\"https:\/\/www.potatoturnkey.com\/#organization\",\"name\":\"Potato Process Machines Supplier\",\"url\":\"https:\/\/www.potatoturnkey.com\/\",\"logo\":{\"@type\":\"ImageObject\",\"inLanguage\":\"es\",\"@id\":\"https:\/\/www.potatoturnkey.com\/#\/schema\/logo\/image\/\",\"url\":\"https:\/\/www.potatoturnkey.com\/wp-content\/uploads\/2022\/02\/potato.png\",\"contentUrl\":\"https:\/\/www.potatoturnkey.com\/wp-content\/uploads\/2022\/02\/potato.png\",\"width\":200,\"height\":200,\"caption\":\"Potato Process Machines Supplier\"},\"image\":{\"@id\":\"https:\/\/www.potatoturnkey.com\/#\/schema\/logo\/image\/\"}},false]}<\/script>\n<!-- \/ Yoast SEO plugin. -->","yoast_head_json":{"title":"Stainless Steel Potato Chips Seasoning Mixing Machine","description":"This potato chips seasoning machine is mainly used for the stirring of seasoning powder in the later stage of food processing or the powder coating and blending of raw materials.","robots":{"index":"index","follow":"follow","max-snippet":"max-snippet:-1","max-image-preview":"max-image-preview:large","max-video-preview":"max-video-preview:-1"},"canonical":"https:\/\/www.potatoturnkey.com\/es\/product\/potato-chips-seasoning-machine\/","og_locale":"es_ES","og_type":"article","og_title":"Stainless Steel Potato Chips Seasoning Mixing Machine","og_description":"This potato chips seasoning machine is mainly used for the stirring of seasoning powder in the later stage of food processing or the powder coating and blending of raw materials.","og_url":"https:\/\/www.potatoturnkey.com\/es\/product\/potato-chips-seasoning-machine\/","og_site_name":"Potato Process Machines Supplier","article_modified_time":"2022-11-05T07:55:29+00:00","og_image":[{"width":600,"height":600,"url":"https:\/\/www.potatoturnkey.com\/wp-content\/uploads\/2022\/03\/potato-chips-seasoning-machine.jpg","type":"image\/jpeg"}],"twitter_card":"summary_large_image","twitter_misc":{"Tiempo de lectura":"3 minutos"},"schema":{"@context":"https:\/\/schema.org","@graph":[{"@type":"WebPage","@id":"https:\/\/www.potatoturnkey.com\/product\/potato-chips-seasoning-machine\/","url":"https:\/\/www.potatoturnkey.com\/product\/potato-chips-seasoning-machine\/","name":"Stainless Steel Potato Chips Seasoning Mixing Machine","isPartOf":{"@id":"https:\/\/www.potatoturnkey.com\/#website"},"datePublished":"2022-03-02T04:07:20+00:00","dateModified":"2022-11-05T07:55:29+00:00","description":"This potato chips seasoning machine is mainly used for the stirring of seasoning powder in the later stage of food processing or the powder coating and blending of raw materials.","breadcrumb":{"@id":"https:\/\/www.potatoturnkey.com\/product\/potato-chips-seasoning-machine\/#breadcrumb"},"inLanguage":"es","potentialAction":[{"@type":"ReadAction","target":["https:\/\/www.potatoturnkey.com\/product\/potato-chips-seasoning-machine\/"]}]},{"@type":"BreadcrumbList","@id":"https:\/\/www.potatoturnkey.com\/product\/potato-chips-seasoning-machine\/#breadcrumb","itemListElement":[{"@type":"ListItem","position":1,"name":"Home","item":"https:\/\/www.potatoturnkey.com\/"},{"@type":"ListItem","position":2,"name":"Products","item":"https:\/\/www.potatoturnkey.com\/shop-2__trashed\/"},{"@type":"ListItem","position":3,"name":"Stainless Steel Potato Chips Seasoning Mixing Machine"}]},{"@type":"WebSite","@id":"https:\/\/www.potatoturnkey.com\/#website","url":"https:\/\/www.potatoturnkey.com\/","name":"Potato Process Machines Supplier","description":"Potato Turnkey Processing Machine Supplier","publisher":{"@id":"https:\/\/www.potatoturnkey.com\/#organization"},"potentialAction":[{"@type":"SearchAction","target":{"@type":"EntryPoint","urlTemplate":"https:\/\/www.potatoturnkey.com\/?s={search_term_string}"},"query-input":"required name=search_term_string"}],"inLanguage":"es"},{"@type":"Organization","@id":"https:\/\/www.potatoturnkey.com\/#organization","name":"Potato Process Machines Supplier","url":"https:\/\/www.potatoturnkey.com\/","logo":{"@type":"ImageObject","inLanguage":"es","@id":"https:\/\/www.potatoturnkey.com\/#\/schema\/logo\/image\/","url":"https:\/\/www.potatoturnkey.com\/wp-content\/uploads\/2022\/02\/potato.png","contentUrl":"https:\/\/www.potatoturnkey.com\/wp-content\/uploads\/2022\/02\/potato.png","width":200,"height":200,"caption":"Potato Process Machines Supplier"},"image":{"@id":"https:\/\/www.potatoturnkey.com\/#\/schema\/logo\/image\/"}},false]}},"_links":{"self":[{"href":"https:\/\/www.potatoturnkey.com\/es\/wp-json\/wp\/v2\/product\/2185","targetHints":{"allow":["GET"]}}],"collection":[{"href":"https:\/\/www.potatoturnkey.com\/es\/wp-json\/wp\/v2\/product"}],"about":[{"href":"https:\/\/www.potatoturnkey.com\/es\/wp-json\/wp\/v2\/types\/product"}],"replies":[{"embeddable":true,"href":"https:\/\/www.potatoturnkey.com\/es\/wp-json\/wp\/v2\/comments?post=2185"}],"wp:featuredmedia":[{"embeddable":true,"href":"https:\/\/www.potatoturnkey.com\/es\/wp-json\/wp\/v2\/media\/2190"}],"wp:attachment":[{"href":"https:\/\/www.potatoturnkey.com\/es\/wp-json\/wp\/v2\/media?parent=2185"}],"wp:term":[{"taxonomy":"product_cat","embeddable":true,"href":"https:\/\/www.potatoturnkey.com\/es\/wp-json\/wp\/v2\/product_cat?post=2185"},{"taxonomy":"product_tag","embeddable":true,"href":"https:\/\/www.potatoturnkey.com\/es\/wp-json\/wp\/v2\/product_tag?post=2185"}],"curies":[{"name":"wp","href":"https:\/\/api.w.org\/{rel}","templated":true}]}}