{"id":2144,"date":"2022-02-28T17:08:01","date_gmt":"2022-02-28T09:08:01","guid":{"rendered":"https:\/\/www.potatoturnkey.com\/?post_type=product&#038;p=2144"},"modified":"2022-03-11T16:05:28","modified_gmt":"2022-03-11T08:05:28","slug":"potato-cube-cutting-machine","status":"publish","type":"product","link":"https:\/\/www.potatoturnkey.com\/es\/product\/potato-cube-cutting-machine\/","title":{"rendered":"M\u00e1quina cortadora comercial de cubos de patata 500KG\/H"},"content":{"rendered":"<p>Esta cortadora de cubos de patata puede cortar patatas en cubos de forma r\u00e1pida y eficaz y puede utilizarse para procesar diversas hortalizas de ra\u00edz. La m\u00e1quina cortadora de cubos de patata est\u00e1 hecha de acero inoxidable de alta calidad, que tiene las ventajas de una bella apariencia, resistencia a la corrosi\u00f3n y larga vida \u00fatil. El uso de cuchillas compuestas hace que los trozos de patata cortados sean suaves y tiene una alta tasa de formaci\u00f3n, lo que es favorecido por los clientes.<\/p>\n<p><img loading=\"lazy\" decoding=\"async\" class=\"alignnone size-full wp-image-2149\" src=\"https:\/\/www.potatoturnkey.com\/wp-content\/uploads\/2022\/02\/6-1.jpg\" alt=\"m\u00e1quina cortadora de cubitos de patata detalles\" width=\"800\" height=\"500\" srcset=\"https:\/\/www.potatoturnkey.com\/wp-content\/uploads\/2022\/02\/6-1.jpg 800w, https:\/\/www.potatoturnkey.com\/wp-content\/uploads\/2022\/02\/6-1-300x188.jpg 300w, https:\/\/www.potatoturnkey.com\/wp-content\/uploads\/2022\/02\/6-1-768x480.jpg 768w, https:\/\/www.potatoturnkey.com\/wp-content\/uploads\/2022\/02\/6-1-600x375.jpg 600w\" sizes=\"auto, (max-width: 800px) 100vw, 800px\" \/><\/p>\n<h3><strong><b>W<\/b><\/strong><strong><b>orking <\/b><\/strong><strong><b>P<\/b><\/strong><strong><b>rincipio<\/b><\/strong><strong><b>\u00a0De <\/b><\/strong><strong><b>P<\/b><\/strong><strong><b>otato <\/b><\/strong><strong><b>C<\/b><\/strong><strong><b>ube <\/b><\/strong><strong><b>C<\/b><\/strong><strong><b>utting <\/b><\/strong><strong><b>M<\/b><\/strong><strong><b>achine<\/b><\/strong><\/h3>\n<p>El dial de esta m\u00e1quina cortadora de cubos de patata acciona el objeto a cortar para que gire a gran velocidad, utiliza la fuerza centr\u00edfuga del objeto para cortarlo en rodajas con la ayuda de una cuchilla vertical y, a continuaci\u00f3n, lo corta en tiras a trav\u00e9s del cortador de disco y env\u00eda el material a cortar al filo de corte transversal. El cuchillo de corte transversal lo corta en el cubo o cuboide deseado.<\/p>\n<h3><strong><b>W<\/b><\/strong><strong><b>orking <\/b><\/strong><strong><b>V<\/b><\/strong><strong><b>ideo<\/b><\/strong><strong><b>\u00a0<\/b><\/strong><strong><b>P<\/b><\/strong><strong><b>otato <\/b><\/strong><strong><b>C<\/b><\/strong><strong><b>ube <\/b><\/strong><strong><b>C<\/b><\/strong><strong><b>completa <\/b><\/strong><strong><b>M<\/b><\/strong><strong><b>achine<\/b><\/strong><\/h3>\n<p>Esta m\u00e1quina cubeteadora de patatas tiene un bonito dise\u00f1o y es f\u00e1cil de manejar. A continuaci\u00f3n se muestra el v\u00eddeo de trabajo de esta m\u00e1quina. Se puede ver en el v\u00eddeo que esta m\u00e1quina funciona sin problemas y puede cortar patatas en lotes. Si desea obtener un presupuesto sobre esta m\u00e1quina, puede dejarnos un mensaje.<\/p>\n<h3><iframe loading=\"lazy\" title=\"Reproductor de v\u00eddeo YouTube\" src=\"https:\/\/www.youtube.com\/embed\/XrB-X-FtJ-M\" width=\"850\" height=\"475.5\" frameborder=\"0\" allowfullscreen=\"allowfullscreen\"><span data-mce-type=\"bookmark\" style=\"display: inline-block; width: 0px; overflow: hidden; line-height: 0;\" class=\"mce_SELRES_start\">El pr\u00f3ximo fin de semana se abrir\u00e1 la nueva tienda de comestibles.<\/span><\/iframe><\/h3>\n<h3><strong><b>A<\/b><\/strong><strong><b>ventajas <\/b><\/strong><strong><b>O<\/b><\/strong><strong><b>f <\/b><\/strong><strong><b>P<\/b><\/strong><strong><b>otato <\/b><\/strong><strong><b>C<\/b><\/strong><strong><b>ube <\/b><\/strong><strong><b>C<\/b><\/strong><strong><b>utting <\/b><\/strong><strong><b>M<\/b><\/strong><strong><b>achine<\/b><\/strong><\/h3>\n<ul>\n<li>El tama\u00f1o de corte de las patatas se puede ajustar, y el cortador se puede configurar seg\u00fan el grosor, la anchura y la altura del corte. Puede cortar cubos o cuboides de 3-25 mm.<\/li>\n<li>Se puede cortar en rodajas, triturar, etc. con s\u00f3lo cambiar la herramienta.<\/li>\n<li>F\u00e1cil manejo, bajo consumo de energ\u00eda, velocidad de corte r\u00e1pida, alta eficiencia y reducci\u00f3n efectiva de los costes de mano de obra.<\/li>\n<li>Esta cortadora de cubos de patata se utiliza principalmente para cortar diversas hortalizas de ra\u00edz o frutas en cubos y cuboides.<\/li>\n<li>Ampliamente utilizado en todo tipo de restaurantes grandes, medianos y peque\u00f1os, comedores, plantas de procesamiento de alimentos, plantas de procesamiento de verduras e industrias de procesamiento de encurtidos.<\/li>\n<\/ul>\n<h3><strong><b>A<\/b><\/strong><strong><b>sobre nosotros<\/b><\/strong><\/h3>\n<p>Nuestra empresa es un proveedor especializado en m\u00e1quinas cortadoras de patatas, que puede satisfacer diferentes formas de corte de patatas. Los productos suministrados por nuestra empresa han sido ampliamente utilizados en el procesamiento de productos agr\u00edcolas y secundarios, procesamiento de productos hortofrut\u00edcolas, procesamiento avanzado de alimentos preparados congelados, procesamiento de productos pesqueros, y otras industrias, y han ganado los elogios y la confianza de la mayor\u00eda de los usuarios. Nuestra empresa tambi\u00e9n puede personalizar las l\u00edneas de producci\u00f3n de procesamiento de papas de acuerdo a los requerimientos de los clientes, como l\u00ednea de producci\u00f3n de papas fritas, l\u00ednea de producci\u00f3n de papas fritas, l\u00ednea de clasificaci\u00f3n y envasado de papas, etc.<\/p>\n<h3>Par\u00e1metros t\u00e9cnicos<\/h3>\n<table>\n<tbody>\n<tr>\n<td>Modelo<\/td>\n<td>GG-1500<\/td>\n<\/tr>\n<tr>\n<td>Capacidad<\/td>\n<td>2000-3000kg<\/td>\n<\/tr>\n<tr>\n<td>Polvo<\/td>\n<td>3 CV<\/td>\n<\/tr>\n<tr>\n<td>pesa<\/td>\n<td>280<\/td>\n<\/tr>\n<tr>\n<td>Dimensi\u00f3n<\/td>\n<td>1740*1270*1460mm<\/td>\n<\/tr>\n<tr>\n<td>Tama\u00f1o del cortador<\/td>\n<td>\u00a05-20 mm (tama\u00f1o c\u00fabico)<\/td>\n<\/tr>\n<\/tbody>\n<\/table>\n<div role=\"form\" class=\"wpcf7\" id=\"wpcf7-f1653-o1\" lang=\"en-US\" dir=\"ltr\">\n<div class=\"screen-reader-response\"><p role=\"status\" aria-live=\"polite\" aria-atomic=\"true\"><\/p> <ul><\/ul><\/div>\n<form action=\"\/es\/wp-json\/wp\/v2\/product\/2144#wpcf7-f1653-o1\" method=\"post\" class=\"wpcf7-form init\" novalidate=\"novalidate\" data-status=\"init\" data-trp-original-action=\"\/es\/wp-json\/wp\/v2\/product\/2144#wpcf7-f1653-o1\">\n<div style=\"display: none;\">\n<input type=\"hidden\" name=\"_wpcf7\" value=\"1653\" \/>\n<input type=\"hidden\" name=\"_wpcf7_version\" value=\"5.5.4\" \/>\n<input type=\"hidden\" name=\"_wpcf7_locale\" value=\"en_US\" \/>\n<input type=\"hidden\" name=\"_wpcf7_unit_tag\" value=\"wpcf7-f1653-o1\" \/>\n<input type=\"hidden\" name=\"_wpcf7_container_post\" value=\"0\" \/>\n<input type=\"hidden\" name=\"_wpcf7_posted_data_hash\" value=\"\" \/>\n<\/div>\n<div style='text-align:center;font-size: 1.6rem;font-weight:bold'>Dejar mensaje para precio<\/div>\n<div class='forml1' style='float:left;width:48%; margin-right:4%'>\n<label> Su nombre<br \/>\n    <span class=\"wpcf7-form-control-wrap your-name\"><input type=\"text\" name=\"your-name\" value=\"\" size=\"40\" class=\"wpcf7-form-control wpcf7-text\" aria-invalid=\"false\" \/><\/span> <\/label><\/p>\n<p><label> *Su correo electr\u00f3nico<br \/>\n    <span class=\"wpcf7-form-control-wrap your-email\"><input type=\"email\" name=\"your-email\" value=\"\" size=\"40\" class=\"wpcf7-form-control wpcf7-text wpcf7-email wpcf7-validates-as-required wpcf7-validates-as-email\" aria-required=\"true\" aria-invalid=\"false\" \/><\/span> <\/label><\/p>\n<p><label> Tel\u00e9fono\/WhatsApp<br \/>\n    <span class=\"wpcf7-form-control-wrap text-100\"><input type=\"text\" name=\"text-100\" value=\"\" size=\"40\" class=\"wpcf7-form-control wpcf7-text\" aria-invalid=\"false\" \/><\/span> <\/label><br \/>\n<label> Su pa\u00eds<br \/>\n    <span class=\"wpcf7-form-control-wrap text-677\"><input type=\"text\" name=\"text-677\" value=\"\" size=\"40\" class=\"wpcf7-form-control wpcf7-text\" aria-invalid=\"false\" \/><\/span> <\/label><br \/>\n<label> Nombre de su empresa<br \/>\n    <span class=\"wpcf7-form-control-wrap text-680\"><input type=\"text\" name=\"text-680\" value=\"\" size=\"40\" class=\"wpcf7-form-control wpcf7-text\" aria-invalid=\"false\" \/><\/span> <\/label><br \/>\n<label> Su sitio web<br \/>\n    <span class=\"wpcf7-form-control-wrap text-216\"><input type=\"text\" name=\"text-216\" value=\"\" size=\"40\" class=\"wpcf7-form-control wpcf7-text\" aria-invalid=\"false\" \/><\/span> <\/label>\n<\/div>\n<div class='forml2' style='float:left;width:48%;'>\n<label> *Su mensaje<br \/>\n    <span class=\"wpcf7-form-control-wrap your-message\"><textarea name=\"your-message\" cols=\"40\" rows=\"10\" class=\"wpcf7-form-control wpcf7-textarea wpcf7-validates-as-required\" aria-required=\"true\" aria-invalid=\"false\"><\/textarea><\/span> <\/label><\/p>\n<p><input type=\"submit\" value=\"Enviar\" class=\"wpcf7-form-control has-spinner wpcf7-submit\" \/><\/p>\n<\/div>\n<div style='clear:both'><\/div>\n<p style=\"display: none !important;\"><label>&#916;<textarea name=\"_wpcf7_ak_hp_textarea\" cols=\"45\" rows=\"8\" maxlength=\"100\"><\/textarea><\/label><input type=\"hidden\" id=\"ak_js\" name=\"_wpcf7_ak_js\" value=\"114\"\/><script>document.getElementById( \"ak_js\" ).setAttribute( \"value\", ( new Date() ).getTime() );<\/script><\/p><div class=\"wpcf7-response-output\" aria-hidden=\"true\"><\/div><input type=\"hidden\" name=\"trp-form-language\" value=\"es\"\/><\/form><\/div>\n<div style='text-align:left' class='yasr-auto-insert-visitor'><\/div>","protected":false},"excerpt":{"rendered":"<p>Descripci\u00f3n: Esta m\u00e1quina es adecuada para cortar diversas frutas y verduras rizomatosas en cubos o bloques largos.<\/p>","protected":false},"featured_media":2145,"comment_status":"open","ping_status":"closed","template":"","meta":{"extendify_custom_stylesheet":"","site-sidebar-layout":"default","site-content-layout":"default","ast-global-header-display":"","ast-banner-title-visibility":"","ast-main-header-display":"","ast-hfb-above-header-display":"","ast-hfb-below-header-display":"","ast-hfb-mobile-header-display":"","site-post-title":"","ast-breadcrumbs-content":"","ast-featured-img":"","footer-sml-layout":"","theme-transparent-header-meta":"","adv-header-id-meta":"","stick-header-meta":"","header-above-stick-meta":"","header-main-stick-meta":"","header-below-stick-meta":"","yasr_overall_rating":0,"yasr_post_is_review":"","yasr_auto_insert_disabled":"","yasr_review_type":""},"product_cat":[27],"product_tag":[],"class_list":["post-2144","product","type-product","status-publish","has-post-thumbnail","hentry","product_cat-potato-processing-machines","desktop-align-left","tablet-align-left","mobile-align-left"],"yasr_visitor_votes":{"stars_attributes":{"read_only":false,"span_bottom":false},"number_of_votes":0,"sum_votes":0},"yoast_head":"<!-- This site is optimized with the Yoast SEO plugin v20.11 - https:\/\/yoast.com\/wordpress\/plugins\/seo\/ -->\n<title>Commercial Potato Cube Cutting Machine 500KG\/H<\/title>\n<meta name=\"description\" content=\"This potato cube cutting machine can meet the dicing of various root and stem products, and has good work efficiency.\" \/>\n<meta name=\"robots\" content=\"index, follow, max-snippet:-1, max-image-preview:large, max-video-preview:-1\" \/>\n<link rel=\"canonical\" href=\"https:\/\/www.potatoturnkey.com\/es\/product\/potato-cube-cutting-machine\/\" \/>\n<meta property=\"og:locale\" content=\"es_ES\" \/>\n<meta property=\"og:type\" content=\"article\" \/>\n<meta property=\"og:title\" content=\"Commercial Potato Cube Cutting Machine 500KG\/H\" \/>\n<meta property=\"og:description\" content=\"This potato cube cutting machine can meet the dicing of various root and stem products, and has good work efficiency.\" \/>\n<meta property=\"og:url\" content=\"https:\/\/www.potatoturnkey.com\/es\/product\/potato-cube-cutting-machine\/\" \/>\n<meta property=\"og:site_name\" content=\"Potato Process Machines Supplier\" \/>\n<meta property=\"article:modified_time\" content=\"2022-03-11T08:05:28+00:00\" \/>\n<meta property=\"og:image\" content=\"https:\/\/www.potatoturnkey.com\/wp-content\/uploads\/2022\/02\/2-4.jpg\" \/>\n\t<meta property=\"og:image:width\" content=\"600\" \/>\n\t<meta property=\"og:image:height\" content=\"600\" \/>\n\t<meta property=\"og:image:type\" content=\"image\/jpeg\" \/>\n<meta name=\"twitter:card\" content=\"summary_large_image\" \/>\n<meta name=\"twitter:label1\" content=\"Tiempo de lectura\" \/>\n\t<meta name=\"twitter:data1\" content=\"3 minutos\" \/>\n<script type=\"application\/ld+json\" class=\"yoast-schema-graph\">{\"@context\":\"https:\/\/schema.org\",\"@graph\":[{\"@type\":\"WebPage\",\"@id\":\"https:\/\/www.potatoturnkey.com\/product\/potato-cube-cutting-machine\/\",\"url\":\"https:\/\/www.potatoturnkey.com\/product\/potato-cube-cutting-machine\/\",\"name\":\"Commercial Potato Cube Cutting Machine 500KG\/H\",\"isPartOf\":{\"@id\":\"https:\/\/www.potatoturnkey.com\/#website\"},\"datePublished\":\"2022-02-28T09:08:01+00:00\",\"dateModified\":\"2022-03-11T08:05:28+00:00\",\"description\":\"This potato cube cutting machine can meet the dicing of various root and stem products, and has good work efficiency.\",\"breadcrumb\":{\"@id\":\"https:\/\/www.potatoturnkey.com\/product\/potato-cube-cutting-machine\/#breadcrumb\"},\"inLanguage\":\"es\",\"potentialAction\":[{\"@type\":\"ReadAction\",\"target\":[\"https:\/\/www.potatoturnkey.com\/product\/potato-cube-cutting-machine\/\"]}]},{\"@type\":\"BreadcrumbList\",\"@id\":\"https:\/\/www.potatoturnkey.com\/product\/potato-cube-cutting-machine\/#breadcrumb\",\"itemListElement\":[{\"@type\":\"ListItem\",\"position\":1,\"name\":\"Home\",\"item\":\"https:\/\/www.potatoturnkey.com\/\"},{\"@type\":\"ListItem\",\"position\":2,\"name\":\"Products\",\"item\":\"https:\/\/www.potatoturnkey.com\/shop-2__trashed\/\"},{\"@type\":\"ListItem\",\"position\":3,\"name\":\"Commercial Potato Cube Cutting Machine 500KG\/H\"}]},{\"@type\":\"WebSite\",\"@id\":\"https:\/\/www.potatoturnkey.com\/#website\",\"url\":\"https:\/\/www.potatoturnkey.com\/\",\"name\":\"Potato Process Machines Supplier\",\"description\":\"Potato Turnkey Processing Machine Supplier\",\"publisher\":{\"@id\":\"https:\/\/www.potatoturnkey.com\/#organization\"},\"potentialAction\":[{\"@type\":\"SearchAction\",\"target\":{\"@type\":\"EntryPoint\",\"urlTemplate\":\"https:\/\/www.potatoturnkey.com\/?s={search_term_string}\"},\"query-input\":\"required name=search_term_string\"}],\"inLanguage\":\"es\"},{\"@type\":\"Organization\",\"@id\":\"https:\/\/www.potatoturnkey.com\/#organization\",\"name\":\"Potato Process Machines Supplier\",\"url\":\"https:\/\/www.potatoturnkey.com\/\",\"logo\":{\"@type\":\"ImageObject\",\"inLanguage\":\"es\",\"@id\":\"https:\/\/www.potatoturnkey.com\/#\/schema\/logo\/image\/\",\"url\":\"https:\/\/www.potatoturnkey.com\/wp-content\/uploads\/2022\/02\/potato.png\",\"contentUrl\":\"https:\/\/www.potatoturnkey.com\/wp-content\/uploads\/2022\/02\/potato.png\",\"width\":200,\"height\":200,\"caption\":\"Potato Process Machines Supplier\"},\"image\":{\"@id\":\"https:\/\/www.potatoturnkey.com\/#\/schema\/logo\/image\/\"}},false]}<\/script>\n<!-- \/ Yoast SEO plugin. -->","yoast_head_json":{"title":"Commercial Potato Cube Cutting Machine 500KG\/H","description":"This potato cube cutting machine can meet the dicing of various root and stem products, and has good work efficiency.","robots":{"index":"index","follow":"follow","max-snippet":"max-snippet:-1","max-image-preview":"max-image-preview:large","max-video-preview":"max-video-preview:-1"},"canonical":"https:\/\/www.potatoturnkey.com\/es\/product\/potato-cube-cutting-machine\/","og_locale":"es_ES","og_type":"article","og_title":"Commercial Potato Cube Cutting Machine 500KG\/H","og_description":"This potato cube cutting machine can meet the dicing of various root and stem products, and has good work efficiency.","og_url":"https:\/\/www.potatoturnkey.com\/es\/product\/potato-cube-cutting-machine\/","og_site_name":"Potato Process Machines Supplier","article_modified_time":"2022-03-11T08:05:28+00:00","og_image":[{"width":600,"height":600,"url":"https:\/\/www.potatoturnkey.com\/wp-content\/uploads\/2022\/02\/2-4.jpg","type":"image\/jpeg"}],"twitter_card":"summary_large_image","twitter_misc":{"Tiempo de lectura":"3 minutos"},"schema":{"@context":"https:\/\/schema.org","@graph":[{"@type":"WebPage","@id":"https:\/\/www.potatoturnkey.com\/product\/potato-cube-cutting-machine\/","url":"https:\/\/www.potatoturnkey.com\/product\/potato-cube-cutting-machine\/","name":"Commercial Potato Cube Cutting Machine 500KG\/H","isPartOf":{"@id":"https:\/\/www.potatoturnkey.com\/#website"},"datePublished":"2022-02-28T09:08:01+00:00","dateModified":"2022-03-11T08:05:28+00:00","description":"This potato cube cutting machine can meet the dicing of various root and stem products, and has good work efficiency.","breadcrumb":{"@id":"https:\/\/www.potatoturnkey.com\/product\/potato-cube-cutting-machine\/#breadcrumb"},"inLanguage":"es","potentialAction":[{"@type":"ReadAction","target":["https:\/\/www.potatoturnkey.com\/product\/potato-cube-cutting-machine\/"]}]},{"@type":"BreadcrumbList","@id":"https:\/\/www.potatoturnkey.com\/product\/potato-cube-cutting-machine\/#breadcrumb","itemListElement":[{"@type":"ListItem","position":1,"name":"Home","item":"https:\/\/www.potatoturnkey.com\/"},{"@type":"ListItem","position":2,"name":"Products","item":"https:\/\/www.potatoturnkey.com\/shop-2__trashed\/"},{"@type":"ListItem","position":3,"name":"Commercial Potato Cube Cutting Machine 500KG\/H"}]},{"@type":"WebSite","@id":"https:\/\/www.potatoturnkey.com\/#website","url":"https:\/\/www.potatoturnkey.com\/","name":"Potato Process Machines Supplier","description":"Potato Turnkey Processing Machine Supplier","publisher":{"@id":"https:\/\/www.potatoturnkey.com\/#organization"},"potentialAction":[{"@type":"SearchAction","target":{"@type":"EntryPoint","urlTemplate":"https:\/\/www.potatoturnkey.com\/?s={search_term_string}"},"query-input":"required name=search_term_string"}],"inLanguage":"es"},{"@type":"Organization","@id":"https:\/\/www.potatoturnkey.com\/#organization","name":"Potato Process Machines Supplier","url":"https:\/\/www.potatoturnkey.com\/","logo":{"@type":"ImageObject","inLanguage":"es","@id":"https:\/\/www.potatoturnkey.com\/#\/schema\/logo\/image\/","url":"https:\/\/www.potatoturnkey.com\/wp-content\/uploads\/2022\/02\/potato.png","contentUrl":"https:\/\/www.potatoturnkey.com\/wp-content\/uploads\/2022\/02\/potato.png","width":200,"height":200,"caption":"Potato Process Machines Supplier"},"image":{"@id":"https:\/\/www.potatoturnkey.com\/#\/schema\/logo\/image\/"}},false]}},"_links":{"self":[{"href":"https:\/\/www.potatoturnkey.com\/es\/wp-json\/wp\/v2\/product\/2144","targetHints":{"allow":["GET"]}}],"collection":[{"href":"https:\/\/www.potatoturnkey.com\/es\/wp-json\/wp\/v2\/product"}],"about":[{"href":"https:\/\/www.potatoturnkey.com\/es\/wp-json\/wp\/v2\/types\/product"}],"replies":[{"embeddable":true,"href":"https:\/\/www.potatoturnkey.com\/es\/wp-json\/wp\/v2\/comments?post=2144"}],"wp:featuredmedia":[{"embeddable":true,"href":"https:\/\/www.potatoturnkey.com\/es\/wp-json\/wp\/v2\/media\/2145"}],"wp:attachment":[{"href":"https:\/\/www.potatoturnkey.com\/es\/wp-json\/wp\/v2\/media?parent=2144"}],"wp:term":[{"taxonomy":"product_cat","embeddable":true,"href":"https:\/\/www.potatoturnkey.com\/es\/wp-json\/wp\/v2\/product_cat?post=2144"},{"taxonomy":"product_tag","embeddable":true,"href":"https:\/\/www.potatoturnkey.com\/es\/wp-json\/wp\/v2\/product_tag?post=2144"}],"curies":[{"name":"wp","href":"https:\/\/api.w.org\/{rel}","templated":true}]}}