{"id":2126,"date":"2022-02-28T15:46:05","date_gmt":"2022-02-28T07:46:05","guid":{"rendered":"https:\/\/www.potatoturnkey.com\/?post_type=product&#038;p=2126"},"modified":"2026-02-09T10:33:04","modified_gmt":"2026-02-09T02:33:04","slug":"potato-washing-cleaning-equipment","status":"publish","type":"product","link":"https:\/\/www.potatoturnkey.com\/es\/product\/potato-washing-cleaning-equipment\/","title":{"rendered":"Venta de equipos autom\u00e1ticos de lavado y limpieza de patatas"},"content":{"rendered":"<p>La limpiadora de patatas es una m\u00e1quina eficaz y respetuosa con el medio ambiente dise\u00f1ada para limpiar patatas. La m\u00e1quina utiliza una combinaci\u00f3n de cepillos giratorios y flujo de agua para eliminar a fondo la suciedad y las impurezas de la superficie de las patatas, garantizando unas patatas limpias e impecables tras la limpieza. Tanto si se trata de una granja como de una gran planta de procesamiento de verduras, este equipo es la opci\u00f3n ideal para usted.<\/p>\n<p>&nbsp;<\/p>\n<p><strong>Principio de funcionamiento de la m\u00e1quina limpiadora de patatas:<\/strong><\/p>\n<hr \/>\n<p>La m\u00e1quina se compone principalmente de motor, transmisi\u00f3n, juego de rodillos de pelo y hoja en espiral, etc. Las patatas son empujadas hacia delante por la hoja en espiral en el dep\u00f3sito de limpieza, entran en contacto por fricci\u00f3n con los cepillos y son rociadas por la boquilla de alta presi\u00f3n situada en la parte superior de la m\u00e1quina, para conseguir el efecto de limpieza continua. La zona de recogida de residuos bajo la m\u00e1quina limpiadora de patatas tiene espacio suficiente para que los trabajadores retiren los residuos. Y la nueva pantalla de filtro puede separar completamente los residuos y el agua residual, los residuos se raspan f\u00e1cilmente por encima de la pantalla de filtro, mientras que el agua residual se drena autom\u00e1ticamente por debajo de la pantalla de filtro.<\/p>\n<p><iframe loading=\"lazy\" title=\"Reproductor de v\u00eddeo YouTube\" src=\"https:\/\/www.youtube.com\/embed\/cepGv-r6ug4?si=vRYO6N37F-Shqk0z\" width=\"800\" height=\"450\" frameborder=\"0\" allowfullscreen=\"allowfullscreen\"><span data-mce-type=\"bookmark\" style=\"display: inline-block; width: 0px; overflow: hidden; line-height: 0;\" class=\"mce_SELRES_start\">El pr\u00f3ximo fin de semana se abrir\u00e1 la nueva tienda de comestibles.<\/span><\/iframe><\/p>\n<p><strong>M\u00e1quina limpiadora de patatas Caracter\u00edsticas:<\/strong><\/p>\n<hr \/>\n<ol>\n<li>Aspecto atractivo, funcionamiento c\u00f3modo: dise\u00f1o atractivo, estructura compacta, interfaz de funcionamiento sencilla e intuitiva. Dise\u00f1o f\u00e1cil de usar, f\u00e1cil de usar para los operadores.<\/li>\n<li>Gran capacidad de limpieza y alta eficiencia: dise\u00f1o de gran capacidad, puede manejar un gran n\u00famero de patatas por hora para satisfacer las necesidades de producci\u00f3n a gran escala. Eficiente funci\u00f3n de limpieza y pelado, mejorar en gran medida la eficiencia de trabajo.<\/li>\n<li>Bajo consumo de energ\u00eda, limpieza continua: adopta tecnolog\u00eda de ahorro de energ\u00eda, reduce eficazmente el consumo de energ\u00eda y los costes operativos. Soporta la funci\u00f3n de limpieza continua, adecuada para el funcionamiento a largo plazo.<\/li>\n<li>Funcionamiento sencillo, larga vida \u00fatil: pasos de funcionamiento sencillos, reducen los costes de formaci\u00f3n. La estructura robusta y los materiales resistentes al desgaste garantizan un uso sin problemas durante mucho tiempo.<\/li>\n<li>Materiales de alta calidad, duraderos: los rodillos de limpieza est\u00e1n hechos de alambre de nylon enrollado materiales tratados por el proceso, y los rodillos de pelado est\u00e1n hechos de materiales endurecidos, todos los cuales tienen un excelente rendimiento de resistencia al desgaste. Toda la m\u00e1quina est\u00e1 hecha de acero inoxidable de alta calidad, que es a prueba de \u00f3xido y resistente a la corrosi\u00f3n, limpio e higi\u00e9nico.<\/li>\n<li>Colocaci\u00f3n flexible, f\u00e1cil de ampliar: el equipo se puede colocar de forma flexible, y la cortadora de patatas, freidora de patatas y otras combinaciones en una l\u00ednea de producci\u00f3n. Satisfacer la demanda futura del usuario para la actualizaci\u00f3n de la capacidad.<\/li>\n<\/ol>\n<p><img loading=\"lazy\" decoding=\"async\" class=\"alignnone size-full wp-image-3087\" src=\"https:\/\/www.potatoturnkey.com\/wp-content\/uploads\/2022\/02\/potato-washing-machine-1.jpg\" alt=\"proveedor de m\u00e1quinas limpiadoras de patatas\" width=\"800\" height=\"476\" srcset=\"https:\/\/www.potatoturnkey.com\/wp-content\/uploads\/2022\/02\/potato-washing-machine-1.jpg 800w, https:\/\/www.potatoturnkey.com\/wp-content\/uploads\/2022\/02\/potato-washing-machine-1-300x179.jpg 300w, https:\/\/www.potatoturnkey.com\/wp-content\/uploads\/2022\/02\/potato-washing-machine-1-768x457.jpg 768w, https:\/\/www.potatoturnkey.com\/wp-content\/uploads\/2022\/02\/potato-washing-machine-1-600x357.jpg 600w\" sizes=\"auto, (max-width: 800px) 100vw, 800px\" \/><\/p>\n<p><strong>\u00c1mbito de aplicaci\u00f3n:<\/strong><\/p>\n<hr \/>\n<p>Esta m\u00e1quina limpiadora de patatas se utiliza ampliamente para limpiar y quitar la piel de la patata, la zanahoria, el \u00f1ame, el boniato, el jengibre y otras hortalizas de ra\u00edz.<\/p>\n<p>&nbsp;<\/p>\n<p><strong>Escena aplicable:<\/strong><\/p>\n<hr \/>\n<p>Ampliamente utilizado en granjas de patatas, centros de procesamiento de patatas, cocinas centrales, etc.<\/p>\n<div role=\"form\" class=\"wpcf7\" id=\"wpcf7-f1653-o1\" lang=\"en-US\" dir=\"ltr\">\n<div class=\"screen-reader-response\"><p role=\"status\" aria-live=\"polite\" aria-atomic=\"true\"><\/p> <ul><\/ul><\/div>\n<form action=\"\/es\/wp-json\/wp\/v2\/product\/2126#wpcf7-f1653-o1\" method=\"post\" class=\"wpcf7-form init\" novalidate=\"novalidate\" data-status=\"init\" data-trp-original-action=\"\/es\/wp-json\/wp\/v2\/product\/2126#wpcf7-f1653-o1\">\n<div style=\"display: none;\">\n<input type=\"hidden\" name=\"_wpcf7\" value=\"1653\" \/>\n<input type=\"hidden\" name=\"_wpcf7_version\" value=\"5.5.4\" \/>\n<input type=\"hidden\" name=\"_wpcf7_locale\" value=\"en_US\" \/>\n<input type=\"hidden\" name=\"_wpcf7_unit_tag\" value=\"wpcf7-f1653-o1\" \/>\n<input type=\"hidden\" name=\"_wpcf7_container_post\" value=\"0\" \/>\n<input type=\"hidden\" name=\"_wpcf7_posted_data_hash\" value=\"\" \/>\n<\/div>\n<div style='text-align:center;font-size: 1.6rem;font-weight:bold'>Dejar mensaje para precio<\/div>\n<div class='forml1' style='float:left;width:48%; margin-right:4%'>\n<label> Su nombre<br \/>\n    <span class=\"wpcf7-form-control-wrap your-name\"><input type=\"text\" name=\"your-name\" value=\"\" size=\"40\" class=\"wpcf7-form-control wpcf7-text\" aria-invalid=\"false\" \/><\/span> <\/label><\/p>\n<p><label> *Su correo electr\u00f3nico<br \/>\n    <span class=\"wpcf7-form-control-wrap your-email\"><input type=\"email\" name=\"your-email\" value=\"\" size=\"40\" class=\"wpcf7-form-control wpcf7-text wpcf7-email wpcf7-validates-as-required wpcf7-validates-as-email\" aria-required=\"true\" aria-invalid=\"false\" \/><\/span> <\/label><\/p>\n<p><label> Tel\u00e9fono\/WhatsApp<br \/>\n    <span class=\"wpcf7-form-control-wrap text-100\"><input type=\"text\" name=\"text-100\" value=\"\" size=\"40\" class=\"wpcf7-form-control wpcf7-text\" aria-invalid=\"false\" \/><\/span> <\/label><br \/>\n<label> Su pa\u00eds<br \/>\n    <span class=\"wpcf7-form-control-wrap text-677\"><input type=\"text\" name=\"text-677\" value=\"\" size=\"40\" class=\"wpcf7-form-control wpcf7-text\" aria-invalid=\"false\" \/><\/span> <\/label><br \/>\n<label> Nombre de su empresa<br \/>\n    <span class=\"wpcf7-form-control-wrap text-680\"><input type=\"text\" name=\"text-680\" value=\"\" size=\"40\" class=\"wpcf7-form-control wpcf7-text\" aria-invalid=\"false\" \/><\/span> <\/label><br \/>\n<label> Su sitio web<br \/>\n    <span class=\"wpcf7-form-control-wrap text-216\"><input type=\"text\" name=\"text-216\" value=\"\" size=\"40\" class=\"wpcf7-form-control wpcf7-text\" aria-invalid=\"false\" \/><\/span> <\/label>\n<\/div>\n<div class='forml2' style='float:left;width:48%;'>\n<label> *Su mensaje<br \/>\n    <span class=\"wpcf7-form-control-wrap your-message\"><textarea name=\"your-message\" cols=\"40\" rows=\"10\" class=\"wpcf7-form-control wpcf7-textarea wpcf7-validates-as-required\" aria-required=\"true\" aria-invalid=\"false\"><\/textarea><\/span> <\/label><\/p>\n<p><input type=\"submit\" value=\"Enviar\" class=\"wpcf7-form-control has-spinner wpcf7-submit\" \/><\/p>\n<\/div>\n<div style='clear:both'><\/div>\n<p style=\"display: none !important;\"><label>&#916;<textarea name=\"_wpcf7_ak_hp_textarea\" cols=\"45\" rows=\"8\" maxlength=\"100\"><\/textarea><\/label><input type=\"hidden\" id=\"ak_js\" name=\"_wpcf7_ak_js\" value=\"25\"\/><script>document.getElementById( \"ak_js\" ).setAttribute( \"value\", ( new Date() ).getTime() );<\/script><\/p><div class=\"wpcf7-response-output\" aria-hidden=\"true\"><\/div><input type=\"hidden\" name=\"trp-form-language\" value=\"es\"\/><\/form><\/div>\n<div style='text-align:left' class='yasr-auto-insert-visitor'><\/div>","protected":false},"excerpt":{"rendered":"<p>Efecto limpiador: limpieza de la superficie de la patata, limpieza y pelado de la patata<\/p>\n<p>Capacidad: 400-2000kgs\/h<\/p>","protected":false},"featured_media":2617,"comment_status":"open","ping_status":"closed","template":"","meta":{"extendify_custom_stylesheet":"","site-sidebar-layout":"default","site-content-layout":"default","ast-global-header-display":"","ast-banner-title-visibility":"","ast-main-header-display":"","ast-hfb-above-header-display":"","ast-hfb-below-header-display":"","ast-hfb-mobile-header-display":"","site-post-title":"","ast-breadcrumbs-content":"","ast-featured-img":"","footer-sml-layout":"","theme-transparent-header-meta":"default","adv-header-id-meta":"","stick-header-meta":"","header-above-stick-meta":"","header-main-stick-meta":"","header-below-stick-meta":"","yasr_overall_rating":0,"yasr_post_is_review":"","yasr_auto_insert_disabled":"","yasr_review_type":""},"product_cat":[27],"product_tag":[],"class_list":["post-2126","product","type-product","status-publish","has-post-thumbnail","hentry","product_cat-potato-processing-machines","desktop-align-left","tablet-align-left","mobile-align-left"],"yasr_visitor_votes":{"stars_attributes":{"read_only":false,"span_bottom":false},"number_of_votes":0,"sum_votes":0},"yoast_head":"<!-- This site is optimized with the Yoast SEO plugin v20.11 - https:\/\/yoast.com\/wordpress\/plugins\/seo\/ -->\n<title>Automatic Potato Washing Cleaning Equipment For Sale<\/title>\n<meta name=\"description\" content=\"The potato cleaning machine has a large output, easy to operate, effectively help users to improve processing efficiency.\" \/>\n<meta name=\"robots\" content=\"index, follow, max-snippet:-1, max-image-preview:large, max-video-preview:-1\" \/>\n<link rel=\"canonical\" href=\"https:\/\/www.potatoturnkey.com\/es\/product\/potato-washing-cleaning-equipment\/\" \/>\n<meta property=\"og:locale\" content=\"es_ES\" \/>\n<meta property=\"og:type\" content=\"article\" \/>\n<meta property=\"og:title\" content=\"Automatic Potato Washing Cleaning Equipment For Sale\" \/>\n<meta property=\"og:description\" content=\"The potato cleaning machine has a large output, easy to operate, effectively help users to improve processing efficiency.\" \/>\n<meta property=\"og:url\" content=\"https:\/\/www.potatoturnkey.com\/es\/product\/potato-washing-cleaning-equipment\/\" \/>\n<meta property=\"og:site_name\" content=\"Potato Process Machines Supplier\" \/>\n<meta property=\"article:modified_time\" content=\"2026-02-09T02:33:04+00:00\" \/>\n<meta property=\"og:image\" content=\"https:\/\/www.potatoturnkey.com\/wp-content\/uploads\/2022\/02\/2022.3.17.1.jpg\" \/>\n\t<meta property=\"og:image:width\" content=\"600\" \/>\n\t<meta property=\"og:image:height\" content=\"600\" \/>\n\t<meta property=\"og:image:type\" content=\"image\/jpeg\" \/>\n<meta name=\"twitter:card\" content=\"summary_large_image\" \/>\n<meta name=\"twitter:label1\" content=\"Tiempo de lectura\" \/>\n\t<meta name=\"twitter:data1\" content=\"3 minutos\" \/>\n<script type=\"application\/ld+json\" class=\"yoast-schema-graph\">{\"@context\":\"https:\/\/schema.org\",\"@graph\":[{\"@type\":\"WebPage\",\"@id\":\"https:\/\/www.potatoturnkey.com\/product\/potato-washing-cleaning-equipment\/\",\"url\":\"https:\/\/www.potatoturnkey.com\/product\/potato-washing-cleaning-equipment\/\",\"name\":\"Automatic Potato Washing Cleaning Equipment For Sale\",\"isPartOf\":{\"@id\":\"https:\/\/www.potatoturnkey.com\/#website\"},\"datePublished\":\"2022-02-28T07:46:05+00:00\",\"dateModified\":\"2026-02-09T02:33:04+00:00\",\"description\":\"The potato cleaning machine has a large output, easy to operate, effectively help users to improve processing efficiency.\",\"breadcrumb\":{\"@id\":\"https:\/\/www.potatoturnkey.com\/product\/potato-washing-cleaning-equipment\/#breadcrumb\"},\"inLanguage\":\"es\",\"potentialAction\":[{\"@type\":\"ReadAction\",\"target\":[\"https:\/\/www.potatoturnkey.com\/product\/potato-washing-cleaning-equipment\/\"]}]},{\"@type\":\"BreadcrumbList\",\"@id\":\"https:\/\/www.potatoturnkey.com\/product\/potato-washing-cleaning-equipment\/#breadcrumb\",\"itemListElement\":[{\"@type\":\"ListItem\",\"position\":1,\"name\":\"Home\",\"item\":\"https:\/\/www.potatoturnkey.com\/\"},{\"@type\":\"ListItem\",\"position\":2,\"name\":\"Products\",\"item\":\"https:\/\/www.potatoturnkey.com\/shop-2__trashed\/\"},{\"@type\":\"ListItem\",\"position\":3,\"name\":\"Automatic Potato Washing Cleaning Equipment For Sale\"}]},{\"@type\":\"WebSite\",\"@id\":\"https:\/\/www.potatoturnkey.com\/#website\",\"url\":\"https:\/\/www.potatoturnkey.com\/\",\"name\":\"Potato Process Machines Supplier\",\"description\":\"Potato Turnkey Processing Machine Supplier\",\"publisher\":{\"@id\":\"https:\/\/www.potatoturnkey.com\/#organization\"},\"potentialAction\":[{\"@type\":\"SearchAction\",\"target\":{\"@type\":\"EntryPoint\",\"urlTemplate\":\"https:\/\/www.potatoturnkey.com\/?s={search_term_string}\"},\"query-input\":\"required name=search_term_string\"}],\"inLanguage\":\"es\"},{\"@type\":\"Organization\",\"@id\":\"https:\/\/www.potatoturnkey.com\/#organization\",\"name\":\"Potato Process Machines Supplier\",\"url\":\"https:\/\/www.potatoturnkey.com\/\",\"logo\":{\"@type\":\"ImageObject\",\"inLanguage\":\"es\",\"@id\":\"https:\/\/www.potatoturnkey.com\/#\/schema\/logo\/image\/\",\"url\":\"https:\/\/www.potatoturnkey.com\/wp-content\/uploads\/2022\/02\/potato.png\",\"contentUrl\":\"https:\/\/www.potatoturnkey.com\/wp-content\/uploads\/2022\/02\/potato.png\",\"width\":200,\"height\":200,\"caption\":\"Potato Process Machines Supplier\"},\"image\":{\"@id\":\"https:\/\/www.potatoturnkey.com\/#\/schema\/logo\/image\/\"}},false]}<\/script>\n<!-- \/ Yoast SEO plugin. -->","yoast_head_json":{"title":"Automatic Potato Washing Cleaning Equipment For Sale","description":"The potato cleaning machine has a large output, easy to operate, effectively help users to improve processing efficiency.","robots":{"index":"index","follow":"follow","max-snippet":"max-snippet:-1","max-image-preview":"max-image-preview:large","max-video-preview":"max-video-preview:-1"},"canonical":"https:\/\/www.potatoturnkey.com\/es\/product\/potato-washing-cleaning-equipment\/","og_locale":"es_ES","og_type":"article","og_title":"Automatic Potato Washing Cleaning Equipment For Sale","og_description":"The potato cleaning machine has a large output, easy to operate, effectively help users to improve processing efficiency.","og_url":"https:\/\/www.potatoturnkey.com\/es\/product\/potato-washing-cleaning-equipment\/","og_site_name":"Potato Process Machines Supplier","article_modified_time":"2026-02-09T02:33:04+00:00","og_image":[{"width":600,"height":600,"url":"https:\/\/www.potatoturnkey.com\/wp-content\/uploads\/2022\/02\/2022.3.17.1.jpg","type":"image\/jpeg"}],"twitter_card":"summary_large_image","twitter_misc":{"Tiempo de lectura":"3 minutos"},"schema":{"@context":"https:\/\/schema.org","@graph":[{"@type":"WebPage","@id":"https:\/\/www.potatoturnkey.com\/product\/potato-washing-cleaning-equipment\/","url":"https:\/\/www.potatoturnkey.com\/product\/potato-washing-cleaning-equipment\/","name":"Automatic Potato Washing Cleaning Equipment For Sale","isPartOf":{"@id":"https:\/\/www.potatoturnkey.com\/#website"},"datePublished":"2022-02-28T07:46:05+00:00","dateModified":"2026-02-09T02:33:04+00:00","description":"The potato cleaning machine has a large output, easy to operate, effectively help users to improve processing efficiency.","breadcrumb":{"@id":"https:\/\/www.potatoturnkey.com\/product\/potato-washing-cleaning-equipment\/#breadcrumb"},"inLanguage":"es","potentialAction":[{"@type":"ReadAction","target":["https:\/\/www.potatoturnkey.com\/product\/potato-washing-cleaning-equipment\/"]}]},{"@type":"BreadcrumbList","@id":"https:\/\/www.potatoturnkey.com\/product\/potato-washing-cleaning-equipment\/#breadcrumb","itemListElement":[{"@type":"ListItem","position":1,"name":"Home","item":"https:\/\/www.potatoturnkey.com\/"},{"@type":"ListItem","position":2,"name":"Products","item":"https:\/\/www.potatoturnkey.com\/shop-2__trashed\/"},{"@type":"ListItem","position":3,"name":"Automatic Potato Washing Cleaning Equipment For Sale"}]},{"@type":"WebSite","@id":"https:\/\/www.potatoturnkey.com\/#website","url":"https:\/\/www.potatoturnkey.com\/","name":"Potato Process Machines Supplier","description":"Potato Turnkey Processing Machine Supplier","publisher":{"@id":"https:\/\/www.potatoturnkey.com\/#organization"},"potentialAction":[{"@type":"SearchAction","target":{"@type":"EntryPoint","urlTemplate":"https:\/\/www.potatoturnkey.com\/?s={search_term_string}"},"query-input":"required name=search_term_string"}],"inLanguage":"es"},{"@type":"Organization","@id":"https:\/\/www.potatoturnkey.com\/#organization","name":"Potato Process Machines Supplier","url":"https:\/\/www.potatoturnkey.com\/","logo":{"@type":"ImageObject","inLanguage":"es","@id":"https:\/\/www.potatoturnkey.com\/#\/schema\/logo\/image\/","url":"https:\/\/www.potatoturnkey.com\/wp-content\/uploads\/2022\/02\/potato.png","contentUrl":"https:\/\/www.potatoturnkey.com\/wp-content\/uploads\/2022\/02\/potato.png","width":200,"height":200,"caption":"Potato Process Machines Supplier"},"image":{"@id":"https:\/\/www.potatoturnkey.com\/#\/schema\/logo\/image\/"}},false]}},"_links":{"self":[{"href":"https:\/\/www.potatoturnkey.com\/es\/wp-json\/wp\/v2\/product\/2126","targetHints":{"allow":["GET"]}}],"collection":[{"href":"https:\/\/www.potatoturnkey.com\/es\/wp-json\/wp\/v2\/product"}],"about":[{"href":"https:\/\/www.potatoturnkey.com\/es\/wp-json\/wp\/v2\/types\/product"}],"replies":[{"embeddable":true,"href":"https:\/\/www.potatoturnkey.com\/es\/wp-json\/wp\/v2\/comments?post=2126"}],"wp:featuredmedia":[{"embeddable":true,"href":"https:\/\/www.potatoturnkey.com\/es\/wp-json\/wp\/v2\/media\/2617"}],"wp:attachment":[{"href":"https:\/\/www.potatoturnkey.com\/es\/wp-json\/wp\/v2\/media?parent=2126"}],"wp:term":[{"taxonomy":"product_cat","embeddable":true,"href":"https:\/\/www.potatoturnkey.com\/es\/wp-json\/wp\/v2\/product_cat?post=2126"},{"taxonomy":"product_tag","embeddable":true,"href":"https:\/\/www.potatoturnkey.com\/es\/wp-json\/wp\/v2\/product_tag?post=2126"}],"curies":[{"name":"wp","href":"https:\/\/api.w.org\/{rel}","templated":true}]}}