{"id":2120,"date":"2022-02-28T15:00:35","date_gmt":"2022-02-28T07:00:35","guid":{"rendered":"https:\/\/www.potatoturnkey.com\/?post_type=product&#038;p=2120"},"modified":"2026-02-09T10:26:40","modified_gmt":"2026-02-09T02:26:40","slug":"bubble-potato-washing-machine","status":"publish","type":"product","link":"https:\/\/www.potatoturnkey.com\/es\/product\/bubble-potato-washing-machine\/","title":{"rendered":"M\u00e1quina comercial de lavado de patatas de burbujas para la venta 500KG\/H"},"content":{"rendered":"<p>Esta lavadora de patatas de burbujas para la venta est\u00e1 especialmente dise\u00f1ada para limpiar la suciedad y los residuos de pesticidas en la superficie de las patatas. Utilizando el principio de pulverizaci\u00f3n y el impacto de burbujas para trabajar, es un equipo de limpieza por pulverizaci\u00f3n de patatas muy ideal y se ha convertido en un nuevo tipo de m\u00e1quina lavadora de patatas comercial en el campo de las frutas y verduras. El \u00e1ngulo de limpieza de este equipo de lavado de papas es m\u00e1s completo, la operaci\u00f3n es m\u00e1s estable, el consumo de energ\u00eda se ahorra, el costo de mano de obra se reduce, y tambi\u00e9n se puede personalizar de acuerdo a diferentes salidas de procesamiento.<\/p>\n<p><img loading=\"lazy\" decoding=\"async\" class=\"alignnone size-full wp-image-2122\" src=\"https:\/\/www.potatoturnkey.com\/wp-content\/uploads\/2022\/02\/commercial-potato-washing-machine-for-sale.jpg\" alt=\"lavapatatas comercial\" width=\"800\" height=\"500\" srcset=\"https:\/\/www.potatoturnkey.com\/wp-content\/uploads\/2022\/02\/commercial-potato-washing-machine-for-sale.jpg 800w, https:\/\/www.potatoturnkey.com\/wp-content\/uploads\/2022\/02\/commercial-potato-washing-machine-for-sale-300x188.jpg 300w, https:\/\/www.potatoturnkey.com\/wp-content\/uploads\/2022\/02\/commercial-potato-washing-machine-for-sale-768x480.jpg 768w, https:\/\/www.potatoturnkey.com\/wp-content\/uploads\/2022\/02\/commercial-potato-washing-machine-for-sale-600x375.jpg 600w\" sizes=\"auto, (max-width: 800px) 100vw, 800px\" \/><\/p>\n<h3><strong><b>Trabajar en <\/b><\/strong><strong><b>P<\/b><\/strong><strong><b>rincipio <\/b><\/strong><strong><b>O<\/b><\/strong><strong><b>f <\/b><\/strong><strong><b>B<\/b><\/strong><strong><b>ubble<\/b><\/strong><strong><b>\u00a0<\/b><\/strong><strong><b>P<\/b><\/strong><strong><b>otato <\/b><\/strong><strong><b>W<\/b><\/strong><strong><b>ashing <\/b><\/strong><strong><b>E<\/b><\/strong><strong><b>quipamiento<\/b><\/strong><\/h3>\n<p>Las patatas caen en el agua, y el agua del tanque se utiliza para agitar y limpiar. Bajo el impacto del agua, las patatas limpiar\u00e1n la suciedad pesada, como los sedimentos de la superficie. La suciedad desprendida cae en la zona de sedimentaci\u00f3n situada bajo la criba del filtro. A continuaci\u00f3n, las patatas se trasladan gradualmente a la cinta transportadora de malla bajo el empuje del agua y se roc\u00edan y limpian durante el proceso de elevaci\u00f3n fuera del tanque interior, y las patatas se lavan dos veces. Durante el proceso de trabajo de la m\u00e1quina lavadora de patatas comercial, la tuber\u00eda de entrada de agua y la tuber\u00eda de agua pulverizada siempre se suministran con agua, de modo que las aguas residuales en el tanque de agua se reemplazan gradualmente. Los enjuagues lavados son interceptados por el tamiz del filtro.<\/p>\n<p><iframe loading=\"lazy\" title=\"Reproductor de v\u00eddeo YouTube\" src=\"https:\/\/www.youtube.com\/embed\/0lfvrJJ-09k\" width=\"850\" height=\"475.5\" frameborder=\"0\" allowfullscreen=\"allowfullscreen\"><span data-mce-type=\"bookmark\" style=\"display: inline-block; width: 0px; overflow: hidden; line-height: 0;\" class=\"mce_SELRES_start\">El pr\u00f3ximo fin de semana se abrir\u00e1 la nueva tienda de comestibles.<\/span><\/iframe><\/p>\n<h3><strong><b>Ventajas <\/b><\/strong><strong><b>O<\/b><\/strong><strong><b>f <\/b><\/strong><strong><b>P<\/b><\/strong><strong><b>otato <\/b><\/strong><strong><b>W<\/b><\/strong><strong><b>ashing <\/b><\/strong><strong><b>M<\/b><\/strong><strong><b>achine <\/b><\/strong><strong><b>F<\/b><\/strong><strong><b>o <\/b><\/strong><strong><b>S<\/b><\/strong><strong><b>ale<\/b><\/strong><\/h3>\n<ol>\n<li>Tiene las ventajas de buena calidad, bajo consumo de energ\u00eda, estructura simple, mantenimiento conveniente, fuerte estabilidad de funcionamiento, alta eficiencia y ahorro de mano de obra.<\/li>\n<li>Equipada con un dispositivo generador de burbujas, que utiliza las burbujas generadas para agitar y limpiar las patatas, \u00e9stas pueden voltearse hacia arriba, lo que garantiza una limpieza uniforme sin puntos muertos.<\/li>\n<li>La longitud de la lavadora de patatas para la venta y el tama\u00f1o de los agujeros de perforaci\u00f3n en la correa de la placa de cadena se pueden personalizar de acuerdo a las necesidades reales de los clientes.<\/li>\n<li>Las patatas limpias son de buena calidad y no da\u00f1an la fruta. Es conveniente para su posterior procesamiento.<\/li>\n<li>No cuesta agua, ahorra el consumo de agua, es adecuado para la limpieza y el uso de diversos materiales, y cumple las normas nacionales de exportaci\u00f3n.<\/li>\n<li>Se puede mantener un buen entorno de trabajo para garantizar la salud y la seguridad de los trabajadores.<\/li>\n<\/ol>\n<p>Nuestra empresa se especializa en proveer equipos de lavado de papas a precios razonables. Si desea limpiar patatas de forma r\u00e1pida y eficaz, puede ponerse en contacto con nosotros y le haremos un presupuesto lo antes posible en funci\u00f3n de sus necesidades.<\/p>\n<h3 class=\"feat_tit\">Datos t\u00e9cnicos<\/h3>\n<div class=\"tech_con\">\n<table border=\"1\" cellspacing=\"0\">\n<tbody>\n<tr>\n<td>Lavadora de patatas burbuja<\/td>\n<td>Potencia\uff08KW\uff09<\/td>\n<td>Tama\u00f1o\uff08MM\uff09<\/td>\n<td>Peso\uff08KG\uff09<\/td>\n<td>Ancho de malla\uff08MM\uff09<\/td>\n<\/tr>\n<tr>\n<td>GGXQ3000<\/td>\n<td>2.2\/0.75\/1.5<\/td>\n<td>3100*1400*1500<\/td>\n<td>500<\/td>\n<td>600<\/td>\n<\/tr>\n<tr>\n<td>GGXQ4000<\/td>\n<td>4\/1.1\/1.5<\/td>\n<td>4100*1400*1500<\/td>\n<td>700<\/td>\n<td>800<\/td>\n<\/tr>\n<tr>\n<td>GGXQ5000<\/td>\n<td>5.5\/1.5\/2.2<\/td>\n<td>5100*1400*1500<\/td>\n<td>900<\/td>\n<td>800<\/td>\n<\/tr>\n<tr>\n<td>GGXQ6000<\/td>\n<td>5.5\/1.5\/2.2<\/td>\n<td>6100*1400*1500<\/td>\n<td>1000<\/td>\n<td>800<\/td>\n<\/tr>\n<tr>\n<td>GGXQ7000<\/td>\n<td>5.5\/1.5\/3<\/td>\n<td>7100*1400*1500<\/td>\n<td>1200<\/td>\n<td>800<\/td>\n<\/tr>\n<tr>\n<td>GGXQ8000<\/td>\n<td>5.5\/1.5\/3<\/td>\n<td>8100*1400*1500<\/td>\n<td>1350<\/td>\n<td>800<\/td>\n<\/tr>\n<\/tbody>\n<\/table>\n<\/div>\n<div role=\"form\" class=\"wpcf7\" id=\"wpcf7-f1653-o1\" lang=\"en-US\" dir=\"ltr\">\n<div class=\"screen-reader-response\"><p role=\"status\" aria-live=\"polite\" aria-atomic=\"true\"><\/p> <ul><\/ul><\/div>\n<form action=\"\/es\/wp-json\/wp\/v2\/product\/2120#wpcf7-f1653-o1\" method=\"post\" class=\"wpcf7-form init\" novalidate=\"novalidate\" data-status=\"init\" data-trp-original-action=\"\/es\/wp-json\/wp\/v2\/product\/2120#wpcf7-f1653-o1\">\n<div style=\"display: none;\">\n<input type=\"hidden\" name=\"_wpcf7\" value=\"1653\" \/>\n<input type=\"hidden\" name=\"_wpcf7_version\" value=\"5.5.4\" \/>\n<input type=\"hidden\" name=\"_wpcf7_locale\" value=\"en_US\" \/>\n<input type=\"hidden\" name=\"_wpcf7_unit_tag\" value=\"wpcf7-f1653-o1\" \/>\n<input type=\"hidden\" name=\"_wpcf7_container_post\" value=\"0\" \/>\n<input type=\"hidden\" name=\"_wpcf7_posted_data_hash\" value=\"\" \/>\n<\/div>\n<div style='text-align:center;font-size: 1.6rem;font-weight:bold'>Dejar mensaje para precio<\/div>\n<div class='forml1' style='float:left;width:48%; margin-right:4%'>\n<label> Su nombre<br \/>\n    <span class=\"wpcf7-form-control-wrap your-name\"><input type=\"text\" name=\"your-name\" value=\"\" size=\"40\" class=\"wpcf7-form-control wpcf7-text\" aria-invalid=\"false\" \/><\/span> <\/label><\/p>\n<p><label> *Su correo electr\u00f3nico<br \/>\n    <span class=\"wpcf7-form-control-wrap your-email\"><input type=\"email\" name=\"your-email\" value=\"\" size=\"40\" class=\"wpcf7-form-control wpcf7-text wpcf7-email wpcf7-validates-as-required wpcf7-validates-as-email\" aria-required=\"true\" aria-invalid=\"false\" \/><\/span> <\/label><\/p>\n<p><label> Tel\u00e9fono\/WhatsApp<br \/>\n    <span class=\"wpcf7-form-control-wrap text-100\"><input type=\"text\" name=\"text-100\" value=\"\" size=\"40\" class=\"wpcf7-form-control wpcf7-text\" aria-invalid=\"false\" \/><\/span> <\/label><br \/>\n<label> Su pa\u00eds<br \/>\n    <span class=\"wpcf7-form-control-wrap text-677\"><input type=\"text\" name=\"text-677\" value=\"\" size=\"40\" class=\"wpcf7-form-control wpcf7-text\" aria-invalid=\"false\" \/><\/span> <\/label><br \/>\n<label> Nombre de su empresa<br \/>\n    <span class=\"wpcf7-form-control-wrap text-680\"><input type=\"text\" name=\"text-680\" value=\"\" size=\"40\" class=\"wpcf7-form-control wpcf7-text\" aria-invalid=\"false\" \/><\/span> <\/label><br \/>\n<label> Su sitio web<br \/>\n    <span class=\"wpcf7-form-control-wrap text-216\"><input type=\"text\" name=\"text-216\" value=\"\" size=\"40\" class=\"wpcf7-form-control wpcf7-text\" aria-invalid=\"false\" \/><\/span> <\/label>\n<\/div>\n<div class='forml2' style='float:left;width:48%;'>\n<label> *Su mensaje<br \/>\n    <span class=\"wpcf7-form-control-wrap your-message\"><textarea name=\"your-message\" cols=\"40\" rows=\"10\" class=\"wpcf7-form-control wpcf7-textarea wpcf7-validates-as-required\" aria-required=\"true\" aria-invalid=\"false\"><\/textarea><\/span> <\/label><\/p>\n<p><input type=\"submit\" value=\"Enviar\" class=\"wpcf7-form-control has-spinner wpcf7-submit\" \/><\/p>\n<\/div>\n<div style='clear:both'><\/div>\n<p style=\"display: none !important;\"><label>&#916;<textarea name=\"_wpcf7_ak_hp_textarea\" cols=\"45\" rows=\"8\" maxlength=\"100\"><\/textarea><\/label><input type=\"hidden\" id=\"ak_js\" name=\"_wpcf7_ak_js\" value=\"2\"\/><script>document.getElementById( \"ak_js\" ).setAttribute( \"value\", ( new Date() ).getTime() );<\/script><\/p><div class=\"wpcf7-response-output\" aria-hidden=\"true\"><\/div><input type=\"hidden\" name=\"trp-form-language\" value=\"es\"\/><\/form><\/div>\n<div style='text-align:left' class='yasr-auto-insert-visitor'><\/div>","protected":false},"excerpt":{"rendered":"<p>Esta m\u00e1quina utiliza el principio de impacto de burbujas y pulverizaci\u00f3n para limpiar las patatas, y es adecuada para una gran variedad de frutas y verduras.<\/p>","protected":false},"featured_media":2123,"comment_status":"open","ping_status":"closed","template":"","meta":{"extendify_custom_stylesheet":"","site-sidebar-layout":"default","site-content-layout":"default","ast-global-header-display":"","ast-banner-title-visibility":"","ast-main-header-display":"","ast-hfb-above-header-display":"","ast-hfb-below-header-display":"","ast-hfb-mobile-header-display":"","site-post-title":"","ast-breadcrumbs-content":"","ast-featured-img":"","footer-sml-layout":"","theme-transparent-header-meta":"","adv-header-id-meta":"","stick-header-meta":"","header-above-stick-meta":"","header-main-stick-meta":"","header-below-stick-meta":"","yasr_overall_rating":0,"yasr_post_is_review":"","yasr_auto_insert_disabled":"","yasr_review_type":""},"product_cat":[27],"product_tag":[],"class_list":["post-2120","product","type-product","status-publish","has-post-thumbnail","hentry","product_cat-potato-processing-machines","desktop-align-left","tablet-align-left","mobile-align-left"],"yasr_visitor_votes":{"stars_attributes":{"read_only":false,"span_bottom":false},"number_of_votes":0,"sum_votes":0},"yoast_head":"<!-- This site is optimized with the Yoast SEO plugin v20.11 - https:\/\/yoast.com\/wordpress\/plugins\/seo\/ -->\n<title>Commercial Bubble Potato Washing Machine For Sale 500KG\/H<\/title>\n<meta name=\"description\" content=\"This potato washing machine for sale has the characteristics of high efficiency and labor saving, and can achieve the required degree of cleaning.\" \/>\n<meta name=\"robots\" content=\"index, follow, max-snippet:-1, max-image-preview:large, max-video-preview:-1\" \/>\n<link rel=\"canonical\" href=\"https:\/\/www.potatoturnkey.com\/es\/product\/bubble-potato-washing-machine\/\" \/>\n<meta property=\"og:locale\" content=\"es_ES\" \/>\n<meta property=\"og:type\" content=\"article\" \/>\n<meta property=\"og:title\" content=\"Commercial Bubble Potato Washing Machine For Sale 500KG\/H\" \/>\n<meta property=\"og:description\" content=\"This potato washing machine for sale has the characteristics of high efficiency and labor saving, and can achieve the required degree of cleaning.\" \/>\n<meta property=\"og:url\" content=\"https:\/\/www.potatoturnkey.com\/es\/product\/bubble-potato-washing-machine\/\" \/>\n<meta property=\"og:site_name\" content=\"Potato Process Machines Supplier\" \/>\n<meta property=\"article:modified_time\" content=\"2026-02-09T02:26:40+00:00\" \/>\n<meta property=\"og:image\" content=\"https:\/\/www.potatoturnkey.com\/wp-content\/uploads\/2022\/02\/potato-washing-equipment.jpg\" \/>\n\t<meta property=\"og:image:width\" content=\"600\" \/>\n\t<meta property=\"og:image:height\" content=\"600\" \/>\n\t<meta property=\"og:image:type\" content=\"image\/jpeg\" \/>\n<meta name=\"twitter:card\" content=\"summary_large_image\" \/>\n<meta name=\"twitter:label1\" content=\"Tiempo de lectura\" \/>\n\t<meta name=\"twitter:data1\" content=\"3 minutos\" \/>\n<script type=\"application\/ld+json\" class=\"yoast-schema-graph\">{\"@context\":\"https:\/\/schema.org\",\"@graph\":[{\"@type\":\"WebPage\",\"@id\":\"https:\/\/www.potatoturnkey.com\/product\/bubble-potato-washing-machine\/\",\"url\":\"https:\/\/www.potatoturnkey.com\/product\/bubble-potato-washing-machine\/\",\"name\":\"Commercial Bubble Potato Washing Machine For Sale 500KG\/H\",\"isPartOf\":{\"@id\":\"https:\/\/www.potatoturnkey.com\/#website\"},\"datePublished\":\"2022-02-28T07:00:35+00:00\",\"dateModified\":\"2026-02-09T02:26:40+00:00\",\"description\":\"This potato washing machine for sale has the characteristics of high efficiency and labor saving, and can achieve the required degree of cleaning.\",\"breadcrumb\":{\"@id\":\"https:\/\/www.potatoturnkey.com\/product\/bubble-potato-washing-machine\/#breadcrumb\"},\"inLanguage\":\"es\",\"potentialAction\":[{\"@type\":\"ReadAction\",\"target\":[\"https:\/\/www.potatoturnkey.com\/product\/bubble-potato-washing-machine\/\"]}]},{\"@type\":\"BreadcrumbList\",\"@id\":\"https:\/\/www.potatoturnkey.com\/product\/bubble-potato-washing-machine\/#breadcrumb\",\"itemListElement\":[{\"@type\":\"ListItem\",\"position\":1,\"name\":\"Home\",\"item\":\"https:\/\/www.potatoturnkey.com\/\"},{\"@type\":\"ListItem\",\"position\":2,\"name\":\"Products\",\"item\":\"https:\/\/www.potatoturnkey.com\/shop-2__trashed\/\"},{\"@type\":\"ListItem\",\"position\":3,\"name\":\"Commercial Bubble Potato Washing Machine For Sale 500KG\/H\"}]},{\"@type\":\"WebSite\",\"@id\":\"https:\/\/www.potatoturnkey.com\/#website\",\"url\":\"https:\/\/www.potatoturnkey.com\/\",\"name\":\"Potato Process Machines Supplier\",\"description\":\"Potato Turnkey Processing Machine Supplier\",\"publisher\":{\"@id\":\"https:\/\/www.potatoturnkey.com\/#organization\"},\"potentialAction\":[{\"@type\":\"SearchAction\",\"target\":{\"@type\":\"EntryPoint\",\"urlTemplate\":\"https:\/\/www.potatoturnkey.com\/?s={search_term_string}\"},\"query-input\":\"required name=search_term_string\"}],\"inLanguage\":\"es\"},{\"@type\":\"Organization\",\"@id\":\"https:\/\/www.potatoturnkey.com\/#organization\",\"name\":\"Potato Process Machines Supplier\",\"url\":\"https:\/\/www.potatoturnkey.com\/\",\"logo\":{\"@type\":\"ImageObject\",\"inLanguage\":\"es\",\"@id\":\"https:\/\/www.potatoturnkey.com\/#\/schema\/logo\/image\/\",\"url\":\"https:\/\/www.potatoturnkey.com\/wp-content\/uploads\/2022\/02\/potato.png\",\"contentUrl\":\"https:\/\/www.potatoturnkey.com\/wp-content\/uploads\/2022\/02\/potato.png\",\"width\":200,\"height\":200,\"caption\":\"Potato Process Machines Supplier\"},\"image\":{\"@id\":\"https:\/\/www.potatoturnkey.com\/#\/schema\/logo\/image\/\"}},false]}<\/script>\n<!-- \/ Yoast SEO plugin. -->","yoast_head_json":{"title":"Commercial Bubble Potato Washing Machine For Sale 500KG\/H","description":"This potato washing machine for sale has the characteristics of high efficiency and labor saving, and can achieve the required degree of cleaning.","robots":{"index":"index","follow":"follow","max-snippet":"max-snippet:-1","max-image-preview":"max-image-preview:large","max-video-preview":"max-video-preview:-1"},"canonical":"https:\/\/www.potatoturnkey.com\/es\/product\/bubble-potato-washing-machine\/","og_locale":"es_ES","og_type":"article","og_title":"Commercial Bubble Potato Washing Machine For Sale 500KG\/H","og_description":"This potato washing machine for sale has the characteristics of high efficiency and labor saving, and can achieve the required degree of cleaning.","og_url":"https:\/\/www.potatoturnkey.com\/es\/product\/bubble-potato-washing-machine\/","og_site_name":"Potato Process Machines Supplier","article_modified_time":"2026-02-09T02:26:40+00:00","og_image":[{"width":600,"height":600,"url":"https:\/\/www.potatoturnkey.com\/wp-content\/uploads\/2022\/02\/potato-washing-equipment.jpg","type":"image\/jpeg"}],"twitter_card":"summary_large_image","twitter_misc":{"Tiempo de lectura":"3 minutos"},"schema":{"@context":"https:\/\/schema.org","@graph":[{"@type":"WebPage","@id":"https:\/\/www.potatoturnkey.com\/product\/bubble-potato-washing-machine\/","url":"https:\/\/www.potatoturnkey.com\/product\/bubble-potato-washing-machine\/","name":"Commercial Bubble Potato Washing Machine For Sale 500KG\/H","isPartOf":{"@id":"https:\/\/www.potatoturnkey.com\/#website"},"datePublished":"2022-02-28T07:00:35+00:00","dateModified":"2026-02-09T02:26:40+00:00","description":"This potato washing machine for sale has the characteristics of high efficiency and labor saving, and can achieve the required degree of cleaning.","breadcrumb":{"@id":"https:\/\/www.potatoturnkey.com\/product\/bubble-potato-washing-machine\/#breadcrumb"},"inLanguage":"es","potentialAction":[{"@type":"ReadAction","target":["https:\/\/www.potatoturnkey.com\/product\/bubble-potato-washing-machine\/"]}]},{"@type":"BreadcrumbList","@id":"https:\/\/www.potatoturnkey.com\/product\/bubble-potato-washing-machine\/#breadcrumb","itemListElement":[{"@type":"ListItem","position":1,"name":"Home","item":"https:\/\/www.potatoturnkey.com\/"},{"@type":"ListItem","position":2,"name":"Products","item":"https:\/\/www.potatoturnkey.com\/shop-2__trashed\/"},{"@type":"ListItem","position":3,"name":"Commercial Bubble Potato Washing Machine For Sale 500KG\/H"}]},{"@type":"WebSite","@id":"https:\/\/www.potatoturnkey.com\/#website","url":"https:\/\/www.potatoturnkey.com\/","name":"Potato Process Machines Supplier","description":"Potato Turnkey Processing Machine Supplier","publisher":{"@id":"https:\/\/www.potatoturnkey.com\/#organization"},"potentialAction":[{"@type":"SearchAction","target":{"@type":"EntryPoint","urlTemplate":"https:\/\/www.potatoturnkey.com\/?s={search_term_string}"},"query-input":"required name=search_term_string"}],"inLanguage":"es"},{"@type":"Organization","@id":"https:\/\/www.potatoturnkey.com\/#organization","name":"Potato Process Machines Supplier","url":"https:\/\/www.potatoturnkey.com\/","logo":{"@type":"ImageObject","inLanguage":"es","@id":"https:\/\/www.potatoturnkey.com\/#\/schema\/logo\/image\/","url":"https:\/\/www.potatoturnkey.com\/wp-content\/uploads\/2022\/02\/potato.png","contentUrl":"https:\/\/www.potatoturnkey.com\/wp-content\/uploads\/2022\/02\/potato.png","width":200,"height":200,"caption":"Potato Process Machines Supplier"},"image":{"@id":"https:\/\/www.potatoturnkey.com\/#\/schema\/logo\/image\/"}},false]}},"_links":{"self":[{"href":"https:\/\/www.potatoturnkey.com\/es\/wp-json\/wp\/v2\/product\/2120","targetHints":{"allow":["GET"]}}],"collection":[{"href":"https:\/\/www.potatoturnkey.com\/es\/wp-json\/wp\/v2\/product"}],"about":[{"href":"https:\/\/www.potatoturnkey.com\/es\/wp-json\/wp\/v2\/types\/product"}],"replies":[{"embeddable":true,"href":"https:\/\/www.potatoturnkey.com\/es\/wp-json\/wp\/v2\/comments?post=2120"}],"wp:featuredmedia":[{"embeddable":true,"href":"https:\/\/www.potatoturnkey.com\/es\/wp-json\/wp\/v2\/media\/2123"}],"wp:attachment":[{"href":"https:\/\/www.potatoturnkey.com\/es\/wp-json\/wp\/v2\/media?parent=2120"}],"wp:term":[{"taxonomy":"product_cat","embeddable":true,"href":"https:\/\/www.potatoturnkey.com\/es\/wp-json\/wp\/v2\/product_cat?post=2120"},{"taxonomy":"product_tag","embeddable":true,"href":"https:\/\/www.potatoturnkey.com\/es\/wp-json\/wp\/v2\/product_tag?post=2120"}],"curies":[{"name":"wp","href":"https:\/\/api.w.org\/{rel}","templated":true}]}}