{"id":2107,"date":"2022-02-28T11:20:08","date_gmt":"2022-02-28T03:20:08","guid":{"rendered":"https:\/\/www.potatoturnkey.com\/?post_type=product&#038;p=2107"},"modified":"2024-04-28T11:31:43","modified_gmt":"2024-04-28T03:31:43","slug":"potato-chips-degreasing-machine","status":"publish","type":"product","link":"https:\/\/www.potatoturnkey.com\/es\/product\/potato-chips-degreasing-machine\/","title":{"rendered":"M\u00e1quina desaceitadora industrial de alimentos fritos de alta eficiencia"},"content":{"rendered":"<p>La desaceitadora industrial es un equipo especializado dise\u00f1ado para eliminar el exceso de aceite de los productos mediante vibraci\u00f3n. Es especialmente eficaz en industrias en las que los productos deben secarse o desaceitarse tras su procesamiento, como la alimentaria.<\/p>\n<p><strong>Efecto de la desaceitadora de alimentos fritos:<\/strong><\/p>\n<hr \/>\n<p>La desaceitadora puede eliminar el aceite de la superficie de los alimentos fritos. Si hay demasiado aceite en la superficie de los alimentos fritos, el sabor y la salud se ver\u00e1n afectados. La m\u00e1quina desaceitadora industrial se utiliza a menudo para reducir la sensaci\u00f3n grasienta de los alimentos fritos y prolongar su vida \u00fatil. Esta m\u00e1quina es adecuada para desaceitar diversos alimentos fritos, como patatas fritas, patatas fritas, etc.<\/p>\n<h2><img loading=\"lazy\" decoding=\"async\" class=\"alignnone size-full wp-image-2112\" src=\"https:\/\/www.potatoturnkey.com\/wp-content\/uploads\/2022\/02\/chips-deoiling-machine-details.jpg\" alt=\"desaceitadora de patatas fritas detalles\" width=\"800\" height=\"500\" srcset=\"https:\/\/www.potatoturnkey.com\/wp-content\/uploads\/2022\/02\/chips-deoiling-machine-details.jpg 800w, https:\/\/www.potatoturnkey.com\/wp-content\/uploads\/2022\/02\/chips-deoiling-machine-details-300x188.jpg 300w, https:\/\/www.potatoturnkey.com\/wp-content\/uploads\/2022\/02\/chips-deoiling-machine-details-768x480.jpg 768w, https:\/\/www.potatoturnkey.com\/wp-content\/uploads\/2022\/02\/chips-deoiling-machine-details-600x375.jpg 600w\" sizes=\"auto, (max-width: 800px) 100vw, 800px\" \/><\/h2>\n<p><strong>Proceso de desaceitado de alimentos fritos:<\/strong><\/p>\n<hr \/>\n<p>Despu\u00e9s de que el alimento frito entra en el extremo de alimentaci\u00f3n, es vibrado hacia adelante por el dispositivo de vibraci\u00f3n. Durante el proceso de vibraci\u00f3n, la mayor parte del aceite en la superficie de los alimentos fritos puede ser sacudido, por lo que la mayor parte del aceite en los alimentos fritos puede ser eliminado tan pronto como sea posible, y luego entrar en el siguiente procedimiento de operaci\u00f3n, acortando el tiempo de secado de los alimentos fritos y mejorar la eficiencia del trabajo.<\/p>\n<p><iframe loading=\"lazy\" title=\"Reproductor de v\u00eddeo YouTube\" src=\"https:\/\/www.youtube.com\/embed\/GoMeQSJWamM\" width=\"850\" height=\"475.5&quot;\" frameborder=\"0\" allowfullscreen=\"allowfullscreen\"><span data-mce-type=\"bookmark\" style=\"display: inline-block; width: 0px; overflow: hidden; line-height: 0;\" class=\"mce_SELRES_start\">El pr\u00f3ximo fin de semana se abrir\u00e1 la nueva tienda de comestibles.<\/span><\/iframe><\/p>\n<p><strong>M\u00e1quina desaceitadora de alimentos fritos Beneficios:<\/strong><\/p>\n<hr \/>\n<p><strong>Eficacia<\/strong>: Estas m\u00e1quinas son incre\u00edblemente eficientes, capaces de desaceitar grandes cantidades de productos en un tiempo relativamente corto, mejorando as\u00ed la eficiencia global de la producci\u00f3n.<\/p>\n<p><strong>Mejora de la calidad<\/strong>: Al eliminar el exceso de aceite, los productos alcanzan un mayor nivel de calidad. Esto es especialmente importante en industrias como la alimentaria, donde la textura y el sabor del producto final son fundamentales.<\/p>\n<p><strong>Rentable<\/strong>: Las desaceitadoras industriales ayudan a reducir el desperdicio de producto al garantizar que s\u00f3lo queda la cantidad de aceite necesaria. Esto puede suponer un importante ahorro de costes con el tiempo.<\/p>\n<p><strong>Versatilidad<\/strong>: Estas m\u00e1quinas pueden adaptarse a diversos productos e industrias, lo que las convierte en soluciones muy vers\u00e1tiles para una amplia gama de aplicaciones.<\/p>\n<p>Compatibilidad con la automatizaci\u00f3n: Muchas m\u00e1quinas desaceitadoras de alimentos fritos est\u00e1n dise\u00f1adas para integrarse perfectamente en l\u00edneas de producci\u00f3n automatizadas, mejorando a\u00fan m\u00e1s la eficiencia y reduciendo los costes de mano de obra.<\/p>\n<h3>Par\u00e1metros t\u00e9cnicos<\/h3>\n<table border=\"0\" width=\"750\" cellspacing=\"0\" cellpadding=\"0\">\n<tbody>\n<tr>\n<td class=\"et2\" colspan=\"6\" width=\"750\" height=\"40\">Desaceitadora por vibraci\u00f3n<\/td>\n<\/tr>\n<tr>\n<td class=\"et2\" height=\"40\">Modelo<\/td>\n<td class=\"et2\">Potencia (kW)<\/td>\n<td class=\"et2\">Tensi\u00f3n (v)<\/td>\n<td class=\"et3\" width=\"125\">Longitud de la placa vibratoria (mm)<\/td>\n<td class=\"et2\">Peso (kg)<\/td>\n<td class=\"et2\">Dimensiones (mm)<\/td>\n<\/tr>\n<tr>\n<td class=\"et2\" height=\"40\">ZT1800A<\/td>\n<td class=\"et2\">0.5<\/td>\n<td class=\"et2\">380<\/td>\n<td class=\"et2\">1800<\/td>\n<td class=\"et2\">150<\/td>\n<td class=\"et2\">1800x1230x1020<\/td>\n<\/tr>\n<\/tbody>\n<\/table>\n<div role=\"form\" class=\"wpcf7\" id=\"wpcf7-f1653-o1\" lang=\"en-US\" dir=\"ltr\">\n<div class=\"screen-reader-response\"><p role=\"status\" aria-live=\"polite\" aria-atomic=\"true\"><\/p> <ul><\/ul><\/div>\n<form action=\"\/es\/wp-json\/wp\/v2\/product\/2107#wpcf7-f1653-o1\" method=\"post\" class=\"wpcf7-form init\" novalidate=\"novalidate\" data-status=\"init\" data-trp-original-action=\"\/es\/wp-json\/wp\/v2\/product\/2107#wpcf7-f1653-o1\">\n<div style=\"display: none;\">\n<input type=\"hidden\" name=\"_wpcf7\" value=\"1653\" \/>\n<input type=\"hidden\" name=\"_wpcf7_version\" value=\"5.5.4\" \/>\n<input type=\"hidden\" name=\"_wpcf7_locale\" value=\"en_US\" \/>\n<input type=\"hidden\" name=\"_wpcf7_unit_tag\" value=\"wpcf7-f1653-o1\" \/>\n<input type=\"hidden\" name=\"_wpcf7_container_post\" value=\"0\" \/>\n<input type=\"hidden\" name=\"_wpcf7_posted_data_hash\" value=\"\" \/>\n<\/div>\n<div style='text-align:center;font-size: 1.6rem;font-weight:bold'>Dejar mensaje para precio<\/div>\n<div class='forml1' style='float:left;width:48%; margin-right:4%'>\n<label> Su nombre<br \/>\n    <span class=\"wpcf7-form-control-wrap your-name\"><input type=\"text\" name=\"your-name\" value=\"\" size=\"40\" class=\"wpcf7-form-control wpcf7-text\" aria-invalid=\"false\" \/><\/span> <\/label><\/p>\n<p><label> *Su correo electr\u00f3nico<br \/>\n    <span class=\"wpcf7-form-control-wrap your-email\"><input type=\"email\" name=\"your-email\" value=\"\" size=\"40\" class=\"wpcf7-form-control wpcf7-text wpcf7-email wpcf7-validates-as-required wpcf7-validates-as-email\" aria-required=\"true\" aria-invalid=\"false\" \/><\/span> <\/label><\/p>\n<p><label> Tel\u00e9fono\/WhatsApp<br \/>\n    <span class=\"wpcf7-form-control-wrap text-100\"><input type=\"text\" name=\"text-100\" value=\"\" size=\"40\" class=\"wpcf7-form-control wpcf7-text\" aria-invalid=\"false\" \/><\/span> <\/label><br \/>\n<label> Su pa\u00eds<br \/>\n    <span class=\"wpcf7-form-control-wrap text-677\"><input type=\"text\" name=\"text-677\" value=\"\" size=\"40\" class=\"wpcf7-form-control wpcf7-text\" aria-invalid=\"false\" \/><\/span> <\/label><br \/>\n<label> Nombre de su empresa<br \/>\n    <span class=\"wpcf7-form-control-wrap text-680\"><input type=\"text\" name=\"text-680\" value=\"\" size=\"40\" class=\"wpcf7-form-control wpcf7-text\" aria-invalid=\"false\" \/><\/span> <\/label><br \/>\n<label> Su sitio web<br \/>\n    <span class=\"wpcf7-form-control-wrap text-216\"><input type=\"text\" name=\"text-216\" value=\"\" size=\"40\" class=\"wpcf7-form-control wpcf7-text\" aria-invalid=\"false\" \/><\/span> <\/label>\n<\/div>\n<div class='forml2' style='float:left;width:48%;'>\n<label> *Su mensaje<br \/>\n    <span class=\"wpcf7-form-control-wrap your-message\"><textarea name=\"your-message\" cols=\"40\" rows=\"10\" class=\"wpcf7-form-control wpcf7-textarea wpcf7-validates-as-required\" aria-required=\"true\" aria-invalid=\"false\"><\/textarea><\/span> <\/label><\/p>\n<p><input type=\"submit\" value=\"Enviar\" class=\"wpcf7-form-control has-spinner wpcf7-submit\" \/><\/p>\n<\/div>\n<div style='clear:both'><\/div>\n<p style=\"display: none !important;\"><label>&#916;<textarea name=\"_wpcf7_ak_hp_textarea\" cols=\"45\" rows=\"8\" maxlength=\"100\"><\/textarea><\/label><input type=\"hidden\" id=\"ak_js\" name=\"_wpcf7_ak_js\" value=\"31\"\/><script>document.getElementById( \"ak_js\" ).setAttribute( \"value\", ( new Date() ).getTime() );<\/script><\/p><div class=\"wpcf7-response-output\" aria-hidden=\"true\"><\/div><input type=\"hidden\" name=\"trp-form-language\" value=\"es\"\/><\/form><\/div>\n<div style='text-align:left' class='yasr-auto-insert-visitor'><\/div>","protected":false},"excerpt":{"rendered":"<p>*Beneficios: Menor sensaci\u00f3n de grasa, mayor sabor, vida \u00fatil prolongada.<\/p>\n<p>*Aplicaci\u00f3n: f\u00e1brica de frituras, restaurante, cantina.<\/p>\n<p>*Personalizaci\u00f3n: admite personalizaci\u00f3n<\/p>","protected":false},"featured_media":2111,"comment_status":"open","ping_status":"closed","template":"","meta":{"extendify_custom_stylesheet":"","site-sidebar-layout":"default","site-content-layout":"default","ast-global-header-display":"","ast-banner-title-visibility":"","ast-main-header-display":"","ast-hfb-above-header-display":"","ast-hfb-below-header-display":"","ast-hfb-mobile-header-display":"","site-post-title":"","ast-breadcrumbs-content":"","ast-featured-img":"","footer-sml-layout":"","theme-transparent-header-meta":"default","adv-header-id-meta":"","stick-header-meta":"","header-above-stick-meta":"","header-main-stick-meta":"","header-below-stick-meta":"","yasr_overall_rating":0,"yasr_post_is_review":"","yasr_auto_insert_disabled":"","yasr_review_type":""},"product_cat":[27],"product_tag":[],"class_list":["post-2107","product","type-product","status-publish","has-post-thumbnail","hentry","product_cat-potato-processing-machines","desktop-align-left","tablet-align-left","mobile-align-left"],"yasr_visitor_votes":{"stars_attributes":{"read_only":false,"span_bottom":false},"number_of_votes":0,"sum_votes":0},"yoast_head":"<!-- This site is optimized with the Yoast SEO plugin v20.11 - https:\/\/yoast.com\/wordpress\/plugins\/seo\/ -->\n<title>Industrial Fried Food Deoiling Machine High Efficiency<\/title>\n<meta name=\"description\" content=\"The fried food deoiling machine is used to remove oil from fried food surface and improve product quality.\" \/>\n<meta name=\"robots\" content=\"index, follow, max-snippet:-1, max-image-preview:large, max-video-preview:-1\" \/>\n<link rel=\"canonical\" href=\"https:\/\/www.potatoturnkey.com\/es\/product\/potato-chips-degreasing-machine\/\" \/>\n<meta property=\"og:locale\" content=\"es_ES\" \/>\n<meta property=\"og:type\" content=\"article\" \/>\n<meta property=\"og:title\" content=\"Industrial Fried Food Deoiling Machine High Efficiency\" \/>\n<meta property=\"og:description\" content=\"The fried food deoiling machine is used to remove oil from fried food surface and improve product quality.\" \/>\n<meta property=\"og:url\" content=\"https:\/\/www.potatoturnkey.com\/es\/product\/potato-chips-degreasing-machine\/\" \/>\n<meta property=\"og:site_name\" content=\"Potato Process Machines Supplier\" \/>\n<meta property=\"article:modified_time\" content=\"2024-04-28T03:31:43+00:00\" \/>\n<meta property=\"og:image\" content=\"https:\/\/www.potatoturnkey.com\/wp-content\/uploads\/2022\/02\/chips-deoiling-machine-28.1.jpg\" \/>\n\t<meta property=\"og:image:width\" content=\"600\" \/>\n\t<meta property=\"og:image:height\" content=\"600\" \/>\n\t<meta property=\"og:image:type\" content=\"image\/jpeg\" \/>\n<meta name=\"twitter:card\" content=\"summary_large_image\" \/>\n<meta name=\"twitter:label1\" content=\"Tiempo de lectura\" \/>\n\t<meta name=\"twitter:data1\" content=\"3 minutos\" \/>\n<script type=\"application\/ld+json\" class=\"yoast-schema-graph\">{\"@context\":\"https:\/\/schema.org\",\"@graph\":[{\"@type\":\"WebPage\",\"@id\":\"https:\/\/www.potatoturnkey.com\/product\/potato-chips-degreasing-machine\/\",\"url\":\"https:\/\/www.potatoturnkey.com\/product\/potato-chips-degreasing-machine\/\",\"name\":\"Industrial Fried Food Deoiling Machine High Efficiency\",\"isPartOf\":{\"@id\":\"https:\/\/www.potatoturnkey.com\/#website\"},\"datePublished\":\"2022-02-28T03:20:08+00:00\",\"dateModified\":\"2024-04-28T03:31:43+00:00\",\"description\":\"The fried food deoiling machine is used to remove oil from fried food surface and improve product quality.\",\"breadcrumb\":{\"@id\":\"https:\/\/www.potatoturnkey.com\/product\/potato-chips-degreasing-machine\/#breadcrumb\"},\"inLanguage\":\"es\",\"potentialAction\":[{\"@type\":\"ReadAction\",\"target\":[\"https:\/\/www.potatoturnkey.com\/product\/potato-chips-degreasing-machine\/\"]}]},{\"@type\":\"BreadcrumbList\",\"@id\":\"https:\/\/www.potatoturnkey.com\/product\/potato-chips-degreasing-machine\/#breadcrumb\",\"itemListElement\":[{\"@type\":\"ListItem\",\"position\":1,\"name\":\"Home\",\"item\":\"https:\/\/www.potatoturnkey.com\/\"},{\"@type\":\"ListItem\",\"position\":2,\"name\":\"Products\",\"item\":\"https:\/\/www.potatoturnkey.com\/shop-2__trashed\/\"},{\"@type\":\"ListItem\",\"position\":3,\"name\":\"Industrial Fried Food Deoiling Machine High Efficiency\"}]},{\"@type\":\"WebSite\",\"@id\":\"https:\/\/www.potatoturnkey.com\/#website\",\"url\":\"https:\/\/www.potatoturnkey.com\/\",\"name\":\"Potato Process Machines Supplier\",\"description\":\"Potato Turnkey Processing Machine Supplier\",\"publisher\":{\"@id\":\"https:\/\/www.potatoturnkey.com\/#organization\"},\"potentialAction\":[{\"@type\":\"SearchAction\",\"target\":{\"@type\":\"EntryPoint\",\"urlTemplate\":\"https:\/\/www.potatoturnkey.com\/?s={search_term_string}\"},\"query-input\":\"required name=search_term_string\"}],\"inLanguage\":\"es\"},{\"@type\":\"Organization\",\"@id\":\"https:\/\/www.potatoturnkey.com\/#organization\",\"name\":\"Potato Process Machines Supplier\",\"url\":\"https:\/\/www.potatoturnkey.com\/\",\"logo\":{\"@type\":\"ImageObject\",\"inLanguage\":\"es\",\"@id\":\"https:\/\/www.potatoturnkey.com\/#\/schema\/logo\/image\/\",\"url\":\"https:\/\/www.potatoturnkey.com\/wp-content\/uploads\/2022\/02\/potato.png\",\"contentUrl\":\"https:\/\/www.potatoturnkey.com\/wp-content\/uploads\/2022\/02\/potato.png\",\"width\":200,\"height\":200,\"caption\":\"Potato Process Machines Supplier\"},\"image\":{\"@id\":\"https:\/\/www.potatoturnkey.com\/#\/schema\/logo\/image\/\"}},false]}<\/script>\n<!-- \/ Yoast SEO plugin. -->","yoast_head_json":{"title":"Industrial Fried Food Deoiling Machine High Efficiency","description":"The fried food deoiling machine is used to remove oil from fried food surface and improve product quality.","robots":{"index":"index","follow":"follow","max-snippet":"max-snippet:-1","max-image-preview":"max-image-preview:large","max-video-preview":"max-video-preview:-1"},"canonical":"https:\/\/www.potatoturnkey.com\/es\/product\/potato-chips-degreasing-machine\/","og_locale":"es_ES","og_type":"article","og_title":"Industrial Fried Food Deoiling Machine High Efficiency","og_description":"The fried food deoiling machine is used to remove oil from fried food surface and improve product quality.","og_url":"https:\/\/www.potatoturnkey.com\/es\/product\/potato-chips-degreasing-machine\/","og_site_name":"Potato Process Machines Supplier","article_modified_time":"2024-04-28T03:31:43+00:00","og_image":[{"width":600,"height":600,"url":"https:\/\/www.potatoturnkey.com\/wp-content\/uploads\/2022\/02\/chips-deoiling-machine-28.1.jpg","type":"image\/jpeg"}],"twitter_card":"summary_large_image","twitter_misc":{"Tiempo de lectura":"3 minutos"},"schema":{"@context":"https:\/\/schema.org","@graph":[{"@type":"WebPage","@id":"https:\/\/www.potatoturnkey.com\/product\/potato-chips-degreasing-machine\/","url":"https:\/\/www.potatoturnkey.com\/product\/potato-chips-degreasing-machine\/","name":"Industrial Fried Food Deoiling Machine High Efficiency","isPartOf":{"@id":"https:\/\/www.potatoturnkey.com\/#website"},"datePublished":"2022-02-28T03:20:08+00:00","dateModified":"2024-04-28T03:31:43+00:00","description":"The fried food deoiling machine is used to remove oil from fried food surface and improve product quality.","breadcrumb":{"@id":"https:\/\/www.potatoturnkey.com\/product\/potato-chips-degreasing-machine\/#breadcrumb"},"inLanguage":"es","potentialAction":[{"@type":"ReadAction","target":["https:\/\/www.potatoturnkey.com\/product\/potato-chips-degreasing-machine\/"]}]},{"@type":"BreadcrumbList","@id":"https:\/\/www.potatoturnkey.com\/product\/potato-chips-degreasing-machine\/#breadcrumb","itemListElement":[{"@type":"ListItem","position":1,"name":"Home","item":"https:\/\/www.potatoturnkey.com\/"},{"@type":"ListItem","position":2,"name":"Products","item":"https:\/\/www.potatoturnkey.com\/shop-2__trashed\/"},{"@type":"ListItem","position":3,"name":"Industrial Fried Food Deoiling Machine High Efficiency"}]},{"@type":"WebSite","@id":"https:\/\/www.potatoturnkey.com\/#website","url":"https:\/\/www.potatoturnkey.com\/","name":"Potato Process Machines Supplier","description":"Potato Turnkey Processing Machine Supplier","publisher":{"@id":"https:\/\/www.potatoturnkey.com\/#organization"},"potentialAction":[{"@type":"SearchAction","target":{"@type":"EntryPoint","urlTemplate":"https:\/\/www.potatoturnkey.com\/?s={search_term_string}"},"query-input":"required name=search_term_string"}],"inLanguage":"es"},{"@type":"Organization","@id":"https:\/\/www.potatoturnkey.com\/#organization","name":"Potato Process Machines Supplier","url":"https:\/\/www.potatoturnkey.com\/","logo":{"@type":"ImageObject","inLanguage":"es","@id":"https:\/\/www.potatoturnkey.com\/#\/schema\/logo\/image\/","url":"https:\/\/www.potatoturnkey.com\/wp-content\/uploads\/2022\/02\/potato.png","contentUrl":"https:\/\/www.potatoturnkey.com\/wp-content\/uploads\/2022\/02\/potato.png","width":200,"height":200,"caption":"Potato Process Machines Supplier"},"image":{"@id":"https:\/\/www.potatoturnkey.com\/#\/schema\/logo\/image\/"}},false]}},"_links":{"self":[{"href":"https:\/\/www.potatoturnkey.com\/es\/wp-json\/wp\/v2\/product\/2107","targetHints":{"allow":["GET"]}}],"collection":[{"href":"https:\/\/www.potatoturnkey.com\/es\/wp-json\/wp\/v2\/product"}],"about":[{"href":"https:\/\/www.potatoturnkey.com\/es\/wp-json\/wp\/v2\/types\/product"}],"replies":[{"embeddable":true,"href":"https:\/\/www.potatoturnkey.com\/es\/wp-json\/wp\/v2\/comments?post=2107"}],"wp:featuredmedia":[{"embeddable":true,"href":"https:\/\/www.potatoturnkey.com\/es\/wp-json\/wp\/v2\/media\/2111"}],"wp:attachment":[{"href":"https:\/\/www.potatoturnkey.com\/es\/wp-json\/wp\/v2\/media?parent=2107"}],"wp:term":[{"taxonomy":"product_cat","embeddable":true,"href":"https:\/\/www.potatoturnkey.com\/es\/wp-json\/wp\/v2\/product_cat?post=2107"},{"taxonomy":"product_tag","embeddable":true,"href":"https:\/\/www.potatoturnkey.com\/es\/wp-json\/wp\/v2\/product_tag?post=2107"}],"curies":[{"name":"wp","href":"https:\/\/api.w.org\/{rel}","templated":true}]}}