{"id":2101,"date":"2022-02-28T10:23:02","date_gmt":"2022-02-28T02:23:02","guid":{"rendered":"https:\/\/www.potatoturnkey.com\/?post_type=product&#038;p=2101"},"modified":"2024-11-07T20:10:40","modified_gmt":"2024-11-07T12:10:40","slug":"french-fries-deoiling-machine","status":"publish","type":"product","link":"https:\/\/www.potatoturnkey.com\/es\/product\/french-fries-deoiling-machine\/","title":{"rendered":"M\u00e1quina desaceitadora de patatas fritas"},"content":{"rendered":"<p>La m\u00e1quina desaceitadora de alimentos fritos se utiliza principalmente para desaceitar alimentos fritos con el fin de mantener el aspecto hermoso de los alimentos fritos y eliminar el exceso de grasa en la superficie de los alimentos fritos, que no s\u00f3lo es propicio para el ahorro de aceite, sino tambi\u00e9n conveniente para sazonar o congelar.<\/p>\n<p><img loading=\"lazy\" decoding=\"async\" class=\"alignnone size-full wp-image-2105\" src=\"https:\/\/www.potatoturnkey.com\/wp-content\/uploads\/2022\/02\/28.4.jpg\" alt=\"desaceitadora de patatas fritas\" width=\"800\" height=\"500\" srcset=\"https:\/\/www.potatoturnkey.com\/wp-content\/uploads\/2022\/02\/28.4.jpg 800w, https:\/\/www.potatoturnkey.com\/wp-content\/uploads\/2022\/02\/28.4-300x188.jpg 300w, https:\/\/www.potatoturnkey.com\/wp-content\/uploads\/2022\/02\/28.4-768x480.jpg 768w, https:\/\/www.potatoturnkey.com\/wp-content\/uploads\/2022\/02\/28.4-600x375.jpg 600w\" sizes=\"auto, (max-width: 800px) 100vw, 800px\" \/><\/p>\n<p>&nbsp;<\/p>\n<p><strong>Tipos de desaceitadoras<\/strong><\/p>\n<p><strong>1. M\u00e1quina centr\u00edfuga de extracci\u00f3n de aceite para alimentos fritos<\/strong><\/p>\n<p>El principio de funcionamiento es el movimiento centr\u00edfugo. El motor acciona el dep\u00f3sito para que se mueva a gran velocidad, haciendo que el aceite salpique la superficie de los alimentos fritos, consiguiendo el efecto de eliminaci\u00f3n de aceite.<\/p>\n<ul>\n<li>La desaceitadora de patatas fritas est\u00e1 fabricada en acero inoxidable 304 y cumple los requisitos de higiene alimentaria.<\/li>\n<li>Los soportes inferiores de los cojinetes reducen el desgaste durante la rotaci\u00f3n de la m\u00e1quina y mantienen su buen funcionamiento.<\/li>\n<li>Equipado con un dispositivo de ajuste de tiempo para controlar el tiempo de desengrase, que puede ajustarse de forma flexible seg\u00fan las propiedades de desengrase del material.<\/li>\n<li>La desaceitadora de alimentos fritos est\u00e1 equipada con una cubierta superior para evitar salpicaduras de aceite.<\/li>\n<li>Orificio de drenaje de aceite de gran di\u00e1metro para el tratamiento centralizado del aceite despu\u00e9s del desengrase.<\/li>\n<\/ul>\n<table>\n<tbody>\n<tr>\n<td>Modelo<\/td>\n<td>Dimensi\u00f3n<\/td>\n<td>Potencia<\/td>\n<td>Tensi\u00f3n<\/td>\n<td>Capacidad<\/td>\n<\/tr>\n<tr>\n<td>GG-400<\/td>\n<td>1000*500*700mm<\/td>\n<td>1,1 kW<\/td>\n<td>220v\/380v<\/td>\n<td>200-300 kg\/h<\/td>\n<\/tr>\n<tr>\n<td>GG-500<\/td>\n<td>1100*600*750mm<\/td>\n<td>1,5 kW<\/td>\n<td>220v\/380v<\/td>\n<td>300-400 kg\/h<\/td>\n<\/tr>\n<tr>\n<td>GG-600<\/td>\n<td>1200*700*750mm<\/td>\n<td>2,2 kW<\/td>\n<td>220v\/380v<\/td>\n<td>400-500 kg\/h<\/td>\n<\/tr>\n<tr>\n<td>GG-800<\/td>\n<td>1400*900*800mm<\/td>\n<td>3kw<\/td>\n<td>220v\/380v<\/td>\n<td>500-700 kg\/h<\/td>\n<\/tr>\n<\/tbody>\n<\/table>\n<p><strong>2. M\u00e1quina de extracci\u00f3n de aceite de descarga autom\u00e1tica para alimentos fritos:<\/strong><\/p>\n<p>La m\u00e1quina desaceitadora de patatas fritas incluye una m\u00e1quina desaceitadora de descarga superior y una m\u00e1quina desaceitadora de descarga inferior. Adopta el principio centr\u00edfugo para arrojar el aceite en la superficie de los alimentos fritos a trav\u00e9s de la rotaci\u00f3n de alta velocidad del cilindro interior y recuperar el aceite; los alimentos fritos desaceitados se pueden levantar y verter autom\u00e1ticamente desde el puerto de descarga superior, o se pueden descargar desde la parte inferior.<\/p>\n<ul>\n<li>Fabricado totalmente en acero inoxidable, control digital totalmente cerrado, alta tasa de eliminaci\u00f3n de aceite.<\/li>\n<li>Base reforzada, estable durante el funcionamiento.<\/li>\n<li>Estructura de suspensi\u00f3n, mejor efecto de absorci\u00f3n de impactos.<\/li>\n<\/ul>\n<table>\n<tbody>\n<tr>\n<td>Modelo<\/td>\n<td>GGD-1000<\/td>\n<\/tr>\n<tr>\n<td>Potencia<\/td>\n<td>1,5 KW<\/td>\n<\/tr>\n<tr>\n<td>Dimensi\u00f3n<\/td>\n<td>1200*1100*1400mm<\/td>\n<\/tr>\n<tr>\n<td>Tipo de descarga<\/td>\n<td>Fondo<\/td>\n<\/tr>\n<tr>\n<td>Funciones<\/td>\n<td>Desaceitado y sincronizaci\u00f3n<\/td>\n<\/tr>\n<tr>\n<td>Material<\/td>\n<td>SUS304<\/td>\n<\/tr>\n<tr>\n<td>capacidad<\/td>\n<td>10kg\/hora<\/td>\n<\/tr>\n<\/tbody>\n<\/table>\n<p><strong>3. M\u00e1quina desaceitadora por vibraci\u00f3n<\/strong><\/p>\n<p>Esta m\u00e1quina desaceitadora de papas fritas vibra bajo el accionamiento del motor por la m\u00e1quina vibradora, desaceita gradualmente el material en la placa receptora con agujeros, y forma un \u00e1ngulo con el cuerpo desaceitador a trav\u00e9s de la placa receptora con agujeros, de modo que las partes despu\u00e9s del desaceitado se mueven gradualmente hacia abajo, separadas del puerto de descarga.<\/p>\n<ul>\n<li>Eliminar el exceso de aceite mediante vibraci\u00f3n de alta frecuencia.<\/li>\n<li>Mano de obra exquisita y estructura fiable.<\/li>\n<li>El soporte el\u00e1stico de vibraci\u00f3n puede asegurar la direcci\u00f3n de transporte de la fuerza motriz y puede controlar el cuerpo del tamiz para que se mueva en l\u00ednea recta.<\/li>\n<li>La criba puede sustituirse en funci\u00f3n de las distintas necesidades de malla.<\/li>\n<\/ul>\n<table border=\"0\" width=\"750\" cellspacing=\"0\" cellpadding=\"0\">\n<tbody>\n<tr>\n<td class=\"et2\" colspan=\"6\" width=\"750\" height=\"40\">Desaceitadora por vibraci\u00f3n<\/td>\n<\/tr>\n<tr>\n<td class=\"et2\" height=\"40\">Modelo<\/td>\n<td class=\"et2\">Potencia (kW)<\/td>\n<td class=\"et2\">Tensi\u00f3n (v)<\/td>\n<td class=\"et3\" width=\"125\">Longitud de la placa vibratoria (mm)<\/td>\n<td class=\"et2\">Peso (kg)<\/td>\n<td class=\"et2\">Dimensiones (mm)<\/td>\n<\/tr>\n<tr>\n<td class=\"et2\" height=\"40\">ZT1800A<\/td>\n<td class=\"et2\">0.5<\/td>\n<td class=\"et2\">380<\/td>\n<td class=\"et2\">1800<\/td>\n<td class=\"et2\">150<\/td>\n<td class=\"et2\">1800x1230x1020<\/td>\n<\/tr>\n<\/tbody>\n<\/table>\n<div role=\"form\" class=\"wpcf7\" id=\"wpcf7-f1653-o1\" lang=\"en-US\" dir=\"ltr\">\n<div class=\"screen-reader-response\"><p role=\"status\" aria-live=\"polite\" aria-atomic=\"true\"><\/p> <ul><\/ul><\/div>\n<form action=\"\/es\/wp-json\/wp\/v2\/product\/2101#wpcf7-f1653-o1\" method=\"post\" class=\"wpcf7-form init\" novalidate=\"novalidate\" data-status=\"init\" data-trp-original-action=\"\/es\/wp-json\/wp\/v2\/product\/2101#wpcf7-f1653-o1\">\n<div style=\"display: none;\">\n<input type=\"hidden\" name=\"_wpcf7\" value=\"1653\" \/>\n<input type=\"hidden\" name=\"_wpcf7_version\" value=\"5.5.4\" \/>\n<input type=\"hidden\" name=\"_wpcf7_locale\" value=\"en_US\" \/>\n<input type=\"hidden\" name=\"_wpcf7_unit_tag\" value=\"wpcf7-f1653-o1\" \/>\n<input type=\"hidden\" name=\"_wpcf7_container_post\" value=\"0\" \/>\n<input type=\"hidden\" name=\"_wpcf7_posted_data_hash\" value=\"\" \/>\n<\/div>\n<div style='text-align:center;font-size: 1.6rem;font-weight:bold'>Dejar mensaje para precio<\/div>\n<div class='forml1' style='float:left;width:48%; margin-right:4%'>\n<label> Su nombre<br \/>\n    <span class=\"wpcf7-form-control-wrap your-name\"><input type=\"text\" name=\"your-name\" value=\"\" size=\"40\" class=\"wpcf7-form-control wpcf7-text\" aria-invalid=\"false\" \/><\/span> <\/label><\/p>\n<p><label> *Su correo electr\u00f3nico<br \/>\n    <span class=\"wpcf7-form-control-wrap your-email\"><input type=\"email\" name=\"your-email\" value=\"\" size=\"40\" class=\"wpcf7-form-control wpcf7-text wpcf7-email wpcf7-validates-as-required wpcf7-validates-as-email\" aria-required=\"true\" aria-invalid=\"false\" \/><\/span> <\/label><\/p>\n<p><label> Tel\u00e9fono\/WhatsApp<br \/>\n    <span class=\"wpcf7-form-control-wrap text-100\"><input type=\"text\" name=\"text-100\" value=\"\" size=\"40\" class=\"wpcf7-form-control wpcf7-text\" aria-invalid=\"false\" \/><\/span> <\/label><br \/>\n<label> Su pa\u00eds<br \/>\n    <span class=\"wpcf7-form-control-wrap text-677\"><input type=\"text\" name=\"text-677\" value=\"\" size=\"40\" class=\"wpcf7-form-control wpcf7-text\" aria-invalid=\"false\" \/><\/span> <\/label><br \/>\n<label> Nombre de su empresa<br \/>\n    <span class=\"wpcf7-form-control-wrap text-680\"><input type=\"text\" name=\"text-680\" value=\"\" size=\"40\" class=\"wpcf7-form-control wpcf7-text\" aria-invalid=\"false\" \/><\/span> <\/label><br \/>\n<label> Su sitio web<br \/>\n    <span class=\"wpcf7-form-control-wrap text-216\"><input type=\"text\" name=\"text-216\" value=\"\" size=\"40\" class=\"wpcf7-form-control wpcf7-text\" aria-invalid=\"false\" \/><\/span> <\/label>\n<\/div>\n<div class='forml2' style='float:left;width:48%;'>\n<label> *Su mensaje<br \/>\n    <span class=\"wpcf7-form-control-wrap your-message\"><textarea name=\"your-message\" cols=\"40\" rows=\"10\" class=\"wpcf7-form-control wpcf7-textarea wpcf7-validates-as-required\" aria-required=\"true\" aria-invalid=\"false\"><\/textarea><\/span> <\/label><\/p>\n<p><input type=\"submit\" value=\"Enviar\" class=\"wpcf7-form-control has-spinner wpcf7-submit\" \/><\/p>\n<\/div>\n<div style='clear:both'><\/div>\n<p style=\"display: none !important;\"><label>&#916;<textarea name=\"_wpcf7_ak_hp_textarea\" cols=\"45\" rows=\"8\" maxlength=\"100\"><\/textarea><\/label><input type=\"hidden\" id=\"ak_js\" name=\"_wpcf7_ak_js\" value=\"225\"\/><script>document.getElementById( \"ak_js\" ).setAttribute( \"value\", ( new Date() ).getTime() );<\/script><\/p><div class=\"wpcf7-response-output\" aria-hidden=\"true\"><\/div><input type=\"hidden\" name=\"trp-form-language\" value=\"es\"\/><\/form><\/div>\n<div style='text-align:left' class='yasr-auto-insert-visitor'><\/div>","protected":false},"excerpt":{"rendered":"<p>Es adecuado para desengrasar una gran variedad de alimentos fritos y puede reciclarse despu\u00e9s del desengrasado para ahorrar consumo de combustible.<\/p>\n<p>Tipos de desaceitadoras<\/p>\n<p>*Desaceitadora centr\u00edfuga<\/p>\n<p>*Descarga de la desaceitadora<\/p>\n<p>*Desaceitadora vibratoria<\/p>\n<p>&nbsp;<\/p>","protected":false},"featured_media":2106,"comment_status":"open","ping_status":"closed","template":"","meta":{"extendify_custom_stylesheet":"","site-sidebar-layout":"default","site-content-layout":"default","ast-global-header-display":"","ast-banner-title-visibility":"","ast-main-header-display":"","ast-hfb-above-header-display":"","ast-hfb-below-header-display":"","ast-hfb-mobile-header-display":"","site-post-title":"","ast-breadcrumbs-content":"","ast-featured-img":"","footer-sml-layout":"","theme-transparent-header-meta":"default","adv-header-id-meta":"","stick-header-meta":"","header-above-stick-meta":"","header-main-stick-meta":"","header-below-stick-meta":"","yasr_overall_rating":0,"yasr_post_is_review":"","yasr_auto_insert_disabled":"","yasr_review_type":""},"product_cat":[27],"product_tag":[],"class_list":["post-2101","product","type-product","status-publish","has-post-thumbnail","hentry","product_cat-potato-processing-machines","desktop-align-left","tablet-align-left","mobile-align-left"],"yasr_visitor_votes":{"stars_attributes":{"read_only":false,"span_bottom":false},"number_of_votes":0,"sum_votes":0},"yoast_head":"<!-- This site is optimized with the Yoast SEO plugin v20.11 - https:\/\/yoast.com\/wordpress\/plugins\/seo\/ -->\n<title>Fried Food Deoiling Machine for French Fries<\/title>\n<meta name=\"description\" content=\"The fried food deoiling machine provided by our company can be selected according to the needs of customers.\" \/>\n<meta name=\"robots\" content=\"index, follow, max-snippet:-1, max-image-preview:large, max-video-preview:-1\" \/>\n<link rel=\"canonical\" href=\"https:\/\/www.potatoturnkey.com\/es\/product\/french-fries-deoiling-machine\/\" \/>\n<meta property=\"og:locale\" content=\"es_ES\" \/>\n<meta property=\"og:type\" content=\"article\" \/>\n<meta property=\"og:title\" content=\"Fried Food Deoiling Machine for French Fries\" \/>\n<meta property=\"og:description\" content=\"The fried food deoiling machine provided by our company can be selected according to the needs of customers.\" \/>\n<meta property=\"og:url\" content=\"https:\/\/www.potatoturnkey.com\/es\/product\/french-fries-deoiling-machine\/\" \/>\n<meta property=\"og:site_name\" content=\"Potato Process Machines Supplier\" \/>\n<meta property=\"article:modified_time\" content=\"2024-11-07T12:10:40+00:00\" \/>\n<meta property=\"og:image\" content=\"https:\/\/www.potatoturnkey.com\/wp-content\/uploads\/2022\/02\/deoiling-machine.jpg\" \/>\n\t<meta property=\"og:image:width\" content=\"600\" \/>\n\t<meta property=\"og:image:height\" content=\"600\" \/>\n\t<meta property=\"og:image:type\" content=\"image\/jpeg\" \/>\n<meta name=\"twitter:card\" content=\"summary_large_image\" \/>\n<meta name=\"twitter:label1\" content=\"Tiempo de lectura\" \/>\n\t<meta name=\"twitter:data1\" content=\"3 minutos\" \/>\n<script type=\"application\/ld+json\" class=\"yoast-schema-graph\">{\"@context\":\"https:\/\/schema.org\",\"@graph\":[{\"@type\":\"WebPage\",\"@id\":\"https:\/\/www.potatoturnkey.com\/product\/french-fries-deoiling-machine\/\",\"url\":\"https:\/\/www.potatoturnkey.com\/product\/french-fries-deoiling-machine\/\",\"name\":\"Fried Food Deoiling Machine for French Fries\",\"isPartOf\":{\"@id\":\"https:\/\/www.potatoturnkey.com\/#website\"},\"datePublished\":\"2022-02-28T02:23:02+00:00\",\"dateModified\":\"2024-11-07T12:10:40+00:00\",\"description\":\"The fried food deoiling machine provided by our company can be selected according to the needs of customers.\",\"breadcrumb\":{\"@id\":\"https:\/\/www.potatoturnkey.com\/product\/french-fries-deoiling-machine\/#breadcrumb\"},\"inLanguage\":\"es\",\"potentialAction\":[{\"@type\":\"ReadAction\",\"target\":[\"https:\/\/www.potatoturnkey.com\/product\/french-fries-deoiling-machine\/\"]}]},{\"@type\":\"BreadcrumbList\",\"@id\":\"https:\/\/www.potatoturnkey.com\/product\/french-fries-deoiling-machine\/#breadcrumb\",\"itemListElement\":[{\"@type\":\"ListItem\",\"position\":1,\"name\":\"Home\",\"item\":\"https:\/\/www.potatoturnkey.com\/\"},{\"@type\":\"ListItem\",\"position\":2,\"name\":\"Products\",\"item\":\"https:\/\/www.potatoturnkey.com\/shop-2__trashed\/\"},{\"@type\":\"ListItem\",\"position\":3,\"name\":\"Fried Food Deoiling Machine for French Fries\"}]},{\"@type\":\"WebSite\",\"@id\":\"https:\/\/www.potatoturnkey.com\/#website\",\"url\":\"https:\/\/www.potatoturnkey.com\/\",\"name\":\"Potato Process Machines Supplier\",\"description\":\"Potato Turnkey Processing Machine Supplier\",\"publisher\":{\"@id\":\"https:\/\/www.potatoturnkey.com\/#organization\"},\"potentialAction\":[{\"@type\":\"SearchAction\",\"target\":{\"@type\":\"EntryPoint\",\"urlTemplate\":\"https:\/\/www.potatoturnkey.com\/?s={search_term_string}\"},\"query-input\":\"required name=search_term_string\"}],\"inLanguage\":\"es\"},{\"@type\":\"Organization\",\"@id\":\"https:\/\/www.potatoturnkey.com\/#organization\",\"name\":\"Potato Process Machines Supplier\",\"url\":\"https:\/\/www.potatoturnkey.com\/\",\"logo\":{\"@type\":\"ImageObject\",\"inLanguage\":\"es\",\"@id\":\"https:\/\/www.potatoturnkey.com\/#\/schema\/logo\/image\/\",\"url\":\"https:\/\/www.potatoturnkey.com\/wp-content\/uploads\/2022\/02\/potato.png\",\"contentUrl\":\"https:\/\/www.potatoturnkey.com\/wp-content\/uploads\/2022\/02\/potato.png\",\"width\":200,\"height\":200,\"caption\":\"Potato Process Machines Supplier\"},\"image\":{\"@id\":\"https:\/\/www.potatoturnkey.com\/#\/schema\/logo\/image\/\"}},false]}<\/script>\n<!-- \/ Yoast SEO plugin. -->","yoast_head_json":{"title":"Fried Food Deoiling Machine for French Fries","description":"The fried food deoiling machine provided by our company can be selected according to the needs of customers.","robots":{"index":"index","follow":"follow","max-snippet":"max-snippet:-1","max-image-preview":"max-image-preview:large","max-video-preview":"max-video-preview:-1"},"canonical":"https:\/\/www.potatoturnkey.com\/es\/product\/french-fries-deoiling-machine\/","og_locale":"es_ES","og_type":"article","og_title":"Fried Food Deoiling Machine for French Fries","og_description":"The fried food deoiling machine provided by our company can be selected according to the needs of customers.","og_url":"https:\/\/www.potatoturnkey.com\/es\/product\/french-fries-deoiling-machine\/","og_site_name":"Potato Process Machines Supplier","article_modified_time":"2024-11-07T12:10:40+00:00","og_image":[{"width":600,"height":600,"url":"https:\/\/www.potatoturnkey.com\/wp-content\/uploads\/2022\/02\/deoiling-machine.jpg","type":"image\/jpeg"}],"twitter_card":"summary_large_image","twitter_misc":{"Tiempo de lectura":"3 minutos"},"schema":{"@context":"https:\/\/schema.org","@graph":[{"@type":"WebPage","@id":"https:\/\/www.potatoturnkey.com\/product\/french-fries-deoiling-machine\/","url":"https:\/\/www.potatoturnkey.com\/product\/french-fries-deoiling-machine\/","name":"Fried Food Deoiling Machine for French Fries","isPartOf":{"@id":"https:\/\/www.potatoturnkey.com\/#website"},"datePublished":"2022-02-28T02:23:02+00:00","dateModified":"2024-11-07T12:10:40+00:00","description":"The fried food deoiling machine provided by our company can be selected according to the needs of customers.","breadcrumb":{"@id":"https:\/\/www.potatoturnkey.com\/product\/french-fries-deoiling-machine\/#breadcrumb"},"inLanguage":"es","potentialAction":[{"@type":"ReadAction","target":["https:\/\/www.potatoturnkey.com\/product\/french-fries-deoiling-machine\/"]}]},{"@type":"BreadcrumbList","@id":"https:\/\/www.potatoturnkey.com\/product\/french-fries-deoiling-machine\/#breadcrumb","itemListElement":[{"@type":"ListItem","position":1,"name":"Home","item":"https:\/\/www.potatoturnkey.com\/"},{"@type":"ListItem","position":2,"name":"Products","item":"https:\/\/www.potatoturnkey.com\/shop-2__trashed\/"},{"@type":"ListItem","position":3,"name":"Fried Food Deoiling Machine for French Fries"}]},{"@type":"WebSite","@id":"https:\/\/www.potatoturnkey.com\/#website","url":"https:\/\/www.potatoturnkey.com\/","name":"Potato Process Machines Supplier","description":"Potato Turnkey Processing Machine Supplier","publisher":{"@id":"https:\/\/www.potatoturnkey.com\/#organization"},"potentialAction":[{"@type":"SearchAction","target":{"@type":"EntryPoint","urlTemplate":"https:\/\/www.potatoturnkey.com\/?s={search_term_string}"},"query-input":"required name=search_term_string"}],"inLanguage":"es"},{"@type":"Organization","@id":"https:\/\/www.potatoturnkey.com\/#organization","name":"Potato Process Machines Supplier","url":"https:\/\/www.potatoturnkey.com\/","logo":{"@type":"ImageObject","inLanguage":"es","@id":"https:\/\/www.potatoturnkey.com\/#\/schema\/logo\/image\/","url":"https:\/\/www.potatoturnkey.com\/wp-content\/uploads\/2022\/02\/potato.png","contentUrl":"https:\/\/www.potatoturnkey.com\/wp-content\/uploads\/2022\/02\/potato.png","width":200,"height":200,"caption":"Potato Process Machines Supplier"},"image":{"@id":"https:\/\/www.potatoturnkey.com\/#\/schema\/logo\/image\/"}},false]}},"_links":{"self":[{"href":"https:\/\/www.potatoturnkey.com\/es\/wp-json\/wp\/v2\/product\/2101","targetHints":{"allow":["GET"]}}],"collection":[{"href":"https:\/\/www.potatoturnkey.com\/es\/wp-json\/wp\/v2\/product"}],"about":[{"href":"https:\/\/www.potatoturnkey.com\/es\/wp-json\/wp\/v2\/types\/product"}],"replies":[{"embeddable":true,"href":"https:\/\/www.potatoturnkey.com\/es\/wp-json\/wp\/v2\/comments?post=2101"}],"wp:featuredmedia":[{"embeddable":true,"href":"https:\/\/www.potatoturnkey.com\/es\/wp-json\/wp\/v2\/media\/2106"}],"wp:attachment":[{"href":"https:\/\/www.potatoturnkey.com\/es\/wp-json\/wp\/v2\/media?parent=2101"}],"wp:term":[{"taxonomy":"product_cat","embeddable":true,"href":"https:\/\/www.potatoturnkey.com\/es\/wp-json\/wp\/v2\/product_cat?post=2101"},{"taxonomy":"product_tag","embeddable":true,"href":"https:\/\/www.potatoturnkey.com\/es\/wp-json\/wp\/v2\/product_tag?post=2101"}],"curies":[{"name":"wp","href":"https:\/\/api.w.org\/{rel}","templated":true}]}}