{"id":1850,"date":"2022-02-16T15:47:21","date_gmt":"2022-02-16T07:47:21","guid":{"rendered":"https:\/\/www.potatoturnkey.com\/?post_type=product&#038;p=1850"},"modified":"2024-05-08T14:40:52","modified_gmt":"2024-05-08T06:40:52","slug":"brush-potato-washer-peeler","status":"publish","type":"product","link":"https:\/\/www.potatoturnkey.com\/es\/product\/brush-potato-washer-peeler\/","title":{"rendered":"Proveedor de lavadora de patatas con cepillo de 1000kg\/h"},"content":{"rendered":"<p>La lavadora de patatas tipo cepillo, dise\u00f1ada con precisi\u00f3n y sentido pr\u00e1ctico, cuenta con un robusto sistema de cepillos que elimina con suavidad pero eficacia la suciedad, los restos y las impurezas de patatas de todas las formas y tama\u00f1os.<\/p>\n<p>&nbsp;<\/p>\n<p><strong>Lavadora de patatas tipo cepillo Caracter\u00edsticas:<\/strong><\/p>\n<hr \/>\n<p><strong>Sistema de cepillado avanzado<\/strong>: Equipada con cepillos de alta calidad, la m\u00e1quina garantiza un proceso de limpieza a fondo sin da\u00f1ar las patatas.<\/p>\n<p><strong>F\u00e1cil manejo<\/strong>: Con controles f\u00e1ciles de usar y una interfaz sencilla, la lavadora de patatas simplifica el proceso de limpieza, reduciendo los costes de mano de obra y tiempo.<\/p>\n<p><strong>Construcci\u00f3n duradera<\/strong>: Fabricada con materiales de primera calidad, esta m\u00e1quina est\u00e1 dise\u00f1ada para soportar un uso intensivo y garantizar un rendimiento y una fiabilidad duraderos.<\/p>\n<p><strong>Rendimiento eficiente<\/strong>: Con su dise\u00f1o de gran capacidad, la lavadora puede manejar grandes lotes de patatas de forma r\u00e1pida y eficiente, maximizando la productividad.<\/p>\n<p><strong>Dise\u00f1o higi\u00e9nico<\/strong>: La construcci\u00f3n de acero inoxidable y las superficies f\u00e1ciles de limpiar promueven las normas de higiene y seguridad alimentaria, por lo que es ideal para su uso en instalaciones de procesamiento de alimentos.<\/p>\n<p><strong>Aplicaci\u00f3n vers\u00e1til<\/strong>: Adem\u00e1s de limpiar patatas, tambi\u00e9n se puede utilizar para limpiar batatas, mandioca, jengibre, zanahoria y otros productos.<\/p>\n<h3><img loading=\"lazy\" decoding=\"async\" class=\"alignnone size-full wp-image-2623\" src=\"https:\/\/www.potatoturnkey.com\/wp-content\/uploads\/2022\/02\/2022.3.17-4.jpg\" alt=\"detalle lavadora de patatas\" width=\"800\" height=\"500\" srcset=\"https:\/\/www.potatoturnkey.com\/wp-content\/uploads\/2022\/02\/2022.3.17-4.jpg 800w, https:\/\/www.potatoturnkey.com\/wp-content\/uploads\/2022\/02\/2022.3.17-4-300x188.jpg 300w, https:\/\/www.potatoturnkey.com\/wp-content\/uploads\/2022\/02\/2022.3.17-4-768x480.jpg 768w, https:\/\/www.potatoturnkey.com\/wp-content\/uploads\/2022\/02\/2022.3.17-4-600x375.jpg 600w\" sizes=\"auto, (max-width: 800px) 100vw, 800px\" \/><\/h3>\n<p><strong>Estructura<\/strong><\/p>\n<hr \/>\n<p>Esta lavadora de patatas tipo cepillo se compone principalmente de un motor, una transmisi\u00f3n, un grupo de rodillos de pelo y una hoja en espiral. Efecto de limpieza y pelado. Los residuos generados se recogen debajo de la m\u00e1quina para facilitar su eliminaci\u00f3n.<\/p>\n<p><strong>V\u00eddeo de funcionamiento de la lavadora de patatas de cepillos<\/strong><\/p>\n<hr \/>\n<p>El v\u00eddeo siguiente muestra que las patatas pueden limpiarse y pelarse r\u00e1pidamente con esta m\u00e1quina. La patata se puede limpiar, pulir y pelar al mismo tiempo durante la operaci\u00f3n, que es un equipo ideal para la limpieza de las patatas.<\/p>\n<p><iframe loading=\"lazy\" title=\"Reproductor de v\u00eddeo YouTube\" src=\"https:\/\/www.youtube.com\/embed\/cepGv-r6ug4?si=XBYsKLtLjfUDRx-Z\" width=\"800\" height=\"450\" frameborder=\"0\" allowfullscreen=\"allowfullscreen\"><span data-mce-type=\"bookmark\" style=\"display: inline-block; width: 0px; overflow: hidden; line-height: 0;\" class=\"mce_SELRES_start\">El pr\u00f3ximo fin de semana se abrir\u00e1 la nueva tienda de comestibles.<\/span><\/iframe><\/p>\n<p>Como proveedor de lavadoras de papas, ofrecemos diferentes tipos de lavadoras para el lavado de papas, con el fin de lograr diferentes efectos de lavado para satisfacer las diferentes necesidades de los clientes.<\/p>\n<h3>Par\u00e1metros t\u00e9cnicos<\/h3>\n<table border=\"1\" cellspacing=\"0\">\n<tbody>\n<tr>\n<td>M\u00e1quina de lavado y limpieza tipo cepillo<\/td>\n<td>Potencia\uff08KW\uff09<\/td>\n<td>Tama\u00f1o\uff08mm\uff09<\/td>\n<td>Capacidad\uff08KG\/H\uff09<\/td>\n<td>Peso\uff08KG\uff09<\/td>\n<td>Tama\u00f1o del rodillo\uff08mm\uff09<\/td>\n<\/tr>\n<tr>\n<td>GGXM800<\/td>\n<td>1.1<\/td>\n<td>1600*850*800<\/td>\n<td>400<\/td>\n<td>220<\/td>\n<td>800<\/td>\n<\/tr>\n<tr>\n<td>GGXM1000<\/td>\n<td>1.5<\/td>\n<td>1800*850*800<\/td>\n<td>600<\/td>\n<td>260<\/td>\n<td>1000<\/td>\n<\/tr>\n<tr>\n<td>GGXM1200<\/td>\n<td>1.5<\/td>\n<td>2000*850*800<\/td>\n<td>800<\/td>\n<td>280<\/td>\n<td>1200<\/td>\n<\/tr>\n<tr>\n<td>GGXM1500<\/td>\n<td>2.2<\/td>\n<td>2300*850*800<\/td>\n<td>1000<\/td>\n<td>320<\/td>\n<td>1500<\/td>\n<\/tr>\n<tr>\n<td>GGXM2000<\/td>\n<td>3<\/td>\n<td>2800*850*800<\/td>\n<td>1500<\/td>\n<td>420<\/td>\n<td>2000<\/td>\n<\/tr>\n<tr>\n<td>GGXM2600<\/td>\n<td>4.37<\/td>\n<td>3100*850*1450<\/td>\n<td>2000<\/td>\n<td>600<\/td>\n<td>2600<\/td>\n<\/tr>\n<\/tbody>\n<\/table>\n<div role=\"form\" class=\"wpcf7\" id=\"wpcf7-f1653-o1\" lang=\"en-US\" dir=\"ltr\">\n<div class=\"screen-reader-response\"><p role=\"status\" aria-live=\"polite\" aria-atomic=\"true\"><\/p> <ul><\/ul><\/div>\n<form action=\"\/es\/wp-json\/wp\/v2\/product\/1850#wpcf7-f1653-o1\" method=\"post\" class=\"wpcf7-form init\" novalidate=\"novalidate\" data-status=\"init\" data-trp-original-action=\"\/es\/wp-json\/wp\/v2\/product\/1850#wpcf7-f1653-o1\">\n<div style=\"display: none;\">\n<input type=\"hidden\" name=\"_wpcf7\" value=\"1653\" \/>\n<input type=\"hidden\" name=\"_wpcf7_version\" value=\"5.5.4\" \/>\n<input type=\"hidden\" name=\"_wpcf7_locale\" value=\"en_US\" \/>\n<input type=\"hidden\" name=\"_wpcf7_unit_tag\" value=\"wpcf7-f1653-o1\" \/>\n<input type=\"hidden\" name=\"_wpcf7_container_post\" value=\"0\" \/>\n<input type=\"hidden\" name=\"_wpcf7_posted_data_hash\" value=\"\" \/>\n<\/div>\n<div style='text-align:center;font-size: 1.6rem;font-weight:bold'>Dejar mensaje para precio<\/div>\n<div class='forml1' style='float:left;width:48%; margin-right:4%'>\n<label> Su nombre<br \/>\n    <span class=\"wpcf7-form-control-wrap your-name\"><input type=\"text\" name=\"your-name\" value=\"\" size=\"40\" class=\"wpcf7-form-control wpcf7-text\" aria-invalid=\"false\" \/><\/span> <\/label><\/p>\n<p><label> *Su correo electr\u00f3nico<br \/>\n    <span class=\"wpcf7-form-control-wrap your-email\"><input type=\"email\" name=\"your-email\" value=\"\" size=\"40\" class=\"wpcf7-form-control wpcf7-text wpcf7-email wpcf7-validates-as-required wpcf7-validates-as-email\" aria-required=\"true\" aria-invalid=\"false\" \/><\/span> <\/label><\/p>\n<p><label> Tel\u00e9fono\/WhatsApp<br \/>\n    <span class=\"wpcf7-form-control-wrap text-100\"><input type=\"text\" name=\"text-100\" value=\"\" size=\"40\" class=\"wpcf7-form-control wpcf7-text\" aria-invalid=\"false\" \/><\/span> <\/label><br \/>\n<label> Su pa\u00eds<br \/>\n    <span class=\"wpcf7-form-control-wrap text-677\"><input type=\"text\" name=\"text-677\" value=\"\" size=\"40\" class=\"wpcf7-form-control wpcf7-text\" aria-invalid=\"false\" \/><\/span> <\/label><br \/>\n<label> Nombre de su empresa<br \/>\n    <span class=\"wpcf7-form-control-wrap text-680\"><input type=\"text\" name=\"text-680\" value=\"\" size=\"40\" class=\"wpcf7-form-control wpcf7-text\" aria-invalid=\"false\" \/><\/span> <\/label><br \/>\n<label> Su sitio web<br \/>\n    <span class=\"wpcf7-form-control-wrap text-216\"><input type=\"text\" name=\"text-216\" value=\"\" size=\"40\" class=\"wpcf7-form-control wpcf7-text\" aria-invalid=\"false\" \/><\/span> <\/label>\n<\/div>\n<div class='forml2' style='float:left;width:48%;'>\n<label> *Su mensaje<br \/>\n    <span class=\"wpcf7-form-control-wrap your-message\"><textarea name=\"your-message\" cols=\"40\" rows=\"10\" class=\"wpcf7-form-control wpcf7-textarea wpcf7-validates-as-required\" aria-required=\"true\" aria-invalid=\"false\"><\/textarea><\/span> <\/label><\/p>\n<p><input type=\"submit\" value=\"Enviar\" class=\"wpcf7-form-control has-spinner wpcf7-submit\" \/><\/p>\n<\/div>\n<div style='clear:both'><\/div>\n<p style=\"display: none !important;\"><label>&#916;<textarea name=\"_wpcf7_ak_hp_textarea\" cols=\"45\" rows=\"8\" maxlength=\"100\"><\/textarea><\/label><input type=\"hidden\" id=\"ak_js\" name=\"_wpcf7_ak_js\" value=\"5\"\/><script>document.getElementById( \"ak_js\" ).setAttribute( \"value\", ( new Date() ).getTime() );<\/script><\/p><div class=\"wpcf7-response-output\" aria-hidden=\"true\"><\/div><input type=\"hidden\" name=\"trp-form-language\" value=\"es\"\/><\/form><\/div>\n<div style='text-align:left' class='yasr-auto-insert-visitor'><\/div>","protected":false},"excerpt":{"rendered":"<p>Aplicaci\u00f3n: zanahoria, jengibre, mandioca, batata, etc.<\/p>\n<p>Capacidad: 400-2000 kg\/h<\/p>\n<p>Material: Acero inoxidable<\/p>","protected":false},"featured_media":2622,"comment_status":"open","ping_status":"closed","template":"","meta":{"extendify_custom_stylesheet":"","site-sidebar-layout":"default","site-content-layout":"default","ast-global-header-display":"","ast-banner-title-visibility":"","ast-main-header-display":"","ast-hfb-above-header-display":"","ast-hfb-below-header-display":"","ast-hfb-mobile-header-display":"","site-post-title":"","ast-breadcrumbs-content":"","ast-featured-img":"","footer-sml-layout":"","theme-transparent-header-meta":"default","adv-header-id-meta":"","stick-header-meta":"","header-above-stick-meta":"","header-main-stick-meta":"","header-below-stick-meta":"","yasr_overall_rating":0,"yasr_post_is_review":"","yasr_auto_insert_disabled":"","yasr_review_type":""},"product_cat":[27],"product_tag":[],"class_list":["post-1850","product","type-product","status-publish","has-post-thumbnail","hentry","product_cat-potato-processing-machines","desktop-align-left","tablet-align-left","mobile-align-left"],"yasr_visitor_votes":{"stars_attributes":{"read_only":false,"span_bottom":false},"number_of_votes":0,"sum_votes":0},"yoast_head":"<!-- This site is optimized with the Yoast SEO plugin v20.11 - https:\/\/yoast.com\/wordpress\/plugins\/seo\/ -->\n<title>1000kg\/h Brush Type Potato Washing Machine Supplier<\/title>\n<meta name=\"description\" content=\"The brush type potato washing machine can process carrot, ginger, cassava, capacity from 400kg\/h to 2000kg\/h\" \/>\n<meta name=\"robots\" content=\"index, follow, max-snippet:-1, max-image-preview:large, max-video-preview:-1\" \/>\n<link rel=\"canonical\" href=\"https:\/\/www.potatoturnkey.com\/es\/product\/brush-potato-washer-peeler\/\" \/>\n<meta property=\"og:locale\" content=\"es_ES\" \/>\n<meta property=\"og:type\" content=\"article\" \/>\n<meta property=\"og:title\" content=\"1000kg\/h Brush Type Potato Washing Machine Supplier\" \/>\n<meta property=\"og:description\" content=\"The brush type potato washing machine can process carrot, ginger, cassava, capacity from 400kg\/h to 2000kg\/h\" \/>\n<meta property=\"og:url\" content=\"https:\/\/www.potatoturnkey.com\/es\/product\/brush-potato-washer-peeler\/\" \/>\n<meta property=\"og:site_name\" content=\"Potato Process Machines Supplier\" \/>\n<meta property=\"article:modified_time\" content=\"2024-05-08T06:40:52+00:00\" \/>\n<meta property=\"og:image\" content=\"https:\/\/www.potatoturnkey.com\/wp-content\/uploads\/2022\/02\/2022.3.17-3-1.jpg\" \/>\n\t<meta property=\"og:image:width\" content=\"600\" \/>\n\t<meta property=\"og:image:height\" content=\"600\" \/>\n\t<meta property=\"og:image:type\" content=\"image\/jpeg\" \/>\n<meta name=\"twitter:card\" content=\"summary_large_image\" \/>\n<meta name=\"twitter:label1\" content=\"Tiempo de lectura\" \/>\n\t<meta name=\"twitter:data1\" content=\"3 minutos\" \/>\n<script type=\"application\/ld+json\" class=\"yoast-schema-graph\">{\"@context\":\"https:\/\/schema.org\",\"@graph\":[{\"@type\":\"WebPage\",\"@id\":\"https:\/\/www.potatoturnkey.com\/product\/brush-potato-washer-peeler\/\",\"url\":\"https:\/\/www.potatoturnkey.com\/product\/brush-potato-washer-peeler\/\",\"name\":\"1000kg\/h Brush Type Potato Washing Machine Supplier\",\"isPartOf\":{\"@id\":\"https:\/\/www.potatoturnkey.com\/#website\"},\"datePublished\":\"2022-02-16T07:47:21+00:00\",\"dateModified\":\"2024-05-08T06:40:52+00:00\",\"description\":\"The brush type potato washing machine can process carrot, ginger, cassava, capacity from 400kg\/h to 2000kg\/h\",\"breadcrumb\":{\"@id\":\"https:\/\/www.potatoturnkey.com\/product\/brush-potato-washer-peeler\/#breadcrumb\"},\"inLanguage\":\"es\",\"potentialAction\":[{\"@type\":\"ReadAction\",\"target\":[\"https:\/\/www.potatoturnkey.com\/product\/brush-potato-washer-peeler\/\"]}]},{\"@type\":\"BreadcrumbList\",\"@id\":\"https:\/\/www.potatoturnkey.com\/product\/brush-potato-washer-peeler\/#breadcrumb\",\"itemListElement\":[{\"@type\":\"ListItem\",\"position\":1,\"name\":\"Home\",\"item\":\"https:\/\/www.potatoturnkey.com\/\"},{\"@type\":\"ListItem\",\"position\":2,\"name\":\"Products\",\"item\":\"https:\/\/www.potatoturnkey.com\/shop-2__trashed\/\"},{\"@type\":\"ListItem\",\"position\":3,\"name\":\"1000kg\/h Brush Type Potato Washing Machine Supplier\"}]},{\"@type\":\"WebSite\",\"@id\":\"https:\/\/www.potatoturnkey.com\/#website\",\"url\":\"https:\/\/www.potatoturnkey.com\/\",\"name\":\"Potato Process Machines Supplier\",\"description\":\"Potato Turnkey Processing Machine Supplier\",\"publisher\":{\"@id\":\"https:\/\/www.potatoturnkey.com\/#organization\"},\"potentialAction\":[{\"@type\":\"SearchAction\",\"target\":{\"@type\":\"EntryPoint\",\"urlTemplate\":\"https:\/\/www.potatoturnkey.com\/?s={search_term_string}\"},\"query-input\":\"required name=search_term_string\"}],\"inLanguage\":\"es\"},{\"@type\":\"Organization\",\"@id\":\"https:\/\/www.potatoturnkey.com\/#organization\",\"name\":\"Potato Process Machines Supplier\",\"url\":\"https:\/\/www.potatoturnkey.com\/\",\"logo\":{\"@type\":\"ImageObject\",\"inLanguage\":\"es\",\"@id\":\"https:\/\/www.potatoturnkey.com\/#\/schema\/logo\/image\/\",\"url\":\"https:\/\/www.potatoturnkey.com\/wp-content\/uploads\/2022\/02\/potato.png\",\"contentUrl\":\"https:\/\/www.potatoturnkey.com\/wp-content\/uploads\/2022\/02\/potato.png\",\"width\":200,\"height\":200,\"caption\":\"Potato Process Machines Supplier\"},\"image\":{\"@id\":\"https:\/\/www.potatoturnkey.com\/#\/schema\/logo\/image\/\"}},false]}<\/script>\n<!-- \/ Yoast SEO plugin. -->","yoast_head_json":{"title":"1000kg\/h Brush Type Potato Washing Machine Supplier","description":"The brush type potato washing machine can process carrot, ginger, cassava, capacity from 400kg\/h to 2000kg\/h","robots":{"index":"index","follow":"follow","max-snippet":"max-snippet:-1","max-image-preview":"max-image-preview:large","max-video-preview":"max-video-preview:-1"},"canonical":"https:\/\/www.potatoturnkey.com\/es\/product\/brush-potato-washer-peeler\/","og_locale":"es_ES","og_type":"article","og_title":"1000kg\/h Brush Type Potato Washing Machine Supplier","og_description":"The brush type potato washing machine can process carrot, ginger, cassava, capacity from 400kg\/h to 2000kg\/h","og_url":"https:\/\/www.potatoturnkey.com\/es\/product\/brush-potato-washer-peeler\/","og_site_name":"Potato Process Machines Supplier","article_modified_time":"2024-05-08T06:40:52+00:00","og_image":[{"width":600,"height":600,"url":"https:\/\/www.potatoturnkey.com\/wp-content\/uploads\/2022\/02\/2022.3.17-3-1.jpg","type":"image\/jpeg"}],"twitter_card":"summary_large_image","twitter_misc":{"Tiempo de lectura":"3 minutos"},"schema":{"@context":"https:\/\/schema.org","@graph":[{"@type":"WebPage","@id":"https:\/\/www.potatoturnkey.com\/product\/brush-potato-washer-peeler\/","url":"https:\/\/www.potatoturnkey.com\/product\/brush-potato-washer-peeler\/","name":"1000kg\/h Brush Type Potato Washing Machine Supplier","isPartOf":{"@id":"https:\/\/www.potatoturnkey.com\/#website"},"datePublished":"2022-02-16T07:47:21+00:00","dateModified":"2024-05-08T06:40:52+00:00","description":"The brush type potato washing machine can process carrot, ginger, cassava, capacity from 400kg\/h to 2000kg\/h","breadcrumb":{"@id":"https:\/\/www.potatoturnkey.com\/product\/brush-potato-washer-peeler\/#breadcrumb"},"inLanguage":"es","potentialAction":[{"@type":"ReadAction","target":["https:\/\/www.potatoturnkey.com\/product\/brush-potato-washer-peeler\/"]}]},{"@type":"BreadcrumbList","@id":"https:\/\/www.potatoturnkey.com\/product\/brush-potato-washer-peeler\/#breadcrumb","itemListElement":[{"@type":"ListItem","position":1,"name":"Home","item":"https:\/\/www.potatoturnkey.com\/"},{"@type":"ListItem","position":2,"name":"Products","item":"https:\/\/www.potatoturnkey.com\/shop-2__trashed\/"},{"@type":"ListItem","position":3,"name":"1000kg\/h Brush Type Potato Washing Machine Supplier"}]},{"@type":"WebSite","@id":"https:\/\/www.potatoturnkey.com\/#website","url":"https:\/\/www.potatoturnkey.com\/","name":"Potato Process Machines Supplier","description":"Potato Turnkey Processing Machine Supplier","publisher":{"@id":"https:\/\/www.potatoturnkey.com\/#organization"},"potentialAction":[{"@type":"SearchAction","target":{"@type":"EntryPoint","urlTemplate":"https:\/\/www.potatoturnkey.com\/?s={search_term_string}"},"query-input":"required name=search_term_string"}],"inLanguage":"es"},{"@type":"Organization","@id":"https:\/\/www.potatoturnkey.com\/#organization","name":"Potato Process Machines Supplier","url":"https:\/\/www.potatoturnkey.com\/","logo":{"@type":"ImageObject","inLanguage":"es","@id":"https:\/\/www.potatoturnkey.com\/#\/schema\/logo\/image\/","url":"https:\/\/www.potatoturnkey.com\/wp-content\/uploads\/2022\/02\/potato.png","contentUrl":"https:\/\/www.potatoturnkey.com\/wp-content\/uploads\/2022\/02\/potato.png","width":200,"height":200,"caption":"Potato Process Machines Supplier"},"image":{"@id":"https:\/\/www.potatoturnkey.com\/#\/schema\/logo\/image\/"}},false]}},"_links":{"self":[{"href":"https:\/\/www.potatoturnkey.com\/es\/wp-json\/wp\/v2\/product\/1850","targetHints":{"allow":["GET"]}}],"collection":[{"href":"https:\/\/www.potatoturnkey.com\/es\/wp-json\/wp\/v2\/product"}],"about":[{"href":"https:\/\/www.potatoturnkey.com\/es\/wp-json\/wp\/v2\/types\/product"}],"replies":[{"embeddable":true,"href":"https:\/\/www.potatoturnkey.com\/es\/wp-json\/wp\/v2\/comments?post=1850"}],"wp:featuredmedia":[{"embeddable":true,"href":"https:\/\/www.potatoturnkey.com\/es\/wp-json\/wp\/v2\/media\/2622"}],"wp:attachment":[{"href":"https:\/\/www.potatoturnkey.com\/es\/wp-json\/wp\/v2\/media?parent=1850"}],"wp:term":[{"taxonomy":"product_cat","embeddable":true,"href":"https:\/\/www.potatoturnkey.com\/es\/wp-json\/wp\/v2\/product_cat?post=1850"},{"taxonomy":"product_tag","embeddable":true,"href":"https:\/\/www.potatoturnkey.com\/es\/wp-json\/wp\/v2\/product_tag?post=1850"}],"curies":[{"name":"wp","href":"https:\/\/api.w.org\/{rel}","templated":true}]}}